{"id":198,"date":"2023-12-14T15:42:26","date_gmt":"2023-12-14T14:42:26","guid":{"rendered":"https:\/\/www.missionslocalesnormandie.fr\/mission-locale-agglomeration-elbeuf\/?page_id=198"},"modified":"2025-08-19T14:51:35","modified_gmt":"2025-08-19T12:51:35","slug":"i-dont-speak-french","status":"publish","type":"page","link":"https:\/\/www.missionslocalesnormandie.fr\/mission-locale-agglomeration-elbeuf\/i-dont-speak-french\/","title":{"rendered":"I don\u2019t speak French"},"content":{"rendered":"\t\t<div data-elementor-type=\"wp-page\" data-elementor-id=\"198\" class=\"elementor elementor-198\">\n\t\t\t\t<div class=\"elementor-element elementor-element-b315c00 e-flex e-con-boxed e-con e-parent\" data-id=\"b315c00\" data-element_type=\"container\">\n\t\t\t\t\t<div class=\"e-con-inner\">\n\t\t\t\t<div class=\"elementor-element elementor-element-03d7fc3 elementor-widget elementor-widget-block_simple_texte\" data-id=\"03d7fc3\" data-element_type=\"widget\" data-widget_type=\"block_simple_texte.default\">\n\t\t\t\t<div class=\"elementor-widget-container\">\n\t\t\t    <div class=\"container\">\n        <p>If you don't speak French, the Mission Locale de l'agglom\u00e9ration d'Elbeuf can still help and support you. To make an appointment, do not hesitate to contact us via our contact form.<\/p><p>\u0625\u0630\u0627 \u0643\u0646\u062a \u0644\u0627 \u062a\u062a\u062d\u062f\u062b \u0627\u0644\u0641\u0631\u0646\u0633\u064a\u0629 \u060c \u0641\u0644\u0627 \u064a\u0632\u0627\u0644 \u0628\u0625\u0645\u0643\u0627\u0646 Mission Locale de l'agglom\u00e9ration d'Elbeuf \u0645\u0633\u0627\u0639\u062f\u062a\u0643 \u0648\u062f\u0639\u0645\u0643. \u0644\u062a\u062d\u062f\u064a\u062f \u0645\u0648\u0639\u062f \u060c \u0644\u0627 \u062a\u062a\u0631\u062f\u062f \u0641\u064a \u0627\u0644\u0627\u062a\u0635\u0627\u0644 \u0628\u0646\u0627 \u0639\u0628\u0631 \u0646\u0645\u0648\u0630\u062c \u0627\u0644\u0627\u062a\u0635\u0627\u0644 \u0627\u0644\u062e\u0627\u0635 \u0628\u0646\u0627.<\/p><p><span style=\"font-weight: 400\"> Si no hablas franc\u00e9s, la Mission Locale de l'agglom\u00e9ration d'Elbeuf puede ayudarte y apoyarte. Para concertar una cita, no dude en ponerse en contacto con nosotros a trav\u00e9s de nuestro formulario de contacto.<\/span><\/p><p>Se voc\u00ea n\u00e3o fala franc\u00eas, a Mission Locale de l'agglom\u00e9ration d'Elbeuf ainda pode ajud\u00e1-lo e apoi\u00e1-lo. Para marcar uma consulta, n\u00e3o hesite em contactar-nos atrav\u00e9s do nosso formul\u00e1rio de contacto.<\/p><p><span style=\"font-weight: 400\"> \u0415\u0441\u043b\u0438 \u0432\u044b \u043d\u0435 \u0433\u043e\u0432\u043e\u0440\u0438\u0442\u0435 \u043f\u043e-\u0444\u0440\u0430\u043d\u0446\u0443\u0437\u0441\u043a\u0438, Mission Locale de l'agglom\u00e9ration d'Elbeuf \u0432\u0441\u0435 \u0440\u0430\u0432\u043d\u043e \u043c\u043e\u0436\u0435\u0442 \u043f\u043e\u043c\u043e\u0447\u044c \u0438 \u043f\u043e\u0434\u0434\u0435\u0440\u0436\u0430\u0442\u044c \u0432\u0430\u0441. \u0427\u0442\u043e\u0431\u044b \u0437\u0430\u043f\u0438\u0441\u0430\u0442\u044c\u0441\u044f \u043d\u0430 \u043f\u0440\u0438\u0435\u043c, \u043d\u0435 \u0441\u0442\u0435\u0441\u043d\u044f\u0439\u0442\u0435\u0441\u044c \u043e\u0431\u0440\u0430\u0449\u0430\u0442\u044c\u0441\u044f \u043a \u043d\u0430\u043c \u0447\u0435\u0440\u0435\u0437 \u043d\u0430\u0448\u0443 \u043a\u043e\u043d\u0442\u0430\u043a\u0442\u043d\u0443\u044e \u0444\u043e\u0440\u043c\u0443.<\/span><\/p>\n    <\/div>\n\t\t<\/div>\n\t\t\t\t<\/div>\n\t\t\t\t\t<\/div>\n\t\t\t\t<\/div>\n\t\t\t\t<\/div>\n\t\t","protected":false},"excerpt":{"rendered":"<p>If you don&#8217;t speak French, the Mission Locale de l&#8217;agglom\u00e9ration d&#8217;Elbeuf can still help and support you. To make an appointment, do not hesitate to contact us via our contact form. \u0625\u0630\u0627 \u0643\u0646\u062a \u0644\u0627 \u062a\u062a\u062d\u062f\u062b \u0627\u0644\u0641\u0631\u0646\u0633\u064a\u0629 \u060c \u0641\u0644\u0627 \u064a\u0632\u0627\u0644 \u0628\u0625\u0645\u0643\u0627\u0646 Mission Locale de l&#8217;agglom\u00e9ration d&#8217;Elbeuf \u0645\u0633\u0627\u0639\u062f\u062a\u0643 \u0648\u062f\u0639\u0645\u0643. \u0644\u062a\u062d\u062f\u064a\u062f \u0645\u0648\u0639\u062f \u060c \u0644\u0627 \u062a\u062a\u0631\u062f\u062f \u0641\u064a \u0627\u0644\u0627\u062a\u0635\u0627\u0644 \u0628\u0646\u0627 [&hellip;]<\/p>\n","protected":false},"author":1,"featured_media":0,"parent":0,"menu_order":0,"comment_status":"closed","ping_status":"closed","template":"","meta":{"_acf_changed":false,"_crosspost_to_1":false,"_crosspost_to_2":false,"_crosspost_to_3":false,"_crosspost_to_4":false,"_crosspost_to_5":false,"_crosspost_to_7":false,"_crosspost_to_8":false,"_crosspost_to_11":false,"_crosspost_to_12":false,"_crosspost_to_13":false,"_crosspost_to_14":false,"_crosspost_to_15":false,"_crosspost_to_16":false,"inline_featured_image":false,"footnotes":""},"acf":[],"yoast_head":"<!-- This site is optimized with the Yoast SEO plugin v21.9.1 - https:\/\/yoast.com\/wordpress\/plugins\/seo\/ -->\n<title>I don\u2019t speak French - MISSION LOCALE DE L&#039;AGGLOMERATION D&#039;ELBEUF I don\u2019t speak French<\/title>\n<meta name=\"description\" content=\"With \u201cI don\u2019t speak French\u201d, the Mission Locale provides support for young people who do not speak French.\" \/>\n<meta name=\"robots\" content=\"index, follow, max-snippet:-1, max-image-preview:large, max-video-preview:-1\" \/>\n<link rel=\"canonical\" href=\"https:\/\/www.missionslocalesnormandie.fr\/mission-locale-agglomeration-elbeuf\/i-dont-speak-french\/\" \/>\n<meta property=\"og:locale\" content=\"fr_FR\" \/>\n<meta property=\"og:type\" content=\"article\" \/>\n<meta property=\"og:title\" content=\"I don\u2019t speak French - MISSION LOCALE DE L&#039;AGGLOMERATION D&#039;ELBEUF I don\u2019t speak French\" \/>\n<meta property=\"og:description\" content=\"With \u201cI don\u2019t speak French\u201d, the Mission Locale provides support for young people who do not speak French.\" \/>\n<meta property=\"og:url\" content=\"https:\/\/www.missionslocalesnormandie.fr\/mission-locale-agglomeration-elbeuf\/i-dont-speak-french\/\" \/>\n<meta property=\"og:site_name\" content=\"MISSION LOCALE DE L&#039;AGGLOMERATION D&#039;ELBEUF\" \/>\n<meta property=\"article:modified_time\" content=\"2025-08-19T12:51:35+00:00\" \/>\n<meta name=\"twitter:card\" content=\"summary_large_image\" \/>\n<meta name=\"twitter:label1\" content=\"Dur\u00e9e de lecture estim\u00e9e\" \/>\n\t<meta name=\"twitter:data1\" content=\"1 minute\" \/>\n<script type=\"application\/ld+json\" class=\"yoast-schema-graph\">{\"@context\":\"https:\/\/schema.org\",\"@graph\":[{\"@type\":\"WebPage\",\"@id\":\"https:\/\/www.missionslocalesnormandie.fr\/mission-locale-agglomeration-elbeuf\/i-dont-speak-french\/\",\"url\":\"https:\/\/www.missionslocalesnormandie.fr\/mission-locale-agglomeration-elbeuf\/i-dont-speak-french\/\",\"name\":\"I don\u2019t speak French - MISSION LOCALE DE L&#039;AGGLOMERATION D&#039;ELBEUF I don\u2019t speak French\",\"isPartOf\":{\"@id\":\"https:\/\/www.missionslocalesnormandie.fr\/mission-locale-agglomeration-elbeuf\/#website\"},\"datePublished\":\"2023-12-14T14:42:26+00:00\",\"dateModified\":\"2025-08-19T12:51:35+00:00\",\"description\":\"With \u201cI don\u2019t speak French\u201d, the Mission Locale provides support for young people who do not speak French.\",\"breadcrumb\":{\"@id\":\"https:\/\/www.missionslocalesnormandie.fr\/mission-locale-agglomeration-elbeuf\/i-dont-speak-french\/#breadcrumb\"},\"inLanguage\":\"fr-FR\",\"potentialAction\":[{\"@type\":\"ReadAction\",\"target\":[\"https:\/\/www.missionslocalesnormandie.fr\/mission-locale-agglomeration-elbeuf\/i-dont-speak-french\/\"]}]},{\"@type\":\"BreadcrumbList\",\"@id\":\"https:\/\/www.missionslocalesnormandie.fr\/mission-locale-agglomeration-elbeuf\/i-dont-speak-french\/#breadcrumb\",\"itemListElement\":[{\"@type\":\"ListItem\",\"position\":1,\"name\":\"Home\",\"item\":\"https:\/\/www.missionslocalesnormandie.fr\/mission-locale-agglomeration-elbeuf\/\"},{\"@type\":\"ListItem\",\"position\":2,\"name\":\"I don\u2019t speak French\"}]},{\"@type\":\"WebSite\",\"@id\":\"https:\/\/www.missionslocalesnormandie.fr\/mission-locale-agglomeration-elbeuf\/#website\",\"url\":\"https:\/\/www.missionslocalesnormandie.fr\/mission-locale-agglomeration-elbeuf\/\",\"name\":\"MISSION LOCALE DE L&#039;AGGLOMERATION D&#039;ELBEUF\",\"description\":\"\",\"publisher\":{\"@id\":\"https:\/\/www.missionslocalesnormandie.fr\/mission-locale-agglomeration-elbeuf\/#organization\"},\"potentialAction\":[{\"@type\":\"SearchAction\",\"target\":{\"@type\":\"EntryPoint\",\"urlTemplate\":\"https:\/\/www.missionslocalesnormandie.fr\/mission-locale-agglomeration-elbeuf\/?s={search_term_string}\"},\"query-input\":\"required name=search_term_string\"}],\"inLanguage\":\"fr-FR\"},{\"@type\":\"Organization\",\"@id\":\"https:\/\/www.missionslocalesnormandie.fr\/mission-locale-agglomeration-elbeuf\/#organization\",\"name\":\"MISSION LOCALE DE L&#039;AGGLOMERATION D&#039;ELBEUF\",\"url\":\"https:\/\/www.missionslocalesnormandie.fr\/mission-locale-agglomeration-elbeuf\/\",\"logo\":{\"@type\":\"ImageObject\",\"inLanguage\":\"fr-FR\",\"@id\":\"https:\/\/www.missionslocalesnormandie.fr\/mission-locale-agglomeration-elbeuf\/#\/schema\/logo\/image\/\",\"url\":\"https:\/\/www.missionslocalesnormandie.fr\/content\/uploads\/sites\/6\/2023\/12\/MLELBEUF-New-logo-fond-bleu.png\",\"contentUrl\":\"https:\/\/www.missionslocalesnormandie.fr\/content\/uploads\/sites\/6\/2023\/12\/MLELBEUF-New-logo-fond-bleu.png\",\"width\":1843,\"height\":1616,\"caption\":\"MISSION LOCALE DE L&#039;AGGLOMERATION D&#039;ELBEUF\"},\"image\":{\"@id\":\"https:\/\/www.missionslocalesnormandie.fr\/mission-locale-agglomeration-elbeuf\/#\/schema\/logo\/image\/\"}}]}<\/script>\n<!-- \/ Yoast SEO plugin. -->","yoast_head_json":{"title":"I don\u2019t speak French - MISSION LOCALE DE L&#039;AGGLOMERATION D&#039;ELBEUF I don\u2019t speak French","description":"With \u201cI don\u2019t speak French\u201d, the Mission Locale provides support for young people who do not speak French.","robots":{"index":"index","follow":"follow","max-snippet":"max-snippet:-1","max-image-preview":"max-image-preview:large","max-video-preview":"max-video-preview:-1"},"canonical":"https:\/\/www.missionslocalesnormandie.fr\/mission-locale-agglomeration-elbeuf\/i-dont-speak-french\/","og_locale":"fr_FR","og_type":"article","og_title":"I don\u2019t speak French - MISSION LOCALE DE L&#039;AGGLOMERATION D&#039;ELBEUF I don\u2019t speak French","og_description":"With \u201cI don\u2019t speak French\u201d, the Mission Locale provides support for young people who do not speak French.","og_url":"https:\/\/www.missionslocalesnormandie.fr\/mission-locale-agglomeration-elbeuf\/i-dont-speak-french\/","og_site_name":"MISSION LOCALE DE L&#039;AGGLOMERATION D&#039;ELBEUF","article_modified_time":"2025-08-19T12:51:35+00:00","twitter_card":"summary_large_image","twitter_misc":{"Dur\u00e9e de lecture estim\u00e9e":"1 minute"},"schema":{"@context":"https:\/\/schema.org","@graph":[{"@type":"WebPage","@id":"https:\/\/www.missionslocalesnormandie.fr\/mission-locale-agglomeration-elbeuf\/i-dont-speak-french\/","url":"https:\/\/www.missionslocalesnormandie.fr\/mission-locale-agglomeration-elbeuf\/i-dont-speak-french\/","name":"I don\u2019t speak French - MISSION LOCALE DE L&#039;AGGLOMERATION D&#039;ELBEUF I don\u2019t speak French","isPartOf":{"@id":"https:\/\/www.missionslocalesnormandie.fr\/mission-locale-agglomeration-elbeuf\/#website"},"datePublished":"2023-12-14T14:42:26+00:00","dateModified":"2025-08-19T12:51:35+00:00","description":"With \u201cI don\u2019t speak French\u201d, the Mission Locale provides support for young people who do not speak French.","breadcrumb":{"@id":"https:\/\/www.missionslocalesnormandie.fr\/mission-locale-agglomeration-elbeuf\/i-dont-speak-french\/#breadcrumb"},"inLanguage":"fr-FR","potentialAction":[{"@type":"ReadAction","target":["https:\/\/www.missionslocalesnormandie.fr\/mission-locale-agglomeration-elbeuf\/i-dont-speak-french\/"]}]},{"@type":"BreadcrumbList","@id":"https:\/\/www.missionslocalesnormandie.fr\/mission-locale-agglomeration-elbeuf\/i-dont-speak-french\/#breadcrumb","itemListElement":[{"@type":"ListItem","position":1,"name":"Home","item":"https:\/\/www.missionslocalesnormandie.fr\/mission-locale-agglomeration-elbeuf\/"},{"@type":"ListItem","position":2,"name":"I don\u2019t speak French"}]},{"@type":"WebSite","@id":"https:\/\/www.missionslocalesnormandie.fr\/mission-locale-agglomeration-elbeuf\/#website","url":"https:\/\/www.missionslocalesnormandie.fr\/mission-locale-agglomeration-elbeuf\/","name":"MISSION LOCALE DE L&#039;AGGLOMERATION D&#039;ELBEUF","description":"","publisher":{"@id":"https:\/\/www.missionslocalesnormandie.fr\/mission-locale-agglomeration-elbeuf\/#organization"},"potentialAction":[{"@type":"SearchAction","target":{"@type":"EntryPoint","urlTemplate":"https:\/\/www.missionslocalesnormandie.fr\/mission-locale-agglomeration-elbeuf\/?s={search_term_string}"},"query-input":"required name=search_term_string"}],"inLanguage":"fr-FR"},{"@type":"Organization","@id":"https:\/\/www.missionslocalesnormandie.fr\/mission-locale-agglomeration-elbeuf\/#organization","name":"MISSION LOCALE DE L&#039;AGGLOMERATION D&#039;ELBEUF","url":"https:\/\/www.missionslocalesnormandie.fr\/mission-locale-agglomeration-elbeuf\/","logo":{"@type":"ImageObject","inLanguage":"fr-FR","@id":"https:\/\/www.missionslocalesnormandie.fr\/mission-locale-agglomeration-elbeuf\/#\/schema\/logo\/image\/","url":"https:\/\/www.missionslocalesnormandie.fr\/content\/uploads\/sites\/6\/2023\/12\/MLELBEUF-New-logo-fond-bleu.png","contentUrl":"https:\/\/www.missionslocalesnormandie.fr\/content\/uploads\/sites\/6\/2023\/12\/MLELBEUF-New-logo-fond-bleu.png","width":1843,"height":1616,"caption":"MISSION LOCALE DE L&#039;AGGLOMERATION D&#039;ELBEUF"},"image":{"@id":"https:\/\/www.missionslocalesnormandie.fr\/mission-locale-agglomeration-elbeuf\/#\/schema\/logo\/image\/"}}]}},"_links":{"self":[{"href":"https:\/\/www.missionslocalesnormandie.fr\/mission-locale-agglomeration-elbeuf\/wp-json\/wp\/v2\/pages\/198"}],"collection":[{"href":"https:\/\/www.missionslocalesnormandie.fr\/mission-locale-agglomeration-elbeuf\/wp-json\/wp\/v2\/pages"}],"about":[{"href":"https:\/\/www.missionslocalesnormandie.fr\/mission-locale-agglomeration-elbeuf\/wp-json\/wp\/v2\/types\/page"}],"author":[{"embeddable":true,"href":"https:\/\/www.missionslocalesnormandie.fr\/mission-locale-agglomeration-elbeuf\/wp-json\/wp\/v2\/users\/1"}],"replies":[{"embeddable":true,"href":"https:\/\/www.missionslocalesnormandie.fr\/mission-locale-agglomeration-elbeuf\/wp-json\/wp\/v2\/comments?post=198"}],"version-history":[{"count":10,"href":"https:\/\/www.missionslocalesnormandie.fr\/mission-locale-agglomeration-elbeuf\/wp-json\/wp\/v2\/pages\/198\/revisions"}],"predecessor-version":[{"id":771,"href":"https:\/\/www.missionslocalesnormandie.fr\/mission-locale-agglomeration-elbeuf\/wp-json\/wp\/v2\/pages\/198\/revisions\/771"}],"wp:attachment":[{"href":"https:\/\/www.missionslocalesnormandie.fr\/mission-locale-agglomeration-elbeuf\/wp-json\/wp\/v2\/media?parent=198"}],"curies":[{"name":"wp","href":"https:\/\/api.w.org\/{rel}","templated":true}]}}