{"id":509,"date":"2025-07-16T11:01:40","date_gmt":"2025-07-16T09:01:40","guid":{"rendered":"https:\/\/www.missionslocalesnormandie.fr\/mission-locale-agglomeration-elbeuf\/?page_id=509"},"modified":"2025-10-16T14:22:56","modified_gmt":"2025-10-16T12:22:56","slug":"fond-daide-aux-jeunes","status":"publish","type":"page","link":"https:\/\/www.missionslocalesnormandie.fr\/mission-locale-agglomeration-elbeuf\/fond-daide-aux-jeunes\/","title":{"rendered":"FAJ"},"content":{"rendered":"\t\t<div data-elementor-type=\"wp-page\" data-elementor-id=\"509\" class=\"elementor elementor-509\">\n\t\t\t\t<div class=\"elementor-element elementor-element-cc1c71f e-flex e-con-boxed e-con e-parent\" data-id=\"cc1c71f\" data-element_type=\"container\">\n\t\t\t\t\t<div class=\"e-con-inner\">\n\t\t\t\t<div class=\"elementor-element elementor-element-c4ea340 elementor-widget elementor-widget-block_titre\" data-id=\"c4ea340\" data-element_type=\"widget\" data-widget_type=\"block_titre.default\">\n\t\t\t\t<div class=\"elementor-widget-container\">\n\t\t\t    <div class=\"container\">\n        <h2>\n            FAJ \u2013 Fonds d\u2019Aide aux Jeunes : un coup de pouce pour rebondir\n        <\/h2>\n    <\/div>\n\t\t<\/div>\n\t\t\t\t<\/div>\n\t\t\t\t\t<\/div>\n\t\t\t\t<\/div>\n\t\t<div class=\"elementor-element elementor-element-6dc20ee e-flex e-con-boxed e-con e-parent\" data-id=\"6dc20ee\" data-element_type=\"container\">\n\t\t\t\t\t<div class=\"e-con-inner\">\n\t\t\t\t<div class=\"elementor-element elementor-element-a1ab798 elementor-widget elementor-widget-block_simple_texte\" data-id=\"a1ab798\" data-element_type=\"widget\" data-widget_type=\"block_simple_texte.default\">\n\t\t\t\t<div class=\"elementor-widget-container\">\n\t\t\t    <div class=\"container\">\n        <p>Tu es en gal\u00e8re pour avancer dans ton projet pro ou perso ?<\/p><p>Le <strong>Fonds d\u2019Aide aux Jeunes<\/strong>, port\u00e9 par la <strong>M\u00e9tropole Rouen Normandie<\/strong>, peut t\u2019apporter un <strong>coup de pouce financier<\/strong> pour surmonter un obstacle ponctuel.<\/p><p>Il s\u2019adresse aux jeunes de <strong>18 \u00e0 25 ans<\/strong>, sans ressources ou en grande difficult\u00e9, qui sont accompagn\u00e9s dans un parcours d\u2019insertion par la <strong>Mission Locale d\u2019Elbeuf<\/strong>.<\/p>\n    <\/div>\n\t\t<\/div>\n\t\t\t\t<\/div>\n\t\t\t\t\t<\/div>\n\t\t\t\t<\/div>\n\t\t<div class=\"elementor-element elementor-element-4c50302 e-flex e-con-boxed e-con e-parent\" data-id=\"4c50302\" data-element_type=\"container\">\n\t\t\t\t\t<div class=\"e-con-inner\">\n\t\t\t\t<div class=\"elementor-element elementor-element-36c2d90 elementor-widget elementor-widget-block_titre\" data-id=\"36c2d90\" data-element_type=\"widget\" data-widget_type=\"block_titre.default\">\n\t\t\t\t<div class=\"elementor-widget-container\">\n\t\t\t    <div class=\"container\">\n        <h2>\n            C\u2019est quoi le FAJ ?\n        <\/h2>\n    <\/div>\n\t\t<\/div>\n\t\t\t\t<\/div>\n\t\t\t\t<div class=\"elementor-element elementor-element-eb268bc elementor-widget elementor-widget-block_simple_texte\" data-id=\"eb268bc\" data-element_type=\"widget\" data-widget_type=\"block_simple_texte.default\">\n\t\t\t\t<div class=\"elementor-widget-container\">\n\t\t\t    <div class=\"container\">\n        <p>Le <strong>FAJ<\/strong> peut intervenir dans plusieurs domaines, en fonction de ta situation et de ton projet. Voici quelques exemples d\u2019aides possibles :<\/p>\n    <\/div>\n\t\t<\/div>\n\t\t\t\t<\/div>\n\t\t\t\t\t<\/div>\n\t\t\t\t<\/div>\n\t\t<div class=\"elementor-element elementor-element-b99eba8 e-flex e-con-boxed e-con e-parent\" data-id=\"b99eba8\" data-element_type=\"container\">\n\t\t\t\t\t<div class=\"e-con-inner\">\n\t\t\t\t<div class=\"elementor-element elementor-element-33d80b8 elementor-widget elementor-widget-block_titre\" data-id=\"33d80b8\" data-element_type=\"widget\" data-widget_type=\"block_titre.default\">\n\t\t\t\t<div class=\"elementor-widget-container\">\n\t\t\t    <div class=\"container\">\n        <h3>\n            Mobilit\u00e9\n        <\/h3>\n    <\/div>\n\t\t<\/div>\n\t\t\t\t<\/div>\n\t\t\t\t\t<\/div>\n\t\t\t\t<\/div>\n\t\t<div class=\"elementor-element elementor-element-8fcd142 e-flex e-con-boxed e-con e-parent\" data-id=\"8fcd142\" data-element_type=\"container\">\n\t\t\t\t\t<div class=\"e-con-inner\">\n\t\t\t\t<div class=\"elementor-element elementor-element-d97a600 elementor-widget elementor-widget-block_simple_texte\" data-id=\"d97a600\" data-element_type=\"widget\" data-widget_type=\"block_simple_texte.default\">\n\t\t\t\t<div class=\"elementor-widget-container\">\n\t\t\t    <div class=\"container\">\n        <ul><li>Abonnement de transport (bus, train, etc.)<\/li><li>R\u00e9paration de v\u00e9lo, scooter ou voiture<\/li><li>Participation au passage du permis de conduire (sous certaines conditions)<\/li><li>Achat d\u2019un v\u00e9lo ou d\u2019un moyen de transport alternatif<\/li><\/ul>\n    <\/div>\n\t\t<\/div>\n\t\t\t\t<\/div>\n\t\t\t\t<div class=\"elementor-element elementor-element-ee8ee91 elementor-widget elementor-widget-block_titre\" data-id=\"ee8ee91\" data-element_type=\"widget\" data-widget_type=\"block_titre.default\">\n\t\t\t\t<div class=\"elementor-widget-container\">\n\t\t\t    <div class=\"container\">\n        <h3>\n            Logement \/ Vie quotidienne\n        <\/h3>\n    <\/div>\n\t\t<\/div>\n\t\t\t\t<\/div>\n\t\t\t\t<div class=\"elementor-element elementor-element-636093a elementor-widget elementor-widget-block_simple_texte\" data-id=\"636093a\" data-element_type=\"widget\" data-widget_type=\"block_simple_texte.default\">\n\t\t\t\t<div class=\"elementor-widget-container\">\n\t\t\t    <div class=\"container\">\n        <ul><li>Aide pour une nuit\u00e9e d\u2019h\u00f4tel ou un h\u00e9bergement d\u2019urgence<\/li><li>Participation \u00e0 un premier loyer ou \u00e0 une caution<\/li><li>Aide pour un d\u00e9m\u00e9nagement<\/li><li>Achat de produits d\u2019hygi\u00e8ne ou de premi\u00e8re n\u00e9cessit\u00e9<\/li><\/ul>\n    <\/div>\n\t\t<\/div>\n\t\t\t\t<\/div>\n\t\t\t\t<div class=\"elementor-element elementor-element-04fc5cb elementor-widget elementor-widget-block_titre\" data-id=\"04fc5cb\" data-element_type=\"widget\" data-widget_type=\"block_titre.default\">\n\t\t\t\t<div class=\"elementor-widget-container\">\n\t\t\t    <div class=\"container\">\n        <h3>\n            \u00c9quipement professionnel\n        <\/h3>\n    <\/div>\n\t\t<\/div>\n\t\t\t\t<\/div>\n\t\t\t\t<div class=\"elementor-element elementor-element-c88e21a elementor-widget elementor-widget-block_simple_texte\" data-id=\"c88e21a\" data-element_type=\"widget\" data-widget_type=\"block_simple_texte.default\">\n\t\t\t\t<div class=\"elementor-widget-container\">\n\t\t\t    <div class=\"container\">\n        <ul><li>Achat de v\u00eatements adapt\u00e9s pour un emploi ou un entretien<\/li><li>\u00c9quipement de s\u00e9curit\u00e9 (chaussures, casques, EPI\u2026)<\/li><li>Mat\u00e9riel n\u00e9cessaire \u00e0 une formation ou un stage (outils, fournitures, etc.)<\/li><\/ul>\n    <\/div>\n\t\t<\/div>\n\t\t\t\t<\/div>\n\t\t\t\t<div class=\"elementor-element elementor-element-6c2a433 elementor-widget elementor-widget-block_titre\" data-id=\"6c2a433\" data-element_type=\"widget\" data-widget_type=\"block_titre.default\">\n\t\t\t\t<div class=\"elementor-widget-container\">\n\t\t\t    <div class=\"container\">\n        <h3>\n            Formation\/Projet Professionnel\n        <\/h3>\n    <\/div>\n\t\t<\/div>\n\t\t\t\t<\/div>\n\t\t\t\t<div class=\"elementor-element elementor-element-d025136 elementor-widget elementor-widget-block_simple_texte\" data-id=\"d025136\" data-element_type=\"widget\" data-widget_type=\"block_simple_texte.default\">\n\t\t\t\t<div class=\"elementor-widget-container\">\n\t\t\t    <div class=\"container\">\n        <ul><li>Frais d\u2019inscription \u00e0 une formation, un concours ou un examen<\/li><li>Achat de livres ou fournitures scolaires<\/li><li>Frais de restauration lors d\u2019une formation non r\u00e9mun\u00e9r\u00e9e<\/li><li>Participation \u00e0 des stages\u00a0<\/li><\/ul>\n    <\/div>\n\t\t<\/div>\n\t\t\t\t<\/div>\n\t\t\t\t<div class=\"elementor-element elementor-element-f506306 elementor-widget elementor-widget-block_titre\" data-id=\"f506306\" data-element_type=\"widget\" data-widget_type=\"block_titre.default\">\n\t\t\t\t<div class=\"elementor-widget-container\">\n\t\t\t    <div class=\"container\">\n        <h3>\n            Aide d\u2019urgence exceptionnelle\n        <\/h3>\n    <\/div>\n\t\t<\/div>\n\t\t\t\t<\/div>\n\t\t\t\t<div class=\"elementor-element elementor-element-78a621e elementor-widget elementor-widget-block_simple_texte\" data-id=\"78a621e\" data-element_type=\"widget\" data-widget_type=\"block_simple_texte.default\">\n\t\t\t\t<div class=\"elementor-widget-container\">\n\t\t\t    <div class=\"container\">\n        <ul><li>Aide alimentaire temporaire<\/li><li>Soutien ponctuel en cas de rupture familiale ou de situation de crise<\/li><li>Aide pour r\u00e9gulariser une situation administrative (carte d\u2019identit\u00e9, documents, etc.)<\/li><\/ul>\n    <\/div>\n\t\t<\/div>\n\t\t\t\t<\/div>\n\t\t\t\t\t<\/div>\n\t\t\t\t<\/div>\n\t\t<div class=\"elementor-element elementor-element-2c4f929 e-flex e-con-boxed e-con e-parent\" data-id=\"2c4f929\" data-element_type=\"container\">\n\t\t\t\t\t<div class=\"e-con-inner\">\n\t\t\t\t<div class=\"elementor-element elementor-element-630049e elementor-widget elementor-widget-block_titre\" data-id=\"630049e\" data-element_type=\"widget\" data-widget_type=\"block_titre.default\">\n\t\t\t\t<div class=\"elementor-widget-container\">\n\t\t\t    <div class=\"container\">\n        <h2>\n            Comment \u00e7a marche ? \n        <\/h2>\n    <\/div>\n\t\t<\/div>\n\t\t\t\t<\/div>\n\t\t\t\t\t<\/div>\n\t\t\t\t<\/div>\n\t\t<div class=\"elementor-element elementor-element-afa3eaf e-flex e-con-boxed e-con e-parent\" data-id=\"afa3eaf\" data-element_type=\"container\">\n\t\t\t\t\t<div class=\"e-con-inner\">\n\t\t\t\t<div class=\"elementor-element elementor-element-b704adb elementor-widget elementor-widget-block_simple_texte\" data-id=\"b704adb\" data-element_type=\"widget\" data-widget_type=\"block_simple_texte.default\">\n\t\t\t\t<div class=\"elementor-widget-container\">\n\t\t\t    <div class=\"container\">\n        <p>Tu ne fais pas la demande seul(e). Ton conseiller ou conseill\u00e8re \u00e0 la <strong>Mission Locale d\u2019Elbeuf<\/strong> t\u2019accompagne pour :<\/p><ol><li>Identifier le besoin<\/li><li>Pr\u00e9parer les justificatifs n\u00e9cessaires<\/li><li>Constituer le dossier<\/li><li>Suivre la demande aupr\u00e8s de la M\u00e9tropole<\/li><\/ol><p>Chaque demande est <strong>\u00e9tudi\u00e9e individuellement<\/strong>, avec bienveillance mais aussi dans le respect des crit\u00e8res d\u2019attribution.<\/p>\n    <\/div>\n\t\t<\/div>\n\t\t\t\t<\/div>\n\t\t\t\t<div class=\"elementor-element elementor-element-62add3c elementor-widget elementor-widget-block_titre\" data-id=\"62add3c\" data-element_type=\"widget\" data-widget_type=\"block_titre.default\">\n\t\t\t\t<div class=\"elementor-widget-container\">\n\t\t\t    <div class=\"container\">\n        <h2>\n            Ce qu\u2019il faut savoir\n        <\/h2>\n    <\/div>\n\t\t<\/div>\n\t\t\t\t<\/div>\n\t\t\t\t\t<\/div>\n\t\t\t\t<\/div>\n\t\t<div class=\"elementor-element elementor-element-8afe393 e-flex e-con-boxed e-con e-parent\" data-id=\"8afe393\" data-element_type=\"container\">\n\t\t\t\t\t<div class=\"e-con-inner\">\n\t\t\t\t<div class=\"elementor-element elementor-element-a297406 elementor-widget elementor-widget-block_simple_texte\" data-id=\"a297406\" data-element_type=\"widget\" data-widget_type=\"block_simple_texte.default\">\n\t\t\t\t<div class=\"elementor-widget-container\">\n\t\t\t    <div class=\"container\">\n        <ul><li>Le FAJ est <strong>une aide ponctuelle<\/strong>, et <strong>non un droit automatique<\/strong>.<\/li><li>Il peut \u00eatre mobilis\u00e9 <strong>une ou plusieurs fois<\/strong>, selon les situations.<\/li><li>Il compl\u00e8te d\u2019autres dispositifs d\u2019aides, mais ne les remplace pas.<\/li><\/ul>\n    <\/div>\n\t\t<\/div>\n\t\t\t\t<\/div>\n\t\t\t\t\t<\/div>\n\t\t\t\t<\/div>\n\t\t<div class=\"elementor-element elementor-element-bf10345 e-flex e-con-boxed e-con e-parent\" data-id=\"bf10345\" data-element_type=\"container\">\n\t\t\t\t\t<div class=\"e-con-inner\">\n\t\t\t\t<div class=\"elementor-element elementor-element-357bde3 elementor-widget elementor-widget-block_titre\" data-id=\"357bde3\" data-element_type=\"widget\" data-widget_type=\"block_titre.default\">\n\t\t\t\t<div class=\"elementor-widget-container\">\n\t\t\t    <div class=\"container\">\n        <h3>\n            Int\u00e9ress\u00e9(e) ? Besoin d\u2019en parler ?\n        <\/h3>\n    <\/div>\n\t\t<\/div>\n\t\t\t\t<\/div>\n\t\t\t\t\t<\/div>\n\t\t\t\t<\/div>\n\t\t<div class=\"elementor-element elementor-element-75c2c2a e-flex e-con-boxed e-con e-parent\" data-id=\"75c2c2a\" data-element_type=\"container\">\n\t\t\t\t\t<div class=\"e-con-inner\">\n\t\t\t\t<div class=\"elementor-element elementor-element-5ba30a7 elementor-widget elementor-widget-block_simple_texte\" data-id=\"5ba30a7\" data-element_type=\"widget\" data-widget_type=\"block_simple_texte.default\">\n\t\t\t\t<div class=\"elementor-widget-container\">\n\t\t\t    <div class=\"container\">\n        <p>Passe \u00e0 la Mission Locale ou prends contact avec ton conseiller(\u00e8re).<\/p><p>M\u00eame une petite aide peut <strong>faire une grande diff\u00e9rence<\/strong>.<\/p>\n    <\/div>\n\t\t<\/div>\n\t\t\t\t<\/div>\n\t\t\t\t\t<\/div>\n\t\t\t\t<\/div>\n\t\t<div class=\"elementor-element elementor-element-d285787 e-flex e-con-boxed e-con e-parent\" data-id=\"d285787\" data-element_type=\"container\">\n\t\t\t\t\t<div class=\"e-con-inner\">\n\t\t\t\t<div class=\"elementor-element elementor-element-f289374 elementor-widget elementor-widget-block_simple_visuel\" data-id=\"f289374\" data-element_type=\"widget\" data-widget_type=\"block_simple_visuel.default\">\n\t\t\t\t<div class=\"elementor-widget-container\">\n\t\t\t    <div class=\"container\">\n        <figure>\n                        \n                                                            <a href=\"https:\/\/www.missionslocalesnormandie.fr\/content\/uploads\/sites\/6\/2025\/10\/2.webp\">\n                    <img decoding=\"async\" src=\"https:\/\/www.missionslocalesnormandie.fr\/content\/uploads\/sites\/6\/2025\/10\/2-950x595-c-default.webp\"\n                         alt=\"MISSION LOCALE DE L&#039;AGGLOMERATION D&#039;ELBEUF\"\/>\n                <\/a>\n            \n                    <\/figure>\n    <\/div>\n\t\t<\/div>\n\t\t\t\t<\/div>\n\t\t\t\t\t<\/div>\n\t\t\t\t<\/div>\n\t\t<div class=\"elementor-element elementor-element-e10ad1f e-flex e-con-boxed e-con e-parent\" data-id=\"e10ad1f\" data-element_type=\"container\">\n\t\t\t\t\t<div class=\"e-con-inner\">\n\t\t\t\t<div class=\"elementor-element elementor-element-073a344 elementor-widget elementor-widget-block_simple_visuel\" data-id=\"073a344\" data-element_type=\"widget\" data-widget_type=\"block_simple_visuel.default\">\n\t\t\t\t<div class=\"elementor-widget-container\">\n\t\t\t    <div class=\"container\">\n        <figure>\n                        \n                                                            <a href=\"https:\/\/www.missionslocalesnormandie.fr\/content\/uploads\/sites\/6\/2025\/10\/1.webp\">\n                    <img decoding=\"async\" src=\"https:\/\/www.missionslocalesnormandie.fr\/content\/uploads\/sites\/6\/2025\/10\/1-950x595-c-default.webp\"\n                         alt=\"MISSION LOCALE DE L&#039;AGGLOMERATION D&#039;ELBEUF\"\/>\n                <\/a>\n            \n                    <\/figure>\n    <\/div>\n\t\t<\/div>\n\t\t\t\t<\/div>\n\t\t\t\t\t<\/div>\n\t\t\t\t<\/div>\n\t\t\t\t<\/div>\n\t\t","protected":false},"excerpt":{"rendered":"<p>FAJ \u2013 Fonds d\u2019Aide aux Jeunes : un coup de pouce pour rebondir Tu es en gal\u00e8re pour avancer dans ton projet pro ou perso ? Le Fonds d\u2019Aide aux Jeunes, port\u00e9 par la M\u00e9tropole Rouen Normandie, peut t\u2019apporter un coup de pouce financier pour surmonter un obstacle ponctuel. Il s\u2019adresse aux jeunes de 18 [&hellip;]<\/p>\n","protected":false},"author":27,"featured_media":0,"parent":0,"menu_order":0,"comment_status":"closed","ping_status":"closed","template":"","meta":{"_acf_changed":false,"_crosspost_to_1":false,"_crosspost_to_2":false,"_crosspost_to_3":false,"_crosspost_to_4":false,"_crosspost_to_5":false,"_crosspost_to_7":false,"_crosspost_to_8":false,"_crosspost_to_11":false,"_crosspost_to_12":false,"_crosspost_to_13":false,"_crosspost_to_14":false,"_crosspost_to_15":false,"_crosspost_to_16":false,"inline_featured_image":false,"footnotes":""},"acf":[],"yoast_head":"<!-- This site is optimized with the Yoast SEO plugin v21.9.1 - https:\/\/yoast.com\/wordpress\/plugins\/seo\/ -->\n<title>FAJ - MISSION LOCALE DE L&#039;AGGLOMERATION D&#039;ELBEUF Fond d&#039;aide aux jeunes<\/title>\n<meta name=\"description\" content=\"Le FAJ : une aide financi\u00e8re ponctuelle pour les jeunes rencontrant des difficult\u00e9s, afin de soutenir leur projet d\u2019insertion.\" \/>\n<meta name=\"robots\" content=\"index, follow, max-snippet:-1, max-image-preview:large, max-video-preview:-1\" \/>\n<link rel=\"canonical\" href=\"https:\/\/www.missionslocalesnormandie.fr\/mission-locale-agglomeration-elbeuf\/fond-daide-aux-jeunes\/\" \/>\n<meta property=\"og:locale\" content=\"fr_FR\" \/>\n<meta property=\"og:type\" content=\"article\" \/>\n<meta property=\"og:title\" content=\"FAJ - MISSION LOCALE DE L&#039;AGGLOMERATION D&#039;ELBEUF Fond d&#039;aide aux jeunes\" \/>\n<meta property=\"og:description\" content=\"Le FAJ : une aide financi\u00e8re ponctuelle pour les jeunes rencontrant des difficult\u00e9s, afin de soutenir leur projet d\u2019insertion.\" \/>\n<meta property=\"og:url\" content=\"https:\/\/www.missionslocalesnormandie.fr\/mission-locale-agglomeration-elbeuf\/fond-daide-aux-jeunes\/\" \/>\n<meta property=\"og:site_name\" content=\"MISSION LOCALE DE L&#039;AGGLOMERATION D&#039;ELBEUF\" \/>\n<meta property=\"article:modified_time\" content=\"2025-10-16T12:22:56+00:00\" \/>\n<meta property=\"og:image\" content=\"https:\/\/www.missionslocalesnormandie.fr\/content\/uploads\/sites\/6\/2025\/10\/2-950x595-c-default.webp\" \/>\n<meta name=\"twitter:card\" content=\"summary_large_image\" \/>\n<meta name=\"twitter:label1\" content=\"Dur\u00e9e de lecture estim\u00e9e\" \/>\n\t<meta name=\"twitter:data1\" content=\"3 minutes\" \/>\n<script type=\"application\/ld+json\" class=\"yoast-schema-graph\">{\"@context\":\"https:\/\/schema.org\",\"@graph\":[{\"@type\":\"WebPage\",\"@id\":\"https:\/\/www.missionslocalesnormandie.fr\/mission-locale-agglomeration-elbeuf\/fond-daide-aux-jeunes\/\",\"url\":\"https:\/\/www.missionslocalesnormandie.fr\/mission-locale-agglomeration-elbeuf\/fond-daide-aux-jeunes\/\",\"name\":\"FAJ - MISSION LOCALE DE L&#039;AGGLOMERATION D&#039;ELBEUF Fond d'aide aux jeunes\",\"isPartOf\":{\"@id\":\"https:\/\/www.missionslocalesnormandie.fr\/mission-locale-agglomeration-elbeuf\/#website\"},\"datePublished\":\"2025-07-16T09:01:40+00:00\",\"dateModified\":\"2025-10-16T12:22:56+00:00\",\"description\":\"Le FAJ : une aide financi\u00e8re ponctuelle pour les jeunes rencontrant des difficult\u00e9s, afin de soutenir leur projet d\u2019insertion.\",\"breadcrumb\":{\"@id\":\"https:\/\/www.missionslocalesnormandie.fr\/mission-locale-agglomeration-elbeuf\/fond-daide-aux-jeunes\/#breadcrumb\"},\"inLanguage\":\"fr-FR\",\"potentialAction\":[{\"@type\":\"ReadAction\",\"target\":[\"https:\/\/www.missionslocalesnormandie.fr\/mission-locale-agglomeration-elbeuf\/fond-daide-aux-jeunes\/\"]}]},{\"@type\":\"BreadcrumbList\",\"@id\":\"https:\/\/www.missionslocalesnormandie.fr\/mission-locale-agglomeration-elbeuf\/fond-daide-aux-jeunes\/#breadcrumb\",\"itemListElement\":[{\"@type\":\"ListItem\",\"position\":1,\"name\":\"Home\",\"item\":\"https:\/\/www.missionslocalesnormandie.fr\/mission-locale-agglomeration-elbeuf\/\"},{\"@type\":\"ListItem\",\"position\":2,\"name\":\"FAJ\"}]},{\"@type\":\"WebSite\",\"@id\":\"https:\/\/www.missionslocalesnormandie.fr\/mission-locale-agglomeration-elbeuf\/#website\",\"url\":\"https:\/\/www.missionslocalesnormandie.fr\/mission-locale-agglomeration-elbeuf\/\",\"name\":\"MISSION LOCALE DE L&#039;AGGLOMERATION D&#039;ELBEUF\",\"description\":\"\",\"publisher\":{\"@id\":\"https:\/\/www.missionslocalesnormandie.fr\/mission-locale-agglomeration-elbeuf\/#organization\"},\"potentialAction\":[{\"@type\":\"SearchAction\",\"target\":{\"@type\":\"EntryPoint\",\"urlTemplate\":\"https:\/\/www.missionslocalesnormandie.fr\/mission-locale-agglomeration-elbeuf\/?s={search_term_string}\"},\"query-input\":\"required name=search_term_string\"}],\"inLanguage\":\"fr-FR\"},{\"@type\":\"Organization\",\"@id\":\"https:\/\/www.missionslocalesnormandie.fr\/mission-locale-agglomeration-elbeuf\/#organization\",\"name\":\"MISSION LOCALE DE L&#039;AGGLOMERATION D&#039;ELBEUF\",\"url\":\"https:\/\/www.missionslocalesnormandie.fr\/mission-locale-agglomeration-elbeuf\/\",\"logo\":{\"@type\":\"ImageObject\",\"inLanguage\":\"fr-FR\",\"@id\":\"https:\/\/www.missionslocalesnormandie.fr\/mission-locale-agglomeration-elbeuf\/#\/schema\/logo\/image\/\",\"url\":\"https:\/\/www.missionslocalesnormandie.fr\/content\/uploads\/sites\/6\/2023\/12\/MLELBEUF-New-logo-fond-bleu.png\",\"contentUrl\":\"https:\/\/www.missionslocalesnormandie.fr\/content\/uploads\/sites\/6\/2023\/12\/MLELBEUF-New-logo-fond-bleu.png\",\"width\":1843,\"height\":1616,\"caption\":\"MISSION LOCALE DE L&#039;AGGLOMERATION D&#039;ELBEUF\"},\"image\":{\"@id\":\"https:\/\/www.missionslocalesnormandie.fr\/mission-locale-agglomeration-elbeuf\/#\/schema\/logo\/image\/\"}}]}<\/script>\n<!-- \/ Yoast SEO plugin. -->","yoast_head_json":{"title":"FAJ - MISSION LOCALE DE L&#039;AGGLOMERATION D&#039;ELBEUF Fond d'aide aux jeunes","description":"Le FAJ : une aide financi\u00e8re ponctuelle pour les jeunes rencontrant des difficult\u00e9s, afin de soutenir leur projet d\u2019insertion.","robots":{"index":"index","follow":"follow","max-snippet":"max-snippet:-1","max-image-preview":"max-image-preview:large","max-video-preview":"max-video-preview:-1"},"canonical":"https:\/\/www.missionslocalesnormandie.fr\/mission-locale-agglomeration-elbeuf\/fond-daide-aux-jeunes\/","og_locale":"fr_FR","og_type":"article","og_title":"FAJ - MISSION LOCALE DE L&#039;AGGLOMERATION D&#039;ELBEUF Fond d'aide aux jeunes","og_description":"Le FAJ : une aide financi\u00e8re ponctuelle pour les jeunes rencontrant des difficult\u00e9s, afin de soutenir leur projet d\u2019insertion.","og_url":"https:\/\/www.missionslocalesnormandie.fr\/mission-locale-agglomeration-elbeuf\/fond-daide-aux-jeunes\/","og_site_name":"MISSION LOCALE DE L&#039;AGGLOMERATION D&#039;ELBEUF","article_modified_time":"2025-10-16T12:22:56+00:00","og_image":[{"url":"https:\/\/www.missionslocalesnormandie.fr\/content\/uploads\/sites\/6\/2025\/10\/2-950x595-c-default.webp"}],"twitter_card":"summary_large_image","twitter_misc":{"Dur\u00e9e de lecture estim\u00e9e":"3 minutes"},"schema":{"@context":"https:\/\/schema.org","@graph":[{"@type":"WebPage","@id":"https:\/\/www.missionslocalesnormandie.fr\/mission-locale-agglomeration-elbeuf\/fond-daide-aux-jeunes\/","url":"https:\/\/www.missionslocalesnormandie.fr\/mission-locale-agglomeration-elbeuf\/fond-daide-aux-jeunes\/","name":"FAJ - MISSION LOCALE DE L&#039;AGGLOMERATION D&#039;ELBEUF Fond d'aide aux jeunes","isPartOf":{"@id":"https:\/\/www.missionslocalesnormandie.fr\/mission-locale-agglomeration-elbeuf\/#website"},"datePublished":"2025-07-16T09:01:40+00:00","dateModified":"2025-10-16T12:22:56+00:00","description":"Le FAJ : une aide financi\u00e8re ponctuelle pour les jeunes rencontrant des difficult\u00e9s, afin de soutenir leur projet d\u2019insertion.","breadcrumb":{"@id":"https:\/\/www.missionslocalesnormandie.fr\/mission-locale-agglomeration-elbeuf\/fond-daide-aux-jeunes\/#breadcrumb"},"inLanguage":"fr-FR","potentialAction":[{"@type":"ReadAction","target":["https:\/\/www.missionslocalesnormandie.fr\/mission-locale-agglomeration-elbeuf\/fond-daide-aux-jeunes\/"]}]},{"@type":"BreadcrumbList","@id":"https:\/\/www.missionslocalesnormandie.fr\/mission-locale-agglomeration-elbeuf\/fond-daide-aux-jeunes\/#breadcrumb","itemListElement":[{"@type":"ListItem","position":1,"name":"Home","item":"https:\/\/www.missionslocalesnormandie.fr\/mission-locale-agglomeration-elbeuf\/"},{"@type":"ListItem","position":2,"name":"FAJ"}]},{"@type":"WebSite","@id":"https:\/\/www.missionslocalesnormandie.fr\/mission-locale-agglomeration-elbeuf\/#website","url":"https:\/\/www.missionslocalesnormandie.fr\/mission-locale-agglomeration-elbeuf\/","name":"MISSION LOCALE DE L&#039;AGGLOMERATION D&#039;ELBEUF","description":"","publisher":{"@id":"https:\/\/www.missionslocalesnormandie.fr\/mission-locale-agglomeration-elbeuf\/#organization"},"potentialAction":[{"@type":"SearchAction","target":{"@type":"EntryPoint","urlTemplate":"https:\/\/www.missionslocalesnormandie.fr\/mission-locale-agglomeration-elbeuf\/?s={search_term_string}"},"query-input":"required name=search_term_string"}],"inLanguage":"fr-FR"},{"@type":"Organization","@id":"https:\/\/www.missionslocalesnormandie.fr\/mission-locale-agglomeration-elbeuf\/#organization","name":"MISSION LOCALE DE L&#039;AGGLOMERATION D&#039;ELBEUF","url":"https:\/\/www.missionslocalesnormandie.fr\/mission-locale-agglomeration-elbeuf\/","logo":{"@type":"ImageObject","inLanguage":"fr-FR","@id":"https:\/\/www.missionslocalesnormandie.fr\/mission-locale-agglomeration-elbeuf\/#\/schema\/logo\/image\/","url":"https:\/\/www.missionslocalesnormandie.fr\/content\/uploads\/sites\/6\/2023\/12\/MLELBEUF-New-logo-fond-bleu.png","contentUrl":"https:\/\/www.missionslocalesnormandie.fr\/content\/uploads\/sites\/6\/2023\/12\/MLELBEUF-New-logo-fond-bleu.png","width":1843,"height":1616,"caption":"MISSION LOCALE DE L&#039;AGGLOMERATION D&#039;ELBEUF"},"image":{"@id":"https:\/\/www.missionslocalesnormandie.fr\/mission-locale-agglomeration-elbeuf\/#\/schema\/logo\/image\/"}}]}},"_links":{"self":[{"href":"https:\/\/www.missionslocalesnormandie.fr\/mission-locale-agglomeration-elbeuf\/wp-json\/wp\/v2\/pages\/509"}],"collection":[{"href":"https:\/\/www.missionslocalesnormandie.fr\/mission-locale-agglomeration-elbeuf\/wp-json\/wp\/v2\/pages"}],"about":[{"href":"https:\/\/www.missionslocalesnormandie.fr\/mission-locale-agglomeration-elbeuf\/wp-json\/wp\/v2\/types\/page"}],"author":[{"embeddable":true,"href":"https:\/\/www.missionslocalesnormandie.fr\/mission-locale-agglomeration-elbeuf\/wp-json\/wp\/v2\/users\/27"}],"replies":[{"embeddable":true,"href":"https:\/\/www.missionslocalesnormandie.fr\/mission-locale-agglomeration-elbeuf\/wp-json\/wp\/v2\/comments?post=509"}],"version-history":[{"count":20,"href":"https:\/\/www.missionslocalesnormandie.fr\/mission-locale-agglomeration-elbeuf\/wp-json\/wp\/v2\/pages\/509\/revisions"}],"predecessor-version":[{"id":1024,"href":"https:\/\/www.missionslocalesnormandie.fr\/mission-locale-agglomeration-elbeuf\/wp-json\/wp\/v2\/pages\/509\/revisions\/1024"}],"wp:attachment":[{"href":"https:\/\/www.missionslocalesnormandie.fr\/mission-locale-agglomeration-elbeuf\/wp-json\/wp\/v2\/media?parent=509"}],"curies":[{"name":"wp","href":"https:\/\/api.w.org\/{rel}","templated":true}]}}