{"id":675,"date":"2025-07-31T16:13:08","date_gmt":"2025-07-31T14:13:08","guid":{"rendered":"https:\/\/www.missionslocalesnormandie.fr\/mission-locale-agglomeration-elbeuf\/?page_id=675"},"modified":"2025-08-19T15:01:53","modified_gmt":"2025-08-19T13:01:53","slug":"logement","status":"publish","type":"page","link":"https:\/\/www.missionslocalesnormandie.fr\/mission-locale-agglomeration-elbeuf\/logement\/","title":{"rendered":"Logement"},"content":{"rendered":"\t\t<div data-elementor-type=\"wp-page\" data-elementor-id=\"675\" class=\"elementor elementor-675\">\n\t\t\t\t<div class=\"elementor-element elementor-element-4c858fd e-flex e-con-boxed e-con e-parent\" data-id=\"4c858fd\" data-element_type=\"container\">\n\t\t\t\t\t<div class=\"e-con-inner\">\n\t\t\t\t<div class=\"elementor-element elementor-element-65e007e elementor-widget elementor-widget-block_titre\" data-id=\"65e007e\" data-element_type=\"widget\" data-widget_type=\"block_titre.default\">\n\t\t\t\t<div class=\"elementor-widget-container\">\n\t\t\t    <div class=\"container\">\n        <h2>\n            Accompagnement au logement pour les jeunes\n        <\/h2>\n    <\/div>\n\t\t<\/div>\n\t\t\t\t<\/div>\n\t\t\t\t\t<\/div>\n\t\t\t\t<\/div>\n\t\t<div class=\"elementor-element elementor-element-7a07e3b e-flex e-con-boxed e-con e-parent\" data-id=\"7a07e3b\" data-element_type=\"container\">\n\t\t\t\t\t<div class=\"e-con-inner\">\n\t\t\t\t<div class=\"elementor-element elementor-element-cbc91f6 elementor-widget elementor-widget-block_simple_texte\" data-id=\"cbc91f6\" data-element_type=\"widget\" data-widget_type=\"block_simple_texte.default\">\n\t\t\t\t<div class=\"elementor-widget-container\">\n\t\t\t    <div class=\"container\">\n        <p data-start=\"291\" data-end=\"559\">Besoin d\u2019un <strong data-start=\"303\" data-end=\"315\">logement<\/strong> ? D\u2019informations ou d\u2019un accompagnement pour trouver un toit ?<\/p><p data-start=\"291\" data-end=\"559\"><br data-start=\"378\" data-end=\"381\" \/>La <strong data-start=\"384\" data-end=\"430\">Mission Locale de l\u2019agglom\u00e9ration d\u2019Elbeuf<\/strong> accompagne les jeunes de <strong data-start=\"456\" data-end=\"471\">16 \u00e0 25 ans<\/strong> dans leurs <strong data-start=\"483\" data-end=\"506\">projets<\/strong>, quelles que soient leur situation ou leurs besoins.<\/p><p data-start=\"561\" data-end=\"753\">Depuis 2009, un <strong data-start=\"577\" data-end=\"600\">p\u00f4le logement d\u00e9di\u00e9<\/strong> est en place avec une <strong data-start=\"623\" data-end=\"647\">conseill\u00e8re logement<\/strong> \u00a0qui travaillent en lien avec de nombreux partenaires du territoire.<\/p>\n    <\/div>\n\t\t<\/div>\n\t\t\t\t<\/div>\n\t\t\t\t\t<\/div>\n\t\t\t\t<\/div>\n\t\t<div class=\"elementor-element elementor-element-b918d98 e-flex e-con-boxed e-con e-parent\" data-id=\"b918d98\" data-element_type=\"container\">\n\t\t\t\t\t<div class=\"e-con-inner\">\n\t\t\t\t<div class=\"elementor-element elementor-element-313c887 elementor-widget elementor-widget-block_titre\" data-id=\"313c887\" data-element_type=\"widget\" data-widget_type=\"block_titre.default\">\n\t\t\t\t<div class=\"elementor-widget-container\">\n\t\t\t    <div class=\"container\">\n        <h2>\n             Un accompagnement adapt\u00e9 \u00e0 chaque situation\n        <\/h2>\n    <\/div>\n\t\t<\/div>\n\t\t\t\t<\/div>\n\t\t\t\t\t<\/div>\n\t\t\t\t<\/div>\n\t\t<div class=\"elementor-element elementor-element-be6049e e-flex e-con-boxed e-con e-parent\" data-id=\"be6049e\" data-element_type=\"container\">\n\t\t\t\t\t<div class=\"e-con-inner\">\n\t\t\t\t<div class=\"elementor-element elementor-element-13e8e4a elementor-widget elementor-widget-block_simple_texte\" data-id=\"13e8e4a\" data-element_type=\"widget\" data-widget_type=\"block_simple_texte.default\">\n\t\t\t\t<div class=\"elementor-widget-container\">\n\t\t\t    <div class=\"container\">\n        <p data-start=\"816\" data-end=\"874\">L\u2019accompagnement propos\u00e9 par la Mission Locale peut \u00eatre :<\/p><ul data-start=\"876\" data-end=\"1068\"><li data-start=\"876\" data-end=\"936\"><p data-start=\"878\" data-end=\"936\"><strong data-start=\"878\" data-end=\"892\">Individuel<\/strong> : entretiens personnalis\u00e9s selon ton besoin<\/p><\/li><li data-start=\"937\" data-end=\"997\"><p data-start=\"939\" data-end=\"997\"><strong data-start=\"939\" data-end=\"952\">Collectif<\/strong> : r\u00e9unions d\u2019information ou ateliers \u00e0 th\u00e8me<\/p><\/li><li data-start=\"998\" data-end=\"1068\"><p data-start=\"1000\" data-end=\"1068\"><strong data-start=\"1000\" data-end=\"1031\">Avec ou sans suivi renforc\u00e9<\/strong>, selon ta situation et ton autonomie<\/p><\/li><\/ul><p data-start=\"1070\" data-end=\"1178\">\ud83d\udc49 Chaque jeune est diff\u00e9rent : l\u2019accompagnement s\u2019adapte <strong data-start=\"1128\" data-end=\"1177\">\u00e0 ton rythme, \u00e0 tes besoins et \u00e0 ton parcours<\/strong>.<\/p>\n    <\/div>\n\t\t<\/div>\n\t\t\t\t<\/div>\n\t\t\t\t\t<\/div>\n\t\t\t\t<\/div>\n\t\t<div class=\"elementor-element elementor-element-5b9882f e-flex e-con-boxed e-con e-parent\" data-id=\"5b9882f\" data-element_type=\"container\">\n\t\t\t\t\t<div class=\"e-con-inner\">\n\t\t\t\t<div class=\"elementor-element elementor-element-7cff942 elementor-widget elementor-widget-block_titre\" data-id=\"7cff942\" data-element_type=\"widget\" data-widget_type=\"block_titre.default\">\n\t\t\t\t<div class=\"elementor-widget-container\">\n\t\t\t    <div class=\"container\">\n        <h2>\n            Informations et conseils sur le logement\n        <\/h2>\n    <\/div>\n\t\t<\/div>\n\t\t\t\t<\/div>\n\t\t\t\t\t<\/div>\n\t\t\t\t<\/div>\n\t\t<div class=\"elementor-element elementor-element-a3087e0 e-flex e-con-boxed e-con e-parent\" data-id=\"a3087e0\" data-element_type=\"container\">\n\t\t\t\t\t<div class=\"e-con-inner\">\n\t\t\t\t<div class=\"elementor-element elementor-element-e5d6db3 elementor-widget elementor-widget-block_simple_texte\" data-id=\"e5d6db3\" data-element_type=\"widget\" data-widget_type=\"block_simple_texte.default\">\n\t\t\t\t<div class=\"elementor-widget-container\">\n\t\t\t    <div class=\"container\">\n        <p data-start=\"1238\" data-end=\"1490\">Tu ne sais pas par o\u00f9 commencer ? Tu veux comprendre comment fonctionne la recherche d\u2019un logement ou comment faire une demande d\u2019aide ?<\/p><p data-start=\"1238\" data-end=\"1490\"><br data-start=\"1374\" data-end=\"1377\" \/>Les <strong data-start=\"1381\" data-end=\"1406\">conseill\u00e8res <\/strong>\u00a0sont l\u00e0 pour t\u2019apporter des <strong data-start=\"1435\" data-end=\"1455\">r\u00e9ponses claires<\/strong> et <strong data-start=\"1459\" data-end=\"1489\">des conseils personnalis\u00e9s<\/strong>.<\/p><h3 data-start=\"1492\" data-end=\"1533\">Ce que tu peux apprendre ou obtenir :<\/h3><ul data-start=\"1535\" data-end=\"1990\"><li data-start=\"1535\" data-end=\"1634\"><p data-start=\"1537\" data-end=\"1634\">Les <strong data-start=\"1541\" data-end=\"1562\">types de logement<\/strong> existants sur le territoire (public, priv\u00e9, r\u00e9sidences jeunes, foyers\u2026)<\/p><\/li><li data-start=\"1635\" data-end=\"1677\"><p data-start=\"1637\" data-end=\"1677\">Les <strong data-start=\"1641\" data-end=\"1677\">droits et devoirs des locataires<\/strong><\/p><\/li><li data-start=\"1678\" data-end=\"1752\"><p data-start=\"1680\" data-end=\"1752\">Les <strong data-start=\"1684\" data-end=\"1720\">conditions d\u2019acc\u00e8s<\/strong>\u00a0(garants, documents, crit\u00e8res\u2026)<\/p><\/li><li data-start=\"1753\" data-end=\"1832\"><p data-start=\"1755\" data-end=\"1832\">Le <strong data-start=\"1758\" data-end=\"1778\">co\u00fbt <\/strong>: ce qu\u2019il faut pr\u00e9voir (loyer, charges, assurances\u2026)<\/p><\/li><li data-start=\"1833\" data-end=\"1921\"><p data-start=\"1835\" data-end=\"1921\">Des <strong data-start=\"1839\" data-end=\"1880\">conseils pour rechercher efficacement<\/strong> (plateformes, dossier locatif, astuces\u2026)<\/p><\/li><li data-start=\"1922\" data-end=\"1990\"><p data-start=\"1924\" data-end=\"1990\">Les d\u00e9marches \u00e0 suivre en cas de <strong data-start=\"1957\" data-end=\"1990\">logement insalubre ou d\u00e9grad\u00e9<\/strong><\/p><\/li><\/ul><p data-start=\"1992\" data-end=\"2067\">Tu peux aussi b\u00e9n\u00e9ficier d\u2019un <strong data-start=\"2022\" data-end=\"2065\">accompagnement pour mobiliser les aides<\/strong> :<\/p><ul data-start=\"2069\" data-end=\"2188\"><li data-start=\"2069\" data-end=\"2110\"><p data-start=\"2071\" data-end=\"2110\"><strong data-start=\"2071\" data-end=\"2081\">VISALE<\/strong> (garantie de loyer gratuite)<\/p><\/li><li data-start=\"2111\" data-end=\"2125\"><p data-start=\"2113\" data-end=\"2125\"><strong data-start=\"2113\" data-end=\"2125\">LOCAPASS<\/strong><\/p><\/li><li data-start=\"2126\" data-end=\"2147\"><p data-start=\"2128\" data-end=\"2147\"><strong data-start=\"2128\" data-end=\"2147\">CAF (APL, ALS\u2026)<\/strong><\/p><\/li><li data-start=\"2148\" data-end=\"2188\"><p data-start=\"2150\" data-end=\"2188\"><strong data-start=\"2150\" data-end=\"2188\">Fonds de Solidarit\u00e9 Logement (FSL)<\/strong><\/p><\/li><\/ul>\n    <\/div>\n\t\t<\/div>\n\t\t\t\t<\/div>\n\t\t\t\t\t<\/div>\n\t\t\t\t<\/div>\n\t\t<div class=\"elementor-element elementor-element-32765fc e-flex e-con-boxed e-con e-parent\" data-id=\"32765fc\" data-element_type=\"container\">\n\t\t\t\t\t<div class=\"e-con-inner\">\n\t\t\t\t<div class=\"elementor-element elementor-element-6d7dc2d elementor-widget elementor-widget-block_titre\" data-id=\"6d7dc2d\" data-element_type=\"widget\" data-widget_type=\"block_titre.default\">\n\t\t\t\t<div class=\"elementor-widget-container\">\n\t\t\t    <div class=\"container\">\n        <h2>\n            Ateliers et accompagnement collectif\n        <\/h2>\n    <\/div>\n\t\t<\/div>\n\t\t\t\t<\/div>\n\t\t\t\t\t<\/div>\n\t\t\t\t<\/div>\n\t\t<div class=\"elementor-element elementor-element-76476b9 e-flex e-con-boxed e-con e-parent\" data-id=\"76476b9\" data-element_type=\"container\">\n\t\t\t\t\t<div class=\"e-con-inner\">\n\t\t\t\t<div class=\"elementor-element elementor-element-7b432c5 elementor-widget elementor-widget-block_simple_texte\" data-id=\"7b432c5\" data-element_type=\"widget\" data-widget_type=\"block_simple_texte.default\">\n\t\t\t\t<div class=\"elementor-widget-container\">\n\t\t\t    <div class=\"container\">\n        <p data-start=\"2259\" data-end=\"2394\">Des <strong data-start=\"2263\" data-end=\"2289\">r\u00e9unions d\u2019information<\/strong> et <strong data-start=\"2293\" data-end=\"2316\">ateliers collectifs<\/strong> sont r\u00e9guli\u00e8rement organis\u00e9s pour t\u2019aider \u00e0 avancer dans ton projet.<\/p><h3 data-start=\"2396\" data-end=\"2431\">Lors de ces ateliers, tu peux :<\/h3><ul data-start=\"2433\" data-end=\"2773\"><li data-start=\"2433\" data-end=\"2520\"><p data-start=\"2435\" data-end=\"2520\">R\u00e9fl\u00e9chir \u00e0 ton projet :<br data-start=\"2459\" data-end=\"2462\" \/><em data-start=\"2464\" data-end=\"2520\">\u201cSuis-je pr\u00eat(e) \u00e0 vivre seul(e) ? Ai-je les moyens ?\u201d<\/em><\/p><\/li><li data-start=\"2521\" data-end=\"2637\"><p data-start=\"2523\" data-end=\"2637\">Apprendre \u00e0 <strong data-start=\"2535\" data-end=\"2561\">organiser ta recherche<\/strong><br data-start=\"2561\" data-end=\"2564\" \/>(diff\u00e9rences entre bailleurs publics et priv\u00e9s, o\u00f9 d\u00e9poser un dossier\u2026)<\/p><\/li><li data-start=\"2638\" data-end=\"2707\"><p data-start=\"2640\" data-end=\"2707\">Simuler ton parcours de locataire via des <strong data-start=\"2682\" data-end=\"2707\">jeux de r\u00f4le ludiques<\/strong><\/p><\/li><li data-start=\"2708\" data-end=\"2773\"><p data-start=\"2710\" data-end=\"2773\">Poser tes questions dans un cadre <strong data-start=\"2744\" data-end=\"2773\">convivial et bienveillant<\/strong><\/p><\/li><\/ul>\n    <\/div>\n\t\t<\/div>\n\t\t\t\t<\/div>\n\t\t\t\t\t<\/div>\n\t\t\t\t<\/div>\n\t\t<div class=\"elementor-element elementor-element-f23aa26 e-flex e-con-boxed e-con e-parent\" data-id=\"f23aa26\" data-element_type=\"container\">\n\t\t\t\t\t<div class=\"e-con-inner\">\n\t\t\t\t<div class=\"elementor-element elementor-element-57e7a43 elementor-widget elementor-widget-block_titre\" data-id=\"57e7a43\" data-element_type=\"widget\" data-widget_type=\"block_titre.default\">\n\t\t\t\t<div class=\"elementor-widget-container\">\n\t\t\t    <div class=\"container\">\n        <h2>\n            Un r\u00e9seau de partenaires pour t\u2019accompagner\n        <\/h2>\n    <\/div>\n\t\t<\/div>\n\t\t\t\t<\/div>\n\t\t\t\t\t<\/div>\n\t\t\t\t<\/div>\n\t\t<div class=\"elementor-element elementor-element-0dffc19 e-flex e-con-boxed e-con e-parent\" data-id=\"0dffc19\" data-element_type=\"container\">\n\t\t\t\t\t<div class=\"e-con-inner\">\n\t\t\t\t<div class=\"elementor-element elementor-element-edcc94e elementor-widget elementor-widget-block_simple_texte\" data-id=\"edcc94e\" data-element_type=\"widget\" data-widget_type=\"block_simple_texte.default\">\n\t\t\t\t<div class=\"elementor-widget-container\">\n\t\t\t    <div class=\"container\">\n        <p data-start=\"2836\" data-end=\"2895\">Les conseill\u00e8res logement travaillent en lien \u00e9troit avec :<\/p><ul data-start=\"2897\" data-end=\"3111\"><li data-start=\"2897\" data-end=\"2924\"><p data-start=\"2899\" data-end=\"2924\">Les <strong data-start=\"2903\" data-end=\"2924\">bailleurs sociaux<\/strong><\/p><\/li><li data-start=\"2925\" data-end=\"2982\"><p data-start=\"2927\" data-end=\"2982\">Les <strong data-start=\"2931\" data-end=\"2955\">travailleurs sociaux<\/strong> (CCAS, CMS, associations\u2026)<\/p><\/li><li data-start=\"2983\" data-end=\"3055\"><p data-start=\"2985\" data-end=\"3055\">Le <strong data-start=\"2988\" data-end=\"3003\">D\u00e9partement<\/strong>, les <strong data-start=\"3009\" data-end=\"3035\">organismes collecteurs<\/strong>, les <strong data-start=\"3041\" data-end=\"3055\">employeurs<\/strong><\/p><\/li><li data-start=\"3056\" data-end=\"3111\"><p data-start=\"3058\" data-end=\"3111\">Et d'autres structures d\u2019accompagnement du territoire<\/p><\/li><\/ul><p data-start=\"3113\" data-end=\"3231\">\ud83d\udc49 Cela permet de <strong data-start=\"3131\" data-end=\"3158\">faciliter tes d\u00e9marches<\/strong> et d\u2019ouvrir des <strong data-start=\"3175\" data-end=\"3196\">acc\u00e8s privil\u00e9gi\u00e9s<\/strong> \u00e0 certaines solutions de logement.<\/p>\n    <\/div>\n\t\t<\/div>\n\t\t\t\t<\/div>\n\t\t\t\t\t<\/div>\n\t\t\t\t<\/div>\n\t\t<div class=\"elementor-element elementor-element-d32cdc2 e-flex e-con-boxed e-con e-parent\" data-id=\"d32cdc2\" data-element_type=\"container\">\n\t\t\t\t\t<div class=\"e-con-inner\">\n\t\t\t\t<div class=\"elementor-element elementor-element-4e2dfd6 elementor-widget elementor-widget-block_titre\" data-id=\"4e2dfd6\" data-element_type=\"widget\" data-widget_type=\"block_titre.default\">\n\t\t\t\t<div class=\"elementor-widget-container\">\n\t\t\t    <div class=\"container\">\n        <h2>\n            Besoin d\u2019aide ? Contacte-nous !\n        <\/h2>\n    <\/div>\n\t\t<\/div>\n\t\t\t\t<\/div>\n\t\t\t\t\t<\/div>\n\t\t\t\t<\/div>\n\t\t<div class=\"elementor-element elementor-element-a6c76f6 e-flex e-con-boxed e-con e-parent\" data-id=\"a6c76f6\" data-element_type=\"container\">\n\t\t\t\t\t<div class=\"e-con-inner\">\n\t\t\t\t<div class=\"elementor-element elementor-element-78b93f0 elementor-widget elementor-widget-block_simple_texte\" data-id=\"78b93f0\" data-element_type=\"widget\" data-widget_type=\"block_simple_texte.default\">\n\t\t\t\t<div class=\"elementor-widget-container\">\n\t\t\t    <div class=\"container\">\n        <p>\ud83d\udc49 Appelle-nous au\u00a0<strong data-start=\"3258\" data-end=\"3276\">02 32 96 44 30<\/strong><\/p>\n    <\/div>\n\t\t<\/div>\n\t\t\t\t<\/div>\n\t\t\t\t\t<\/div>\n\t\t\t\t<\/div>\n\t\t\t\t<\/div>\n\t\t","protected":false},"excerpt":{"rendered":"<p>Accompagnement au logement pour les jeunes Besoin d\u2019un logement ? D\u2019informations ou d\u2019un accompagnement pour trouver un toit ? La Mission Locale de l\u2019agglom\u00e9ration d\u2019Elbeuf accompagne les jeunes de 16 \u00e0 25 ans dans leurs projets, quelles que soient leur situation ou leurs besoins. Depuis 2009, un p\u00f4le logement d\u00e9di\u00e9 est en place avec une [&hellip;]<\/p>\n","protected":false},"author":27,"featured_media":0,"parent":0,"menu_order":0,"comment_status":"closed","ping_status":"closed","template":"","meta":{"_acf_changed":false,"_crosspost_to_1":false,"_crosspost_to_2":false,"_crosspost_to_3":false,"_crosspost_to_4":false,"_crosspost_to_5":false,"_crosspost_to_7":false,"_crosspost_to_8":false,"_crosspost_to_11":false,"_crosspost_to_12":false,"_crosspost_to_13":false,"_crosspost_to_14":false,"_crosspost_to_15":false,"_crosspost_to_16":false,"inline_featured_image":false,"footnotes":""},"acf":[],"yoast_head":"<!-- This site is optimized with the Yoast SEO plugin v21.9.1 - https:\/\/yoast.com\/wordpress\/plugins\/seo\/ -->\n<title>Logement - MISSION LOCALE DE L&#039;AGGLOMERATION D&#039;ELBEUF Logement<\/title>\n<meta name=\"description\" content=\"La Mission Locale propose un accompagnement logement pour aider les jeunes \u00e0 trouver, comprendre et acc\u00e9der \u00e0 une solution adapt\u00e9e.\" \/>\n<meta name=\"robots\" content=\"index, follow, max-snippet:-1, max-image-preview:large, max-video-preview:-1\" \/>\n<link rel=\"canonical\" href=\"https:\/\/www.missionslocalesnormandie.fr\/mission-locale-agglomeration-elbeuf\/logement\/\" \/>\n<meta property=\"og:locale\" content=\"fr_FR\" \/>\n<meta property=\"og:type\" content=\"article\" \/>\n<meta property=\"og:title\" content=\"Logement - MISSION LOCALE DE L&#039;AGGLOMERATION D&#039;ELBEUF Logement\" \/>\n<meta property=\"og:description\" content=\"La Mission Locale propose un accompagnement logement pour aider les jeunes \u00e0 trouver, comprendre et acc\u00e9der \u00e0 une solution adapt\u00e9e.\" \/>\n<meta property=\"og:url\" content=\"https:\/\/www.missionslocalesnormandie.fr\/mission-locale-agglomeration-elbeuf\/logement\/\" \/>\n<meta property=\"og:site_name\" content=\"MISSION LOCALE DE L&#039;AGGLOMERATION D&#039;ELBEUF\" \/>\n<meta property=\"article:modified_time\" content=\"2025-08-19T13:01:53+00:00\" \/>\n<meta name=\"twitter:card\" content=\"summary_large_image\" \/>\n<meta name=\"twitter:label1\" content=\"Dur\u00e9e de lecture estim\u00e9e\" \/>\n\t<meta name=\"twitter:data1\" content=\"2 minutes\" \/>\n<script type=\"application\/ld+json\" class=\"yoast-schema-graph\">{\"@context\":\"https:\/\/schema.org\",\"@graph\":[{\"@type\":\"WebPage\",\"@id\":\"https:\/\/www.missionslocalesnormandie.fr\/mission-locale-agglomeration-elbeuf\/logement\/\",\"url\":\"https:\/\/www.missionslocalesnormandie.fr\/mission-locale-agglomeration-elbeuf\/logement\/\",\"name\":\"Logement - MISSION LOCALE DE L&#039;AGGLOMERATION D&#039;ELBEUF Logement\",\"isPartOf\":{\"@id\":\"https:\/\/www.missionslocalesnormandie.fr\/mission-locale-agglomeration-elbeuf\/#website\"},\"datePublished\":\"2025-07-31T14:13:08+00:00\",\"dateModified\":\"2025-08-19T13:01:53+00:00\",\"description\":\"La Mission Locale propose un accompagnement logement pour aider les jeunes \u00e0 trouver, comprendre et acc\u00e9der \u00e0 une solution adapt\u00e9e.\",\"breadcrumb\":{\"@id\":\"https:\/\/www.missionslocalesnormandie.fr\/mission-locale-agglomeration-elbeuf\/logement\/#breadcrumb\"},\"inLanguage\":\"fr-FR\",\"potentialAction\":[{\"@type\":\"ReadAction\",\"target\":[\"https:\/\/www.missionslocalesnormandie.fr\/mission-locale-agglomeration-elbeuf\/logement\/\"]}]},{\"@type\":\"BreadcrumbList\",\"@id\":\"https:\/\/www.missionslocalesnormandie.fr\/mission-locale-agglomeration-elbeuf\/logement\/#breadcrumb\",\"itemListElement\":[{\"@type\":\"ListItem\",\"position\":1,\"name\":\"Home\",\"item\":\"https:\/\/www.missionslocalesnormandie.fr\/mission-locale-agglomeration-elbeuf\/\"},{\"@type\":\"ListItem\",\"position\":2,\"name\":\"Logement\"}]},{\"@type\":\"WebSite\",\"@id\":\"https:\/\/www.missionslocalesnormandie.fr\/mission-locale-agglomeration-elbeuf\/#website\",\"url\":\"https:\/\/www.missionslocalesnormandie.fr\/mission-locale-agglomeration-elbeuf\/\",\"name\":\"MISSION LOCALE DE L&#039;AGGLOMERATION D&#039;ELBEUF\",\"description\":\"\",\"publisher\":{\"@id\":\"https:\/\/www.missionslocalesnormandie.fr\/mission-locale-agglomeration-elbeuf\/#organization\"},\"potentialAction\":[{\"@type\":\"SearchAction\",\"target\":{\"@type\":\"EntryPoint\",\"urlTemplate\":\"https:\/\/www.missionslocalesnormandie.fr\/mission-locale-agglomeration-elbeuf\/?s={search_term_string}\"},\"query-input\":\"required name=search_term_string\"}],\"inLanguage\":\"fr-FR\"},{\"@type\":\"Organization\",\"@id\":\"https:\/\/www.missionslocalesnormandie.fr\/mission-locale-agglomeration-elbeuf\/#organization\",\"name\":\"MISSION LOCALE DE L&#039;AGGLOMERATION D&#039;ELBEUF\",\"url\":\"https:\/\/www.missionslocalesnormandie.fr\/mission-locale-agglomeration-elbeuf\/\",\"logo\":{\"@type\":\"ImageObject\",\"inLanguage\":\"fr-FR\",\"@id\":\"https:\/\/www.missionslocalesnormandie.fr\/mission-locale-agglomeration-elbeuf\/#\/schema\/logo\/image\/\",\"url\":\"https:\/\/www.missionslocalesnormandie.fr\/content\/uploads\/sites\/6\/2023\/12\/MLELBEUF-New-logo-fond-bleu.png\",\"contentUrl\":\"https:\/\/www.missionslocalesnormandie.fr\/content\/uploads\/sites\/6\/2023\/12\/MLELBEUF-New-logo-fond-bleu.png\",\"width\":1843,\"height\":1616,\"caption\":\"MISSION LOCALE DE L&#039;AGGLOMERATION D&#039;ELBEUF\"},\"image\":{\"@id\":\"https:\/\/www.missionslocalesnormandie.fr\/mission-locale-agglomeration-elbeuf\/#\/schema\/logo\/image\/\"}}]}<\/script>\n<!-- \/ Yoast SEO plugin. -->","yoast_head_json":{"title":"Logement - MISSION LOCALE DE L&#039;AGGLOMERATION D&#039;ELBEUF Logement","description":"La Mission Locale propose un accompagnement logement pour aider les jeunes \u00e0 trouver, comprendre et acc\u00e9der \u00e0 une solution adapt\u00e9e.","robots":{"index":"index","follow":"follow","max-snippet":"max-snippet:-1","max-image-preview":"max-image-preview:large","max-video-preview":"max-video-preview:-1"},"canonical":"https:\/\/www.missionslocalesnormandie.fr\/mission-locale-agglomeration-elbeuf\/logement\/","og_locale":"fr_FR","og_type":"article","og_title":"Logement - MISSION LOCALE DE L&#039;AGGLOMERATION D&#039;ELBEUF Logement","og_description":"La Mission Locale propose un accompagnement logement pour aider les jeunes \u00e0 trouver, comprendre et acc\u00e9der \u00e0 une solution adapt\u00e9e.","og_url":"https:\/\/www.missionslocalesnormandie.fr\/mission-locale-agglomeration-elbeuf\/logement\/","og_site_name":"MISSION LOCALE DE L&#039;AGGLOMERATION D&#039;ELBEUF","article_modified_time":"2025-08-19T13:01:53+00:00","twitter_card":"summary_large_image","twitter_misc":{"Dur\u00e9e de lecture estim\u00e9e":"2 minutes"},"schema":{"@context":"https:\/\/schema.org","@graph":[{"@type":"WebPage","@id":"https:\/\/www.missionslocalesnormandie.fr\/mission-locale-agglomeration-elbeuf\/logement\/","url":"https:\/\/www.missionslocalesnormandie.fr\/mission-locale-agglomeration-elbeuf\/logement\/","name":"Logement - MISSION LOCALE DE L&#039;AGGLOMERATION D&#039;ELBEUF Logement","isPartOf":{"@id":"https:\/\/www.missionslocalesnormandie.fr\/mission-locale-agglomeration-elbeuf\/#website"},"datePublished":"2025-07-31T14:13:08+00:00","dateModified":"2025-08-19T13:01:53+00:00","description":"La Mission Locale propose un accompagnement logement pour aider les jeunes \u00e0 trouver, comprendre et acc\u00e9der \u00e0 une solution adapt\u00e9e.","breadcrumb":{"@id":"https:\/\/www.missionslocalesnormandie.fr\/mission-locale-agglomeration-elbeuf\/logement\/#breadcrumb"},"inLanguage":"fr-FR","potentialAction":[{"@type":"ReadAction","target":["https:\/\/www.missionslocalesnormandie.fr\/mission-locale-agglomeration-elbeuf\/logement\/"]}]},{"@type":"BreadcrumbList","@id":"https:\/\/www.missionslocalesnormandie.fr\/mission-locale-agglomeration-elbeuf\/logement\/#breadcrumb","itemListElement":[{"@type":"ListItem","position":1,"name":"Home","item":"https:\/\/www.missionslocalesnormandie.fr\/mission-locale-agglomeration-elbeuf\/"},{"@type":"ListItem","position":2,"name":"Logement"}]},{"@type":"WebSite","@id":"https:\/\/www.missionslocalesnormandie.fr\/mission-locale-agglomeration-elbeuf\/#website","url":"https:\/\/www.missionslocalesnormandie.fr\/mission-locale-agglomeration-elbeuf\/","name":"MISSION LOCALE DE L&#039;AGGLOMERATION D&#039;ELBEUF","description":"","publisher":{"@id":"https:\/\/www.missionslocalesnormandie.fr\/mission-locale-agglomeration-elbeuf\/#organization"},"potentialAction":[{"@type":"SearchAction","target":{"@type":"EntryPoint","urlTemplate":"https:\/\/www.missionslocalesnormandie.fr\/mission-locale-agglomeration-elbeuf\/?s={search_term_string}"},"query-input":"required name=search_term_string"}],"inLanguage":"fr-FR"},{"@type":"Organization","@id":"https:\/\/www.missionslocalesnormandie.fr\/mission-locale-agglomeration-elbeuf\/#organization","name":"MISSION LOCALE DE L&#039;AGGLOMERATION D&#039;ELBEUF","url":"https:\/\/www.missionslocalesnormandie.fr\/mission-locale-agglomeration-elbeuf\/","logo":{"@type":"ImageObject","inLanguage":"fr-FR","@id":"https:\/\/www.missionslocalesnormandie.fr\/mission-locale-agglomeration-elbeuf\/#\/schema\/logo\/image\/","url":"https:\/\/www.missionslocalesnormandie.fr\/content\/uploads\/sites\/6\/2023\/12\/MLELBEUF-New-logo-fond-bleu.png","contentUrl":"https:\/\/www.missionslocalesnormandie.fr\/content\/uploads\/sites\/6\/2023\/12\/MLELBEUF-New-logo-fond-bleu.png","width":1843,"height":1616,"caption":"MISSION LOCALE DE L&#039;AGGLOMERATION D&#039;ELBEUF"},"image":{"@id":"https:\/\/www.missionslocalesnormandie.fr\/mission-locale-agglomeration-elbeuf\/#\/schema\/logo\/image\/"}}]}},"_links":{"self":[{"href":"https:\/\/www.missionslocalesnormandie.fr\/mission-locale-agglomeration-elbeuf\/wp-json\/wp\/v2\/pages\/675"}],"collection":[{"href":"https:\/\/www.missionslocalesnormandie.fr\/mission-locale-agglomeration-elbeuf\/wp-json\/wp\/v2\/pages"}],"about":[{"href":"https:\/\/www.missionslocalesnormandie.fr\/mission-locale-agglomeration-elbeuf\/wp-json\/wp\/v2\/types\/page"}],"author":[{"embeddable":true,"href":"https:\/\/www.missionslocalesnormandie.fr\/mission-locale-agglomeration-elbeuf\/wp-json\/wp\/v2\/users\/27"}],"replies":[{"embeddable":true,"href":"https:\/\/www.missionslocalesnormandie.fr\/mission-locale-agglomeration-elbeuf\/wp-json\/wp\/v2\/comments?post=675"}],"version-history":[{"count":8,"href":"https:\/\/www.missionslocalesnormandie.fr\/mission-locale-agglomeration-elbeuf\/wp-json\/wp\/v2\/pages\/675\/revisions"}],"predecessor-version":[{"id":778,"href":"https:\/\/www.missionslocalesnormandie.fr\/mission-locale-agglomeration-elbeuf\/wp-json\/wp\/v2\/pages\/675\/revisions\/778"}],"wp:attachment":[{"href":"https:\/\/www.missionslocalesnormandie.fr\/mission-locale-agglomeration-elbeuf\/wp-json\/wp\/v2\/media?parent=675"}],"curies":[{"name":"wp","href":"https:\/\/api.w.org\/{rel}","templated":true}]}}