{"id":680,"date":"2025-07-31T16:25:54","date_gmt":"2025-07-31T14:25:54","guid":{"rendered":"https:\/\/www.missionslocalesnormandie.fr\/mission-locale-agglomeration-elbeuf\/?page_id=680"},"modified":"2025-09-16T14:34:00","modified_gmt":"2025-09-16T12:34:00","slug":"sante-2","status":"publish","type":"page","link":"https:\/\/www.missionslocalesnormandie.fr\/mission-locale-agglomeration-elbeuf\/sante-2\/","title":{"rendered":"Sant\u00e9"},"content":{"rendered":"\t\t<div data-elementor-type=\"wp-page\" data-elementor-id=\"680\" class=\"elementor elementor-680\">\n\t\t\t\t<div class=\"elementor-element elementor-element-b984ac0 e-flex e-con-boxed e-con e-parent\" data-id=\"b984ac0\" data-element_type=\"container\">\n\t\t\t\t\t<div class=\"e-con-inner\">\n\t\t\t\t<div class=\"elementor-element elementor-element-37d459a elementor-widget elementor-widget-block_titre\" data-id=\"37d459a\" data-element_type=\"widget\" data-widget_type=\"block_titre.default\">\n\t\t\t\t<div class=\"elementor-widget-container\">\n\t\t\t    <div class=\"container\">\n        <h2>\n            Sant\u00e9 &amp; Handicap \u2013 Un accompagnement global pour les jeunes\n        <\/h2>\n    <\/div>\n\t\t<\/div>\n\t\t\t\t<\/div>\n\t\t\t\t\t<\/div>\n\t\t\t\t<\/div>\n\t\t<div class=\"elementor-element elementor-element-f51ef4b e-flex e-con-boxed e-con e-parent\" data-id=\"f51ef4b\" data-element_type=\"container\">\n\t\t\t\t\t<div class=\"e-con-inner\">\n\t\t\t\t<div class=\"elementor-element elementor-element-4877584 elementor-widget elementor-widget-block_simple_texte\" data-id=\"4877584\" data-element_type=\"widget\" data-widget_type=\"block_simple_texte.default\">\n\t\t\t\t<div class=\"elementor-widget-container\">\n\t\t\t    <div class=\"container\">\n        <p>Tu as des questions sur ta sant\u00e9, tes droits et tes d\u00e9marches ? Tu es dans une situation de handicap reconnue ou non ? Tu as besoin de conseils et d'un accompagnement ?<\/p><p><br \/>La Mission Locale de l'agglom\u00e9ration d'Elbeuf te propose un espace d'\u00e9coute, <br \/>d'information et d'accompagnement personnalis\u00e9.<\/p><p><br \/>Des conseill\u00e8res r\u00e9f\u00e9rentes sant\u00e9\/handicap - travaillent \u00e0 tes c\u00f4t\u00e9s pour t'aider \u00e0 <br \/>surmonter les obstacles li\u00e9s \u00e0 la sant\u00e9 ou au handicap dans ton parcours d'insertion.<\/p>\n    <\/div>\n\t\t<\/div>\n\t\t\t\t<\/div>\n\t\t\t\t\t<\/div>\n\t\t\t\t<\/div>\n\t\t<div class=\"elementor-element elementor-element-47e03cc e-flex e-con-boxed e-con e-parent\" data-id=\"47e03cc\" data-element_type=\"container\">\n\t\t\t\t\t<div class=\"e-con-inner\">\n\t\t\t\t<div class=\"elementor-element elementor-element-cba835c elementor-widget elementor-widget-block_titre\" data-id=\"cba835c\" data-element_type=\"widget\" data-widget_type=\"block_titre.default\">\n\t\t\t\t<div class=\"elementor-widget-container\">\n\t\t\t    <div class=\"container\">\n        <h2>\n            Accompagnement sant\u00e9\n        <\/h2>\n    <\/div>\n\t\t<\/div>\n\t\t\t\t<\/div>\n\t\t\t\t<div class=\"elementor-element elementor-element-552da7b elementor-widget elementor-widget-block_simple_texte\" data-id=\"552da7b\" data-element_type=\"widget\" data-widget_type=\"block_simple_texte.default\">\n\t\t\t\t<div class=\"elementor-widget-container\">\n\t\t\t    <div class=\"container\">\n        <h3 data-start=\"824\" data-end=\"868\">\ud83d\udd0d Information, orientation et d\u00e9marches<\/h3><p data-start=\"870\" data-end=\"983\">Tu ne sais pas si tes droits sont \u00e0 jour et quelle d\u00e9marche tu dois faire? Nous sommes l\u00e0 pour t'aider \u00e0:\u00a0<\/p><p data-start=\"987\" data-end=\"1058\">\u2022 T'informer sur la s\u00e9curit\u00e9 sociale et les d\u00e9marches \u00e0 effectuer<br \/>\u2022 T'orienter vers les bons interlocuteurs de sant\u00e9 sur le territoire<br \/>\u2022 T'accompagner dans tes d\u00e9marches administratives<br \/>\u2022 Te permettre d'acc\u00e9der \u00e0 un bilan de sant\u00e9 gratuit<\/p><h3 data-start=\"1448\" data-end=\"1464\">\ud83e\uddfc Kit sant\u00e9<\/h3><p data-start=\"1466\" data-end=\"1554\">Pour les jeunes en grande difficult\u00e9, nous pouvons fournir un <strong data-start=\"1528\" data-end=\"1541\">kit sant\u00e9<\/strong> comprenant :<\/p><ul data-start=\"1556\" data-end=\"1636\"><li data-start=\"1556\" data-end=\"1585\"><p data-start=\"1558\" data-end=\"1585\">Une <strong data-start=\"1562\" data-end=\"1585\">trousse de toilette<\/strong><\/p><\/li><li data-start=\"1586\" data-end=\"1636\"><p data-start=\"1588\" data-end=\"1636\">Des <strong data-start=\"1592\" data-end=\"1636\">produits d\u2019hygi\u00e8ne de premi\u00e8re n\u00e9cessit\u00e9<\/strong><\/p><\/li><\/ul><p data-start=\"1638\" data-end=\"1737\">\ud83d\udc49 Cette aide est propos\u00e9e apr\u00e8s \u00e9valuation par le conseiller r\u00e9f\u00e9rent, en fonction de tes besoins.<\/p>\n    <\/div>\n\t\t<\/div>\n\t\t\t\t<\/div>\n\t\t\t\t\t<\/div>\n\t\t\t\t<\/div>\n\t\t<div class=\"elementor-element elementor-element-f4ae533 e-flex e-con-boxed e-con e-parent\" data-id=\"f4ae533\" data-element_type=\"container\">\n\t\t\t\t\t<div class=\"e-con-inner\">\n\t\t\t\t<div class=\"elementor-element elementor-element-6d78ff4 elementor-widget elementor-widget-block_titre\" data-id=\"6d78ff4\" data-element_type=\"widget\" data-widget_type=\"block_titre.default\">\n\t\t\t\t<div class=\"elementor-widget-container\">\n\t\t\t    <div class=\"container\">\n        <h2>\n            Accompagnement sp\u00e9cifique au handicap\n        <\/h2>\n    <\/div>\n\t\t<\/div>\n\t\t\t\t<\/div>\n\t\t\t\t\t<\/div>\n\t\t\t\t<\/div>\n\t\t<div class=\"elementor-element elementor-element-02f3dea e-flex e-con-boxed e-con e-parent\" data-id=\"02f3dea\" data-element_type=\"container\">\n\t\t\t\t\t<div class=\"e-con-inner\">\n\t\t\t\t<div class=\"elementor-element elementor-element-8f419d6 elementor-widget elementor-widget-block_simple_texte\" data-id=\"8f419d6\" data-element_type=\"widget\" data-widget_type=\"block_simple_texte.default\">\n\t\t\t\t<div class=\"elementor-widget-container\">\n\t\t\t    <div class=\"container\">\n        <p data-start=\"1793\" data-end=\"1941\">La <strong data-start=\"1796\" data-end=\"1814\">Mission Locale<\/strong> accompagne aussi les jeunes de <strong data-start=\"1846\" data-end=\"1886\">16 \u00e0 29 ans en situation de handicap <\/strong><strong data-start=\"1899\" data-end=\"1940\">reconnu ou en cours de reconnaissance<\/strong>.<\/p><h3 data-start=\"1943\" data-end=\"1970\">Ce que nous proposons :<\/h3><ul data-start=\"1972\" data-end=\"2364\"><li data-start=\"1972\" data-end=\"2073\"><p data-start=\"1974\" data-end=\"2073\">\ud83d\udd0d <strong data-start=\"1977\" data-end=\"2023\">Information et explication du dossier MDPH<\/strong>\u00a0<\/p><\/li><li data-start=\"2074\" data-end=\"2182\"><p data-start=\"2076\" data-end=\"2182\">\ud83d\udcdd <strong data-start=\"2079\" data-end=\"2121\">Aide \u00e0 la constitution du dossier MDPH<\/strong>\u00a0<\/p><\/li><li data-start=\"2183\" data-end=\"2261\"><p data-start=\"2185\" data-end=\"2261\">\ud83c\udf93 <strong data-start=\"2188\" data-end=\"2235\">Orientation vers des formations sp\u00e9cifiques<\/strong> en lien avec ton handicap<\/p><\/li><li data-start=\"2262\" data-end=\"2364\"><p data-start=\"2264\" data-end=\"2364\">\ud83d\udcbc <strong data-start=\"2267\" data-end=\"2314\">Appui \u00e0 l\u2019insertion professionnelle adapt\u00e9e<\/strong>, en lien avec nos partenaires (ESAT, Cap Emploi..)<\/p><\/li><\/ul>\n    <\/div>\n\t\t<\/div>\n\t\t\t\t<\/div>\n\t\t\t\t\t<\/div>\n\t\t\t\t<\/div>\n\t\t<div class=\"elementor-element elementor-element-29a0101 e-flex e-con-boxed e-con e-parent\" data-id=\"29a0101\" data-element_type=\"container\">\n\t\t\t\t\t<div class=\"e-con-inner\">\n\t\t\t\t<div class=\"elementor-element elementor-element-267a90e elementor-widget elementor-widget-block_titre\" data-id=\"267a90e\" data-element_type=\"widget\" data-widget_type=\"block_titre.default\">\n\t\t\t\t<div class=\"elementor-widget-container\">\n\t\t\t    <div class=\"container\">\n        <h2>\n            Un r\u00e9seau de partenaires pour t\u2019accompagner\n        <\/h2>\n    <\/div>\n\t\t<\/div>\n\t\t\t\t<\/div>\n\t\t\t\t\t<\/div>\n\t\t\t\t<\/div>\n\t\t<div class=\"elementor-element elementor-element-8798de9 e-flex e-con-boxed e-con e-parent\" data-id=\"8798de9\" data-element_type=\"container\">\n\t\t\t\t\t<div class=\"e-con-inner\">\n\t\t\t\t<div class=\"elementor-element elementor-element-8a0004d elementor-widget elementor-widget-block_simple_texte\" data-id=\"8a0004d\" data-element_type=\"widget\" data-widget_type=\"block_simple_texte.default\">\n\t\t\t\t<div class=\"elementor-widget-container\">\n\t\t\t    <div class=\"container\">\n        <p data-start=\"2833\" data-end=\"2921\">La Mission Locale travaille en lien \u00e9troit avec les <strong data-start=\"2885\" data-end=\"2919\">acteurs du territoire d\u2019Elbeuf<\/strong> :<\/p><ul data-start=\"2923\" data-end=\"3079\"><li data-start=\"2923\" data-end=\"2953\"><p data-start=\"2925\" data-end=\"2953\"><strong data-start=\"2925\" data-end=\"2933\">CPAM<\/strong>\u00a0<\/p><\/li><li data-start=\"2954\" data-end=\"2964\"><p data-start=\"2956\" data-end=\"2964\"><strong data-start=\"2956\" data-end=\"2964\">MDPH<\/strong><\/p><\/li><li data-start=\"2965\" data-end=\"2981\"><p data-start=\"2967\" data-end=\"2981\"><strong data-start=\"2967\" data-end=\"2981\">Cap Emploi<\/strong><\/p><\/li><li data-start=\"2982\" data-end=\"3021\"><p data-start=\"2984\" data-end=\"3021\"><strong data-start=\"2984\" data-end=\"2992\">ESAT<\/strong> et structures de r\u00e9insertion<\/p><\/li><li data-start=\"3022\" data-end=\"3079\"><p data-start=\"3024\" data-end=\"3079\"><strong data-start=\"3041\" data-end=\"3056\">Le Lieu-Dit<\/strong>, l'atelier <strong data-start=\"3058\" data-end=\"3073\">Sant\u00e9 Ville<\/strong>, contrat local de sant\u00e9...<\/p><\/li><\/ul><p data-start=\"3081\" data-end=\"3198\">\ud83d\udc49 Ensemble, nous facilitons tes d\u00e9marches et assurons une prise en charge coh\u00e9rente et respectueuse de ta situation.<\/p>\n    <\/div>\n\t\t<\/div>\n\t\t\t\t<\/div>\n\t\t\t\t<div class=\"elementor-element elementor-element-ac0ae72 elementor-widget elementor-widget-block_titre\" data-id=\"ac0ae72\" data-element_type=\"widget\" data-widget_type=\"block_titre.default\">\n\t\t\t\t<div class=\"elementor-widget-container\">\n\t\t\t    <div class=\"container\">\n        <h2>\n            Permanence Psy en individuel\n        <\/h2>\n    <\/div>\n\t\t<\/div>\n\t\t\t\t<\/div>\n\t\t\t\t<div class=\"elementor-element elementor-element-8e61bc2 elementor-widget elementor-widget-block_simple_texte\" data-id=\"8e61bc2\" data-element_type=\"widget\" data-widget_type=\"block_simple_texte.default\">\n\t\t\t\t<div class=\"elementor-widget-container\">\n\t\t\t    <div class=\"container\">\n        <p>Marie Lefevre,\u00a0Psychologue clinicienne du\u00a0Point d'Accueil Ecoute Jeunes re\u00e7oit dans les locaux de la Mission Locale de l'agglom\u00e9ration d'Elbeuf des jeunes en entretien individuel<\/p><p>Si tu souhaites la rencontrer, tu peux en parler avec ton\/ta conseiller.\u00e8re<\/p><p>\u00a0<\/p>\n    <\/div>\n\t\t<\/div>\n\t\t\t\t<\/div>\n\t\t\t\t\t<\/div>\n\t\t\t\t<\/div>\n\t\t<div class=\"elementor-element elementor-element-bb1fdb3 e-flex e-con-boxed e-con e-parent\" data-id=\"bb1fdb3\" data-element_type=\"container\">\n\t\t\t\t\t<div class=\"e-con-inner\">\n\t\t\t\t<div class=\"elementor-element elementor-element-7bc1e33 elementor-widget elementor-widget-block_titre\" data-id=\"7bc1e33\" data-element_type=\"widget\" data-widget_type=\"block_titre.default\">\n\t\t\t\t<div class=\"elementor-widget-container\">\n\t\t\t    <div class=\"container\">\n        <h2>\n            Tu as besoin d\u2019aide ? Parlons-en !\n        <\/h2>\n    <\/div>\n\t\t<\/div>\n\t\t\t\t<\/div>\n\t\t\t\t\t<\/div>\n\t\t\t\t<\/div>\n\t\t<div class=\"elementor-element elementor-element-9fec8f0 e-flex e-con-boxed e-con e-parent\" data-id=\"9fec8f0\" data-element_type=\"container\">\n\t\t\t\t\t<div class=\"e-con-inner\">\n\t\t\t\t<div class=\"elementor-element elementor-element-b6f259e elementor-widget elementor-widget-block_simple_texte\" data-id=\"b6f259e\" data-element_type=\"widget\" data-widget_type=\"block_simple_texte.default\">\n\t\t\t\t<div class=\"elementor-widget-container\">\n\t\t\t    <div class=\"container\">\n        <p>Tu es concern\u00e9(e) par une probl\u00e9matique de sant\u00e9, tu es en situation de handicap, ou tu as besoin d\u2019un accompagnement pour faire valoir tes droits ?<\/p><p>\ud83d\udcde 02 32 96 44 30<\/p>\n    <\/div>\n\t\t<\/div>\n\t\t\t\t<\/div>\n\t\t\t\t\t<\/div>\n\t\t\t\t<\/div>\n\t\t\t\t<\/div>\n\t\t","protected":false},"excerpt":{"rendered":"<p>Sant\u00e9 &amp; Handicap \u2013 Un accompagnement global pour les jeunes Tu as des questions sur ta sant\u00e9, tes droits et tes d\u00e9marches ? Tu es dans une situation de handicap reconnue ou non ? Tu as besoin de conseils et d&#8217;un accompagnement ? La Mission Locale de l&#8217;agglom\u00e9ration d&#8217;Elbeuf te propose un espace d&#8217;\u00e9coute, d&#8217;information [&hellip;]<\/p>\n","protected":false},"author":27,"featured_media":0,"parent":0,"menu_order":0,"comment_status":"closed","ping_status":"closed","template":"","meta":{"_acf_changed":false,"_crosspost_to_1":false,"_crosspost_to_2":false,"_crosspost_to_3":false,"_crosspost_to_4":false,"_crosspost_to_5":false,"_crosspost_to_7":false,"_crosspost_to_8":false,"_crosspost_to_11":false,"_crosspost_to_12":false,"_crosspost_to_13":false,"_crosspost_to_14":false,"_crosspost_to_15":false,"_crosspost_to_16":false,"inline_featured_image":false,"footnotes":""},"acf":[],"yoast_head":"<!-- This site is optimized with the Yoast SEO plugin v21.9.1 - https:\/\/yoast.com\/wordpress\/plugins\/seo\/ -->\n<title>Sant\u00e9 - MISSION LOCALE DE L&#039;AGGLOMERATION D&#039;ELBEUF Sant\u00e9<\/title>\n<meta name=\"description\" content=\"La Mission Locale propose un accompagnement sant\u00e9 pour les jeunes afin de faciliter l\u2019acc\u00e8s aux soins, \u00e0 la pr\u00e9vention et aux droits\" \/>\n<meta name=\"robots\" content=\"index, follow, max-snippet:-1, max-image-preview:large, max-video-preview:-1\" \/>\n<link rel=\"canonical\" href=\"https:\/\/www.missionslocalesnormandie.fr\/mission-locale-agglomeration-elbeuf\/sante-2\/\" \/>\n<meta property=\"og:locale\" content=\"fr_FR\" \/>\n<meta property=\"og:type\" content=\"article\" \/>\n<meta property=\"og:title\" content=\"Sant\u00e9 - MISSION LOCALE DE L&#039;AGGLOMERATION D&#039;ELBEUF Sant\u00e9\" \/>\n<meta property=\"og:description\" content=\"La Mission Locale propose un accompagnement sant\u00e9 pour les jeunes afin de faciliter l\u2019acc\u00e8s aux soins, \u00e0 la pr\u00e9vention et aux droits\" \/>\n<meta property=\"og:url\" content=\"https:\/\/www.missionslocalesnormandie.fr\/mission-locale-agglomeration-elbeuf\/sante-2\/\" \/>\n<meta property=\"og:site_name\" content=\"MISSION LOCALE DE L&#039;AGGLOMERATION D&#039;ELBEUF\" \/>\n<meta property=\"article:modified_time\" content=\"2025-09-16T12:34:00+00:00\" \/>\n<meta name=\"twitter:card\" content=\"summary_large_image\" \/>\n<meta name=\"twitter:label1\" content=\"Dur\u00e9e de lecture estim\u00e9e\" \/>\n\t<meta name=\"twitter:data1\" content=\"4 minutes\" \/>\n<script type=\"application\/ld+json\" class=\"yoast-schema-graph\">{\"@context\":\"https:\/\/schema.org\",\"@graph\":[{\"@type\":\"WebPage\",\"@id\":\"https:\/\/www.missionslocalesnormandie.fr\/mission-locale-agglomeration-elbeuf\/sante-2\/\",\"url\":\"https:\/\/www.missionslocalesnormandie.fr\/mission-locale-agglomeration-elbeuf\/sante-2\/\",\"name\":\"Sant\u00e9 - MISSION LOCALE DE L&#039;AGGLOMERATION D&#039;ELBEUF Sant\u00e9\",\"isPartOf\":{\"@id\":\"https:\/\/www.missionslocalesnormandie.fr\/mission-locale-agglomeration-elbeuf\/#website\"},\"datePublished\":\"2025-07-31T14:25:54+00:00\",\"dateModified\":\"2025-09-16T12:34:00+00:00\",\"description\":\"La Mission Locale propose un accompagnement sant\u00e9 pour les jeunes afin de faciliter l\u2019acc\u00e8s aux soins, \u00e0 la pr\u00e9vention et aux droits\",\"breadcrumb\":{\"@id\":\"https:\/\/www.missionslocalesnormandie.fr\/mission-locale-agglomeration-elbeuf\/sante-2\/#breadcrumb\"},\"inLanguage\":\"fr-FR\",\"potentialAction\":[{\"@type\":\"ReadAction\",\"target\":[\"https:\/\/www.missionslocalesnormandie.fr\/mission-locale-agglomeration-elbeuf\/sante-2\/\"]}]},{\"@type\":\"BreadcrumbList\",\"@id\":\"https:\/\/www.missionslocalesnormandie.fr\/mission-locale-agglomeration-elbeuf\/sante-2\/#breadcrumb\",\"itemListElement\":[{\"@type\":\"ListItem\",\"position\":1,\"name\":\"Home\",\"item\":\"https:\/\/www.missionslocalesnormandie.fr\/mission-locale-agglomeration-elbeuf\/\"},{\"@type\":\"ListItem\",\"position\":2,\"name\":\"Sant\u00e9\"}]},{\"@type\":\"WebSite\",\"@id\":\"https:\/\/www.missionslocalesnormandie.fr\/mission-locale-agglomeration-elbeuf\/#website\",\"url\":\"https:\/\/www.missionslocalesnormandie.fr\/mission-locale-agglomeration-elbeuf\/\",\"name\":\"MISSION LOCALE DE L&#039;AGGLOMERATION D&#039;ELBEUF\",\"description\":\"\",\"publisher\":{\"@id\":\"https:\/\/www.missionslocalesnormandie.fr\/mission-locale-agglomeration-elbeuf\/#organization\"},\"potentialAction\":[{\"@type\":\"SearchAction\",\"target\":{\"@type\":\"EntryPoint\",\"urlTemplate\":\"https:\/\/www.missionslocalesnormandie.fr\/mission-locale-agglomeration-elbeuf\/?s={search_term_string}\"},\"query-input\":\"required name=search_term_string\"}],\"inLanguage\":\"fr-FR\"},{\"@type\":\"Organization\",\"@id\":\"https:\/\/www.missionslocalesnormandie.fr\/mission-locale-agglomeration-elbeuf\/#organization\",\"name\":\"MISSION LOCALE DE L&#039;AGGLOMERATION D&#039;ELBEUF\",\"url\":\"https:\/\/www.missionslocalesnormandie.fr\/mission-locale-agglomeration-elbeuf\/\",\"logo\":{\"@type\":\"ImageObject\",\"inLanguage\":\"fr-FR\",\"@id\":\"https:\/\/www.missionslocalesnormandie.fr\/mission-locale-agglomeration-elbeuf\/#\/schema\/logo\/image\/\",\"url\":\"https:\/\/www.missionslocalesnormandie.fr\/content\/uploads\/sites\/6\/2023\/12\/MLELBEUF-New-logo-fond-bleu.png\",\"contentUrl\":\"https:\/\/www.missionslocalesnormandie.fr\/content\/uploads\/sites\/6\/2023\/12\/MLELBEUF-New-logo-fond-bleu.png\",\"width\":1843,\"height\":1616,\"caption\":\"MISSION LOCALE DE L&#039;AGGLOMERATION D&#039;ELBEUF\"},\"image\":{\"@id\":\"https:\/\/www.missionslocalesnormandie.fr\/mission-locale-agglomeration-elbeuf\/#\/schema\/logo\/image\/\"}}]}<\/script>\n<!-- \/ Yoast SEO plugin. -->","yoast_head_json":{"title":"Sant\u00e9 - MISSION LOCALE DE L&#039;AGGLOMERATION D&#039;ELBEUF Sant\u00e9","description":"La Mission Locale propose un accompagnement sant\u00e9 pour les jeunes afin de faciliter l\u2019acc\u00e8s aux soins, \u00e0 la pr\u00e9vention et aux droits","robots":{"index":"index","follow":"follow","max-snippet":"max-snippet:-1","max-image-preview":"max-image-preview:large","max-video-preview":"max-video-preview:-1"},"canonical":"https:\/\/www.missionslocalesnormandie.fr\/mission-locale-agglomeration-elbeuf\/sante-2\/","og_locale":"fr_FR","og_type":"article","og_title":"Sant\u00e9 - MISSION LOCALE DE L&#039;AGGLOMERATION D&#039;ELBEUF Sant\u00e9","og_description":"La Mission Locale propose un accompagnement sant\u00e9 pour les jeunes afin de faciliter l\u2019acc\u00e8s aux soins, \u00e0 la pr\u00e9vention et aux droits","og_url":"https:\/\/www.missionslocalesnormandie.fr\/mission-locale-agglomeration-elbeuf\/sante-2\/","og_site_name":"MISSION LOCALE DE L&#039;AGGLOMERATION D&#039;ELBEUF","article_modified_time":"2025-09-16T12:34:00+00:00","twitter_card":"summary_large_image","twitter_misc":{"Dur\u00e9e de lecture estim\u00e9e":"4 minutes"},"schema":{"@context":"https:\/\/schema.org","@graph":[{"@type":"WebPage","@id":"https:\/\/www.missionslocalesnormandie.fr\/mission-locale-agglomeration-elbeuf\/sante-2\/","url":"https:\/\/www.missionslocalesnormandie.fr\/mission-locale-agglomeration-elbeuf\/sante-2\/","name":"Sant\u00e9 - MISSION LOCALE DE L&#039;AGGLOMERATION D&#039;ELBEUF Sant\u00e9","isPartOf":{"@id":"https:\/\/www.missionslocalesnormandie.fr\/mission-locale-agglomeration-elbeuf\/#website"},"datePublished":"2025-07-31T14:25:54+00:00","dateModified":"2025-09-16T12:34:00+00:00","description":"La Mission Locale propose un accompagnement sant\u00e9 pour les jeunes afin de faciliter l\u2019acc\u00e8s aux soins, \u00e0 la pr\u00e9vention et aux droits","breadcrumb":{"@id":"https:\/\/www.missionslocalesnormandie.fr\/mission-locale-agglomeration-elbeuf\/sante-2\/#breadcrumb"},"inLanguage":"fr-FR","potentialAction":[{"@type":"ReadAction","target":["https:\/\/www.missionslocalesnormandie.fr\/mission-locale-agglomeration-elbeuf\/sante-2\/"]}]},{"@type":"BreadcrumbList","@id":"https:\/\/www.missionslocalesnormandie.fr\/mission-locale-agglomeration-elbeuf\/sante-2\/#breadcrumb","itemListElement":[{"@type":"ListItem","position":1,"name":"Home","item":"https:\/\/www.missionslocalesnormandie.fr\/mission-locale-agglomeration-elbeuf\/"},{"@type":"ListItem","position":2,"name":"Sant\u00e9"}]},{"@type":"WebSite","@id":"https:\/\/www.missionslocalesnormandie.fr\/mission-locale-agglomeration-elbeuf\/#website","url":"https:\/\/www.missionslocalesnormandie.fr\/mission-locale-agglomeration-elbeuf\/","name":"MISSION LOCALE DE L&#039;AGGLOMERATION D&#039;ELBEUF","description":"","publisher":{"@id":"https:\/\/www.missionslocalesnormandie.fr\/mission-locale-agglomeration-elbeuf\/#organization"},"potentialAction":[{"@type":"SearchAction","target":{"@type":"EntryPoint","urlTemplate":"https:\/\/www.missionslocalesnormandie.fr\/mission-locale-agglomeration-elbeuf\/?s={search_term_string}"},"query-input":"required name=search_term_string"}],"inLanguage":"fr-FR"},{"@type":"Organization","@id":"https:\/\/www.missionslocalesnormandie.fr\/mission-locale-agglomeration-elbeuf\/#organization","name":"MISSION LOCALE DE L&#039;AGGLOMERATION D&#039;ELBEUF","url":"https:\/\/www.missionslocalesnormandie.fr\/mission-locale-agglomeration-elbeuf\/","logo":{"@type":"ImageObject","inLanguage":"fr-FR","@id":"https:\/\/www.missionslocalesnormandie.fr\/mission-locale-agglomeration-elbeuf\/#\/schema\/logo\/image\/","url":"https:\/\/www.missionslocalesnormandie.fr\/content\/uploads\/sites\/6\/2023\/12\/MLELBEUF-New-logo-fond-bleu.png","contentUrl":"https:\/\/www.missionslocalesnormandie.fr\/content\/uploads\/sites\/6\/2023\/12\/MLELBEUF-New-logo-fond-bleu.png","width":1843,"height":1616,"caption":"MISSION LOCALE DE L&#039;AGGLOMERATION D&#039;ELBEUF"},"image":{"@id":"https:\/\/www.missionslocalesnormandie.fr\/mission-locale-agglomeration-elbeuf\/#\/schema\/logo\/image\/"}}]}},"_links":{"self":[{"href":"https:\/\/www.missionslocalesnormandie.fr\/mission-locale-agglomeration-elbeuf\/wp-json\/wp\/v2\/pages\/680"}],"collection":[{"href":"https:\/\/www.missionslocalesnormandie.fr\/mission-locale-agglomeration-elbeuf\/wp-json\/wp\/v2\/pages"}],"about":[{"href":"https:\/\/www.missionslocalesnormandie.fr\/mission-locale-agglomeration-elbeuf\/wp-json\/wp\/v2\/types\/page"}],"author":[{"embeddable":true,"href":"https:\/\/www.missionslocalesnormandie.fr\/mission-locale-agglomeration-elbeuf\/wp-json\/wp\/v2\/users\/27"}],"replies":[{"embeddable":true,"href":"https:\/\/www.missionslocalesnormandie.fr\/mission-locale-agglomeration-elbeuf\/wp-json\/wp\/v2\/comments?post=680"}],"version-history":[{"count":16,"href":"https:\/\/www.missionslocalesnormandie.fr\/mission-locale-agglomeration-elbeuf\/wp-json\/wp\/v2\/pages\/680\/revisions"}],"predecessor-version":[{"id":966,"href":"https:\/\/www.missionslocalesnormandie.fr\/mission-locale-agglomeration-elbeuf\/wp-json\/wp\/v2\/pages\/680\/revisions\/966"}],"wp:attachment":[{"href":"https:\/\/www.missionslocalesnormandie.fr\/mission-locale-agglomeration-elbeuf\/wp-json\/wp\/v2\/media?parent=680"}],"curies":[{"name":"wp","href":"https:\/\/api.w.org\/{rel}","templated":true}]}}