{"id":699,"date":"2025-08-01T09:59:31","date_gmt":"2025-08-01T07:59:31","guid":{"rendered":"https:\/\/www.missionslocalesnormandie.fr\/mission-locale-agglomeration-elbeuf\/?page_id=699"},"modified":"2025-10-16T14:55:19","modified_gmt":"2025-10-16T12:55:19","slug":"parcours-daccompagnement-oriente","status":"publish","type":"page","link":"https:\/\/www.missionslocalesnormandie.fr\/mission-locale-agglomeration-elbeuf\/parcours-daccompagnement-oriente\/","title":{"rendered":"PAO"},"content":{"rendered":"\t\t<div data-elementor-type=\"wp-page\" data-elementor-id=\"699\" class=\"elementor elementor-699\">\n\t\t\t\t<div class=\"elementor-element elementor-element-6f3c56e e-flex e-con-boxed e-con e-parent\" data-id=\"6f3c56e\" data-element_type=\"container\">\n\t\t\t\t\t<div class=\"e-con-inner\">\n\t\t\t\t<div class=\"elementor-element elementor-element-21b891a elementor-widget elementor-widget-block_titre\" data-id=\"21b891a\" data-element_type=\"widget\" data-widget_type=\"block_titre.default\">\n\t\t\t\t<div class=\"elementor-widget-container\">\n\t\t\t    <div class=\"container\">\n        <h2>\n            PAO \u2013 Parcours d\u2019Accompagnement Orient\u00e9\n        <\/h2>\n    <\/div>\n\t\t<\/div>\n\t\t\t\t<\/div>\n\t\t\t\t\t<\/div>\n\t\t\t\t<\/div>\n\t\t<div class=\"elementor-element elementor-element-fefb647 e-flex e-con-boxed e-con e-parent\" data-id=\"fefb647\" data-element_type=\"container\">\n\t\t\t\t\t<div class=\"e-con-inner\">\n\t\t\t\t<div class=\"elementor-element elementor-element-4b06d0a elementor-widget elementor-widget-block_simple_texte\" data-id=\"4b06d0a\" data-element_type=\"widget\" data-widget_type=\"block_simple_texte.default\">\n\t\t\t\t<div class=\"elementor-widget-container\">\n\t\t\t    <div class=\"container\">\n        <p data-start=\"336\" data-end=\"522\">Le <strong data-start=\"339\" data-end=\"382\">PAO (Parcours d\u2019Accompagnement Orient\u00e9)<\/strong> est un dispositif de la Mission Locale qui te permet de te <strong data-start=\"436\" data-end=\"521\">mobiliser rapidement si tu es \u00e9loign\u00e9.e de l\u2019emploi ou en situation d\u2019inactivit\u00e9<\/strong>.<\/p><p data-start=\"524\" data-end=\"781\">L\u2019objectif est de te proposer <strong data-start=\"551\" data-end=\"597\">un accompagnement intensif, court et cibl\u00e9<\/strong> pour te permettre de te (re)mobiliser autour d\u2019un <strong data-start=\"654\" data-end=\"678\">projet professionnel<\/strong>, de d\u00e9couvrir des secteurs d\u2019activit\u00e9 et de construire les premi\u00e8res \u00e9tapes d\u2019un parcours d\u2019insertion.<\/p>\n    <\/div>\n\t\t<\/div>\n\t\t\t\t<\/div>\n\t\t\t\t\t<\/div>\n\t\t\t\t<\/div>\n\t\t<div class=\"elementor-element elementor-element-2dba737 e-flex e-con-boxed e-con e-parent\" data-id=\"2dba737\" data-element_type=\"container\">\n\t\t\t\t\t<div class=\"e-con-inner\">\n\t\t\t\t<div class=\"elementor-element elementor-element-febce21 elementor-widget elementor-widget-block_titre\" data-id=\"febce21\" data-element_type=\"widget\" data-widget_type=\"block_titre.default\">\n\t\t\t\t<div class=\"elementor-widget-container\">\n\t\t\t    <div class=\"container\">\n        <h2>\n            Objectifs du PAO\n        <\/h2>\n    <\/div>\n\t\t<\/div>\n\t\t\t\t<\/div>\n\t\t\t\t\t<\/div>\n\t\t\t\t<\/div>\n\t\t<div class=\"elementor-element elementor-element-e924b3f e-flex e-con-boxed e-con e-parent\" data-id=\"e924b3f\" data-element_type=\"container\">\n\t\t\t\t\t<div class=\"e-con-inner\">\n\t\t\t\t<div class=\"elementor-element elementor-element-f9402b0 elementor-widget elementor-widget-block_simple_texte\" data-id=\"f9402b0\" data-element_type=\"widget\" data-widget_type=\"block_simple_texte.default\">\n\t\t\t\t<div class=\"elementor-widget-container\">\n\t\t\t    <div class=\"container\">\n        <ul><li data-start=\"1092\" data-end=\"1125\"><p data-start=\"1094\" data-end=\"1125\">Faire le point sur sa situation<\/p><\/li><li data-start=\"1126\" data-end=\"1175\"><p data-start=\"1128\" data-end=\"1175\">Identifier ses atouts, ses freins et ses envies<\/p><\/li><li data-start=\"1176\" data-end=\"1215\"><p data-start=\"1178\" data-end=\"1215\">D\u00e9couvrir des secteurs professionnels<\/p><\/li><li data-start=\"1216\" data-end=\"1259\"><p data-start=\"1218\" data-end=\"1259\">Construire un d\u00e9but de projet d\u2019insertion<\/p><\/li><li data-start=\"1260\" data-end=\"1297\"><p data-start=\"1262\" data-end=\"1297\">Reprendre un rythme, se remobiliser<\/p><\/li><li data-start=\"1298\" data-end=\"1360\"><p data-start=\"1300\" data-end=\"1360\">Acc\u00e9der \u00e0 un autre dispositif d\u2019accompagnement (CEJ, PACEA\u2026)<\/p><\/li><\/ul>\n    <\/div>\n\t\t<\/div>\n\t\t\t\t<\/div>\n\t\t\t\t\t<\/div>\n\t\t\t\t<\/div>\n\t\t<div class=\"elementor-element elementor-element-524f526 e-flex e-con-boxed e-con e-parent\" data-id=\"524f526\" data-element_type=\"container\">\n\t\t\t\t\t<div class=\"e-con-inner\">\n\t\t\t\t<div class=\"elementor-element elementor-element-1ec197a elementor-widget elementor-widget-block_titre\" data-id=\"1ec197a\" data-element_type=\"widget\" data-widget_type=\"block_titre.default\">\n\t\t\t\t<div class=\"elementor-widget-container\">\n\t\t\t    <div class=\"container\">\n        <h2>\n             Comment \u00e7a se passe ?\n        <\/h2>\n    <\/div>\n\t\t<\/div>\n\t\t\t\t<\/div>\n\t\t\t\t\t<\/div>\n\t\t\t\t<\/div>\n\t\t<div class=\"elementor-element elementor-element-e1e5be0 e-flex e-con-boxed e-con e-parent\" data-id=\"e1e5be0\" data-element_type=\"container\">\n\t\t\t\t\t<div class=\"e-con-inner\">\n\t\t\t\t<div class=\"elementor-element elementor-element-c8c9f69 elementor-widget elementor-widget-block_simple_texte\" data-id=\"c8c9f69\" data-element_type=\"widget\" data-widget_type=\"block_simple_texte.default\">\n\t\t\t\t<div class=\"elementor-widget-container\">\n\t\t\t    <div class=\"container\">\n        <p data-start=\"1396\" data-end=\"1521\">Le PAO se d\u00e9roule sur en <strong data-start=\"1441\" data-end=\"1459\">petits groupes<\/strong> de jeunes accompagn\u00e9s par un conseiller de la Mission Locale.<\/p><h3 data-start=\"1523\" data-end=\"1549\">Le parcours comprend :<\/h3><p data-start=\"1550\" data-end=\"1948\">\ud83e\udded <strong data-start=\"1553\" data-end=\"1579\">Entretiens individuels<\/strong> pour poser un diagnostic et fixer des objectifs<br data-start=\"1627\" data-end=\"1630\" \/>\ud83d\udc65 <strong data-start=\"1633\" data-end=\"1656\">Ateliers collectifs<\/strong> autour de l\u2019orientation, la confiance en soi, la communication<br data-start=\"1719\" data-end=\"1722\" \/>\ud83c\udfed <strong data-start=\"1725\" data-end=\"1777\">Visites d\u2019entreprises ou de centres de formation<\/strong> pour d\u00e9couvrir des m\u00e9tiers<br data-start=\"1804\" data-end=\"1807\" \/>\ud83d\udcac <strong data-start=\"1810\" data-end=\"1842\">Rencontres de professionnels<\/strong> pour s\u2019informer et poser des questions<br data-start=\"1881\" data-end=\"1884\" \/>\ud83d\udcdd <strong data-start=\"1887\" data-end=\"1913\">Bilan final individuel<\/strong> avec un plan d\u2019action personnalis\u00e9<\/p>\n    <\/div>\n\t\t<\/div>\n\t\t\t\t<\/div>\n\t\t\t\t\t<\/div>\n\t\t\t\t<\/div>\n\t\t<div class=\"elementor-element elementor-element-d05934c e-flex e-con-boxed e-con e-parent\" data-id=\"d05934c\" data-element_type=\"container\">\n\t\t\t\t\t<div class=\"e-con-inner\">\n\t\t\t\t<div class=\"elementor-element elementor-element-cd5235c elementor-widget elementor-widget-block_titre\" data-id=\"cd5235c\" data-element_type=\"widget\" data-widget_type=\"block_titre.default\">\n\t\t\t\t<div class=\"elementor-widget-container\">\n\t\t\t    <div class=\"container\">\n        <h2>\n            Une \u00e9quipe \u00e0 l\u2019\u00e9coute\n        <\/h2>\n    <\/div>\n\t\t<\/div>\n\t\t\t\t<\/div>\n\t\t\t\t\t<\/div>\n\t\t\t\t<\/div>\n\t\t<div class=\"elementor-element elementor-element-6f71bbc e-flex e-con-boxed e-con e-parent\" data-id=\"6f71bbc\" data-element_type=\"container\">\n\t\t\t\t\t<div class=\"e-con-inner\">\n\t\t\t\t<div class=\"elementor-element elementor-element-b499153 elementor-widget elementor-widget-block_simple_texte\" data-id=\"b499153\" data-element_type=\"widget\" data-widget_type=\"block_simple_texte.default\">\n\t\t\t\t<div class=\"elementor-widget-container\">\n\t\t\t    <div class=\"container\">\n        <p>Durant tout le parcours, tu seras accompagn\u00e9.e par <strong data-start=\"2041\" data-end=\"2072\">un conseiller<\/strong> d\u00e9di\u00e9, qui assurera un <strong data-start=\"2097\" data-end=\"2119\">suivi de proximit\u00e9<\/strong>, favorisera les mises en relation avec les partenaires, et <strong data-start=\"2179\" data-end=\"2225\">pr\u00e9parera la suite de ton parcours d\u2019insertion<\/strong>.<\/p>\n    <\/div>\n\t\t<\/div>\n\t\t\t\t<\/div>\n\t\t\t\t\t<\/div>\n\t\t\t\t<\/div>\n\t\t<div class=\"elementor-element elementor-element-d45e03a e-flex e-con-boxed e-con e-parent\" data-id=\"d45e03a\" data-element_type=\"container\">\n\t\t\t\t\t<div class=\"e-con-inner\">\n\t\t\t\t<div class=\"elementor-element elementor-element-36a080a elementor-widget elementor-widget-block_titre\" data-id=\"36a080a\" data-element_type=\"widget\" data-widget_type=\"block_titre.default\">\n\t\t\t\t<div class=\"elementor-widget-container\">\n\t\t\t    <div class=\"container\">\n        <h2>\n            Pour qui ?\n        <\/h2>\n    <\/div>\n\t\t<\/div>\n\t\t\t\t<\/div>\n\t\t\t\t\t<\/div>\n\t\t\t\t<\/div>\n\t\t<div class=\"elementor-element elementor-element-ae4baf1 e-flex e-con-boxed e-con e-parent\" data-id=\"ae4baf1\" data-element_type=\"container\">\n\t\t\t\t\t<div class=\"e-con-inner\">\n\t\t\t\t<div class=\"elementor-element elementor-element-113d7ed elementor-widget elementor-widget-block_simple_texte\" data-id=\"113d7ed\" data-element_type=\"widget\" data-widget_type=\"block_simple_texte.default\">\n\t\t\t\t<div class=\"elementor-widget-container\">\n\t\t\t    <div class=\"container\">\n        <p data-start=\"806\" data-end=\"854\">Le PAO s\u2019adresse aux <strong data-start=\"827\" data-end=\"852\">jeunes de 16 \u00e0 25 ans<\/strong> :<\/p><ul data-start=\"856\" data-end=\"1061\"><li data-start=\"856\" data-end=\"886\"><p data-start=\"858\" data-end=\"886\">Inscrits \u00e0 la Mission Locale<\/p><\/li><li data-start=\"887\" data-end=\"914\"><p data-start=\"889\" data-end=\"914\">Sans emploi, ni formation<\/p><\/li><li data-start=\"915\" data-end=\"948\"><p data-start=\"917\" data-end=\"948\">\u00c9loign\u00e9s du monde professionnel<\/p><\/li><li data-start=\"949\" data-end=\"1004\"><p data-start=\"951\" data-end=\"1004\">Ayant besoin d\u2019un <strong data-start=\"969\" data-end=\"1004\">accompagnement rapide et adapt\u00e9<\/strong><\/p><\/li><li data-start=\"1005\" data-end=\"1061\"><p data-start=\"1007\" data-end=\"1061\">Motiv\u00e9s \u00e0 se r\u00e9inscrire dans une dynamique d\u2019insertion<\/p><\/li><\/ul>\n    <\/div>\n\t\t<\/div>\n\t\t\t\t<\/div>\n\t\t\t\t\t<\/div>\n\t\t\t\t<\/div>\n\t\t<div class=\"elementor-element elementor-element-7173de8 e-flex e-con-boxed e-con e-parent\" data-id=\"7173de8\" data-element_type=\"container\">\n\t\t\t\t\t<div class=\"e-con-inner\">\n\t\t\t\t<div class=\"elementor-element elementor-element-9e5f579 elementor-widget elementor-widget-block_titre\" data-id=\"9e5f579\" data-element_type=\"widget\" data-widget_type=\"block_titre.default\">\n\t\t\t\t<div class=\"elementor-widget-container\">\n\t\t\t    <div class=\"container\">\n        <h2>\n            Et apr\u00e8s ?\n        <\/h2>\n    <\/div>\n\t\t<\/div>\n\t\t\t\t<\/div>\n\t\t\t\t\t<\/div>\n\t\t\t\t<\/div>\n\t\t<div class=\"elementor-element elementor-element-24d2644 e-flex e-con-boxed e-con e-parent\" data-id=\"24d2644\" data-element_type=\"container\">\n\t\t\t\t\t<div class=\"e-con-inner\">\n\t\t\t\t<div class=\"elementor-element elementor-element-d43e14d elementor-widget elementor-widget-block_simple_texte\" data-id=\"d43e14d\" data-element_type=\"widget\" data-widget_type=\"block_simple_texte.default\">\n\t\t\t\t<div class=\"elementor-widget-container\">\n\t\t\t    <div class=\"container\">\n        <p data-start=\"2250\" data-end=\"2325\">\u00c0 la fin du PAO, plusieurs suites sont possibles selon ton profil :<\/p><ul data-start=\"2327\" data-end=\"2558\"><li data-start=\"2327\" data-end=\"2382\"><p data-start=\"2329\" data-end=\"2382\">Entr\u00e9e dans un <strong data-start=\"2344\" data-end=\"2368\">dispositif plus long<\/strong> (PACEA, CEJ\u2026)<\/p><\/li><li data-start=\"2383\" data-end=\"2409\"><p data-start=\"2385\" data-end=\"2409\">Int\u00e9gration en formation<\/p><\/li><li data-start=\"2410\" data-end=\"2441\"><p data-start=\"2412\" data-end=\"2441\">Accompagnement vers un emploi<\/p><\/li><li data-start=\"2442\" data-end=\"2496\"><p data-start=\"2444\" data-end=\"2496\">Mobilisation d\u2019une action sant\u00e9, logement, mobilit\u00e9\u2026<\/p><\/li><li data-start=\"2497\" data-end=\"2558\"><p data-start=\"2499\" data-end=\"2558\">Pr\u00e9paration \u00e0 un contrat<\/p><\/li><\/ul>\n    <\/div>\n\t\t<\/div>\n\t\t\t\t<\/div>\n\t\t\t\t\t<\/div>\n\t\t\t\t<\/div>\n\t\t<div class=\"elementor-element elementor-element-ffd8e8b e-flex e-con-boxed e-con e-parent\" data-id=\"ffd8e8b\" data-element_type=\"container\">\n\t\t\t\t\t<div class=\"e-con-inner\">\n\t\t\t\t<div class=\"elementor-element elementor-element-8fad85d elementor-widget elementor-widget-block_titre\" data-id=\"8fad85d\" data-element_type=\"widget\" data-widget_type=\"block_titre.default\">\n\t\t\t\t<div class=\"elementor-widget-container\">\n\t\t\t    <div class=\"container\">\n        <h2>\n             Int\u00e9ress\u00e9.e ? Viens en parler\n        <\/h2>\n    <\/div>\n\t\t<\/div>\n\t\t\t\t<\/div>\n\t\t\t\t\t<\/div>\n\t\t\t\t<\/div>\n\t\t<div class=\"elementor-element elementor-element-bae24d5 e-flex e-con-boxed e-con e-parent\" data-id=\"bae24d5\" data-element_type=\"container\">\n\t\t\t\t\t<div class=\"e-con-inner\">\n\t\t\t\t<div class=\"elementor-element elementor-element-66058a8 elementor-widget elementor-widget-block_simple_texte\" data-id=\"66058a8\" data-element_type=\"widget\" data-widget_type=\"block_simple_texte.default\">\n\t\t\t\t<div class=\"elementor-widget-container\">\n\t\t\t    <div class=\"container\">\n        <p data-start=\"2603\" data-end=\"2719\">Tu veux <strong data-start=\"2611\" data-end=\"2639\">te remettre en mouvement<\/strong>, r\u00e9fl\u00e9chir \u00e0 ton avenir ou d\u00e9couvrir des m\u00e9tiers ?<br data-start=\"2690\" data-end=\"2693\" \/>Le PAO est fait pour toi !<\/p><p data-start=\"2721\" data-end=\"2808\">\ud83d\udccd Contacte ta conseill\u00e8re Mission Locale<br data-start=\"2762\" data-end=\"2765\" \/>\ud83d\udcde 02 32 96 44 30<\/p>\n    <\/div>\n\t\t<\/div>\n\t\t\t\t<\/div>\n\t\t\t\t\t<\/div>\n\t\t\t\t<\/div>\n\t\t\t\t<\/div>\n\t\t","protected":false},"excerpt":{"rendered":"<p>PAO \u2013 Parcours d\u2019Accompagnement Orient\u00e9 Le PAO (Parcours d\u2019Accompagnement Orient\u00e9) est un dispositif de la Mission Locale qui te permet de te mobiliser rapidement si tu es \u00e9loign\u00e9.e de l\u2019emploi ou en situation d\u2019inactivit\u00e9. L\u2019objectif est de te proposer un accompagnement intensif, court et cibl\u00e9 pour te permettre de te (re)mobiliser autour d\u2019un projet professionnel, [&hellip;]<\/p>\n","protected":false},"author":27,"featured_media":0,"parent":0,"menu_order":0,"comment_status":"closed","ping_status":"closed","template":"","meta":{"_acf_changed":false,"_crosspost_to_1":false,"_crosspost_to_2":false,"_crosspost_to_3":false,"_crosspost_to_4":false,"_crosspost_to_5":false,"_crosspost_to_7":false,"_crosspost_to_8":false,"_crosspost_to_11":false,"_crosspost_to_12":false,"_crosspost_to_13":false,"_crosspost_to_14":false,"_crosspost_to_15":false,"_crosspost_to_16":false,"inline_featured_image":false,"footnotes":""},"acf":[],"yoast_head":"<!-- This site is optimized with the Yoast SEO plugin v21.9.1 - https:\/\/yoast.com\/wordpress\/plugins\/seo\/ -->\n<title>PAO - MISSION LOCALE DE L&#039;AGGLOMERATION D&#039;ELBEUF Parcours d\u2019Accompagnement Orient\u00e9<\/title>\n<meta name=\"description\" content=\"Le PAO : un accompagnement personnalis\u00e9 pour aider les jeunes \u00e0 construire leur orientation professionnelle.\" \/>\n<meta name=\"robots\" content=\"index, follow, max-snippet:-1, max-image-preview:large, max-video-preview:-1\" \/>\n<link rel=\"canonical\" href=\"https:\/\/www.missionslocalesnormandie.fr\/mission-locale-agglomeration-elbeuf\/parcours-daccompagnement-oriente\/\" \/>\n<meta property=\"og:locale\" content=\"fr_FR\" \/>\n<meta property=\"og:type\" content=\"article\" \/>\n<meta property=\"og:title\" content=\"PAO - MISSION LOCALE DE L&#039;AGGLOMERATION D&#039;ELBEUF Parcours d\u2019Accompagnement Orient\u00e9\" \/>\n<meta property=\"og:description\" content=\"Le PAO : un accompagnement personnalis\u00e9 pour aider les jeunes \u00e0 construire leur orientation professionnelle.\" \/>\n<meta property=\"og:url\" content=\"https:\/\/www.missionslocalesnormandie.fr\/mission-locale-agglomeration-elbeuf\/parcours-daccompagnement-oriente\/\" \/>\n<meta property=\"og:site_name\" content=\"MISSION LOCALE DE L&#039;AGGLOMERATION D&#039;ELBEUF\" \/>\n<meta property=\"article:modified_time\" content=\"2025-10-16T12:55:19+00:00\" \/>\n<meta name=\"twitter:card\" content=\"summary_large_image\" \/>\n<meta name=\"twitter:label1\" content=\"Dur\u00e9e de lecture estim\u00e9e\" \/>\n\t<meta name=\"twitter:data1\" content=\"2 minutes\" \/>\n<script type=\"application\/ld+json\" class=\"yoast-schema-graph\">{\"@context\":\"https:\/\/schema.org\",\"@graph\":[{\"@type\":\"WebPage\",\"@id\":\"https:\/\/www.missionslocalesnormandie.fr\/mission-locale-agglomeration-elbeuf\/parcours-daccompagnement-oriente\/\",\"url\":\"https:\/\/www.missionslocalesnormandie.fr\/mission-locale-agglomeration-elbeuf\/parcours-daccompagnement-oriente\/\",\"name\":\"PAO - MISSION LOCALE DE L&#039;AGGLOMERATION D&#039;ELBEUF Parcours d\u2019Accompagnement Orient\u00e9\",\"isPartOf\":{\"@id\":\"https:\/\/www.missionslocalesnormandie.fr\/mission-locale-agglomeration-elbeuf\/#website\"},\"datePublished\":\"2025-08-01T07:59:31+00:00\",\"dateModified\":\"2025-10-16T12:55:19+00:00\",\"description\":\"Le PAO : un accompagnement personnalis\u00e9 pour aider les jeunes \u00e0 construire leur orientation professionnelle.\",\"breadcrumb\":{\"@id\":\"https:\/\/www.missionslocalesnormandie.fr\/mission-locale-agglomeration-elbeuf\/parcours-daccompagnement-oriente\/#breadcrumb\"},\"inLanguage\":\"fr-FR\",\"potentialAction\":[{\"@type\":\"ReadAction\",\"target\":[\"https:\/\/www.missionslocalesnormandie.fr\/mission-locale-agglomeration-elbeuf\/parcours-daccompagnement-oriente\/\"]}]},{\"@type\":\"BreadcrumbList\",\"@id\":\"https:\/\/www.missionslocalesnormandie.fr\/mission-locale-agglomeration-elbeuf\/parcours-daccompagnement-oriente\/#breadcrumb\",\"itemListElement\":[{\"@type\":\"ListItem\",\"position\":1,\"name\":\"Home\",\"item\":\"https:\/\/www.missionslocalesnormandie.fr\/mission-locale-agglomeration-elbeuf\/\"},{\"@type\":\"ListItem\",\"position\":2,\"name\":\"PAO\"}]},{\"@type\":\"WebSite\",\"@id\":\"https:\/\/www.missionslocalesnormandie.fr\/mission-locale-agglomeration-elbeuf\/#website\",\"url\":\"https:\/\/www.missionslocalesnormandie.fr\/mission-locale-agglomeration-elbeuf\/\",\"name\":\"MISSION LOCALE DE L&#039;AGGLOMERATION D&#039;ELBEUF\",\"description\":\"\",\"publisher\":{\"@id\":\"https:\/\/www.missionslocalesnormandie.fr\/mission-locale-agglomeration-elbeuf\/#organization\"},\"potentialAction\":[{\"@type\":\"SearchAction\",\"target\":{\"@type\":\"EntryPoint\",\"urlTemplate\":\"https:\/\/www.missionslocalesnormandie.fr\/mission-locale-agglomeration-elbeuf\/?s={search_term_string}\"},\"query-input\":\"required name=search_term_string\"}],\"inLanguage\":\"fr-FR\"},{\"@type\":\"Organization\",\"@id\":\"https:\/\/www.missionslocalesnormandie.fr\/mission-locale-agglomeration-elbeuf\/#organization\",\"name\":\"MISSION LOCALE DE L&#039;AGGLOMERATION D&#039;ELBEUF\",\"url\":\"https:\/\/www.missionslocalesnormandie.fr\/mission-locale-agglomeration-elbeuf\/\",\"logo\":{\"@type\":\"ImageObject\",\"inLanguage\":\"fr-FR\",\"@id\":\"https:\/\/www.missionslocalesnormandie.fr\/mission-locale-agglomeration-elbeuf\/#\/schema\/logo\/image\/\",\"url\":\"https:\/\/www.missionslocalesnormandie.fr\/content\/uploads\/sites\/6\/2023\/12\/MLELBEUF-New-logo-fond-bleu.png\",\"contentUrl\":\"https:\/\/www.missionslocalesnormandie.fr\/content\/uploads\/sites\/6\/2023\/12\/MLELBEUF-New-logo-fond-bleu.png\",\"width\":1843,\"height\":1616,\"caption\":\"MISSION LOCALE DE L&#039;AGGLOMERATION D&#039;ELBEUF\"},\"image\":{\"@id\":\"https:\/\/www.missionslocalesnormandie.fr\/mission-locale-agglomeration-elbeuf\/#\/schema\/logo\/image\/\"}}]}<\/script>\n<!-- \/ Yoast SEO plugin. -->","yoast_head_json":{"title":"PAO - MISSION LOCALE DE L&#039;AGGLOMERATION D&#039;ELBEUF Parcours d\u2019Accompagnement Orient\u00e9","description":"Le PAO : un accompagnement personnalis\u00e9 pour aider les jeunes \u00e0 construire leur orientation professionnelle.","robots":{"index":"index","follow":"follow","max-snippet":"max-snippet:-1","max-image-preview":"max-image-preview:large","max-video-preview":"max-video-preview:-1"},"canonical":"https:\/\/www.missionslocalesnormandie.fr\/mission-locale-agglomeration-elbeuf\/parcours-daccompagnement-oriente\/","og_locale":"fr_FR","og_type":"article","og_title":"PAO - MISSION LOCALE DE L&#039;AGGLOMERATION D&#039;ELBEUF Parcours d\u2019Accompagnement Orient\u00e9","og_description":"Le PAO : un accompagnement personnalis\u00e9 pour aider les jeunes \u00e0 construire leur orientation professionnelle.","og_url":"https:\/\/www.missionslocalesnormandie.fr\/mission-locale-agglomeration-elbeuf\/parcours-daccompagnement-oriente\/","og_site_name":"MISSION LOCALE DE L&#039;AGGLOMERATION D&#039;ELBEUF","article_modified_time":"2025-10-16T12:55:19+00:00","twitter_card":"summary_large_image","twitter_misc":{"Dur\u00e9e de lecture estim\u00e9e":"2 minutes"},"schema":{"@context":"https:\/\/schema.org","@graph":[{"@type":"WebPage","@id":"https:\/\/www.missionslocalesnormandie.fr\/mission-locale-agglomeration-elbeuf\/parcours-daccompagnement-oriente\/","url":"https:\/\/www.missionslocalesnormandie.fr\/mission-locale-agglomeration-elbeuf\/parcours-daccompagnement-oriente\/","name":"PAO - MISSION LOCALE DE L&#039;AGGLOMERATION D&#039;ELBEUF Parcours d\u2019Accompagnement Orient\u00e9","isPartOf":{"@id":"https:\/\/www.missionslocalesnormandie.fr\/mission-locale-agglomeration-elbeuf\/#website"},"datePublished":"2025-08-01T07:59:31+00:00","dateModified":"2025-10-16T12:55:19+00:00","description":"Le PAO : un accompagnement personnalis\u00e9 pour aider les jeunes \u00e0 construire leur orientation professionnelle.","breadcrumb":{"@id":"https:\/\/www.missionslocalesnormandie.fr\/mission-locale-agglomeration-elbeuf\/parcours-daccompagnement-oriente\/#breadcrumb"},"inLanguage":"fr-FR","potentialAction":[{"@type":"ReadAction","target":["https:\/\/www.missionslocalesnormandie.fr\/mission-locale-agglomeration-elbeuf\/parcours-daccompagnement-oriente\/"]}]},{"@type":"BreadcrumbList","@id":"https:\/\/www.missionslocalesnormandie.fr\/mission-locale-agglomeration-elbeuf\/parcours-daccompagnement-oriente\/#breadcrumb","itemListElement":[{"@type":"ListItem","position":1,"name":"Home","item":"https:\/\/www.missionslocalesnormandie.fr\/mission-locale-agglomeration-elbeuf\/"},{"@type":"ListItem","position":2,"name":"PAO"}]},{"@type":"WebSite","@id":"https:\/\/www.missionslocalesnormandie.fr\/mission-locale-agglomeration-elbeuf\/#website","url":"https:\/\/www.missionslocalesnormandie.fr\/mission-locale-agglomeration-elbeuf\/","name":"MISSION LOCALE DE L&#039;AGGLOMERATION D&#039;ELBEUF","description":"","publisher":{"@id":"https:\/\/www.missionslocalesnormandie.fr\/mission-locale-agglomeration-elbeuf\/#organization"},"potentialAction":[{"@type":"SearchAction","target":{"@type":"EntryPoint","urlTemplate":"https:\/\/www.missionslocalesnormandie.fr\/mission-locale-agglomeration-elbeuf\/?s={search_term_string}"},"query-input":"required name=search_term_string"}],"inLanguage":"fr-FR"},{"@type":"Organization","@id":"https:\/\/www.missionslocalesnormandie.fr\/mission-locale-agglomeration-elbeuf\/#organization","name":"MISSION LOCALE DE L&#039;AGGLOMERATION D&#039;ELBEUF","url":"https:\/\/www.missionslocalesnormandie.fr\/mission-locale-agglomeration-elbeuf\/","logo":{"@type":"ImageObject","inLanguage":"fr-FR","@id":"https:\/\/www.missionslocalesnormandie.fr\/mission-locale-agglomeration-elbeuf\/#\/schema\/logo\/image\/","url":"https:\/\/www.missionslocalesnormandie.fr\/content\/uploads\/sites\/6\/2023\/12\/MLELBEUF-New-logo-fond-bleu.png","contentUrl":"https:\/\/www.missionslocalesnormandie.fr\/content\/uploads\/sites\/6\/2023\/12\/MLELBEUF-New-logo-fond-bleu.png","width":1843,"height":1616,"caption":"MISSION LOCALE DE L&#039;AGGLOMERATION D&#039;ELBEUF"},"image":{"@id":"https:\/\/www.missionslocalesnormandie.fr\/mission-locale-agglomeration-elbeuf\/#\/schema\/logo\/image\/"}}]}},"_links":{"self":[{"href":"https:\/\/www.missionslocalesnormandie.fr\/mission-locale-agglomeration-elbeuf\/wp-json\/wp\/v2\/pages\/699"}],"collection":[{"href":"https:\/\/www.missionslocalesnormandie.fr\/mission-locale-agglomeration-elbeuf\/wp-json\/wp\/v2\/pages"}],"about":[{"href":"https:\/\/www.missionslocalesnormandie.fr\/mission-locale-agglomeration-elbeuf\/wp-json\/wp\/v2\/types\/page"}],"author":[{"embeddable":true,"href":"https:\/\/www.missionslocalesnormandie.fr\/mission-locale-agglomeration-elbeuf\/wp-json\/wp\/v2\/users\/27"}],"replies":[{"embeddable":true,"href":"https:\/\/www.missionslocalesnormandie.fr\/mission-locale-agglomeration-elbeuf\/wp-json\/wp\/v2\/comments?post=699"}],"version-history":[{"count":19,"href":"https:\/\/www.missionslocalesnormandie.fr\/mission-locale-agglomeration-elbeuf\/wp-json\/wp\/v2\/pages\/699\/revisions"}],"predecessor-version":[{"id":1065,"href":"https:\/\/www.missionslocalesnormandie.fr\/mission-locale-agglomeration-elbeuf\/wp-json\/wp\/v2\/pages\/699\/revisions\/1065"}],"wp:attachment":[{"href":"https:\/\/www.missionslocalesnormandie.fr\/mission-locale-agglomeration-elbeuf\/wp-json\/wp\/v2\/media?parent=699"}],"curies":[{"name":"wp","href":"https:\/\/api.w.org\/{rel}","templated":true}]}}