{"id":934,"date":"2025-09-12T10:43:03","date_gmt":"2025-09-12T08:43:03","guid":{"rendered":"https:\/\/www.missionslocalesnormandie.fr\/mission-locale-agglomeration-elbeuf\/?page_id=934"},"modified":"2025-10-16T15:07:38","modified_gmt":"2025-10-16T13:07:38","slug":"justice","status":"publish","type":"page","link":"https:\/\/www.missionslocalesnormandie.fr\/mission-locale-agglomeration-elbeuf\/justice\/","title":{"rendered":"Justice"},"content":{"rendered":"\t\t<div data-elementor-type=\"wp-page\" data-elementor-id=\"934\" class=\"elementor elementor-934\">\n\t\t\t\t<div class=\"elementor-element elementor-element-683e13d e-flex e-con-boxed e-con e-parent\" data-id=\"683e13d\" data-element_type=\"container\">\n\t\t\t\t\t<div class=\"e-con-inner\">\n\t\t\t\t<div class=\"elementor-element elementor-element-b32cc18 elementor-widget elementor-widget-block_titre\" data-id=\"b32cc18\" data-element_type=\"widget\" data-widget_type=\"block_titre.default\">\n\t\t\t\t<div class=\"elementor-widget-container\">\n\t\t\t    <div class=\"container\">\n        <h2>\n            R\u00d4LE DU CONSEILLET JUSTICE\n        <\/h2>\n    <\/div>\n\t\t<\/div>\n\t\t\t\t<\/div>\n\t\t\t\t<div class=\"elementor-element elementor-element-2d5c9f5 elementor-widget elementor-widget-block_simple_texte\" data-id=\"2d5c9f5\" data-element_type=\"widget\" data-widget_type=\"block_simple_texte.default\">\n\t\t\t\t<div class=\"elementor-widget-container\">\n\t\t\t    <div class=\"container\">\n        <div>\u00a0<\/div><div><p>Le conseiller r\u00e9f\u00e9rent justice de la mission locale accompagne les jeunes en milieu ferm\u00e9 (maison d\u2019arr\u00eat, centre de d\u00e9tention...) et en milieu ouvert.<\/p><\/div><div><p>L\u2019accompagnement a pour objectif de lever les freins, et de travailler un projet professionnel (formation, emploi, stage) pour \u00e9viter la r\u00e9cidive et se r\u00e9ins\u00e9rer dans le monde du travail.<\/p><\/div>\n    <\/div>\n\t\t<\/div>\n\t\t\t\t<\/div>\n\t\t\t\t\t<\/div>\n\t\t\t\t<\/div>\n\t\t<div class=\"elementor-element elementor-element-085d32f e-flex e-con-boxed e-con e-parent\" data-id=\"085d32f\" data-element_type=\"container\">\n\t\t\t\t\t<div class=\"e-con-inner\">\n\t\t\t\t<div class=\"elementor-element elementor-element-73368fe elementor-widget elementor-widget-block_titre\" data-id=\"73368fe\" data-element_type=\"widget\" data-widget_type=\"block_titre.default\">\n\t\t\t\t<div class=\"elementor-widget-container\">\n\t\t\t    <div class=\"container\">\n        <h2>\n            MISSIONS\n        <\/h2>\n    <\/div>\n\t\t<\/div>\n\t\t\t\t<\/div>\n\t\t\t\t<div class=\"elementor-element elementor-element-5ee8651 elementor-widget elementor-widget-block_simple_texte\" data-id=\"5ee8651\" data-element_type=\"widget\" data-widget_type=\"block_simple_texte.default\">\n\t\t\t\t<div class=\"elementor-widget-container\">\n\t\t\t    <div class=\"container\">\n        <div><div><div><p>Tu as une probl\u00e9matique justice ? Des amendes ? Un conflit, litige ? Des tig\u2026<\/p><div><div><div><p>Tu es un jeune incarc\u00e9r\u00e9 et souhaites un accompagnement pour ta r\u00e9insertion ?<\/p><\/div><div><div><div><p>Tu te s\u00e9pares et tu as besoin de conseil, d\u2019avocats ? mais tu es perdu(e) ?<\/p><div><div><div><p>Tu as besoin d\u2019une explication sur des documents de justice ?<\/p><div><div><div><p>Tu as une personne de ton entourage incarc\u00e9r\u00e9e et tu ne sais pas faire les documents, demande de parloir etc\u2026 ?<\/p><\/div><\/div><\/div><\/div><\/div><\/div><\/div><\/div><\/div><\/div><\/div><\/div><\/div><\/div>\n    <\/div>\n\t\t<\/div>\n\t\t\t\t<\/div>\n\t\t\t\t<div class=\"elementor-element elementor-element-1fa63c2 elementor-widget elementor-widget-block_titre\" data-id=\"1fa63c2\" data-element_type=\"widget\" data-widget_type=\"block_titre.default\">\n\t\t\t\t<div class=\"elementor-widget-container\">\n\t\t\t    <div class=\"container\">\n        <h2>\n            OU ET QUAND\n        <\/h2>\n    <\/div>\n\t\t<\/div>\n\t\t\t\t<\/div>\n\t\t\t\t<div class=\"elementor-element elementor-element-f39c9ea elementor-widget elementor-widget-block_simple_texte\" data-id=\"f39c9ea\" data-element_type=\"widget\" data-widget_type=\"block_simple_texte.default\">\n\t\t\t\t<div class=\"elementor-widget-container\">\n\t\t\t    <div class=\"container\">\n        <p class=\"cvGsUA direction-ltr align-justify para-style-body\"><span class=\"a_GcMg font-feature-liga-off font-feature-clig-off font-feature-calt-off text-decoration-none text-strikethrough-none\">\ud83d\udcc6 Permanence : Un mardi sur deux \u00e0 la Maison d\u2019Arr\u00eat de Rouen<\/span><\/p><p class=\"cvGsUA direction-ltr align-justify para-style-body\"><span class=\"a_GcMg font-feature-liga-off font-feature-clig-off font-feature-calt-off text-decoration-none text-strikethrough-none\">\ud83d\udcc6 Sur rendez-vous dans les locaux de la Mission Locale de l\u2019agglom\u00e9ration d\u2019Elbeuf<\/span><\/p>\n    <\/div>\n\t\t<\/div>\n\t\t\t\t<\/div>\n\t\t\t\t\t<\/div>\n\t\t\t\t<\/div>\n\t\t<div class=\"elementor-element elementor-element-840f078 e-flex e-con-boxed e-con e-parent\" data-id=\"840f078\" data-element_type=\"container\">\n\t\t\t\t\t<div class=\"e-con-inner\">\n\t\t\t\t<div class=\"elementor-element elementor-element-d572ff0 elementor-widget elementor-widget-block_simple_visuel\" data-id=\"d572ff0\" data-element_type=\"widget\" data-widget_type=\"block_simple_visuel.default\">\n\t\t\t\t<div class=\"elementor-widget-container\">\n\t\t\t    <div class=\"container\">\n        <figure>\n                        \n                                                            <a href=\"https:\/\/www.missionslocalesnormandie.fr\/content\/uploads\/sites\/6\/2025\/10\/1-2.webp\">\n                    <img decoding=\"async\" src=\"https:\/\/www.missionslocalesnormandie.fr\/content\/uploads\/sites\/6\/2025\/10\/1-2-950x595-c-default.webp\"\n                         alt=\"MISSION LOCALE DE L&#039;AGGLOMERATION D&#039;ELBEUF\"\/>\n                <\/a>\n            \n                    <\/figure>\n    <\/div>\n\t\t<\/div>\n\t\t\t\t<\/div>\n\t\t\t\t\t<\/div>\n\t\t\t\t<\/div>\n\t\t<div class=\"elementor-element elementor-element-ae63ced e-flex e-con-boxed e-con e-parent\" data-id=\"ae63ced\" data-element_type=\"container\">\n\t\t\t\t\t<div class=\"e-con-inner\">\n\t\t\t\t<div class=\"elementor-element elementor-element-ae6c8d7 elementor-widget elementor-widget-block_simple_visuel\" data-id=\"ae6c8d7\" data-element_type=\"widget\" data-widget_type=\"block_simple_visuel.default\">\n\t\t\t\t<div class=\"elementor-widget-container\">\n\t\t\t    <div class=\"container\">\n        <figure>\n                        \n                                                            <a href=\"https:\/\/www.missionslocalesnormandie.fr\/content\/uploads\/sites\/6\/2025\/10\/2-2.webp\">\n                    <img decoding=\"async\" src=\"https:\/\/www.missionslocalesnormandie.fr\/content\/uploads\/sites\/6\/2025\/10\/2-2-950x595-c-default.webp\"\n                         alt=\"MISSION LOCALE DE L&#039;AGGLOMERATION D&#039;ELBEUF\"\/>\n                <\/a>\n            \n                    <\/figure>\n    <\/div>\n\t\t<\/div>\n\t\t\t\t<\/div>\n\t\t\t\t\t<\/div>\n\t\t\t\t<\/div>\n\t\t\t\t<\/div>\n\t\t","protected":false},"excerpt":{"rendered":"<p>R\u00d4LE DU CONSEILLET JUSTICE \u00a0 Le conseiller r\u00e9f\u00e9rent justice de la mission locale accompagne les jeunes en milieu ferm\u00e9 (maison d\u2019arr\u00eat, centre de d\u00e9tention&#8230;) et en milieu ouvert. L\u2019accompagnement a pour objectif de lever les freins, et de travailler un projet professionnel (formation, emploi, stage) pour \u00e9viter la r\u00e9cidive et se r\u00e9ins\u00e9rer dans le monde [&hellip;]<\/p>\n","protected":false},"author":28,"featured_media":0,"parent":0,"menu_order":0,"comment_status":"closed","ping_status":"closed","template":"","meta":{"_acf_changed":false,"_crosspost_to_1":false,"_crosspost_to_2":false,"_crosspost_to_3":false,"_crosspost_to_4":false,"_crosspost_to_5":false,"_crosspost_to_7":false,"_crosspost_to_8":false,"_crosspost_to_11":false,"_crosspost_to_12":false,"_crosspost_to_13":false,"_crosspost_to_14":false,"_crosspost_to_15":false,"_crosspost_to_16":false,"inline_featured_image":false,"footnotes":""},"acf":[],"yoast_head":"<!-- This site is optimized with the Yoast SEO plugin v21.9.1 - https:\/\/yoast.com\/wordpress\/plugins\/seo\/ -->\n<title>Justice - MISSION LOCALE DE L&#039;AGGLOMERATION D&#039;ELBEUF<\/title>\n<meta name=\"robots\" content=\"index, follow, max-snippet:-1, max-image-preview:large, max-video-preview:-1\" \/>\n<link rel=\"canonical\" href=\"https:\/\/www.missionslocalesnormandie.fr\/mission-locale-agglomeration-elbeuf\/justice\/\" \/>\n<meta property=\"og:locale\" content=\"fr_FR\" \/>\n<meta property=\"og:type\" content=\"article\" \/>\n<meta property=\"og:title\" content=\"Justice - MISSION LOCALE DE L&#039;AGGLOMERATION D&#039;ELBEUF\" \/>\n<meta property=\"og:description\" content=\"R\u00d4LE DU CONSEILLET JUSTICE \u00a0 Le conseiller r\u00e9f\u00e9rent justice de la mission locale accompagne les jeunes en milieu ferm\u00e9 (maison d\u2019arr\u00eat, centre de d\u00e9tention&#8230;) et en milieu ouvert. L\u2019accompagnement a pour objectif de lever les freins, et de travailler un projet professionnel (formation, emploi, stage) pour \u00e9viter la r\u00e9cidive et se r\u00e9ins\u00e9rer dans le monde [&hellip;]\" \/>\n<meta property=\"og:url\" content=\"https:\/\/www.missionslocalesnormandie.fr\/mission-locale-agglomeration-elbeuf\/justice\/\" \/>\n<meta property=\"og:site_name\" content=\"MISSION LOCALE DE L&#039;AGGLOMERATION D&#039;ELBEUF\" \/>\n<meta property=\"article:modified_time\" content=\"2025-10-16T13:07:38+00:00\" \/>\n<meta property=\"og:image\" content=\"https:\/\/www.missionslocalesnormandie.fr\/content\/uploads\/sites\/6\/2025\/10\/1-2-950x595-c-default.webp\" \/>\n<meta name=\"twitter:card\" content=\"summary_large_image\" \/>\n<meta name=\"twitter:label1\" content=\"Dur\u00e9e de lecture estim\u00e9e\" \/>\n\t<meta name=\"twitter:data1\" content=\"2 minutes\" \/>\n<script type=\"application\/ld+json\" class=\"yoast-schema-graph\">{\"@context\":\"https:\/\/schema.org\",\"@graph\":[{\"@type\":\"WebPage\",\"@id\":\"https:\/\/www.missionslocalesnormandie.fr\/mission-locale-agglomeration-elbeuf\/justice\/\",\"url\":\"https:\/\/www.missionslocalesnormandie.fr\/mission-locale-agglomeration-elbeuf\/justice\/\",\"name\":\"Justice - MISSION LOCALE DE L&#039;AGGLOMERATION D&#039;ELBEUF\",\"isPartOf\":{\"@id\":\"https:\/\/www.missionslocalesnormandie.fr\/mission-locale-agglomeration-elbeuf\/#website\"},\"datePublished\":\"2025-09-12T08:43:03+00:00\",\"dateModified\":\"2025-10-16T13:07:38+00:00\",\"breadcrumb\":{\"@id\":\"https:\/\/www.missionslocalesnormandie.fr\/mission-locale-agglomeration-elbeuf\/justice\/#breadcrumb\"},\"inLanguage\":\"fr-FR\",\"potentialAction\":[{\"@type\":\"ReadAction\",\"target\":[\"https:\/\/www.missionslocalesnormandie.fr\/mission-locale-agglomeration-elbeuf\/justice\/\"]}]},{\"@type\":\"BreadcrumbList\",\"@id\":\"https:\/\/www.missionslocalesnormandie.fr\/mission-locale-agglomeration-elbeuf\/justice\/#breadcrumb\",\"itemListElement\":[{\"@type\":\"ListItem\",\"position\":1,\"name\":\"Home\",\"item\":\"https:\/\/www.missionslocalesnormandie.fr\/mission-locale-agglomeration-elbeuf\/\"},{\"@type\":\"ListItem\",\"position\":2,\"name\":\"Justice\"}]},{\"@type\":\"WebSite\",\"@id\":\"https:\/\/www.missionslocalesnormandie.fr\/mission-locale-agglomeration-elbeuf\/#website\",\"url\":\"https:\/\/www.missionslocalesnormandie.fr\/mission-locale-agglomeration-elbeuf\/\",\"name\":\"MISSION LOCALE DE L&#039;AGGLOMERATION D&#039;ELBEUF\",\"description\":\"\",\"publisher\":{\"@id\":\"https:\/\/www.missionslocalesnormandie.fr\/mission-locale-agglomeration-elbeuf\/#organization\"},\"potentialAction\":[{\"@type\":\"SearchAction\",\"target\":{\"@type\":\"EntryPoint\",\"urlTemplate\":\"https:\/\/www.missionslocalesnormandie.fr\/mission-locale-agglomeration-elbeuf\/?s={search_term_string}\"},\"query-input\":\"required name=search_term_string\"}],\"inLanguage\":\"fr-FR\"},{\"@type\":\"Organization\",\"@id\":\"https:\/\/www.missionslocalesnormandie.fr\/mission-locale-agglomeration-elbeuf\/#organization\",\"name\":\"MISSION LOCALE DE L&#039;AGGLOMERATION D&#039;ELBEUF\",\"url\":\"https:\/\/www.missionslocalesnormandie.fr\/mission-locale-agglomeration-elbeuf\/\",\"logo\":{\"@type\":\"ImageObject\",\"inLanguage\":\"fr-FR\",\"@id\":\"https:\/\/www.missionslocalesnormandie.fr\/mission-locale-agglomeration-elbeuf\/#\/schema\/logo\/image\/\",\"url\":\"https:\/\/www.missionslocalesnormandie.fr\/content\/uploads\/sites\/6\/2023\/12\/MLELBEUF-New-logo-fond-bleu.png\",\"contentUrl\":\"https:\/\/www.missionslocalesnormandie.fr\/content\/uploads\/sites\/6\/2023\/12\/MLELBEUF-New-logo-fond-bleu.png\",\"width\":1843,\"height\":1616,\"caption\":\"MISSION LOCALE DE L&#039;AGGLOMERATION D&#039;ELBEUF\"},\"image\":{\"@id\":\"https:\/\/www.missionslocalesnormandie.fr\/mission-locale-agglomeration-elbeuf\/#\/schema\/logo\/image\/\"}}]}<\/script>\n<!-- \/ Yoast SEO plugin. -->","yoast_head_json":{"title":"Justice - MISSION LOCALE DE L&#039;AGGLOMERATION D&#039;ELBEUF","robots":{"index":"index","follow":"follow","max-snippet":"max-snippet:-1","max-image-preview":"max-image-preview:large","max-video-preview":"max-video-preview:-1"},"canonical":"https:\/\/www.missionslocalesnormandie.fr\/mission-locale-agglomeration-elbeuf\/justice\/","og_locale":"fr_FR","og_type":"article","og_title":"Justice - MISSION LOCALE DE L&#039;AGGLOMERATION D&#039;ELBEUF","og_description":"R\u00d4LE DU CONSEILLET JUSTICE \u00a0 Le conseiller r\u00e9f\u00e9rent justice de la mission locale accompagne les jeunes en milieu ferm\u00e9 (maison d\u2019arr\u00eat, centre de d\u00e9tention&#8230;) et en milieu ouvert. L\u2019accompagnement a pour objectif de lever les freins, et de travailler un projet professionnel (formation, emploi, stage) pour \u00e9viter la r\u00e9cidive et se r\u00e9ins\u00e9rer dans le monde [&hellip;]","og_url":"https:\/\/www.missionslocalesnormandie.fr\/mission-locale-agglomeration-elbeuf\/justice\/","og_site_name":"MISSION LOCALE DE L&#039;AGGLOMERATION D&#039;ELBEUF","article_modified_time":"2025-10-16T13:07:38+00:00","og_image":[{"url":"https:\/\/www.missionslocalesnormandie.fr\/content\/uploads\/sites\/6\/2025\/10\/1-2-950x595-c-default.webp"}],"twitter_card":"summary_large_image","twitter_misc":{"Dur\u00e9e de lecture estim\u00e9e":"2 minutes"},"schema":{"@context":"https:\/\/schema.org","@graph":[{"@type":"WebPage","@id":"https:\/\/www.missionslocalesnormandie.fr\/mission-locale-agglomeration-elbeuf\/justice\/","url":"https:\/\/www.missionslocalesnormandie.fr\/mission-locale-agglomeration-elbeuf\/justice\/","name":"Justice - MISSION LOCALE DE L&#039;AGGLOMERATION D&#039;ELBEUF","isPartOf":{"@id":"https:\/\/www.missionslocalesnormandie.fr\/mission-locale-agglomeration-elbeuf\/#website"},"datePublished":"2025-09-12T08:43:03+00:00","dateModified":"2025-10-16T13:07:38+00:00","breadcrumb":{"@id":"https:\/\/www.missionslocalesnormandie.fr\/mission-locale-agglomeration-elbeuf\/justice\/#breadcrumb"},"inLanguage":"fr-FR","potentialAction":[{"@type":"ReadAction","target":["https:\/\/www.missionslocalesnormandie.fr\/mission-locale-agglomeration-elbeuf\/justice\/"]}]},{"@type":"BreadcrumbList","@id":"https:\/\/www.missionslocalesnormandie.fr\/mission-locale-agglomeration-elbeuf\/justice\/#breadcrumb","itemListElement":[{"@type":"ListItem","position":1,"name":"Home","item":"https:\/\/www.missionslocalesnormandie.fr\/mission-locale-agglomeration-elbeuf\/"},{"@type":"ListItem","position":2,"name":"Justice"}]},{"@type":"WebSite","@id":"https:\/\/www.missionslocalesnormandie.fr\/mission-locale-agglomeration-elbeuf\/#website","url":"https:\/\/www.missionslocalesnormandie.fr\/mission-locale-agglomeration-elbeuf\/","name":"MISSION LOCALE DE L&#039;AGGLOMERATION D&#039;ELBEUF","description":"","publisher":{"@id":"https:\/\/www.missionslocalesnormandie.fr\/mission-locale-agglomeration-elbeuf\/#organization"},"potentialAction":[{"@type":"SearchAction","target":{"@type":"EntryPoint","urlTemplate":"https:\/\/www.missionslocalesnormandie.fr\/mission-locale-agglomeration-elbeuf\/?s={search_term_string}"},"query-input":"required name=search_term_string"}],"inLanguage":"fr-FR"},{"@type":"Organization","@id":"https:\/\/www.missionslocalesnormandie.fr\/mission-locale-agglomeration-elbeuf\/#organization","name":"MISSION LOCALE DE L&#039;AGGLOMERATION D&#039;ELBEUF","url":"https:\/\/www.missionslocalesnormandie.fr\/mission-locale-agglomeration-elbeuf\/","logo":{"@type":"ImageObject","inLanguage":"fr-FR","@id":"https:\/\/www.missionslocalesnormandie.fr\/mission-locale-agglomeration-elbeuf\/#\/schema\/logo\/image\/","url":"https:\/\/www.missionslocalesnormandie.fr\/content\/uploads\/sites\/6\/2023\/12\/MLELBEUF-New-logo-fond-bleu.png","contentUrl":"https:\/\/www.missionslocalesnormandie.fr\/content\/uploads\/sites\/6\/2023\/12\/MLELBEUF-New-logo-fond-bleu.png","width":1843,"height":1616,"caption":"MISSION LOCALE DE L&#039;AGGLOMERATION D&#039;ELBEUF"},"image":{"@id":"https:\/\/www.missionslocalesnormandie.fr\/mission-locale-agglomeration-elbeuf\/#\/schema\/logo\/image\/"}}]}},"_links":{"self":[{"href":"https:\/\/www.missionslocalesnormandie.fr\/mission-locale-agglomeration-elbeuf\/wp-json\/wp\/v2\/pages\/934"}],"collection":[{"href":"https:\/\/www.missionslocalesnormandie.fr\/mission-locale-agglomeration-elbeuf\/wp-json\/wp\/v2\/pages"}],"about":[{"href":"https:\/\/www.missionslocalesnormandie.fr\/mission-locale-agglomeration-elbeuf\/wp-json\/wp\/v2\/types\/page"}],"author":[{"embeddable":true,"href":"https:\/\/www.missionslocalesnormandie.fr\/mission-locale-agglomeration-elbeuf\/wp-json\/wp\/v2\/users\/28"}],"replies":[{"embeddable":true,"href":"https:\/\/www.missionslocalesnormandie.fr\/mission-locale-agglomeration-elbeuf\/wp-json\/wp\/v2\/comments?post=934"}],"version-history":[{"count":21,"href":"https:\/\/www.missionslocalesnormandie.fr\/mission-locale-agglomeration-elbeuf\/wp-json\/wp\/v2\/pages\/934\/revisions"}],"predecessor-version":[{"id":1085,"href":"https:\/\/www.missionslocalesnormandie.fr\/mission-locale-agglomeration-elbeuf\/wp-json\/wp\/v2\/pages\/934\/revisions\/1085"}],"wp:attachment":[{"href":"https:\/\/www.missionslocalesnormandie.fr\/mission-locale-agglomeration-elbeuf\/wp-json\/wp\/v2\/media?parent=934"}],"curies":[{"name":"wp","href":"https:\/\/api.w.org\/{rel}","templated":true}]}}