{"id":102,"date":"2023-12-14T15:17:16","date_gmt":"2023-12-14T14:17:16","guid":{"rendered":"https:\/\/www.missionslocalesnormandie.fr\/mission-locale-agglomeration-rouennaise\/?page_id=102"},"modified":"2024-04-18T09:36:56","modified_gmt":"2024-04-18T07:36:56","slug":"parrainer-mentorer","status":"publish","type":"page","link":"https:\/\/www.missionslocalesnormandie.fr\/mission-locale-agglomeration-rouennaise\/parrainer-mentorer\/","title":{"rendered":"Parrainer \/ Mentorer"},"content":{"rendered":"\t\t<div data-elementor-type=\"wp-page\" data-elementor-id=\"102\" class=\"elementor elementor-102\">\n\t\t\t\t<div class=\"elementor-element elementor-element-d46e3c7 e-flex e-con-boxed e-con e-parent\" data-id=\"d46e3c7\" data-element_type=\"container\">\n\t\t\t\t\t<div class=\"e-con-inner\">\n\t\t\t\t<div class=\"elementor-element elementor-element-bbbf9a6 elementor-widget elementor-widget-block_simple_texte\" data-id=\"bbbf9a6\" data-element_type=\"widget\" data-widget_type=\"block_simple_texte.default\">\n\t\t\t\t<div class=\"elementor-widget-container\">\n\t\t\t    <div class=\"container\">\n        <p><strong>Le parrainage, c'est un engagement r\u00e9ciproque entre un jeune de la Mission Locale et un parrain\/marraine b\u00e9n\u00e9vole. C'est l'opportunit\u00e9 de partager votre exp\u00e9rience, de guider un jeune pour qu'il acqui\u00e8re de nouvelles comp\u00e9tences, et de lui faire d\u00e9couvrir des m\u00e9tiers passionnants.\u00a0\u00a0\u00a0<\/strong><\/p>\n    <\/div>\n\t\t<\/div>\n\t\t\t\t<\/div>\n\t\t\t\t\t<\/div>\n\t\t\t\t<\/div>\n\t\t<div class=\"elementor-element elementor-element-9dbd330 e-flex e-con-boxed e-con e-parent\" data-id=\"9dbd330\" data-element_type=\"container\">\n\t\t\t\t\t<div class=\"e-con-inner\">\n\t\t\t\t<div class=\"elementor-element elementor-element-eaf406a elementor-widget elementor-widget-block_colonnes_texte\" data-id=\"eaf406a\" data-element_type=\"widget\" data-widget_type=\"block_colonnes_texte.default\">\n\t\t\t\t<div class=\"elementor-widget-container\">\n\t\t\t    <div class=\"container\">\n                <div class=\"row my-4 row-cols-1 row-cols-lg-2 row-cols-xl-1\">\n                            <div class=\"col mb-4\">\n                    <h2>Qui peut \u00eatre parrain\/marraine ?<\/h2>\n                <\/div>\n                    <\/div>\n    <\/div>\n\t\t<\/div>\n\t\t\t\t<\/div>\n\t\t\t\t\t<\/div>\n\t\t\t\t<\/div>\n\t\t<div class=\"elementor-element elementor-element-de397fa e-flex e-con-boxed e-con e-parent\" data-id=\"de397fa\" data-element_type=\"container\">\n\t\t\t\t\t<div class=\"e-con-inner\">\n\t\t\t\t<div class=\"elementor-element elementor-element-66a6965 elementor-widget elementor-widget-block_colonnes_texte\" data-id=\"66a6965\" data-element_type=\"widget\" data-widget_type=\"block_colonnes_texte.default\">\n\t\t\t\t<div class=\"elementor-widget-container\">\n\t\t\t    <div class=\"container\">\n                <div class=\"row my-4 row-cols-1 row-cols-lg-2 row-cols-xl-1\">\n                            <div class=\"col mb-4\">\n                    <p><span style=\"font-weight: 400\">Tout le monde ! Chefs d'entreprises, responsables associatifs, salari\u00e9s, retrait\u00e9s, peu importe votre parcours professionnel, vous avez une place essentielle dans cette d\u00e9marche solidaire.<\/span><\/p><p><span style=\"font-weight: 400\">Vous aurez la chance d'accompagner un jeune sur une p\u00e9riode d'environ 6 mois, en l'aidant \u00e0 r\u00e9aliser son projet professionnel. C'est l'occasion de semer les graines du succ\u00e8s et d'insuffler une v\u00e9ritable dynamique en faveur de l'emploi des jeunes qui rencontrent des obstacles pour entrer dans la vie active.\u00a0\u00a0<\/span><\/p><p><span style=\"font-weight: 400\">Pour en savoir plus, merci de contacter <\/span><a href=\"mailto:saloa.sautier@ml-rouen.asso.fr\"><span style=\"font-weight: 400\">saloa.sautier@ml-rouen.asso.fr<\/span><\/a><span style=\"font-weight: 400\"> \/ <\/span><a href=\"mailto:benoit.gaillard@ml-rouen.asso.fr\">benoit.gaillard@ml-rouen.asso.fr<\/a><span style=\"font-weight: 400\">\u00a0<\/span><\/p>\n                <\/div>\n                    <\/div>\n    <\/div>\n\t\t<\/div>\n\t\t\t\t<\/div>\n\t\t\t\t<div class=\"elementor-element elementor-element-f3308f8 elementor-widget elementor-widget-block_colonnes_texte\" data-id=\"f3308f8\" data-element_type=\"widget\" data-widget_type=\"block_colonnes_texte.default\">\n\t\t\t\t<div class=\"elementor-widget-container\">\n\t\t\t    <div class=\"container\">\n                <div class=\"row my-4 row-cols-1 row-cols-lg-2 row-cols-xl-1\">\n                            <div class=\"col mb-4\">\n                    <h2>100 chances \/ 100 emplois<\/h2>\n                <\/div>\n                    <\/div>\n    <\/div>\n\t\t<\/div>\n\t\t\t\t<\/div>\n\t\t\t\t<div class=\"elementor-element elementor-element-810e000 elementor-widget elementor-widget-block_colonnes_texte\" data-id=\"810e000\" data-element_type=\"widget\" data-widget_type=\"block_colonnes_texte.default\">\n\t\t\t\t<div class=\"elementor-widget-container\">\n\t\t\t    <div class=\"container\">\n                <div class=\"row my-4 row-cols-1 row-cols-lg-2 row-cols-xl-1\">\n                            <div class=\"col mb-4\">\n                    <p>Rejoignez une communaut\u00e9 d\u2019acteurs \u00e9conomiques, compos\u00e9e d\u2019entreprises, d\u2019organismes de formation, d\u2019OPCO, de CFA pour offrir un appui sur mesure aux jeunes \u00e0 la recherche d\u2019un emploi. Vos conseils, votre r\u00e9seau et votre bienveillance seront les bienvenus !<\/p>\n                <\/div>\n                    <\/div>\n    <\/div>\n\t\t<\/div>\n\t\t\t\t<\/div>\n\t\t\t\t\t<\/div>\n\t\t\t\t<\/div>\n\t\t\t\t<\/div>\n\t\t","protected":false},"excerpt":{"rendered":"<p>Le parrainage, c&#8217;est un engagement r\u00e9ciproque entre un jeune de la Mission Locale et un parrain\/marraine b\u00e9n\u00e9vole. C&#8217;est l&#8217;opportunit\u00e9 de partager votre exp\u00e9rience, de guider un jeune pour qu&#8217;il acqui\u00e8re de nouvelles comp\u00e9tences, et de lui faire d\u00e9couvrir des m\u00e9tiers passionnants.\u00a0\u00a0\u00a0 Qui peut \u00eatre parrain\/marraine ? Tout le monde ! Chefs d&#8217;entreprises, responsables associatifs, salari\u00e9s, [&hellip;]<\/p>\n","protected":false},"author":1,"featured_media":0,"parent":0,"menu_order":0,"comment_status":"closed","ping_status":"closed","template":"","meta":{"_acf_changed":false,"_crosspost_to_1":false,"_crosspost_to_2":false,"_crosspost_to_4":false,"_crosspost_to_5":false,"_crosspost_to_6":false,"_crosspost_to_7":false,"_crosspost_to_8":false,"_crosspost_to_11":false,"_crosspost_to_12":false,"_crosspost_to_13":false,"_crosspost_to_14":false,"_crosspost_to_15":false,"_crosspost_to_16":false,"inline_featured_image":false,"footnotes":""},"acf":[],"yoast_head":"<!-- This site is optimized with the Yoast SEO plugin v21.9.1 - https:\/\/yoast.com\/wordpress\/plugins\/seo\/ -->\n<title>Parrainer \/ Mentorer - MISSION LOCALE DE L&#039;AGGLOMERATION ROUENNAISE<\/title>\n<meta name=\"robots\" content=\"index, follow, max-snippet:-1, max-image-preview:large, max-video-preview:-1\" \/>\n<link rel=\"canonical\" href=\"https:\/\/www.missionslocalesnormandie.fr\/mission-locale-agglomeration-rouennaise\/parrainer-mentorer\/\" \/>\n<meta property=\"og:locale\" content=\"fr_FR\" \/>\n<meta property=\"og:type\" content=\"article\" \/>\n<meta property=\"og:title\" content=\"Parrainer \/ Mentorer - MISSION LOCALE DE L&#039;AGGLOMERATION ROUENNAISE\" \/>\n<meta property=\"og:description\" content=\"Le parrainage, c&#8217;est un engagement r\u00e9ciproque entre un jeune de la Mission Locale et un parrain\/marraine b\u00e9n\u00e9vole. C&#8217;est l&#8217;opportunit\u00e9 de partager votre exp\u00e9rience, de guider un jeune pour qu&#8217;il acqui\u00e8re de nouvelles comp\u00e9tences, et de lui faire d\u00e9couvrir des m\u00e9tiers passionnants.\u00a0\u00a0\u00a0 Qui peut \u00eatre parrain\/marraine ? Tout le monde ! Chefs d&#8217;entreprises, responsables associatifs, salari\u00e9s, [&hellip;]\" \/>\n<meta property=\"og:url\" content=\"https:\/\/www.missionslocalesnormandie.fr\/mission-locale-agglomeration-rouennaise\/parrainer-mentorer\/\" \/>\n<meta property=\"og:site_name\" content=\"MISSION LOCALE DE L&#039;AGGLOMERATION ROUENNAISE\" \/>\n<meta property=\"article:modified_time\" content=\"2024-04-18T07:36:56+00:00\" \/>\n<meta name=\"twitter:card\" content=\"summary_large_image\" \/>\n<meta name=\"twitter:label1\" content=\"Dur\u00e9e de lecture estim\u00e9e\" \/>\n\t<meta name=\"twitter:data1\" content=\"1 minute\" \/>\n<script type=\"application\/ld+json\" class=\"yoast-schema-graph\">{\"@context\":\"https:\/\/schema.org\",\"@graph\":[{\"@type\":\"WebPage\",\"@id\":\"https:\/\/www.missionslocalesnormandie.fr\/mission-locale-agglomeration-rouennaise\/parrainer-mentorer\/\",\"url\":\"https:\/\/www.missionslocalesnormandie.fr\/mission-locale-agglomeration-rouennaise\/parrainer-mentorer\/\",\"name\":\"Parrainer \/ Mentorer - MISSION LOCALE DE L'AGGLOMERATION ROUENNAISE\",\"isPartOf\":{\"@id\":\"https:\/\/www.missionslocalesnormandie.fr\/mission-locale-agglomeration-rouennaise\/#website\"},\"datePublished\":\"2023-12-14T14:17:16+00:00\",\"dateModified\":\"2024-04-18T07:36:56+00:00\",\"breadcrumb\":{\"@id\":\"https:\/\/www.missionslocalesnormandie.fr\/mission-locale-agglomeration-rouennaise\/parrainer-mentorer\/#breadcrumb\"},\"inLanguage\":\"fr-FR\",\"potentialAction\":[{\"@type\":\"ReadAction\",\"target\":[\"https:\/\/www.missionslocalesnormandie.fr\/mission-locale-agglomeration-rouennaise\/parrainer-mentorer\/\"]}]},{\"@type\":\"BreadcrumbList\",\"@id\":\"https:\/\/www.missionslocalesnormandie.fr\/mission-locale-agglomeration-rouennaise\/parrainer-mentorer\/#breadcrumb\",\"itemListElement\":[{\"@type\":\"ListItem\",\"position\":1,\"name\":\"Home\",\"item\":\"https:\/\/www.missionslocalesnormandie.fr\/mission-locale-agglomeration-rouennaise\/\"},{\"@type\":\"ListItem\",\"position\":2,\"name\":\"Parrainer \/ Mentorer\"}]},{\"@type\":\"WebSite\",\"@id\":\"https:\/\/www.missionslocalesnormandie.fr\/mission-locale-agglomeration-rouennaise\/#website\",\"url\":\"https:\/\/www.missionslocalesnormandie.fr\/mission-locale-agglomeration-rouennaise\/\",\"name\":\"MISSION LOCALE DE L'AGGLOMERATION ROUENNAISE\",\"description\":\"\",\"potentialAction\":[{\"@type\":\"SearchAction\",\"target\":{\"@type\":\"EntryPoint\",\"urlTemplate\":\"https:\/\/www.missionslocalesnormandie.fr\/mission-locale-agglomeration-rouennaise\/?s={search_term_string}\"},\"query-input\":\"required name=search_term_string\"}],\"inLanguage\":\"fr-FR\"}]}<\/script>\n<!-- \/ Yoast SEO plugin. -->","yoast_head_json":{"title":"Parrainer \/ Mentorer - MISSION LOCALE DE L'AGGLOMERATION ROUENNAISE","robots":{"index":"index","follow":"follow","max-snippet":"max-snippet:-1","max-image-preview":"max-image-preview:large","max-video-preview":"max-video-preview:-1"},"canonical":"https:\/\/www.missionslocalesnormandie.fr\/mission-locale-agglomeration-rouennaise\/parrainer-mentorer\/","og_locale":"fr_FR","og_type":"article","og_title":"Parrainer \/ Mentorer - MISSION LOCALE DE L'AGGLOMERATION ROUENNAISE","og_description":"Le parrainage, c&#8217;est un engagement r\u00e9ciproque entre un jeune de la Mission Locale et un parrain\/marraine b\u00e9n\u00e9vole. C&#8217;est l&#8217;opportunit\u00e9 de partager votre exp\u00e9rience, de guider un jeune pour qu&#8217;il acqui\u00e8re de nouvelles comp\u00e9tences, et de lui faire d\u00e9couvrir des m\u00e9tiers passionnants.\u00a0\u00a0\u00a0 Qui peut \u00eatre parrain\/marraine ? Tout le monde ! Chefs d&#8217;entreprises, responsables associatifs, salari\u00e9s, [&hellip;]","og_url":"https:\/\/www.missionslocalesnormandie.fr\/mission-locale-agglomeration-rouennaise\/parrainer-mentorer\/","og_site_name":"MISSION LOCALE DE L'AGGLOMERATION ROUENNAISE","article_modified_time":"2024-04-18T07:36:56+00:00","twitter_card":"summary_large_image","twitter_misc":{"Dur\u00e9e de lecture estim\u00e9e":"1 minute"},"schema":{"@context":"https:\/\/schema.org","@graph":[{"@type":"WebPage","@id":"https:\/\/www.missionslocalesnormandie.fr\/mission-locale-agglomeration-rouennaise\/parrainer-mentorer\/","url":"https:\/\/www.missionslocalesnormandie.fr\/mission-locale-agglomeration-rouennaise\/parrainer-mentorer\/","name":"Parrainer \/ Mentorer - MISSION LOCALE DE L'AGGLOMERATION ROUENNAISE","isPartOf":{"@id":"https:\/\/www.missionslocalesnormandie.fr\/mission-locale-agglomeration-rouennaise\/#website"},"datePublished":"2023-12-14T14:17:16+00:00","dateModified":"2024-04-18T07:36:56+00:00","breadcrumb":{"@id":"https:\/\/www.missionslocalesnormandie.fr\/mission-locale-agglomeration-rouennaise\/parrainer-mentorer\/#breadcrumb"},"inLanguage":"fr-FR","potentialAction":[{"@type":"ReadAction","target":["https:\/\/www.missionslocalesnormandie.fr\/mission-locale-agglomeration-rouennaise\/parrainer-mentorer\/"]}]},{"@type":"BreadcrumbList","@id":"https:\/\/www.missionslocalesnormandie.fr\/mission-locale-agglomeration-rouennaise\/parrainer-mentorer\/#breadcrumb","itemListElement":[{"@type":"ListItem","position":1,"name":"Home","item":"https:\/\/www.missionslocalesnormandie.fr\/mission-locale-agglomeration-rouennaise\/"},{"@type":"ListItem","position":2,"name":"Parrainer \/ Mentorer"}]},{"@type":"WebSite","@id":"https:\/\/www.missionslocalesnormandie.fr\/mission-locale-agglomeration-rouennaise\/#website","url":"https:\/\/www.missionslocalesnormandie.fr\/mission-locale-agglomeration-rouennaise\/","name":"MISSION LOCALE DE L'AGGLOMERATION ROUENNAISE","description":"","potentialAction":[{"@type":"SearchAction","target":{"@type":"EntryPoint","urlTemplate":"https:\/\/www.missionslocalesnormandie.fr\/mission-locale-agglomeration-rouennaise\/?s={search_term_string}"},"query-input":"required name=search_term_string"}],"inLanguage":"fr-FR"}]}},"_links":{"self":[{"href":"https:\/\/www.missionslocalesnormandie.fr\/mission-locale-agglomeration-rouennaise\/wp-json\/wp\/v2\/pages\/102"}],"collection":[{"href":"https:\/\/www.missionslocalesnormandie.fr\/mission-locale-agglomeration-rouennaise\/wp-json\/wp\/v2\/pages"}],"about":[{"href":"https:\/\/www.missionslocalesnormandie.fr\/mission-locale-agglomeration-rouennaise\/wp-json\/wp\/v2\/types\/page"}],"author":[{"embeddable":true,"href":"https:\/\/www.missionslocalesnormandie.fr\/mission-locale-agglomeration-rouennaise\/wp-json\/wp\/v2\/users\/1"}],"replies":[{"embeddable":true,"href":"https:\/\/www.missionslocalesnormandie.fr\/mission-locale-agglomeration-rouennaise\/wp-json\/wp\/v2\/comments?post=102"}],"version-history":[{"count":10,"href":"https:\/\/www.missionslocalesnormandie.fr\/mission-locale-agglomeration-rouennaise\/wp-json\/wp\/v2\/pages\/102\/revisions"}],"predecessor-version":[{"id":380,"href":"https:\/\/www.missionslocalesnormandie.fr\/mission-locale-agglomeration-rouennaise\/wp-json\/wp\/v2\/pages\/102\/revisions\/380"}],"wp:attachment":[{"href":"https:\/\/www.missionslocalesnormandie.fr\/mission-locale-agglomeration-rouennaise\/wp-json\/wp\/v2\/media?parent=102"}],"curies":[{"name":"wp","href":"https:\/\/api.w.org\/{rel}","templated":true}]}}