{"id":151,"date":"2023-12-14T15:36:07","date_gmt":"2023-12-14T14:36:07","guid":{"rendered":"https:\/\/www.missionslocalesnormandie.fr\/mission-locale-agglomeration-rouennaise\/?page_id=151"},"modified":"2024-04-18T09:14:33","modified_gmt":"2024-04-18T07:14:33","slug":"minformer","status":"publish","type":"page","link":"https:\/\/www.missionslocalesnormandie.fr\/mission-locale-agglomeration-rouennaise\/minformer\/","title":{"rendered":"M\u2019informer"},"content":{"rendered":"\t\t<div data-elementor-type=\"wp-page\" data-elementor-id=\"151\" class=\"elementor elementor-151\">\n\t\t\t\t<div class=\"elementor-element elementor-element-329d683 e-flex e-con-boxed e-con e-parent\" data-id=\"329d683\" data-element_type=\"container\">\n\t\t\t\t\t<div class=\"e-con-inner\">\n\t\t\t\t<div class=\"elementor-element elementor-element-6e59f73 elementor-widget elementor-widget-block_simple_texte\" data-id=\"6e59f73\" data-element_type=\"widget\" data-widget_type=\"block_simple_texte.default\">\n\t\t\t\t<div class=\"elementor-widget-container\">\n\t\t\t    <div class=\"container\">\n        <p><span style=\"font-weight: 400\">Si tu as une question sur n\u2019importe quel sujet (emploi, logement, formation, sant\u00e9,...) n\u2019h\u00e9sites pas \u00e0 nous en faire part par mail \u00e0 <a href=\"mailto:mission.locale@ml-rouen.asso.fr\">mission.locale@ml-rouen.asso.fr<\/a> . Tu peux \u00e9galement te rendre \u00e0 l\u2019accueil d\u2019<a href=\"https:\/\/www.missionslocalesnormandie.fr\/mission-locale-agglomeration-rouennaise\/\">une de nos antennes<\/a> pour te faire aider.\u00a0<\/span><\/p><p><span style=\"font-weight: 400\">Un conseiller te r\u00e9pondra au mieux, et pourra \u00e9galement te proposer un accompagnement gratuit si n\u00e9cessaire.<\/span><\/p>\n    <\/div>\n\t\t<\/div>\n\t\t\t\t<\/div>\n\t\t\t\t\t<\/div>\n\t\t\t\t<\/div>\n\t\t\t\t<\/div>\n\t\t","protected":false},"excerpt":{"rendered":"<p>Si tu as une question sur n\u2019importe quel sujet (emploi, logement, formation, sant\u00e9,&#8230;) n\u2019h\u00e9sites pas \u00e0 nous en faire part par mail \u00e0 mission.locale@ml-rouen.asso.fr . Tu peux \u00e9galement te rendre \u00e0 l\u2019accueil d\u2019une de nos antennes pour te faire aider.\u00a0 Un conseiller te r\u00e9pondra au mieux, et pourra \u00e9galement te proposer un accompagnement gratuit si [&hellip;]<\/p>\n","protected":false},"author":1,"featured_media":0,"parent":0,"menu_order":0,"comment_status":"closed","ping_status":"closed","template":"","meta":{"_acf_changed":false,"_crosspost_to_1":false,"_crosspost_to_2":false,"_crosspost_to_4":false,"_crosspost_to_5":false,"_crosspost_to_6":false,"_crosspost_to_7":false,"_crosspost_to_8":false,"_crosspost_to_11":false,"_crosspost_to_12":false,"_crosspost_to_13":false,"_crosspost_to_14":false,"_crosspost_to_15":false,"_crosspost_to_16":false,"inline_featured_image":false,"footnotes":""},"acf":[],"yoast_head":"<!-- This site is optimized with the Yoast SEO plugin v21.9.1 - https:\/\/yoast.com\/wordpress\/plugins\/seo\/ -->\n<title>M\u2019informer - MISSION LOCALE DE L&#039;AGGLOMERATION ROUENNAISE<\/title>\n<meta name=\"robots\" content=\"index, follow, max-snippet:-1, max-image-preview:large, max-video-preview:-1\" \/>\n<link rel=\"canonical\" href=\"https:\/\/www.missionslocalesnormandie.fr\/mission-locale-agglomeration-rouennaise\/minformer\/\" \/>\n<meta property=\"og:locale\" content=\"fr_FR\" \/>\n<meta property=\"og:type\" content=\"article\" \/>\n<meta property=\"og:title\" content=\"M\u2019informer - MISSION LOCALE DE L&#039;AGGLOMERATION ROUENNAISE\" \/>\n<meta property=\"og:description\" content=\"Si tu as une question sur n\u2019importe quel sujet (emploi, logement, formation, sant\u00e9,&#8230;) n\u2019h\u00e9sites pas \u00e0 nous en faire part par mail \u00e0 mission.locale@ml-rouen.asso.fr . Tu peux \u00e9galement te rendre \u00e0 l\u2019accueil d\u2019une de nos antennes pour te faire aider.\u00a0 Un conseiller te r\u00e9pondra au mieux, et pourra \u00e9galement te proposer un accompagnement gratuit si [&hellip;]\" \/>\n<meta property=\"og:url\" content=\"https:\/\/www.missionslocalesnormandie.fr\/mission-locale-agglomeration-rouennaise\/minformer\/\" \/>\n<meta property=\"og:site_name\" content=\"MISSION LOCALE DE L&#039;AGGLOMERATION ROUENNAISE\" \/>\n<meta property=\"article:modified_time\" content=\"2024-04-18T07:14:33+00:00\" \/>\n<meta name=\"twitter:card\" content=\"summary_large_image\" \/>\n<meta name=\"twitter:label1\" content=\"Dur\u00e9e de lecture estim\u00e9e\" \/>\n\t<meta name=\"twitter:data1\" content=\"1 minute\" \/>\n<script type=\"application\/ld+json\" class=\"yoast-schema-graph\">{\"@context\":\"https:\/\/schema.org\",\"@graph\":[{\"@type\":\"WebPage\",\"@id\":\"https:\/\/www.missionslocalesnormandie.fr\/mission-locale-agglomeration-rouennaise\/minformer\/\",\"url\":\"https:\/\/www.missionslocalesnormandie.fr\/mission-locale-agglomeration-rouennaise\/minformer\/\",\"name\":\"M\u2019informer - MISSION LOCALE DE L'AGGLOMERATION ROUENNAISE\",\"isPartOf\":{\"@id\":\"https:\/\/www.missionslocalesnormandie.fr\/mission-locale-agglomeration-rouennaise\/#website\"},\"datePublished\":\"2023-12-14T14:36:07+00:00\",\"dateModified\":\"2024-04-18T07:14:33+00:00\",\"breadcrumb\":{\"@id\":\"https:\/\/www.missionslocalesnormandie.fr\/mission-locale-agglomeration-rouennaise\/minformer\/#breadcrumb\"},\"inLanguage\":\"fr-FR\",\"potentialAction\":[{\"@type\":\"ReadAction\",\"target\":[\"https:\/\/www.missionslocalesnormandie.fr\/mission-locale-agglomeration-rouennaise\/minformer\/\"]}]},{\"@type\":\"BreadcrumbList\",\"@id\":\"https:\/\/www.missionslocalesnormandie.fr\/mission-locale-agglomeration-rouennaise\/minformer\/#breadcrumb\",\"itemListElement\":[{\"@type\":\"ListItem\",\"position\":1,\"name\":\"Home\",\"item\":\"https:\/\/www.missionslocalesnormandie.fr\/mission-locale-agglomeration-rouennaise\/\"},{\"@type\":\"ListItem\",\"position\":2,\"name\":\"M\u2019informer\"}]},{\"@type\":\"WebSite\",\"@id\":\"https:\/\/www.missionslocalesnormandie.fr\/mission-locale-agglomeration-rouennaise\/#website\",\"url\":\"https:\/\/www.missionslocalesnormandie.fr\/mission-locale-agglomeration-rouennaise\/\",\"name\":\"MISSION LOCALE DE L'AGGLOMERATION ROUENNAISE\",\"description\":\"\",\"potentialAction\":[{\"@type\":\"SearchAction\",\"target\":{\"@type\":\"EntryPoint\",\"urlTemplate\":\"https:\/\/www.missionslocalesnormandie.fr\/mission-locale-agglomeration-rouennaise\/?s={search_term_string}\"},\"query-input\":\"required name=search_term_string\"}],\"inLanguage\":\"fr-FR\"}]}<\/script>\n<!-- \/ Yoast SEO plugin. -->","yoast_head_json":{"title":"M\u2019informer - MISSION LOCALE DE L'AGGLOMERATION ROUENNAISE","robots":{"index":"index","follow":"follow","max-snippet":"max-snippet:-1","max-image-preview":"max-image-preview:large","max-video-preview":"max-video-preview:-1"},"canonical":"https:\/\/www.missionslocalesnormandie.fr\/mission-locale-agglomeration-rouennaise\/minformer\/","og_locale":"fr_FR","og_type":"article","og_title":"M\u2019informer - MISSION LOCALE DE L'AGGLOMERATION ROUENNAISE","og_description":"Si tu as une question sur n\u2019importe quel sujet (emploi, logement, formation, sant\u00e9,&#8230;) n\u2019h\u00e9sites pas \u00e0 nous en faire part par mail \u00e0 mission.locale@ml-rouen.asso.fr . Tu peux \u00e9galement te rendre \u00e0 l\u2019accueil d\u2019une de nos antennes pour te faire aider.\u00a0 Un conseiller te r\u00e9pondra au mieux, et pourra \u00e9galement te proposer un accompagnement gratuit si [&hellip;]","og_url":"https:\/\/www.missionslocalesnormandie.fr\/mission-locale-agglomeration-rouennaise\/minformer\/","og_site_name":"MISSION LOCALE DE L'AGGLOMERATION ROUENNAISE","article_modified_time":"2024-04-18T07:14:33+00:00","twitter_card":"summary_large_image","twitter_misc":{"Dur\u00e9e de lecture estim\u00e9e":"1 minute"},"schema":{"@context":"https:\/\/schema.org","@graph":[{"@type":"WebPage","@id":"https:\/\/www.missionslocalesnormandie.fr\/mission-locale-agglomeration-rouennaise\/minformer\/","url":"https:\/\/www.missionslocalesnormandie.fr\/mission-locale-agglomeration-rouennaise\/minformer\/","name":"M\u2019informer - MISSION LOCALE DE L'AGGLOMERATION ROUENNAISE","isPartOf":{"@id":"https:\/\/www.missionslocalesnormandie.fr\/mission-locale-agglomeration-rouennaise\/#website"},"datePublished":"2023-12-14T14:36:07+00:00","dateModified":"2024-04-18T07:14:33+00:00","breadcrumb":{"@id":"https:\/\/www.missionslocalesnormandie.fr\/mission-locale-agglomeration-rouennaise\/minformer\/#breadcrumb"},"inLanguage":"fr-FR","potentialAction":[{"@type":"ReadAction","target":["https:\/\/www.missionslocalesnormandie.fr\/mission-locale-agglomeration-rouennaise\/minformer\/"]}]},{"@type":"BreadcrumbList","@id":"https:\/\/www.missionslocalesnormandie.fr\/mission-locale-agglomeration-rouennaise\/minformer\/#breadcrumb","itemListElement":[{"@type":"ListItem","position":1,"name":"Home","item":"https:\/\/www.missionslocalesnormandie.fr\/mission-locale-agglomeration-rouennaise\/"},{"@type":"ListItem","position":2,"name":"M\u2019informer"}]},{"@type":"WebSite","@id":"https:\/\/www.missionslocalesnormandie.fr\/mission-locale-agglomeration-rouennaise\/#website","url":"https:\/\/www.missionslocalesnormandie.fr\/mission-locale-agglomeration-rouennaise\/","name":"MISSION LOCALE DE L'AGGLOMERATION ROUENNAISE","description":"","potentialAction":[{"@type":"SearchAction","target":{"@type":"EntryPoint","urlTemplate":"https:\/\/www.missionslocalesnormandie.fr\/mission-locale-agglomeration-rouennaise\/?s={search_term_string}"},"query-input":"required name=search_term_string"}],"inLanguage":"fr-FR"}]}},"_links":{"self":[{"href":"https:\/\/www.missionslocalesnormandie.fr\/mission-locale-agglomeration-rouennaise\/wp-json\/wp\/v2\/pages\/151"}],"collection":[{"href":"https:\/\/www.missionslocalesnormandie.fr\/mission-locale-agglomeration-rouennaise\/wp-json\/wp\/v2\/pages"}],"about":[{"href":"https:\/\/www.missionslocalesnormandie.fr\/mission-locale-agglomeration-rouennaise\/wp-json\/wp\/v2\/types\/page"}],"author":[{"embeddable":true,"href":"https:\/\/www.missionslocalesnormandie.fr\/mission-locale-agglomeration-rouennaise\/wp-json\/wp\/v2\/users\/1"}],"replies":[{"embeddable":true,"href":"https:\/\/www.missionslocalesnormandie.fr\/mission-locale-agglomeration-rouennaise\/wp-json\/wp\/v2\/comments?post=151"}],"version-history":[{"count":6,"href":"https:\/\/www.missionslocalesnormandie.fr\/mission-locale-agglomeration-rouennaise\/wp-json\/wp\/v2\/pages\/151\/revisions"}],"predecessor-version":[{"id":364,"href":"https:\/\/www.missionslocalesnormandie.fr\/mission-locale-agglomeration-rouennaise\/wp-json\/wp\/v2\/pages\/151\/revisions\/364"}],"wp:attachment":[{"href":"https:\/\/www.missionslocalesnormandie.fr\/mission-locale-agglomeration-rouennaise\/wp-json\/wp\/v2\/media?parent=151"}],"curies":[{"name":"wp","href":"https:\/\/api.w.org\/{rel}","templated":true}]}}