{"id":167,"date":"2023-12-14T15:37:45","date_gmt":"2023-12-14T14:37:45","guid":{"rendered":"https:\/\/www.missionslocalesnormandie.fr\/mission-locale-agglomeration-rouennaise\/?page_id=167"},"modified":"2023-12-14T15:38:32","modified_gmt":"2023-12-14T14:38:32","slug":"travailler","status":"publish","type":"page","link":"https:\/\/www.missionslocalesnormandie.fr\/mission-locale-agglomeration-rouennaise\/travailler\/","title":{"rendered":"Travailler"},"content":{"rendered":"\t\t<div data-elementor-type=\"wp-page\" data-elementor-id=\"167\" class=\"elementor elementor-167\">\n\t\t\t\t<div class=\"elementor-element elementor-element-0015847 e-flex e-con-boxed e-con e-parent\" data-id=\"0015847\" data-element_type=\"container\">\n\t\t\t\t\t<div class=\"e-con-inner\">\n\t\t\t\t<div class=\"elementor-element elementor-element-629118a elementor-widget elementor-widget-block_intro\" data-id=\"629118a\" data-element_type=\"widget\" data-widget_type=\"block_intro.default\">\n\t\t\t\t<div class=\"elementor-widget-container\">\n\t\t\t    <div class=\"container\">\n        <div class=\"edito-intro\">\n            <p><span style=\"font-weight: 400;\">Tu es en recherche d\u2019emploi sur Rouen et ses alentours ? La Mission Locale de Rouen t\u2019aide \u00e0 trouver ton job gr\u00e2ce \u00e0 des ateliers, des simulations d\u2019entretiens, et des journ\u00e9es de recrutement en fonction des fili\u00e8res.\u00a0<\/span><\/p><p><span style=\"font-weight: 400;\">L\u2019accompagnement est gratuit. Il te suffit simplement de t\u2019inscrire \u00e0 la Mission Locale <\/span><i><span style=\"font-weight: 400;\">(formulaire pr\u00e9-inscription)<\/span><\/i><\/p>\n        <\/div>\n    <\/div>\n\t\t<\/div>\n\t\t\t\t<\/div>\n\t\t\t\t<div class=\"elementor-element elementor-element-067238e elementor-widget elementor-widget-block_titre\" data-id=\"067238e\" data-element_type=\"widget\" data-widget_type=\"block_titre.default\">\n\t\t\t\t<div class=\"elementor-widget-container\">\n\t\t\t    <div class=\"container\">\n        <h2>\n            Monter son projet\n        <\/h2>\n    <\/div>\n\t\t<\/div>\n\t\t\t\t<\/div>\n\t\t\t\t<div class=\"elementor-element elementor-element-e9b5f62 elementor-widget elementor-widget-block_simple_texte\" data-id=\"e9b5f62\" data-element_type=\"widget\" data-widget_type=\"block_simple_texte.default\">\n\t\t\t\t<div class=\"elementor-widget-container\">\n\t\t\t    <div class=\"container\">\n        <p><span style=\"font-weight: 400;\">Le Groupement de cr\u00e9ateurs de la Mission locale est l\u00e0 pour t\u2019aider \u00e0 concr\u00e9tiser ton projet d\u2019entreprise. Gr\u00e2ce \u00e0 des entretiens r\u00e9guliers, des ateliers et des rencontres, tu pourras peu \u00e0 peu construire ton propre emploi.\u00a0<\/span><\/p><p><span style=\"font-weight: 400;\">Contact : christel.rolland@ml-rouen.asso.fr<\/span><\/p>\n    <\/div>\n\t\t<\/div>\n\t\t\t\t<\/div>\n\t\t\t\t\t<\/div>\n\t\t\t\t<\/div>\n\t\t\t\t<\/div>\n\t\t","protected":false},"excerpt":{"rendered":"<p>Tu es en recherche d\u2019emploi sur Rouen et ses alentours ? La Mission Locale de Rouen t\u2019aide \u00e0 trouver ton job gr\u00e2ce \u00e0 des ateliers, des simulations d\u2019entretiens, et des journ\u00e9es de recrutement en fonction des fili\u00e8res.\u00a0 L\u2019accompagnement est gratuit. Il te suffit simplement de t\u2019inscrire \u00e0 la Mission Locale (formulaire pr\u00e9-inscription) Monter son projet [&hellip;]<\/p>\n","protected":false},"author":1,"featured_media":0,"parent":0,"menu_order":0,"comment_status":"closed","ping_status":"closed","template":"","meta":{"_acf_changed":false,"_crosspost_to_1":false,"_crosspost_to_2":false,"_crosspost_to_4":false,"_crosspost_to_5":false,"_crosspost_to_6":false,"_crosspost_to_7":false,"_crosspost_to_8":false,"_crosspost_to_11":false,"_crosspost_to_12":false,"_crosspost_to_13":false,"_crosspost_to_14":false,"_crosspost_to_15":false,"_crosspost_to_16":false,"inline_featured_image":false,"footnotes":""},"acf":[],"yoast_head":"<!-- This site is optimized with the Yoast SEO plugin v21.9.1 - https:\/\/yoast.com\/wordpress\/plugins\/seo\/ -->\n<title>Travailler - MISSION LOCALE DE L&#039;AGGLOMERATION ROUENNAISE<\/title>\n<meta name=\"robots\" content=\"index, follow, max-snippet:-1, max-image-preview:large, max-video-preview:-1\" \/>\n<link rel=\"canonical\" href=\"https:\/\/www.missionslocalesnormandie.fr\/mission-locale-agglomeration-rouennaise\/travailler\/\" \/>\n<meta property=\"og:locale\" content=\"fr_FR\" \/>\n<meta property=\"og:type\" content=\"article\" \/>\n<meta property=\"og:title\" content=\"Travailler - MISSION LOCALE DE L&#039;AGGLOMERATION ROUENNAISE\" \/>\n<meta property=\"og:description\" content=\"Tu es en recherche d\u2019emploi sur Rouen et ses alentours ? La Mission Locale de Rouen t\u2019aide \u00e0 trouver ton job gr\u00e2ce \u00e0 des ateliers, des simulations d\u2019entretiens, et des journ\u00e9es de recrutement en fonction des fili\u00e8res.\u00a0 L\u2019accompagnement est gratuit. Il te suffit simplement de t\u2019inscrire \u00e0 la Mission Locale (formulaire pr\u00e9-inscription) Monter son projet [&hellip;]\" \/>\n<meta property=\"og:url\" content=\"https:\/\/www.missionslocalesnormandie.fr\/mission-locale-agglomeration-rouennaise\/travailler\/\" \/>\n<meta property=\"og:site_name\" content=\"MISSION LOCALE DE L&#039;AGGLOMERATION ROUENNAISE\" \/>\n<meta property=\"article:modified_time\" content=\"2023-12-14T14:38:32+00:00\" \/>\n<meta name=\"twitter:card\" content=\"summary_large_image\" \/>\n<meta name=\"twitter:label1\" content=\"Dur\u00e9e de lecture estim\u00e9e\" \/>\n\t<meta name=\"twitter:data1\" content=\"1 minute\" \/>\n<script type=\"application\/ld+json\" class=\"yoast-schema-graph\">{\"@context\":\"https:\/\/schema.org\",\"@graph\":[{\"@type\":\"WebPage\",\"@id\":\"https:\/\/www.missionslocalesnormandie.fr\/mission-locale-agglomeration-rouennaise\/travailler\/\",\"url\":\"https:\/\/www.missionslocalesnormandie.fr\/mission-locale-agglomeration-rouennaise\/travailler\/\",\"name\":\"Travailler - MISSION LOCALE DE L'AGGLOMERATION ROUENNAISE\",\"isPartOf\":{\"@id\":\"https:\/\/www.missionslocalesnormandie.fr\/mission-locale-agglomeration-rouennaise\/#website\"},\"datePublished\":\"2023-12-14T14:37:45+00:00\",\"dateModified\":\"2023-12-14T14:38:32+00:00\",\"breadcrumb\":{\"@id\":\"https:\/\/www.missionslocalesnormandie.fr\/mission-locale-agglomeration-rouennaise\/travailler\/#breadcrumb\"},\"inLanguage\":\"fr-FR\",\"potentialAction\":[{\"@type\":\"ReadAction\",\"target\":[\"https:\/\/www.missionslocalesnormandie.fr\/mission-locale-agglomeration-rouennaise\/travailler\/\"]}]},{\"@type\":\"BreadcrumbList\",\"@id\":\"https:\/\/www.missionslocalesnormandie.fr\/mission-locale-agglomeration-rouennaise\/travailler\/#breadcrumb\",\"itemListElement\":[{\"@type\":\"ListItem\",\"position\":1,\"name\":\"Home\",\"item\":\"https:\/\/www.missionslocalesnormandie.fr\/mission-locale-agglomeration-rouennaise\/\"},{\"@type\":\"ListItem\",\"position\":2,\"name\":\"Travailler\"}]},{\"@type\":\"WebSite\",\"@id\":\"https:\/\/www.missionslocalesnormandie.fr\/mission-locale-agglomeration-rouennaise\/#website\",\"url\":\"https:\/\/www.missionslocalesnormandie.fr\/mission-locale-agglomeration-rouennaise\/\",\"name\":\"MISSION LOCALE DE L'AGGLOMERATION ROUENNAISE\",\"description\":\"\",\"potentialAction\":[{\"@type\":\"SearchAction\",\"target\":{\"@type\":\"EntryPoint\",\"urlTemplate\":\"https:\/\/www.missionslocalesnormandie.fr\/mission-locale-agglomeration-rouennaise\/?s={search_term_string}\"},\"query-input\":\"required name=search_term_string\"}],\"inLanguage\":\"fr-FR\"}]}<\/script>\n<!-- \/ Yoast SEO plugin. -->","yoast_head_json":{"title":"Travailler - MISSION LOCALE DE L'AGGLOMERATION ROUENNAISE","robots":{"index":"index","follow":"follow","max-snippet":"max-snippet:-1","max-image-preview":"max-image-preview:large","max-video-preview":"max-video-preview:-1"},"canonical":"https:\/\/www.missionslocalesnormandie.fr\/mission-locale-agglomeration-rouennaise\/travailler\/","og_locale":"fr_FR","og_type":"article","og_title":"Travailler - MISSION LOCALE DE L'AGGLOMERATION ROUENNAISE","og_description":"Tu es en recherche d\u2019emploi sur Rouen et ses alentours ? La Mission Locale de Rouen t\u2019aide \u00e0 trouver ton job gr\u00e2ce \u00e0 des ateliers, des simulations d\u2019entretiens, et des journ\u00e9es de recrutement en fonction des fili\u00e8res.\u00a0 L\u2019accompagnement est gratuit. Il te suffit simplement de t\u2019inscrire \u00e0 la Mission Locale (formulaire pr\u00e9-inscription) Monter son projet [&hellip;]","og_url":"https:\/\/www.missionslocalesnormandie.fr\/mission-locale-agglomeration-rouennaise\/travailler\/","og_site_name":"MISSION LOCALE DE L'AGGLOMERATION ROUENNAISE","article_modified_time":"2023-12-14T14:38:32+00:00","twitter_card":"summary_large_image","twitter_misc":{"Dur\u00e9e de lecture estim\u00e9e":"1 minute"},"schema":{"@context":"https:\/\/schema.org","@graph":[{"@type":"WebPage","@id":"https:\/\/www.missionslocalesnormandie.fr\/mission-locale-agglomeration-rouennaise\/travailler\/","url":"https:\/\/www.missionslocalesnormandie.fr\/mission-locale-agglomeration-rouennaise\/travailler\/","name":"Travailler - MISSION LOCALE DE L'AGGLOMERATION ROUENNAISE","isPartOf":{"@id":"https:\/\/www.missionslocalesnormandie.fr\/mission-locale-agglomeration-rouennaise\/#website"},"datePublished":"2023-12-14T14:37:45+00:00","dateModified":"2023-12-14T14:38:32+00:00","breadcrumb":{"@id":"https:\/\/www.missionslocalesnormandie.fr\/mission-locale-agglomeration-rouennaise\/travailler\/#breadcrumb"},"inLanguage":"fr-FR","potentialAction":[{"@type":"ReadAction","target":["https:\/\/www.missionslocalesnormandie.fr\/mission-locale-agglomeration-rouennaise\/travailler\/"]}]},{"@type":"BreadcrumbList","@id":"https:\/\/www.missionslocalesnormandie.fr\/mission-locale-agglomeration-rouennaise\/travailler\/#breadcrumb","itemListElement":[{"@type":"ListItem","position":1,"name":"Home","item":"https:\/\/www.missionslocalesnormandie.fr\/mission-locale-agglomeration-rouennaise\/"},{"@type":"ListItem","position":2,"name":"Travailler"}]},{"@type":"WebSite","@id":"https:\/\/www.missionslocalesnormandie.fr\/mission-locale-agglomeration-rouennaise\/#website","url":"https:\/\/www.missionslocalesnormandie.fr\/mission-locale-agglomeration-rouennaise\/","name":"MISSION LOCALE DE L'AGGLOMERATION ROUENNAISE","description":"","potentialAction":[{"@type":"SearchAction","target":{"@type":"EntryPoint","urlTemplate":"https:\/\/www.missionslocalesnormandie.fr\/mission-locale-agglomeration-rouennaise\/?s={search_term_string}"},"query-input":"required name=search_term_string"}],"inLanguage":"fr-FR"}]}},"_links":{"self":[{"href":"https:\/\/www.missionslocalesnormandie.fr\/mission-locale-agglomeration-rouennaise\/wp-json\/wp\/v2\/pages\/167"}],"collection":[{"href":"https:\/\/www.missionslocalesnormandie.fr\/mission-locale-agglomeration-rouennaise\/wp-json\/wp\/v2\/pages"}],"about":[{"href":"https:\/\/www.missionslocalesnormandie.fr\/mission-locale-agglomeration-rouennaise\/wp-json\/wp\/v2\/types\/page"}],"author":[{"embeddable":true,"href":"https:\/\/www.missionslocalesnormandie.fr\/mission-locale-agglomeration-rouennaise\/wp-json\/wp\/v2\/users\/1"}],"replies":[{"embeddable":true,"href":"https:\/\/www.missionslocalesnormandie.fr\/mission-locale-agglomeration-rouennaise\/wp-json\/wp\/v2\/comments?post=167"}],"version-history":[{"count":3,"href":"https:\/\/www.missionslocalesnormandie.fr\/mission-locale-agglomeration-rouennaise\/wp-json\/wp\/v2\/pages\/167\/revisions"}],"predecessor-version":[{"id":170,"href":"https:\/\/www.missionslocalesnormandie.fr\/mission-locale-agglomeration-rouennaise\/wp-json\/wp\/v2\/pages\/167\/revisions\/170"}],"wp:attachment":[{"href":"https:\/\/www.missionslocalesnormandie.fr\/mission-locale-agglomeration-rouennaise\/wp-json\/wp\/v2\/media?parent=167"}],"curies":[{"name":"wp","href":"https:\/\/api.w.org\/{rel}","templated":true}]}}