{"id":19,"date":"2023-12-14T14:49:32","date_gmt":"2023-12-14T13:49:32","guid":{"rendered":"https:\/\/www.missionslocalesnormandie.fr\/mission-locale-agglomeration-rouennaise\/?page_id=19"},"modified":"2024-04-18T09:59:59","modified_gmt":"2024-04-18T07:59:59","slug":"notre-territoire","status":"publish","type":"page","link":"https:\/\/www.missionslocalesnormandie.fr\/mission-locale-agglomeration-rouennaise\/notre-territoire\/","title":{"rendered":"Notre territoire"},"content":{"rendered":"\t\t<div data-elementor-type=\"wp-page\" data-elementor-id=\"19\" class=\"elementor elementor-19\">\n\t\t\t\t<div class=\"elementor-element elementor-element-9b7e39c e-flex e-con-boxed e-con e-parent\" data-id=\"9b7e39c\" data-element_type=\"container\">\n\t\t\t\t\t<div class=\"e-con-inner\">\n\t\t\t\t<div class=\"elementor-element elementor-element-679d1b4 elementor-widget elementor-widget-block_titre\" data-id=\"679d1b4\" data-element_type=\"widget\" data-widget_type=\"block_titre.default\">\n\t\t\t\t<div class=\"elementor-widget-container\">\n\t\t\t    <div class=\"container\">\n        <h2>\n            19 antennes \u00e0 ta disposition\n        <\/h2>\n    <\/div>\n\t\t<\/div>\n\t\t\t\t<\/div>\n\t\t\t\t<div class=\"elementor-element elementor-element-000d661 elementor-widget elementor-widget-block_simple_texte\" data-id=\"000d661\" data-element_type=\"widget\" data-widget_type=\"block_simple_texte.default\">\n\t\t\t\t<div class=\"elementor-widget-container\">\n\t\t\t    <div class=\"container\">\n        <p><span style=\"font-weight: 400;color: #000000\">La Mission Locale couvre pr\u00e8s d\u2019une centaine de commune autour de Rouen. D\u00e9couvre de quelle antenne tu d\u00e9pends en nous contactant directement.\u00a0<\/span><\/p><p><span style=\"font-size: 14pt;color: #000000\"><strong>Nos missions<\/strong><\/span><\/p><p><span style=\"font-weight: 400;color: #000000\">Le r\u00f4le principal de la Mission Locale de Rouen est de t\u2019accompagner sur les questions li\u00e9es :\u00a0<\/span><\/p><ul><li style=\"font-weight: 400\"><span style=\"font-weight: 400;color: #000000\">A l\u2019emploi<\/span><\/li><li style=\"font-weight: 400\"><span style=\"font-weight: 400;color: #000000\">A l\u2019autonomie<\/span><\/li><li style=\"font-weight: 400\"><span style=\"font-weight: 400;color: #000000\">A l\u2019orientation<\/span><\/li><li style=\"font-weight: 400\"><span style=\"font-weight: 400;color: #000000\">A la formation<\/span><\/li><li style=\"font-weight: 400\"><span style=\"font-weight: 400;color: #000000\">A la sant\u00e9<\/span><\/li><li style=\"font-weight: 400\"><span style=\"font-weight: 400;color: #000000\">\u00c0 la vie sociale<\/span><\/li><li style=\"font-weight: 400\"><span style=\"font-weight: 400;color: #000000\">Au logement<\/span><\/li><li style=\"font-weight: 400\"><span style=\"font-weight: 400;color: #000000\">A la citoyennet\u00e9<\/span><\/li><li style=\"font-weight: 400\"><span style=\"font-weight: 400;color: #000000\">\u00c0 la mobilit\u00e9<\/span><\/li><\/ul><p><span style=\"font-weight: 400;color: #000000\">Tu peux bien s\u00fbr te faire accompagner sur plusieurs questions en m\u00eame temps ! Nous aidons \u00e9galement les entreprises dans leur recrutement.<\/span><\/p><p><span style=\"font-weight: 400;color: #000000\">La Mission Locale est \u00e9galement un observatoire de la jeunesse. Il se peut donc que tu sois invit\u00e9 \u00e0 r\u00e9pondre \u00e0 des sondages pendant ton accompagnement.<\/span><\/p>\n    <\/div>\n\t\t<\/div>\n\t\t\t\t<\/div>\n\t\t\t\t\t<\/div>\n\t\t\t\t<\/div>\n\t\t\t\t<\/div>\n\t\t","protected":false},"excerpt":{"rendered":"<p>19 antennes \u00e0 ta disposition La Mission Locale couvre pr\u00e8s d\u2019une centaine de commune autour de Rouen. D\u00e9couvre de quelle antenne tu d\u00e9pends en nous contactant directement.\u00a0 Nos missions Le r\u00f4le principal de la Mission Locale de Rouen est de t\u2019accompagner sur les questions li\u00e9es :\u00a0 A l\u2019emploi A l\u2019autonomie A l\u2019orientation A la formation [&hellip;]<\/p>\n","protected":false},"author":1,"featured_media":0,"parent":0,"menu_order":0,"comment_status":"closed","ping_status":"closed","template":"","meta":{"_acf_changed":false,"_crosspost_to_1":false,"_crosspost_to_2":false,"_crosspost_to_4":false,"_crosspost_to_5":false,"_crosspost_to_6":false,"_crosspost_to_7":false,"_crosspost_to_8":false,"_crosspost_to_11":false,"_crosspost_to_12":false,"_crosspost_to_13":false,"_crosspost_to_14":false,"_crosspost_to_15":false,"_crosspost_to_16":false,"inline_featured_image":false,"footnotes":""},"acf":[],"yoast_head":"<!-- This site is optimized with the Yoast SEO plugin v21.9.1 - https:\/\/yoast.com\/wordpress\/plugins\/seo\/ -->\n<title>Notre territoire - MISSION LOCALE DE L&#039;AGGLOMERATION ROUENNAISE<\/title>\n<meta name=\"robots\" content=\"index, follow, max-snippet:-1, max-image-preview:large, max-video-preview:-1\" \/>\n<link rel=\"canonical\" href=\"https:\/\/www.missionslocalesnormandie.fr\/mission-locale-agglomeration-rouennaise\/notre-territoire\/\" \/>\n<meta property=\"og:locale\" content=\"fr_FR\" \/>\n<meta property=\"og:type\" content=\"article\" \/>\n<meta property=\"og:title\" content=\"Notre territoire - MISSION LOCALE DE L&#039;AGGLOMERATION ROUENNAISE\" \/>\n<meta property=\"og:description\" content=\"19 antennes \u00e0 ta disposition La Mission Locale couvre pr\u00e8s d\u2019une centaine de commune autour de Rouen. D\u00e9couvre de quelle antenne tu d\u00e9pends en nous contactant directement.\u00a0 Nos missions Le r\u00f4le principal de la Mission Locale de Rouen est de t\u2019accompagner sur les questions li\u00e9es :\u00a0 A l\u2019emploi A l\u2019autonomie A l\u2019orientation A la formation [&hellip;]\" \/>\n<meta property=\"og:url\" content=\"https:\/\/www.missionslocalesnormandie.fr\/mission-locale-agglomeration-rouennaise\/notre-territoire\/\" \/>\n<meta property=\"og:site_name\" content=\"MISSION LOCALE DE L&#039;AGGLOMERATION ROUENNAISE\" \/>\n<meta property=\"article:modified_time\" content=\"2024-04-18T07:59:59+00:00\" \/>\n<meta name=\"twitter:card\" content=\"summary_large_image\" \/>\n<meta name=\"twitter:label1\" content=\"Dur\u00e9e de lecture estim\u00e9e\" \/>\n\t<meta name=\"twitter:data1\" content=\"1 minute\" \/>\n<script type=\"application\/ld+json\" class=\"yoast-schema-graph\">{\"@context\":\"https:\/\/schema.org\",\"@graph\":[{\"@type\":\"WebPage\",\"@id\":\"https:\/\/www.missionslocalesnormandie.fr\/mission-locale-agglomeration-rouennaise\/notre-territoire\/\",\"url\":\"https:\/\/www.missionslocalesnormandie.fr\/mission-locale-agglomeration-rouennaise\/notre-territoire\/\",\"name\":\"Notre territoire - MISSION LOCALE DE L'AGGLOMERATION ROUENNAISE\",\"isPartOf\":{\"@id\":\"https:\/\/www.missionslocalesnormandie.fr\/mission-locale-agglomeration-rouennaise\/#website\"},\"datePublished\":\"2023-12-14T13:49:32+00:00\",\"dateModified\":\"2024-04-18T07:59:59+00:00\",\"breadcrumb\":{\"@id\":\"https:\/\/www.missionslocalesnormandie.fr\/mission-locale-agglomeration-rouennaise\/notre-territoire\/#breadcrumb\"},\"inLanguage\":\"fr-FR\",\"potentialAction\":[{\"@type\":\"ReadAction\",\"target\":[\"https:\/\/www.missionslocalesnormandie.fr\/mission-locale-agglomeration-rouennaise\/notre-territoire\/\"]}]},{\"@type\":\"BreadcrumbList\",\"@id\":\"https:\/\/www.missionslocalesnormandie.fr\/mission-locale-agglomeration-rouennaise\/notre-territoire\/#breadcrumb\",\"itemListElement\":[{\"@type\":\"ListItem\",\"position\":1,\"name\":\"Home\",\"item\":\"https:\/\/www.missionslocalesnormandie.fr\/mission-locale-agglomeration-rouennaise\/\"},{\"@type\":\"ListItem\",\"position\":2,\"name\":\"Notre territoire\"}]},{\"@type\":\"WebSite\",\"@id\":\"https:\/\/www.missionslocalesnormandie.fr\/mission-locale-agglomeration-rouennaise\/#website\",\"url\":\"https:\/\/www.missionslocalesnormandie.fr\/mission-locale-agglomeration-rouennaise\/\",\"name\":\"MISSION LOCALE DE L'AGGLOMERATION ROUENNAISE\",\"description\":\"\",\"potentialAction\":[{\"@type\":\"SearchAction\",\"target\":{\"@type\":\"EntryPoint\",\"urlTemplate\":\"https:\/\/www.missionslocalesnormandie.fr\/mission-locale-agglomeration-rouennaise\/?s={search_term_string}\"},\"query-input\":\"required name=search_term_string\"}],\"inLanguage\":\"fr-FR\"}]}<\/script>\n<!-- \/ Yoast SEO plugin. -->","yoast_head_json":{"title":"Notre territoire - MISSION LOCALE DE L'AGGLOMERATION ROUENNAISE","robots":{"index":"index","follow":"follow","max-snippet":"max-snippet:-1","max-image-preview":"max-image-preview:large","max-video-preview":"max-video-preview:-1"},"canonical":"https:\/\/www.missionslocalesnormandie.fr\/mission-locale-agglomeration-rouennaise\/notre-territoire\/","og_locale":"fr_FR","og_type":"article","og_title":"Notre territoire - MISSION LOCALE DE L'AGGLOMERATION ROUENNAISE","og_description":"19 antennes \u00e0 ta disposition La Mission Locale couvre pr\u00e8s d\u2019une centaine de commune autour de Rouen. D\u00e9couvre de quelle antenne tu d\u00e9pends en nous contactant directement.\u00a0 Nos missions Le r\u00f4le principal de la Mission Locale de Rouen est de t\u2019accompagner sur les questions li\u00e9es :\u00a0 A l\u2019emploi A l\u2019autonomie A l\u2019orientation A la formation [&hellip;]","og_url":"https:\/\/www.missionslocalesnormandie.fr\/mission-locale-agglomeration-rouennaise\/notre-territoire\/","og_site_name":"MISSION LOCALE DE L'AGGLOMERATION ROUENNAISE","article_modified_time":"2024-04-18T07:59:59+00:00","twitter_card":"summary_large_image","twitter_misc":{"Dur\u00e9e de lecture estim\u00e9e":"1 minute"},"schema":{"@context":"https:\/\/schema.org","@graph":[{"@type":"WebPage","@id":"https:\/\/www.missionslocalesnormandie.fr\/mission-locale-agglomeration-rouennaise\/notre-territoire\/","url":"https:\/\/www.missionslocalesnormandie.fr\/mission-locale-agglomeration-rouennaise\/notre-territoire\/","name":"Notre territoire - MISSION LOCALE DE L'AGGLOMERATION ROUENNAISE","isPartOf":{"@id":"https:\/\/www.missionslocalesnormandie.fr\/mission-locale-agglomeration-rouennaise\/#website"},"datePublished":"2023-12-14T13:49:32+00:00","dateModified":"2024-04-18T07:59:59+00:00","breadcrumb":{"@id":"https:\/\/www.missionslocalesnormandie.fr\/mission-locale-agglomeration-rouennaise\/notre-territoire\/#breadcrumb"},"inLanguage":"fr-FR","potentialAction":[{"@type":"ReadAction","target":["https:\/\/www.missionslocalesnormandie.fr\/mission-locale-agglomeration-rouennaise\/notre-territoire\/"]}]},{"@type":"BreadcrumbList","@id":"https:\/\/www.missionslocalesnormandie.fr\/mission-locale-agglomeration-rouennaise\/notre-territoire\/#breadcrumb","itemListElement":[{"@type":"ListItem","position":1,"name":"Home","item":"https:\/\/www.missionslocalesnormandie.fr\/mission-locale-agglomeration-rouennaise\/"},{"@type":"ListItem","position":2,"name":"Notre territoire"}]},{"@type":"WebSite","@id":"https:\/\/www.missionslocalesnormandie.fr\/mission-locale-agglomeration-rouennaise\/#website","url":"https:\/\/www.missionslocalesnormandie.fr\/mission-locale-agglomeration-rouennaise\/","name":"MISSION LOCALE DE L'AGGLOMERATION ROUENNAISE","description":"","potentialAction":[{"@type":"SearchAction","target":{"@type":"EntryPoint","urlTemplate":"https:\/\/www.missionslocalesnormandie.fr\/mission-locale-agglomeration-rouennaise\/?s={search_term_string}"},"query-input":"required name=search_term_string"}],"inLanguage":"fr-FR"}]}},"_links":{"self":[{"href":"https:\/\/www.missionslocalesnormandie.fr\/mission-locale-agglomeration-rouennaise\/wp-json\/wp\/v2\/pages\/19"}],"collection":[{"href":"https:\/\/www.missionslocalesnormandie.fr\/mission-locale-agglomeration-rouennaise\/wp-json\/wp\/v2\/pages"}],"about":[{"href":"https:\/\/www.missionslocalesnormandie.fr\/mission-locale-agglomeration-rouennaise\/wp-json\/wp\/v2\/types\/page"}],"author":[{"embeddable":true,"href":"https:\/\/www.missionslocalesnormandie.fr\/mission-locale-agglomeration-rouennaise\/wp-json\/wp\/v2\/users\/1"}],"replies":[{"embeddable":true,"href":"https:\/\/www.missionslocalesnormandie.fr\/mission-locale-agglomeration-rouennaise\/wp-json\/wp\/v2\/comments?post=19"}],"version-history":[{"count":12,"href":"https:\/\/www.missionslocalesnormandie.fr\/mission-locale-agglomeration-rouennaise\/wp-json\/wp\/v2\/pages\/19\/revisions"}],"predecessor-version":[{"id":385,"href":"https:\/\/www.missionslocalesnormandie.fr\/mission-locale-agglomeration-rouennaise\/wp-json\/wp\/v2\/pages\/19\/revisions\/385"}],"wp:attachment":[{"href":"https:\/\/www.missionslocalesnormandie.fr\/mission-locale-agglomeration-rouennaise\/wp-json\/wp\/v2\/media?parent=19"}],"curies":[{"name":"wp","href":"https:\/\/api.w.org\/{rel}","templated":true}]}}