{"id":31,"date":"2023-12-14T14:55:25","date_gmt":"2023-12-14T13:55:25","guid":{"rendered":"https:\/\/www.missionslocalesnormandie.fr\/mission-locale-agglomeration-rouennaise\/?page_id=31"},"modified":"2023-12-18T09:46:56","modified_gmt":"2023-12-18T08:46:56","slug":"nous-contacter","status":"publish","type":"page","link":"https:\/\/www.missionslocalesnormandie.fr\/mission-locale-agglomeration-rouennaise\/nous-contacter\/","title":{"rendered":"Nous contacter"},"content":{"rendered":"\t\t<div data-elementor-type=\"wp-page\" data-elementor-id=\"31\" class=\"elementor elementor-31\">\n\t\t\t\t<div class=\"elementor-element elementor-element-5d8918e e-flex e-con-boxed e-con e-parent\" data-id=\"5d8918e\" data-element_type=\"container\">\n\t\t\t\t\t<div class=\"e-con-inner\">\n\t\t\t\t<div class=\"elementor-element elementor-element-adabd78 elementor-widget elementor-widget-block_titre\" data-id=\"adabd78\" data-element_type=\"widget\" data-widget_type=\"block_titre.default\">\n\t\t\t\t<div class=\"elementor-widget-container\">\n\t\t\t    <div class=\"container\">\n        <h2>\n            Contacter son conseiller\n        <\/h2>\n    <\/div>\n\t\t<\/div>\n\t\t\t\t<\/div>\n\t\t\t\t<div class=\"elementor-element elementor-element-d2e553e elementor-widget elementor-widget-block_simple_texte\" data-id=\"d2e553e\" data-element_type=\"widget\" data-widget_type=\"block_simple_texte.default\">\n\t\t\t\t<div class=\"elementor-widget-container\">\n\t\t\t    <div class=\"container\">\n        <p><span style=\"font-weight: 400;\">Si tu as besoin d\u2019entrer en contact avec le conseiller qui te suis, tu peux appeler le standard t\u00e9l\u00e9phonique au 02 32 81 63 70. Tu peux \u00e9galement lui envoyer un mail \u00e0 l\u2019adresse qu\u2019il t\u2019aura donn\u00e9 lors de ton inscription.<\/span><\/p>\n    <\/div>\n\t\t<\/div>\n\t\t\t\t<\/div>\n\t\t\t\t<div class=\"elementor-element elementor-element-3f3a2df elementor-widget elementor-widget-block_titre\" data-id=\"3f3a2df\" data-element_type=\"widget\" data-widget_type=\"block_titre.default\">\n\t\t\t\t<div class=\"elementor-widget-container\">\n\t\t\t    <div class=\"container\">\n        <h2>\n            par t\u00e9l\u00e9phone\n        <\/h2>\n    <\/div>\n\t\t<\/div>\n\t\t\t\t<\/div>\n\t\t\t\t<div class=\"elementor-element elementor-element-1518f3e elementor-widget elementor-widget-block_simple_texte\" data-id=\"1518f3e\" data-element_type=\"widget\" data-widget_type=\"block_simple_texte.default\">\n\t\t\t\t<div class=\"elementor-widget-container\">\n\t\t\t    <div class=\"container\">\n        <p><span style=\"font-weight: 400;\">Le standard t\u00e9l\u00e9phonique de la Mission Locale de Rouen est disponible par t\u00e9l\u00e9phone au 02 32 81 63 70. Tu peux le joindre du lundi au vendredi de 8h30 \u00e0 17h30.<\/span><\/p>\n    <\/div>\n\t\t<\/div>\n\t\t\t\t<\/div>\n\t\t\t\t<div class=\"elementor-element elementor-element-67ff8d5 elementor-widget elementor-widget-block_titre\" data-id=\"67ff8d5\" data-element_type=\"widget\" data-widget_type=\"block_titre.default\">\n\t\t\t\t<div class=\"elementor-widget-container\">\n\t\t\t    <div class=\"container\">\n        <h2>\n            Par mail\n        <\/h2>\n    <\/div>\n\t\t<\/div>\n\t\t\t\t<\/div>\n\t\t\t\t<div class=\"elementor-element elementor-element-59cc95a elementor-widget elementor-widget-block_simple_texte\" data-id=\"59cc95a\" data-element_type=\"widget\" data-widget_type=\"block_simple_texte.default\">\n\t\t\t\t<div class=\"elementor-widget-container\">\n\t\t\t    <div class=\"container\">\n        <p><span style=\"font-weight: 400;\">Si tu souhaites nous contacter par mail, tu peux nous envoyer ton message ou ta question \u00e0 mission.locale@ml-rouen.asso.fr ou via le formulaire de contact (lien).<\/span><\/p><p><span style=\"font-weight: 400;\">Tu peux \u00e9galement nous envoyer un message sur Instagram ou Facebook (lien RS)<\/span><\/p>\n    <\/div>\n\t\t<\/div>\n\t\t\t\t<\/div>\n\t\t\t\t\t<\/div>\n\t\t\t\t<\/div>\n\t\t\t\t<\/div>\n\t\t","protected":false},"excerpt":{"rendered":"<p>Contacter son conseiller Si tu as besoin d\u2019entrer en contact avec le conseiller qui te suis, tu peux appeler le standard t\u00e9l\u00e9phonique au 02 32 81 63 70. Tu peux \u00e9galement lui envoyer un mail \u00e0 l\u2019adresse qu\u2019il t\u2019aura donn\u00e9 lors de ton inscription. par t\u00e9l\u00e9phone Le standard t\u00e9l\u00e9phonique de la Mission Locale de Rouen [&hellip;]<\/p>\n","protected":false},"author":1,"featured_media":0,"parent":0,"menu_order":0,"comment_status":"closed","ping_status":"closed","template":"","meta":{"_acf_changed":false,"_crosspost_to_1":false,"_crosspost_to_2":false,"_crosspost_to_4":false,"_crosspost_to_5":false,"_crosspost_to_6":false,"_crosspost_to_7":false,"_crosspost_to_8":false,"_crosspost_to_11":false,"_crosspost_to_12":false,"_crosspost_to_13":false,"_crosspost_to_14":false,"_crosspost_to_15":false,"_crosspost_to_16":false,"inline_featured_image":false,"footnotes":""},"acf":[],"yoast_head":"<!-- This site is optimized with the Yoast SEO plugin v21.9.1 - https:\/\/yoast.com\/wordpress\/plugins\/seo\/ -->\n<title>Nous contacter - MISSION LOCALE DE L&#039;AGGLOMERATION ROUENNAISE<\/title>\n<meta name=\"robots\" content=\"index, follow, max-snippet:-1, max-image-preview:large, max-video-preview:-1\" \/>\n<link rel=\"canonical\" href=\"https:\/\/www.missionslocalesnormandie.fr\/mission-locale-agglomeration-rouennaise\/nous-contacter\/\" \/>\n<meta property=\"og:locale\" content=\"fr_FR\" \/>\n<meta property=\"og:type\" content=\"article\" \/>\n<meta property=\"og:title\" content=\"Nous contacter - MISSION LOCALE DE L&#039;AGGLOMERATION ROUENNAISE\" \/>\n<meta property=\"og:description\" content=\"Contacter son conseiller Si tu as besoin d\u2019entrer en contact avec le conseiller qui te suis, tu peux appeler le standard t\u00e9l\u00e9phonique au 02 32 81 63 70. Tu peux \u00e9galement lui envoyer un mail \u00e0 l\u2019adresse qu\u2019il t\u2019aura donn\u00e9 lors de ton inscription. par t\u00e9l\u00e9phone Le standard t\u00e9l\u00e9phonique de la Mission Locale de Rouen [&hellip;]\" \/>\n<meta property=\"og:url\" content=\"https:\/\/www.missionslocalesnormandie.fr\/mission-locale-agglomeration-rouennaise\/nous-contacter\/\" \/>\n<meta property=\"og:site_name\" content=\"MISSION LOCALE DE L&#039;AGGLOMERATION ROUENNAISE\" \/>\n<meta property=\"article:modified_time\" content=\"2023-12-18T08:46:56+00:00\" \/>\n<meta name=\"twitter:card\" content=\"summary_large_image\" \/>\n<meta name=\"twitter:label1\" content=\"Dur\u00e9e de lecture estim\u00e9e\" \/>\n\t<meta name=\"twitter:data1\" content=\"1 minute\" \/>\n<script type=\"application\/ld+json\" class=\"yoast-schema-graph\">{\"@context\":\"https:\/\/schema.org\",\"@graph\":[{\"@type\":\"WebPage\",\"@id\":\"https:\/\/www.missionslocalesnormandie.fr\/mission-locale-agglomeration-rouennaise\/nous-contacter\/\",\"url\":\"https:\/\/www.missionslocalesnormandie.fr\/mission-locale-agglomeration-rouennaise\/nous-contacter\/\",\"name\":\"Nous contacter - MISSION LOCALE DE L'AGGLOMERATION ROUENNAISE\",\"isPartOf\":{\"@id\":\"https:\/\/www.missionslocalesnormandie.fr\/mission-locale-agglomeration-rouennaise\/#website\"},\"datePublished\":\"2023-12-14T13:55:25+00:00\",\"dateModified\":\"2023-12-18T08:46:56+00:00\",\"breadcrumb\":{\"@id\":\"https:\/\/www.missionslocalesnormandie.fr\/mission-locale-agglomeration-rouennaise\/nous-contacter\/#breadcrumb\"},\"inLanguage\":\"fr-FR\",\"potentialAction\":[{\"@type\":\"ReadAction\",\"target\":[\"https:\/\/www.missionslocalesnormandie.fr\/mission-locale-agglomeration-rouennaise\/nous-contacter\/\"]}]},{\"@type\":\"BreadcrumbList\",\"@id\":\"https:\/\/www.missionslocalesnormandie.fr\/mission-locale-agglomeration-rouennaise\/nous-contacter\/#breadcrumb\",\"itemListElement\":[{\"@type\":\"ListItem\",\"position\":1,\"name\":\"Home\",\"item\":\"https:\/\/www.missionslocalesnormandie.fr\/mission-locale-agglomeration-rouennaise\/\"},{\"@type\":\"ListItem\",\"position\":2,\"name\":\"Nous contacter\"}]},{\"@type\":\"WebSite\",\"@id\":\"https:\/\/www.missionslocalesnormandie.fr\/mission-locale-agglomeration-rouennaise\/#website\",\"url\":\"https:\/\/www.missionslocalesnormandie.fr\/mission-locale-agglomeration-rouennaise\/\",\"name\":\"MISSION LOCALE DE L'AGGLOMERATION ROUENNAISE\",\"description\":\"\",\"potentialAction\":[{\"@type\":\"SearchAction\",\"target\":{\"@type\":\"EntryPoint\",\"urlTemplate\":\"https:\/\/www.missionslocalesnormandie.fr\/mission-locale-agglomeration-rouennaise\/?s={search_term_string}\"},\"query-input\":\"required name=search_term_string\"}],\"inLanguage\":\"fr-FR\"}]}<\/script>\n<!-- \/ Yoast SEO plugin. -->","yoast_head_json":{"title":"Nous contacter - MISSION LOCALE DE L'AGGLOMERATION ROUENNAISE","robots":{"index":"index","follow":"follow","max-snippet":"max-snippet:-1","max-image-preview":"max-image-preview:large","max-video-preview":"max-video-preview:-1"},"canonical":"https:\/\/www.missionslocalesnormandie.fr\/mission-locale-agglomeration-rouennaise\/nous-contacter\/","og_locale":"fr_FR","og_type":"article","og_title":"Nous contacter - MISSION LOCALE DE L'AGGLOMERATION ROUENNAISE","og_description":"Contacter son conseiller Si tu as besoin d\u2019entrer en contact avec le conseiller qui te suis, tu peux appeler le standard t\u00e9l\u00e9phonique au 02 32 81 63 70. Tu peux \u00e9galement lui envoyer un mail \u00e0 l\u2019adresse qu\u2019il t\u2019aura donn\u00e9 lors de ton inscription. par t\u00e9l\u00e9phone Le standard t\u00e9l\u00e9phonique de la Mission Locale de Rouen [&hellip;]","og_url":"https:\/\/www.missionslocalesnormandie.fr\/mission-locale-agglomeration-rouennaise\/nous-contacter\/","og_site_name":"MISSION LOCALE DE L'AGGLOMERATION ROUENNAISE","article_modified_time":"2023-12-18T08:46:56+00:00","twitter_card":"summary_large_image","twitter_misc":{"Dur\u00e9e de lecture estim\u00e9e":"1 minute"},"schema":{"@context":"https:\/\/schema.org","@graph":[{"@type":"WebPage","@id":"https:\/\/www.missionslocalesnormandie.fr\/mission-locale-agglomeration-rouennaise\/nous-contacter\/","url":"https:\/\/www.missionslocalesnormandie.fr\/mission-locale-agglomeration-rouennaise\/nous-contacter\/","name":"Nous contacter - MISSION LOCALE DE L'AGGLOMERATION ROUENNAISE","isPartOf":{"@id":"https:\/\/www.missionslocalesnormandie.fr\/mission-locale-agglomeration-rouennaise\/#website"},"datePublished":"2023-12-14T13:55:25+00:00","dateModified":"2023-12-18T08:46:56+00:00","breadcrumb":{"@id":"https:\/\/www.missionslocalesnormandie.fr\/mission-locale-agglomeration-rouennaise\/nous-contacter\/#breadcrumb"},"inLanguage":"fr-FR","potentialAction":[{"@type":"ReadAction","target":["https:\/\/www.missionslocalesnormandie.fr\/mission-locale-agglomeration-rouennaise\/nous-contacter\/"]}]},{"@type":"BreadcrumbList","@id":"https:\/\/www.missionslocalesnormandie.fr\/mission-locale-agglomeration-rouennaise\/nous-contacter\/#breadcrumb","itemListElement":[{"@type":"ListItem","position":1,"name":"Home","item":"https:\/\/www.missionslocalesnormandie.fr\/mission-locale-agglomeration-rouennaise\/"},{"@type":"ListItem","position":2,"name":"Nous contacter"}]},{"@type":"WebSite","@id":"https:\/\/www.missionslocalesnormandie.fr\/mission-locale-agglomeration-rouennaise\/#website","url":"https:\/\/www.missionslocalesnormandie.fr\/mission-locale-agglomeration-rouennaise\/","name":"MISSION LOCALE DE L'AGGLOMERATION ROUENNAISE","description":"","potentialAction":[{"@type":"SearchAction","target":{"@type":"EntryPoint","urlTemplate":"https:\/\/www.missionslocalesnormandie.fr\/mission-locale-agglomeration-rouennaise\/?s={search_term_string}"},"query-input":"required name=search_term_string"}],"inLanguage":"fr-FR"}]}},"_links":{"self":[{"href":"https:\/\/www.missionslocalesnormandie.fr\/mission-locale-agglomeration-rouennaise\/wp-json\/wp\/v2\/pages\/31"}],"collection":[{"href":"https:\/\/www.missionslocalesnormandie.fr\/mission-locale-agglomeration-rouennaise\/wp-json\/wp\/v2\/pages"}],"about":[{"href":"https:\/\/www.missionslocalesnormandie.fr\/mission-locale-agglomeration-rouennaise\/wp-json\/wp\/v2\/types\/page"}],"author":[{"embeddable":true,"href":"https:\/\/www.missionslocalesnormandie.fr\/mission-locale-agglomeration-rouennaise\/wp-json\/wp\/v2\/users\/1"}],"replies":[{"embeddable":true,"href":"https:\/\/www.missionslocalesnormandie.fr\/mission-locale-agglomeration-rouennaise\/wp-json\/wp\/v2\/comments?post=31"}],"version-history":[{"count":15,"href":"https:\/\/www.missionslocalesnormandie.fr\/mission-locale-agglomeration-rouennaise\/wp-json\/wp\/v2\/pages\/31\/revisions"}],"predecessor-version":[{"id":299,"href":"https:\/\/www.missionslocalesnormandie.fr\/mission-locale-agglomeration-rouennaise\/wp-json\/wp\/v2\/pages\/31\/revisions\/299"}],"wp:attachment":[{"href":"https:\/\/www.missionslocalesnormandie.fr\/mission-locale-agglomeration-rouennaise\/wp-json\/wp\/v2\/media?parent=31"}],"curies":[{"name":"wp","href":"https:\/\/api.w.org\/{rel}","templated":true}]}}