{"id":97,"date":"2023-12-14T15:16:31","date_gmt":"2023-12-14T14:16:31","guid":{"rendered":"https:\/\/www.missionslocalesnormandie.fr\/mission-locale-agglomeration-rouennaise\/?page_id=97"},"modified":"2023-12-14T15:17:00","modified_gmt":"2023-12-14T14:17:00","slug":"recruter","status":"publish","type":"page","link":"https:\/\/www.missionslocalesnormandie.fr\/mission-locale-agglomeration-rouennaise\/recruter\/","title":{"rendered":"Recruter"},"content":{"rendered":"\t\t<div data-elementor-type=\"wp-page\" data-elementor-id=\"97\" class=\"elementor elementor-97\">\n\t\t\t\t<div class=\"elementor-element elementor-element-5885355 e-flex e-con-boxed e-con e-parent\" data-id=\"5885355\" data-element_type=\"container\">\n\t\t\t\t\t<div class=\"e-con-inner\">\n\t\t\t\t<div class=\"elementor-element elementor-element-0f34bf7 elementor-widget elementor-widget-block_simple_texte\" data-id=\"0f34bf7\" data-element_type=\"widget\" data-widget_type=\"block_simple_texte.default\">\n\t\t\t\t<div class=\"elementor-widget-container\">\n\t\t\t    <div class=\"container\">\n        <p><span style=\"font-weight: 400;\">La Mission Locale de Rouen accompagne les entreprises en :\u00a0\u00a0<\/span><\/p><ul><li style=\"font-weight: 400;\" aria-level=\"1\"><span style=\"font-weight: 400;\">Aidant au recrutement gr\u00e2ce \u00e0 l\u2019analyse des besoins de l\u2019entreprise, <\/span><b>l\u2019aide \u00e0 la construction de la fiche de poste<\/b><span style=\"font-weight: 400;\">, la proposition de candidats et la construction d\u2019une r\u00e9ponse individualis\u00e9e (type de contrat, aides mobilisables, formation\u2026).\u00a0<\/span><\/li><\/ul><ul><li aria-level=\"1\"><b>En organisant avec vous des journ\u00e9es de recrutement : suite \u00e0 l\u2019identification de vos besoins de recrutement, nous balisons un temps avec vous durant lequel vous rencontrerez (en collectif puis en individuel, dans le cadre d\u2019un entretien d\u2019embauche) les jeunes que nous aurons pr\u00e9alablement s\u00e9lectionn\u00e9s.<\/b><\/li><\/ul><ul><li style=\"font-weight: 400;\" aria-level=\"1\"><span style=\"font-weight: 400;\">Accompagnant dans l\u2019emploi : suivi du jeune dans la phase d\u2019int\u00e9gration sur son poste de travail, bilans r\u00e9guliers dans l\u2019entreprise, m\u00e9diation si n\u00e9cessaire.\u00a0<\/span><\/li><li style=\"font-weight: 400;\" aria-level=\"1\"><span style=\"font-weight: 400;\">Valorisant les entreprises et fili\u00e8res locales gr\u00e2ce \u00e0 l\u2019information des jeunes et des professionnels sur le secteur et les m\u00e9tiers exerc\u00e9s (visites, stages d\u00e9couverte des m\u00e9tiers, etc.) et la communication des bonnes pratiques de recrutement sur le territoire.<\/span><\/li><\/ul>\n    <\/div>\n\t\t<\/div>\n\t\t\t\t<\/div>\n\t\t\t\t\t<\/div>\n\t\t\t\t<\/div>\n\t\t\t\t<\/div>\n\t\t","protected":false},"excerpt":{"rendered":"<p>La Mission Locale de Rouen accompagne les entreprises en :\u00a0\u00a0 Aidant au recrutement gr\u00e2ce \u00e0 l\u2019analyse des besoins de l\u2019entreprise, l\u2019aide \u00e0 la construction de la fiche de poste, la proposition de candidats et la construction d\u2019une r\u00e9ponse individualis\u00e9e (type de contrat, aides mobilisables, formation\u2026).\u00a0 En organisant avec vous des journ\u00e9es de recrutement : suite [&hellip;]<\/p>\n","protected":false},"author":1,"featured_media":0,"parent":0,"menu_order":0,"comment_status":"closed","ping_status":"closed","template":"","meta":{"_acf_changed":false,"_crosspost_to_1":false,"_crosspost_to_2":false,"_crosspost_to_4":false,"_crosspost_to_5":false,"_crosspost_to_6":false,"_crosspost_to_7":false,"_crosspost_to_8":false,"_crosspost_to_11":false,"_crosspost_to_12":false,"_crosspost_to_13":false,"_crosspost_to_14":false,"_crosspost_to_15":false,"_crosspost_to_16":false,"inline_featured_image":false,"footnotes":""},"acf":[],"yoast_head":"<!-- This site is optimized with the Yoast SEO plugin v21.9.1 - https:\/\/yoast.com\/wordpress\/plugins\/seo\/ -->\n<title>Recruter - MISSION LOCALE DE L&#039;AGGLOMERATION ROUENNAISE<\/title>\n<meta name=\"robots\" content=\"index, follow, max-snippet:-1, max-image-preview:large, max-video-preview:-1\" \/>\n<link rel=\"canonical\" href=\"https:\/\/www.missionslocalesnormandie.fr\/mission-locale-agglomeration-rouennaise\/recruter\/\" \/>\n<meta property=\"og:locale\" content=\"fr_FR\" \/>\n<meta property=\"og:type\" content=\"article\" \/>\n<meta property=\"og:title\" content=\"Recruter - MISSION LOCALE DE L&#039;AGGLOMERATION ROUENNAISE\" \/>\n<meta property=\"og:description\" content=\"La Mission Locale de Rouen accompagne les entreprises en :\u00a0\u00a0 Aidant au recrutement gr\u00e2ce \u00e0 l\u2019analyse des besoins de l\u2019entreprise, l\u2019aide \u00e0 la construction de la fiche de poste, la proposition de candidats et la construction d\u2019une r\u00e9ponse individualis\u00e9e (type de contrat, aides mobilisables, formation\u2026).\u00a0 En organisant avec vous des journ\u00e9es de recrutement : suite [&hellip;]\" \/>\n<meta property=\"og:url\" content=\"https:\/\/www.missionslocalesnormandie.fr\/mission-locale-agglomeration-rouennaise\/recruter\/\" \/>\n<meta property=\"og:site_name\" content=\"MISSION LOCALE DE L&#039;AGGLOMERATION ROUENNAISE\" \/>\n<meta property=\"article:modified_time\" content=\"2023-12-14T14:17:00+00:00\" \/>\n<meta name=\"twitter:card\" content=\"summary_large_image\" \/>\n<meta name=\"twitter:label1\" content=\"Dur\u00e9e de lecture estim\u00e9e\" \/>\n\t<meta name=\"twitter:data1\" content=\"1 minute\" \/>\n<script type=\"application\/ld+json\" class=\"yoast-schema-graph\">{\"@context\":\"https:\/\/schema.org\",\"@graph\":[{\"@type\":\"WebPage\",\"@id\":\"https:\/\/www.missionslocalesnormandie.fr\/mission-locale-agglomeration-rouennaise\/recruter\/\",\"url\":\"https:\/\/www.missionslocalesnormandie.fr\/mission-locale-agglomeration-rouennaise\/recruter\/\",\"name\":\"Recruter - MISSION LOCALE DE L'AGGLOMERATION ROUENNAISE\",\"isPartOf\":{\"@id\":\"https:\/\/www.missionslocalesnormandie.fr\/mission-locale-agglomeration-rouennaise\/#website\"},\"datePublished\":\"2023-12-14T14:16:31+00:00\",\"dateModified\":\"2023-12-14T14:17:00+00:00\",\"breadcrumb\":{\"@id\":\"https:\/\/www.missionslocalesnormandie.fr\/mission-locale-agglomeration-rouennaise\/recruter\/#breadcrumb\"},\"inLanguage\":\"fr-FR\",\"potentialAction\":[{\"@type\":\"ReadAction\",\"target\":[\"https:\/\/www.missionslocalesnormandie.fr\/mission-locale-agglomeration-rouennaise\/recruter\/\"]}]},{\"@type\":\"BreadcrumbList\",\"@id\":\"https:\/\/www.missionslocalesnormandie.fr\/mission-locale-agglomeration-rouennaise\/recruter\/#breadcrumb\",\"itemListElement\":[{\"@type\":\"ListItem\",\"position\":1,\"name\":\"Home\",\"item\":\"https:\/\/www.missionslocalesnormandie.fr\/mission-locale-agglomeration-rouennaise\/\"},{\"@type\":\"ListItem\",\"position\":2,\"name\":\"Recruter\"}]},{\"@type\":\"WebSite\",\"@id\":\"https:\/\/www.missionslocalesnormandie.fr\/mission-locale-agglomeration-rouennaise\/#website\",\"url\":\"https:\/\/www.missionslocalesnormandie.fr\/mission-locale-agglomeration-rouennaise\/\",\"name\":\"MISSION LOCALE DE L'AGGLOMERATION ROUENNAISE\",\"description\":\"\",\"potentialAction\":[{\"@type\":\"SearchAction\",\"target\":{\"@type\":\"EntryPoint\",\"urlTemplate\":\"https:\/\/www.missionslocalesnormandie.fr\/mission-locale-agglomeration-rouennaise\/?s={search_term_string}\"},\"query-input\":\"required name=search_term_string\"}],\"inLanguage\":\"fr-FR\"}]}<\/script>\n<!-- \/ Yoast SEO plugin. -->","yoast_head_json":{"title":"Recruter - MISSION LOCALE DE L'AGGLOMERATION ROUENNAISE","robots":{"index":"index","follow":"follow","max-snippet":"max-snippet:-1","max-image-preview":"max-image-preview:large","max-video-preview":"max-video-preview:-1"},"canonical":"https:\/\/www.missionslocalesnormandie.fr\/mission-locale-agglomeration-rouennaise\/recruter\/","og_locale":"fr_FR","og_type":"article","og_title":"Recruter - MISSION LOCALE DE L'AGGLOMERATION ROUENNAISE","og_description":"La Mission Locale de Rouen accompagne les entreprises en :\u00a0\u00a0 Aidant au recrutement gr\u00e2ce \u00e0 l\u2019analyse des besoins de l\u2019entreprise, l\u2019aide \u00e0 la construction de la fiche de poste, la proposition de candidats et la construction d\u2019une r\u00e9ponse individualis\u00e9e (type de contrat, aides mobilisables, formation\u2026).\u00a0 En organisant avec vous des journ\u00e9es de recrutement : suite [&hellip;]","og_url":"https:\/\/www.missionslocalesnormandie.fr\/mission-locale-agglomeration-rouennaise\/recruter\/","og_site_name":"MISSION LOCALE DE L'AGGLOMERATION ROUENNAISE","article_modified_time":"2023-12-14T14:17:00+00:00","twitter_card":"summary_large_image","twitter_misc":{"Dur\u00e9e de lecture estim\u00e9e":"1 minute"},"schema":{"@context":"https:\/\/schema.org","@graph":[{"@type":"WebPage","@id":"https:\/\/www.missionslocalesnormandie.fr\/mission-locale-agglomeration-rouennaise\/recruter\/","url":"https:\/\/www.missionslocalesnormandie.fr\/mission-locale-agglomeration-rouennaise\/recruter\/","name":"Recruter - MISSION LOCALE DE L'AGGLOMERATION ROUENNAISE","isPartOf":{"@id":"https:\/\/www.missionslocalesnormandie.fr\/mission-locale-agglomeration-rouennaise\/#website"},"datePublished":"2023-12-14T14:16:31+00:00","dateModified":"2023-12-14T14:17:00+00:00","breadcrumb":{"@id":"https:\/\/www.missionslocalesnormandie.fr\/mission-locale-agglomeration-rouennaise\/recruter\/#breadcrumb"},"inLanguage":"fr-FR","potentialAction":[{"@type":"ReadAction","target":["https:\/\/www.missionslocalesnormandie.fr\/mission-locale-agglomeration-rouennaise\/recruter\/"]}]},{"@type":"BreadcrumbList","@id":"https:\/\/www.missionslocalesnormandie.fr\/mission-locale-agglomeration-rouennaise\/recruter\/#breadcrumb","itemListElement":[{"@type":"ListItem","position":1,"name":"Home","item":"https:\/\/www.missionslocalesnormandie.fr\/mission-locale-agglomeration-rouennaise\/"},{"@type":"ListItem","position":2,"name":"Recruter"}]},{"@type":"WebSite","@id":"https:\/\/www.missionslocalesnormandie.fr\/mission-locale-agglomeration-rouennaise\/#website","url":"https:\/\/www.missionslocalesnormandie.fr\/mission-locale-agglomeration-rouennaise\/","name":"MISSION LOCALE DE L'AGGLOMERATION ROUENNAISE","description":"","potentialAction":[{"@type":"SearchAction","target":{"@type":"EntryPoint","urlTemplate":"https:\/\/www.missionslocalesnormandie.fr\/mission-locale-agglomeration-rouennaise\/?s={search_term_string}"},"query-input":"required name=search_term_string"}],"inLanguage":"fr-FR"}]}},"_links":{"self":[{"href":"https:\/\/www.missionslocalesnormandie.fr\/mission-locale-agglomeration-rouennaise\/wp-json\/wp\/v2\/pages\/97"}],"collection":[{"href":"https:\/\/www.missionslocalesnormandie.fr\/mission-locale-agglomeration-rouennaise\/wp-json\/wp\/v2\/pages"}],"about":[{"href":"https:\/\/www.missionslocalesnormandie.fr\/mission-locale-agglomeration-rouennaise\/wp-json\/wp\/v2\/types\/page"}],"author":[{"embeddable":true,"href":"https:\/\/www.missionslocalesnormandie.fr\/mission-locale-agglomeration-rouennaise\/wp-json\/wp\/v2\/users\/1"}],"replies":[{"embeddable":true,"href":"https:\/\/www.missionslocalesnormandie.fr\/mission-locale-agglomeration-rouennaise\/wp-json\/wp\/v2\/comments?post=97"}],"version-history":[{"count":3,"href":"https:\/\/www.missionslocalesnormandie.fr\/mission-locale-agglomeration-rouennaise\/wp-json\/wp\/v2\/pages\/97\/revisions"}],"predecessor-version":[{"id":100,"href":"https:\/\/www.missionslocalesnormandie.fr\/mission-locale-agglomeration-rouennaise\/wp-json\/wp\/v2\/pages\/97\/revisions\/100"}],"wp:attachment":[{"href":"https:\/\/www.missionslocalesnormandie.fr\/mission-locale-agglomeration-rouennaise\/wp-json\/wp\/v2\/media?parent=97"}],"curies":[{"name":"wp","href":"https:\/\/api.w.org\/{rel}","templated":true}]}}