{"id":102,"date":"2023-12-14T15:17:16","date_gmt":"2023-12-14T14:17:16","guid":{"rendered":"https:\/\/www.missionslocalesnormandie.fr\/mission-locale-bocage-bessin\/?page_id=102"},"modified":"2024-05-14T14:26:28","modified_gmt":"2024-05-14T12:26:28","slug":"parrainer-mentorer","status":"publish","type":"page","link":"https:\/\/www.missionslocalesnormandie.fr\/mission-locale-bocage-bessin\/parrainer-mentorer\/","title":{"rendered":"Parrainage \/ RSE"},"content":{"rendered":"\t\t<div data-elementor-type=\"wp-page\" data-elementor-id=\"102\" class=\"elementor elementor-102\">\n\t\t\t\t<div class=\"elementor-element elementor-element-2c61771 e-flex e-con-boxed e-con e-parent\" data-id=\"2c61771\" data-element_type=\"container\">\n\t\t\t\t\t<div class=\"e-con-inner\">\n\t\t<div class=\"elementor-element elementor-element-93861e9 e-con-full e-flex e-con e-child\" data-id=\"93861e9\" data-element_type=\"container\">\n\t\t\t\t<div class=\"elementor-element elementor-element-ecaf3a4 elementor-widget__width-initial elementor-widget elementor-widget-block_simple_texte\" data-id=\"ecaf3a4\" data-element_type=\"widget\" data-widget_type=\"block_simple_texte.default\">\n\t\t\t\t<div class=\"elementor-widget-container\">\n\t\t\t    <div class=\"container\">\n        <p><span style=\"text-decoration: underline\"><strong><span style=\"color: #3366ff;font-size: 14pt;text-decoration: underline\">Le parrainage, c'est quoi ?<\/span><\/strong><\/span><\/p><p style=\"text-align: justify\">C\u2019est un accompagnement b\u00e9n\u00e9vole et personnalis\u00e9 d\u2019une dur\u00e9e maximale de 6 mois, r\u00e9alis\u00e9 par un parrain ou une marraine sur la base du <strong><span style=\"color: #0000ff\">partage<\/span><\/strong> de son exp\u00e9rience professionnelle et de son r\u00e9seau.<br \/>Cet accompagnement apporte \u00e0 un(e) jeune parrain\u00e9(e), <span style=\"color: #0000ff\"><strong>les conseils et le soutien<\/strong> <span style=\"color: #000000\">dans ses d\u00e9marches professionnelles.<\/span><\/span><br \/>La relation \u00ab parrain-marraine-jeune parrain\u00e9(e) \u00bb \u00e9tablit des passerelles entre le monde de l\u2019entreprise et le jeune.<br \/>Elle propose une d\u00e9marche compl\u00e9mentaire aux actions des conseillers Missions Locales.<br \/>Le parrainage vise \u00e0 faciliter l\u2019acc\u00e8s et le maintien dans l\u2019emploi des jeunes de 16 \u00e0 25 ans.<\/p>\n    <\/div>\n\t\t<\/div>\n\t\t\t\t<\/div>\n\t\t\t\t<\/div>\n\t\t<div class=\"elementor-element elementor-element-c225c38 e-con-full e-flex e-con e-child\" data-id=\"c225c38\" data-element_type=\"container\">\n\t\t\t\t<div class=\"elementor-element elementor-element-c6d877c elementor-widget__width-initial elementor-widget elementor-widget-block_simple_visuel\" data-id=\"c6d877c\" data-element_type=\"widget\" data-widget_type=\"block_simple_visuel.default\">\n\t\t\t\t<div class=\"elementor-widget-container\">\n\t\t\t    <div class=\"container\">\n        <figure>\n                        \n                                                            <a href=\"https:\/\/www.missionslocalesnormandie.fr\/content\/uploads\/sites\/13\/2024\/05\/Parrainage.png\">\n                    <img decoding=\"async\" src=\"https:\/\/www.missionslocalesnormandie.fr\/content\/uploads\/sites\/13\/2024\/05\/Parrainage-950x595-c-default.png\"\n                         alt=\"MISSION LOCALE DU BOCAGE AU BESSIN\"\/>\n                <\/a>\n            \n                    <\/figure>\n    <\/div>\n\t\t<\/div>\n\t\t\t\t<\/div>\n\t\t\t\t<div class=\"elementor-element elementor-element-ac40691 elementor-widget__width-initial elementor-widget elementor-widget-block_simple_texte\" data-id=\"ac40691\" data-element_type=\"widget\" data-widget_type=\"block_simple_texte.default\">\n\t\t\t\t<div class=\"elementor-widget-container\">\n\t\t\t    <div class=\"container\">\n        <p><span style=\"font-size: 10pt\"><strong>Envie d\u2019en savoir plus ou de vous engager contacter :<\/strong><\/span><\/p><p><span style=\"font-size: 10pt\"><strong><span style=\"color: #008000\">Sur le Bessin :<\/span> <\/strong><\/span><span style=\"font-size: 10pt\">Coralie LOUVET <strong>:<\/strong> c.louvet@mlbocagebessin.fr <\/span><br \/><span style=\"font-size: 10pt\"><strong><span style=\"color: #008000\">Sur le Bocage :<\/span> <\/strong>Adeline HAREL<strong> : <\/strong>a.harel@mlbocagebessin.fr<\/span><\/p>\n    <\/div>\n\t\t<\/div>\n\t\t\t\t<\/div>\n\t\t\t\t<\/div>\n\t\t<div class=\"elementor-element elementor-element-ea25516 e-con-full e-flex e-con e-child\" data-id=\"ea25516\" data-element_type=\"container\">\n\t\t\t\t<div class=\"elementor-element elementor-element-d835eee elementor-widget elementor-widget-block_simple_texte\" data-id=\"d835eee\" data-element_type=\"widget\" data-widget_type=\"block_simple_texte.default\">\n\t\t\t\t<div class=\"elementor-widget-container\">\n\t\t\t    <div class=\"container\">\n        <p><span style=\"text-decoration: underline;font-size: 14pt\"><span style=\"color: #3366ff\"><strong>Qui peut devenir parrain-marraine ?<\/strong><\/span><\/span><\/p><p style=\"text-align: justify\">Les parrains\/marraines peuvent \u00eatre issus de tous horizons professionnels : responsables d\u2019entreprise, salari\u00e9s, cadres, \u00e9lus, membres d\u2019association, retrait\u00e9s.<br \/>Ils manifestent leur volont\u00e9 de s\u2019engager, leurs qualit\u00e9s d\u2019<strong><span style=\"color: #0000ff\">\u00e9coute<\/span><\/strong>, de <strong><span style=\"color: #0000ff\">dialogue<\/span> <\/strong>et leurs capacit\u00e9s \u00e0 mobiliser leur <span style=\"color: #0000ff\"><strong>r\u00e9seau<\/strong><\/span> pour en faire b\u00e9n\u00e9ficier les jeunes.<br \/>Des jeunes de 16 \u00e0 25 ans accompagn\u00e9s par une mission locale, dipl\u00f4m\u00e9s ou non, exp\u00e9riment\u00e9s ou non, d\u00e9sirant \u00eatre guid\u00e9s dans leurs d\u00e9marches professionnelles.<\/p>\n    <\/div>\n\t\t<\/div>\n\t\t\t\t<\/div>\n\t\t\t\t<\/div>\n\t\t\t\t\t<\/div>\n\t\t\t\t<\/div>\n\t\t<div class=\"elementor-element elementor-element-1b6f630 e-flex e-con-boxed e-con e-parent\" data-id=\"1b6f630\" data-element_type=\"container\">\n\t\t\t\t\t<div class=\"e-con-inner\">\n\t\t\t\t<div class=\"elementor-element elementor-element-3dbf234 elementor-widget elementor-widget-block_simple_texte\" data-id=\"3dbf234\" data-element_type=\"widget\" data-widget_type=\"block_simple_texte.default\">\n\t\t\t\t<div class=\"elementor-widget-container\">\n\t\t\t    <div class=\"container\">\n        <p><span style=\"text-decoration: underline\"><span style=\"color: #ff9900;font-size: 14pt\"><strong>Le m\u00e9c\u00e9nat ?<\/strong><\/span><\/span><\/p><p>Vous souhaitez d\u00e9velopper votre politique RSE par le biais du m\u00e9c\u00e9nat, sachez qu'il existe diff\u00e9rentes formes de m\u00e9c\u00e9nat pour vous impliquer\u00a0 :<\/p><p><span style=\"text-decoration: underline\"><span style=\"color: #ff9900;text-decoration: underline\"><strong><em>Le m\u00e9c\u00e9nat financier :<\/em><\/strong><\/span><\/span> apportez un soutien financier \u00e0 un projet associatif de territoire, \u00e0 destination du public jeune, ouvrant la possibilit\u00e9 de r\u00e9duction d'imp\u00f4t.<\/p><p><span style=\"text-decoration: underline\"><span style=\"color: #ff9900;text-decoration: underline\"><strong><em>Le m\u00e9c\u00e9nat en nature<\/em> :<\/strong><\/span><\/span> faites don de biens, de services ou de moyens mat\u00e9riels, avec d\u00e9duction fiscale possible.<\/p><p><span style=\"text-decoration: underline\"><span style=\"color: #ff9900;text-decoration: underline\"><strong><em>Le m\u00e9c\u00e9nat de comp\u00e9tences<\/em> :<\/strong><\/span><\/span> mettez \u00e0 disposition du personnel pour des prestations de services ou du pr\u00eat de main d'\u0153uvre, en soutien \u00e0 des activit\u00e9s sp\u00e9cifiques.<\/p><p><strong>Contact : <\/strong><strong>Marie LEFEBVRE - Directrice : <\/strong>m.lefebvre@mlbocagebessin.fr<\/p>\n    <\/div>\n\t\t<\/div>\n\t\t\t\t<\/div>\n\t\t\t\t<div class=\"elementor-element elementor-element-758e550 elementor-widget elementor-widget-block_simple_visuel\" data-id=\"758e550\" data-element_type=\"widget\" data-widget_type=\"block_simple_visuel.default\">\n\t\t\t\t<div class=\"elementor-widget-container\">\n\t\t\t    <div class=\"container\">\n        <figure>\n                        \n                                                            <a href=\"https:\/\/www.missionslocalesnormandie.fr\/content\/uploads\/sites\/13\/2024\/05\/mecenat.jpg\">\n                    <img decoding=\"async\" src=\"https:\/\/www.missionslocalesnormandie.fr\/content\/uploads\/sites\/13\/2024\/05\/mecenat-950x595-c-default.jpg\"\n                         alt=\"MISSION LOCALE DU BOCAGE AU BESSIN\"\/>\n                <\/a>\n            \n                    <\/figure>\n    <\/div>\n\t\t<\/div>\n\t\t\t\t<\/div>\n\t\t\t\t\t<\/div>\n\t\t\t\t<\/div>\n\t\t\t\t<\/div>\n\t\t","protected":false},"excerpt":{"rendered":"<p>Le parrainage, c&#8217;est quoi ? C\u2019est un accompagnement b\u00e9n\u00e9vole et personnalis\u00e9 d\u2019une dur\u00e9e maximale de 6 mois, r\u00e9alis\u00e9 par un parrain ou une marraine sur la base du partage de son exp\u00e9rience professionnelle et de son r\u00e9seau.Cet accompagnement apporte \u00e0 un(e) jeune parrain\u00e9(e), les conseils et le soutien dans ses d\u00e9marches professionnelles.La relation \u00ab parrain-marraine-jeune [&hellip;]<\/p>\n","protected":false},"author":1,"featured_media":0,"parent":0,"menu_order":0,"comment_status":"closed","ping_status":"closed","template":"","meta":{"_acf_changed":false,"_crosspost_to_1":false,"_crosspost_to_2":false,"_crosspost_to_3":false,"_crosspost_to_4":false,"_crosspost_to_5":false,"_crosspost_to_6":false,"_crosspost_to_7":false,"_crosspost_to_8":false,"_crosspost_to_11":false,"_crosspost_to_12":false,"_crosspost_to_14":false,"_crosspost_to_15":false,"_crosspost_to_16":false,"inline_featured_image":false,"footnotes":""},"acf":[],"yoast_head":"<!-- This site is optimized with the Yoast SEO plugin v21.9.1 - https:\/\/yoast.com\/wordpress\/plugins\/seo\/ -->\n<title>Parrainage \/ RSE - MISSION LOCALE DU BOCAGE AU BESSIN<\/title>\n<meta name=\"robots\" content=\"index, follow, max-snippet:-1, max-image-preview:large, max-video-preview:-1\" \/>\n<link rel=\"canonical\" href=\"https:\/\/www.missionslocalesnormandie.fr\/mission-locale-bocage-bessin\/parrainer-mentorer\/\" \/>\n<meta property=\"og:locale\" content=\"fr_FR\" \/>\n<meta property=\"og:type\" content=\"article\" \/>\n<meta property=\"og:title\" content=\"Parrainage \/ RSE - MISSION LOCALE DU BOCAGE AU BESSIN\" \/>\n<meta property=\"og:description\" content=\"Le parrainage, c&#8217;est quoi ? C\u2019est un accompagnement b\u00e9n\u00e9vole et personnalis\u00e9 d\u2019une dur\u00e9e maximale de 6 mois, r\u00e9alis\u00e9 par un parrain ou une marraine sur la base du partage de son exp\u00e9rience professionnelle et de son r\u00e9seau.Cet accompagnement apporte \u00e0 un(e) jeune parrain\u00e9(e), les conseils et le soutien dans ses d\u00e9marches professionnelles.La relation \u00ab parrain-marraine-jeune [&hellip;]\" \/>\n<meta property=\"og:url\" content=\"https:\/\/www.missionslocalesnormandie.fr\/mission-locale-bocage-bessin\/parrainer-mentorer\/\" \/>\n<meta property=\"og:site_name\" content=\"MISSION LOCALE DU BOCAGE AU BESSIN\" \/>\n<meta property=\"article:modified_time\" content=\"2024-05-14T12:26:28+00:00\" \/>\n<meta property=\"og:image\" content=\"https:\/\/www.missionslocalesnormandie.fr\/content\/uploads\/sites\/13\/2024\/05\/Parrainage-950x595-c-default.png\" \/>\n<meta name=\"twitter:card\" content=\"summary_large_image\" \/>\n<meta name=\"twitter:label1\" content=\"Dur\u00e9e de lecture estim\u00e9e\" \/>\n\t<meta name=\"twitter:data1\" content=\"2 minutes\" \/>\n<script type=\"application\/ld+json\" class=\"yoast-schema-graph\">{\"@context\":\"https:\/\/schema.org\",\"@graph\":[{\"@type\":\"WebPage\",\"@id\":\"https:\/\/www.missionslocalesnormandie.fr\/mission-locale-bocage-bessin\/parrainer-mentorer\/\",\"url\":\"https:\/\/www.missionslocalesnormandie.fr\/mission-locale-bocage-bessin\/parrainer-mentorer\/\",\"name\":\"Parrainage \/ RSE - MISSION LOCALE DU BOCAGE AU BESSIN\",\"isPartOf\":{\"@id\":\"https:\/\/www.missionslocalesnormandie.fr\/mission-locale-bocage-bessin\/#website\"},\"datePublished\":\"2023-12-14T14:17:16+00:00\",\"dateModified\":\"2024-05-14T12:26:28+00:00\",\"breadcrumb\":{\"@id\":\"https:\/\/www.missionslocalesnormandie.fr\/mission-locale-bocage-bessin\/parrainer-mentorer\/#breadcrumb\"},\"inLanguage\":\"fr-FR\",\"potentialAction\":[{\"@type\":\"ReadAction\",\"target\":[\"https:\/\/www.missionslocalesnormandie.fr\/mission-locale-bocage-bessin\/parrainer-mentorer\/\"]}]},{\"@type\":\"BreadcrumbList\",\"@id\":\"https:\/\/www.missionslocalesnormandie.fr\/mission-locale-bocage-bessin\/parrainer-mentorer\/#breadcrumb\",\"itemListElement\":[{\"@type\":\"ListItem\",\"position\":1,\"name\":\"Home\",\"item\":\"https:\/\/www.missionslocalesnormandie.fr\/mission-locale-bocage-bessin\/\"},{\"@type\":\"ListItem\",\"position\":2,\"name\":\"Parrainage \/ RSE\"}]},{\"@type\":\"WebSite\",\"@id\":\"https:\/\/www.missionslocalesnormandie.fr\/mission-locale-bocage-bessin\/#website\",\"url\":\"https:\/\/www.missionslocalesnormandie.fr\/mission-locale-bocage-bessin\/\",\"name\":\"MISSION LOCALE DU BOCAGE AU BESSIN\",\"description\":\"\",\"potentialAction\":[{\"@type\":\"SearchAction\",\"target\":{\"@type\":\"EntryPoint\",\"urlTemplate\":\"https:\/\/www.missionslocalesnormandie.fr\/mission-locale-bocage-bessin\/?s={search_term_string}\"},\"query-input\":\"required name=search_term_string\"}],\"inLanguage\":\"fr-FR\"}]}<\/script>\n<!-- \/ Yoast SEO plugin. -->","yoast_head_json":{"title":"Parrainage \/ RSE - MISSION LOCALE DU BOCAGE AU BESSIN","robots":{"index":"index","follow":"follow","max-snippet":"max-snippet:-1","max-image-preview":"max-image-preview:large","max-video-preview":"max-video-preview:-1"},"canonical":"https:\/\/www.missionslocalesnormandie.fr\/mission-locale-bocage-bessin\/parrainer-mentorer\/","og_locale":"fr_FR","og_type":"article","og_title":"Parrainage \/ RSE - MISSION LOCALE DU BOCAGE AU BESSIN","og_description":"Le parrainage, c&#8217;est quoi ? C\u2019est un accompagnement b\u00e9n\u00e9vole et personnalis\u00e9 d\u2019une dur\u00e9e maximale de 6 mois, r\u00e9alis\u00e9 par un parrain ou une marraine sur la base du partage de son exp\u00e9rience professionnelle et de son r\u00e9seau.Cet accompagnement apporte \u00e0 un(e) jeune parrain\u00e9(e), les conseils et le soutien dans ses d\u00e9marches professionnelles.La relation \u00ab parrain-marraine-jeune [&hellip;]","og_url":"https:\/\/www.missionslocalesnormandie.fr\/mission-locale-bocage-bessin\/parrainer-mentorer\/","og_site_name":"MISSION LOCALE DU BOCAGE AU BESSIN","article_modified_time":"2024-05-14T12:26:28+00:00","og_image":[{"url":"https:\/\/www.missionslocalesnormandie.fr\/content\/uploads\/sites\/13\/2024\/05\/Parrainage-950x595-c-default.png"}],"twitter_card":"summary_large_image","twitter_misc":{"Dur\u00e9e de lecture estim\u00e9e":"2 minutes"},"schema":{"@context":"https:\/\/schema.org","@graph":[{"@type":"WebPage","@id":"https:\/\/www.missionslocalesnormandie.fr\/mission-locale-bocage-bessin\/parrainer-mentorer\/","url":"https:\/\/www.missionslocalesnormandie.fr\/mission-locale-bocage-bessin\/parrainer-mentorer\/","name":"Parrainage \/ RSE - MISSION LOCALE DU BOCAGE AU BESSIN","isPartOf":{"@id":"https:\/\/www.missionslocalesnormandie.fr\/mission-locale-bocage-bessin\/#website"},"datePublished":"2023-12-14T14:17:16+00:00","dateModified":"2024-05-14T12:26:28+00:00","breadcrumb":{"@id":"https:\/\/www.missionslocalesnormandie.fr\/mission-locale-bocage-bessin\/parrainer-mentorer\/#breadcrumb"},"inLanguage":"fr-FR","potentialAction":[{"@type":"ReadAction","target":["https:\/\/www.missionslocalesnormandie.fr\/mission-locale-bocage-bessin\/parrainer-mentorer\/"]}]},{"@type":"BreadcrumbList","@id":"https:\/\/www.missionslocalesnormandie.fr\/mission-locale-bocage-bessin\/parrainer-mentorer\/#breadcrumb","itemListElement":[{"@type":"ListItem","position":1,"name":"Home","item":"https:\/\/www.missionslocalesnormandie.fr\/mission-locale-bocage-bessin\/"},{"@type":"ListItem","position":2,"name":"Parrainage \/ RSE"}]},{"@type":"WebSite","@id":"https:\/\/www.missionslocalesnormandie.fr\/mission-locale-bocage-bessin\/#website","url":"https:\/\/www.missionslocalesnormandie.fr\/mission-locale-bocage-bessin\/","name":"MISSION LOCALE DU BOCAGE AU BESSIN","description":"","potentialAction":[{"@type":"SearchAction","target":{"@type":"EntryPoint","urlTemplate":"https:\/\/www.missionslocalesnormandie.fr\/mission-locale-bocage-bessin\/?s={search_term_string}"},"query-input":"required name=search_term_string"}],"inLanguage":"fr-FR"}]}},"_links":{"self":[{"href":"https:\/\/www.missionslocalesnormandie.fr\/mission-locale-bocage-bessin\/wp-json\/wp\/v2\/pages\/102"}],"collection":[{"href":"https:\/\/www.missionslocalesnormandie.fr\/mission-locale-bocage-bessin\/wp-json\/wp\/v2\/pages"}],"about":[{"href":"https:\/\/www.missionslocalesnormandie.fr\/mission-locale-bocage-bessin\/wp-json\/wp\/v2\/types\/page"}],"author":[{"embeddable":true,"href":"https:\/\/www.missionslocalesnormandie.fr\/mission-locale-bocage-bessin\/wp-json\/wp\/v2\/users\/1"}],"replies":[{"embeddable":true,"href":"https:\/\/www.missionslocalesnormandie.fr\/mission-locale-bocage-bessin\/wp-json\/wp\/v2\/comments?post=102"}],"version-history":[{"count":60,"href":"https:\/\/www.missionslocalesnormandie.fr\/mission-locale-bocage-bessin\/wp-json\/wp\/v2\/pages\/102\/revisions"}],"predecessor-version":[{"id":1151,"href":"https:\/\/www.missionslocalesnormandie.fr\/mission-locale-bocage-bessin\/wp-json\/wp\/v2\/pages\/102\/revisions\/1151"}],"wp:attachment":[{"href":"https:\/\/www.missionslocalesnormandie.fr\/mission-locale-bocage-bessin\/wp-json\/wp\/v2\/media?parent=102"}],"curies":[{"name":"wp","href":"https:\/\/api.w.org\/{rel}","templated":true}]}}