{"id":107,"date":"2023-12-14T15:18:06","date_gmt":"2023-12-14T14:18:06","guid":{"rendered":"https:\/\/www.missionslocalesnormandie.fr\/mission-locale-bocage-bessin\/?page_id=107"},"modified":"2024-05-15T11:51:11","modified_gmt":"2024-05-15T09:51:11","slug":"rse-mecenat","status":"publish","type":"page","link":"https:\/\/www.missionslocalesnormandie.fr\/mission-locale-bocage-bessin\/rse-mecenat\/","title":{"rendered":"Immersion en entreprise"},"content":{"rendered":"\t\t<div data-elementor-type=\"wp-page\" data-elementor-id=\"107\" class=\"elementor elementor-107\">\n\t\t\t\t<div class=\"elementor-element elementor-element-6b3be59 e-flex e-con-boxed e-con e-parent\" data-id=\"6b3be59\" data-element_type=\"container\">\n\t\t\t\t\t<div class=\"e-con-inner\">\n\t\t\t\t<div class=\"elementor-element elementor-element-9105fda elementor-widget elementor-widget-block_titre\" data-id=\"9105fda\" data-element_type=\"widget\" data-widget_type=\"block_titre.default\">\n\t\t\t\t<div class=\"elementor-widget-container\">\n\t\t\t    <div class=\"container\">\n        <h2>\n            Employeurs : d\u00e9couvrez la P\u00e9riode de Mise en Situation en Milieu Professionnel (PMSMP)\n        <\/h2>\n    <\/div>\n\t\t<\/div>\n\t\t\t\t<\/div>\n\t\t\t\t\t<\/div>\n\t\t\t\t<\/div>\n\t\t<div class=\"elementor-element elementor-element-09d5088 e-flex e-con-boxed e-con e-parent\" data-id=\"09d5088\" data-element_type=\"container\">\n\t\t\t\t\t<div class=\"e-con-inner\">\n\t\t<div class=\"elementor-element elementor-element-0af476f e-con-full e-flex e-con e-child\" data-id=\"0af476f\" data-element_type=\"container\">\n\t\t\t\t<div class=\"elementor-element elementor-element-285ba62 elementor-widget elementor-widget-block_intro\" data-id=\"285ba62\" data-element_type=\"widget\" data-widget_type=\"block_intro.default\">\n\t\t\t\t<div class=\"elementor-widget-container\">\n\t\t\t    <div class=\"container\">\n        <div class=\"edito-intro\">\n            <p style=\"text-align: justify\"><span style=\"font-weight: 400\"><span style=\"color: #800080;font-family: tahoma, arial, helvetica, sans-serif;font-size: 12pt\"><strong>La Mission Locale du Bocage au Bessin propose une offre de service diversifi\u00e9e afin d\u2019aider les entreprises dans leurs d\u00e9marches de recrutement et de d\u00e9couverte de leurs <span style=\"color: #993366\">m\u00e9tiers.<\/span> <\/strong><\/span><br \/><\/span><\/p>\n        <\/div>\n    <\/div>\n\t\t<\/div>\n\t\t\t\t<\/div>\n\t\t\t\t<div class=\"elementor-element elementor-element-909c4cc elementor-widget__width-initial elementor-widget elementor-widget-block_simple_visuel\" data-id=\"909c4cc\" data-element_type=\"widget\" data-widget_type=\"block_simple_visuel.default\">\n\t\t\t\t<div class=\"elementor-widget-container\">\n\t\t\t    <div class=\"container\">\n        <figure>\n                        \n                                                            <a href=\"https:\/\/www.missionslocalesnormandie.fr\/content\/uploads\/sites\/13\/2024\/05\/stages-trouver-un-stage.jpg\">\n                    <img decoding=\"async\" src=\"https:\/\/www.missionslocalesnormandie.fr\/content\/uploads\/sites\/13\/2024\/05\/stages-trouver-un-stage-950x595-c-default.jpg\"\n                         alt=\"MISSION LOCALE DU BOCAGE AU BESSIN\"\/>\n                <\/a>\n            \n                    <\/figure>\n    <\/div>\n\t\t<\/div>\n\t\t\t\t<\/div>\n\t\t\t\t<\/div>\n\t\t<div class=\"elementor-element elementor-element-bf89426 e-con-full e-flex e-con e-child\" data-id=\"bf89426\" data-element_type=\"container\">\n\t\t<div class=\"elementor-element elementor-element-c9dc5fb e-flex e-con-boxed e-con e-child\" data-id=\"c9dc5fb\" data-element_type=\"container\">\n\t\t\t\t\t<div class=\"e-con-inner\">\n\t\t\t\t<div class=\"elementor-element elementor-element-9a48d7e elementor-widget elementor-widget-block_simple_texte\" data-id=\"9a48d7e\" data-element_type=\"widget\" data-widget_type=\"block_simple_texte.default\">\n\t\t\t\t<div class=\"elementor-widget-container\">\n\t\t\t    <div class=\"container\">\n        <p>La PMSMP est une immersion professionnelle (Stage) d\u2019une dur\u00e9e d\u2019un mois maximum renouvelable sous conditions.<\/p><p>Vous accueillez un jeune pour lui permettre de d\u00e9couvrir vos m\u00e9tiers, votre secteur d\u2019activit\u00e9, valider son projet\u2026 ou pour initier un projet de recrutement.<\/p><p>La PMSMP est ouverte \u00e0 tout employeur\u00a0: entreprise, association, collectivit\u00e9 etc.<\/p><p>Le b\u00e9n\u00e9ficiaire de la PMSMP n\u2019est pas salari\u00e9 de la structure d\u2019accueil.<\/p><p>Vous n\u2019avez donc pas \u00e0 lui verser de r\u00e9mun\u00e9ration. Il conserve le statut dont il b\u00e9n\u00e9ficie avant la PMSMP (demandeur d\u2019emploi, salari\u00e9\u2026).<\/p><p>La prescription d\u2019une PMSMP est assur\u00e9e par le Service Public de l\u2019Emploi dont les Missions Locales.<\/p>\n    <\/div>\n\t\t<\/div>\n\t\t\t\t<\/div>\n\t\t\t\t\t<\/div>\n\t\t\t\t<\/div>\n\t\t\t\t<\/div>\n\t\t\t\t\t<\/div>\n\t\t\t\t<\/div>\n\t\t\t\t<\/div>\n\t\t","protected":false},"excerpt":{"rendered":"<p>Employeurs : d\u00e9couvrez la P\u00e9riode de Mise en Situation en Milieu Professionnel (PMSMP) La Mission Locale du Bocage au Bessin propose une offre de service diversifi\u00e9e afin d\u2019aider les entreprises dans leurs d\u00e9marches de recrutement et de d\u00e9couverte de leurs m\u00e9tiers. La PMSMP est une immersion professionnelle (Stage) d\u2019une dur\u00e9e d\u2019un mois maximum renouvelable sous [&hellip;]<\/p>\n","protected":false},"author":1,"featured_media":0,"parent":0,"menu_order":0,"comment_status":"closed","ping_status":"closed","template":"","meta":{"_acf_changed":false,"_crosspost_to_1":false,"_crosspost_to_2":false,"_crosspost_to_3":false,"_crosspost_to_4":false,"_crosspost_to_5":false,"_crosspost_to_6":false,"_crosspost_to_7":false,"_crosspost_to_8":false,"_crosspost_to_11":false,"_crosspost_to_12":false,"_crosspost_to_14":false,"_crosspost_to_15":false,"_crosspost_to_16":false,"inline_featured_image":false,"footnotes":""},"acf":[],"yoast_head":"<!-- This site is optimized with the Yoast SEO plugin v21.9.1 - https:\/\/yoast.com\/wordpress\/plugins\/seo\/ -->\n<title>Immersion en entreprise - MISSION LOCALE DU BOCAGE AU BESSIN<\/title>\n<meta name=\"robots\" content=\"index, follow, max-snippet:-1, max-image-preview:large, max-video-preview:-1\" \/>\n<link rel=\"canonical\" href=\"https:\/\/www.missionslocalesnormandie.fr\/mission-locale-bocage-bessin\/rse-mecenat\/\" \/>\n<meta property=\"og:locale\" content=\"fr_FR\" \/>\n<meta property=\"og:type\" content=\"article\" \/>\n<meta property=\"og:title\" content=\"Immersion en entreprise - MISSION LOCALE DU BOCAGE AU BESSIN\" \/>\n<meta property=\"og:description\" content=\"Employeurs : d\u00e9couvrez la P\u00e9riode de Mise en Situation en Milieu Professionnel (PMSMP) La Mission Locale du Bocage au Bessin propose une offre de service diversifi\u00e9e afin d\u2019aider les entreprises dans leurs d\u00e9marches de recrutement et de d\u00e9couverte de leurs m\u00e9tiers. La PMSMP est une immersion professionnelle (Stage) d\u2019une dur\u00e9e d\u2019un mois maximum renouvelable sous [&hellip;]\" \/>\n<meta property=\"og:url\" content=\"https:\/\/www.missionslocalesnormandie.fr\/mission-locale-bocage-bessin\/rse-mecenat\/\" \/>\n<meta property=\"og:site_name\" content=\"MISSION LOCALE DU BOCAGE AU BESSIN\" \/>\n<meta property=\"article:modified_time\" content=\"2024-05-15T09:51:11+00:00\" \/>\n<meta property=\"og:image\" content=\"https:\/\/www.missionslocalesnormandie.fr\/content\/uploads\/sites\/13\/2024\/05\/stages-trouver-un-stage-950x595-c-default.jpg\" \/>\n<meta name=\"twitter:card\" content=\"summary_large_image\" \/>\n<meta name=\"twitter:label1\" content=\"Dur\u00e9e de lecture estim\u00e9e\" \/>\n\t<meta name=\"twitter:data1\" content=\"1 minute\" \/>\n<script type=\"application\/ld+json\" class=\"yoast-schema-graph\">{\"@context\":\"https:\/\/schema.org\",\"@graph\":[{\"@type\":\"WebPage\",\"@id\":\"https:\/\/www.missionslocalesnormandie.fr\/mission-locale-bocage-bessin\/rse-mecenat\/\",\"url\":\"https:\/\/www.missionslocalesnormandie.fr\/mission-locale-bocage-bessin\/rse-mecenat\/\",\"name\":\"Immersion en entreprise - MISSION LOCALE DU BOCAGE AU BESSIN\",\"isPartOf\":{\"@id\":\"https:\/\/www.missionslocalesnormandie.fr\/mission-locale-bocage-bessin\/#website\"},\"datePublished\":\"2023-12-14T14:18:06+00:00\",\"dateModified\":\"2024-05-15T09:51:11+00:00\",\"breadcrumb\":{\"@id\":\"https:\/\/www.missionslocalesnormandie.fr\/mission-locale-bocage-bessin\/rse-mecenat\/#breadcrumb\"},\"inLanguage\":\"fr-FR\",\"potentialAction\":[{\"@type\":\"ReadAction\",\"target\":[\"https:\/\/www.missionslocalesnormandie.fr\/mission-locale-bocage-bessin\/rse-mecenat\/\"]}]},{\"@type\":\"BreadcrumbList\",\"@id\":\"https:\/\/www.missionslocalesnormandie.fr\/mission-locale-bocage-bessin\/rse-mecenat\/#breadcrumb\",\"itemListElement\":[{\"@type\":\"ListItem\",\"position\":1,\"name\":\"Home\",\"item\":\"https:\/\/www.missionslocalesnormandie.fr\/mission-locale-bocage-bessin\/\"},{\"@type\":\"ListItem\",\"position\":2,\"name\":\"Immersion en entreprise\"}]},{\"@type\":\"WebSite\",\"@id\":\"https:\/\/www.missionslocalesnormandie.fr\/mission-locale-bocage-bessin\/#website\",\"url\":\"https:\/\/www.missionslocalesnormandie.fr\/mission-locale-bocage-bessin\/\",\"name\":\"MISSION LOCALE DU BOCAGE AU BESSIN\",\"description\":\"\",\"potentialAction\":[{\"@type\":\"SearchAction\",\"target\":{\"@type\":\"EntryPoint\",\"urlTemplate\":\"https:\/\/www.missionslocalesnormandie.fr\/mission-locale-bocage-bessin\/?s={search_term_string}\"},\"query-input\":\"required name=search_term_string\"}],\"inLanguage\":\"fr-FR\"}]}<\/script>\n<!-- \/ Yoast SEO plugin. -->","yoast_head_json":{"title":"Immersion en entreprise - MISSION LOCALE DU BOCAGE AU BESSIN","robots":{"index":"index","follow":"follow","max-snippet":"max-snippet:-1","max-image-preview":"max-image-preview:large","max-video-preview":"max-video-preview:-1"},"canonical":"https:\/\/www.missionslocalesnormandie.fr\/mission-locale-bocage-bessin\/rse-mecenat\/","og_locale":"fr_FR","og_type":"article","og_title":"Immersion en entreprise - MISSION LOCALE DU BOCAGE AU BESSIN","og_description":"Employeurs : d\u00e9couvrez la P\u00e9riode de Mise en Situation en Milieu Professionnel (PMSMP) La Mission Locale du Bocage au Bessin propose une offre de service diversifi\u00e9e afin d\u2019aider les entreprises dans leurs d\u00e9marches de recrutement et de d\u00e9couverte de leurs m\u00e9tiers. La PMSMP est une immersion professionnelle (Stage) d\u2019une dur\u00e9e d\u2019un mois maximum renouvelable sous [&hellip;]","og_url":"https:\/\/www.missionslocalesnormandie.fr\/mission-locale-bocage-bessin\/rse-mecenat\/","og_site_name":"MISSION LOCALE DU BOCAGE AU BESSIN","article_modified_time":"2024-05-15T09:51:11+00:00","og_image":[{"url":"https:\/\/www.missionslocalesnormandie.fr\/content\/uploads\/sites\/13\/2024\/05\/stages-trouver-un-stage-950x595-c-default.jpg"}],"twitter_card":"summary_large_image","twitter_misc":{"Dur\u00e9e de lecture estim\u00e9e":"1 minute"},"schema":{"@context":"https:\/\/schema.org","@graph":[{"@type":"WebPage","@id":"https:\/\/www.missionslocalesnormandie.fr\/mission-locale-bocage-bessin\/rse-mecenat\/","url":"https:\/\/www.missionslocalesnormandie.fr\/mission-locale-bocage-bessin\/rse-mecenat\/","name":"Immersion en entreprise - MISSION LOCALE DU BOCAGE AU BESSIN","isPartOf":{"@id":"https:\/\/www.missionslocalesnormandie.fr\/mission-locale-bocage-bessin\/#website"},"datePublished":"2023-12-14T14:18:06+00:00","dateModified":"2024-05-15T09:51:11+00:00","breadcrumb":{"@id":"https:\/\/www.missionslocalesnormandie.fr\/mission-locale-bocage-bessin\/rse-mecenat\/#breadcrumb"},"inLanguage":"fr-FR","potentialAction":[{"@type":"ReadAction","target":["https:\/\/www.missionslocalesnormandie.fr\/mission-locale-bocage-bessin\/rse-mecenat\/"]}]},{"@type":"BreadcrumbList","@id":"https:\/\/www.missionslocalesnormandie.fr\/mission-locale-bocage-bessin\/rse-mecenat\/#breadcrumb","itemListElement":[{"@type":"ListItem","position":1,"name":"Home","item":"https:\/\/www.missionslocalesnormandie.fr\/mission-locale-bocage-bessin\/"},{"@type":"ListItem","position":2,"name":"Immersion en entreprise"}]},{"@type":"WebSite","@id":"https:\/\/www.missionslocalesnormandie.fr\/mission-locale-bocage-bessin\/#website","url":"https:\/\/www.missionslocalesnormandie.fr\/mission-locale-bocage-bessin\/","name":"MISSION LOCALE DU BOCAGE AU BESSIN","description":"","potentialAction":[{"@type":"SearchAction","target":{"@type":"EntryPoint","urlTemplate":"https:\/\/www.missionslocalesnormandie.fr\/mission-locale-bocage-bessin\/?s={search_term_string}"},"query-input":"required name=search_term_string"}],"inLanguage":"fr-FR"}]}},"_links":{"self":[{"href":"https:\/\/www.missionslocalesnormandie.fr\/mission-locale-bocage-bessin\/wp-json\/wp\/v2\/pages\/107"}],"collection":[{"href":"https:\/\/www.missionslocalesnormandie.fr\/mission-locale-bocage-bessin\/wp-json\/wp\/v2\/pages"}],"about":[{"href":"https:\/\/www.missionslocalesnormandie.fr\/mission-locale-bocage-bessin\/wp-json\/wp\/v2\/types\/page"}],"author":[{"embeddable":true,"href":"https:\/\/www.missionslocalesnormandie.fr\/mission-locale-bocage-bessin\/wp-json\/wp\/v2\/users\/1"}],"replies":[{"embeddable":true,"href":"https:\/\/www.missionslocalesnormandie.fr\/mission-locale-bocage-bessin\/wp-json\/wp\/v2\/comments?post=107"}],"version-history":[{"count":72,"href":"https:\/\/www.missionslocalesnormandie.fr\/mission-locale-bocage-bessin\/wp-json\/wp\/v2\/pages\/107\/revisions"}],"predecessor-version":[{"id":1244,"href":"https:\/\/www.missionslocalesnormandie.fr\/mission-locale-bocage-bessin\/wp-json\/wp\/v2\/pages\/107\/revisions\/1244"}],"wp:attachment":[{"href":"https:\/\/www.missionslocalesnormandie.fr\/mission-locale-bocage-bessin\/wp-json\/wp\/v2\/media?parent=107"}],"curies":[{"name":"wp","href":"https:\/\/api.w.org\/{rel}","templated":true}]}}