{"id":151,"date":"2023-12-14T15:36:07","date_gmt":"2023-12-14T14:36:07","guid":{"rendered":"https:\/\/www.missionslocalesnormandie.fr\/mission-locale-bocage-bessin\/?page_id=151"},"modified":"2024-05-14T17:15:22","modified_gmt":"2024-05-14T15:15:22","slug":"minformer","status":"publish","type":"page","link":"https:\/\/www.missionslocalesnormandie.fr\/mission-locale-bocage-bessin\/minformer\/","title":{"rendered":"Dispositifs d&#8217;accompagnement"},"content":{"rendered":"\t\t<div data-elementor-type=\"wp-page\" data-elementor-id=\"151\" class=\"elementor elementor-151\">\n\t\t\t\t<div class=\"elementor-element elementor-element-575d0d6 e-flex e-con-boxed e-con e-parent\" data-id=\"575d0d6\" data-element_type=\"container\">\n\t\t\t\t\t<div class=\"e-con-inner\">\n\t\t<div class=\"elementor-element elementor-element-0dcd60b e-con-full e-flex e-con e-child\" data-id=\"0dcd60b\" data-element_type=\"container\">\n\t\t\t\t<div class=\"elementor-element elementor-element-fb68736 elementor-widget__width-initial elementor-widget elementor-widget-block_simple_visuel\" data-id=\"fb68736\" data-element_type=\"widget\" data-widget_type=\"block_simple_visuel.default\">\n\t\t\t\t<div class=\"elementor-widget-container\">\n\t\t\t    <div class=\"container\">\n        <figure>\n                        \n                                                            <a href=\"https:\/\/www.missionslocalesnormandie.fr\/content\/uploads\/sites\/13\/2024\/05\/cej.png\">\n                    <img decoding=\"async\" src=\"https:\/\/www.missionslocalesnormandie.fr\/content\/uploads\/sites\/13\/2024\/05\/cej-950x595-c-default.png\"\n                         alt=\"MISSION LOCALE DU BOCAGE AU BESSIN\"\/>\n                <\/a>\n            \n                    <\/figure>\n    <\/div>\n\t\t<\/div>\n\t\t\t\t<\/div>\n\t\t\t\t<\/div>\n\t\t<div class=\"elementor-element elementor-element-5ea06cf e-con-full e-flex e-con e-child\" data-id=\"5ea06cf\" data-element_type=\"container\">\n\t\t\t\t<div class=\"elementor-element elementor-element-6e59f73 elementor-widget elementor-widget-block_simple_texte\" data-id=\"6e59f73\" data-element_type=\"widget\" data-widget_type=\"block_simple_texte.default\">\n\t\t\t\t<div class=\"elementor-widget-container\">\n\t\t\t    <div class=\"container\">\n        <table style=\"border-collapse: collapse;width: 100%\"><tbody><tr><td style=\"width: 50%\">\u00a0<\/td><td style=\"width: 50%\">\u00a0<\/td><\/tr><\/tbody><\/table><p style=\"text-align: justify\"><span style=\"font-size: 14pt\"><strong><span style=\"color: #ffcc00\">Le Contrat d\u2018Engagement Jeune, qu\u2018est-ce que c\u2018est ?<\/span><\/strong><\/span><\/p><p style=\"text-align: justify\">Un parcours enti\u00e8rement <strong>personnalis\u00e9<\/strong> qui peut durer jusqu\u2019\u00e0 12 mois en fonction de mon profil, pour m\u2018<strong>aider \u00e0 d\u00e9finir mon projet professionnel et \u00e0 trouver un emploi<\/strong>.<\/p><p style=\"text-align: justify\">Quand je signe mon contrat, je b\u00e9n\u00e9ficie de :<\/p><ul><li style=\"text-align: justify\">Un accompagnement personnalis\u00e9 avec un conseiller d\u00e9di\u00e9 qui me suit tout au long de mon parcours et jusqu\u2018\u00e0 ce que j\u2018acc\u00e8de \u00e0 un emploi durable<\/li><li style=\"text-align: justify\">Un programme intensif d\u2019au minimum 15 \u00e0 20 heures par semaine compos\u00e9 de diff\u00e9rents types d\u2018activit\u00e9s dont des ateliers collectifs.<\/li><li style=\"text-align: justify\">Une allocation mensuelle en fonction de mes ressources et \u00e0 condition que je respecte mes engagements<\/li><\/ul><p>Pour en savoir plus :<a href=\"https:\/\/travail-emploi.gouv.fr\/emploi-et-insertion\/mesures-jeunes\/contrat-engagement-jeune\/\">CEJ<\/a><\/p>\n    <\/div>\n\t\t<\/div>\n\t\t\t\t<\/div>\n\t\t\t\t<\/div>\n\t\t\t\t\t<\/div>\n\t\t\t\t<\/div>\n\t\t<div class=\"elementor-element elementor-element-32f60bd e-flex e-con-boxed e-con e-parent\" data-id=\"32f60bd\" data-element_type=\"container\">\n\t\t\t\t\t<div class=\"e-con-inner\">\n\t\t<div class=\"elementor-element elementor-element-a2052b9 e-con-full e-flex e-con e-child\" data-id=\"a2052b9\" data-element_type=\"container\">\n\t\t\t\t<div class=\"elementor-element elementor-element-61ab648 elementor-widget__width-initial elementor-widget elementor-widget-block_simple_texte\" data-id=\"61ab648\" data-element_type=\"widget\" data-widget_type=\"block_simple_texte.default\">\n\t\t\t\t<div class=\"elementor-widget-container\">\n\t\t\t    <div class=\"container\">\n        <p style=\"text-align: justify\"><span style=\"color: #ffcc00;font-size: 14pt\"><strong>Le parcours contractualis\u00e9 d\u2019accompagnement vers l\u2019emploi et l\u2019autonomie (PACEA) est le cadre contractuel de l\u2019accompagnement des jeunes, unique et adaptable aux besoins du jeune.<\/strong><\/span><\/p><p style=\"text-align: justify\"><em><span style=\"color: #993366\"><strong>Qui peut b\u00e9n\u00e9ficier d\u2019un PACEA ?<\/strong><\/span><\/em><\/p><ul style=\"text-align: justify\"><li>Tous les jeunes de 16 \u00e0 25 ans<\/li><li>Pr\u00eats \u00e0 s\u2019engager dans un parcours contractualis\u00e9 d\u2019accompagnement<\/li><\/ul><p style=\"text-align: justify\"><span style=\"color: #993366\"><em><strong>Quelles modalit\u00e9s d\u2019accompagnement dans le PACEA ?<\/strong><\/em><\/span><\/p><p style=\"text-align: justify\">Le PACEA est constitu\u00e9 de\u00a0<strong>phases d\u2019accompagnement successives\u00a0<\/strong>qui peuvent s\u2019encha\u00eener pour une dur\u00e9e maximale de 24 mois cons\u00e9cutifs.<\/p><p style=\"text-align: justify\">A l\u2019entr\u00e9e dans le PACEA, le conseiller d\u00e9termine, au moyen des conclusions du diagnostic initial, la dur\u00e9e de la ou des premi\u00e8res phases d\u2019accompagnement. Ces phases sont adapt\u00e9es aux projets et aux attentes du jeune.<\/p><p style=\"text-align: justify\">Pendant le PACEA <strong>des actions peuvent \u00eatre mises en place. <\/strong>Chaque phase peut donc comporter : des actions sociales\u2009; des formations\u2009; des ateliers\u00a0; des stages\u2009; des missions d\u2019int\u00e9rim\u2009; des missions de service civique\u2009; un accompagnement par des organismes partenaires\u2009; \u2026.<\/p><p style=\"text-align: justify\">Pendant le parcours, des partenaires de la Mission Locale peuvent \u00eatre mobilis\u00e9s.<\/p>\n    <\/div>\n\t\t<\/div>\n\t\t\t\t<\/div>\n\t\t\t\t<\/div>\n\t\t<div class=\"elementor-element elementor-element-47dea97 e-con-full e-flex e-con e-child\" data-id=\"47dea97\" data-element_type=\"container\">\n\t\t<div class=\"elementor-element elementor-element-f0ad52d e-flex e-con-boxed e-con e-child\" data-id=\"f0ad52d\" data-element_type=\"container\">\n\t\t\t\t\t<div class=\"e-con-inner\">\n\t\t\t\t<div class=\"elementor-element elementor-element-df93b83 elementor-widget elementor-widget-block_simple_texte\" data-id=\"df93b83\" data-element_type=\"widget\" data-widget_type=\"block_simple_texte.default\">\n\t\t\t\t<div class=\"elementor-widget-container\">\n\t\t\t    <div class=\"container\">\n        <p style=\"text-align: justify\"><span style=\"color: #800080\"><em><strong>Le PACEA ouvre-t-il droit \u00e0 une allocation financi\u00e8re ?<\/strong><\/em><\/span><\/p><p style=\"text-align: justify\"><strong>En fonction de la situation et des besoins de l\u2019int\u00e9ress\u00e9<\/strong>, une allocation ponctuelle peut \u00eatre accord\u00e9e \u00e0 un jeune int\u00e9grant un PACEA. Elle est destin\u00e9e \u00e0 soutenir\u00a0 la d\u00e9marche d\u2019insertion du jeune vers et dans l\u2019emploi et l\u2019autonomie.<\/p><p>Pour en savoir plus : <a href=\"https:\/\/travail-emploi.gouv.fr\/emploi-et-insertion\/mesures-jeunes\/pacea\">PACEA<\/a><\/p>\n    <\/div>\n\t\t<\/div>\n\t\t\t\t<\/div>\n\t\t\t\t\t<\/div>\n\t\t\t\t<\/div>\n\t\t<div class=\"elementor-element elementor-element-ec45aaa e-flex e-con-boxed e-con e-child\" data-id=\"ec45aaa\" data-element_type=\"container\">\n\t\t\t\t\t<div class=\"e-con-inner\">\n\t\t\t\t<div class=\"elementor-element elementor-element-66c8c53 elementor-widget__width-initial elementor-absolute elementor-widget elementor-widget-block_simple_visuel\" data-id=\"66c8c53\" data-element_type=\"widget\" data-settings=\"{&quot;_position&quot;:&quot;absolute&quot;}\" data-widget_type=\"block_simple_visuel.default\">\n\t\t\t\t<div class=\"elementor-widget-container\">\n\t\t\t    <div class=\"container\">\n        <figure>\n                        \n                                                            <a href=\"https:\/\/www.missionslocalesnormandie.fr\/content\/uploads\/sites\/13\/2024\/05\/mission-locale-pacea-jeunes.jpg\">\n                    <img decoding=\"async\" src=\"https:\/\/www.missionslocalesnormandie.fr\/content\/uploads\/sites\/13\/2024\/05\/mission-locale-pacea-jeunes-950x595-c-default.jpg\"\n                         alt=\"MISSION LOCALE DU BOCAGE AU BESSIN\"\/>\n                <\/a>\n            \n                    <\/figure>\n    <\/div>\n\t\t<\/div>\n\t\t\t\t<\/div>\n\t\t\t\t\t<\/div>\n\t\t\t\t<\/div>\n\t\t\t\t<\/div>\n\t\t\t\t\t<\/div>\n\t\t\t\t<\/div>\n\t\t\t\t<\/div>\n\t\t","protected":false},"excerpt":{"rendered":"<p>\u00a0 \u00a0 Le Contrat d\u2018Engagement Jeune, qu\u2018est-ce que c\u2018est ? Un parcours enti\u00e8rement personnalis\u00e9 qui peut durer jusqu\u2019\u00e0 12 mois en fonction de mon profil, pour m\u2018aider \u00e0 d\u00e9finir mon projet professionnel et \u00e0 trouver un emploi. Quand je signe mon contrat, je b\u00e9n\u00e9ficie de : Un accompagnement personnalis\u00e9 avec un conseiller d\u00e9di\u00e9 qui me [&hellip;]<\/p>\n","protected":false},"author":1,"featured_media":0,"parent":0,"menu_order":0,"comment_status":"closed","ping_status":"closed","template":"","meta":{"_acf_changed":false,"_crosspost_to_1":false,"_crosspost_to_2":false,"_crosspost_to_3":false,"_crosspost_to_4":false,"_crosspost_to_5":false,"_crosspost_to_6":false,"_crosspost_to_7":false,"_crosspost_to_8":false,"_crosspost_to_11":false,"_crosspost_to_12":false,"_crosspost_to_14":false,"_crosspost_to_15":false,"_crosspost_to_16":false,"inline_featured_image":false,"footnotes":""},"acf":[],"yoast_head":"<!-- This site is optimized with the Yoast SEO plugin v21.9.1 - https:\/\/yoast.com\/wordpress\/plugins\/seo\/ -->\n<title>Dispositifs d&#039;accompagnement - MISSION LOCALE DU BOCAGE AU BESSIN<\/title>\n<meta name=\"robots\" content=\"index, follow, max-snippet:-1, max-image-preview:large, max-video-preview:-1\" \/>\n<link rel=\"canonical\" href=\"https:\/\/www.missionslocalesnormandie.fr\/mission-locale-bocage-bessin\/minformer\/\" \/>\n<meta property=\"og:locale\" content=\"fr_FR\" \/>\n<meta property=\"og:type\" content=\"article\" \/>\n<meta property=\"og:title\" content=\"Dispositifs d&#039;accompagnement - MISSION LOCALE DU BOCAGE AU BESSIN\" \/>\n<meta property=\"og:description\" content=\"\u00a0 \u00a0 Le Contrat d\u2018Engagement Jeune, qu\u2018est-ce que c\u2018est ? Un parcours enti\u00e8rement personnalis\u00e9 qui peut durer jusqu\u2019\u00e0 12 mois en fonction de mon profil, pour m\u2018aider \u00e0 d\u00e9finir mon projet professionnel et \u00e0 trouver un emploi. Quand je signe mon contrat, je b\u00e9n\u00e9ficie de : Un accompagnement personnalis\u00e9 avec un conseiller d\u00e9di\u00e9 qui me [&hellip;]\" \/>\n<meta property=\"og:url\" content=\"https:\/\/www.missionslocalesnormandie.fr\/mission-locale-bocage-bessin\/minformer\/\" \/>\n<meta property=\"og:site_name\" content=\"MISSION LOCALE DU BOCAGE AU BESSIN\" \/>\n<meta property=\"article:modified_time\" content=\"2024-05-14T15:15:22+00:00\" \/>\n<meta property=\"og:image\" content=\"https:\/\/www.missionslocalesnormandie.fr\/content\/uploads\/sites\/13\/2024\/05\/cej-950x595-c-default.png\" \/>\n<meta name=\"twitter:card\" content=\"summary_large_image\" \/>\n<meta name=\"twitter:label1\" content=\"Dur\u00e9e de lecture estim\u00e9e\" \/>\n\t<meta name=\"twitter:data1\" content=\"3 minutes\" \/>\n<script type=\"application\/ld+json\" class=\"yoast-schema-graph\">{\"@context\":\"https:\/\/schema.org\",\"@graph\":[{\"@type\":\"WebPage\",\"@id\":\"https:\/\/www.missionslocalesnormandie.fr\/mission-locale-bocage-bessin\/minformer\/\",\"url\":\"https:\/\/www.missionslocalesnormandie.fr\/mission-locale-bocage-bessin\/minformer\/\",\"name\":\"Dispositifs d'accompagnement - MISSION LOCALE DU BOCAGE AU BESSIN\",\"isPartOf\":{\"@id\":\"https:\/\/www.missionslocalesnormandie.fr\/mission-locale-bocage-bessin\/#website\"},\"datePublished\":\"2023-12-14T14:36:07+00:00\",\"dateModified\":\"2024-05-14T15:15:22+00:00\",\"breadcrumb\":{\"@id\":\"https:\/\/www.missionslocalesnormandie.fr\/mission-locale-bocage-bessin\/minformer\/#breadcrumb\"},\"inLanguage\":\"fr-FR\",\"potentialAction\":[{\"@type\":\"ReadAction\",\"target\":[\"https:\/\/www.missionslocalesnormandie.fr\/mission-locale-bocage-bessin\/minformer\/\"]}]},{\"@type\":\"BreadcrumbList\",\"@id\":\"https:\/\/www.missionslocalesnormandie.fr\/mission-locale-bocage-bessin\/minformer\/#breadcrumb\",\"itemListElement\":[{\"@type\":\"ListItem\",\"position\":1,\"name\":\"Home\",\"item\":\"https:\/\/www.missionslocalesnormandie.fr\/mission-locale-bocage-bessin\/\"},{\"@type\":\"ListItem\",\"position\":2,\"name\":\"Dispositifs d&#8217;accompagnement\"}]},{\"@type\":\"WebSite\",\"@id\":\"https:\/\/www.missionslocalesnormandie.fr\/mission-locale-bocage-bessin\/#website\",\"url\":\"https:\/\/www.missionslocalesnormandie.fr\/mission-locale-bocage-bessin\/\",\"name\":\"MISSION LOCALE DU BOCAGE AU BESSIN\",\"description\":\"\",\"potentialAction\":[{\"@type\":\"SearchAction\",\"target\":{\"@type\":\"EntryPoint\",\"urlTemplate\":\"https:\/\/www.missionslocalesnormandie.fr\/mission-locale-bocage-bessin\/?s={search_term_string}\"},\"query-input\":\"required name=search_term_string\"}],\"inLanguage\":\"fr-FR\"}]}<\/script>\n<!-- \/ Yoast SEO plugin. -->","yoast_head_json":{"title":"Dispositifs d'accompagnement - MISSION LOCALE DU BOCAGE AU BESSIN","robots":{"index":"index","follow":"follow","max-snippet":"max-snippet:-1","max-image-preview":"max-image-preview:large","max-video-preview":"max-video-preview:-1"},"canonical":"https:\/\/www.missionslocalesnormandie.fr\/mission-locale-bocage-bessin\/minformer\/","og_locale":"fr_FR","og_type":"article","og_title":"Dispositifs d'accompagnement - MISSION LOCALE DU BOCAGE AU BESSIN","og_description":"\u00a0 \u00a0 Le Contrat d\u2018Engagement Jeune, qu\u2018est-ce que c\u2018est ? Un parcours enti\u00e8rement personnalis\u00e9 qui peut durer jusqu\u2019\u00e0 12 mois en fonction de mon profil, pour m\u2018aider \u00e0 d\u00e9finir mon projet professionnel et \u00e0 trouver un emploi. Quand je signe mon contrat, je b\u00e9n\u00e9ficie de : Un accompagnement personnalis\u00e9 avec un conseiller d\u00e9di\u00e9 qui me [&hellip;]","og_url":"https:\/\/www.missionslocalesnormandie.fr\/mission-locale-bocage-bessin\/minformer\/","og_site_name":"MISSION LOCALE DU BOCAGE AU BESSIN","article_modified_time":"2024-05-14T15:15:22+00:00","og_image":[{"url":"https:\/\/www.missionslocalesnormandie.fr\/content\/uploads\/sites\/13\/2024\/05\/cej-950x595-c-default.png"}],"twitter_card":"summary_large_image","twitter_misc":{"Dur\u00e9e de lecture estim\u00e9e":"3 minutes"},"schema":{"@context":"https:\/\/schema.org","@graph":[{"@type":"WebPage","@id":"https:\/\/www.missionslocalesnormandie.fr\/mission-locale-bocage-bessin\/minformer\/","url":"https:\/\/www.missionslocalesnormandie.fr\/mission-locale-bocage-bessin\/minformer\/","name":"Dispositifs d'accompagnement - MISSION LOCALE DU BOCAGE AU BESSIN","isPartOf":{"@id":"https:\/\/www.missionslocalesnormandie.fr\/mission-locale-bocage-bessin\/#website"},"datePublished":"2023-12-14T14:36:07+00:00","dateModified":"2024-05-14T15:15:22+00:00","breadcrumb":{"@id":"https:\/\/www.missionslocalesnormandie.fr\/mission-locale-bocage-bessin\/minformer\/#breadcrumb"},"inLanguage":"fr-FR","potentialAction":[{"@type":"ReadAction","target":["https:\/\/www.missionslocalesnormandie.fr\/mission-locale-bocage-bessin\/minformer\/"]}]},{"@type":"BreadcrumbList","@id":"https:\/\/www.missionslocalesnormandie.fr\/mission-locale-bocage-bessin\/minformer\/#breadcrumb","itemListElement":[{"@type":"ListItem","position":1,"name":"Home","item":"https:\/\/www.missionslocalesnormandie.fr\/mission-locale-bocage-bessin\/"},{"@type":"ListItem","position":2,"name":"Dispositifs d&#8217;accompagnement"}]},{"@type":"WebSite","@id":"https:\/\/www.missionslocalesnormandie.fr\/mission-locale-bocage-bessin\/#website","url":"https:\/\/www.missionslocalesnormandie.fr\/mission-locale-bocage-bessin\/","name":"MISSION LOCALE DU BOCAGE AU BESSIN","description":"","potentialAction":[{"@type":"SearchAction","target":{"@type":"EntryPoint","urlTemplate":"https:\/\/www.missionslocalesnormandie.fr\/mission-locale-bocage-bessin\/?s={search_term_string}"},"query-input":"required name=search_term_string"}],"inLanguage":"fr-FR"}]}},"_links":{"self":[{"href":"https:\/\/www.missionslocalesnormandie.fr\/mission-locale-bocage-bessin\/wp-json\/wp\/v2\/pages\/151"}],"collection":[{"href":"https:\/\/www.missionslocalesnormandie.fr\/mission-locale-bocage-bessin\/wp-json\/wp\/v2\/pages"}],"about":[{"href":"https:\/\/www.missionslocalesnormandie.fr\/mission-locale-bocage-bessin\/wp-json\/wp\/v2\/types\/page"}],"author":[{"embeddable":true,"href":"https:\/\/www.missionslocalesnormandie.fr\/mission-locale-bocage-bessin\/wp-json\/wp\/v2\/users\/1"}],"replies":[{"embeddable":true,"href":"https:\/\/www.missionslocalesnormandie.fr\/mission-locale-bocage-bessin\/wp-json\/wp\/v2\/comments?post=151"}],"version-history":[{"count":68,"href":"https:\/\/www.missionslocalesnormandie.fr\/mission-locale-bocage-bessin\/wp-json\/wp\/v2\/pages\/151\/revisions"}],"predecessor-version":[{"id":1383,"href":"https:\/\/www.missionslocalesnormandie.fr\/mission-locale-bocage-bessin\/wp-json\/wp\/v2\/pages\/151\/revisions\/1383"}],"wp:attachment":[{"href":"https:\/\/www.missionslocalesnormandie.fr\/mission-locale-bocage-bessin\/wp-json\/wp\/v2\/media?parent=151"}],"curies":[{"name":"wp","href":"https:\/\/api.w.org\/{rel}","templated":true}]}}