{"id":167,"date":"2023-12-14T15:37:45","date_gmt":"2023-12-14T14:37:45","guid":{"rendered":"https:\/\/www.missionslocalesnormandie.fr\/mission-locale-bocage-bessin\/?page_id=167"},"modified":"2024-05-15T11:50:07","modified_gmt":"2024-05-15T09:50:07","slug":"travailler","status":"publish","type":"page","link":"https:\/\/www.missionslocalesnormandie.fr\/mission-locale-bocage-bessin\/travailler\/","title":{"rendered":"Service civique \/ Mobilit\u00e9 Internationale"},"content":{"rendered":"\t\t<div data-elementor-type=\"wp-page\" data-elementor-id=\"167\" class=\"elementor elementor-167\">\n\t\t\t\t<div class=\"elementor-element elementor-element-0015847 e-flex e-con-boxed e-con e-parent\" data-id=\"0015847\" data-element_type=\"container\">\n\t\t\t\t\t<div class=\"e-con-inner\">\n\t\t\t\t<div class=\"elementor-element elementor-element-629118a elementor-widget elementor-widget-block_intro\" data-id=\"629118a\" data-element_type=\"widget\" data-widget_type=\"block_intro.default\">\n\t\t\t\t<div class=\"elementor-widget-container\">\n\t\t\t    <div class=\"container\">\n        <div class=\"edito-intro\">\n            <p><span style=\"font-size: 18pt\"><strong><span style=\"color: #33cccc\"><span style=\"color: #993366\">Envie de t'engager, de vivre une exp\u00e9rience enrichissante en France ou \u00e0 l'\u00e9tranger ? <\/span><br \/><\/span><\/strong><\/span><\/p>\n        <\/div>\n    <\/div>\n\t\t<\/div>\n\t\t\t\t<\/div>\n\t\t\t\t\t<\/div>\n\t\t\t\t<\/div>\n\t\t<div class=\"elementor-element elementor-element-e97a2da e-flex e-con-boxed e-con e-parent\" data-id=\"e97a2da\" data-element_type=\"container\">\n\t\t\t\t\t<div class=\"e-con-inner\">\n\t\t<div class=\"elementor-element elementor-element-b1bae61 e-con-full e-flex e-con e-child\" data-id=\"b1bae61\" data-element_type=\"container\">\n\t\t\t\t<div class=\"elementor-element elementor-element-e9b5f62 elementor-widget__width-initial elementor-widget elementor-widget-block_simple_texte\" data-id=\"e9b5f62\" data-element_type=\"widget\" data-widget_type=\"block_simple_texte.default\">\n\t\t\t\t<div class=\"elementor-widget-container\">\n\t\t\t    <div class=\"container\">\n        <p>\u00a0<\/p><p>Un engagement volontaire d\u2019une dur\u00e9e de<strong> 6 \u00e0 9 mois<\/strong> et de <strong>24 h minimum par semaine<\/strong>.<\/p><p>L\u2019accueil d\u2019un jeune est r\u00e9serv\u00e9 aux structures qui \u0153uvrent \u00e0 l\u2019int\u00e9r\u00eat g\u00e9n\u00e9ral, parmi lesquelles :<\/p><ul style=\"list-style-type: disc\"><li>Organismes \u00e0 but non lucratif<\/li><li>Associations<\/li><li>Fondations<\/li><li>Collectivit\u00e9s territoriales<\/li><li>\u00c9tablissements publics<\/li><li>Services de l\u2019\u00c9tat<\/li><\/ul>\n    <\/div>\n\t\t<\/div>\n\t\t\t\t<\/div>\n\t\t\t\t<\/div>\n\t\t\t\t<div class=\"elementor-element elementor-element-2dcabc8 elementor-widget__width-initial elementor-widget elementor-widget-block_simple_visuel\" data-id=\"2dcabc8\" data-element_type=\"widget\" data-widget_type=\"block_simple_visuel.default\">\n\t\t\t\t<div class=\"elementor-widget-container\">\n\t\t\t    <div class=\"container\">\n        <figure>\n                        \n                                                            <a href=\"https:\/\/www.missionslocalesnormandie.fr\/content\/uploads\/sites\/13\/2024\/05\/Service-Civique-Man.png\">\n                    <img decoding=\"async\" src=\"https:\/\/www.missionslocalesnormandie.fr\/content\/uploads\/sites\/13\/2024\/05\/Service-Civique-Man-950x595-c-default.png\"\n                         alt=\"MISSION LOCALE DU BOCAGE AU BESSIN\"\/>\n                <\/a>\n            \n                    <\/figure>\n    <\/div>\n\t\t<\/div>\n\t\t\t\t<\/div>\n\t\t<div class=\"elementor-element elementor-element-9ac0e28 e-con-full e-flex e-con e-child\" data-id=\"9ac0e28\" data-element_type=\"container\">\n\t\t\t\t<div class=\"elementor-element elementor-element-69a5a0d elementor-widget__width-initial elementor-widget elementor-widget-block_simple_texte\" data-id=\"69a5a0d\" data-element_type=\"widget\" data-widget_type=\"block_simple_texte.default\">\n\t\t\t\t<div class=\"elementor-widget-container\">\n\t\t\t    <div class=\"container\">\n        <p><span style=\"text-decoration: underline\">7 domaines d'actions tr\u00e8s vari\u00e9s :<\/span><\/p><table style=\"width: 100%;height: 117px\"><tbody><tr style=\"height: 26px\"><td style=\"width: 45.283%;height: 26px\"><ul><li>Solidarit\u00e9<\/li><\/ul><\/td><td style=\"width: 52.2013%;height: 26px\"><ul><li>\u00c9ducation pour tous<\/li><\/ul><\/td><\/tr><tr style=\"height: 27px\"><td style=\"width: 45.283%;height: 27px\"><ul><li>Culture et loisirs<\/li><\/ul><\/td><td style=\"width: 52.2013%;height: 27px\"><ul><li>M\u00e9moire et citoyennet\u00e9<\/li><\/ul><\/td><\/tr><tr style=\"height: 41px\"><td style=\"width: 45.283%;height: 41px\"><ul><li>Sant\u00e9<\/li><\/ul><\/td><td style=\"width: 52.2013%;height: 41px\"><ul><li>Environnement<\/li><\/ul><\/td><\/tr><tr style=\"height: 23px\"><td style=\"width: 45.283%;height: 23px\"><ul><li>Soutien aux populations<\/li><\/ul><\/td><td style=\"width: 52.2013%;height: 23px\">\u00a0<\/td><\/tr><\/tbody><\/table>\n    <\/div>\n\t\t<\/div>\n\t\t\t\t<\/div>\n\t\t\t\t<\/div>\n\t\t<div class=\"elementor-element elementor-element-ed772e4 e-con-full e-flex e-con e-child\" data-id=\"ed772e4\" data-element_type=\"container\">\n\t\t\t\t<div class=\"elementor-element elementor-element-d1901ae elementor-widget elementor-widget-block_simple_texte\" data-id=\"d1901ae\" data-element_type=\"widget\" data-widget_type=\"block_simple_texte.default\">\n\t\t\t\t<div class=\"elementor-widget-container\">\n\t\t\t    <div class=\"container\">\n        <p>\u00a0<\/p><p>Chaque volontaire en Service Civique per\u00e7oit une indemnit\u00e9 mensuelle en \u00e9change du temps et de l\u2019\u00e9nergie d\u00e9ploy\u00e9s.<\/p><p>Pour en savoir plus : <a href=\"https:\/\/www.service-civique.gouv.fr\/\">SERVICE CIVIQUE<\/a><\/p>\n    <\/div>\n\t\t<\/div>\n\t\t\t\t<\/div>\n\t\t\t\t<\/div>\n\t\t\t\t\t<\/div>\n\t\t\t\t<\/div>\n\t\t<div class=\"elementor-element elementor-element-230473c e-flex e-con-boxed e-con e-parent\" data-id=\"230473c\" data-element_type=\"container\">\n\t\t\t\t\t<div class=\"e-con-inner\">\n\t\t<div class=\"elementor-element elementor-element-022c089 e-con-full e-flex e-con e-child\" data-id=\"022c089\" data-element_type=\"container\">\n\t\t\t\t<div class=\"elementor-element elementor-element-5c2682f elementor-widget elementor-widget-block_titre\" data-id=\"5c2682f\" data-element_type=\"widget\" data-widget_type=\"block_titre.default\">\n\t\t\t\t<div class=\"elementor-widget-container\">\n\t\t\t    <div class=\"container\">\n        <h2>\n            Mobilit\u00e9 Internationale\n        <\/h2>\n    <\/div>\n\t\t<\/div>\n\t\t\t\t<\/div>\n\t\t\t\t<div class=\"elementor-element elementor-element-a933c76 elementor-widget elementor-widget-block_simple_texte\" data-id=\"a933c76\" data-element_type=\"widget\" data-widget_type=\"block_simple_texte.default\">\n\t\t\t\t<div class=\"elementor-widget-container\">\n\t\t\t    <div class=\"container\">\n        <p style=\"text-align: justify\">La Mission Locale accompagne les jeunes qui souhaitent partir \u00e0 l\u2019\u00e9tranger dans la construction de leur projet de mobilit\u00e9 internationale (d\u00e9marches administratives, aides financi\u00e8res\u2026).<\/p><p style=\"text-align: justify\"><strong>Pourquoi partir \u00e0 l\u2019\u00e9tranger ?<\/strong><\/p><p style=\"text-align: justify\">T'ouvrir au monde, apprendre \u00e0 mieux te conna\u00eetre, gagner en confiance, d\u00e9velopper tes comp\u00e9tences et faire sortir ton CV du lot !<\/p><p style=\"text-align: justify\">La Mission Locale a \u00e0 c\u0153ur d\u2019accompagner les jeunes dans leurs projets de mobilit\u00e9 internationale pour ces raisons, quel que soit le projet : volontariat \u00e0 l\u2019international, stage, alternance, au pair, etc.<\/p><p style=\"text-align: justify\"><strong>Les dispositifs de mobilit\u00e9 internationale : <\/strong><\/p><ul style=\"text-align: justify\"><li><strong><span style=\"color: #993366\">Service Civique International<\/span><\/strong><\/li><li><strong><span style=\"color: #993366\">Erasmus + OUAT\u00a0<\/span><\/strong><\/li><\/ul><p style=\"text-align: justify\"><strong>\u00a0<\/strong><\/p>\n    <\/div>\n\t\t<\/div>\n\t\t\t\t<\/div>\n\t\t\t\t<\/div>\n\t\t<div class=\"elementor-element elementor-element-01b6e08 e-con-full e-flex e-con e-child\" data-id=\"01b6e08\" data-element_type=\"container\">\n\t\t\t\t<div class=\"elementor-element elementor-element-ab93ab1 elementor-widget elementor-widget-image\" data-id=\"ab93ab1\" data-element_type=\"widget\" data-widget_type=\"image.default\">\n\t\t\t\t<div class=\"elementor-widget-container\">\n\t\t\t\t\t\t\t\t\t\t\t\t\t<img fetchpriority=\"high\" decoding=\"async\" width=\"338\" height=\"263\" src=\"https:\/\/www.missionslocalesnormandie.fr\/content\/uploads\/sites\/13\/2024\/05\/erasmusouat-2.jpg\" class=\"attachment-large size-large wp-image-867\" alt=\"\" srcset=\"https:\/\/www.missionslocalesnormandie.fr\/content\/uploads\/sites\/13\/2024\/05\/erasmusouat-2.jpg 338w, https:\/\/www.missionslocalesnormandie.fr\/content\/uploads\/sites\/13\/2024\/05\/erasmusouat-2-300x233.jpg 300w\" sizes=\"(max-width: 338px) 100vw, 338px\" \/>\t\t\t\t\t\t\t\t\t\t\t\t\t<\/div>\n\t\t\t\t<\/div>\n\t\t\t\t<\/div>\n\t\t\t\t\t<\/div>\n\t\t\t\t<\/div>\n\t\t\t\t<\/div>\n\t\t","protected":false},"excerpt":{"rendered":"<p>Envie de t&#8217;engager, de vivre une exp\u00e9rience enrichissante en France ou \u00e0 l&#8217;\u00e9tranger ? \u00a0 Un engagement volontaire d\u2019une dur\u00e9e de 6 \u00e0 9 mois et de 24 h minimum par semaine. L\u2019accueil d\u2019un jeune est r\u00e9serv\u00e9 aux structures qui \u0153uvrent \u00e0 l\u2019int\u00e9r\u00eat g\u00e9n\u00e9ral, parmi lesquelles : Organismes \u00e0 but non lucratif Associations Fondations Collectivit\u00e9s [&hellip;]<\/p>\n","protected":false},"author":1,"featured_media":0,"parent":0,"menu_order":0,"comment_status":"closed","ping_status":"closed","template":"","meta":{"_acf_changed":false,"_crosspost_to_1":false,"_crosspost_to_2":false,"_crosspost_to_3":false,"_crosspost_to_4":false,"_crosspost_to_5":false,"_crosspost_to_6":false,"_crosspost_to_7":false,"_crosspost_to_8":false,"_crosspost_to_11":false,"_crosspost_to_12":false,"_crosspost_to_14":false,"_crosspost_to_15":false,"_crosspost_to_16":false,"inline_featured_image":false,"footnotes":""},"acf":[],"yoast_head":"<!-- This site is optimized with the Yoast SEO plugin v21.9.1 - https:\/\/yoast.com\/wordpress\/plugins\/seo\/ -->\n<title>Service civique \/ Mobilit\u00e9 Internationale - MISSION LOCALE DU BOCAGE AU BESSIN<\/title>\n<meta name=\"robots\" content=\"index, follow, max-snippet:-1, max-image-preview:large, max-video-preview:-1\" \/>\n<link rel=\"canonical\" href=\"https:\/\/www.missionslocalesnormandie.fr\/mission-locale-bocage-bessin\/travailler\/\" \/>\n<meta property=\"og:locale\" content=\"fr_FR\" \/>\n<meta property=\"og:type\" content=\"article\" \/>\n<meta property=\"og:title\" content=\"Service civique \/ Mobilit\u00e9 Internationale - MISSION LOCALE DU BOCAGE AU BESSIN\" \/>\n<meta property=\"og:description\" content=\"Envie de t&#8217;engager, de vivre une exp\u00e9rience enrichissante en France ou \u00e0 l&#8217;\u00e9tranger ? \u00a0 Un engagement volontaire d\u2019une dur\u00e9e de 6 \u00e0 9 mois et de 24 h minimum par semaine. L\u2019accueil d\u2019un jeune est r\u00e9serv\u00e9 aux structures qui \u0153uvrent \u00e0 l\u2019int\u00e9r\u00eat g\u00e9n\u00e9ral, parmi lesquelles : Organismes \u00e0 but non lucratif Associations Fondations Collectivit\u00e9s [&hellip;]\" \/>\n<meta property=\"og:url\" content=\"https:\/\/www.missionslocalesnormandie.fr\/mission-locale-bocage-bessin\/travailler\/\" \/>\n<meta property=\"og:site_name\" content=\"MISSION LOCALE DU BOCAGE AU BESSIN\" \/>\n<meta property=\"article:modified_time\" content=\"2024-05-15T09:50:07+00:00\" \/>\n<meta property=\"og:image\" content=\"https:\/\/www.missionslocalesnormandie.fr\/content\/uploads\/sites\/13\/2024\/05\/Service-Civique-Man-950x595-c-default.png\" \/>\n<meta name=\"twitter:card\" content=\"summary_large_image\" \/>\n<meta name=\"twitter:label1\" content=\"Dur\u00e9e de lecture estim\u00e9e\" \/>\n\t<meta name=\"twitter:data1\" content=\"2 minutes\" \/>\n<script type=\"application\/ld+json\" class=\"yoast-schema-graph\">{\"@context\":\"https:\/\/schema.org\",\"@graph\":[{\"@type\":\"WebPage\",\"@id\":\"https:\/\/www.missionslocalesnormandie.fr\/mission-locale-bocage-bessin\/travailler\/\",\"url\":\"https:\/\/www.missionslocalesnormandie.fr\/mission-locale-bocage-bessin\/travailler\/\",\"name\":\"Service civique \/ Mobilit\u00e9 Internationale - MISSION LOCALE DU BOCAGE AU BESSIN\",\"isPartOf\":{\"@id\":\"https:\/\/www.missionslocalesnormandie.fr\/mission-locale-bocage-bessin\/#website\"},\"datePublished\":\"2023-12-14T14:37:45+00:00\",\"dateModified\":\"2024-05-15T09:50:07+00:00\",\"breadcrumb\":{\"@id\":\"https:\/\/www.missionslocalesnormandie.fr\/mission-locale-bocage-bessin\/travailler\/#breadcrumb\"},\"inLanguage\":\"fr-FR\",\"potentialAction\":[{\"@type\":\"ReadAction\",\"target\":[\"https:\/\/www.missionslocalesnormandie.fr\/mission-locale-bocage-bessin\/travailler\/\"]}]},{\"@type\":\"BreadcrumbList\",\"@id\":\"https:\/\/www.missionslocalesnormandie.fr\/mission-locale-bocage-bessin\/travailler\/#breadcrumb\",\"itemListElement\":[{\"@type\":\"ListItem\",\"position\":1,\"name\":\"Home\",\"item\":\"https:\/\/www.missionslocalesnormandie.fr\/mission-locale-bocage-bessin\/\"},{\"@type\":\"ListItem\",\"position\":2,\"name\":\"Service civique \/ Mobilit\u00e9 Internationale\"}]},{\"@type\":\"WebSite\",\"@id\":\"https:\/\/www.missionslocalesnormandie.fr\/mission-locale-bocage-bessin\/#website\",\"url\":\"https:\/\/www.missionslocalesnormandie.fr\/mission-locale-bocage-bessin\/\",\"name\":\"MISSION LOCALE DU BOCAGE AU BESSIN\",\"description\":\"\",\"potentialAction\":[{\"@type\":\"SearchAction\",\"target\":{\"@type\":\"EntryPoint\",\"urlTemplate\":\"https:\/\/www.missionslocalesnormandie.fr\/mission-locale-bocage-bessin\/?s={search_term_string}\"},\"query-input\":\"required name=search_term_string\"}],\"inLanguage\":\"fr-FR\"}]}<\/script>\n<!-- \/ Yoast SEO plugin. -->","yoast_head_json":{"title":"Service civique \/ Mobilit\u00e9 Internationale - MISSION LOCALE DU BOCAGE AU BESSIN","robots":{"index":"index","follow":"follow","max-snippet":"max-snippet:-1","max-image-preview":"max-image-preview:large","max-video-preview":"max-video-preview:-1"},"canonical":"https:\/\/www.missionslocalesnormandie.fr\/mission-locale-bocage-bessin\/travailler\/","og_locale":"fr_FR","og_type":"article","og_title":"Service civique \/ Mobilit\u00e9 Internationale - MISSION LOCALE DU BOCAGE AU BESSIN","og_description":"Envie de t&#8217;engager, de vivre une exp\u00e9rience enrichissante en France ou \u00e0 l&#8217;\u00e9tranger ? \u00a0 Un engagement volontaire d\u2019une dur\u00e9e de 6 \u00e0 9 mois et de 24 h minimum par semaine. L\u2019accueil d\u2019un jeune est r\u00e9serv\u00e9 aux structures qui \u0153uvrent \u00e0 l\u2019int\u00e9r\u00eat g\u00e9n\u00e9ral, parmi lesquelles : Organismes \u00e0 but non lucratif Associations Fondations Collectivit\u00e9s [&hellip;]","og_url":"https:\/\/www.missionslocalesnormandie.fr\/mission-locale-bocage-bessin\/travailler\/","og_site_name":"MISSION LOCALE DU BOCAGE AU BESSIN","article_modified_time":"2024-05-15T09:50:07+00:00","og_image":[{"url":"https:\/\/www.missionslocalesnormandie.fr\/content\/uploads\/sites\/13\/2024\/05\/Service-Civique-Man-950x595-c-default.png"}],"twitter_card":"summary_large_image","twitter_misc":{"Dur\u00e9e de lecture estim\u00e9e":"2 minutes"},"schema":{"@context":"https:\/\/schema.org","@graph":[{"@type":"WebPage","@id":"https:\/\/www.missionslocalesnormandie.fr\/mission-locale-bocage-bessin\/travailler\/","url":"https:\/\/www.missionslocalesnormandie.fr\/mission-locale-bocage-bessin\/travailler\/","name":"Service civique \/ Mobilit\u00e9 Internationale - MISSION LOCALE DU BOCAGE AU BESSIN","isPartOf":{"@id":"https:\/\/www.missionslocalesnormandie.fr\/mission-locale-bocage-bessin\/#website"},"datePublished":"2023-12-14T14:37:45+00:00","dateModified":"2024-05-15T09:50:07+00:00","breadcrumb":{"@id":"https:\/\/www.missionslocalesnormandie.fr\/mission-locale-bocage-bessin\/travailler\/#breadcrumb"},"inLanguage":"fr-FR","potentialAction":[{"@type":"ReadAction","target":["https:\/\/www.missionslocalesnormandie.fr\/mission-locale-bocage-bessin\/travailler\/"]}]},{"@type":"BreadcrumbList","@id":"https:\/\/www.missionslocalesnormandie.fr\/mission-locale-bocage-bessin\/travailler\/#breadcrumb","itemListElement":[{"@type":"ListItem","position":1,"name":"Home","item":"https:\/\/www.missionslocalesnormandie.fr\/mission-locale-bocage-bessin\/"},{"@type":"ListItem","position":2,"name":"Service civique \/ Mobilit\u00e9 Internationale"}]},{"@type":"WebSite","@id":"https:\/\/www.missionslocalesnormandie.fr\/mission-locale-bocage-bessin\/#website","url":"https:\/\/www.missionslocalesnormandie.fr\/mission-locale-bocage-bessin\/","name":"MISSION LOCALE DU BOCAGE AU BESSIN","description":"","potentialAction":[{"@type":"SearchAction","target":{"@type":"EntryPoint","urlTemplate":"https:\/\/www.missionslocalesnormandie.fr\/mission-locale-bocage-bessin\/?s={search_term_string}"},"query-input":"required name=search_term_string"}],"inLanguage":"fr-FR"}]}},"_links":{"self":[{"href":"https:\/\/www.missionslocalesnormandie.fr\/mission-locale-bocage-bessin\/wp-json\/wp\/v2\/pages\/167"}],"collection":[{"href":"https:\/\/www.missionslocalesnormandie.fr\/mission-locale-bocage-bessin\/wp-json\/wp\/v2\/pages"}],"about":[{"href":"https:\/\/www.missionslocalesnormandie.fr\/mission-locale-bocage-bessin\/wp-json\/wp\/v2\/types\/page"}],"author":[{"embeddable":true,"href":"https:\/\/www.missionslocalesnormandie.fr\/mission-locale-bocage-bessin\/wp-json\/wp\/v2\/users\/1"}],"replies":[{"embeddable":true,"href":"https:\/\/www.missionslocalesnormandie.fr\/mission-locale-bocage-bessin\/wp-json\/wp\/v2\/comments?post=167"}],"version-history":[{"count":67,"href":"https:\/\/www.missionslocalesnormandie.fr\/mission-locale-bocage-bessin\/wp-json\/wp\/v2\/pages\/167\/revisions"}],"predecessor-version":[{"id":1243,"href":"https:\/\/www.missionslocalesnormandie.fr\/mission-locale-bocage-bessin\/wp-json\/wp\/v2\/pages\/167\/revisions\/1243"}],"wp:attachment":[{"href":"https:\/\/www.missionslocalesnormandie.fr\/mission-locale-bocage-bessin\/wp-json\/wp\/v2\/media?parent=167"}],"curies":[{"name":"wp","href":"https:\/\/api.w.org\/{rel}","templated":true}]}}