{"id":19,"date":"2023-12-14T14:49:32","date_gmt":"2023-12-14T13:49:32","guid":{"rendered":"https:\/\/www.missionslocalesnormandie.fr\/mission-locale-bocage-bessin\/?page_id=19"},"modified":"2024-05-15T11:53:06","modified_gmt":"2024-05-15T09:53:06","slug":"notre-territoire","status":"publish","type":"page","link":"https:\/\/www.missionslocalesnormandie.fr\/mission-locale-bocage-bessin\/notre-territoire\/","title":{"rendered":"Notre territoire"},"content":{"rendered":"\t\t<div data-elementor-type=\"wp-page\" data-elementor-id=\"19\" class=\"elementor elementor-19\">\n\t\t\t\t<div class=\"elementor-element elementor-element-9b7e39c e-flex e-con-boxed e-con e-parent\" data-id=\"9b7e39c\" data-element_type=\"container\">\n\t\t\t\t\t<div class=\"e-con-inner\">\n\t\t\t\t<div class=\"elementor-element elementor-element-679d1b4 elementor-widget elementor-widget-block_titre\" data-id=\"679d1b4\" data-element_type=\"widget\" data-widget_type=\"block_titre.default\">\n\t\t\t\t<div class=\"elementor-widget-container\">\n\t\t\t    <div class=\"container\">\n        <h2>\n            3 antennes et 10 permanences \u00e0 ta disposition\n        <\/h2>\n    <\/div>\n\t\t<\/div>\n\t\t\t\t<\/div>\n\t\t\t\t<div class=\"elementor-element elementor-element-000d661 elementor-widget elementor-widget-block_simple_texte\" data-id=\"000d661\" data-element_type=\"widget\" data-widget_type=\"block_simple_texte.default\">\n\t\t\t\t<div class=\"elementor-widget-container\">\n\t\t\t    <div class=\"container\">\n        <p><span style=\"font-weight: 400;color: #000000\">La Mission Locale couvre 139 communes r\u00e9parties sur l'ensemble du territoire du Bocage au Bessin. <\/span><\/p><p><span style=\"font-weight: 400;color: #000000\">D\u00e9couvre de quelle antenne tu d\u00e9pends en nous contactant directement :<\/span><\/p><ul><li><span style=\"font-weight: 400;color: #000000\">\u00a0sur l'antenne de Vire Normandie au 02-31-66-32-32 <\/span><\/li><li><span style=\"font-weight: 400;color: #000000\">sur l'antenne de Bayeux au 02-31-92-60-55<\/span><\/li><li>sur l'antenne de Cond\u00e9 en Normandie au 02-31-69-02-78<\/li><\/ul><p>Quel que soit le num\u00e9ro que tu composes nous te r\u00e9orienterons vers le site le plus proche de chez toi.<\/p><p><span style=\"font-size: 14pt;color: #000000\"><strong>\u00a0<\/strong><\/span><\/p><p><u><b>R\u00f4le et missions <\/b><\/u><\/p><p>La Mission Locale propose un espace d\u2019intervention au service des jeunes \u00e2g\u00e9s de 16 \u00e0 25 ans ayant termin\u00e9 leur cursus scolaire.<\/p><p><u>Notre r\u00f4le <\/u>: Accompagner, orienter, informer nos publics afin de les engager dans une d\u00e9marche d\u2019insertion sociale et professionnelle.<\/p><p>Chaque jeune accueilli b\u00e9n\u00e9ficie d\u2019un r\u00e9f\u00e9rent unique et d\u2019un suivi personnalis\u00e9 dans le cadre de ses d\u00e9marches.<\/p><p>Si notre objectif vise en priorit\u00e9 l\u2019acc\u00e8s \u00e0 l\u2019emploi des jeunes, il s\u2019agit surtout pour nous d\u2019aider les jeunes \u00e0 devenir autonomes dans l\u2019ensemble de leurs d\u00e9marches sociales et professionnelles.\u00a0\u00a0<\/p><p>Pour cela un conseiller pourra r\u00e9pondre aux questions que tu te poses sur l'emploi, la formation mais aussi sur la mobilit\u00e9, la sant\u00e9, le logement, la formation, l'acc\u00e8s au sport et aux activit\u00e9s culturelles.<\/p>\n    <\/div>\n\t\t<\/div>\n\t\t\t\t<\/div>\n\t\t\t\t\t<\/div>\n\t\t\t\t<\/div>\n\t\t\t\t<\/div>\n\t\t","protected":false},"excerpt":{"rendered":"<p>3 antennes et 10 permanences \u00e0 ta disposition La Mission Locale couvre 139 communes r\u00e9parties sur l&#8217;ensemble du territoire du Bocage au Bessin. D\u00e9couvre de quelle antenne tu d\u00e9pends en nous contactant directement : \u00a0sur l&#8217;antenne de Vire Normandie au 02-31-66-32-32 sur l&#8217;antenne de Bayeux au 02-31-92-60-55 sur l&#8217;antenne de Cond\u00e9 en Normandie au 02-31-69-02-78 [&hellip;]<\/p>\n","protected":false},"author":1,"featured_media":0,"parent":0,"menu_order":0,"comment_status":"closed","ping_status":"closed","template":"","meta":{"_acf_changed":false,"_crosspost_to_1":false,"_crosspost_to_2":false,"_crosspost_to_3":false,"_crosspost_to_4":false,"_crosspost_to_5":false,"_crosspost_to_6":false,"_crosspost_to_7":false,"_crosspost_to_8":false,"_crosspost_to_11":false,"_crosspost_to_12":false,"_crosspost_to_14":false,"_crosspost_to_15":false,"_crosspost_to_16":false,"inline_featured_image":false,"footnotes":""},"acf":[],"yoast_head":"<!-- This site is optimized with the Yoast SEO plugin v21.9.1 - https:\/\/yoast.com\/wordpress\/plugins\/seo\/ -->\n<title>Notre territoire - MISSION LOCALE DU BOCAGE AU BESSIN<\/title>\n<meta name=\"robots\" content=\"index, follow, max-snippet:-1, max-image-preview:large, max-video-preview:-1\" \/>\n<link rel=\"canonical\" href=\"https:\/\/www.missionslocalesnormandie.fr\/mission-locale-bocage-bessin\/notre-territoire\/\" \/>\n<meta property=\"og:locale\" content=\"fr_FR\" \/>\n<meta property=\"og:type\" content=\"article\" \/>\n<meta property=\"og:title\" content=\"Notre territoire - MISSION LOCALE DU BOCAGE AU BESSIN\" \/>\n<meta property=\"og:description\" content=\"3 antennes et 10 permanences \u00e0 ta disposition La Mission Locale couvre 139 communes r\u00e9parties sur l&#8217;ensemble du territoire du Bocage au Bessin. D\u00e9couvre de quelle antenne tu d\u00e9pends en nous contactant directement : \u00a0sur l&#8217;antenne de Vire Normandie au 02-31-66-32-32 sur l&#8217;antenne de Bayeux au 02-31-92-60-55 sur l&#8217;antenne de Cond\u00e9 en Normandie au 02-31-69-02-78 [&hellip;]\" \/>\n<meta property=\"og:url\" content=\"https:\/\/www.missionslocalesnormandie.fr\/mission-locale-bocage-bessin\/notre-territoire\/\" \/>\n<meta property=\"og:site_name\" content=\"MISSION LOCALE DU BOCAGE AU BESSIN\" \/>\n<meta property=\"article:modified_time\" content=\"2024-05-15T09:53:06+00:00\" \/>\n<meta name=\"twitter:card\" content=\"summary_large_image\" \/>\n<meta name=\"twitter:label1\" content=\"Dur\u00e9e de lecture estim\u00e9e\" \/>\n\t<meta name=\"twitter:data1\" content=\"2 minutes\" \/>\n<script type=\"application\/ld+json\" class=\"yoast-schema-graph\">{\"@context\":\"https:\/\/schema.org\",\"@graph\":[{\"@type\":\"WebPage\",\"@id\":\"https:\/\/www.missionslocalesnormandie.fr\/mission-locale-bocage-bessin\/notre-territoire\/\",\"url\":\"https:\/\/www.missionslocalesnormandie.fr\/mission-locale-bocage-bessin\/notre-territoire\/\",\"name\":\"Notre territoire - MISSION LOCALE DU BOCAGE AU BESSIN\",\"isPartOf\":{\"@id\":\"https:\/\/www.missionslocalesnormandie.fr\/mission-locale-bocage-bessin\/#website\"},\"datePublished\":\"2023-12-14T13:49:32+00:00\",\"dateModified\":\"2024-05-15T09:53:06+00:00\",\"breadcrumb\":{\"@id\":\"https:\/\/www.missionslocalesnormandie.fr\/mission-locale-bocage-bessin\/notre-territoire\/#breadcrumb\"},\"inLanguage\":\"fr-FR\",\"potentialAction\":[{\"@type\":\"ReadAction\",\"target\":[\"https:\/\/www.missionslocalesnormandie.fr\/mission-locale-bocage-bessin\/notre-territoire\/\"]}]},{\"@type\":\"BreadcrumbList\",\"@id\":\"https:\/\/www.missionslocalesnormandie.fr\/mission-locale-bocage-bessin\/notre-territoire\/#breadcrumb\",\"itemListElement\":[{\"@type\":\"ListItem\",\"position\":1,\"name\":\"Home\",\"item\":\"https:\/\/www.missionslocalesnormandie.fr\/mission-locale-bocage-bessin\/\"},{\"@type\":\"ListItem\",\"position\":2,\"name\":\"Notre territoire\"}]},{\"@type\":\"WebSite\",\"@id\":\"https:\/\/www.missionslocalesnormandie.fr\/mission-locale-bocage-bessin\/#website\",\"url\":\"https:\/\/www.missionslocalesnormandie.fr\/mission-locale-bocage-bessin\/\",\"name\":\"MISSION LOCALE DU BOCAGE AU BESSIN\",\"description\":\"\",\"potentialAction\":[{\"@type\":\"SearchAction\",\"target\":{\"@type\":\"EntryPoint\",\"urlTemplate\":\"https:\/\/www.missionslocalesnormandie.fr\/mission-locale-bocage-bessin\/?s={search_term_string}\"},\"query-input\":\"required name=search_term_string\"}],\"inLanguage\":\"fr-FR\"}]}<\/script>\n<!-- \/ Yoast SEO plugin. -->","yoast_head_json":{"title":"Notre territoire - MISSION LOCALE DU BOCAGE AU BESSIN","robots":{"index":"index","follow":"follow","max-snippet":"max-snippet:-1","max-image-preview":"max-image-preview:large","max-video-preview":"max-video-preview:-1"},"canonical":"https:\/\/www.missionslocalesnormandie.fr\/mission-locale-bocage-bessin\/notre-territoire\/","og_locale":"fr_FR","og_type":"article","og_title":"Notre territoire - MISSION LOCALE DU BOCAGE AU BESSIN","og_description":"3 antennes et 10 permanences \u00e0 ta disposition La Mission Locale couvre 139 communes r\u00e9parties sur l&#8217;ensemble du territoire du Bocage au Bessin. D\u00e9couvre de quelle antenne tu d\u00e9pends en nous contactant directement : \u00a0sur l&#8217;antenne de Vire Normandie au 02-31-66-32-32 sur l&#8217;antenne de Bayeux au 02-31-92-60-55 sur l&#8217;antenne de Cond\u00e9 en Normandie au 02-31-69-02-78 [&hellip;]","og_url":"https:\/\/www.missionslocalesnormandie.fr\/mission-locale-bocage-bessin\/notre-territoire\/","og_site_name":"MISSION LOCALE DU BOCAGE AU BESSIN","article_modified_time":"2024-05-15T09:53:06+00:00","twitter_card":"summary_large_image","twitter_misc":{"Dur\u00e9e de lecture estim\u00e9e":"2 minutes"},"schema":{"@context":"https:\/\/schema.org","@graph":[{"@type":"WebPage","@id":"https:\/\/www.missionslocalesnormandie.fr\/mission-locale-bocage-bessin\/notre-territoire\/","url":"https:\/\/www.missionslocalesnormandie.fr\/mission-locale-bocage-bessin\/notre-territoire\/","name":"Notre territoire - MISSION LOCALE DU BOCAGE AU BESSIN","isPartOf":{"@id":"https:\/\/www.missionslocalesnormandie.fr\/mission-locale-bocage-bessin\/#website"},"datePublished":"2023-12-14T13:49:32+00:00","dateModified":"2024-05-15T09:53:06+00:00","breadcrumb":{"@id":"https:\/\/www.missionslocalesnormandie.fr\/mission-locale-bocage-bessin\/notre-territoire\/#breadcrumb"},"inLanguage":"fr-FR","potentialAction":[{"@type":"ReadAction","target":["https:\/\/www.missionslocalesnormandie.fr\/mission-locale-bocage-bessin\/notre-territoire\/"]}]},{"@type":"BreadcrumbList","@id":"https:\/\/www.missionslocalesnormandie.fr\/mission-locale-bocage-bessin\/notre-territoire\/#breadcrumb","itemListElement":[{"@type":"ListItem","position":1,"name":"Home","item":"https:\/\/www.missionslocalesnormandie.fr\/mission-locale-bocage-bessin\/"},{"@type":"ListItem","position":2,"name":"Notre territoire"}]},{"@type":"WebSite","@id":"https:\/\/www.missionslocalesnormandie.fr\/mission-locale-bocage-bessin\/#website","url":"https:\/\/www.missionslocalesnormandie.fr\/mission-locale-bocage-bessin\/","name":"MISSION LOCALE DU BOCAGE AU BESSIN","description":"","potentialAction":[{"@type":"SearchAction","target":{"@type":"EntryPoint","urlTemplate":"https:\/\/www.missionslocalesnormandie.fr\/mission-locale-bocage-bessin\/?s={search_term_string}"},"query-input":"required name=search_term_string"}],"inLanguage":"fr-FR"}]}},"_links":{"self":[{"href":"https:\/\/www.missionslocalesnormandie.fr\/mission-locale-bocage-bessin\/wp-json\/wp\/v2\/pages\/19"}],"collection":[{"href":"https:\/\/www.missionslocalesnormandie.fr\/mission-locale-bocage-bessin\/wp-json\/wp\/v2\/pages"}],"about":[{"href":"https:\/\/www.missionslocalesnormandie.fr\/mission-locale-bocage-bessin\/wp-json\/wp\/v2\/types\/page"}],"author":[{"embeddable":true,"href":"https:\/\/www.missionslocalesnormandie.fr\/mission-locale-bocage-bessin\/wp-json\/wp\/v2\/users\/1"}],"replies":[{"embeddable":true,"href":"https:\/\/www.missionslocalesnormandie.fr\/mission-locale-bocage-bessin\/wp-json\/wp\/v2\/comments?post=19"}],"version-history":[{"count":21,"href":"https:\/\/www.missionslocalesnormandie.fr\/mission-locale-bocage-bessin\/wp-json\/wp\/v2\/pages\/19\/revisions"}],"predecessor-version":[{"id":1247,"href":"https:\/\/www.missionslocalesnormandie.fr\/mission-locale-bocage-bessin\/wp-json\/wp\/v2\/pages\/19\/revisions\/1247"}],"wp:attachment":[{"href":"https:\/\/www.missionslocalesnormandie.fr\/mission-locale-bocage-bessin\/wp-json\/wp\/v2\/media?parent=19"}],"curies":[{"name":"wp","href":"https:\/\/api.w.org\/{rel}","templated":true}]}}