{"id":247,"date":"2023-12-15T09:08:27","date_gmt":"2023-12-15T08:08:27","guid":{"rendered":"https:\/\/www.missionslocalesnormandie.fr\/mission-locale-bocage-bessin\/?page_id=247"},"modified":"2024-05-14T15:21:53","modified_gmt":"2024-05-14T13:21:53","slug":"un-soutien","status":"publish","type":"page","link":"https:\/\/www.missionslocalesnormandie.fr\/mission-locale-bocage-bessin\/un-soutien\/","title":{"rendered":"Aides \u00e0 la vie quotidienne"},"content":{"rendered":"\t\t<div data-elementor-type=\"wp-page\" data-elementor-id=\"247\" class=\"elementor elementor-247\">\n\t\t\t\t<div class=\"elementor-element elementor-element-54e018d e-flex e-con-boxed e-con e-parent\" data-id=\"54e018d\" data-element_type=\"container\">\n\t\t\t\t\t<div class=\"e-con-inner\">\n\t\t\t\t<div class=\"elementor-element elementor-element-0de5660 elementor-widget elementor-widget-block_titre\" data-id=\"0de5660\" data-element_type=\"widget\" data-widget_type=\"block_titre.default\">\n\t\t\t\t<div class=\"elementor-widget-container\">\n\t\t\t    <div class=\"container\">\n        <h3>\n            AIDES A LA VIE QUOTIDIENNE\n        <\/h3>\n    <\/div>\n\t\t<\/div>\n\t\t\t\t<\/div>\n\t\t\t\t\t<\/div>\n\t\t\t\t<\/div>\n\t\t<div class=\"elementor-element elementor-element-370e3ae e-flex e-con-boxed e-con e-parent\" data-id=\"370e3ae\" data-element_type=\"container\">\n\t\t\t\t\t<div class=\"e-con-inner\">\n\t\t\t\t<div class=\"elementor-element elementor-element-d0d1788 elementor-widget elementor-widget-block_simple_visuel\" data-id=\"d0d1788\" data-element_type=\"widget\" data-widget_type=\"block_simple_visuel.default\">\n\t\t\t\t<div class=\"elementor-widget-container\">\n\t\t\t    <div class=\"container\">\n        <figure>\n                        \n                                                            <a href=\"https:\/\/www.missionslocalesnormandie.fr\/content\/uploads\/sites\/13\/2024\/05\/Jeune-2.jpg\">\n                    <img decoding=\"async\" src=\"https:\/\/www.missionslocalesnormandie.fr\/content\/uploads\/sites\/13\/2024\/05\/Jeune-2-950x595-c-default.jpg\"\n                         alt=\"MISSION LOCALE DU BOCAGE AU BESSIN\"\/>\n                <\/a>\n            \n                    <\/figure>\n    <\/div>\n\t\t<\/div>\n\t\t\t\t<\/div>\n\t\t\t\t<div class=\"elementor-element elementor-element-1eaa7ed elementor-widget elementor-widget-block_simple_visuel\" data-id=\"1eaa7ed\" data-element_type=\"widget\" data-widget_type=\"block_simple_visuel.default\">\n\t\t\t\t<div class=\"elementor-widget-container\">\n\t\t\t    <div class=\"container\">\n        <figure>\n                        \n                                                            <a href=\"https:\/\/www.missionslocalesnormandie.fr\/content\/uploads\/sites\/13\/2024\/05\/Jeune-675x425-c-default.jpg\">\n                    <img decoding=\"async\" src=\"https:\/\/www.missionslocalesnormandie.fr\/content\/uploads\/sites\/13\/2024\/05\/Jeune-675x425-c-default-950x595-c-default.jpg\"\n                         alt=\"MISSION LOCALE DU BOCAGE AU BESSIN\"\/>\n                <\/a>\n            \n                    <\/figure>\n    <\/div>\n\t\t<\/div>\n\t\t\t\t<\/div>\n\t\t\t\t\t<\/div>\n\t\t\t\t<\/div>\n\t\t<div class=\"elementor-element elementor-element-5a047cf e-flex e-con-boxed e-con e-parent\" data-id=\"5a047cf\" data-element_type=\"container\">\n\t\t\t\t\t<div class=\"e-con-inner\">\n\t\t<div class=\"elementor-element elementor-element-a572ee3 e-con-full e-flex e-con e-child\" data-id=\"a572ee3\" data-element_type=\"container\">\n\t\t\t\t<div class=\"elementor-element elementor-element-de12ba2 elementor-widget elementor-widget-block_titre\" data-id=\"de12ba2\" data-element_type=\"widget\" data-widget_type=\"block_titre.default\">\n\t\t\t\t<div class=\"elementor-widget-container\">\n\t\t\t    <div class=\"container\">\n        <h2>\n            Sant\u00e9\n        <\/h2>\n    <\/div>\n\t\t<\/div>\n\t\t\t\t<\/div>\n\t\t\t\t<\/div>\n\t\t<div class=\"elementor-element elementor-element-a6c266e e-con-full e-flex e-con e-child\" data-id=\"a6c266e\" data-element_type=\"container\">\n\t\t\t\t<div class=\"elementor-element elementor-element-5f93183 elementor-widget elementor-widget-block_simple_texte\" data-id=\"5f93183\" data-element_type=\"widget\" data-widget_type=\"block_simple_texte.default\">\n\t\t\t\t<div class=\"elementor-widget-container\">\n\t\t\t    <div class=\"container\">\n        <p>Aide \u00e0 l\u2019acc\u00e8s aux soins, s\u00e9curit\u00e9 sociale, mutuelle, CMU, \u2026<\/p>\n    <\/div>\n\t\t<\/div>\n\t\t\t\t<\/div>\n\t\t\t\t<\/div>\n\t\t\t\t\t<\/div>\n\t\t\t\t<\/div>\n\t\t<div class=\"elementor-element elementor-element-f05ae74 e-flex e-con-boxed e-con e-parent\" data-id=\"f05ae74\" data-element_type=\"container\">\n\t\t\t\t\t<div class=\"e-con-inner\">\n\t\t<div class=\"elementor-element elementor-element-67f292b e-con-full e-flex e-con e-child\" data-id=\"67f292b\" data-element_type=\"container\">\n\t\t\t\t<div class=\"elementor-element elementor-element-49d0f9b elementor-widget elementor-widget-block_titre\" data-id=\"49d0f9b\" data-element_type=\"widget\" data-widget_type=\"block_titre.default\">\n\t\t\t\t<div class=\"elementor-widget-container\">\n\t\t\t    <div class=\"container\">\n        <h2>\n            Logement\n        <\/h2>\n    <\/div>\n\t\t<\/div>\n\t\t\t\t<\/div>\n\t\t\t\t<\/div>\n\t\t<div class=\"elementor-element elementor-element-019b602 e-con-full e-flex e-con e-child\" data-id=\"019b602\" data-element_type=\"container\">\n\t\t\t\t<div class=\"elementor-element elementor-element-84ccdc9 elementor-widget elementor-widget-block_simple_texte\" data-id=\"84ccdc9\" data-element_type=\"widget\" data-widget_type=\"block_simple_texte.default\">\n\t\t\t\t<div class=\"elementor-widget-container\">\n\t\t\t    <div class=\"container\">\n        <p>Aide \u00e0 la recherche d\u2019un logement ou d\u2019un h\u00e9bergement d\u2019urgence, conseil sur la gestion du budget.<\/p><p>Sur l\u2019antenne de Vire vous pouvez b\u00e9n\u00e9ficier des services du <a href=\"http:\/\/cllaj-vire-normandie.fr\/\"><strong>CLLAJ<\/strong> <\/a><\/p>\n    <\/div>\n\t\t<\/div>\n\t\t\t\t<\/div>\n\t\t\t\t<\/div>\n\t\t\t\t\t<\/div>\n\t\t\t\t<\/div>\n\t\t<div class=\"elementor-element elementor-element-a59745d e-flex e-con-boxed e-con e-parent\" data-id=\"a59745d\" data-element_type=\"container\">\n\t\t\t\t\t<div class=\"e-con-inner\">\n\t\t<div class=\"elementor-element elementor-element-6755fad e-con-full e-flex e-con e-child\" data-id=\"6755fad\" data-element_type=\"container\">\n\t\t\t\t<div class=\"elementor-element elementor-element-8019a29 elementor-widget elementor-widget-block_titre\" data-id=\"8019a29\" data-element_type=\"widget\" data-widget_type=\"block_titre.default\">\n\t\t\t\t<div class=\"elementor-widget-container\">\n\t\t\t    <div class=\"container\">\n        <h2>\n            Mobilit\u00e9\n        <\/h2>\n    <\/div>\n\t\t<\/div>\n\t\t\t\t<\/div>\n\t\t\t\t<\/div>\n\t\t<div class=\"elementor-element elementor-element-9212095 e-con-full e-flex e-con e-child\" data-id=\"9212095\" data-element_type=\"container\">\n\t\t\t\t<div class=\"elementor-element elementor-element-51e5d72 elementor-widget elementor-widget-block_simple_texte\" data-id=\"51e5d72\" data-element_type=\"widget\" data-widget_type=\"block_simple_texte.default\">\n\t\t\t\t<div class=\"elementor-widget-container\">\n\t\t\t    <div class=\"container\">\n        <p>La mobilit\u00e9 peut \u00eatre un frein vers l\u2019autonomie et l\u2019emploi. C\u2019est la raison pour laquelle nous te proposons plusieurs actions :<\/p><ul><li>Atelier code de la route<\/li><li>Simulateur de conduite<\/li><li>Action de sensibilisation \u00e0 la s\u00e9curit\u00e9 routi\u00e8re<\/li><\/ul>\n    <\/div>\n\t\t<\/div>\n\t\t\t\t<\/div>\n\t\t\t\t<\/div>\n\t\t\t\t\t<\/div>\n\t\t\t\t<\/div>\n\t\t<div class=\"elementor-element elementor-element-8f81f5e e-flex e-con-boxed e-con e-parent\" data-id=\"8f81f5e\" data-element_type=\"container\">\n\t\t\t\t\t<div class=\"e-con-inner\">\n\t\t<div class=\"elementor-element elementor-element-b4bb934 e-con-full e-flex e-con e-child\" data-id=\"b4bb934\" data-element_type=\"container\">\n\t\t\t\t<div class=\"elementor-element elementor-element-e602123 elementor-widget elementor-widget-block_titre\" data-id=\"e602123\" data-element_type=\"widget\" data-widget_type=\"block_titre.default\">\n\t\t\t\t<div class=\"elementor-widget-container\">\n\t\t\t    <div class=\"container\">\n        <h2>\n            Acc\u00e8s aux droits\n        <\/h2>\n    <\/div>\n\t\t<\/div>\n\t\t\t\t<\/div>\n\t\t\t\t<\/div>\n\t\t<div class=\"elementor-element elementor-element-2d1484c e-con-full e-flex e-con e-child\" data-id=\"2d1484c\" data-element_type=\"container\">\n\t\t\t\t<div class=\"elementor-element elementor-element-8bd02a0 elementor-widget elementor-widget-block_simple_texte\" data-id=\"8bd02a0\" data-element_type=\"widget\" data-widget_type=\"block_simple_texte.default\">\n\t\t\t\t<div class=\"elementor-widget-container\">\n\t\t\t    <div class=\"container\">\n        <p>Aide \u00e0 conna\u00eetre vos droits et vos devoirs, \u00e0 r\u00e9gulariser une situation administrative\u2026\u00a0<\/p>\n    <\/div>\n\t\t<\/div>\n\t\t\t\t<\/div>\n\t\t\t\t<\/div>\n\t\t\t\t\t<\/div>\n\t\t\t\t<\/div>\n\t\t<div class=\"elementor-element elementor-element-9ef82b3 e-flex e-con-boxed e-con e-parent\" data-id=\"9ef82b3\" data-element_type=\"container\">\n\t\t\t\t\t<div class=\"e-con-inner\">\n\t\t<div class=\"elementor-element elementor-element-c083814 e-con-full e-flex e-con e-child\" data-id=\"c083814\" data-element_type=\"container\">\n\t\t\t\t<div class=\"elementor-element elementor-element-697a1f6 elementor-widget elementor-widget-block_titre\" data-id=\"697a1f6\" data-element_type=\"widget\" data-widget_type=\"block_titre.default\">\n\t\t\t\t<div class=\"elementor-widget-container\">\n\t\t\t    <div class=\"container\">\n        <h2>\n            Culture et Loisirs\n        <\/h2>\n    <\/div>\n\t\t<\/div>\n\t\t\t\t<\/div>\n\t\t\t\t<\/div>\n\t\t<div class=\"elementor-element elementor-element-894eac4 e-con-full e-flex e-con e-child\" data-id=\"894eac4\" data-element_type=\"container\">\n\t\t\t\t<div class=\"elementor-element elementor-element-b92629b elementor-widget elementor-widget-block_simple_texte\" data-id=\"b92629b\" data-element_type=\"widget\" data-widget_type=\"block_simple_texte.default\">\n\t\t\t\t<div class=\"elementor-widget-container\">\n\t\t\t    <div class=\"container\">\n        <p>Initiation \u00e0 diff\u00e9rents sports, participation \u00e0 des activit\u00e9s culturelles, ateliers \"bien dans sa t\u00eate\" \u2026<\/p>\n    <\/div>\n\t\t<\/div>\n\t\t\t\t<\/div>\n\t\t\t\t<\/div>\n\t\t\t\t\t<\/div>\n\t\t\t\t<\/div>\n\t\t\t\t<\/div>\n\t\t","protected":false},"excerpt":{"rendered":"<p>AIDES A LA VIE QUOTIDIENNE Sant\u00e9 Aide \u00e0 l\u2019acc\u00e8s aux soins, s\u00e9curit\u00e9 sociale, mutuelle, CMU, \u2026 Logement Aide \u00e0 la recherche d\u2019un logement ou d\u2019un h\u00e9bergement d\u2019urgence, conseil sur la gestion du budget. Sur l\u2019antenne de Vire vous pouvez b\u00e9n\u00e9ficier des services du CLLAJ Mobilit\u00e9 La mobilit\u00e9 peut \u00eatre un frein vers l\u2019autonomie et l\u2019emploi. [&hellip;]<\/p>\n","protected":false},"author":1,"featured_media":0,"parent":0,"menu_order":0,"comment_status":"closed","ping_status":"closed","template":"","meta":{"_acf_changed":false,"_crosspost_to_1":false,"_crosspost_to_2":false,"_crosspost_to_3":false,"_crosspost_to_4":false,"_crosspost_to_5":false,"_crosspost_to_6":false,"_crosspost_to_7":false,"_crosspost_to_8":false,"_crosspost_to_11":false,"_crosspost_to_12":false,"_crosspost_to_14":false,"_crosspost_to_15":false,"_crosspost_to_16":false,"inline_featured_image":false,"footnotes":""},"acf":[],"yoast_head":"<!-- This site is optimized with the Yoast SEO plugin v21.9.1 - https:\/\/yoast.com\/wordpress\/plugins\/seo\/ -->\n<title>Aides \u00e0 la vie quotidienne - MISSION LOCALE DU BOCAGE AU BESSIN<\/title>\n<meta name=\"robots\" content=\"index, follow, max-snippet:-1, max-image-preview:large, max-video-preview:-1\" \/>\n<link rel=\"canonical\" href=\"https:\/\/www.missionslocalesnormandie.fr\/mission-locale-bocage-bessin\/un-soutien\/\" \/>\n<meta property=\"og:locale\" content=\"fr_FR\" \/>\n<meta property=\"og:type\" content=\"article\" \/>\n<meta property=\"og:title\" content=\"Aides \u00e0 la vie quotidienne - MISSION LOCALE DU BOCAGE AU BESSIN\" \/>\n<meta property=\"og:description\" content=\"AIDES A LA VIE QUOTIDIENNE Sant\u00e9 Aide \u00e0 l\u2019acc\u00e8s aux soins, s\u00e9curit\u00e9 sociale, mutuelle, CMU, \u2026 Logement Aide \u00e0 la recherche d\u2019un logement ou d\u2019un h\u00e9bergement d\u2019urgence, conseil sur la gestion du budget. Sur l\u2019antenne de Vire vous pouvez b\u00e9n\u00e9ficier des services du CLLAJ Mobilit\u00e9 La mobilit\u00e9 peut \u00eatre un frein vers l\u2019autonomie et l\u2019emploi. [&hellip;]\" \/>\n<meta property=\"og:url\" content=\"https:\/\/www.missionslocalesnormandie.fr\/mission-locale-bocage-bessin\/un-soutien\/\" \/>\n<meta property=\"og:site_name\" content=\"MISSION LOCALE DU BOCAGE AU BESSIN\" \/>\n<meta property=\"article:modified_time\" content=\"2024-05-14T13:21:53+00:00\" \/>\n<meta property=\"og:image\" content=\"https:\/\/www.missionslocalesnormandie.fr\/content\/uploads\/sites\/13\/2024\/05\/Jeune-2-950x595-c-default.jpg\" \/>\n<meta name=\"twitter:card\" content=\"summary_large_image\" \/>\n<meta name=\"twitter:label1\" content=\"Dur\u00e9e de lecture estim\u00e9e\" \/>\n\t<meta name=\"twitter:data1\" content=\"1 minute\" \/>\n<script type=\"application\/ld+json\" class=\"yoast-schema-graph\">{\"@context\":\"https:\/\/schema.org\",\"@graph\":[{\"@type\":\"WebPage\",\"@id\":\"https:\/\/www.missionslocalesnormandie.fr\/mission-locale-bocage-bessin\/un-soutien\/\",\"url\":\"https:\/\/www.missionslocalesnormandie.fr\/mission-locale-bocage-bessin\/un-soutien\/\",\"name\":\"Aides \u00e0 la vie quotidienne - MISSION LOCALE DU BOCAGE AU BESSIN\",\"isPartOf\":{\"@id\":\"https:\/\/www.missionslocalesnormandie.fr\/mission-locale-bocage-bessin\/#website\"},\"datePublished\":\"2023-12-15T08:08:27+00:00\",\"dateModified\":\"2024-05-14T13:21:53+00:00\",\"breadcrumb\":{\"@id\":\"https:\/\/www.missionslocalesnormandie.fr\/mission-locale-bocage-bessin\/un-soutien\/#breadcrumb\"},\"inLanguage\":\"fr-FR\",\"potentialAction\":[{\"@type\":\"ReadAction\",\"target\":[\"https:\/\/www.missionslocalesnormandie.fr\/mission-locale-bocage-bessin\/un-soutien\/\"]}]},{\"@type\":\"BreadcrumbList\",\"@id\":\"https:\/\/www.missionslocalesnormandie.fr\/mission-locale-bocage-bessin\/un-soutien\/#breadcrumb\",\"itemListElement\":[{\"@type\":\"ListItem\",\"position\":1,\"name\":\"Home\",\"item\":\"https:\/\/www.missionslocalesnormandie.fr\/mission-locale-bocage-bessin\/\"},{\"@type\":\"ListItem\",\"position\":2,\"name\":\"Aides \u00e0 la vie quotidienne\"}]},{\"@type\":\"WebSite\",\"@id\":\"https:\/\/www.missionslocalesnormandie.fr\/mission-locale-bocage-bessin\/#website\",\"url\":\"https:\/\/www.missionslocalesnormandie.fr\/mission-locale-bocage-bessin\/\",\"name\":\"MISSION LOCALE DU BOCAGE AU BESSIN\",\"description\":\"\",\"potentialAction\":[{\"@type\":\"SearchAction\",\"target\":{\"@type\":\"EntryPoint\",\"urlTemplate\":\"https:\/\/www.missionslocalesnormandie.fr\/mission-locale-bocage-bessin\/?s={search_term_string}\"},\"query-input\":\"required name=search_term_string\"}],\"inLanguage\":\"fr-FR\"}]}<\/script>\n<!-- \/ Yoast SEO plugin. -->","yoast_head_json":{"title":"Aides \u00e0 la vie quotidienne - MISSION LOCALE DU BOCAGE AU BESSIN","robots":{"index":"index","follow":"follow","max-snippet":"max-snippet:-1","max-image-preview":"max-image-preview:large","max-video-preview":"max-video-preview:-1"},"canonical":"https:\/\/www.missionslocalesnormandie.fr\/mission-locale-bocage-bessin\/un-soutien\/","og_locale":"fr_FR","og_type":"article","og_title":"Aides \u00e0 la vie quotidienne - MISSION LOCALE DU BOCAGE AU BESSIN","og_description":"AIDES A LA VIE QUOTIDIENNE Sant\u00e9 Aide \u00e0 l\u2019acc\u00e8s aux soins, s\u00e9curit\u00e9 sociale, mutuelle, CMU, \u2026 Logement Aide \u00e0 la recherche d\u2019un logement ou d\u2019un h\u00e9bergement d\u2019urgence, conseil sur la gestion du budget. Sur l\u2019antenne de Vire vous pouvez b\u00e9n\u00e9ficier des services du CLLAJ Mobilit\u00e9 La mobilit\u00e9 peut \u00eatre un frein vers l\u2019autonomie et l\u2019emploi. [&hellip;]","og_url":"https:\/\/www.missionslocalesnormandie.fr\/mission-locale-bocage-bessin\/un-soutien\/","og_site_name":"MISSION LOCALE DU BOCAGE AU BESSIN","article_modified_time":"2024-05-14T13:21:53+00:00","og_image":[{"url":"https:\/\/www.missionslocalesnormandie.fr\/content\/uploads\/sites\/13\/2024\/05\/Jeune-2-950x595-c-default.jpg"}],"twitter_card":"summary_large_image","twitter_misc":{"Dur\u00e9e de lecture estim\u00e9e":"1 minute"},"schema":{"@context":"https:\/\/schema.org","@graph":[{"@type":"WebPage","@id":"https:\/\/www.missionslocalesnormandie.fr\/mission-locale-bocage-bessin\/un-soutien\/","url":"https:\/\/www.missionslocalesnormandie.fr\/mission-locale-bocage-bessin\/un-soutien\/","name":"Aides \u00e0 la vie quotidienne - MISSION LOCALE DU BOCAGE AU BESSIN","isPartOf":{"@id":"https:\/\/www.missionslocalesnormandie.fr\/mission-locale-bocage-bessin\/#website"},"datePublished":"2023-12-15T08:08:27+00:00","dateModified":"2024-05-14T13:21:53+00:00","breadcrumb":{"@id":"https:\/\/www.missionslocalesnormandie.fr\/mission-locale-bocage-bessin\/un-soutien\/#breadcrumb"},"inLanguage":"fr-FR","potentialAction":[{"@type":"ReadAction","target":["https:\/\/www.missionslocalesnormandie.fr\/mission-locale-bocage-bessin\/un-soutien\/"]}]},{"@type":"BreadcrumbList","@id":"https:\/\/www.missionslocalesnormandie.fr\/mission-locale-bocage-bessin\/un-soutien\/#breadcrumb","itemListElement":[{"@type":"ListItem","position":1,"name":"Home","item":"https:\/\/www.missionslocalesnormandie.fr\/mission-locale-bocage-bessin\/"},{"@type":"ListItem","position":2,"name":"Aides \u00e0 la vie quotidienne"}]},{"@type":"WebSite","@id":"https:\/\/www.missionslocalesnormandie.fr\/mission-locale-bocage-bessin\/#website","url":"https:\/\/www.missionslocalesnormandie.fr\/mission-locale-bocage-bessin\/","name":"MISSION LOCALE DU BOCAGE AU BESSIN","description":"","potentialAction":[{"@type":"SearchAction","target":{"@type":"EntryPoint","urlTemplate":"https:\/\/www.missionslocalesnormandie.fr\/mission-locale-bocage-bessin\/?s={search_term_string}"},"query-input":"required name=search_term_string"}],"inLanguage":"fr-FR"}]}},"_links":{"self":[{"href":"https:\/\/www.missionslocalesnormandie.fr\/mission-locale-bocage-bessin\/wp-json\/wp\/v2\/pages\/247"}],"collection":[{"href":"https:\/\/www.missionslocalesnormandie.fr\/mission-locale-bocage-bessin\/wp-json\/wp\/v2\/pages"}],"about":[{"href":"https:\/\/www.missionslocalesnormandie.fr\/mission-locale-bocage-bessin\/wp-json\/wp\/v2\/types\/page"}],"author":[{"embeddable":true,"href":"https:\/\/www.missionslocalesnormandie.fr\/mission-locale-bocage-bessin\/wp-json\/wp\/v2\/users\/1"}],"replies":[{"embeddable":true,"href":"https:\/\/www.missionslocalesnormandie.fr\/mission-locale-bocage-bessin\/wp-json\/wp\/v2\/comments?post=247"}],"version-history":[{"count":49,"href":"https:\/\/www.missionslocalesnormandie.fr\/mission-locale-bocage-bessin\/wp-json\/wp\/v2\/pages\/247\/revisions"}],"predecessor-version":[{"id":1200,"href":"https:\/\/www.missionslocalesnormandie.fr\/mission-locale-bocage-bessin\/wp-json\/wp\/v2\/pages\/247\/revisions\/1200"}],"wp:attachment":[{"href":"https:\/\/www.missionslocalesnormandie.fr\/mission-locale-bocage-bessin\/wp-json\/wp\/v2\/media?parent=247"}],"curies":[{"name":"wp","href":"https:\/\/api.w.org\/{rel}","templated":true}]}}