{"id":31,"date":"2023-12-14T14:55:25","date_gmt":"2023-12-14T13:55:25","guid":{"rendered":"https:\/\/www.missionslocalesnormandie.fr\/mission-locale-bocage-bessin\/?page_id=31"},"modified":"2024-04-08T15:40:33","modified_gmt":"2024-04-08T13:40:33","slug":"nous-contacter","status":"publish","type":"page","link":"https:\/\/www.missionslocalesnormandie.fr\/mission-locale-bocage-bessin\/nous-contacter\/","title":{"rendered":"Nous contacter"},"content":{"rendered":"\t\t<div data-elementor-type=\"wp-page\" data-elementor-id=\"31\" class=\"elementor elementor-31\">\n\t\t\t\t<div class=\"elementor-element elementor-element-5d8918e e-flex e-con-boxed e-con e-parent\" data-id=\"5d8918e\" data-element_type=\"container\">\n\t\t\t\t\t<div class=\"e-con-inner\">\n\t\t\t\t<div class=\"elementor-element elementor-element-adabd78 elementor-widget elementor-widget-block_titre\" data-id=\"adabd78\" data-element_type=\"widget\" data-widget_type=\"block_titre.default\">\n\t\t\t\t<div class=\"elementor-widget-container\">\n\t\t\t    <div class=\"container\">\n        <h2>\n            Nous contacter pour la 1\u00e8re fois\n        <\/h2>\n    <\/div>\n\t\t<\/div>\n\t\t\t\t<\/div>\n\t\t\t\t<div class=\"elementor-element elementor-element-d2e553e elementor-widget elementor-widget-block_simple_texte\" data-id=\"d2e553e\" data-element_type=\"widget\" data-widget_type=\"block_simple_texte.default\">\n\t\t\t\t<div class=\"elementor-widget-container\">\n\t\t\t    <div class=\"container\">\n        <p>Tu peux nous contacter par t\u00e9l\u00e9phone \u00e0 l'un des num\u00e9ros suivants :<\/p><p><span style=\"color: #339966\"><strong>Vire Normandie<\/strong><\/span> : 02-31-66-32-32<\/p><p><strong><span style=\"color: #3366ff\">Bayeux<\/span><\/strong> : 02-31-92-60-55<\/p><p><strong><span style=\"color: #ff9900\">Cond\u00e9 en Normandie<\/span><\/strong> : 02-31-69-02-78<\/p><p>Nos charg\u00e9es d'accueil te donneront un 1er rendez vous au plus pr\u00e8s de chez toi.<\/p><p>Nos locaux sont ouverts du lundi au vendredi de 8h30 \u00e0 12h00 et de 13h30 \u00e0 17h30.<\/p>\n    <\/div>\n\t\t<\/div>\n\t\t\t\t<\/div>\n\t\t\t\t<div class=\"elementor-element elementor-element-3f3a2df elementor-widget elementor-widget-block_titre\" data-id=\"3f3a2df\" data-element_type=\"widget\" data-widget_type=\"block_titre.default\">\n\t\t\t\t<div class=\"elementor-widget-container\">\n\t\t\t    <div class=\"container\">\n        <h2>\n            Contacter ton conseiller r\u00e9f\u00e9rent\n        <\/h2>\n    <\/div>\n\t\t<\/div>\n\t\t\t\t<\/div>\n\t\t\t\t<div class=\"elementor-element elementor-element-1518f3e elementor-widget elementor-widget-block_simple_texte\" data-id=\"1518f3e\" data-element_type=\"widget\" data-widget_type=\"block_simple_texte.default\">\n\t\t\t\t<div class=\"elementor-widget-container\">\n\t\t\t    <div class=\"container\">\n        <p><span style=\"font-weight: 400\">Tu pourras joindre ton conseiller gr\u00e2ce au num\u00e9ro t\u00e9l\u00e9phonique qu'il t'a transmis ou via son adresse mail qu'il t'a remis lors de ton 1er rendez vous.<br \/><\/span><\/p><p>Si tu les as perdus pas de panique, il te suffit de contacter le standard. <\/p><p>\u00a0<\/p>\n    <\/div>\n\t\t<\/div>\n\t\t\t\t<\/div>\n\t\t\t\t<div class=\"elementor-element elementor-element-67ff8d5 elementor-widget elementor-widget-block_titre\" data-id=\"67ff8d5\" data-element_type=\"widget\" data-widget_type=\"block_titre.default\">\n\t\t\t\t<div class=\"elementor-widget-container\">\n\t\t\t    <div class=\"container\">\n        <h2>\n            via le formulaire de contact\n        <\/h2>\n    <\/div>\n\t\t<\/div>\n\t\t\t\t<\/div>\n\t\t\t\t<div class=\"elementor-element elementor-element-59cc95a elementor-widget elementor-widget-block_simple_texte\" data-id=\"59cc95a\" data-element_type=\"widget\" data-widget_type=\"block_simple_texte.default\">\n\t\t\t\t<div class=\"elementor-widget-container\">\n\t\t\t    <div class=\"container\">\n        <p><span style=\"font-weight: 400\">Si tu souhaites te pr\u00e9inscrire et \u00eatre rappel\u00e9, tu peux nous contacter via le <a href=\"https:\/\/www.missionslocalesnormandie.fr\/mission-locale-bocage-bessin\/mon-compte-pre-inscription\/\">formulaire de contact<\/a> .<\/span><\/p>\n    <\/div>\n\t\t<\/div>\n\t\t\t\t<\/div>\n\t\t\t\t\t<\/div>\n\t\t\t\t<\/div>\n\t\t\t\t<\/div>\n\t\t","protected":false},"excerpt":{"rendered":"<p>Nous contacter pour la 1\u00e8re fois Tu peux nous contacter par t\u00e9l\u00e9phone \u00e0 l&#8217;un des num\u00e9ros suivants : Vire Normandie : 02-31-66-32-32 Bayeux : 02-31-92-60-55 Cond\u00e9 en Normandie : 02-31-69-02-78 Nos charg\u00e9es d&#8217;accueil te donneront un 1er rendez vous au plus pr\u00e8s de chez toi. Nos locaux sont ouverts du lundi au vendredi de 8h30 [&hellip;]<\/p>\n","protected":false},"author":1,"featured_media":0,"parent":0,"menu_order":0,"comment_status":"closed","ping_status":"closed","template":"","meta":{"_acf_changed":false,"_crosspost_to_1":false,"_crosspost_to_2":false,"_crosspost_to_3":false,"_crosspost_to_4":false,"_crosspost_to_5":false,"_crosspost_to_6":false,"_crosspost_to_7":false,"_crosspost_to_8":false,"_crosspost_to_11":false,"_crosspost_to_12":false,"_crosspost_to_14":false,"_crosspost_to_15":false,"_crosspost_to_16":false,"inline_featured_image":false,"footnotes":""},"acf":[],"yoast_head":"<!-- This site is optimized with the Yoast SEO plugin v21.9.1 - https:\/\/yoast.com\/wordpress\/plugins\/seo\/ -->\n<title>Nous contacter - MISSION LOCALE DU BOCAGE AU BESSIN<\/title>\n<meta name=\"robots\" content=\"index, follow, max-snippet:-1, max-image-preview:large, max-video-preview:-1\" \/>\n<link rel=\"canonical\" href=\"https:\/\/www.missionslocalesnormandie.fr\/mission-locale-bocage-bessin\/nous-contacter\/\" \/>\n<meta property=\"og:locale\" content=\"fr_FR\" \/>\n<meta property=\"og:type\" content=\"article\" \/>\n<meta property=\"og:title\" content=\"Nous contacter - MISSION LOCALE DU BOCAGE AU BESSIN\" \/>\n<meta property=\"og:description\" content=\"Nous contacter pour la 1\u00e8re fois Tu peux nous contacter par t\u00e9l\u00e9phone \u00e0 l&#8217;un des num\u00e9ros suivants : Vire Normandie : 02-31-66-32-32 Bayeux : 02-31-92-60-55 Cond\u00e9 en Normandie : 02-31-69-02-78 Nos charg\u00e9es d&#8217;accueil te donneront un 1er rendez vous au plus pr\u00e8s de chez toi. Nos locaux sont ouverts du lundi au vendredi de 8h30 [&hellip;]\" \/>\n<meta property=\"og:url\" content=\"https:\/\/www.missionslocalesnormandie.fr\/mission-locale-bocage-bessin\/nous-contacter\/\" \/>\n<meta property=\"og:site_name\" content=\"MISSION LOCALE DU BOCAGE AU BESSIN\" \/>\n<meta property=\"article:modified_time\" content=\"2024-04-08T13:40:33+00:00\" \/>\n<meta name=\"twitter:card\" content=\"summary_large_image\" \/>\n<meta name=\"twitter:label1\" content=\"Dur\u00e9e de lecture estim\u00e9e\" \/>\n\t<meta name=\"twitter:data1\" content=\"1 minute\" \/>\n<script type=\"application\/ld+json\" class=\"yoast-schema-graph\">{\"@context\":\"https:\/\/schema.org\",\"@graph\":[{\"@type\":\"WebPage\",\"@id\":\"https:\/\/www.missionslocalesnormandie.fr\/mission-locale-bocage-bessin\/nous-contacter\/\",\"url\":\"https:\/\/www.missionslocalesnormandie.fr\/mission-locale-bocage-bessin\/nous-contacter\/\",\"name\":\"Nous contacter - MISSION LOCALE DU BOCAGE AU BESSIN\",\"isPartOf\":{\"@id\":\"https:\/\/www.missionslocalesnormandie.fr\/mission-locale-bocage-bessin\/#website\"},\"datePublished\":\"2023-12-14T13:55:25+00:00\",\"dateModified\":\"2024-04-08T13:40:33+00:00\",\"breadcrumb\":{\"@id\":\"https:\/\/www.missionslocalesnormandie.fr\/mission-locale-bocage-bessin\/nous-contacter\/#breadcrumb\"},\"inLanguage\":\"fr-FR\",\"potentialAction\":[{\"@type\":\"ReadAction\",\"target\":[\"https:\/\/www.missionslocalesnormandie.fr\/mission-locale-bocage-bessin\/nous-contacter\/\"]}]},{\"@type\":\"BreadcrumbList\",\"@id\":\"https:\/\/www.missionslocalesnormandie.fr\/mission-locale-bocage-bessin\/nous-contacter\/#breadcrumb\",\"itemListElement\":[{\"@type\":\"ListItem\",\"position\":1,\"name\":\"Home\",\"item\":\"https:\/\/www.missionslocalesnormandie.fr\/mission-locale-bocage-bessin\/\"},{\"@type\":\"ListItem\",\"position\":2,\"name\":\"Nous contacter\"}]},{\"@type\":\"WebSite\",\"@id\":\"https:\/\/www.missionslocalesnormandie.fr\/mission-locale-bocage-bessin\/#website\",\"url\":\"https:\/\/www.missionslocalesnormandie.fr\/mission-locale-bocage-bessin\/\",\"name\":\"MISSION LOCALE DU BOCAGE AU BESSIN\",\"description\":\"\",\"potentialAction\":[{\"@type\":\"SearchAction\",\"target\":{\"@type\":\"EntryPoint\",\"urlTemplate\":\"https:\/\/www.missionslocalesnormandie.fr\/mission-locale-bocage-bessin\/?s={search_term_string}\"},\"query-input\":\"required name=search_term_string\"}],\"inLanguage\":\"fr-FR\"}]}<\/script>\n<!-- \/ Yoast SEO plugin. -->","yoast_head_json":{"title":"Nous contacter - MISSION LOCALE DU BOCAGE AU BESSIN","robots":{"index":"index","follow":"follow","max-snippet":"max-snippet:-1","max-image-preview":"max-image-preview:large","max-video-preview":"max-video-preview:-1"},"canonical":"https:\/\/www.missionslocalesnormandie.fr\/mission-locale-bocage-bessin\/nous-contacter\/","og_locale":"fr_FR","og_type":"article","og_title":"Nous contacter - MISSION LOCALE DU BOCAGE AU BESSIN","og_description":"Nous contacter pour la 1\u00e8re fois Tu peux nous contacter par t\u00e9l\u00e9phone \u00e0 l&#8217;un des num\u00e9ros suivants : Vire Normandie : 02-31-66-32-32 Bayeux : 02-31-92-60-55 Cond\u00e9 en Normandie : 02-31-69-02-78 Nos charg\u00e9es d&#8217;accueil te donneront un 1er rendez vous au plus pr\u00e8s de chez toi. Nos locaux sont ouverts du lundi au vendredi de 8h30 [&hellip;]","og_url":"https:\/\/www.missionslocalesnormandie.fr\/mission-locale-bocage-bessin\/nous-contacter\/","og_site_name":"MISSION LOCALE DU BOCAGE AU BESSIN","article_modified_time":"2024-04-08T13:40:33+00:00","twitter_card":"summary_large_image","twitter_misc":{"Dur\u00e9e de lecture estim\u00e9e":"1 minute"},"schema":{"@context":"https:\/\/schema.org","@graph":[{"@type":"WebPage","@id":"https:\/\/www.missionslocalesnormandie.fr\/mission-locale-bocage-bessin\/nous-contacter\/","url":"https:\/\/www.missionslocalesnormandie.fr\/mission-locale-bocage-bessin\/nous-contacter\/","name":"Nous contacter - MISSION LOCALE DU BOCAGE AU BESSIN","isPartOf":{"@id":"https:\/\/www.missionslocalesnormandie.fr\/mission-locale-bocage-bessin\/#website"},"datePublished":"2023-12-14T13:55:25+00:00","dateModified":"2024-04-08T13:40:33+00:00","breadcrumb":{"@id":"https:\/\/www.missionslocalesnormandie.fr\/mission-locale-bocage-bessin\/nous-contacter\/#breadcrumb"},"inLanguage":"fr-FR","potentialAction":[{"@type":"ReadAction","target":["https:\/\/www.missionslocalesnormandie.fr\/mission-locale-bocage-bessin\/nous-contacter\/"]}]},{"@type":"BreadcrumbList","@id":"https:\/\/www.missionslocalesnormandie.fr\/mission-locale-bocage-bessin\/nous-contacter\/#breadcrumb","itemListElement":[{"@type":"ListItem","position":1,"name":"Home","item":"https:\/\/www.missionslocalesnormandie.fr\/mission-locale-bocage-bessin\/"},{"@type":"ListItem","position":2,"name":"Nous contacter"}]},{"@type":"WebSite","@id":"https:\/\/www.missionslocalesnormandie.fr\/mission-locale-bocage-bessin\/#website","url":"https:\/\/www.missionslocalesnormandie.fr\/mission-locale-bocage-bessin\/","name":"MISSION LOCALE DU BOCAGE AU BESSIN","description":"","potentialAction":[{"@type":"SearchAction","target":{"@type":"EntryPoint","urlTemplate":"https:\/\/www.missionslocalesnormandie.fr\/mission-locale-bocage-bessin\/?s={search_term_string}"},"query-input":"required name=search_term_string"}],"inLanguage":"fr-FR"}]}},"_links":{"self":[{"href":"https:\/\/www.missionslocalesnormandie.fr\/mission-locale-bocage-bessin\/wp-json\/wp\/v2\/pages\/31"}],"collection":[{"href":"https:\/\/www.missionslocalesnormandie.fr\/mission-locale-bocage-bessin\/wp-json\/wp\/v2\/pages"}],"about":[{"href":"https:\/\/www.missionslocalesnormandie.fr\/mission-locale-bocage-bessin\/wp-json\/wp\/v2\/types\/page"}],"author":[{"embeddable":true,"href":"https:\/\/www.missionslocalesnormandie.fr\/mission-locale-bocage-bessin\/wp-json\/wp\/v2\/users\/1"}],"replies":[{"embeddable":true,"href":"https:\/\/www.missionslocalesnormandie.fr\/mission-locale-bocage-bessin\/wp-json\/wp\/v2\/comments?post=31"}],"version-history":[{"count":42,"href":"https:\/\/www.missionslocalesnormandie.fr\/mission-locale-bocage-bessin\/wp-json\/wp\/v2\/pages\/31\/revisions"}],"predecessor-version":[{"id":635,"href":"https:\/\/www.missionslocalesnormandie.fr\/mission-locale-bocage-bessin\/wp-json\/wp\/v2\/pages\/31\/revisions\/635"}],"wp:attachment":[{"href":"https:\/\/www.missionslocalesnormandie.fr\/mission-locale-bocage-bessin\/wp-json\/wp\/v2\/media?parent=31"}],"curies":[{"name":"wp","href":"https:\/\/api.w.org\/{rel}","templated":true}]}}