{"id":55,"date":"2023-12-14T15:06:47","date_gmt":"2023-12-14T14:06:47","guid":{"rendered":"https:\/\/www.missionslocalesnormandie.fr\/mission-locale-bocage-bessin\/?page_id=55"},"modified":"2024-05-14T09:30:00","modified_gmt":"2024-05-14T07:30:00","slug":"nos-missions","status":"publish","type":"page","link":"https:\/\/www.missionslocalesnormandie.fr\/mission-locale-bocage-bessin\/nos-missions\/","title":{"rendered":"Nos missions"},"content":{"rendered":"\t\t<div data-elementor-type=\"wp-page\" data-elementor-id=\"55\" class=\"elementor elementor-55\">\n\t\t\t\t<div class=\"elementor-element elementor-element-311edb5 e-flex e-con-boxed e-con e-parent\" data-id=\"311edb5\" data-element_type=\"container\">\n\t\t\t\t\t<div class=\"e-con-inner\">\n\t\t<div class=\"elementor-element elementor-element-438c9f2 e-con-full e-flex e-con e-child\" data-id=\"438c9f2\" data-element_type=\"container\">\n\t\t\t\t<div class=\"elementor-element elementor-element-4e2d1f4 elementor-widget elementor-widget-block_simple_texte\" data-id=\"4e2d1f4\" data-element_type=\"widget\" data-widget_type=\"block_simple_texte.default\">\n\t\t\t\t<div class=\"elementor-widget-container\">\n\t\t\t    <div class=\"container\">\n        <p><u><b><span style=\"color: #800080\">Nos Missions principales :<\/span><br \/><\/b><\/u><\/p><p><br \/><u><b><\/b><\/u><\/p>\n    <\/div>\n\t\t<\/div>\n\t\t\t\t<\/div>\n\t\t\t\t<div class=\"elementor-element elementor-element-34ff465 elementor-widget__width-initial elementor-widget elementor-widget-block_simple_visuel\" data-id=\"34ff465\" data-element_type=\"widget\" data-widget_type=\"block_simple_visuel.default\">\n\t\t\t\t<div class=\"elementor-widget-container\">\n\t\t\t    <div class=\"container\">\n        <figure>\n                        \n                                                            <a href=\"https:\/\/www.missionslocalesnormandie.fr\/content\/uploads\/sites\/13\/2024\/05\/qvct-1.jpg\">\n                    <img decoding=\"async\" src=\"https:\/\/www.missionslocalesnormandie.fr\/content\/uploads\/sites\/13\/2024\/05\/qvct-1-950x595-c-default.jpg\"\n                         alt=\"MISSION LOCALE DU BOCAGE AU BESSIN\"\/>\n                <\/a>\n            \n                    <\/figure>\n    <\/div>\n\t\t<\/div>\n\t\t\t\t<\/div>\n\t\t\t\t<\/div>\n\t\t<div class=\"elementor-element elementor-element-ec2c767 e-con-full e-flex e-con e-child\" data-id=\"ec2c767\" data-element_type=\"container\">\n\t\t<div class=\"elementor-element elementor-element-58c171b e-flex e-con-boxed e-con e-child\" data-id=\"58c171b\" data-element_type=\"container\">\n\t\t\t\t\t<div class=\"e-con-inner\">\n\t\t\t\t<div class=\"elementor-element elementor-element-713ccdc elementor-widget elementor-widget-block_simple_texte\" data-id=\"713ccdc\" data-element_type=\"widget\" data-widget_type=\"block_simple_texte.default\">\n\t\t\t\t<div class=\"elementor-widget-container\">\n\t\t\t    <div class=\"container\">\n        <p>\u00a0<\/p><ul><li><span style=\"color: #0000ff\"><u><b>Sur le volet emploi (en partenariat avec nos charg\u00e9es relations entreprises) :<\/b><\/u><\/span><\/li><\/ul><p>- Aider le jeune dans sa recherche d\u2019immersion (PMSMP)<\/p><p>- Accompagner le jeune dans sa d\u00e9marche d\u2019emploi<\/p><p>- Aider les entreprises dans leurs recrutements et plus largement dans la d\u00e9couverte de leur fili\u00e8re.\u00a0<\/p><p>\u00a0<\/p>\n    <\/div>\n\t\t<\/div>\n\t\t\t\t<\/div>\n\t\t\t\t\t<\/div>\n\t\t\t\t<\/div>\n\t\t<div class=\"elementor-element elementor-element-afffb2c e-flex e-con-boxed e-con e-child\" data-id=\"afffb2c\" data-element_type=\"container\">\n\t\t\t\t\t<div class=\"e-con-inner\">\n\t\t\t\t<div class=\"elementor-element elementor-element-c781832 elementor-widget elementor-widget-block_simple_texte\" data-id=\"c781832\" data-element_type=\"widget\" data-widget_type=\"block_simple_texte.default\">\n\t\t\t\t<div class=\"elementor-widget-container\">\n\t\t\t    <div class=\"container\">\n        <ul><li><span style=\"color: #ff6600\"><u><b>Sur le volet orientation \/ formation :<\/b><\/u><\/span><\/li><\/ul><p>- Construire et valider un projet professionnel<\/p><p>- D\u00e9finir et pr\u00e9parer le projet de formation<\/p><p>-\u00a0 S\u00e9curiser l'entr\u00e9e en formation et accompagner le jeune tout au long du parcours<\/p>\n    <\/div>\n\t\t<\/div>\n\t\t\t\t<\/div>\n\t\t\t\t\t<\/div>\n\t\t\t\t<\/div>\n\t\t\t\t<\/div>\n\t\t\t\t\t<\/div>\n\t\t\t\t<\/div>\n\t\t<div class=\"elementor-element elementor-element-5e62762 e-flex e-con-boxed e-con e-parent\" data-id=\"5e62762\" data-element_type=\"container\">\n\t\t\t\t\t<div class=\"e-con-inner\">\n\t\t\t\t<div class=\"elementor-element elementor-element-b85cdf2 elementor-widget elementor-widget-block_simple_texte\" data-id=\"b85cdf2\" data-element_type=\"widget\" data-widget_type=\"block_simple_texte.default\">\n\t\t\t\t<div class=\"elementor-widget-container\">\n\t\t\t    <div class=\"container\">\n        <ul><li><u><b><span style=\"color: #339966\">Sur le volet social :<\/span> <\/b><\/u><\/li><\/ul><p>Le conseiller travaille pour trouver une solution aux probl\u00e8mes p\u00e9riph\u00e9riques ( mobilit\u00e9, logement, sant\u00e9...).<\/p><p>Des aides financi\u00e8res peuvent \u00eatre mobilis\u00e9es : FAJ, bons alimentaires, Ch\u00e8ques transports, allocations PACEA, \u2026<\/p><p><u>Par ailleurs, la Mission Locale poss\u00e8de 2 logements de 3 places en colocation :<\/u><\/p><p>1 sur le site de Bayeux et 1 sur le site du Bocage.<\/p><p>Il ne s\u2019agit pas de logements d\u2019urgence. Ils sont mis \u00e0 disposition des jeunes suivis par la ML2B et pour qui il est n\u00e9cessaire de se rapprocher g\u00e9ographiquement de leur lieu de formation ou pour acc\u00e9der \u00e0 un emploi. Cette mise \u00e0 disposition est temporaire et fait l\u2019objet d\u2019une signature\u00a0 d\u2019un bail avec la ML2B.<\/p>\n    <\/div>\n\t\t<\/div>\n\t\t\t\t<\/div>\n\t\t\t\t\t<\/div>\n\t\t\t\t<\/div>\n\t\t\t\t<\/div>\n\t\t","protected":false},"excerpt":{"rendered":"<p>Nos Missions principales : \u00a0 Sur le volet emploi (en partenariat avec nos charg\u00e9es relations entreprises) : &#8211; Aider le jeune dans sa recherche d\u2019immersion (PMSMP) &#8211; Accompagner le jeune dans sa d\u00e9marche d\u2019emploi &#8211; Aider les entreprises dans leurs recrutements et plus largement dans la d\u00e9couverte de leur fili\u00e8re.\u00a0 \u00a0 Sur le volet orientation [&hellip;]<\/p>\n","protected":false},"author":1,"featured_media":0,"parent":0,"menu_order":0,"comment_status":"closed","ping_status":"closed","template":"","meta":{"_acf_changed":false,"_crosspost_to_1":false,"_crosspost_to_2":false,"_crosspost_to_3":false,"_crosspost_to_4":false,"_crosspost_to_5":false,"_crosspost_to_6":false,"_crosspost_to_7":false,"_crosspost_to_8":false,"_crosspost_to_11":false,"_crosspost_to_12":false,"_crosspost_to_14":false,"_crosspost_to_15":false,"_crosspost_to_16":false,"inline_featured_image":false,"footnotes":""},"acf":[],"yoast_head":"<!-- This site is optimized with the Yoast SEO plugin v21.9.1 - https:\/\/yoast.com\/wordpress\/plugins\/seo\/ -->\n<title>Nos missions - MISSION LOCALE DU BOCAGE AU BESSIN<\/title>\n<meta name=\"robots\" content=\"index, follow, max-snippet:-1, max-image-preview:large, max-video-preview:-1\" \/>\n<link rel=\"canonical\" href=\"https:\/\/www.missionslocalesnormandie.fr\/mission-locale-bocage-bessin\/nos-missions\/\" \/>\n<meta property=\"og:locale\" content=\"fr_FR\" \/>\n<meta property=\"og:type\" content=\"article\" \/>\n<meta property=\"og:title\" content=\"Nos missions - MISSION LOCALE DU BOCAGE AU BESSIN\" \/>\n<meta property=\"og:description\" content=\"Nos Missions principales : \u00a0 Sur le volet emploi (en partenariat avec nos charg\u00e9es relations entreprises) : &#8211; Aider le jeune dans sa recherche d\u2019immersion (PMSMP) &#8211; Accompagner le jeune dans sa d\u00e9marche d\u2019emploi &#8211; Aider les entreprises dans leurs recrutements et plus largement dans la d\u00e9couverte de leur fili\u00e8re.\u00a0 \u00a0 Sur le volet orientation [&hellip;]\" \/>\n<meta property=\"og:url\" content=\"https:\/\/www.missionslocalesnormandie.fr\/mission-locale-bocage-bessin\/nos-missions\/\" \/>\n<meta property=\"og:site_name\" content=\"MISSION LOCALE DU BOCAGE AU BESSIN\" \/>\n<meta property=\"article:modified_time\" content=\"2024-05-14T07:30:00+00:00\" \/>\n<meta property=\"og:image\" content=\"https:\/\/www.missionslocalesnormandie.fr\/content\/uploads\/sites\/13\/2024\/05\/qvct-1-950x595-c-default.jpg\" \/>\n<meta name=\"twitter:card\" content=\"summary_large_image\" \/>\n<meta name=\"twitter:label1\" content=\"Dur\u00e9e de lecture estim\u00e9e\" \/>\n\t<meta name=\"twitter:data1\" content=\"2 minutes\" \/>\n<script type=\"application\/ld+json\" class=\"yoast-schema-graph\">{\"@context\":\"https:\/\/schema.org\",\"@graph\":[{\"@type\":\"WebPage\",\"@id\":\"https:\/\/www.missionslocalesnormandie.fr\/mission-locale-bocage-bessin\/nos-missions\/\",\"url\":\"https:\/\/www.missionslocalesnormandie.fr\/mission-locale-bocage-bessin\/nos-missions\/\",\"name\":\"Nos missions - MISSION LOCALE DU BOCAGE AU BESSIN\",\"isPartOf\":{\"@id\":\"https:\/\/www.missionslocalesnormandie.fr\/mission-locale-bocage-bessin\/#website\"},\"datePublished\":\"2023-12-14T14:06:47+00:00\",\"dateModified\":\"2024-05-14T07:30:00+00:00\",\"breadcrumb\":{\"@id\":\"https:\/\/www.missionslocalesnormandie.fr\/mission-locale-bocage-bessin\/nos-missions\/#breadcrumb\"},\"inLanguage\":\"fr-FR\",\"potentialAction\":[{\"@type\":\"ReadAction\",\"target\":[\"https:\/\/www.missionslocalesnormandie.fr\/mission-locale-bocage-bessin\/nos-missions\/\"]}]},{\"@type\":\"BreadcrumbList\",\"@id\":\"https:\/\/www.missionslocalesnormandie.fr\/mission-locale-bocage-bessin\/nos-missions\/#breadcrumb\",\"itemListElement\":[{\"@type\":\"ListItem\",\"position\":1,\"name\":\"Home\",\"item\":\"https:\/\/www.missionslocalesnormandie.fr\/mission-locale-bocage-bessin\/\"},{\"@type\":\"ListItem\",\"position\":2,\"name\":\"Nos missions\"}]},{\"@type\":\"WebSite\",\"@id\":\"https:\/\/www.missionslocalesnormandie.fr\/mission-locale-bocage-bessin\/#website\",\"url\":\"https:\/\/www.missionslocalesnormandie.fr\/mission-locale-bocage-bessin\/\",\"name\":\"MISSION LOCALE DU BOCAGE AU BESSIN\",\"description\":\"\",\"potentialAction\":[{\"@type\":\"SearchAction\",\"target\":{\"@type\":\"EntryPoint\",\"urlTemplate\":\"https:\/\/www.missionslocalesnormandie.fr\/mission-locale-bocage-bessin\/?s={search_term_string}\"},\"query-input\":\"required name=search_term_string\"}],\"inLanguage\":\"fr-FR\"}]}<\/script>\n<!-- \/ Yoast SEO plugin. -->","yoast_head_json":{"title":"Nos missions - MISSION LOCALE DU BOCAGE AU BESSIN","robots":{"index":"index","follow":"follow","max-snippet":"max-snippet:-1","max-image-preview":"max-image-preview:large","max-video-preview":"max-video-preview:-1"},"canonical":"https:\/\/www.missionslocalesnormandie.fr\/mission-locale-bocage-bessin\/nos-missions\/","og_locale":"fr_FR","og_type":"article","og_title":"Nos missions - MISSION LOCALE DU BOCAGE AU BESSIN","og_description":"Nos Missions principales : \u00a0 Sur le volet emploi (en partenariat avec nos charg\u00e9es relations entreprises) : &#8211; Aider le jeune dans sa recherche d\u2019immersion (PMSMP) &#8211; Accompagner le jeune dans sa d\u00e9marche d\u2019emploi &#8211; Aider les entreprises dans leurs recrutements et plus largement dans la d\u00e9couverte de leur fili\u00e8re.\u00a0 \u00a0 Sur le volet orientation [&hellip;]","og_url":"https:\/\/www.missionslocalesnormandie.fr\/mission-locale-bocage-bessin\/nos-missions\/","og_site_name":"MISSION LOCALE DU BOCAGE AU BESSIN","article_modified_time":"2024-05-14T07:30:00+00:00","og_image":[{"url":"https:\/\/www.missionslocalesnormandie.fr\/content\/uploads\/sites\/13\/2024\/05\/qvct-1-950x595-c-default.jpg"}],"twitter_card":"summary_large_image","twitter_misc":{"Dur\u00e9e de lecture estim\u00e9e":"2 minutes"},"schema":{"@context":"https:\/\/schema.org","@graph":[{"@type":"WebPage","@id":"https:\/\/www.missionslocalesnormandie.fr\/mission-locale-bocage-bessin\/nos-missions\/","url":"https:\/\/www.missionslocalesnormandie.fr\/mission-locale-bocage-bessin\/nos-missions\/","name":"Nos missions - MISSION LOCALE DU BOCAGE AU BESSIN","isPartOf":{"@id":"https:\/\/www.missionslocalesnormandie.fr\/mission-locale-bocage-bessin\/#website"},"datePublished":"2023-12-14T14:06:47+00:00","dateModified":"2024-05-14T07:30:00+00:00","breadcrumb":{"@id":"https:\/\/www.missionslocalesnormandie.fr\/mission-locale-bocage-bessin\/nos-missions\/#breadcrumb"},"inLanguage":"fr-FR","potentialAction":[{"@type":"ReadAction","target":["https:\/\/www.missionslocalesnormandie.fr\/mission-locale-bocage-bessin\/nos-missions\/"]}]},{"@type":"BreadcrumbList","@id":"https:\/\/www.missionslocalesnormandie.fr\/mission-locale-bocage-bessin\/nos-missions\/#breadcrumb","itemListElement":[{"@type":"ListItem","position":1,"name":"Home","item":"https:\/\/www.missionslocalesnormandie.fr\/mission-locale-bocage-bessin\/"},{"@type":"ListItem","position":2,"name":"Nos missions"}]},{"@type":"WebSite","@id":"https:\/\/www.missionslocalesnormandie.fr\/mission-locale-bocage-bessin\/#website","url":"https:\/\/www.missionslocalesnormandie.fr\/mission-locale-bocage-bessin\/","name":"MISSION LOCALE DU BOCAGE AU BESSIN","description":"","potentialAction":[{"@type":"SearchAction","target":{"@type":"EntryPoint","urlTemplate":"https:\/\/www.missionslocalesnormandie.fr\/mission-locale-bocage-bessin\/?s={search_term_string}"},"query-input":"required name=search_term_string"}],"inLanguage":"fr-FR"}]}},"_links":{"self":[{"href":"https:\/\/www.missionslocalesnormandie.fr\/mission-locale-bocage-bessin\/wp-json\/wp\/v2\/pages\/55"}],"collection":[{"href":"https:\/\/www.missionslocalesnormandie.fr\/mission-locale-bocage-bessin\/wp-json\/wp\/v2\/pages"}],"about":[{"href":"https:\/\/www.missionslocalesnormandie.fr\/mission-locale-bocage-bessin\/wp-json\/wp\/v2\/types\/page"}],"author":[{"embeddable":true,"href":"https:\/\/www.missionslocalesnormandie.fr\/mission-locale-bocage-bessin\/wp-json\/wp\/v2\/users\/1"}],"replies":[{"embeddable":true,"href":"https:\/\/www.missionslocalesnormandie.fr\/mission-locale-bocage-bessin\/wp-json\/wp\/v2\/comments?post=55"}],"version-history":[{"count":36,"href":"https:\/\/www.missionslocalesnormandie.fr\/mission-locale-bocage-bessin\/wp-json\/wp\/v2\/pages\/55\/revisions"}],"predecessor-version":[{"id":1035,"href":"https:\/\/www.missionslocalesnormandie.fr\/mission-locale-bocage-bessin\/wp-json\/wp\/v2\/pages\/55\/revisions\/1035"}],"wp:attachment":[{"href":"https:\/\/www.missionslocalesnormandie.fr\/mission-locale-bocage-bessin\/wp-json\/wp\/v2\/media?parent=55"}],"curies":[{"name":"wp","href":"https:\/\/api.w.org\/{rel}","templated":true}]}}