{"id":77,"date":"2023-12-14T15:13:13","date_gmt":"2023-12-14T14:13:13","guid":{"rendered":"https:\/\/www.missionslocalesnormandie.fr\/mission-locale-bocage-bessin\/?page_id=77"},"modified":"2024-04-08T16:30:01","modified_gmt":"2024-04-08T14:30:01","slug":"nous-contacter-2","status":"publish","type":"page","link":"https:\/\/www.missionslocalesnormandie.fr\/mission-locale-bocage-bessin\/nous-contacter-2\/","title":{"rendered":"Nous contacter"},"content":{"rendered":"\t\t<div data-elementor-type=\"wp-page\" data-elementor-id=\"77\" class=\"elementor elementor-77\">\n\t\t\t\t<div class=\"elementor-element elementor-element-825c0ab e-flex e-con-boxed e-con e-parent\" data-id=\"825c0ab\" data-element_type=\"container\">\n\t\t\t\t\t<div class=\"e-con-inner\">\n\t\t\t\t<div class=\"elementor-element elementor-element-4b8d9eb elementor-widget elementor-widget-block_simple_texte\" data-id=\"4b8d9eb\" data-element_type=\"widget\" data-widget_type=\"block_simple_texte.default\">\n\t\t\t\t<div class=\"elementor-widget-container\">\n\t\t\t    <div class=\"container\">\n        <p><span style=\"font-weight: 400;color: #d820e6;font-size: 12pt\"><strong>Pour toute information relative \u00e0 un partenariat avec la Mission locale du Bocage au Bessin, merci de contacter :<\/strong> <\/span><\/p><p><span style=\"font-weight: 400\"><strong><span style=\"color: #993366\">Marie Lefebvre, Directrice<\/span><\/strong> : m.lefebvre@mlbocagebessin.fr<br \/><\/span><\/p><p><strong><span style=\"color: #993366\">Catherine Vindard, Responsable de Secteur Bocage et charg\u00e9e de projets :<\/span><\/strong> c.vindard<span style=\"font-weight: 400\">@mlbocagebessin.fr <\/span><\/p><p><strong><span style=\"color: #993366\">Aur\u00e9lie Docagne, Responsable de secteur Bessin et charg\u00e9e de projets :<\/span> <\/strong>a.docagne@mlbocagebessin.fr<\/p>\n    <\/div>\n\t\t<\/div>\n\t\t\t\t<\/div>\n\t\t\t\t\t<\/div>\n\t\t\t\t<\/div>\n\t\t\t\t<\/div>\n\t\t","protected":false},"excerpt":{"rendered":"<p>Pour toute information relative \u00e0 un partenariat avec la Mission locale du Bocage au Bessin, merci de contacter : Marie Lefebvre, Directrice : m.lefebvre@mlbocagebessin.fr Catherine Vindard, Responsable de Secteur Bocage et charg\u00e9e de projets : c.vindard@mlbocagebessin.fr Aur\u00e9lie Docagne, Responsable de secteur Bessin et charg\u00e9e de projets : a.docagne@mlbocagebessin.fr<\/p>\n","protected":false},"author":1,"featured_media":0,"parent":0,"menu_order":0,"comment_status":"closed","ping_status":"closed","template":"","meta":{"_acf_changed":false,"_crosspost_to_1":false,"_crosspost_to_2":false,"_crosspost_to_3":false,"_crosspost_to_4":false,"_crosspost_to_5":false,"_crosspost_to_6":false,"_crosspost_to_7":false,"_crosspost_to_8":false,"_crosspost_to_11":false,"_crosspost_to_12":false,"_crosspost_to_14":false,"_crosspost_to_15":false,"_crosspost_to_16":false,"inline_featured_image":false,"footnotes":""},"acf":[],"yoast_head":"<!-- This site is optimized with the Yoast SEO plugin v21.9.1 - https:\/\/yoast.com\/wordpress\/plugins\/seo\/ -->\n<title>Nous contacter - MISSION LOCALE DU BOCAGE AU BESSIN<\/title>\n<meta name=\"robots\" content=\"index, follow, max-snippet:-1, max-image-preview:large, max-video-preview:-1\" \/>\n<link rel=\"canonical\" href=\"https:\/\/www.missionslocalesnormandie.fr\/mission-locale-bocage-bessin\/nous-contacter-2\/\" \/>\n<meta property=\"og:locale\" content=\"fr_FR\" \/>\n<meta property=\"og:type\" content=\"article\" \/>\n<meta property=\"og:title\" content=\"Nous contacter - MISSION LOCALE DU BOCAGE AU BESSIN\" \/>\n<meta property=\"og:description\" content=\"Pour toute information relative \u00e0 un partenariat avec la Mission locale du Bocage au Bessin, merci de contacter : Marie Lefebvre, Directrice : m.lefebvre@mlbocagebessin.fr Catherine Vindard, Responsable de Secteur Bocage et charg\u00e9e de projets : c.vindard@mlbocagebessin.fr Aur\u00e9lie Docagne, Responsable de secteur Bessin et charg\u00e9e de projets : a.docagne@mlbocagebessin.fr\" \/>\n<meta property=\"og:url\" content=\"https:\/\/www.missionslocalesnormandie.fr\/mission-locale-bocage-bessin\/nous-contacter-2\/\" \/>\n<meta property=\"og:site_name\" content=\"MISSION LOCALE DU BOCAGE AU BESSIN\" \/>\n<meta property=\"article:modified_time\" content=\"2024-04-08T14:30:01+00:00\" \/>\n<meta name=\"twitter:card\" content=\"summary_large_image\" \/>\n<meta name=\"twitter:label1\" content=\"Dur\u00e9e de lecture estim\u00e9e\" \/>\n\t<meta name=\"twitter:data1\" content=\"1 minute\" \/>\n<script type=\"application\/ld+json\" class=\"yoast-schema-graph\">{\"@context\":\"https:\/\/schema.org\",\"@graph\":[{\"@type\":\"WebPage\",\"@id\":\"https:\/\/www.missionslocalesnormandie.fr\/mission-locale-bocage-bessin\/nous-contacter-2\/\",\"url\":\"https:\/\/www.missionslocalesnormandie.fr\/mission-locale-bocage-bessin\/nous-contacter-2\/\",\"name\":\"Nous contacter - MISSION LOCALE DU BOCAGE AU BESSIN\",\"isPartOf\":{\"@id\":\"https:\/\/www.missionslocalesnormandie.fr\/mission-locale-bocage-bessin\/#website\"},\"datePublished\":\"2023-12-14T14:13:13+00:00\",\"dateModified\":\"2024-04-08T14:30:01+00:00\",\"breadcrumb\":{\"@id\":\"https:\/\/www.missionslocalesnormandie.fr\/mission-locale-bocage-bessin\/nous-contacter-2\/#breadcrumb\"},\"inLanguage\":\"fr-FR\",\"potentialAction\":[{\"@type\":\"ReadAction\",\"target\":[\"https:\/\/www.missionslocalesnormandie.fr\/mission-locale-bocage-bessin\/nous-contacter-2\/\"]}]},{\"@type\":\"BreadcrumbList\",\"@id\":\"https:\/\/www.missionslocalesnormandie.fr\/mission-locale-bocage-bessin\/nous-contacter-2\/#breadcrumb\",\"itemListElement\":[{\"@type\":\"ListItem\",\"position\":1,\"name\":\"Home\",\"item\":\"https:\/\/www.missionslocalesnormandie.fr\/mission-locale-bocage-bessin\/\"},{\"@type\":\"ListItem\",\"position\":2,\"name\":\"Nous contacter\"}]},{\"@type\":\"WebSite\",\"@id\":\"https:\/\/www.missionslocalesnormandie.fr\/mission-locale-bocage-bessin\/#website\",\"url\":\"https:\/\/www.missionslocalesnormandie.fr\/mission-locale-bocage-bessin\/\",\"name\":\"MISSION LOCALE DU BOCAGE AU BESSIN\",\"description\":\"\",\"potentialAction\":[{\"@type\":\"SearchAction\",\"target\":{\"@type\":\"EntryPoint\",\"urlTemplate\":\"https:\/\/www.missionslocalesnormandie.fr\/mission-locale-bocage-bessin\/?s={search_term_string}\"},\"query-input\":\"required name=search_term_string\"}],\"inLanguage\":\"fr-FR\"}]}<\/script>\n<!-- \/ Yoast SEO plugin. -->","yoast_head_json":{"title":"Nous contacter - MISSION LOCALE DU BOCAGE AU BESSIN","robots":{"index":"index","follow":"follow","max-snippet":"max-snippet:-1","max-image-preview":"max-image-preview:large","max-video-preview":"max-video-preview:-1"},"canonical":"https:\/\/www.missionslocalesnormandie.fr\/mission-locale-bocage-bessin\/nous-contacter-2\/","og_locale":"fr_FR","og_type":"article","og_title":"Nous contacter - MISSION LOCALE DU BOCAGE AU BESSIN","og_description":"Pour toute information relative \u00e0 un partenariat avec la Mission locale du Bocage au Bessin, merci de contacter : Marie Lefebvre, Directrice : m.lefebvre@mlbocagebessin.fr Catherine Vindard, Responsable de Secteur Bocage et charg\u00e9e de projets : c.vindard@mlbocagebessin.fr Aur\u00e9lie Docagne, Responsable de secteur Bessin et charg\u00e9e de projets : a.docagne@mlbocagebessin.fr","og_url":"https:\/\/www.missionslocalesnormandie.fr\/mission-locale-bocage-bessin\/nous-contacter-2\/","og_site_name":"MISSION LOCALE DU BOCAGE AU BESSIN","article_modified_time":"2024-04-08T14:30:01+00:00","twitter_card":"summary_large_image","twitter_misc":{"Dur\u00e9e de lecture estim\u00e9e":"1 minute"},"schema":{"@context":"https:\/\/schema.org","@graph":[{"@type":"WebPage","@id":"https:\/\/www.missionslocalesnormandie.fr\/mission-locale-bocage-bessin\/nous-contacter-2\/","url":"https:\/\/www.missionslocalesnormandie.fr\/mission-locale-bocage-bessin\/nous-contacter-2\/","name":"Nous contacter - MISSION LOCALE DU BOCAGE AU BESSIN","isPartOf":{"@id":"https:\/\/www.missionslocalesnormandie.fr\/mission-locale-bocage-bessin\/#website"},"datePublished":"2023-12-14T14:13:13+00:00","dateModified":"2024-04-08T14:30:01+00:00","breadcrumb":{"@id":"https:\/\/www.missionslocalesnormandie.fr\/mission-locale-bocage-bessin\/nous-contacter-2\/#breadcrumb"},"inLanguage":"fr-FR","potentialAction":[{"@type":"ReadAction","target":["https:\/\/www.missionslocalesnormandie.fr\/mission-locale-bocage-bessin\/nous-contacter-2\/"]}]},{"@type":"BreadcrumbList","@id":"https:\/\/www.missionslocalesnormandie.fr\/mission-locale-bocage-bessin\/nous-contacter-2\/#breadcrumb","itemListElement":[{"@type":"ListItem","position":1,"name":"Home","item":"https:\/\/www.missionslocalesnormandie.fr\/mission-locale-bocage-bessin\/"},{"@type":"ListItem","position":2,"name":"Nous contacter"}]},{"@type":"WebSite","@id":"https:\/\/www.missionslocalesnormandie.fr\/mission-locale-bocage-bessin\/#website","url":"https:\/\/www.missionslocalesnormandie.fr\/mission-locale-bocage-bessin\/","name":"MISSION LOCALE DU BOCAGE AU BESSIN","description":"","potentialAction":[{"@type":"SearchAction","target":{"@type":"EntryPoint","urlTemplate":"https:\/\/www.missionslocalesnormandie.fr\/mission-locale-bocage-bessin\/?s={search_term_string}"},"query-input":"required name=search_term_string"}],"inLanguage":"fr-FR"}]}},"_links":{"self":[{"href":"https:\/\/www.missionslocalesnormandie.fr\/mission-locale-bocage-bessin\/wp-json\/wp\/v2\/pages\/77"}],"collection":[{"href":"https:\/\/www.missionslocalesnormandie.fr\/mission-locale-bocage-bessin\/wp-json\/wp\/v2\/pages"}],"about":[{"href":"https:\/\/www.missionslocalesnormandie.fr\/mission-locale-bocage-bessin\/wp-json\/wp\/v2\/types\/page"}],"author":[{"embeddable":true,"href":"https:\/\/www.missionslocalesnormandie.fr\/mission-locale-bocage-bessin\/wp-json\/wp\/v2\/users\/1"}],"replies":[{"embeddable":true,"href":"https:\/\/www.missionslocalesnormandie.fr\/mission-locale-bocage-bessin\/wp-json\/wp\/v2\/comments?post=77"}],"version-history":[{"count":12,"href":"https:\/\/www.missionslocalesnormandie.fr\/mission-locale-bocage-bessin\/wp-json\/wp\/v2\/pages\/77\/revisions"}],"predecessor-version":[{"id":647,"href":"https:\/\/www.missionslocalesnormandie.fr\/mission-locale-bocage-bessin\/wp-json\/wp\/v2\/pages\/77\/revisions\/647"}],"wp:attachment":[{"href":"https:\/\/www.missionslocalesnormandie.fr\/mission-locale-bocage-bessin\/wp-json\/wp\/v2\/media?parent=77"}],"curies":[{"name":"wp","href":"https:\/\/api.w.org\/{rel}","templated":true}]}}