{"id":85,"date":"2023-12-14T15:14:07","date_gmt":"2023-12-14T14:14:07","guid":{"rendered":"https:\/\/www.missionslocalesnormandie.fr\/mission-locale-bocage-bessin\/?page_id=85"},"modified":"2025-09-25T12:43:09","modified_gmt":"2025-09-25T10:43:09","slug":"les-mesures-daides-a-lembauche","status":"publish","type":"page","link":"https:\/\/www.missionslocalesnormandie.fr\/mission-locale-bocage-bessin\/les-mesures-daides-a-lembauche\/","title":{"rendered":"Les mesures d\u2019aides \u00e0 l\u2019embauche"},"content":{"rendered":"\t\t<div data-elementor-type=\"wp-page\" data-elementor-id=\"85\" class=\"elementor elementor-85\">\n\t\t\t\t<div class=\"elementor-element elementor-element-e2c87e7 e-flex e-con-boxed e-con e-parent\" data-id=\"e2c87e7\" data-element_type=\"container\">\n\t\t\t\t\t<div class=\"e-con-inner\">\n\t\t<div class=\"elementor-element elementor-element-b64a55d e-con-full e-flex e-con e-child\" data-id=\"b64a55d\" data-element_type=\"container\">\n\t\t\t\t<div class=\"elementor-element elementor-element-527172a elementor-widget elementor-widget-block_simple_visuel\" data-id=\"527172a\" data-element_type=\"widget\" data-widget_type=\"block_simple_visuel.default\">\n\t\t\t\t<div class=\"elementor-widget-container\">\n\t\t\t    <div class=\"container\">\n        <figure>\n                        \n                                                            <a href=\"https:\/\/www.missionslocalesnormandie.fr\/content\/uploads\/sites\/13\/2024\/05\/aide-embauche-jeunes-862x580-1.jpg\">\n                    <img decoding=\"async\" src=\"https:\/\/www.missionslocalesnormandie.fr\/content\/uploads\/sites\/13\/2024\/05\/aide-embauche-jeunes-862x580-1-950x595-c-default.jpg\"\n                         alt=\"MISSION LOCALE DU BOCAGE AU BESSIN\"\/>\n                <\/a>\n            \n                    <\/figure>\n    <\/div>\n\t\t<\/div>\n\t\t\t\t<\/div>\n\t\t\t\t<\/div>\n\t\t<div class=\"elementor-element elementor-element-1b4582f e-con-full e-flex e-con e-child\" data-id=\"1b4582f\" data-element_type=\"container\">\n\t\t\t\t<div class=\"elementor-element elementor-element-652db6a elementor-widget elementor-widget-block_simple_texte\" data-id=\"652db6a\" data-element_type=\"widget\" data-widget_type=\"block_simple_texte.default\">\n\t\t\t\t<div class=\"elementor-widget-container\">\n\t\t\t    <div class=\"container\">\n        <p><span style=\"font-size: 14pt\"><strong><span style=\"color: #800080\">Vous souhaitez recruter mais que vous \u00e9prouvez des difficult\u00e9s ? Vous h\u00e9sitez ?<\/span><\/strong><\/span><\/p><p><span style=\"font-weight: 400\">Des mesures d\u2019aides existent, comme par exemple :<\/span><\/p><ul><li style=\"font-weight: 400\"><span style=\"font-weight: 400\">Contrat d\u2019apprentissage<\/span><\/li><li style=\"font-weight: 400\"><span style=\"font-weight: 400\">Contrat de professionnalisation<\/span><\/li><li style=\"font-weight: 400\"><span style=\"font-weight: 400\">Parcours Emploi Comp\u00e9tences (contrat PEC)<\/span><\/li><li>La PMSMP (immersion, stage pour faire d\u00e9couvrir vos m\u00e9tiers, consolider un projet professionnel, initier un recrutement).<\/li><\/ul><p><span style=\"font-weight: 400\">Nos charg\u00e9es relations entreprises sont l\u00e0 pour vous aider dans vos d\u00e9marches pour mettre en place ces diff\u00e9rentes mesures. <\/span><\/p>\n    <\/div>\n\t\t<\/div>\n\t\t\t\t<\/div>\n\t\t\t\t<\/div>\n\t\t\t\t\t<\/div>\n\t\t\t\t<\/div>\n\t\t<div class=\"elementor-element elementor-element-2d9ae91 e-flex e-con-boxed e-con e-parent\" data-id=\"2d9ae91\" data-element_type=\"container\">\n\t\t\t\t\t<div class=\"e-con-inner\">\n\t\t\t\t<div class=\"elementor-element elementor-element-d0d1d5d elementor-widget elementor-widget-block_simple_texte\" data-id=\"d0d1d5d\" data-element_type=\"widget\" data-widget_type=\"block_simple_texte.default\">\n\t\t\t\t<div class=\"elementor-widget-container\">\n\t\t\t    <div class=\"container\">\n        <p>Nos charg\u00e9es relations entreprises sont l\u00e0 pour vous aider dans vos d\u00e9marches pour mettre en place ces diff\u00e9rentes mesures.<\/p><p><span style=\"text-decoration: underline\">N\u2019\u2019h\u00e9sitez pas \u00e0 les contacter :<\/span><\/p><table style=\"width: 144.421%\"><tbody><tr><td style=\"width: 41.6584%\"><p style=\"text-align: justify\"><strong>Adeline Lechevallier-Harel :<\/strong><\/p><p>a.harel@mlbocagebessin.fr<\/p><p>07.89.05.36.26\/02.31.66.32.32<\/p><\/td><td style=\"width: 56.8099%\"><p><strong>Coralie Hamon :<\/strong><\/p><p>c.hamon@mlbocagebessin.fr<\/p><p>07.84.99.73.06\/02.31.92.60.55<\/p><\/td><\/tr><\/tbody><\/table>\n    <\/div>\n\t\t<\/div>\n\t\t\t\t<\/div>\n\t\t\t\t\t<\/div>\n\t\t\t\t<\/div>\n\t\t\t\t<\/div>\n\t\t","protected":false},"excerpt":{"rendered":"<p>Vous souhaitez recruter mais que vous \u00e9prouvez des difficult\u00e9s ? Vous h\u00e9sitez ? Des mesures d\u2019aides existent, comme par exemple : Contrat d\u2019apprentissage Contrat de professionnalisation Parcours Emploi Comp\u00e9tences (contrat PEC) La PMSMP (immersion, stage pour faire d\u00e9couvrir vos m\u00e9tiers, consolider un projet professionnel, initier un recrutement). Nos charg\u00e9es relations entreprises sont l\u00e0 pour vous [&hellip;]<\/p>\n","protected":false},"author":1,"featured_media":0,"parent":0,"menu_order":0,"comment_status":"closed","ping_status":"closed","template":"","meta":{"_acf_changed":false,"_crosspost_to_1":false,"_crosspost_to_2":false,"_crosspost_to_3":false,"_crosspost_to_4":false,"_crosspost_to_5":false,"_crosspost_to_6":false,"_crosspost_to_7":false,"_crosspost_to_8":false,"_crosspost_to_11":false,"_crosspost_to_12":false,"_crosspost_to_14":false,"_crosspost_to_15":false,"_crosspost_to_16":false,"inline_featured_image":false,"footnotes":""},"acf":[],"yoast_head":"<!-- This site is optimized with the Yoast SEO plugin v21.9.1 - https:\/\/yoast.com\/wordpress\/plugins\/seo\/ -->\n<title>Les mesures d\u2019aides \u00e0 l\u2019embauche - MISSION LOCALE DU BOCAGE AU BESSIN<\/title>\n<meta name=\"robots\" content=\"index, follow, max-snippet:-1, max-image-preview:large, max-video-preview:-1\" \/>\n<link rel=\"canonical\" href=\"https:\/\/www.missionslocalesnormandie.fr\/mission-locale-bocage-bessin\/les-mesures-daides-a-lembauche\/\" \/>\n<meta property=\"og:locale\" content=\"fr_FR\" \/>\n<meta property=\"og:type\" content=\"article\" \/>\n<meta property=\"og:title\" content=\"Les mesures d\u2019aides \u00e0 l\u2019embauche - MISSION LOCALE DU BOCAGE AU BESSIN\" \/>\n<meta property=\"og:description\" content=\"Vous souhaitez recruter mais que vous \u00e9prouvez des difficult\u00e9s ? Vous h\u00e9sitez ? Des mesures d\u2019aides existent, comme par exemple : Contrat d\u2019apprentissage Contrat de professionnalisation Parcours Emploi Comp\u00e9tences (contrat PEC) La PMSMP (immersion, stage pour faire d\u00e9couvrir vos m\u00e9tiers, consolider un projet professionnel, initier un recrutement). Nos charg\u00e9es relations entreprises sont l\u00e0 pour vous [&hellip;]\" \/>\n<meta property=\"og:url\" content=\"https:\/\/www.missionslocalesnormandie.fr\/mission-locale-bocage-bessin\/les-mesures-daides-a-lembauche\/\" \/>\n<meta property=\"og:site_name\" content=\"MISSION LOCALE DU BOCAGE AU BESSIN\" \/>\n<meta property=\"article:modified_time\" content=\"2025-09-25T10:43:09+00:00\" \/>\n<meta property=\"og:image\" content=\"https:\/\/www.missionslocalesnormandie.fr\/content\/uploads\/sites\/13\/2024\/05\/aide-embauche-jeunes-862x580-1-950x595-c-default.jpg\" \/>\n<meta name=\"twitter:card\" content=\"summary_large_image\" \/>\n<meta name=\"twitter:label1\" content=\"Dur\u00e9e de lecture estim\u00e9e\" \/>\n\t<meta name=\"twitter:data1\" content=\"1 minute\" \/>\n<script type=\"application\/ld+json\" class=\"yoast-schema-graph\">{\"@context\":\"https:\/\/schema.org\",\"@graph\":[{\"@type\":\"WebPage\",\"@id\":\"https:\/\/www.missionslocalesnormandie.fr\/mission-locale-bocage-bessin\/les-mesures-daides-a-lembauche\/\",\"url\":\"https:\/\/www.missionslocalesnormandie.fr\/mission-locale-bocage-bessin\/les-mesures-daides-a-lembauche\/\",\"name\":\"Les mesures d\u2019aides \u00e0 l\u2019embauche - MISSION LOCALE DU BOCAGE AU BESSIN\",\"isPartOf\":{\"@id\":\"https:\/\/www.missionslocalesnormandie.fr\/mission-locale-bocage-bessin\/#website\"},\"datePublished\":\"2023-12-14T14:14:07+00:00\",\"dateModified\":\"2025-09-25T10:43:09+00:00\",\"breadcrumb\":{\"@id\":\"https:\/\/www.missionslocalesnormandie.fr\/mission-locale-bocage-bessin\/les-mesures-daides-a-lembauche\/#breadcrumb\"},\"inLanguage\":\"fr-FR\",\"potentialAction\":[{\"@type\":\"ReadAction\",\"target\":[\"https:\/\/www.missionslocalesnormandie.fr\/mission-locale-bocage-bessin\/les-mesures-daides-a-lembauche\/\"]}]},{\"@type\":\"BreadcrumbList\",\"@id\":\"https:\/\/www.missionslocalesnormandie.fr\/mission-locale-bocage-bessin\/les-mesures-daides-a-lembauche\/#breadcrumb\",\"itemListElement\":[{\"@type\":\"ListItem\",\"position\":1,\"name\":\"Home\",\"item\":\"https:\/\/www.missionslocalesnormandie.fr\/mission-locale-bocage-bessin\/\"},{\"@type\":\"ListItem\",\"position\":2,\"name\":\"Les mesures d\u2019aides \u00e0 l\u2019embauche\"}]},{\"@type\":\"WebSite\",\"@id\":\"https:\/\/www.missionslocalesnormandie.fr\/mission-locale-bocage-bessin\/#website\",\"url\":\"https:\/\/www.missionslocalesnormandie.fr\/mission-locale-bocage-bessin\/\",\"name\":\"MISSION LOCALE DU BOCAGE AU BESSIN\",\"description\":\"\",\"potentialAction\":[{\"@type\":\"SearchAction\",\"target\":{\"@type\":\"EntryPoint\",\"urlTemplate\":\"https:\/\/www.missionslocalesnormandie.fr\/mission-locale-bocage-bessin\/?s={search_term_string}\"},\"query-input\":\"required name=search_term_string\"}],\"inLanguage\":\"fr-FR\"}]}<\/script>\n<!-- \/ Yoast SEO plugin. -->","yoast_head_json":{"title":"Les mesures d\u2019aides \u00e0 l\u2019embauche - MISSION LOCALE DU BOCAGE AU BESSIN","robots":{"index":"index","follow":"follow","max-snippet":"max-snippet:-1","max-image-preview":"max-image-preview:large","max-video-preview":"max-video-preview:-1"},"canonical":"https:\/\/www.missionslocalesnormandie.fr\/mission-locale-bocage-bessin\/les-mesures-daides-a-lembauche\/","og_locale":"fr_FR","og_type":"article","og_title":"Les mesures d\u2019aides \u00e0 l\u2019embauche - MISSION LOCALE DU BOCAGE AU BESSIN","og_description":"Vous souhaitez recruter mais que vous \u00e9prouvez des difficult\u00e9s ? Vous h\u00e9sitez ? Des mesures d\u2019aides existent, comme par exemple : Contrat d\u2019apprentissage Contrat de professionnalisation Parcours Emploi Comp\u00e9tences (contrat PEC) La PMSMP (immersion, stage pour faire d\u00e9couvrir vos m\u00e9tiers, consolider un projet professionnel, initier un recrutement). Nos charg\u00e9es relations entreprises sont l\u00e0 pour vous [&hellip;]","og_url":"https:\/\/www.missionslocalesnormandie.fr\/mission-locale-bocage-bessin\/les-mesures-daides-a-lembauche\/","og_site_name":"MISSION LOCALE DU BOCAGE AU BESSIN","article_modified_time":"2025-09-25T10:43:09+00:00","og_image":[{"url":"https:\/\/www.missionslocalesnormandie.fr\/content\/uploads\/sites\/13\/2024\/05\/aide-embauche-jeunes-862x580-1-950x595-c-default.jpg"}],"twitter_card":"summary_large_image","twitter_misc":{"Dur\u00e9e de lecture estim\u00e9e":"1 minute"},"schema":{"@context":"https:\/\/schema.org","@graph":[{"@type":"WebPage","@id":"https:\/\/www.missionslocalesnormandie.fr\/mission-locale-bocage-bessin\/les-mesures-daides-a-lembauche\/","url":"https:\/\/www.missionslocalesnormandie.fr\/mission-locale-bocage-bessin\/les-mesures-daides-a-lembauche\/","name":"Les mesures d\u2019aides \u00e0 l\u2019embauche - MISSION LOCALE DU BOCAGE AU BESSIN","isPartOf":{"@id":"https:\/\/www.missionslocalesnormandie.fr\/mission-locale-bocage-bessin\/#website"},"datePublished":"2023-12-14T14:14:07+00:00","dateModified":"2025-09-25T10:43:09+00:00","breadcrumb":{"@id":"https:\/\/www.missionslocalesnormandie.fr\/mission-locale-bocage-bessin\/les-mesures-daides-a-lembauche\/#breadcrumb"},"inLanguage":"fr-FR","potentialAction":[{"@type":"ReadAction","target":["https:\/\/www.missionslocalesnormandie.fr\/mission-locale-bocage-bessin\/les-mesures-daides-a-lembauche\/"]}]},{"@type":"BreadcrumbList","@id":"https:\/\/www.missionslocalesnormandie.fr\/mission-locale-bocage-bessin\/les-mesures-daides-a-lembauche\/#breadcrumb","itemListElement":[{"@type":"ListItem","position":1,"name":"Home","item":"https:\/\/www.missionslocalesnormandie.fr\/mission-locale-bocage-bessin\/"},{"@type":"ListItem","position":2,"name":"Les mesures d\u2019aides \u00e0 l\u2019embauche"}]},{"@type":"WebSite","@id":"https:\/\/www.missionslocalesnormandie.fr\/mission-locale-bocage-bessin\/#website","url":"https:\/\/www.missionslocalesnormandie.fr\/mission-locale-bocage-bessin\/","name":"MISSION LOCALE DU BOCAGE AU BESSIN","description":"","potentialAction":[{"@type":"SearchAction","target":{"@type":"EntryPoint","urlTemplate":"https:\/\/www.missionslocalesnormandie.fr\/mission-locale-bocage-bessin\/?s={search_term_string}"},"query-input":"required name=search_term_string"}],"inLanguage":"fr-FR"}]}},"_links":{"self":[{"href":"https:\/\/www.missionslocalesnormandie.fr\/mission-locale-bocage-bessin\/wp-json\/wp\/v2\/pages\/85"}],"collection":[{"href":"https:\/\/www.missionslocalesnormandie.fr\/mission-locale-bocage-bessin\/wp-json\/wp\/v2\/pages"}],"about":[{"href":"https:\/\/www.missionslocalesnormandie.fr\/mission-locale-bocage-bessin\/wp-json\/wp\/v2\/types\/page"}],"author":[{"embeddable":true,"href":"https:\/\/www.missionslocalesnormandie.fr\/mission-locale-bocage-bessin\/wp-json\/wp\/v2\/users\/1"}],"replies":[{"embeddable":true,"href":"https:\/\/www.missionslocalesnormandie.fr\/mission-locale-bocage-bessin\/wp-json\/wp\/v2\/comments?post=85"}],"version-history":[{"count":30,"href":"https:\/\/www.missionslocalesnormandie.fr\/mission-locale-bocage-bessin\/wp-json\/wp\/v2\/pages\/85\/revisions"}],"predecessor-version":[{"id":1433,"href":"https:\/\/www.missionslocalesnormandie.fr\/mission-locale-bocage-bessin\/wp-json\/wp\/v2\/pages\/85\/revisions\/1433"}],"wp:attachment":[{"href":"https:\/\/www.missionslocalesnormandie.fr\/mission-locale-bocage-bessin\/wp-json\/wp\/v2\/media?parent=85"}],"curies":[{"name":"wp","href":"https:\/\/api.w.org\/{rel}","templated":true}]}}