{"id":9,"date":"2023-12-14T14:42:24","date_gmt":"2023-12-14T13:42:24","guid":{"rendered":"https:\/\/www.missionslocalesnormandie.fr\/mission-locale-bocage-bessin\/?page_id=9"},"modified":"2024-05-15T12:05:04","modified_gmt":"2024-05-15T10:05:04","slug":"notre-organisation","status":"publish","type":"page","link":"https:\/\/www.missionslocalesnormandie.fr\/mission-locale-bocage-bessin\/notre-organisation\/","title":{"rendered":"Notre organisation"},"content":{"rendered":"\t\t<div data-elementor-type=\"wp-page\" data-elementor-id=\"9\" class=\"elementor elementor-9\">\n\t\t\t\t<div class=\"elementor-element elementor-element-eff6825 e-flex e-con-boxed e-con e-parent\" data-id=\"eff6825\" data-element_type=\"container\">\n\t\t\t\t\t<div class=\"e-con-inner\">\n\t\t\t\t<div class=\"elementor-element elementor-element-d8542f5 elementor-widget elementor-widget-block_titre\" data-id=\"d8542f5\" data-element_type=\"widget\" data-widget_type=\"block_titre.default\">\n\t\t\t\t<div class=\"elementor-widget-container\">\n\t\t\t    <div class=\"container\">\n        <h3>\n            Une association solide\n        <\/h3>\n    <\/div>\n\t\t<\/div>\n\t\t\t\t<\/div>\n\t\t\t\t\t<\/div>\n\t\t\t\t<\/div>\n\t\t<div class=\"elementor-element elementor-element-d9a908d e-flex e-con-boxed e-con e-parent\" data-id=\"d9a908d\" data-element_type=\"container\">\n\t\t\t\t\t<div class=\"e-con-inner\">\n\t\t<div class=\"elementor-element elementor-element-fddfc8d e-con-full e-flex e-con e-child\" data-id=\"fddfc8d\" data-element_type=\"container\">\n\t\t\t\t<div class=\"elementor-element elementor-element-ebff869 elementor-widget elementor-widget-block_simple_visuel\" data-id=\"ebff869\" data-element_type=\"widget\" data-widget_type=\"block_simple_visuel.default\">\n\t\t\t\t<div class=\"elementor-widget-container\">\n\t\t\t    <div class=\"container\">\n        <figure>\n                        \n                                                            <a href=\"https:\/\/www.missionslocalesnormandie.fr\/content\/uploads\/sites\/13\/2024\/05\/Nos-missions-675x425-c-default.jpg\">\n                    <img decoding=\"async\" src=\"https:\/\/www.missionslocalesnormandie.fr\/content\/uploads\/sites\/13\/2024\/05\/Nos-missions-675x425-c-default-950x595-c-default.jpg\"\n                         alt=\"MISSION LOCALE DU BOCAGE AU BESSIN\"\/>\n                <\/a>\n            \n                    <\/figure>\n    <\/div>\n\t\t<\/div>\n\t\t\t\t<\/div>\n\t\t\t\t<\/div>\n\t\t<div class=\"elementor-element elementor-element-97a3189 e-con-full e-flex e-con e-child\" data-id=\"97a3189\" data-element_type=\"container\">\n\t\t\t\t<div class=\"elementor-element elementor-element-6341f18 elementor-widget__width-initial elementor-widget elementor-widget-block_simple_texte\" data-id=\"6341f18\" data-element_type=\"widget\" data-widget_type=\"block_simple_texte.default\">\n\t\t\t\t<div class=\"elementor-widget-container\">\n\t\t\t    <div class=\"container\">\n        <p>La Mission Locale du Bocage au Bessin (ML2B) est une association loi 1901.<\/p><p>Elle est n\u00e9e en 2011 de la fusion de 2 structures : la PAIO du Bocage Virois et la PAIO du Bessin.<\/p><p>Depuis 2020, le territoire de Cond\u00e9 en Normandie a int\u00e9gr\u00e9 notre zone d\u2019intervention.<\/p><p>Nous intervenons donc aujourd\u2019hui sur un territoire compos\u00e9 de 139 communes et qui s\u2019\u00e9tend sur plus de 2000 km\u00b2.<\/p><p><span style=\"color: #008080;font-size: 12pt;font-family: tahoma, arial, helvetica, sans-serif\"><strong>En tant qu'association, la gouvernance de la structure est assur\u00e9e par un conseil d'administration pr\u00e9sid\u00e9 par Lucien BAZIN, adjoint au Maire de Vire Normandie et vice pr\u00e9sident au conseil communautaire de la Vire au Noireau (service \u00e9conomique).<\/strong><\/span><\/p>\n    <\/div>\n\t\t<\/div>\n\t\t\t\t<\/div>\n\t\t\t\t<\/div>\n\t\t\t\t\t<\/div>\n\t\t\t\t<\/div>\n\t\t<div class=\"elementor-element elementor-element-385663f e-flex e-con-boxed e-con e-parent\" data-id=\"385663f\" data-element_type=\"container\">\n\t\t\t\t\t<div class=\"e-con-inner\">\n\t\t\t\t<div class=\"elementor-element elementor-element-7b8d86d elementor-widget elementor-widget-block_titre\" data-id=\"7b8d86d\" data-element_type=\"widget\" data-widget_type=\"block_titre.default\">\n\t\t\t\t<div class=\"elementor-widget-container\">\n\t\t\t    <div class=\"container\">\n        <h3>\n            Une \u00e9quipe \u00e0 ton service\n        <\/h3>\n    <\/div>\n\t\t<\/div>\n\t\t\t\t<\/div>\n\t\t\t\t\t<\/div>\n\t\t\t\t<\/div>\n\t\t<div class=\"elementor-element elementor-element-2e624b9 e-flex e-con-boxed e-con e-parent\" data-id=\"2e624b9\" data-element_type=\"container\">\n\t\t\t\t\t<div class=\"e-con-inner\">\n\t\t\t\t<div class=\"elementor-element elementor-element-1587f24 elementor-widget elementor-widget-block_simple_texte\" data-id=\"1587f24\" data-element_type=\"widget\" data-widget_type=\"block_simple_texte.default\">\n\t\t\t\t<div class=\"elementor-widget-container\">\n\t\t\t    <div class=\"container\">\n        <p>La ML2B dont la directrice est\u00a0 Marie Lefebvre, compte 25 salari\u00e9s r\u00e9partis sur 3 sites\u00a0 principaux :<\/p><p>- <u>Bayeux : <\/u>10 salari\u00e9s : 1 r\u00e9f\u00e9rente \u00e9quipe, 1 charg\u00e9e d\u2019accueil et d\u2019animation, 1 charg\u00e9e relations entreprises et 7 conseillers en insertion sociale et professionnelle.<\/p><p>- <u>Cond\u00e9 en Normandie :<\/u> 2 conseill\u00e8res en insertion sociale et professionnelle.<\/p><p>- <u>Vire Normandie : <\/u>13 salari\u00e9s : 1 r\u00e9f\u00e9rente \u00e9quipe, 1 assistante de direction, 1 charg\u00e9e administrative, 1 charg\u00e9e relations entreprises et 7 conseillers en insertion sociale et professionnelle.<\/p>\n    <\/div>\n\t\t<\/div>\n\t\t\t\t<\/div>\n\t\t\t\t\t<\/div>\n\t\t\t\t<\/div>\n\t\t<div class=\"elementor-element elementor-element-7f7ed71 e-flex e-con-boxed e-con e-parent\" data-id=\"7f7ed71\" data-element_type=\"container\">\n\t\t\t\t\t<div class=\"e-con-inner\">\n\t\t<div class=\"elementor-element elementor-element-40f5213 e-con-full e-flex e-con e-child\" data-id=\"40f5213\" data-element_type=\"container\">\n\t\t\t\t<div class=\"elementor-element elementor-element-6b305da elementor-widget__width-initial elementor-widget elementor-widget-block_titre\" data-id=\"6b305da\" data-element_type=\"widget\" data-widget_type=\"block_titre.default\">\n\t\t\t\t<div class=\"elementor-widget-container\">\n\t\t\t    <div class=\"container\">\n        <h3>\n            Les autres missions locales\n        <\/h3>\n    <\/div>\n\t\t<\/div>\n\t\t\t\t<\/div>\n\t\t\t\t<\/div>\n\t\t\t\t<div class=\"elementor-element elementor-element-be50d16 elementor-widget__width-initial elementor-widget elementor-widget-block_simple_texte\" data-id=\"be50d16\" data-element_type=\"widget\" data-widget_type=\"block_simple_texte.default\">\n\t\t\t\t<div class=\"elementor-widget-container\">\n\t\t\t    <div class=\"container\">\n        <p>\u00a0<\/p><p style=\"text-align: justify\"><span style=\"font-weight: 400\">Chaque ville ou village de France d\u00e9pend d\u2019une Mission Locale qui est rattach\u00e9e \u00e0 son territoire. Donc m\u00eame si tu d\u00e9m\u00e9nages, tu pourras toujours profiter de nos services ! <\/span><\/p>\n    <\/div>\n\t\t<\/div>\n\t\t\t\t<\/div>\n\t\t<div class=\"elementor-element elementor-element-3632620 e-con-full e-flex e-con e-child\" data-id=\"3632620\" data-element_type=\"container\">\n\t\t\t\t<div class=\"elementor-element elementor-element-f79c0fd elementor-widget__width-initial elementor-widget elementor-widget-block_simple_visuel\" data-id=\"f79c0fd\" data-element_type=\"widget\" data-widget_type=\"block_simple_visuel.default\">\n\t\t\t\t<div class=\"elementor-widget-container\">\n\t\t\t    <div class=\"container\">\n        <figure>\n                        \n                                                            <a href=\"https:\/\/www.missionslocalesnormandie.fr\/content\/uploads\/sites\/13\/2024\/05\/Sans-titre-2.png\">\n                    <img decoding=\"async\" src=\"https:\/\/www.missionslocalesnormandie.fr\/content\/uploads\/sites\/13\/2024\/05\/Sans-titre-2-950x595-c-default.png\"\n                         alt=\"MISSION LOCALE DU BOCAGE AU BESSIN\"\/>\n                <\/a>\n            \n                    <\/figure>\n    <\/div>\n\t\t<\/div>\n\t\t\t\t<\/div>\n\t\t\t\t<\/div>\n\t\t\t\t\t<\/div>\n\t\t\t\t<\/div>\n\t\t\t\t<\/div>\n\t\t","protected":false},"excerpt":{"rendered":"<p>Une association solide La Mission Locale du Bocage au Bessin (ML2B) est une association loi 1901. Elle est n\u00e9e en 2011 de la fusion de 2 structures : la PAIO du Bocage Virois et la PAIO du Bessin. Depuis 2020, le territoire de Cond\u00e9 en Normandie a int\u00e9gr\u00e9 notre zone d\u2019intervention. Nous intervenons donc aujourd\u2019hui [&hellip;]<\/p>\n","protected":false},"author":1,"featured_media":0,"parent":0,"menu_order":0,"comment_status":"closed","ping_status":"closed","template":"","meta":{"_acf_changed":false,"_crosspost_to_1":false,"_crosspost_to_2":false,"_crosspost_to_3":false,"_crosspost_to_4":false,"_crosspost_to_5":false,"_crosspost_to_6":false,"_crosspost_to_7":false,"_crosspost_to_8":false,"_crosspost_to_11":false,"_crosspost_to_12":false,"_crosspost_to_14":false,"_crosspost_to_15":false,"_crosspost_to_16":false,"inline_featured_image":false,"footnotes":""},"acf":[],"yoast_head":"<!-- This site is optimized with the Yoast SEO plugin v21.9.1 - https:\/\/yoast.com\/wordpress\/plugins\/seo\/ -->\n<title>Notre organisation - MISSION LOCALE DU BOCAGE AU BESSIN<\/title>\n<meta name=\"robots\" content=\"index, follow, max-snippet:-1, max-image-preview:large, max-video-preview:-1\" \/>\n<link rel=\"canonical\" href=\"https:\/\/www.missionslocalesnormandie.fr\/mission-locale-bocage-bessin\/notre-organisation\/\" \/>\n<meta property=\"og:locale\" content=\"fr_FR\" \/>\n<meta property=\"og:type\" content=\"article\" \/>\n<meta property=\"og:title\" content=\"Notre organisation - MISSION LOCALE DU BOCAGE AU BESSIN\" \/>\n<meta property=\"og:description\" content=\"Une association solide La Mission Locale du Bocage au Bessin (ML2B) est une association loi 1901. Elle est n\u00e9e en 2011 de la fusion de 2 structures : la PAIO du Bocage Virois et la PAIO du Bessin. Depuis 2020, le territoire de Cond\u00e9 en Normandie a int\u00e9gr\u00e9 notre zone d\u2019intervention. Nous intervenons donc aujourd\u2019hui [&hellip;]\" \/>\n<meta property=\"og:url\" content=\"https:\/\/www.missionslocalesnormandie.fr\/mission-locale-bocage-bessin\/notre-organisation\/\" \/>\n<meta property=\"og:site_name\" content=\"MISSION LOCALE DU BOCAGE AU BESSIN\" \/>\n<meta property=\"article:modified_time\" content=\"2024-05-15T10:05:04+00:00\" \/>\n<meta property=\"og:image\" content=\"https:\/\/www.missionslocalesnormandie.fr\/content\/uploads\/sites\/13\/2024\/05\/Nos-missions-675x425-c-default-950x595-c-default.jpg\" \/>\n<meta name=\"twitter:card\" content=\"summary_large_image\" \/>\n<meta name=\"twitter:label1\" content=\"Dur\u00e9e de lecture estim\u00e9e\" \/>\n\t<meta name=\"twitter:data1\" content=\"2 minutes\" \/>\n<script type=\"application\/ld+json\" class=\"yoast-schema-graph\">{\"@context\":\"https:\/\/schema.org\",\"@graph\":[{\"@type\":\"WebPage\",\"@id\":\"https:\/\/www.missionslocalesnormandie.fr\/mission-locale-bocage-bessin\/notre-organisation\/\",\"url\":\"https:\/\/www.missionslocalesnormandie.fr\/mission-locale-bocage-bessin\/notre-organisation\/\",\"name\":\"Notre organisation - MISSION LOCALE DU BOCAGE AU BESSIN\",\"isPartOf\":{\"@id\":\"https:\/\/www.missionslocalesnormandie.fr\/mission-locale-bocage-bessin\/#website\"},\"datePublished\":\"2023-12-14T13:42:24+00:00\",\"dateModified\":\"2024-05-15T10:05:04+00:00\",\"breadcrumb\":{\"@id\":\"https:\/\/www.missionslocalesnormandie.fr\/mission-locale-bocage-bessin\/notre-organisation\/#breadcrumb\"},\"inLanguage\":\"fr-FR\",\"potentialAction\":[{\"@type\":\"ReadAction\",\"target\":[\"https:\/\/www.missionslocalesnormandie.fr\/mission-locale-bocage-bessin\/notre-organisation\/\"]}]},{\"@type\":\"BreadcrumbList\",\"@id\":\"https:\/\/www.missionslocalesnormandie.fr\/mission-locale-bocage-bessin\/notre-organisation\/#breadcrumb\",\"itemListElement\":[{\"@type\":\"ListItem\",\"position\":1,\"name\":\"Home\",\"item\":\"https:\/\/www.missionslocalesnormandie.fr\/mission-locale-bocage-bessin\/\"},{\"@type\":\"ListItem\",\"position\":2,\"name\":\"Notre organisation\"}]},{\"@type\":\"WebSite\",\"@id\":\"https:\/\/www.missionslocalesnormandie.fr\/mission-locale-bocage-bessin\/#website\",\"url\":\"https:\/\/www.missionslocalesnormandie.fr\/mission-locale-bocage-bessin\/\",\"name\":\"MISSION LOCALE DU BOCAGE AU BESSIN\",\"description\":\"\",\"potentialAction\":[{\"@type\":\"SearchAction\",\"target\":{\"@type\":\"EntryPoint\",\"urlTemplate\":\"https:\/\/www.missionslocalesnormandie.fr\/mission-locale-bocage-bessin\/?s={search_term_string}\"},\"query-input\":\"required name=search_term_string\"}],\"inLanguage\":\"fr-FR\"}]}<\/script>\n<!-- \/ Yoast SEO plugin. -->","yoast_head_json":{"title":"Notre organisation - MISSION LOCALE DU BOCAGE AU BESSIN","robots":{"index":"index","follow":"follow","max-snippet":"max-snippet:-1","max-image-preview":"max-image-preview:large","max-video-preview":"max-video-preview:-1"},"canonical":"https:\/\/www.missionslocalesnormandie.fr\/mission-locale-bocage-bessin\/notre-organisation\/","og_locale":"fr_FR","og_type":"article","og_title":"Notre organisation - MISSION LOCALE DU BOCAGE AU BESSIN","og_description":"Une association solide La Mission Locale du Bocage au Bessin (ML2B) est une association loi 1901. Elle est n\u00e9e en 2011 de la fusion de 2 structures : la PAIO du Bocage Virois et la PAIO du Bessin. Depuis 2020, le territoire de Cond\u00e9 en Normandie a int\u00e9gr\u00e9 notre zone d\u2019intervention. Nous intervenons donc aujourd\u2019hui [&hellip;]","og_url":"https:\/\/www.missionslocalesnormandie.fr\/mission-locale-bocage-bessin\/notre-organisation\/","og_site_name":"MISSION LOCALE DU BOCAGE AU BESSIN","article_modified_time":"2024-05-15T10:05:04+00:00","og_image":[{"url":"https:\/\/www.missionslocalesnormandie.fr\/content\/uploads\/sites\/13\/2024\/05\/Nos-missions-675x425-c-default-950x595-c-default.jpg"}],"twitter_card":"summary_large_image","twitter_misc":{"Dur\u00e9e de lecture estim\u00e9e":"2 minutes"},"schema":{"@context":"https:\/\/schema.org","@graph":[{"@type":"WebPage","@id":"https:\/\/www.missionslocalesnormandie.fr\/mission-locale-bocage-bessin\/notre-organisation\/","url":"https:\/\/www.missionslocalesnormandie.fr\/mission-locale-bocage-bessin\/notre-organisation\/","name":"Notre organisation - MISSION LOCALE DU BOCAGE AU BESSIN","isPartOf":{"@id":"https:\/\/www.missionslocalesnormandie.fr\/mission-locale-bocage-bessin\/#website"},"datePublished":"2023-12-14T13:42:24+00:00","dateModified":"2024-05-15T10:05:04+00:00","breadcrumb":{"@id":"https:\/\/www.missionslocalesnormandie.fr\/mission-locale-bocage-bessin\/notre-organisation\/#breadcrumb"},"inLanguage":"fr-FR","potentialAction":[{"@type":"ReadAction","target":["https:\/\/www.missionslocalesnormandie.fr\/mission-locale-bocage-bessin\/notre-organisation\/"]}]},{"@type":"BreadcrumbList","@id":"https:\/\/www.missionslocalesnormandie.fr\/mission-locale-bocage-bessin\/notre-organisation\/#breadcrumb","itemListElement":[{"@type":"ListItem","position":1,"name":"Home","item":"https:\/\/www.missionslocalesnormandie.fr\/mission-locale-bocage-bessin\/"},{"@type":"ListItem","position":2,"name":"Notre organisation"}]},{"@type":"WebSite","@id":"https:\/\/www.missionslocalesnormandie.fr\/mission-locale-bocage-bessin\/#website","url":"https:\/\/www.missionslocalesnormandie.fr\/mission-locale-bocage-bessin\/","name":"MISSION LOCALE DU BOCAGE AU BESSIN","description":"","potentialAction":[{"@type":"SearchAction","target":{"@type":"EntryPoint","urlTemplate":"https:\/\/www.missionslocalesnormandie.fr\/mission-locale-bocage-bessin\/?s={search_term_string}"},"query-input":"required name=search_term_string"}],"inLanguage":"fr-FR"}]}},"_links":{"self":[{"href":"https:\/\/www.missionslocalesnormandie.fr\/mission-locale-bocage-bessin\/wp-json\/wp\/v2\/pages\/9"}],"collection":[{"href":"https:\/\/www.missionslocalesnormandie.fr\/mission-locale-bocage-bessin\/wp-json\/wp\/v2\/pages"}],"about":[{"href":"https:\/\/www.missionslocalesnormandie.fr\/mission-locale-bocage-bessin\/wp-json\/wp\/v2\/types\/page"}],"author":[{"embeddable":true,"href":"https:\/\/www.missionslocalesnormandie.fr\/mission-locale-bocage-bessin\/wp-json\/wp\/v2\/users\/1"}],"replies":[{"embeddable":true,"href":"https:\/\/www.missionslocalesnormandie.fr\/mission-locale-bocage-bessin\/wp-json\/wp\/v2\/comments?post=9"}],"version-history":[{"count":97,"href":"https:\/\/www.missionslocalesnormandie.fr\/mission-locale-bocage-bessin\/wp-json\/wp\/v2\/pages\/9\/revisions"}],"predecessor-version":[{"id":1253,"href":"https:\/\/www.missionslocalesnormandie.fr\/mission-locale-bocage-bessin\/wp-json\/wp\/v2\/pages\/9\/revisions\/1253"}],"wp:attachment":[{"href":"https:\/\/www.missionslocalesnormandie.fr\/mission-locale-bocage-bessin\/wp-json\/wp\/v2\/media?parent=9"}],"curies":[{"name":"wp","href":"https:\/\/api.w.org\/{rel}","templated":true}]}}