{"id":92,"date":"2023-12-14T15:15:29","date_gmt":"2023-12-14T14:15:29","guid":{"rendered":"https:\/\/www.missionslocalesnormandie.fr\/mission-locale-bocage-bessin\/?page_id=92"},"modified":"2025-09-25T12:44:36","modified_gmt":"2025-09-25T10:44:36","slug":"les-mesures-daides-a-la-formation-en-emploi","status":"publish","type":"page","link":"https:\/\/www.missionslocalesnormandie.fr\/mission-locale-bocage-bessin\/les-mesures-daides-a-la-formation-en-emploi\/","title":{"rendered":"Le service civique"},"content":{"rendered":"\t\t<div data-elementor-type=\"wp-page\" data-elementor-id=\"92\" class=\"elementor elementor-92\">\n\t\t\t\t<div class=\"elementor-element elementor-element-aa90b02 e-flex e-con-boxed e-con e-parent\" data-id=\"aa90b02\" data-element_type=\"container\">\n\t\t\t\t\t<div class=\"e-con-inner\">\n\t\t\t\t<div class=\"elementor-element elementor-element-00112f8 elementor-widget elementor-widget-block_titre\" data-id=\"00112f8\" data-element_type=\"widget\" data-widget_type=\"block_titre.default\">\n\t\t\t\t<div class=\"elementor-widget-container\">\n\t\t\t    <div class=\"container\">\n        <h2>\n            B\u00e9n\u00e9ficiez des services d\u2019un volontaire avec notre Plateforme d'interm\u00e9diation des services civiques !\n        <\/h2>\n    <\/div>\n\t\t<\/div>\n\t\t\t\t<\/div>\n\t\t\t\t\t<\/div>\n\t\t\t\t<\/div>\n\t\t<div class=\"elementor-element elementor-element-d50e665 e-flex e-con-boxed e-con e-parent\" data-id=\"d50e665\" data-element_type=\"container\">\n\t\t\t\t\t<div class=\"e-con-inner\">\n\t\t<div class=\"elementor-element elementor-element-dd49685 e-con-full e-flex e-con e-child\" data-id=\"dd49685\" data-element_type=\"container\">\n\t\t\t\t<div class=\"elementor-element elementor-element-5d9859e elementor-widget elementor-widget-block_simple_texte\" data-id=\"5d9859e\" data-element_type=\"widget\" data-widget_type=\"block_simple_texte.default\">\n\t\t\t\t<div class=\"elementor-widget-container\">\n\t\t\t    <div class=\"container\">\n        <p><span style=\"color: #ff6600\"><strong>Pourquoi choisir un service civique ?<\/strong><\/span><\/p><p>Accueillir un <strong>volontaire en service civique<\/strong> c\u2019est b\u00e9n\u00e9ficier\u2026<\/p><ul><li>Du temps,<\/li><li>Des id\u00e9es,<\/li><li>De l\u2019engagement<\/li><li>Et du dynamisme d\u2019<strong>un jeune de 16 \u00e0 25 an<\/strong>s !<\/li><\/ul>\n    <\/div>\n\t\t<\/div>\n\t\t\t\t<\/div>\n\t\t\t\t<\/div>\n\t\t<div class=\"elementor-element elementor-element-944fc78 e-con-full e-flex e-con e-child\" data-id=\"944fc78\" data-element_type=\"container\">\n\t\t\t\t<div class=\"elementor-element elementor-element-859fd81 elementor-widget__width-initial elementor-widget elementor-widget-block_simple_visuel\" data-id=\"859fd81\" data-element_type=\"widget\" data-widget_type=\"block_simple_visuel.default\">\n\t\t\t\t<div class=\"elementor-widget-container\">\n\t\t\t    <div class=\"container\">\n        <figure>\n                        \n                                                            <a href=\"https:\/\/www.missionslocalesnormandie.fr\/content\/uploads\/sites\/13\/2024\/05\/Service-Civique-Man.png\">\n                    <img decoding=\"async\" src=\"https:\/\/www.missionslocalesnormandie.fr\/content\/uploads\/sites\/13\/2024\/05\/Service-Civique-Man-950x595-c-default.png\"\n                         alt=\"MISSION LOCALE DU BOCAGE AU BESSIN\"\/>\n                <\/a>\n            \n                    <\/figure>\n    <\/div>\n\t\t<\/div>\n\t\t\t\t<\/div>\n\t\t\t\t<\/div>\n\t\t<div class=\"elementor-element elementor-element-e07baba e-con-full e-flex e-con e-child\" data-id=\"e07baba\" data-element_type=\"container\">\n\t\t\t\t<div class=\"elementor-element elementor-element-bf85a34 elementor-widget elementor-widget-block_simple_texte\" data-id=\"bf85a34\" data-element_type=\"widget\" data-widget_type=\"block_simple_texte.default\">\n\t\t\t\t<div class=\"elementor-widget-container\">\n\t\t\t    <div class=\"container\">\n        <p><span style=\"color: #ff6600\"><strong>Pour quelles structures ?<\/strong><\/span><\/p><p>L\u2019accueil d\u2019un jeune est r\u00e9serv\u00e9 aux structures qui \u0153uvrent \u00e0 l\u2019int\u00e9r\u00eat g\u00e9n\u00e9ral, parmi lesquelles :<\/p><p>\u2022 Organismes \u00e0 but non lucratif<br \/>\u2022 Associations<br \/>\u2022 Fondations<br \/>\u2022 Collectivit\u00e9s territoriales<br \/>\u2022 \u00c9tablissements publics<br \/>\u2022 Services de l\u2019Etat<\/p>\n    <\/div>\n\t\t<\/div>\n\t\t\t\t<\/div>\n\t\t\t\t<\/div>\n\t\t<div class=\"elementor-element elementor-element-8a29a32 e-con-full e-flex e-con e-child\" data-id=\"8a29a32\" data-element_type=\"container\">\n\t\t\t\t<div class=\"elementor-element elementor-element-446664a elementor-widget elementor-widget-block_simple_texte\" data-id=\"446664a\" data-element_type=\"widget\" data-widget_type=\"block_simple_texte.default\">\n\t\t\t\t<div class=\"elementor-widget-container\">\n\t\t\t    <div class=\"container\">\n        <p><span style=\"color: #ff6600\"><strong>Combien \u00e7a coute ?<\/strong><\/span><\/p><p>Pour un <strong>co\u00fbt de 114,85 euros\/mois pour l\u2019organisme d\u2019accuei<\/strong>l (24h \u00e0 28h\/semaine sur 6 \u00e0 9 mois).<\/p><p>Le volontaire percevra quant \u00e0 lui une indemnit\u00e9 totale de 609,95 euros gr\u00e2ce aux versements de l\u2019ASP.\u00a0<\/p>\n    <\/div>\n\t\t<\/div>\n\t\t\t\t<\/div>\n\t\t\t\t<\/div>\n\t\t<div class=\"elementor-element elementor-element-c0cfccf e-con-full e-flex e-con e-child\" data-id=\"c0cfccf\" data-element_type=\"container\">\n\t\t\t\t<div class=\"elementor-element elementor-element-f5a04c6 elementor-widget__width-initial elementor-widget elementor-widget-block_simple_texte\" data-id=\"f5a04c6\" data-element_type=\"widget\" data-widget_type=\"block_simple_texte.default\">\n\t\t\t\t<div class=\"elementor-widget-container\">\n\t\t\t    <div class=\"container\">\n        <p><span style=\"color: #ff6600\"><strong>Pourquoi passer par la Mission Locale ?<\/strong><\/span><\/p><p>La Mission Locale du Bocage au Bessin est labellis\u00e9e <strong>\u00ab Plateforme de Service civique \u00bb<\/strong>.<strong><br \/><\/strong>Vos d\u00e9marches sont simplifi\u00e9s et vous b\u00e9n\u00e9ficiez ainsi de :<\/p><table style=\"border-collapse: collapse;width: 100%\"><tbody><tr><td style=\"width: 57.0988%\"><ul><li>L' aide \u00e0 la d\u00e9finition de la mission,<\/li><li>La diffusion de la mission,<\/li><li>La recherche de jeunes volontaires,<\/li><li>L' enregistrement du contrat et convention de mise \u00e0 disposition,<\/li><\/ul><\/td><td style=\"width: 42.9012%\"><ul><li>L' organisation des formations obligatoires pour le volontaire et le tuteur,<\/li><li>L' accompagnement du volontaire sur son projet pendant et apr\u00e8s sa mission<\/li><\/ul><\/td><\/tr><\/tbody><\/table>\n    <\/div>\n\t\t<\/div>\n\t\t\t\t<\/div>\n\t\t\t\t<\/div>\n\t\t\t\t\t<\/div>\n\t\t\t\t<\/div>\n\t\t<div class=\"elementor-element elementor-element-5c17414 e-flex e-con-boxed e-con e-parent\" data-id=\"5c17414\" data-element_type=\"container\">\n\t\t\t\t\t<div class=\"e-con-inner\">\n\t\t\t\t<div class=\"elementor-element elementor-element-b77e8a8 elementor-widget elementor-widget-block_simple_texte\" data-id=\"b77e8a8\" data-element_type=\"widget\" data-widget_type=\"block_simple_texte.default\">\n\t\t\t\t<div class=\"elementor-widget-container\">\n\t\t\t    <div class=\"container\">\n        <p><span style=\"text-decoration: underline\"><span style=\"color: #993366\"><strong>Envie d\u2019en savoir plus\u00a0?\u00a0 Rapprochez vous de nos Charg\u00e9es Relations Entreprises.<\/strong><\/span><\/span><\/p><table style=\"border-collapse: collapse;width: 99.325%;height: 188px\"><tbody><tr><td style=\"width: 59.1518%\"><p><strong><u>Pour le territoire du Bocage et de Cond\u00e9 en Normandie<\/u><\/strong><\/p><p><strong>Adeline Lechevallier-Harel :<\/strong><\/p><p>07.89.05.36.26\/02.31.66.32.32<\/p><p>a.harel@mlbocagebessin.fr<\/p><\/td><td style=\"width: 40.8482%\"><p><strong><u>Pour le territoire du Bessin et du Pr\u00e9-Bocage<\/u><\/strong><\/p><p><strong>Coralie Hamon :<\/strong><\/p><p>07.84.99.73.06\/02.31.92.60.55<\/p><p>c.hamon@mlbocagebessin.fr<\/p><\/td><\/tr><\/tbody><\/table>\n    <\/div>\n\t\t<\/div>\n\t\t\t\t<\/div>\n\t\t\t\t\t<\/div>\n\t\t\t\t<\/div>\n\t\t\t\t<\/div>\n\t\t","protected":false},"excerpt":{"rendered":"<p>B\u00e9n\u00e9ficiez des services d\u2019un volontaire avec notre Plateforme d&#8217;interm\u00e9diation des services civiques ! Pourquoi choisir un service civique ? Accueillir un volontaire en service civique c\u2019est b\u00e9n\u00e9ficier\u2026 Du temps, Des id\u00e9es, De l\u2019engagement Et du dynamisme d\u2019un jeune de 16 \u00e0 25 ans ! Pour quelles structures ? L\u2019accueil d\u2019un jeune est r\u00e9serv\u00e9 aux structures [&hellip;]<\/p>\n","protected":false},"author":1,"featured_media":0,"parent":0,"menu_order":0,"comment_status":"closed","ping_status":"closed","template":"","meta":{"_acf_changed":false,"_crosspost_to_1":false,"_crosspost_to_2":false,"_crosspost_to_3":false,"_crosspost_to_4":false,"_crosspost_to_5":false,"_crosspost_to_6":false,"_crosspost_to_7":false,"_crosspost_to_8":false,"_crosspost_to_11":false,"_crosspost_to_12":false,"_crosspost_to_14":false,"_crosspost_to_15":false,"_crosspost_to_16":false,"inline_featured_image":false,"footnotes":""},"acf":[],"yoast_head":"<!-- This site is optimized with the Yoast SEO plugin v21.9.1 - https:\/\/yoast.com\/wordpress\/plugins\/seo\/ -->\n<title>Le service civique - MISSION LOCALE DU BOCAGE AU BESSIN<\/title>\n<meta name=\"robots\" content=\"index, follow, max-snippet:-1, max-image-preview:large, max-video-preview:-1\" \/>\n<link rel=\"canonical\" href=\"https:\/\/www.missionslocalesnormandie.fr\/mission-locale-bocage-bessin\/les-mesures-daides-a-la-formation-en-emploi\/\" \/>\n<meta property=\"og:locale\" content=\"fr_FR\" \/>\n<meta property=\"og:type\" content=\"article\" \/>\n<meta property=\"og:title\" content=\"Le service civique - MISSION LOCALE DU BOCAGE AU BESSIN\" \/>\n<meta property=\"og:description\" content=\"B\u00e9n\u00e9ficiez des services d\u2019un volontaire avec notre Plateforme d&#8217;interm\u00e9diation des services civiques ! Pourquoi choisir un service civique ? Accueillir un volontaire en service civique c\u2019est b\u00e9n\u00e9ficier\u2026 Du temps, Des id\u00e9es, De l\u2019engagement Et du dynamisme d\u2019un jeune de 16 \u00e0 25 ans ! Pour quelles structures ? L\u2019accueil d\u2019un jeune est r\u00e9serv\u00e9 aux structures [&hellip;]\" \/>\n<meta property=\"og:url\" content=\"https:\/\/www.missionslocalesnormandie.fr\/mission-locale-bocage-bessin\/les-mesures-daides-a-la-formation-en-emploi\/\" \/>\n<meta property=\"og:site_name\" content=\"MISSION LOCALE DU BOCAGE AU BESSIN\" \/>\n<meta property=\"article:modified_time\" content=\"2025-09-25T10:44:36+00:00\" \/>\n<meta property=\"og:image\" content=\"https:\/\/www.missionslocalesnormandie.fr\/content\/uploads\/sites\/13\/2024\/05\/Service-Civique-Man-950x595-c-default.png\" \/>\n<meta name=\"twitter:card\" content=\"summary_large_image\" \/>\n<meta name=\"twitter:label1\" content=\"Dur\u00e9e de lecture estim\u00e9e\" \/>\n\t<meta name=\"twitter:data1\" content=\"2 minutes\" \/>\n<script type=\"application\/ld+json\" class=\"yoast-schema-graph\">{\"@context\":\"https:\/\/schema.org\",\"@graph\":[{\"@type\":\"WebPage\",\"@id\":\"https:\/\/www.missionslocalesnormandie.fr\/mission-locale-bocage-bessin\/les-mesures-daides-a-la-formation-en-emploi\/\",\"url\":\"https:\/\/www.missionslocalesnormandie.fr\/mission-locale-bocage-bessin\/les-mesures-daides-a-la-formation-en-emploi\/\",\"name\":\"Le service civique - MISSION LOCALE DU BOCAGE AU BESSIN\",\"isPartOf\":{\"@id\":\"https:\/\/www.missionslocalesnormandie.fr\/mission-locale-bocage-bessin\/#website\"},\"datePublished\":\"2023-12-14T14:15:29+00:00\",\"dateModified\":\"2025-09-25T10:44:36+00:00\",\"breadcrumb\":{\"@id\":\"https:\/\/www.missionslocalesnormandie.fr\/mission-locale-bocage-bessin\/les-mesures-daides-a-la-formation-en-emploi\/#breadcrumb\"},\"inLanguage\":\"fr-FR\",\"potentialAction\":[{\"@type\":\"ReadAction\",\"target\":[\"https:\/\/www.missionslocalesnormandie.fr\/mission-locale-bocage-bessin\/les-mesures-daides-a-la-formation-en-emploi\/\"]}]},{\"@type\":\"BreadcrumbList\",\"@id\":\"https:\/\/www.missionslocalesnormandie.fr\/mission-locale-bocage-bessin\/les-mesures-daides-a-la-formation-en-emploi\/#breadcrumb\",\"itemListElement\":[{\"@type\":\"ListItem\",\"position\":1,\"name\":\"Home\",\"item\":\"https:\/\/www.missionslocalesnormandie.fr\/mission-locale-bocage-bessin\/\"},{\"@type\":\"ListItem\",\"position\":2,\"name\":\"Le service civique\"}]},{\"@type\":\"WebSite\",\"@id\":\"https:\/\/www.missionslocalesnormandie.fr\/mission-locale-bocage-bessin\/#website\",\"url\":\"https:\/\/www.missionslocalesnormandie.fr\/mission-locale-bocage-bessin\/\",\"name\":\"MISSION LOCALE DU BOCAGE AU BESSIN\",\"description\":\"\",\"potentialAction\":[{\"@type\":\"SearchAction\",\"target\":{\"@type\":\"EntryPoint\",\"urlTemplate\":\"https:\/\/www.missionslocalesnormandie.fr\/mission-locale-bocage-bessin\/?s={search_term_string}\"},\"query-input\":\"required name=search_term_string\"}],\"inLanguage\":\"fr-FR\"}]}<\/script>\n<!-- \/ Yoast SEO plugin. -->","yoast_head_json":{"title":"Le service civique - MISSION LOCALE DU BOCAGE AU BESSIN","robots":{"index":"index","follow":"follow","max-snippet":"max-snippet:-1","max-image-preview":"max-image-preview:large","max-video-preview":"max-video-preview:-1"},"canonical":"https:\/\/www.missionslocalesnormandie.fr\/mission-locale-bocage-bessin\/les-mesures-daides-a-la-formation-en-emploi\/","og_locale":"fr_FR","og_type":"article","og_title":"Le service civique - MISSION LOCALE DU BOCAGE AU BESSIN","og_description":"B\u00e9n\u00e9ficiez des services d\u2019un volontaire avec notre Plateforme d&#8217;interm\u00e9diation des services civiques ! Pourquoi choisir un service civique ? Accueillir un volontaire en service civique c\u2019est b\u00e9n\u00e9ficier\u2026 Du temps, Des id\u00e9es, De l\u2019engagement Et du dynamisme d\u2019un jeune de 16 \u00e0 25 ans ! Pour quelles structures ? L\u2019accueil d\u2019un jeune est r\u00e9serv\u00e9 aux structures [&hellip;]","og_url":"https:\/\/www.missionslocalesnormandie.fr\/mission-locale-bocage-bessin\/les-mesures-daides-a-la-formation-en-emploi\/","og_site_name":"MISSION LOCALE DU BOCAGE AU BESSIN","article_modified_time":"2025-09-25T10:44:36+00:00","og_image":[{"url":"https:\/\/www.missionslocalesnormandie.fr\/content\/uploads\/sites\/13\/2024\/05\/Service-Civique-Man-950x595-c-default.png"}],"twitter_card":"summary_large_image","twitter_misc":{"Dur\u00e9e de lecture estim\u00e9e":"2 minutes"},"schema":{"@context":"https:\/\/schema.org","@graph":[{"@type":"WebPage","@id":"https:\/\/www.missionslocalesnormandie.fr\/mission-locale-bocage-bessin\/les-mesures-daides-a-la-formation-en-emploi\/","url":"https:\/\/www.missionslocalesnormandie.fr\/mission-locale-bocage-bessin\/les-mesures-daides-a-la-formation-en-emploi\/","name":"Le service civique - MISSION LOCALE DU BOCAGE AU BESSIN","isPartOf":{"@id":"https:\/\/www.missionslocalesnormandie.fr\/mission-locale-bocage-bessin\/#website"},"datePublished":"2023-12-14T14:15:29+00:00","dateModified":"2025-09-25T10:44:36+00:00","breadcrumb":{"@id":"https:\/\/www.missionslocalesnormandie.fr\/mission-locale-bocage-bessin\/les-mesures-daides-a-la-formation-en-emploi\/#breadcrumb"},"inLanguage":"fr-FR","potentialAction":[{"@type":"ReadAction","target":["https:\/\/www.missionslocalesnormandie.fr\/mission-locale-bocage-bessin\/les-mesures-daides-a-la-formation-en-emploi\/"]}]},{"@type":"BreadcrumbList","@id":"https:\/\/www.missionslocalesnormandie.fr\/mission-locale-bocage-bessin\/les-mesures-daides-a-la-formation-en-emploi\/#breadcrumb","itemListElement":[{"@type":"ListItem","position":1,"name":"Home","item":"https:\/\/www.missionslocalesnormandie.fr\/mission-locale-bocage-bessin\/"},{"@type":"ListItem","position":2,"name":"Le service civique"}]},{"@type":"WebSite","@id":"https:\/\/www.missionslocalesnormandie.fr\/mission-locale-bocage-bessin\/#website","url":"https:\/\/www.missionslocalesnormandie.fr\/mission-locale-bocage-bessin\/","name":"MISSION LOCALE DU BOCAGE AU BESSIN","description":"","potentialAction":[{"@type":"SearchAction","target":{"@type":"EntryPoint","urlTemplate":"https:\/\/www.missionslocalesnormandie.fr\/mission-locale-bocage-bessin\/?s={search_term_string}"},"query-input":"required name=search_term_string"}],"inLanguage":"fr-FR"}]}},"_links":{"self":[{"href":"https:\/\/www.missionslocalesnormandie.fr\/mission-locale-bocage-bessin\/wp-json\/wp\/v2\/pages\/92"}],"collection":[{"href":"https:\/\/www.missionslocalesnormandie.fr\/mission-locale-bocage-bessin\/wp-json\/wp\/v2\/pages"}],"about":[{"href":"https:\/\/www.missionslocalesnormandie.fr\/mission-locale-bocage-bessin\/wp-json\/wp\/v2\/types\/page"}],"author":[{"embeddable":true,"href":"https:\/\/www.missionslocalesnormandie.fr\/mission-locale-bocage-bessin\/wp-json\/wp\/v2\/users\/1"}],"replies":[{"embeddable":true,"href":"https:\/\/www.missionslocalesnormandie.fr\/mission-locale-bocage-bessin\/wp-json\/wp\/v2\/comments?post=92"}],"version-history":[{"count":55,"href":"https:\/\/www.missionslocalesnormandie.fr\/mission-locale-bocage-bessin\/wp-json\/wp\/v2\/pages\/92\/revisions"}],"predecessor-version":[{"id":1436,"href":"https:\/\/www.missionslocalesnormandie.fr\/mission-locale-bocage-bessin\/wp-json\/wp\/v2\/pages\/92\/revisions\/1436"}],"wp:attachment":[{"href":"https:\/\/www.missionslocalesnormandie.fr\/mission-locale-bocage-bessin\/wp-json\/wp\/v2\/media?parent=92"}],"curies":[{"name":"wp","href":"https:\/\/api.w.org\/{rel}","templated":true}]}}