{"id":162,"date":"2023-12-14T15:37:19","date_gmt":"2023-12-14T14:37:19","guid":{"rendered":"https:\/\/www.missionslocalesnormandie.fr\/mission-locale-louviers-valdereuil-andelle\/?page_id=162"},"modified":"2024-04-15T12:24:56","modified_gmt":"2024-04-15T10:24:56","slug":"me-former","status":"publish","type":"page","link":"https:\/\/www.missionslocalesnormandie.fr\/mission-locale-louviers-valdereuil-andelle\/me-former\/","title":{"rendered":"M&#8217;orienter\/Me former"},"content":{"rendered":"\t\t<div data-elementor-type=\"wp-page\" data-elementor-id=\"162\" class=\"elementor elementor-162\">\n\t\t\t\t<div class=\"elementor-element elementor-element-f8e4a11 e-flex e-con-boxed e-con e-parent\" data-id=\"f8e4a11\" data-element_type=\"container\">\n\t\t\t\t\t<div class=\"e-con-inner\">\n\t\t<div class=\"elementor-element elementor-element-e80a60f e-con-full e-flex e-con e-child\" data-id=\"e80a60f\" data-element_type=\"container\">\n\t\t\t\t<div class=\"elementor-element elementor-element-dd030bf elementor-widget elementor-widget-block_simple_visuel\" data-id=\"dd030bf\" data-element_type=\"widget\" data-widget_type=\"block_simple_visuel.default\">\n\t\t\t\t<div class=\"elementor-widget-container\">\n\t\t\t    <div class=\"container\">\n        <figure>\n                        \n                                                            <a href=\"https:\/\/www.missionslocalesnormandie.fr\/content\/uploads\/sites\/12\/2024\/04\/orienteren-ml-scaled.jpg\">\n                    <img decoding=\"async\" src=\"https:\/\/www.missionslocalesnormandie.fr\/content\/uploads\/sites\/12\/2024\/04\/orienteren-ml-scaled-950x595-c-default.jpg\"\n                         alt=\"MISSION LOCALE LOUVIERS-VAL DE REUIL-ANDELLE\"\/>\n                <\/a>\n            \n                    <\/figure>\n    <\/div>\n\t\t<\/div>\n\t\t\t\t<\/div>\n\t\t\t\t<\/div>\n\t\t<div class=\"elementor-element elementor-element-168d280 e-con-full e-flex e-con e-child\" data-id=\"168d280\" data-element_type=\"container\">\n\t\t\t\t<div class=\"elementor-element elementor-element-637a713 elementor-widget elementor-widget-block_titre\" data-id=\"637a713\" data-element_type=\"widget\" data-widget_type=\"block_titre.default\">\n\t\t\t\t<div class=\"elementor-widget-container\">\n\t\t\t    <div class=\"container\">\n        <h3>\n            La Mission Locale t'accompagne dans la construction de ton projet professionnel.\n        <\/h3>\n    <\/div>\n\t\t<\/div>\n\t\t\t\t<\/div>\n\t\t\t\t<div class=\"elementor-element elementor-element-1a8a250 elementor-widget elementor-widget-block_simple_texte\" data-id=\"1a8a250\" data-element_type=\"widget\" data-widget_type=\"block_simple_texte.default\">\n\t\t\t\t<div class=\"elementor-widget-container\">\n\t\t\t    <div class=\"container\">\n        <section class=\"elementor-section elementor-top-section elementor-element elementor-element-60c5168 elementor-section-boxed elementor-section-height-default elementor-section-height-default\" data-id=\"60c5168\" data-element_type=\"section\"><div class=\"elementor-container elementor-column-gap-default\"><div class=\"elementor-column elementor-col-100 elementor-top-column elementor-element elementor-element-adf8b9e\" data-id=\"adf8b9e\" data-element_type=\"column\"><div class=\"elementor-widget-wrap elementor-element-populated\"><p class=\"elementor-widget-container\">Tu y trouveras diff\u00e9rents supports innovants pour trouver ta voie : t<strong>ests d\u2019orientation, \u00e9valuations de niveaux, d\u00e9couvertes de m\u00e9tiers au travers d\u2019ateliers<\/strong> (casque virtuel, escape game\u2026) mais aussi <strong>stages en entreprises<\/strong>, visites d'entreprises et rencontres de professionnels.<\/p><p class=\"elementor-widget-container\">Tu pourras b\u00e9n\u00e9ficier d\u2019<strong>entretiens r\u00e9guliers<\/strong> avec ton conseiller dans le cadre de ton accompagnement.<\/p><p>Notre objectif est de te permettre de :<\/p><ul><li>rep\u00e9rer les opportunit\u00e9 d'emploi dans les secteurs d'activit\u00e9s.<\/li><li>d\u00e9couvrir les m\u00e9tiers les plus recherch\u00e9s sur ton territoire<\/li><li>r\u00e9fl\u00e9chir \u00e0 ta mobilit\u00e9 (es tu pr\u00eat \u00e0 te d\u00e9placer pour trouver un emploi) et d\u00e9couvrir les solutions et aides qui existent.<\/li><li>identifier les entreprises qui pourraient t'int\u00e9resser en fonction de tes capacit\u00e9s et aptitudes professionnelles<\/li><li>comprendre les attentes des employeurs et les modes de recrutement les plus courants<\/li><li>d'identifier les comp\u00e9tences qui te manquent pour d\u00e9crocher le m\u00e9tier que tu souhaite faire<\/li><li>de cibler la formation ou la certification pour acqu\u00e9rir ces nouvelles comp\u00e9tences<\/li><\/ul><\/div><\/div><\/div><\/section><section class=\"elementor-section elementor-top-section elementor-element elementor-element-e4dbffc elementor-section-boxed elementor-section-height-default elementor-section-height-default\" data-id=\"e4dbffc\" data-element_type=\"section\"><div class=\"elementor-container elementor-column-gap-default\"><div class=\"elementor-column elementor-col-100 elementor-top-column elementor-element elementor-element-7c13312\" data-id=\"7c13312\" data-element_type=\"column\"><div class=\"elementor-widget-wrap elementor-element-populated\"><div class=\"elementor-element elementor-element-af600c4 elementor-widget elementor-widget-text-editor\" data-id=\"af600c4\" data-element_type=\"widget\" data-widget_type=\"text-editor.default\"><div class=\"elementor-widget-container\">\u00a0<\/div><\/div><\/div><\/div><\/div><\/section>\n    <\/div>\n\t\t<\/div>\n\t\t\t\t<\/div>\n\t\t\t\t<\/div>\n\t\t\t\t\t<\/div>\n\t\t\t\t<\/div>\n\t\t<div class=\"elementor-element elementor-element-335f184 e-flex e-con-boxed e-con e-parent\" data-id=\"335f184\" data-element_type=\"container\">\n\t\t\t\t\t<div class=\"e-con-inner\">\n\t\t\t\t\t<\/div>\n\t\t\t\t<\/div>\n\t\t\t\t<\/div>\n\t\t","protected":false},"excerpt":{"rendered":"<p>La Mission Locale t&#8217;accompagne dans la construction de ton projet professionnel. Tu y trouveras diff\u00e9rents supports innovants pour trouver ta voie : tests d\u2019orientation, \u00e9valuations de niveaux, d\u00e9couvertes de m\u00e9tiers au travers d\u2019ateliers (casque virtuel, escape game\u2026) mais aussi stages en entreprises, visites d&#8217;entreprises et rencontres de professionnels. Tu pourras b\u00e9n\u00e9ficier d\u2019entretiens r\u00e9guliers avec ton [&hellip;]<\/p>\n","protected":false},"author":1,"featured_media":0,"parent":0,"menu_order":0,"comment_status":"closed","ping_status":"closed","template":"","meta":{"_acf_changed":false,"_crosspost_to_1":false,"_crosspost_to_2":false,"_crosspost_to_3":false,"_crosspost_to_4":false,"_crosspost_to_5":false,"_crosspost_to_6":false,"_crosspost_to_7":false,"_crosspost_to_8":false,"_crosspost_to_11":false,"_crosspost_to_13":false,"_crosspost_to_14":false,"_crosspost_to_15":false,"_crosspost_to_16":false,"inline_featured_image":false,"footnotes":""},"acf":[],"yoast_head":"<!-- This site is optimized with the Yoast SEO plugin v21.9.1 - https:\/\/yoast.com\/wordpress\/plugins\/seo\/ -->\n<title>M&#039;orienter\/Me former - MISSION LOCALE LOUVIERS-VAL DE REUIL-ANDELLE<\/title>\n<meta name=\"robots\" content=\"index, follow, max-snippet:-1, max-image-preview:large, max-video-preview:-1\" \/>\n<link rel=\"canonical\" href=\"https:\/\/www.missionslocalesnormandie.fr\/mission-locale-louviers-valdereuil-andelle\/me-former\/\" \/>\n<meta property=\"og:locale\" content=\"fr_FR\" \/>\n<meta property=\"og:type\" content=\"article\" \/>\n<meta property=\"og:title\" content=\"M&#039;orienter\/Me former - MISSION LOCALE LOUVIERS-VAL DE REUIL-ANDELLE\" \/>\n<meta property=\"og:description\" content=\"La Mission Locale t&#8217;accompagne dans la construction de ton projet professionnel. Tu y trouveras diff\u00e9rents supports innovants pour trouver ta voie : tests d\u2019orientation, \u00e9valuations de niveaux, d\u00e9couvertes de m\u00e9tiers au travers d\u2019ateliers (casque virtuel, escape game\u2026) mais aussi stages en entreprises, visites d&#8217;entreprises et rencontres de professionnels. Tu pourras b\u00e9n\u00e9ficier d\u2019entretiens r\u00e9guliers avec ton [&hellip;]\" \/>\n<meta property=\"og:url\" content=\"https:\/\/www.missionslocalesnormandie.fr\/mission-locale-louviers-valdereuil-andelle\/me-former\/\" \/>\n<meta property=\"og:site_name\" content=\"MISSION LOCALE LOUVIERS-VAL DE REUIL-ANDELLE\" \/>\n<meta property=\"article:modified_time\" content=\"2024-04-15T10:24:56+00:00\" \/>\n<meta property=\"og:image\" content=\"https:\/\/www.missionslocalesnormandie.fr\/content\/uploads\/sites\/12\/2024\/04\/orienteren-ml-scaled-950x595-c-default.jpg\" \/>\n<meta name=\"twitter:card\" content=\"summary_large_image\" \/>\n<meta name=\"twitter:label1\" content=\"Dur\u00e9e de lecture estim\u00e9e\" \/>\n\t<meta name=\"twitter:data1\" content=\"2 minutes\" \/>\n<script type=\"application\/ld+json\" class=\"yoast-schema-graph\">{\"@context\":\"https:\/\/schema.org\",\"@graph\":[{\"@type\":\"WebPage\",\"@id\":\"https:\/\/www.missionslocalesnormandie.fr\/mission-locale-louviers-valdereuil-andelle\/me-former\/\",\"url\":\"https:\/\/www.missionslocalesnormandie.fr\/mission-locale-louviers-valdereuil-andelle\/me-former\/\",\"name\":\"M'orienter\/Me former - MISSION LOCALE LOUVIERS-VAL DE REUIL-ANDELLE\",\"isPartOf\":{\"@id\":\"https:\/\/www.missionslocalesnormandie.fr\/mission-locale-louviers-valdereuil-andelle\/#website\"},\"datePublished\":\"2023-12-14T14:37:19+00:00\",\"dateModified\":\"2024-04-15T10:24:56+00:00\",\"breadcrumb\":{\"@id\":\"https:\/\/www.missionslocalesnormandie.fr\/mission-locale-louviers-valdereuil-andelle\/me-former\/#breadcrumb\"},\"inLanguage\":\"fr-FR\",\"potentialAction\":[{\"@type\":\"ReadAction\",\"target\":[\"https:\/\/www.missionslocalesnormandie.fr\/mission-locale-louviers-valdereuil-andelle\/me-former\/\"]}]},{\"@type\":\"BreadcrumbList\",\"@id\":\"https:\/\/www.missionslocalesnormandie.fr\/mission-locale-louviers-valdereuil-andelle\/me-former\/#breadcrumb\",\"itemListElement\":[{\"@type\":\"ListItem\",\"position\":1,\"name\":\"Home\",\"item\":\"https:\/\/www.missionslocalesnormandie.fr\/mission-locale-louviers-valdereuil-andelle\/\"},{\"@type\":\"ListItem\",\"position\":2,\"name\":\"M&#8217;orienter\/Me former\"}]},{\"@type\":\"WebSite\",\"@id\":\"https:\/\/www.missionslocalesnormandie.fr\/mission-locale-louviers-valdereuil-andelle\/#website\",\"url\":\"https:\/\/www.missionslocalesnormandie.fr\/mission-locale-louviers-valdereuil-andelle\/\",\"name\":\"MISSION LOCALE LOUVIERS-VAL DE REUIL-ANDELLE\",\"description\":\"\",\"potentialAction\":[{\"@type\":\"SearchAction\",\"target\":{\"@type\":\"EntryPoint\",\"urlTemplate\":\"https:\/\/www.missionslocalesnormandie.fr\/mission-locale-louviers-valdereuil-andelle\/?s={search_term_string}\"},\"query-input\":\"required name=search_term_string\"}],\"inLanguage\":\"fr-FR\"}]}<\/script>\n<!-- \/ Yoast SEO plugin. -->","yoast_head_json":{"title":"M'orienter\/Me former - MISSION LOCALE LOUVIERS-VAL DE REUIL-ANDELLE","robots":{"index":"index","follow":"follow","max-snippet":"max-snippet:-1","max-image-preview":"max-image-preview:large","max-video-preview":"max-video-preview:-1"},"canonical":"https:\/\/www.missionslocalesnormandie.fr\/mission-locale-louviers-valdereuil-andelle\/me-former\/","og_locale":"fr_FR","og_type":"article","og_title":"M'orienter\/Me former - MISSION LOCALE LOUVIERS-VAL DE REUIL-ANDELLE","og_description":"La Mission Locale t&#8217;accompagne dans la construction de ton projet professionnel. Tu y trouveras diff\u00e9rents supports innovants pour trouver ta voie : tests d\u2019orientation, \u00e9valuations de niveaux, d\u00e9couvertes de m\u00e9tiers au travers d\u2019ateliers (casque virtuel, escape game\u2026) mais aussi stages en entreprises, visites d&#8217;entreprises et rencontres de professionnels. Tu pourras b\u00e9n\u00e9ficier d\u2019entretiens r\u00e9guliers avec ton [&hellip;]","og_url":"https:\/\/www.missionslocalesnormandie.fr\/mission-locale-louviers-valdereuil-andelle\/me-former\/","og_site_name":"MISSION LOCALE LOUVIERS-VAL DE REUIL-ANDELLE","article_modified_time":"2024-04-15T10:24:56+00:00","og_image":[{"url":"https:\/\/www.missionslocalesnormandie.fr\/content\/uploads\/sites\/12\/2024\/04\/orienteren-ml-scaled-950x595-c-default.jpg"}],"twitter_card":"summary_large_image","twitter_misc":{"Dur\u00e9e de lecture estim\u00e9e":"2 minutes"},"schema":{"@context":"https:\/\/schema.org","@graph":[{"@type":"WebPage","@id":"https:\/\/www.missionslocalesnormandie.fr\/mission-locale-louviers-valdereuil-andelle\/me-former\/","url":"https:\/\/www.missionslocalesnormandie.fr\/mission-locale-louviers-valdereuil-andelle\/me-former\/","name":"M'orienter\/Me former - MISSION LOCALE LOUVIERS-VAL DE REUIL-ANDELLE","isPartOf":{"@id":"https:\/\/www.missionslocalesnormandie.fr\/mission-locale-louviers-valdereuil-andelle\/#website"},"datePublished":"2023-12-14T14:37:19+00:00","dateModified":"2024-04-15T10:24:56+00:00","breadcrumb":{"@id":"https:\/\/www.missionslocalesnormandie.fr\/mission-locale-louviers-valdereuil-andelle\/me-former\/#breadcrumb"},"inLanguage":"fr-FR","potentialAction":[{"@type":"ReadAction","target":["https:\/\/www.missionslocalesnormandie.fr\/mission-locale-louviers-valdereuil-andelle\/me-former\/"]}]},{"@type":"BreadcrumbList","@id":"https:\/\/www.missionslocalesnormandie.fr\/mission-locale-louviers-valdereuil-andelle\/me-former\/#breadcrumb","itemListElement":[{"@type":"ListItem","position":1,"name":"Home","item":"https:\/\/www.missionslocalesnormandie.fr\/mission-locale-louviers-valdereuil-andelle\/"},{"@type":"ListItem","position":2,"name":"M&#8217;orienter\/Me former"}]},{"@type":"WebSite","@id":"https:\/\/www.missionslocalesnormandie.fr\/mission-locale-louviers-valdereuil-andelle\/#website","url":"https:\/\/www.missionslocalesnormandie.fr\/mission-locale-louviers-valdereuil-andelle\/","name":"MISSION LOCALE LOUVIERS-VAL DE REUIL-ANDELLE","description":"","potentialAction":[{"@type":"SearchAction","target":{"@type":"EntryPoint","urlTemplate":"https:\/\/www.missionslocalesnormandie.fr\/mission-locale-louviers-valdereuil-andelle\/?s={search_term_string}"},"query-input":"required name=search_term_string"}],"inLanguage":"fr-FR"}]}},"_links":{"self":[{"href":"https:\/\/www.missionslocalesnormandie.fr\/mission-locale-louviers-valdereuil-andelle\/wp-json\/wp\/v2\/pages\/162"}],"collection":[{"href":"https:\/\/www.missionslocalesnormandie.fr\/mission-locale-louviers-valdereuil-andelle\/wp-json\/wp\/v2\/pages"}],"about":[{"href":"https:\/\/www.missionslocalesnormandie.fr\/mission-locale-louviers-valdereuil-andelle\/wp-json\/wp\/v2\/types\/page"}],"author":[{"embeddable":true,"href":"https:\/\/www.missionslocalesnormandie.fr\/mission-locale-louviers-valdereuil-andelle\/wp-json\/wp\/v2\/users\/1"}],"replies":[{"embeddable":true,"href":"https:\/\/www.missionslocalesnormandie.fr\/mission-locale-louviers-valdereuil-andelle\/wp-json\/wp\/v2\/comments?post=162"}],"version-history":[{"count":41,"href":"https:\/\/www.missionslocalesnormandie.fr\/mission-locale-louviers-valdereuil-andelle\/wp-json\/wp\/v2\/pages\/162\/revisions"}],"predecessor-version":[{"id":1366,"href":"https:\/\/www.missionslocalesnormandie.fr\/mission-locale-louviers-valdereuil-andelle\/wp-json\/wp\/v2\/pages\/162\/revisions\/1366"}],"wp:attachment":[{"href":"https:\/\/www.missionslocalesnormandie.fr\/mission-locale-louviers-valdereuil-andelle\/wp-json\/wp\/v2\/media?parent=162"}],"curies":[{"name":"wp","href":"https:\/\/api.w.org\/{rel}","templated":true}]}}