{"id":162,"date":"2023-12-14T15:37:19","date_gmt":"2023-12-14T14:37:19","guid":{"rendered":"https:\/\/www.missionslocalesnormandie.fr\/mission-locale-pays-alencon\/?page_id=162"},"modified":"2024-07-31T11:31:55","modified_gmt":"2024-07-31T09:31:55","slug":"me-former","status":"publish","type":"page","link":"https:\/\/www.missionslocalesnormandie.fr\/mission-locale-pays-alencon\/me-former\/","title":{"rendered":"Me former"},"content":{"rendered":"\t\t<div data-elementor-type=\"wp-page\" data-elementor-id=\"162\" class=\"elementor elementor-162\">\n\t\t\t\t<div class=\"elementor-element elementor-element-b42d9cc e-flex e-con-boxed e-con e-parent\" data-id=\"b42d9cc\" data-element_type=\"container\">\n\t\t\t\t\t<div class=\"e-con-inner\">\n\t\t\t\t<div class=\"elementor-element elementor-element-c41747a elementor-widget elementor-widget-block_titre\" data-id=\"c41747a\" data-element_type=\"widget\" data-widget_type=\"block_titre.default\">\n\t\t\t\t<div class=\"elementor-widget-container\">\n\t\t\t    <div class=\"container\">\n        <h2>\n            Les formations financ\u00e9es par la R\u00e9gion\n        <\/h2>\n    <\/div>\n\t\t<\/div>\n\t\t\t\t<\/div>\n\t\t\t\t\t<\/div>\n\t\t\t\t<\/div>\n\t\t<div class=\"elementor-element elementor-element-319d4fa e-flex e-con-boxed e-con e-parent\" data-id=\"319d4fa\" data-element_type=\"container\">\n\t\t\t\t\t<div class=\"e-con-inner\">\n\t\t<div class=\"elementor-element elementor-element-eea2b0e e-flex e-con-boxed e-con e-child\" data-id=\"eea2b0e\" data-element_type=\"container\">\n\t\t\t\t\t<div class=\"e-con-inner\">\n\t\t\t\t<div class=\"elementor-element elementor-element-369ee1b elementor-widget elementor-widget-block_simple_texte\" data-id=\"369ee1b\" data-element_type=\"widget\" data-widget_type=\"block_simple_texte.default\">\n\t\t\t\t<div class=\"elementor-widget-container\">\n\t\t\t    <div class=\"container\">\n        <p style=\"text-align: justify\">Le programme qualifiant de la R\u00e9gion comprend des actions de formations, qualifiantes ou dipl\u00f4mantes.<\/p><p style=\"text-align: justify\">Elles sont accessibles \u00e0 tous les jeunes \u00e2g\u00e9s de 16 \u00e0 25 ans, sortis du syst\u00e8me scolaire depuis plus de 9 mois, sans qualification professionnelle ou peu qualifi\u00e9s. Les jeunes orient\u00e9s par une Plateforme de Suivi et d\u2019Appui aux D\u00e9crocheurs ou les jeunes en situation de handicap peuvent \u00e9galement en b\u00e9n\u00e9ficier.<\/p><p style=\"text-align: justify\">Il s\u2019agit g\u00e9n\u00e9ralement d\u2019actions de formation gratuites, qui peuvent \u00eatre r\u00e9mun\u00e9r\u00e9es.<\/p>\n    <\/div>\n\t\t<\/div>\n\t\t\t\t<\/div>\n\t\t\t\t\t<\/div>\n\t\t\t\t<\/div>\n\t\t<div class=\"elementor-element elementor-element-f32e305 e-flex e-con-boxed e-con e-child\" data-id=\"f32e305\" data-element_type=\"container\">\n\t\t\t\t\t<div class=\"e-con-inner\">\n\t\t\t\t<div class=\"elementor-element elementor-element-e1e5b97 elementor-widget elementor-widget-block_simple_visuel\" data-id=\"e1e5b97\" data-element_type=\"widget\" data-widget_type=\"block_simple_visuel.default\">\n\t\t\t\t<div class=\"elementor-widget-container\">\n\t\t\t    <div class=\"container\">\n        <figure>\n                        \n                                                            <a href=\"https:\/\/www.missionslocalesnormandie.fr\/content\/uploads\/sites\/4\/2024\/04\/region.jpg\">\n                    <img decoding=\"async\" src=\"https:\/\/www.missionslocalesnormandie.fr\/content\/uploads\/sites\/4\/2024\/04\/region-950x595-c-default.jpg\"\n                         alt=\"MISSION LOCALE DU PAYS D'ALENCON\"\/>\n                <\/a>\n            \n                    <\/figure>\n    <\/div>\n\t\t<\/div>\n\t\t\t\t<\/div>\n\t\t\t\t\t<\/div>\n\t\t\t\t<\/div>\n\t\t\t\t\t<\/div>\n\t\t\t\t<\/div>\n\t\t<div class=\"elementor-element elementor-element-5f7bfe6 e-flex e-con-boxed e-con e-parent\" data-id=\"5f7bfe6\" data-element_type=\"container\">\n\t\t\t\t\t<div class=\"e-con-inner\">\n\t\t\t\t<div class=\"elementor-element elementor-element-a762de8 elementor-widget elementor-widget-block_titre\" data-id=\"a762de8\" data-element_type=\"widget\" data-widget_type=\"block_titre.default\">\n\t\t\t\t<div class=\"elementor-widget-container\">\n\t\t\t    <div class=\"container\">\n        <h2>\n            Les formations professionnalisantes et certifiantes\n        <\/h2>\n    <\/div>\n\t\t<\/div>\n\t\t\t\t<\/div>\n\t\t\t\t\t<\/div>\n\t\t\t\t<\/div>\n\t\t<div class=\"elementor-element elementor-element-f105afc e-flex e-con-boxed e-con e-parent\" data-id=\"f105afc\" data-element_type=\"container\">\n\t\t\t\t\t<div class=\"e-con-inner\">\n\t\t<div class=\"elementor-element elementor-element-5916238 e-flex e-con-boxed e-con e-child\" data-id=\"5916238\" data-element_type=\"container\">\n\t\t\t\t\t<div class=\"e-con-inner\">\n\t\t\t\t<div class=\"elementor-element elementor-element-85e3443 elementor-widget elementor-widget-block_titre\" data-id=\"85e3443\" data-element_type=\"widget\" data-widget_type=\"block_titre.default\">\n\t\t\t\t<div class=\"elementor-widget-container\">\n\t\t\t    <div class=\"container\">\n        <h4>\n            Les remises \u00e0 niveau\n        <\/h4>\n    <\/div>\n\t\t<\/div>\n\t\t\t\t<\/div>\n\t\t\t\t<div class=\"elementor-element elementor-element-413b088 elementor-widget elementor-widget-block_simple_texte\" data-id=\"413b088\" data-element_type=\"widget\" data-widget_type=\"block_simple_texte.default\">\n\t\t\t\t<div class=\"elementor-widget-container\">\n\t\t\t    <div class=\"container\">\n        <p style=\"text-align: justify\">Des organismes partenaires de la Mission Locale tels que la Bo\u00eete aux Lettres, l'IRFA, proposent des remises \u00e0 niveau en fran\u00e7ais, math\u00e9matiques.<\/p><p style=\"text-align: justify\">Le positionnement vers ces centres de formation est r\u00e9alis\u00e9 lors du diagnostic \u00e9tabli par votre conseiller r\u00e9f\u00e9rent.<\/p><p style=\"text-align: justify\">Un suivi et des bilans r\u00e9guliers tripartites ponctueront votre parcours de formation.<\/p>\n    <\/div>\n\t\t<\/div>\n\t\t\t\t<\/div>\n\t\t\t\t<div class=\"elementor-element elementor-element-4c27133 elementor-widget elementor-widget-block_titre\" data-id=\"4c27133\" data-element_type=\"widget\" data-widget_type=\"block_titre.default\">\n\t\t\t\t<div class=\"elementor-widget-container\">\n\t\t\t    <div class=\"container\">\n        <h4>\n            Les formations linguistiques\n        <\/h4>\n    <\/div>\n\t\t<\/div>\n\t\t\t\t<\/div>\n\t\t\t\t<div class=\"elementor-element elementor-element-33ee2a5 elementor-widget elementor-widget-block_simple_texte\" data-id=\"33ee2a5\" data-element_type=\"widget\" data-widget_type=\"block_simple_texte.default\">\n\t\t\t\t<div class=\"elementor-widget-container\">\n\t\t\t    <div class=\"container\">\n        <p>Quel que soit votre niveau de fran\u00e7ais, nous pouvons vous orienter (en fonction de votre situation) vers Accueil Promotion de Etrangers ou la Bo\u00eete aux Lettres qui proposent des cycles de formation linguistiques.<\/p>\n    <\/div>\n\t\t<\/div>\n\t\t\t\t<\/div>\n\t\t\t\t\t<\/div>\n\t\t\t\t<\/div>\n\t\t<div class=\"elementor-element elementor-element-e913bc8 e-flex e-con-boxed e-con e-child\" data-id=\"e913bc8\" data-element_type=\"container\">\n\t\t\t\t\t<div class=\"e-con-inner\">\n\t\t\t\t<div class=\"elementor-element elementor-element-940cb18 elementor-widget elementor-widget-block_simple_visuel\" data-id=\"940cb18\" data-element_type=\"widget\" data-widget_type=\"block_simple_visuel.default\">\n\t\t\t\t<div class=\"elementor-widget-container\">\n\t\t\t    <div class=\"container\">\n        <figure>\n                        \n                                                            <a href=\"https:\/\/www.missionslocalesnormandie.fr\/content\/uploads\/sites\/4\/2024\/04\/BAL.jpg\">\n                    <img decoding=\"async\" src=\"https:\/\/www.missionslocalesnormandie.fr\/content\/uploads\/sites\/4\/2024\/04\/BAL-950x595-c-default.jpg\"\n                         alt=\"MISSION LOCALE DU PAYS D'ALENCON\"\/>\n                <\/a>\n            \n                    <\/figure>\n    <\/div>\n\t\t<\/div>\n\t\t\t\t<\/div>\n\t\t\t\t\t<\/div>\n\t\t\t\t<\/div>\n\t\t\t\t\t<\/div>\n\t\t\t\t<\/div>\n\t\t<div class=\"elementor-element elementor-element-e450ab1 e-flex e-con-boxed e-con e-parent\" data-id=\"e450ab1\" data-element_type=\"container\">\n\t\t\t\t\t<div class=\"e-con-inner\">\n\t\t\t\t<div class=\"elementor-element elementor-element-701cc69 elementor-widget elementor-widget-block_simple_texte\" data-id=\"701cc69\" data-element_type=\"widget\" data-widget_type=\"block_simple_texte.default\">\n\t\t\t\t<div class=\"elementor-widget-container\">\n\t\t\t    <div class=\"container\">\n        <pre><strong>Vous pouvez retrouver l\u2019offre de formations de la r\u00e9gion Normandie en cliquant sur <a href=\"https:\/\/www.trouvermaformation.fr\/\" target=\"_blank\" rel=\"noreferrer noopener\">Trouver Ma Formation<\/a>.<\/strong><\/pre>\n    <\/div>\n\t\t<\/div>\n\t\t\t\t<\/div>\n\t\t\t\t\t<\/div>\n\t\t\t\t<\/div>\n\t\t<div class=\"elementor-element elementor-element-ed3ad77 e-flex e-con-boxed e-con e-parent\" data-id=\"ed3ad77\" data-element_type=\"container\">\n\t\t\t\t\t<div class=\"e-con-inner\">\n\t\t\t\t<div class=\"elementor-element elementor-element-50e1f49 elementor-widget elementor-widget-block_titre\" data-id=\"50e1f49\" data-element_type=\"widget\" data-widget_type=\"block_titre.default\">\n\t\t\t\t<div class=\"elementor-widget-container\">\n\t\t\t    <div class=\"container\">\n        <h2>\n            Les mesures de financement des formations\n        <\/h2>\n    <\/div>\n\t\t<\/div>\n\t\t\t\t<\/div>\n\t\t\t\t\t<\/div>\n\t\t\t\t<\/div>\n\t\t<div class=\"elementor-element elementor-element-08636b8 e-flex e-con-boxed e-con e-parent\" data-id=\"08636b8\" data-element_type=\"container\">\n\t\t\t\t\t<div class=\"e-con-inner\">\n\t\t\t\t<div class=\"elementor-element elementor-element-4fdbcfe elementor-widget elementor-widget-block_intro\" data-id=\"4fdbcfe\" data-element_type=\"widget\" data-widget_type=\"block_intro.default\">\n\t\t\t\t<div class=\"elementor-widget-container\">\n\t\t\t    <div class=\"container\">\n        <div class=\"edito-intro\">\n            <p>En tant que Conseiller en Evolution professionnelle, nous vous accompagnons dans vos d\u00e9marches pour solliciter les organismes intervenant dans le financement de la formation tout au long de la vie ou la reconversion.<\/p><p>\u00a0<\/p>\n        <\/div>\n    <\/div>\n\t\t<\/div>\n\t\t\t\t<\/div>\n\t\t\t\t\t<\/div>\n\t\t\t\t<\/div>\n\t\t<div class=\"elementor-element elementor-element-5985519 e-flex e-con-boxed e-con e-parent\" data-id=\"5985519\" data-element_type=\"container\">\n\t\t\t\t\t<div class=\"e-con-inner\">\n\t\t\t\t<div class=\"elementor-element elementor-element-a7f8a33 elementor-widget elementor-widget-block_simple_texte\" data-id=\"a7f8a33\" data-element_type=\"widget\" data-widget_type=\"block_simple_texte.default\">\n\t\t\t\t<div class=\"elementor-widget-container\">\n\t\t\t    <div class=\"container\">\n        <h4 style=\"text-align: justify\">Le CPF<\/h4><p style=\"text-align: justify\">Le <strong>Compte Professionnel de Formation<\/strong> permet \u00e0 toute personne active, d\u00e8s son entr\u00e9e sur le march\u00e9 du travail et jusqu\u2019\u00e0 la date \u00e0 laquelle elle fait valoir l\u2019ensemble de ses droits \u00e0 la retraite, d\u2019acqu\u00e9rir des droits \u00e0 la formation mobilisables tout au long de sa vie professionnelle.\u00a0Il est cr\u00e9dit\u00e9 en euros et son alimentation d\u00e9pend du statut de son titulaire.<\/p><p style=\"text-align: justify\">Nous pouvons vous appuyer dans la cr\u00e9ation de votre CPF en ligne.<\/p><p style=\"text-align: justify\">Pour conna\u00eetre les formations finan\u00e7ables par le CPF : <a href=\"https:\/\/www.moncompteformation.gouv.fr\/espace-prive\/html\/#\/\">Mon compte<\/a><\/p><h4 style=\"text-align: justify\">L'AIF<\/h4><p style=\"text-align: justify\">Vous avez identifi\u00e9 un besoin de formation pour faciliter votre retour \u00e0 l'emploi avec votre\u00a0 conseiller et vous cherchez un moyen pour financer cette formation ? Vous pouvez peut-\u00eatre solliciter l '<strong>Aide Individuelle \u00e0 la Formation<\/strong> (soumise \u00e0 conditions) qui peut prendre en charge soit la totalit\u00e9 du co\u00fbt de la formation soit \u00eatre en compl\u00e9ment d\u2019autres financements. La formation choisie doit \u00eatre coh\u00e9rente avec votre Projet Personnalis\u00e9 d\u2019Acc\u00e8s \u00e0 l\u2019Emploi.<\/p><p style=\"text-align: justify\">Nous vous accompagnons si besoin dans vos d\u00e9marches de demande d'AIF aupr\u00e8s de France Travail.<\/p><h4 style=\"text-align: justify\">Transition Pro<\/h4><p style=\"text-align: justify\">Cette mesure vise \u00e0 faciliter l\u2019acc\u00e8s \u00e0 la <strong>reconversion professionnelle<\/strong> des salari\u00e9s vers les secteurs strat\u00e9giques en prenant en charge le financement de leur nouvelle formation.<\/p><p style=\"text-align: justify\">Pour b\u00e9n\u00e9ficier de cette mesure, vous devez respecter des crit\u00e8res d'\u00e9ligibilit\u00e9, puis, d\u00e9poser la demande de prise en charge de votre projet de transition professionnelle aupr\u00e8s de l\u2019association Transitions pro agr\u00e9\u00e9e sur votre lieu de r\u00e9sidence principale ou votre lieu de travail.<\/p>\n    <\/div>\n\t\t<\/div>\n\t\t\t\t<\/div>\n\t\t\t\t\t<\/div>\n\t\t\t\t<\/div>\n\t\t\t\t<\/div>\n\t\t","protected":false},"excerpt":{"rendered":"<p>Les formations financ\u00e9es par la R\u00e9gion Le programme qualifiant de la R\u00e9gion comprend des actions de formations, qualifiantes ou dipl\u00f4mantes. Elles sont accessibles \u00e0 tous les jeunes \u00e2g\u00e9s de 16 \u00e0 25 ans, sortis du syst\u00e8me scolaire depuis plus de 9 mois, sans qualification professionnelle ou peu qualifi\u00e9s. Les jeunes orient\u00e9s par une Plateforme de [&hellip;]<\/p>\n","protected":false},"author":1,"featured_media":0,"parent":0,"menu_order":0,"comment_status":"closed","ping_status":"closed","template":"","meta":{"_acf_changed":false,"_crosspost_to_1":false,"_crosspost_to_2":false,"_crosspost_to_3":false,"_crosspost_to_5":false,"_crosspost_to_6":false,"_crosspost_to_7":false,"_crosspost_to_8":false,"_crosspost_to_11":false,"_crosspost_to_12":false,"_crosspost_to_13":false,"_crosspost_to_14":false,"_crosspost_to_15":false,"_crosspost_to_16":false,"inline_featured_image":false,"footnotes":""},"acf":[],"yoast_head":"<!-- This site is optimized with the Yoast SEO plugin v21.9.1 - https:\/\/yoast.com\/wordpress\/plugins\/seo\/ -->\n<title>Me former - MISSION LOCALE DU PAYS D&#039;ALENCON<\/title>\n<meta name=\"robots\" content=\"index, follow, max-snippet:-1, max-image-preview:large, max-video-preview:-1\" \/>\n<link rel=\"canonical\" href=\"https:\/\/www.missionslocalesnormandie.fr\/mission-locale-pays-alencon\/me-former\/\" \/>\n<meta property=\"og:locale\" content=\"fr_FR\" \/>\n<meta property=\"og:type\" content=\"article\" \/>\n<meta property=\"og:title\" content=\"Me former - MISSION LOCALE DU PAYS D&#039;ALENCON\" \/>\n<meta property=\"og:description\" content=\"Les formations financ\u00e9es par la R\u00e9gion Le programme qualifiant de la R\u00e9gion comprend des actions de formations, qualifiantes ou dipl\u00f4mantes. Elles sont accessibles \u00e0 tous les jeunes \u00e2g\u00e9s de 16 \u00e0 25 ans, sortis du syst\u00e8me scolaire depuis plus de 9 mois, sans qualification professionnelle ou peu qualifi\u00e9s. Les jeunes orient\u00e9s par une Plateforme de [&hellip;]\" \/>\n<meta property=\"og:url\" content=\"https:\/\/www.missionslocalesnormandie.fr\/mission-locale-pays-alencon\/me-former\/\" \/>\n<meta property=\"og:site_name\" content=\"MISSION LOCALE DU PAYS D&#039;ALENCON\" \/>\n<meta property=\"article:modified_time\" content=\"2024-07-31T09:31:55+00:00\" \/>\n<meta property=\"og:image\" content=\"https:\/\/www.missionslocalesnormandie.fr\/content\/uploads\/sites\/4\/2024\/04\/region-950x595-c-default.jpg\" \/>\n<meta name=\"twitter:card\" content=\"summary_large_image\" \/>\n<meta name=\"twitter:label1\" content=\"Dur\u00e9e de lecture estim\u00e9e\" \/>\n\t<meta name=\"twitter:data1\" content=\"3 minutes\" \/>\n<script type=\"application\/ld+json\" class=\"yoast-schema-graph\">{\"@context\":\"https:\/\/schema.org\",\"@graph\":[{\"@type\":\"WebPage\",\"@id\":\"https:\/\/www.missionslocalesnormandie.fr\/mission-locale-pays-alencon\/me-former\/\",\"url\":\"https:\/\/www.missionslocalesnormandie.fr\/mission-locale-pays-alencon\/me-former\/\",\"name\":\"Me former - MISSION LOCALE DU PAYS D'ALENCON\",\"isPartOf\":{\"@id\":\"https:\/\/www.missionslocalesnormandie.fr\/mission-locale-pays-alencon\/#website\"},\"datePublished\":\"2023-12-14T14:37:19+00:00\",\"dateModified\":\"2024-07-31T09:31:55+00:00\",\"breadcrumb\":{\"@id\":\"https:\/\/www.missionslocalesnormandie.fr\/mission-locale-pays-alencon\/me-former\/#breadcrumb\"},\"inLanguage\":\"fr-FR\",\"potentialAction\":[{\"@type\":\"ReadAction\",\"target\":[\"https:\/\/www.missionslocalesnormandie.fr\/mission-locale-pays-alencon\/me-former\/\"]}]},{\"@type\":\"BreadcrumbList\",\"@id\":\"https:\/\/www.missionslocalesnormandie.fr\/mission-locale-pays-alencon\/me-former\/#breadcrumb\",\"itemListElement\":[{\"@type\":\"ListItem\",\"position\":1,\"name\":\"Home\",\"item\":\"https:\/\/www.missionslocalesnormandie.fr\/mission-locale-pays-alencon\/\"},{\"@type\":\"ListItem\",\"position\":2,\"name\":\"Me former\"}]},{\"@type\":\"WebSite\",\"@id\":\"https:\/\/www.missionslocalesnormandie.fr\/mission-locale-pays-alencon\/#website\",\"url\":\"https:\/\/www.missionslocalesnormandie.fr\/mission-locale-pays-alencon\/\",\"name\":\"MISSION LOCALE DU PAYS D'ALENCON\",\"description\":\"\",\"potentialAction\":[{\"@type\":\"SearchAction\",\"target\":{\"@type\":\"EntryPoint\",\"urlTemplate\":\"https:\/\/www.missionslocalesnormandie.fr\/mission-locale-pays-alencon\/?s={search_term_string}\"},\"query-input\":\"required name=search_term_string\"}],\"inLanguage\":\"fr-FR\"}]}<\/script>\n<!-- \/ Yoast SEO plugin. -->","yoast_head_json":{"title":"Me former - MISSION LOCALE DU PAYS D'ALENCON","robots":{"index":"index","follow":"follow","max-snippet":"max-snippet:-1","max-image-preview":"max-image-preview:large","max-video-preview":"max-video-preview:-1"},"canonical":"https:\/\/www.missionslocalesnormandie.fr\/mission-locale-pays-alencon\/me-former\/","og_locale":"fr_FR","og_type":"article","og_title":"Me former - MISSION LOCALE DU PAYS D'ALENCON","og_description":"Les formations financ\u00e9es par la R\u00e9gion Le programme qualifiant de la R\u00e9gion comprend des actions de formations, qualifiantes ou dipl\u00f4mantes. Elles sont accessibles \u00e0 tous les jeunes \u00e2g\u00e9s de 16 \u00e0 25 ans, sortis du syst\u00e8me scolaire depuis plus de 9 mois, sans qualification professionnelle ou peu qualifi\u00e9s. Les jeunes orient\u00e9s par une Plateforme de [&hellip;]","og_url":"https:\/\/www.missionslocalesnormandie.fr\/mission-locale-pays-alencon\/me-former\/","og_site_name":"MISSION LOCALE DU PAYS D'ALENCON","article_modified_time":"2024-07-31T09:31:55+00:00","og_image":[{"url":"https:\/\/www.missionslocalesnormandie.fr\/content\/uploads\/sites\/4\/2024\/04\/region-950x595-c-default.jpg"}],"twitter_card":"summary_large_image","twitter_misc":{"Dur\u00e9e de lecture estim\u00e9e":"3 minutes"},"schema":{"@context":"https:\/\/schema.org","@graph":[{"@type":"WebPage","@id":"https:\/\/www.missionslocalesnormandie.fr\/mission-locale-pays-alencon\/me-former\/","url":"https:\/\/www.missionslocalesnormandie.fr\/mission-locale-pays-alencon\/me-former\/","name":"Me former - MISSION LOCALE DU PAYS D'ALENCON","isPartOf":{"@id":"https:\/\/www.missionslocalesnormandie.fr\/mission-locale-pays-alencon\/#website"},"datePublished":"2023-12-14T14:37:19+00:00","dateModified":"2024-07-31T09:31:55+00:00","breadcrumb":{"@id":"https:\/\/www.missionslocalesnormandie.fr\/mission-locale-pays-alencon\/me-former\/#breadcrumb"},"inLanguage":"fr-FR","potentialAction":[{"@type":"ReadAction","target":["https:\/\/www.missionslocalesnormandie.fr\/mission-locale-pays-alencon\/me-former\/"]}]},{"@type":"BreadcrumbList","@id":"https:\/\/www.missionslocalesnormandie.fr\/mission-locale-pays-alencon\/me-former\/#breadcrumb","itemListElement":[{"@type":"ListItem","position":1,"name":"Home","item":"https:\/\/www.missionslocalesnormandie.fr\/mission-locale-pays-alencon\/"},{"@type":"ListItem","position":2,"name":"Me former"}]},{"@type":"WebSite","@id":"https:\/\/www.missionslocalesnormandie.fr\/mission-locale-pays-alencon\/#website","url":"https:\/\/www.missionslocalesnormandie.fr\/mission-locale-pays-alencon\/","name":"MISSION LOCALE DU PAYS D'ALENCON","description":"","potentialAction":[{"@type":"SearchAction","target":{"@type":"EntryPoint","urlTemplate":"https:\/\/www.missionslocalesnormandie.fr\/mission-locale-pays-alencon\/?s={search_term_string}"},"query-input":"required name=search_term_string"}],"inLanguage":"fr-FR"}]}},"_links":{"self":[{"href":"https:\/\/www.missionslocalesnormandie.fr\/mission-locale-pays-alencon\/wp-json\/wp\/v2\/pages\/162"}],"collection":[{"href":"https:\/\/www.missionslocalesnormandie.fr\/mission-locale-pays-alencon\/wp-json\/wp\/v2\/pages"}],"about":[{"href":"https:\/\/www.missionslocalesnormandie.fr\/mission-locale-pays-alencon\/wp-json\/wp\/v2\/types\/page"}],"author":[{"embeddable":true,"href":"https:\/\/www.missionslocalesnormandie.fr\/mission-locale-pays-alencon\/wp-json\/wp\/v2\/users\/1"}],"replies":[{"embeddable":true,"href":"https:\/\/www.missionslocalesnormandie.fr\/mission-locale-pays-alencon\/wp-json\/wp\/v2\/comments?post=162"}],"version-history":[{"count":54,"href":"https:\/\/www.missionslocalesnormandie.fr\/mission-locale-pays-alencon\/wp-json\/wp\/v2\/pages\/162\/revisions"}],"predecessor-version":[{"id":3037,"href":"https:\/\/www.missionslocalesnormandie.fr\/mission-locale-pays-alencon\/wp-json\/wp\/v2\/pages\/162\/revisions\/3037"}],"wp:attachment":[{"href":"https:\/\/www.missionslocalesnormandie.fr\/mission-locale-pays-alencon\/wp-json\/wp\/v2\/media?parent=162"}],"curies":[{"name":"wp","href":"https:\/\/api.w.org\/{rel}","templated":true}]}}