{"id":326,"date":"2023-12-20T10:09:13","date_gmt":"2023-12-20T09:09:13","guid":{"rendered":"https:\/\/www.missionslocalesnormandie.fr\/pattern\/?page_id=325"},"modified":"2024-10-29T15:33:49","modified_gmt":"2024-10-29T14:33:49","slug":"contenu-libre-1","status":"publish","type":"page","link":"https:\/\/www.missionslocalesnormandie.fr\/mission-locale-pays-alencon\/contenu-libre-1\/","title":{"rendered":"DLA"},"content":{"rendered":"\t\t<div data-elementor-type=\"wp-page\" data-elementor-id=\"326\" class=\"elementor elementor-326\">\n\t\t\t\t<div class=\"elementor-element elementor-element-cbcf471 e-flex e-con-boxed e-con e-parent\" data-id=\"cbcf471\" data-element_type=\"container\">\n\t\t\t\t\t<div class=\"e-con-inner\">\n\t\t\t\t<div class=\"elementor-element elementor-element-77d7bd3 e-transform elementor-widget elementor-widget-block_titre\" data-id=\"77d7bd3\" data-element_type=\"widget\" data-settings=\"{&quot;_transform_translateX_effect&quot;:{&quot;unit&quot;:&quot;px&quot;,&quot;size&quot;:&quot;-10&quot;,&quot;sizes&quot;:[]},&quot;_transform_translateX_effect_tablet&quot;:{&quot;unit&quot;:&quot;px&quot;,&quot;size&quot;:&quot;&quot;,&quot;sizes&quot;:[]},&quot;_transform_translateX_effect_mobile&quot;:{&quot;unit&quot;:&quot;px&quot;,&quot;size&quot;:&quot;&quot;,&quot;sizes&quot;:[]},&quot;_transform_translateY_effect&quot;:{&quot;unit&quot;:&quot;px&quot;,&quot;size&quot;:&quot;&quot;,&quot;sizes&quot;:[]},&quot;_transform_translateY_effect_tablet&quot;:{&quot;unit&quot;:&quot;px&quot;,&quot;size&quot;:&quot;&quot;,&quot;sizes&quot;:[]},&quot;_transform_translateY_effect_mobile&quot;:{&quot;unit&quot;:&quot;px&quot;,&quot;size&quot;:&quot;&quot;,&quot;sizes&quot;:[]}}\" data-widget_type=\"block_titre.default\">\n\t\t\t\t<div class=\"elementor-widget-container\">\n\t\t\t    <div class=\"container\">\n        <h2>\n            Pr\u00e9sentation du DLA\n        <\/h2>\n    <\/div>\n\t\t<\/div>\n\t\t\t\t<\/div>\n\t\t\t\t<div class=\"elementor-element elementor-element-bce2795 elementor-widget elementor-widget-image\" data-id=\"bce2795\" data-element_type=\"widget\" data-widget_type=\"image.default\">\n\t\t\t\t<div class=\"elementor-widget-container\">\n\t\t\t\t\t\t\t\t\t\t\t\t\t<img fetchpriority=\"high\" decoding=\"async\" width=\"724\" height=\"1024\" src=\"https:\/\/www.missionslocalesnormandie.fr\/content\/uploads\/sites\/4\/2024\/10\/planche-dla-final-vrai-724x1024.png\" class=\"attachment-large size-large wp-image-3522\" alt=\"dla-planche-bd\" srcset=\"https:\/\/www.missionslocalesnormandie.fr\/content\/uploads\/sites\/4\/2024\/10\/planche-dla-final-vrai-724x1024.png 724w, https:\/\/www.missionslocalesnormandie.fr\/content\/uploads\/sites\/4\/2024\/10\/planche-dla-final-vrai-212x300.png 212w, https:\/\/www.missionslocalesnormandie.fr\/content\/uploads\/sites\/4\/2024\/10\/planche-dla-final-vrai-768x1086.png 768w, https:\/\/www.missionslocalesnormandie.fr\/content\/uploads\/sites\/4\/2024\/10\/planche-dla-final-vrai-1086x1536.png 1086w, https:\/\/www.missionslocalesnormandie.fr\/content\/uploads\/sites\/4\/2024\/10\/planche-dla-final-vrai-1448x2048.png 1448w\" sizes=\"(max-width: 724px) 100vw, 724px\" \/>\t\t\t\t\t\t\t\t\t\t\t\t\t<\/div>\n\t\t\t\t<\/div>\n\t\t\t\t\t<\/div>\n\t\t\t\t<\/div>\n\t\t<div class=\"elementor-element elementor-element-3e52765 e-flex e-con-boxed e-con e-parent\" data-id=\"3e52765\" data-element_type=\"container\">\n\t\t\t\t\t<div class=\"e-con-inner\">\n\t\t\t\t\t<\/div>\n\t\t\t\t<\/div>\n\t\t<div class=\"elementor-element elementor-element-967a1e8 e-flex e-con-boxed e-con e-parent\" data-id=\"967a1e8\" data-element_type=\"container\">\n\t\t\t\t\t<div class=\"e-con-inner\">\n\t\t<div class=\"elementor-element elementor-element-7c36e45 e-con-full e-flex e-con e-child\" data-id=\"7c36e45\" data-element_type=\"container\">\n\t\t\t\t<div class=\"elementor-element elementor-element-3d98c02 elementor-widget elementor-widget-block_simple_texte\" data-id=\"3d98c02\" data-element_type=\"widget\" data-widget_type=\"block_simple_texte.default\">\n\t\t\t\t<div class=\"elementor-widget-container\">\n\t\t\t    <div class=\"container\">\n        <p>\u00a0<\/p><p>Dans l\u2019objectif de p\u00e9renniser les emplois, le DLA de l\u2019Orne, port\u00e9 par la Mission Locale d\u2019Alen\u00e7on, accompagne les structures e<!--StartFragment --><span class=\"cf0\">mployeuses de l\u2019ESS (\u00c9conomie Sociale et Solidaire)<\/span><!--EndFragment --> dans leur d\u00e9veloppement ou leur consolidation d\u2019activit\u00e9 en leur proposant, en fonction de leurs besoins et\u00a0d<span class=\"cf0\">es prestations conseil. Ce service n\u2019est pas payant pour les structures puisqu\u2019il est financ\u00e9 par L\u2019Europe, la Banque des Territoires, la DREETS et le D\u00e9partement de l\u2019Orne.<\/span><!--EndFragment --><\/p><p>Il s\u2019adresse aux structures d\u00e9veloppant des activit\u00e9s et services d\u2019utilit\u00e9 sociale <!--StartFragment --><span class=\"cf0\">implant\u00e9es<\/span><!--EndFragment --> sur le territoire de l\u2019Orne et g\u00e9n\u00e9rant au moins un emploi (<span class=\"cf0\">associations loi 1901, SCIC, SCOP et entreprises agr\u00e9es ESUS).<\/span><!--EndFragment --><\/p><p>Pour plus de renseignements, vous pouvez consulter le site national du DLA : <span style=\"color: #ff6600\"><a style=\"color: #ff6600\" href=\"https:\/\/www.info-dla.fr\/\">https:\/\/www.info-dla.fr\/<\/a><\/span><\/p>\n    <\/div>\n\t\t<\/div>\n\t\t\t\t<\/div>\n\t\t\t\t<\/div>\n\t\t<div class=\"elementor-element elementor-element-d0fc197 e-con-full e-flex e-con e-child\" data-id=\"d0fc197\" data-element_type=\"container\">\n\t\t\t\t<div class=\"elementor-element elementor-element-357f5a5 elementor-widget elementor-widget-block_simple_texte\" data-id=\"357f5a5\" data-element_type=\"widget\" data-widget_type=\"block_simple_texte.default\">\n\t\t\t\t<div class=\"elementor-widget-container\">\n\t\t\t    <div class=\"container\">\n        <h4 style=\"text-align: left\"><span style=\"color: #ff6600;font-size: 18pt\">Pr\u00e9sentation du DLA par Aurore Dupin, <\/span><span style=\"color: #ff6600;font-size: 18pt\">charg\u00e9e de mission DLA61<\/span><\/h4>\n    <\/div>\n\t\t<\/div>\n\t\t\t\t<\/div>\n\t\t\t\t<div class=\"elementor-element elementor-element-9be206e elementor-widget elementor-widget-video\" data-id=\"9be206e\" data-element_type=\"widget\" data-settings=\"{&quot;video_type&quot;:&quot;hosted&quot;,&quot;controls&quot;:&quot;yes&quot;}\" data-widget_type=\"video.default\">\n\t\t\t\t<div class=\"elementor-widget-container\">\n\t\t\t\t\t<div class=\"e-hosted-video elementor-wrapper elementor-open-inline\">\n\t\t\t\t\t<video class=\"elementor-video\" src=\"https:\/\/www.missionslocalesnormandie.fr\/content\/uploads\/sites\/4\/2024\/07\/dla-video-aurore-ag-reduite.mp4\" controls=\"\" preload=\"none\" controlsList=\"nodownload\" poster=\"https:\/\/www.missionslocalesnormandie.fr\/content\/uploads\/sites\/4\/2024\/10\/dla-video-aurore-ag-vignette.png\"><\/video>\n\t\t\t\t<\/div>\n\t\t\t\t<\/div>\n\t\t\t\t<\/div>\n\t\t\t\t<\/div>\n\t\t\t\t\t<\/div>\n\t\t\t\t<\/div>\n\t\t<div class=\"elementor-element elementor-element-bf2853b e-flex e-con-boxed e-con e-parent\" data-id=\"bf2853b\" data-element_type=\"container\">\n\t\t\t\t\t<div class=\"e-con-inner\">\n\t\t\t\t<div class=\"elementor-element elementor-element-9817df5 elementor-widget elementor-widget-block_simple_texte\" data-id=\"9817df5\" data-element_type=\"widget\" data-widget_type=\"block_simple_texte.default\">\n\t\t\t\t<div class=\"elementor-widget-container\">\n\t\t\t    <div class=\"container\">\n        <h5>\u00a0<\/h5><h5><span style=\"color: #000000\">Reposant sur une d\u00e9marche volontaire, sollicit\u00e9e et participative de la structure, le DLA intervient en <span style=\"color: #ff6600\">5 \u00e9tapes<\/span> :\u00a0<\/span><\/h5>\n    <\/div>\n\t\t<\/div>\n\t\t\t\t<\/div>\n\t\t\t\t<div class=\"elementor-element elementor-element-6bd25b4 elementor-widget elementor-widget-block_simple_texte\" data-id=\"6bd25b4\" data-element_type=\"widget\" data-widget_type=\"block_simple_texte.default\">\n\t\t\t\t<div class=\"elementor-widget-container\">\n\t\t\t    <div class=\"container\">\n        <h4>\u00a0<\/h4><h4 style=\"text-align: justify\"><span style=\"color: #ff6600\">L'accueil<\/span><\/h4><p style=\"text-align: justify\"><span style=\"font-size: 12pt\">\u00c0 la demande de l\u2019association, un premier entretien permet de pr\u00e9ciser l\u2019intervention du DLA, d\u2019en v\u00e9rifier l\u2019\u00e9ligibilit\u00e9 et la pertinence aupr\u00e8s de l\u2019association.<\/span><\/p><h4 style=\"text-align: justify\"><span style=\"color: #ff6600\">Le diagnostic<\/span><\/h4><p style=\"text-align: justify\"><span style=\"font-size: 12pt\">Une fois le besoin d\u2019appui av\u00e9r\u00e9, le DLA r\u00e9alise un \u00e9tat des lieux des forces et faiblesses, propose une analyse de la situation en fonction des besoins rep\u00e9r\u00e9s, r\u00e9dige un plan d\u2019accompagnement.<\/span><\/p><h4 style=\"text-align: justify\"><span style=\"color: #ff6600\">Le Comit\u00e9 d'Appui<\/span><\/h4><p style=\"text-align: justify\"><span style=\"font-size: 12pt\">Le diagnostic et le plan d\u2019accompagnement, apr\u00e8s validation par l\u2019association, sont enrichis au sein d\u2019un Comit\u00e9 d\u2019Appui, compos\u00e9 des partenaires du DLA qui disposent d\u2019un regard et d\u2019une expertise autres.<\/span><\/p><h4 style=\"text-align: justify\"><span style=\"color: #ff6600\">L'accompagnement<\/span><\/h4><p style=\"text-align: justify\">Le DLA construit un cahier des charges reprenant le plan d'accompagnement valid\u00e9 par le Comit\u00e9 d'appui sur un besoin particulier et lance une mise en concurrence entre plusieurs sp\u00e9cialistes. L\u2019accompagnement de la structure par le prestataire retenu est pris en charge par les financeurs du dispositif. Une association peut \u00eatre accompagn\u00e9e sur :<\/p><p style=\"text-align: justify\"><span style=\"color: #000000;font-family: georgia, palatino, serif\"><span style=\"font-size: 12pt;color: #ff6600\">* Son organisation interne\u00a0<\/span> \u00a0<\/span><\/p><p style=\"text-align: justify\"><span style=\"color: #ff6600;font-family: georgia, palatino, serif\">* Sa strat\u00e9gie de d\u00e9veloppement<\/span><\/p><p style=\"text-align: justify\"><span style=\"color: #ff6600;font-family: georgia, palatino, serif\">* Son projet associatif<\/span><\/p><p style=\"text-align: justify\"><span style=\"color: #ff6600;font-family: georgia, palatino, serif\">* Sa strat\u00e9gie de communication<\/span><\/p><p style=\"text-align: justify\"><span style=\"color: #ff6600;font-family: georgia, palatino, serif\">* Sa consolidation...<\/span><\/p><p style=\"text-align: justify\">Exemple d\u2019accompagnement : une compagnie de th\u00e9\u00e2tre, une entreprise d\u2019insertion, un collectif de 8 associations relevant d\u2019un besoin commun\u2026<\/p><h4><span style=\"color: #ff6600\">Le suivi de l'accompagnement<\/span><\/h4><p style=\"text-align: justify\"><span style=\"font-size: 12pt\">\u00c0 l\u2019issue de l\u2019accompagnement, le DLA mesure l\u2019atteinte des objectifs fix\u00e9s initialement et suit la structure jusqu\u2019\u00e0 deux ans apr\u00e8s le premier diagnostic.<\/span><\/p>\n    <\/div>\n\t\t<\/div>\n\t\t\t\t<\/div>\n\t\t\t\t<div class=\"elementor-element elementor-element-14f04b0 elementor-widget elementor-widget-block_simple_texte\" data-id=\"14f04b0\" data-element_type=\"widget\" data-widget_type=\"block_simple_texte.default\">\n\t\t\t\t<div class=\"elementor-widget-container\">\n\t\t\t    <div class=\"container\">\n        <section data-id=\"b65e9dd\" data-element_type=\"section\"><div data-id=\"0142871\" data-element_type=\"column\"><div style=\"text-align: justify\" data-id=\"0abfc57\" data-element_type=\"widget\" data-widget_type=\"text-editor.default\">\u00a0<\/div><\/div><div data-id=\"0abfc57\" data-element_type=\"widget\" data-widget_type=\"text-editor.default\">\u00a0<\/div><div style=\"text-align: center\" data-id=\"0abfc57\" data-element_type=\"widget\" data-widget_type=\"text-editor.default\"><strong><span style=\"font-family: georgia, palatino, serif\">Pour plus de renseignements :<\/span><\/strong><\/div><div data-id=\"0abfc57\" data-element_type=\"widget\" data-widget_type=\"text-editor.default\">\u00a0<\/div><div style=\"text-align: center\" data-id=\"0abfc57\" data-element_type=\"widget\" data-widget_type=\"text-editor.default\"><strong>DLA de l'Orne<\/strong><\/div><div style=\"text-align: center\" data-id=\"0abfc57\" data-element_type=\"widget\" data-widget_type=\"text-editor.default\">59 rue Saint Blaise<\/div><div style=\"text-align: center\" data-id=\"0abfc57\" data-element_type=\"widget\" data-widget_type=\"text-editor.default\">61000 Alen\u00e7on<\/div><div style=\"text-align: center\" data-id=\"0abfc57\" data-element_type=\"widget\" data-widget_type=\"text-editor.default\">02 33 32 79 47<\/div><div style=\"text-align: center\" data-id=\"0abfc57\" data-element_type=\"widget\" data-widget_type=\"text-editor.default\"><span style=\"color: #ff6600\"><a style=\"color: #ff6600;text-decoration: underline\" href=\"mailto:dlaorne@missionlocale-alencon.fr\">Contacter le DLA<\/a><\/span><\/div><div style=\"text-align: center\" data-id=\"0abfc57\" data-element_type=\"widget\" data-widget_type=\"text-editor.default\"><a href=\"https:\/\/www.linkedin.com\/in\/dla-orne-686b20268\"><img decoding=\"async\" class=\"aligncenter wp-image-2794\" src=\"https:\/\/www.missionslocalesnormandie.fr\/content\/uploads\/sites\/4\/2024\/07\/logo-linkedin-300x300.png\" alt=\"Linkedin Logo\" width=\"30\" height=\"30\" srcset=\"https:\/\/www.missionslocalesnormandie.fr\/content\/uploads\/sites\/4\/2024\/07\/logo-linkedin-300x300.png 300w, https:\/\/www.missionslocalesnormandie.fr\/content\/uploads\/sites\/4\/2024\/07\/logo-linkedin-1024x1024.png 1024w, https:\/\/www.missionslocalesnormandie.fr\/content\/uploads\/sites\/4\/2024\/07\/logo-linkedin-150x150.png 150w, https:\/\/www.missionslocalesnormandie.fr\/content\/uploads\/sites\/4\/2024\/07\/logo-linkedin-768x768.png 768w, https:\/\/www.missionslocalesnormandie.fr\/content\/uploads\/sites\/4\/2024\/07\/logo-linkedin-1536x1536.png 1536w, https:\/\/www.missionslocalesnormandie.fr\/content\/uploads\/sites\/4\/2024\/07\/logo-linkedin-2048x2048.png 2048w\" sizes=\"(max-width: 30px) 100vw, 30px\" \/><\/a><a href=\"https:\/\/www.facebook.com\/dlaorne\/?locale=fr_FR\"><img decoding=\"async\" class=\"aligncenter\" style=\"text-align: start\" src=\"https:\/\/logodownload.org\/wp-content\/uploads\/2014\/09\/facebook-logo-0.png\" alt=\"Facebook Logo \" width=\"38\" height=\"38\" \/><\/a><\/div><\/section>\n    <\/div>\n\t\t<\/div>\n\t\t\t\t<\/div>\n\t\t\t\t\t<\/div>\n\t\t\t\t<\/div>\n\t\t\t\t<\/div>\n\t\t","protected":false},"excerpt":{"rendered":"<p>Pr\u00e9sentation du DLA \/*! elementor &#8211; v3.17.0 &#8211; 08-11-2023 *\/ .elementor-widget-image{text-align:center}.elementor-widget-image a{display:inline-block}.elementor-widget-image a img[src$=&#8221;.svg&#8221;]{width:48px}.elementor-widget-image img{vertical-align:middle;display:inline-block} \u00a0 Dans l\u2019objectif de p\u00e9renniser les emplois, le DLA de l\u2019Orne, port\u00e9 par la Mission Locale d\u2019Alen\u00e7on, accompagne les structures employeuses de l\u2019ESS (\u00c9conomie Sociale et Solidaire) dans leur d\u00e9veloppement ou leur consolidation d\u2019activit\u00e9 en leur proposant, en fonction de [&hellip;]<\/p>\n","protected":false},"author":1,"featured_media":0,"parent":0,"menu_order":0,"comment_status":"open","ping_status":"closed","template":"","meta":{"_acf_changed":false,"_crosspost_to_1":false,"_crosspost_to_2":true,"_crosspost_to_3":true,"_crosspost_to_5":true,"_crosspost_to_6":false,"_crosspost_to_7":true,"_crosspost_to_8":true,"_crosspost_to_11":false,"_crosspost_to_12":true,"_crosspost_to_13":true,"_crosspost_to_14":true,"_crosspost_to_15":true,"_crosspost_to_16":false,"inline_featured_image":false,"footnotes":""},"acf":[],"yoast_head":"<!-- This site is optimized with the Yoast SEO plugin v21.9.1 - https:\/\/yoast.com\/wordpress\/plugins\/seo\/ -->\n<title>DLA - MISSION LOCALE DU PAYS D&#039;ALENCON<\/title>\n<meta name=\"robots\" content=\"index, follow, max-snippet:-1, max-image-preview:large, max-video-preview:-1\" \/>\n<link rel=\"canonical\" href=\"https:\/\/www.missionslocalesnormandie.fr\/mission-locale-pays-alencon\/contenu-libre-1\/\" \/>\n<meta property=\"og:locale\" content=\"fr_FR\" \/>\n<meta property=\"og:type\" content=\"article\" \/>\n<meta property=\"og:title\" content=\"DLA - MISSION LOCALE DU PAYS D&#039;ALENCON\" \/>\n<meta property=\"og:description\" content=\"Pr\u00e9sentation du DLA \/*! elementor &#8211; v3.17.0 &#8211; 08-11-2023 *\/ .elementor-widget-image{text-align:center}.elementor-widget-image a{display:inline-block}.elementor-widget-image a img[src$=&#8221;.svg&#8221;]{width:48px}.elementor-widget-image img{vertical-align:middle;display:inline-block} \u00a0 Dans l\u2019objectif de p\u00e9renniser les emplois, le DLA de l\u2019Orne, port\u00e9 par la Mission Locale d\u2019Alen\u00e7on, accompagne les structures employeuses de l\u2019ESS (\u00c9conomie Sociale et Solidaire) dans leur d\u00e9veloppement ou leur consolidation d\u2019activit\u00e9 en leur proposant, en fonction de [&hellip;]\" \/>\n<meta property=\"og:url\" content=\"https:\/\/www.missionslocalesnormandie.fr\/mission-locale-pays-alencon\/contenu-libre-1\/\" \/>\n<meta property=\"og:site_name\" content=\"MISSION LOCALE DU PAYS D&#039;ALENCON\" \/>\n<meta property=\"article:modified_time\" content=\"2024-10-29T14:33:49+00:00\" \/>\n<meta property=\"og:image\" content=\"https:\/\/www.missionslocalesnormandie.fr\/content\/uploads\/sites\/4\/2024\/10\/planche-dla-final-vrai-724x1024.png\" \/>\n<meta name=\"twitter:card\" content=\"summary_large_image\" \/>\n<meta name=\"twitter:label1\" content=\"Dur\u00e9e de lecture estim\u00e9e\" \/>\n\t<meta name=\"twitter:data1\" content=\"3 minutes\" \/>\n<script type=\"application\/ld+json\" class=\"yoast-schema-graph\">{\"@context\":\"https:\/\/schema.org\",\"@graph\":[{\"@type\":\"WebPage\",\"@id\":\"https:\/\/www.missionslocalesnormandie.fr\/mission-locale-pays-alencon\/contenu-libre-1\/\",\"url\":\"https:\/\/www.missionslocalesnormandie.fr\/mission-locale-pays-alencon\/contenu-libre-1\/\",\"name\":\"DLA - MISSION LOCALE DU PAYS D'ALENCON\",\"isPartOf\":{\"@id\":\"https:\/\/www.missionslocalesnormandie.fr\/mission-locale-pays-alencon\/#website\"},\"datePublished\":\"2023-12-20T09:09:13+00:00\",\"dateModified\":\"2024-10-29T14:33:49+00:00\",\"breadcrumb\":{\"@id\":\"https:\/\/www.missionslocalesnormandie.fr\/mission-locale-pays-alencon\/contenu-libre-1\/#breadcrumb\"},\"inLanguage\":\"fr-FR\",\"potentialAction\":[{\"@type\":\"ReadAction\",\"target\":[\"https:\/\/www.missionslocalesnormandie.fr\/mission-locale-pays-alencon\/contenu-libre-1\/\"]}]},{\"@type\":\"BreadcrumbList\",\"@id\":\"https:\/\/www.missionslocalesnormandie.fr\/mission-locale-pays-alencon\/contenu-libre-1\/#breadcrumb\",\"itemListElement\":[{\"@type\":\"ListItem\",\"position\":1,\"name\":\"Home\",\"item\":\"https:\/\/www.missionslocalesnormandie.fr\/mission-locale-pays-alencon\/\"},{\"@type\":\"ListItem\",\"position\":2,\"name\":\"DLA\"}]},{\"@type\":\"WebSite\",\"@id\":\"https:\/\/www.missionslocalesnormandie.fr\/mission-locale-pays-alencon\/#website\",\"url\":\"https:\/\/www.missionslocalesnormandie.fr\/mission-locale-pays-alencon\/\",\"name\":\"MISSION LOCALE DU PAYS D'ALENCON\",\"description\":\"\",\"potentialAction\":[{\"@type\":\"SearchAction\",\"target\":{\"@type\":\"EntryPoint\",\"urlTemplate\":\"https:\/\/www.missionslocalesnormandie.fr\/mission-locale-pays-alencon\/?s={search_term_string}\"},\"query-input\":\"required name=search_term_string\"}],\"inLanguage\":\"fr-FR\"}]}<\/script>\n<!-- \/ Yoast SEO plugin. -->","yoast_head_json":{"title":"DLA - MISSION LOCALE DU PAYS D'ALENCON","robots":{"index":"index","follow":"follow","max-snippet":"max-snippet:-1","max-image-preview":"max-image-preview:large","max-video-preview":"max-video-preview:-1"},"canonical":"https:\/\/www.missionslocalesnormandie.fr\/mission-locale-pays-alencon\/contenu-libre-1\/","og_locale":"fr_FR","og_type":"article","og_title":"DLA - MISSION LOCALE DU PAYS D'ALENCON","og_description":"Pr\u00e9sentation du DLA \/*! elementor &#8211; v3.17.0 &#8211; 08-11-2023 *\/ .elementor-widget-image{text-align:center}.elementor-widget-image a{display:inline-block}.elementor-widget-image a img[src$=&#8221;.svg&#8221;]{width:48px}.elementor-widget-image img{vertical-align:middle;display:inline-block} \u00a0 Dans l\u2019objectif de p\u00e9renniser les emplois, le DLA de l\u2019Orne, port\u00e9 par la Mission Locale d\u2019Alen\u00e7on, accompagne les structures employeuses de l\u2019ESS (\u00c9conomie Sociale et Solidaire) dans leur d\u00e9veloppement ou leur consolidation d\u2019activit\u00e9 en leur proposant, en fonction de [&hellip;]","og_url":"https:\/\/www.missionslocalesnormandie.fr\/mission-locale-pays-alencon\/contenu-libre-1\/","og_site_name":"MISSION LOCALE DU PAYS D'ALENCON","article_modified_time":"2024-10-29T14:33:49+00:00","og_image":[{"url":"https:\/\/www.missionslocalesnormandie.fr\/content\/uploads\/sites\/4\/2024\/10\/planche-dla-final-vrai-724x1024.png"}],"twitter_card":"summary_large_image","twitter_misc":{"Dur\u00e9e de lecture estim\u00e9e":"3 minutes"},"schema":{"@context":"https:\/\/schema.org","@graph":[{"@type":"WebPage","@id":"https:\/\/www.missionslocalesnormandie.fr\/mission-locale-pays-alencon\/contenu-libre-1\/","url":"https:\/\/www.missionslocalesnormandie.fr\/mission-locale-pays-alencon\/contenu-libre-1\/","name":"DLA - MISSION LOCALE DU PAYS D'ALENCON","isPartOf":{"@id":"https:\/\/www.missionslocalesnormandie.fr\/mission-locale-pays-alencon\/#website"},"datePublished":"2023-12-20T09:09:13+00:00","dateModified":"2024-10-29T14:33:49+00:00","breadcrumb":{"@id":"https:\/\/www.missionslocalesnormandie.fr\/mission-locale-pays-alencon\/contenu-libre-1\/#breadcrumb"},"inLanguage":"fr-FR","potentialAction":[{"@type":"ReadAction","target":["https:\/\/www.missionslocalesnormandie.fr\/mission-locale-pays-alencon\/contenu-libre-1\/"]}]},{"@type":"BreadcrumbList","@id":"https:\/\/www.missionslocalesnormandie.fr\/mission-locale-pays-alencon\/contenu-libre-1\/#breadcrumb","itemListElement":[{"@type":"ListItem","position":1,"name":"Home","item":"https:\/\/www.missionslocalesnormandie.fr\/mission-locale-pays-alencon\/"},{"@type":"ListItem","position":2,"name":"DLA"}]},{"@type":"WebSite","@id":"https:\/\/www.missionslocalesnormandie.fr\/mission-locale-pays-alencon\/#website","url":"https:\/\/www.missionslocalesnormandie.fr\/mission-locale-pays-alencon\/","name":"MISSION LOCALE DU PAYS D'ALENCON","description":"","potentialAction":[{"@type":"SearchAction","target":{"@type":"EntryPoint","urlTemplate":"https:\/\/www.missionslocalesnormandie.fr\/mission-locale-pays-alencon\/?s={search_term_string}"},"query-input":"required name=search_term_string"}],"inLanguage":"fr-FR"}]}},"_links":{"self":[{"href":"https:\/\/www.missionslocalesnormandie.fr\/mission-locale-pays-alencon\/wp-json\/wp\/v2\/pages\/326"}],"collection":[{"href":"https:\/\/www.missionslocalesnormandie.fr\/mission-locale-pays-alencon\/wp-json\/wp\/v2\/pages"}],"about":[{"href":"https:\/\/www.missionslocalesnormandie.fr\/mission-locale-pays-alencon\/wp-json\/wp\/v2\/types\/page"}],"author":[{"embeddable":true,"href":"https:\/\/www.missionslocalesnormandie.fr\/mission-locale-pays-alencon\/wp-json\/wp\/v2\/users\/1"}],"replies":[{"embeddable":true,"href":"https:\/\/www.missionslocalesnormandie.fr\/mission-locale-pays-alencon\/wp-json\/wp\/v2\/comments?post=326"}],"version-history":[{"count":220,"href":"https:\/\/www.missionslocalesnormandie.fr\/mission-locale-pays-alencon\/wp-json\/wp\/v2\/pages\/326\/revisions"}],"predecessor-version":[{"id":3838,"href":"https:\/\/www.missionslocalesnormandie.fr\/mission-locale-pays-alencon\/wp-json\/wp\/v2\/pages\/326\/revisions\/3838"}],"wp:attachment":[{"href":"https:\/\/www.missionslocalesnormandie.fr\/mission-locale-pays-alencon\/wp-json\/wp\/v2\/media?parent=326"}],"curies":[{"name":"wp","href":"https:\/\/api.w.org\/{rel}","templated":true}]}}