{"id":9,"date":"2023-12-14T14:42:24","date_gmt":"2023-12-14T13:42:24","guid":{"rendered":"https:\/\/www.missionslocalesnormandie.fr\/mission-locale-pays-alencon\/?page_id=9"},"modified":"2025-07-02T11:40:20","modified_gmt":"2025-07-02T09:40:20","slug":"notre-organisation","status":"publish","type":"page","link":"https:\/\/www.missionslocalesnormandie.fr\/mission-locale-pays-alencon\/notre-organisation\/","title":{"rendered":"Notre organisation"},"content":{"rendered":"\t\t<div data-elementor-type=\"wp-page\" data-elementor-id=\"9\" class=\"elementor elementor-9\">\n\t\t\t\t<div class=\"elementor-element elementor-element-f80ee54 e-flex e-con-boxed e-con e-parent\" data-id=\"f80ee54\" data-element_type=\"container\">\n\t\t\t\t\t<div class=\"e-con-inner\">\n\t\t<div class=\"elementor-element elementor-element-4f131ce e-con-full e-flex e-con e-child\" data-id=\"4f131ce\" data-element_type=\"container\">\n\t\t\t\t<div class=\"elementor-element elementor-element-87899df e-transform elementor-widget elementor-widget-block_titre\" data-id=\"87899df\" data-element_type=\"widget\" data-settings=\"{&quot;_transform_translateX_effect&quot;:{&quot;unit&quot;:&quot;px&quot;,&quot;size&quot;:&quot;-10&quot;,&quot;sizes&quot;:[]},&quot;_transform_translateX_effect_tablet&quot;:{&quot;unit&quot;:&quot;px&quot;,&quot;size&quot;:&quot;&quot;,&quot;sizes&quot;:[]},&quot;_transform_translateX_effect_mobile&quot;:{&quot;unit&quot;:&quot;px&quot;,&quot;size&quot;:&quot;&quot;,&quot;sizes&quot;:[]},&quot;_transform_translateY_effect&quot;:{&quot;unit&quot;:&quot;px&quot;,&quot;size&quot;:&quot;&quot;,&quot;sizes&quot;:[]},&quot;_transform_translateY_effect_tablet&quot;:{&quot;unit&quot;:&quot;px&quot;,&quot;size&quot;:&quot;&quot;,&quot;sizes&quot;:[]},&quot;_transform_translateY_effect_mobile&quot;:{&quot;unit&quot;:&quot;px&quot;,&quot;size&quot;:&quot;&quot;,&quot;sizes&quot;:[]}}\" data-widget_type=\"block_titre.default\">\n\t\t\t\t<div class=\"elementor-widget-container\">\n\t\t\t    <div class=\"container\">\n        <h2>\n            Pr\u00e9sentation de la Mission Locale\n        <\/h2>\n    <\/div>\n\t\t<\/div>\n\t\t\t\t<\/div>\n\t\t\t\t<div class=\"elementor-element elementor-element-9aa1a77 elementor-widget elementor-widget-block_simple_texte\" data-id=\"9aa1a77\" data-element_type=\"widget\" data-widget_type=\"block_simple_texte.default\">\n\t\t\t\t<div class=\"elementor-widget-container\">\n\t\t\t    <div class=\"container\">\n        <p style=\"text-align: justify\"><span style=\"font-size: 12pt\">Cr\u00e9\u00e9e en 1989, la Mission Locale Jeunes du pays d\u2019Alen\u00e7on est une association qui exerce une mission de service public de proximit\u00e9 \u00e0 destination des jeunes et des entreprises.<\/span><\/p><p style=\"text-align: justify\"><span style=\"font-size: 12pt\">Elle accompagne les jeunes de 16 \u00e0 25 ans sortis du syst\u00e8me scolaire dans l'\u00e9laboration de leur projet d\u2019insertion dans la vie professionnelle et travaille en collaboration avec les acteurs \u00e9conomiques et sociaux du territoire sur lequel elle intervient.<\/span><\/p>\n    <\/div>\n\t\t<\/div>\n\t\t\t\t<\/div>\n\t\t\t\t<\/div>\n\t\t<div class=\"elementor-element elementor-element-8eb0d07 e-con-full e-flex e-con e-child\" data-id=\"8eb0d07\" data-element_type=\"container\">\n\t\t\t\t<div class=\"elementor-element elementor-element-d40361e elementor-widget elementor-widget-video\" data-id=\"d40361e\" data-element_type=\"widget\" data-settings=\"{&quot;video_type&quot;:&quot;hosted&quot;,&quot;controls&quot;:&quot;yes&quot;}\" data-widget_type=\"video.default\">\n\t\t\t\t<div class=\"elementor-widget-container\">\n\t\t\t\t\t<div class=\"e-hosted-video elementor-wrapper elementor-open-inline\">\n\t\t\t\t\t<video class=\"elementor-video\" src=\"https:\/\/www.missionslocalesnormandie.fr\/content\/uploads\/sites\/4\/2024\/03\/Video-presentation-missions-ML-1-1.mp4\" controls=\"\" preload=\"none\" controlsList=\"nodownload\" poster=\"https:\/\/www.missionslocalesnormandie.fr\/content\/uploads\/sites\/4\/2024\/03\/vignette-video-presentation-ml.png\"><\/video>\n\t\t\t\t<\/div>\n\t\t\t\t<\/div>\n\t\t\t\t<\/div>\n\t\t\t\t<\/div>\n\t\t\t\t\t<\/div>\n\t\t\t\t<\/div>\n\t\t<div class=\"elementor-element elementor-element-e487dac e-flex e-con-boxed e-con e-parent\" data-id=\"e487dac\" data-element_type=\"container\">\n\t\t\t\t\t<div class=\"e-con-inner\">\n\t\t\t\t<div class=\"elementor-element elementor-element-003158a elementor-widget elementor-widget-block_titre\" data-id=\"003158a\" data-element_type=\"widget\" data-widget_type=\"block_titre.default\">\n\t\t\t\t<div class=\"elementor-widget-container\">\n\t\t\t    <div class=\"container\">\n        <h2>\n            Nos missions\n        <\/h2>\n    <\/div>\n\t\t<\/div>\n\t\t\t\t<\/div>\n\t\t\t\t\t<\/div>\n\t\t\t\t<\/div>\n\t\t<div class=\"elementor-element elementor-element-6a5ae4f e-flex e-con-boxed e-con e-parent\" data-id=\"6a5ae4f\" data-element_type=\"container\">\n\t\t\t\t\t<div class=\"e-con-inner\">\n\t\t<div class=\"elementor-element elementor-element-a52a0cc e-con-full e-flex e-con e-child\" data-id=\"a52a0cc\" data-element_type=\"container\">\n\t\t\t\t<div class=\"elementor-element elementor-element-d60226f elementor-widget elementor-widget-block_simple_visuel\" data-id=\"d60226f\" data-element_type=\"widget\" data-widget_type=\"block_simple_visuel.default\">\n\t\t\t\t<div class=\"elementor-widget-container\">\n\t\t\t    <div class=\"container\">\n        <figure>\n                        \n                                                            <a href=\"https:\/\/www.missionslocalesnormandie.fr\/content\/uploads\/sites\/4\/2024\/03\/couv-cra-scaled.jpg\">\n                    <img decoding=\"async\" src=\"https:\/\/www.missionslocalesnormandie.fr\/content\/uploads\/sites\/4\/2024\/03\/couv-cra-scaled-950x595-c-default.jpg\"\n                         alt=\"MISSION LOCALE DU PAYS D'ALENCON\"\/>\n                <\/a>\n            \n                    <\/figure>\n    <\/div>\n\t\t<\/div>\n\t\t\t\t<\/div>\n\t\t\t\t<\/div>\n\t\t<div class=\"elementor-element elementor-element-89d99a8 e-con-full e-flex e-con e-child\" data-id=\"89d99a8\" data-element_type=\"container\">\n\t\t<div class=\"elementor-element elementor-element-3cb2048 e-flex e-con-boxed e-con e-child\" data-id=\"3cb2048\" data-element_type=\"container\">\n\t\t\t\t\t<div class=\"e-con-inner\">\n\t\t\t\t<div class=\"elementor-element elementor-element-6341f18 elementor-widget elementor-widget-block_simple_texte\" data-id=\"6341f18\" data-element_type=\"widget\" data-widget_type=\"block_simple_texte.default\">\n\t\t\t\t<div class=\"elementor-widget-container\">\n\t\t\t    <div class=\"container\">\n        <p style=\"text-align: justify\"><span style=\"font-size: 12pt\">La Mission Locale a plusieurs missions :<\/span><\/p><div class=\"wp-block-group\"><div class=\"wp-block-group__inner-container is-layout-flow wp-block-group-is-layout-flow\"><ul><li style=\"text-align: justify\">Permettre aux jeunes de 16 ans et plus d\u2019\u00e9laborer un projet d\u2019insertion professionnelle et sociale, de les aider \u00e0 mettre en \u0153uvre ce projet dans tous les aspects de la vie quotidienne<\/li><\/ul><ul style=\"text-align: justify\"><li><span style=\"font-size: 12pt\">Agir pour la construction et l\u2019animation des politiques locales d\u2019insertion et de d\u00e9veloppement de l\u2019emploi<\/span><\/li><\/ul><ul><li style=\"text-align: justify\"><span style=\"font-size: 12pt\">\u00c9laborer et favoriser des compl\u00e9mentarit\u00e9s pour renforcer l\u2019efficacit\u00e9 des r\u00e9ponses aux besoins des jeunes et mettre en \u0153uvre les politiques d\u2019emploi et d\u2019insertion propos\u00e9es par les diff\u00e9rents acteurs.<\/span><\/li><\/ul><\/div><\/div>\n    <\/div>\n\t\t<\/div>\n\t\t\t\t<\/div>\n\t\t\t\t\t<\/div>\n\t\t\t\t<\/div>\n\t\t\t\t<\/div>\n\t\t\t\t\t<\/div>\n\t\t\t\t<\/div>\n\t\t<div class=\"elementor-element elementor-element-7ab0f79 e-flex e-con-boxed e-con e-parent\" data-id=\"7ab0f79\" data-element_type=\"container\">\n\t\t\t\t\t<div class=\"e-con-inner\">\n\t\t\t\t<div class=\"elementor-element elementor-element-b76c31f elementor-widget elementor-widget-block_titre\" data-id=\"b76c31f\" data-element_type=\"widget\" data-widget_type=\"block_titre.default\">\n\t\t\t\t<div class=\"elementor-widget-container\">\n\t\t\t    <div class=\"container\">\n        <h2>\n            Notre \u00e9quipe\n        <\/h2>\n    <\/div>\n\t\t<\/div>\n\t\t\t\t<\/div>\n\t\t\t\t\t<\/div>\n\t\t\t\t<\/div>\n\t\t<div class=\"elementor-element elementor-element-cc518f2 e-flex e-con-boxed e-con e-parent\" data-id=\"cc518f2\" data-element_type=\"container\">\n\t\t\t\t\t<div class=\"e-con-inner\">\n\t\t\t\t<div class=\"elementor-element elementor-element-1587f24 elementor-widget elementor-widget-block_simple_texte\" data-id=\"1587f24\" data-element_type=\"widget\" data-widget_type=\"block_simple_texte.default\">\n\t\t\t\t<div class=\"elementor-widget-container\">\n\t\t\t    <div class=\"container\">\n        <p>Elle est compos\u00e9e de 31 professionnels form\u00e9s \u00e0 l'accompagnement sp\u00e9cifique des jeunes.\u00a0R\u00e9partis suivant leur fonction au sein de la structure, on trouve des collaborateurs en charge de :<\/p><ul><li>L'accueil du public\u00a0<\/li><li>L'encadrement et de la gestion de la structure<\/li><li>L'accompagnement de jeunes - insertion<\/li><li>L'accompagnement de jeunes - emploi<\/li><li>La communication et la m\u00e9diation<\/li><\/ul>\n    <\/div>\n\t\t<\/div>\n\t\t\t\t<\/div>\n\t\t\t\t<div class=\"elementor-element elementor-element-ddd390a elementor-widget elementor-widget-block_liens_fichiers\" data-id=\"ddd390a\" data-element_type=\"widget\" data-widget_type=\"block_liens_fichiers.default\">\n\t\t\t\t<div class=\"elementor-widget-container\">\n\t\t\t    <div class=\"container\">\n        <div class=\"my-4\">\n                                                                        <div class=\"edito-lien-fichier-avance\">\n                                                            <figure class=\"miniature\">\n                                    <img decoding=\"async\" src=\"https:\/\/www.missionslocalesnormandie.fr\/content\/uploads\/sites\/4\/2025\/07\/trombinoscope-07-2025-maj-35x50-c-default.png\"\n                                         alt=\"Organigramme\"\/>\n                                <\/figure>\n                                                        <div class=\"titre-date\">\n                                <div class=\"titre\">\n                                    Organigramme\n                                <\/div>\n                                                                    <div class=\"date\">\n                                        Publi\u00e9 le 02 avr. 2024\n                                    <\/div>\n                                                            <\/div>\n                            <a href=\"https:\/\/www.missionslocalesnormandie.fr\/content\/uploads\/sites\/4\/2025\/07\/trombinoscope-07-2025-maj.pdf\"\n                               class=\"generic-button -color-2 -small -with-text-left-picto-right\"\n                               target=\"_blank\"\n                               rel=\"noopener noreferrer\">\n                                <span>T\u00e9l\u00e9charger<\/span>\n                                <?xml version=\"1.0\" encoding=\"UTF-8\"?>\n<svg width=\"24px\" height=\"24px\" viewBox=\"0 0 24 24\" version=\"1.1\" xmlns=\"http:\/\/www.w3.org\/2000\/svg\" xmlns:xlink=\"http:\/\/www.w3.org\/1999\/xlink\">\n    <title>icons\/Telecharger@3x<\/title>\n    <g id=\"icons\/Telecharger\" stroke=\"none\" stroke-width=\"1\" fill=\"none\" fill-rule=\"evenodd\">\n        <polygon id=\"zone\" points=\"0 24 24 24 24 0 0 0\"><\/polygon>\n        <path d=\"M20,20 C20.5522847,20 21,20.4477153 21,21 C21,21.5522847 20.5522847,22 20,22 L4,22 C3.44771525,22 3,21.5522847 3,21 C3,20.4477153 3.44771525,20 4,20 L20,20 Z M12,2 C12.5522847,2 13,2.44771525 13,3 L13,15.772 L18.0856362,11.2525907 C18.4666664,10.9138971 19.034547,10.9195244 19.4082496,11.2470591 L19.4974093,11.3356362 C19.8643273,11.7484189 19.8271466,12.3804913 19.4143638,12.7474093 L12.6643638,18.7474093 L12.649,18.759 L12.625449,18.7803112 L12.58,18.813 L12.5658632,18.8245898 L12.558,18.828 L12.5360882,18.844312 L12.476,18.877 L12.4606934,18.8877375 L12.454,18.89 L12.4397747,18.8983588 L12.37,18.927 L12.3501884,18.9368523 C12.2670141,18.9668616 12.1931348,18.9843853 12.1166211,18.9932723 L12,19 C11.8816533,19 11.7681082,18.9794416 11.6627412,18.9417014 L11.653,18.937 L11.629,18.927 L11.5602253,18.8983588 L11.545,18.89 L11.523,18.877 L11.4639118,18.844312 L11.441,18.828 L11.419,18.813 L11.374551,18.7803112 L11.35,18.759 L11.3356362,18.7474093 L4.58563616,12.7474093 C4.17285339,12.3804913 4.13567266,11.7484189 4.50259068,11.3356362 C4.8695087,10.9228534 5.50158107,10.8856727 5.91436384,11.2525907 L11,15.773 L11,3 C11,2.48716416 11.3860402,2.06449284 11.8833789,2.00672773 L12,2 Z\" id=\"DL-icon\" fill=\"#000000\"><\/path>\n    <\/g>\n<\/svg>                            <\/a>\n                        <\/div>\n                                                        <\/div>\n    <\/div>\n\t\t<\/div>\n\t\t\t\t<\/div>\n\t\t\t\t\t<\/div>\n\t\t\t\t<\/div>\n\t\t<div class=\"elementor-element elementor-element-035cead e-flex e-con-boxed e-con e-parent\" data-id=\"035cead\" data-element_type=\"container\">\n\t\t\t\t\t<div class=\"e-con-inner\">\n\t\t\t\t<div class=\"elementor-element elementor-element-08af738 elementor-widget elementor-widget-block_titre\" data-id=\"08af738\" data-element_type=\"widget\" data-widget_type=\"block_titre.default\">\n\t\t\t\t<div class=\"elementor-widget-container\">\n\t\t\t    <div class=\"container\">\n        <h2>\n            Les autres Missions Locales\n        <\/h2>\n    <\/div>\n\t\t<\/div>\n\t\t\t\t<\/div>\n\t\t\t\t<div class=\"elementor-element elementor-element-888046a elementor-widget elementor-widget-block_simple_texte\" data-id=\"888046a\" data-element_type=\"widget\" data-widget_type=\"block_simple_texte.default\">\n\t\t\t\t<div class=\"elementor-widget-container\">\n\t\t\t    <div class=\"container\">\n        <p>437 Missions Locales r\u00e9parties sur l'ensemble du territoire national composent le r\u00e9seau.<\/p><p>En Normandie, il existe 24 Missions Locales dont 4 dans l'Orne :<\/p><ul><li>Mission Locale du Pays d'Alen\u00e7on<\/li><li>Mission Locale des Pays d'Argentan et de Vimoutiers<\/li><li>Mission Locale L'Aigle-Mortagne-au-Perche<\/li><li>Mission Locale des Jeunes du Bocage<\/li><\/ul>\n    <\/div>\n\t\t<\/div>\n\t\t\t\t<\/div>\n\t\t\t\t\t<\/div>\n\t\t\t\t<\/div>\n\t\t\t\t<\/div>\n\t\t","protected":false},"excerpt":{"rendered":"<p>Pr\u00e9sentation de la Mission Locale Cr\u00e9\u00e9e en 1989, la Mission Locale Jeunes du pays d\u2019Alen\u00e7on est une association qui exerce une mission de service public de proximit\u00e9 \u00e0 destination des jeunes et des entreprises. Elle accompagne les jeunes de 16 \u00e0 25 ans sortis du syst\u00e8me scolaire dans l&#8217;\u00e9laboration de leur projet d\u2019insertion dans la [&hellip;]<\/p>\n","protected":false},"author":1,"featured_media":0,"parent":0,"menu_order":0,"comment_status":"closed","ping_status":"closed","template":"","meta":{"_acf_changed":false,"_crosspost_to_1":false,"_crosspost_to_2":false,"_crosspost_to_3":false,"_crosspost_to_5":false,"_crosspost_to_6":false,"_crosspost_to_7":false,"_crosspost_to_8":false,"_crosspost_to_11":false,"_crosspost_to_12":false,"_crosspost_to_13":false,"_crosspost_to_14":false,"_crosspost_to_15":false,"_crosspost_to_16":false,"inline_featured_image":false,"footnotes":""},"acf":[],"yoast_head":"<!-- This site is optimized with the Yoast SEO plugin v21.9.1 - https:\/\/yoast.com\/wordpress\/plugins\/seo\/ -->\n<title>Notre organisation - MISSION LOCALE DU PAYS D&#039;ALENCON<\/title>\n<meta name=\"robots\" content=\"index, follow, max-snippet:-1, max-image-preview:large, max-video-preview:-1\" \/>\n<link rel=\"canonical\" href=\"https:\/\/www.missionslocalesnormandie.fr\/mission-locale-pays-alencon\/notre-organisation\/\" \/>\n<meta property=\"og:locale\" content=\"fr_FR\" \/>\n<meta property=\"og:type\" content=\"article\" \/>\n<meta property=\"og:title\" content=\"Notre organisation - MISSION LOCALE DU PAYS D&#039;ALENCON\" \/>\n<meta property=\"og:description\" content=\"Pr\u00e9sentation de la Mission Locale Cr\u00e9\u00e9e en 1989, la Mission Locale Jeunes du pays d\u2019Alen\u00e7on est une association qui exerce une mission de service public de proximit\u00e9 \u00e0 destination des jeunes et des entreprises. Elle accompagne les jeunes de 16 \u00e0 25 ans sortis du syst\u00e8me scolaire dans l&#8217;\u00e9laboration de leur projet d\u2019insertion dans la [&hellip;]\" \/>\n<meta property=\"og:url\" content=\"https:\/\/www.missionslocalesnormandie.fr\/mission-locale-pays-alencon\/notre-organisation\/\" \/>\n<meta property=\"og:site_name\" content=\"MISSION LOCALE DU PAYS D&#039;ALENCON\" \/>\n<meta property=\"article:modified_time\" content=\"2025-07-02T09:40:20+00:00\" \/>\n<meta property=\"og:image\" content=\"https:\/\/www.missionslocalesnormandie.fr\/content\/uploads\/sites\/4\/2024\/03\/couv-cra-scaled-950x595-c-default.jpg\" \/>\n<meta name=\"twitter:card\" content=\"summary_large_image\" \/>\n<meta name=\"twitter:label1\" content=\"Dur\u00e9e de lecture estim\u00e9e\" \/>\n\t<meta name=\"twitter:data1\" content=\"2 minutes\" \/>\n<script type=\"application\/ld+json\" class=\"yoast-schema-graph\">{\"@context\":\"https:\/\/schema.org\",\"@graph\":[{\"@type\":\"WebPage\",\"@id\":\"https:\/\/www.missionslocalesnormandie.fr\/mission-locale-pays-alencon\/notre-organisation\/\",\"url\":\"https:\/\/www.missionslocalesnormandie.fr\/mission-locale-pays-alencon\/notre-organisation\/\",\"name\":\"Notre organisation - MISSION LOCALE DU PAYS D'ALENCON\",\"isPartOf\":{\"@id\":\"https:\/\/www.missionslocalesnormandie.fr\/mission-locale-pays-alencon\/#website\"},\"datePublished\":\"2023-12-14T13:42:24+00:00\",\"dateModified\":\"2025-07-02T09:40:20+00:00\",\"breadcrumb\":{\"@id\":\"https:\/\/www.missionslocalesnormandie.fr\/mission-locale-pays-alencon\/notre-organisation\/#breadcrumb\"},\"inLanguage\":\"fr-FR\",\"potentialAction\":[{\"@type\":\"ReadAction\",\"target\":[\"https:\/\/www.missionslocalesnormandie.fr\/mission-locale-pays-alencon\/notre-organisation\/\"]}]},{\"@type\":\"BreadcrumbList\",\"@id\":\"https:\/\/www.missionslocalesnormandie.fr\/mission-locale-pays-alencon\/notre-organisation\/#breadcrumb\",\"itemListElement\":[{\"@type\":\"ListItem\",\"position\":1,\"name\":\"Home\",\"item\":\"https:\/\/www.missionslocalesnormandie.fr\/mission-locale-pays-alencon\/\"},{\"@type\":\"ListItem\",\"position\":2,\"name\":\"Notre organisation\"}]},{\"@type\":\"WebSite\",\"@id\":\"https:\/\/www.missionslocalesnormandie.fr\/mission-locale-pays-alencon\/#website\",\"url\":\"https:\/\/www.missionslocalesnormandie.fr\/mission-locale-pays-alencon\/\",\"name\":\"MISSION LOCALE DU PAYS D'ALENCON\",\"description\":\"\",\"potentialAction\":[{\"@type\":\"SearchAction\",\"target\":{\"@type\":\"EntryPoint\",\"urlTemplate\":\"https:\/\/www.missionslocalesnormandie.fr\/mission-locale-pays-alencon\/?s={search_term_string}\"},\"query-input\":\"required name=search_term_string\"}],\"inLanguage\":\"fr-FR\"}]}<\/script>\n<!-- \/ Yoast SEO plugin. -->","yoast_head_json":{"title":"Notre organisation - MISSION LOCALE DU PAYS D'ALENCON","robots":{"index":"index","follow":"follow","max-snippet":"max-snippet:-1","max-image-preview":"max-image-preview:large","max-video-preview":"max-video-preview:-1"},"canonical":"https:\/\/www.missionslocalesnormandie.fr\/mission-locale-pays-alencon\/notre-organisation\/","og_locale":"fr_FR","og_type":"article","og_title":"Notre organisation - MISSION LOCALE DU PAYS D'ALENCON","og_description":"Pr\u00e9sentation de la Mission Locale Cr\u00e9\u00e9e en 1989, la Mission Locale Jeunes du pays d\u2019Alen\u00e7on est une association qui exerce une mission de service public de proximit\u00e9 \u00e0 destination des jeunes et des entreprises. Elle accompagne les jeunes de 16 \u00e0 25 ans sortis du syst\u00e8me scolaire dans l&#8217;\u00e9laboration de leur projet d\u2019insertion dans la [&hellip;]","og_url":"https:\/\/www.missionslocalesnormandie.fr\/mission-locale-pays-alencon\/notre-organisation\/","og_site_name":"MISSION LOCALE DU PAYS D'ALENCON","article_modified_time":"2025-07-02T09:40:20+00:00","og_image":[{"url":"https:\/\/www.missionslocalesnormandie.fr\/content\/uploads\/sites\/4\/2024\/03\/couv-cra-scaled-950x595-c-default.jpg"}],"twitter_card":"summary_large_image","twitter_misc":{"Dur\u00e9e de lecture estim\u00e9e":"2 minutes"},"schema":{"@context":"https:\/\/schema.org","@graph":[{"@type":"WebPage","@id":"https:\/\/www.missionslocalesnormandie.fr\/mission-locale-pays-alencon\/notre-organisation\/","url":"https:\/\/www.missionslocalesnormandie.fr\/mission-locale-pays-alencon\/notre-organisation\/","name":"Notre organisation - MISSION LOCALE DU PAYS D'ALENCON","isPartOf":{"@id":"https:\/\/www.missionslocalesnormandie.fr\/mission-locale-pays-alencon\/#website"},"datePublished":"2023-12-14T13:42:24+00:00","dateModified":"2025-07-02T09:40:20+00:00","breadcrumb":{"@id":"https:\/\/www.missionslocalesnormandie.fr\/mission-locale-pays-alencon\/notre-organisation\/#breadcrumb"},"inLanguage":"fr-FR","potentialAction":[{"@type":"ReadAction","target":["https:\/\/www.missionslocalesnormandie.fr\/mission-locale-pays-alencon\/notre-organisation\/"]}]},{"@type":"BreadcrumbList","@id":"https:\/\/www.missionslocalesnormandie.fr\/mission-locale-pays-alencon\/notre-organisation\/#breadcrumb","itemListElement":[{"@type":"ListItem","position":1,"name":"Home","item":"https:\/\/www.missionslocalesnormandie.fr\/mission-locale-pays-alencon\/"},{"@type":"ListItem","position":2,"name":"Notre organisation"}]},{"@type":"WebSite","@id":"https:\/\/www.missionslocalesnormandie.fr\/mission-locale-pays-alencon\/#website","url":"https:\/\/www.missionslocalesnormandie.fr\/mission-locale-pays-alencon\/","name":"MISSION LOCALE DU PAYS D'ALENCON","description":"","potentialAction":[{"@type":"SearchAction","target":{"@type":"EntryPoint","urlTemplate":"https:\/\/www.missionslocalesnormandie.fr\/mission-locale-pays-alencon\/?s={search_term_string}"},"query-input":"required name=search_term_string"}],"inLanguage":"fr-FR"}]}},"_links":{"self":[{"href":"https:\/\/www.missionslocalesnormandie.fr\/mission-locale-pays-alencon\/wp-json\/wp\/v2\/pages\/9"}],"collection":[{"href":"https:\/\/www.missionslocalesnormandie.fr\/mission-locale-pays-alencon\/wp-json\/wp\/v2\/pages"}],"about":[{"href":"https:\/\/www.missionslocalesnormandie.fr\/mission-locale-pays-alencon\/wp-json\/wp\/v2\/types\/page"}],"author":[{"embeddable":true,"href":"https:\/\/www.missionslocalesnormandie.fr\/mission-locale-pays-alencon\/wp-json\/wp\/v2\/users\/1"}],"replies":[{"embeddable":true,"href":"https:\/\/www.missionslocalesnormandie.fr\/mission-locale-pays-alencon\/wp-json\/wp\/v2\/comments?post=9"}],"version-history":[{"count":425,"href":"https:\/\/www.missionslocalesnormandie.fr\/mission-locale-pays-alencon\/wp-json\/wp\/v2\/pages\/9\/revisions"}],"predecessor-version":[{"id":3872,"href":"https:\/\/www.missionslocalesnormandie.fr\/mission-locale-pays-alencon\/wp-json\/wp\/v2\/pages\/9\/revisions\/3872"}],"wp:attachment":[{"href":"https:\/\/www.missionslocalesnormandie.fr\/mission-locale-pays-alencon\/wp-json\/wp\/v2\/media?parent=9"}],"curies":[{"name":"wp","href":"https:\/\/api.w.org\/{rel}","templated":true}]}}