{"id":92,"date":"2023-12-14T15:15:29","date_gmt":"2023-12-14T14:15:29","guid":{"rendered":"https:\/\/www.missionslocalesnormandie.fr\/mission-locale-pays-alencon\/?page_id=92"},"modified":"2024-07-31T15:21:53","modified_gmt":"2024-07-31T13:21:53","slug":"les-mesures-daides-a-la-formation-en-emploi","status":"publish","type":"page","link":"https:\/\/www.missionslocalesnormandie.fr\/mission-locale-pays-alencon\/les-mesures-daides-a-la-formation-en-emploi\/","title":{"rendered":"Les aides \u00e0 la formation en emploi"},"content":{"rendered":"\t\t<div data-elementor-type=\"wp-page\" data-elementor-id=\"92\" class=\"elementor elementor-92\">\n\t\t\t\t<div class=\"elementor-element elementor-element-4a2a5f9 e-flex e-con-boxed e-con e-parent\" data-id=\"4a2a5f9\" data-element_type=\"container\">\n\t\t\t\t\t<div class=\"e-con-inner\">\n\t\t\t\t<div class=\"elementor-element elementor-element-56bf95c elementor-widget elementor-widget-block_intro\" data-id=\"56bf95c\" data-element_type=\"widget\" data-widget_type=\"block_intro.default\">\n\t\t\t\t<div class=\"elementor-widget-container\">\n\t\t\t    <div class=\"container\">\n        <div class=\"edito-intro\">\n            <p>Vous souhaitez recruter et former au sein de votre entreprise vos futurs collaborateurs ? Des mesures d'aides existent et peuvent \u00eatre sollicit\u00e9es. Pour en savoir plus, contactez nos charg\u00e9es de relation entreprises : <a href=\"https:\/\/www.missionslocalesnormandie.fr\/mission-locale-pays-alencon\/nous-contacter-3\/\">contact<\/a><\/p>\n        <\/div>\n    <\/div>\n\t\t<\/div>\n\t\t\t\t<\/div>\n\t\t\t\t\t<\/div>\n\t\t\t\t<\/div>\n\t\t<div class=\"elementor-element elementor-element-159fbbf e-flex e-con-boxed e-con e-parent\" data-id=\"159fbbf\" data-element_type=\"container\">\n\t\t\t\t\t<div class=\"e-con-inner\">\n\t\t\t\t<div class=\"elementor-element elementor-element-0c0683c elementor-widget elementor-widget-block_titre\" data-id=\"0c0683c\" data-element_type=\"widget\" data-widget_type=\"block_titre.default\">\n\t\t\t\t<div class=\"elementor-widget-container\">\n\t\t\t    <div class=\"container\">\n        <h2>\n            Les GEIQ\n        <\/h2>\n    <\/div>\n\t\t<\/div>\n\t\t\t\t<\/div>\n\t\t\t\t<div class=\"elementor-element elementor-element-b6a68d9 elementor-widget elementor-widget-block_simple_texte\" data-id=\"b6a68d9\" data-element_type=\"widget\" data-widget_type=\"block_simple_texte.default\">\n\t\t\t\t<div class=\"elementor-widget-container\">\n\t\t\t    <div class=\"container\">\n        <p style=\"text-align: justify\">Les Groupements d'Employeurs pour l'Insertion et la Qualification regroupent des entreprises qui parient sur le potentiel de personnes \u00e9loign\u00e9es du march\u00e9 du travail pour r\u00e9soudre leurs probl\u00e8mes structurels de recrutement, en organisant des parcours d\u2019insertion et de qualification.<\/p><p style=\"text-align: justify\">Le GEIQ vise \u00e0\u00a0:<\/p><ul role=\"list\"><li style=\"text-align: justify\">Permettre aux salari\u00e9s d\u2019acqu\u00e9rir une qualification reconnue et une r\u00e9elle exp\u00e9rience professionnelle valid\u00e9e par des p\u00e9riodes en entreprises d\u00e9bouchant sur un emploi ;<\/li><li style=\"text-align: justify\">R\u00e9pondre aux besoins des entreprises adh\u00e9rentes par le recrutement d\u2019un personnel form\u00e9 sp\u00e9cifiquement \u00e0 leurs m\u00e9tiers.<\/li><\/ul><p>Suivant la situation et le projet des jeunes que nous accompagnons, nous pouvons solliciter :<\/p><ul><li>Le GEIQ multisectoriel<\/li><li>Le GEIQ BTP<\/li><li>Le GEIQ PEP'S<\/li><\/ul>\n    <\/div>\n\t\t<\/div>\n\t\t\t\t<\/div>\n\t\t\t\t\t<\/div>\n\t\t\t\t<\/div>\n\t\t<div class=\"elementor-element elementor-element-a056ca4 e-flex e-con-boxed e-con e-parent\" data-id=\"a056ca4\" data-element_type=\"container\">\n\t\t\t\t\t<div class=\"e-con-inner\">\n\t\t\t\t<div class=\"elementor-element elementor-element-e199a7e elementor-widget elementor-widget-block_titre\" data-id=\"e199a7e\" data-element_type=\"widget\" data-widget_type=\"block_titre.default\">\n\t\t\t\t<div class=\"elementor-widget-container\">\n\t\t\t    <div class=\"container\">\n        <h2>\n            La POEC\n        <\/h2>\n    <\/div>\n\t\t<\/div>\n\t\t\t\t<\/div>\n\t\t\t\t<div class=\"elementor-element elementor-element-7e19b64 elementor-widget elementor-widget-block_simple_texte\" data-id=\"7e19b64\" data-element_type=\"widget\" data-widget_type=\"block_simple_texte.default\">\n\t\t\t\t<div class=\"elementor-widget-container\">\n\t\t\t    <div class=\"container\">\n        <p style=\"text-align: justify\">Mise en \u0153uvre par France Travail, la Pr\u00e9paration Op\u00e9rationnelle \u00e0 l\u2019Emploi Collective (POEC) est une action de formation permettant \u00e0 plusieurs demandeurs d\u2019emploi d\u2019acqu\u00e9rir les comp\u00e9tences requises pour occuper des emplois correspondant \u00e0 des besoins identifi\u00e9s par une branche professionnelle ou, \u00e0 d\u00e9faut, par le conseil d\u2019administration d\u2019un op\u00e9rateur de comp\u00e9tences (OPCO).<\/p>\n    <\/div>\n\t\t<\/div>\n\t\t\t\t<\/div>\n\t\t\t\t\t<\/div>\n\t\t\t\t<\/div>\n\t\t\t\t<\/div>\n\t\t","protected":false},"excerpt":{"rendered":"<p>Vous souhaitez recruter et former au sein de votre entreprise vos futurs collaborateurs ? Des mesures d&#8217;aides existent et peuvent \u00eatre sollicit\u00e9es. Pour en savoir plus, contactez nos charg\u00e9es de relation entreprises : contact Les GEIQ Les Groupements d&#8217;Employeurs pour l&#8217;Insertion et la Qualification regroupent des entreprises qui parient sur le potentiel de personnes \u00e9loign\u00e9es [&hellip;]<\/p>\n","protected":false},"author":1,"featured_media":0,"parent":0,"menu_order":0,"comment_status":"closed","ping_status":"closed","template":"","meta":{"_acf_changed":false,"_crosspost_to_1":false,"_crosspost_to_2":false,"_crosspost_to_3":false,"_crosspost_to_5":false,"_crosspost_to_6":false,"_crosspost_to_7":false,"_crosspost_to_8":false,"_crosspost_to_11":false,"_crosspost_to_12":false,"_crosspost_to_13":false,"_crosspost_to_14":false,"_crosspost_to_15":false,"_crosspost_to_16":false,"inline_featured_image":false,"footnotes":""},"acf":[],"yoast_head":"<!-- This site is optimized with the Yoast SEO plugin v21.9.1 - https:\/\/yoast.com\/wordpress\/plugins\/seo\/ -->\n<title>Les aides \u00e0 la formation en emploi - MISSION LOCALE DU PAYS D&#039;ALENCON<\/title>\n<meta name=\"robots\" content=\"index, follow, max-snippet:-1, max-image-preview:large, max-video-preview:-1\" \/>\n<link rel=\"canonical\" href=\"https:\/\/www.missionslocalesnormandie.fr\/mission-locale-pays-alencon\/les-mesures-daides-a-la-formation-en-emploi\/\" \/>\n<meta property=\"og:locale\" content=\"fr_FR\" \/>\n<meta property=\"og:type\" content=\"article\" \/>\n<meta property=\"og:title\" content=\"Les aides \u00e0 la formation en emploi - MISSION LOCALE DU PAYS D&#039;ALENCON\" \/>\n<meta property=\"og:description\" content=\"Vous souhaitez recruter et former au sein de votre entreprise vos futurs collaborateurs ? Des mesures d&#8217;aides existent et peuvent \u00eatre sollicit\u00e9es. Pour en savoir plus, contactez nos charg\u00e9es de relation entreprises : contact Les GEIQ Les Groupements d&#8217;Employeurs pour l&#8217;Insertion et la Qualification regroupent des entreprises qui parient sur le potentiel de personnes \u00e9loign\u00e9es [&hellip;]\" \/>\n<meta property=\"og:url\" content=\"https:\/\/www.missionslocalesnormandie.fr\/mission-locale-pays-alencon\/les-mesures-daides-a-la-formation-en-emploi\/\" \/>\n<meta property=\"og:site_name\" content=\"MISSION LOCALE DU PAYS D&#039;ALENCON\" \/>\n<meta property=\"article:modified_time\" content=\"2024-07-31T13:21:53+00:00\" \/>\n<meta name=\"twitter:card\" content=\"summary_large_image\" \/>\n<meta name=\"twitter:label1\" content=\"Dur\u00e9e de lecture estim\u00e9e\" \/>\n\t<meta name=\"twitter:data1\" content=\"1 minute\" \/>\n<script type=\"application\/ld+json\" class=\"yoast-schema-graph\">{\"@context\":\"https:\/\/schema.org\",\"@graph\":[{\"@type\":\"WebPage\",\"@id\":\"https:\/\/www.missionslocalesnormandie.fr\/mission-locale-pays-alencon\/les-mesures-daides-a-la-formation-en-emploi\/\",\"url\":\"https:\/\/www.missionslocalesnormandie.fr\/mission-locale-pays-alencon\/les-mesures-daides-a-la-formation-en-emploi\/\",\"name\":\"Les aides \u00e0 la formation en emploi - MISSION LOCALE DU PAYS D'ALENCON\",\"isPartOf\":{\"@id\":\"https:\/\/www.missionslocalesnormandie.fr\/mission-locale-pays-alencon\/#website\"},\"datePublished\":\"2023-12-14T14:15:29+00:00\",\"dateModified\":\"2024-07-31T13:21:53+00:00\",\"breadcrumb\":{\"@id\":\"https:\/\/www.missionslocalesnormandie.fr\/mission-locale-pays-alencon\/les-mesures-daides-a-la-formation-en-emploi\/#breadcrumb\"},\"inLanguage\":\"fr-FR\",\"potentialAction\":[{\"@type\":\"ReadAction\",\"target\":[\"https:\/\/www.missionslocalesnormandie.fr\/mission-locale-pays-alencon\/les-mesures-daides-a-la-formation-en-emploi\/\"]}]},{\"@type\":\"BreadcrumbList\",\"@id\":\"https:\/\/www.missionslocalesnormandie.fr\/mission-locale-pays-alencon\/les-mesures-daides-a-la-formation-en-emploi\/#breadcrumb\",\"itemListElement\":[{\"@type\":\"ListItem\",\"position\":1,\"name\":\"Home\",\"item\":\"https:\/\/www.missionslocalesnormandie.fr\/mission-locale-pays-alencon\/\"},{\"@type\":\"ListItem\",\"position\":2,\"name\":\"Les aides \u00e0 la formation en emploi\"}]},{\"@type\":\"WebSite\",\"@id\":\"https:\/\/www.missionslocalesnormandie.fr\/mission-locale-pays-alencon\/#website\",\"url\":\"https:\/\/www.missionslocalesnormandie.fr\/mission-locale-pays-alencon\/\",\"name\":\"MISSION LOCALE DU PAYS D'ALENCON\",\"description\":\"\",\"potentialAction\":[{\"@type\":\"SearchAction\",\"target\":{\"@type\":\"EntryPoint\",\"urlTemplate\":\"https:\/\/www.missionslocalesnormandie.fr\/mission-locale-pays-alencon\/?s={search_term_string}\"},\"query-input\":\"required name=search_term_string\"}],\"inLanguage\":\"fr-FR\"}]}<\/script>\n<!-- \/ Yoast SEO plugin. -->","yoast_head_json":{"title":"Les aides \u00e0 la formation en emploi - MISSION LOCALE DU PAYS D'ALENCON","robots":{"index":"index","follow":"follow","max-snippet":"max-snippet:-1","max-image-preview":"max-image-preview:large","max-video-preview":"max-video-preview:-1"},"canonical":"https:\/\/www.missionslocalesnormandie.fr\/mission-locale-pays-alencon\/les-mesures-daides-a-la-formation-en-emploi\/","og_locale":"fr_FR","og_type":"article","og_title":"Les aides \u00e0 la formation en emploi - MISSION LOCALE DU PAYS D'ALENCON","og_description":"Vous souhaitez recruter et former au sein de votre entreprise vos futurs collaborateurs ? Des mesures d&#8217;aides existent et peuvent \u00eatre sollicit\u00e9es. Pour en savoir plus, contactez nos charg\u00e9es de relation entreprises : contact Les GEIQ Les Groupements d&#8217;Employeurs pour l&#8217;Insertion et la Qualification regroupent des entreprises qui parient sur le potentiel de personnes \u00e9loign\u00e9es [&hellip;]","og_url":"https:\/\/www.missionslocalesnormandie.fr\/mission-locale-pays-alencon\/les-mesures-daides-a-la-formation-en-emploi\/","og_site_name":"MISSION LOCALE DU PAYS D'ALENCON","article_modified_time":"2024-07-31T13:21:53+00:00","twitter_card":"summary_large_image","twitter_misc":{"Dur\u00e9e de lecture estim\u00e9e":"1 minute"},"schema":{"@context":"https:\/\/schema.org","@graph":[{"@type":"WebPage","@id":"https:\/\/www.missionslocalesnormandie.fr\/mission-locale-pays-alencon\/les-mesures-daides-a-la-formation-en-emploi\/","url":"https:\/\/www.missionslocalesnormandie.fr\/mission-locale-pays-alencon\/les-mesures-daides-a-la-formation-en-emploi\/","name":"Les aides \u00e0 la formation en emploi - MISSION LOCALE DU PAYS D'ALENCON","isPartOf":{"@id":"https:\/\/www.missionslocalesnormandie.fr\/mission-locale-pays-alencon\/#website"},"datePublished":"2023-12-14T14:15:29+00:00","dateModified":"2024-07-31T13:21:53+00:00","breadcrumb":{"@id":"https:\/\/www.missionslocalesnormandie.fr\/mission-locale-pays-alencon\/les-mesures-daides-a-la-formation-en-emploi\/#breadcrumb"},"inLanguage":"fr-FR","potentialAction":[{"@type":"ReadAction","target":["https:\/\/www.missionslocalesnormandie.fr\/mission-locale-pays-alencon\/les-mesures-daides-a-la-formation-en-emploi\/"]}]},{"@type":"BreadcrumbList","@id":"https:\/\/www.missionslocalesnormandie.fr\/mission-locale-pays-alencon\/les-mesures-daides-a-la-formation-en-emploi\/#breadcrumb","itemListElement":[{"@type":"ListItem","position":1,"name":"Home","item":"https:\/\/www.missionslocalesnormandie.fr\/mission-locale-pays-alencon\/"},{"@type":"ListItem","position":2,"name":"Les aides \u00e0 la formation en emploi"}]},{"@type":"WebSite","@id":"https:\/\/www.missionslocalesnormandie.fr\/mission-locale-pays-alencon\/#website","url":"https:\/\/www.missionslocalesnormandie.fr\/mission-locale-pays-alencon\/","name":"MISSION LOCALE DU PAYS D'ALENCON","description":"","potentialAction":[{"@type":"SearchAction","target":{"@type":"EntryPoint","urlTemplate":"https:\/\/www.missionslocalesnormandie.fr\/mission-locale-pays-alencon\/?s={search_term_string}"},"query-input":"required name=search_term_string"}],"inLanguage":"fr-FR"}]}},"_links":{"self":[{"href":"https:\/\/www.missionslocalesnormandie.fr\/mission-locale-pays-alencon\/wp-json\/wp\/v2\/pages\/92"}],"collection":[{"href":"https:\/\/www.missionslocalesnormandie.fr\/mission-locale-pays-alencon\/wp-json\/wp\/v2\/pages"}],"about":[{"href":"https:\/\/www.missionslocalesnormandie.fr\/mission-locale-pays-alencon\/wp-json\/wp\/v2\/types\/page"}],"author":[{"embeddable":true,"href":"https:\/\/www.missionslocalesnormandie.fr\/mission-locale-pays-alencon\/wp-json\/wp\/v2\/users\/1"}],"replies":[{"embeddable":true,"href":"https:\/\/www.missionslocalesnormandie.fr\/mission-locale-pays-alencon\/wp-json\/wp\/v2\/comments?post=92"}],"version-history":[{"count":17,"href":"https:\/\/www.missionslocalesnormandie.fr\/mission-locale-pays-alencon\/wp-json\/wp\/v2\/pages\/92\/revisions"}],"predecessor-version":[{"id":3085,"href":"https:\/\/www.missionslocalesnormandie.fr\/mission-locale-pays-alencon\/wp-json\/wp\/v2\/pages\/92\/revisions\/3085"}],"wp:attachment":[{"href":"https:\/\/www.missionslocalesnormandie.fr\/mission-locale-pays-alencon\/wp-json\/wp\/v2\/media?parent=92"}],"curies":[{"name":"wp","href":"https:\/\/api.w.org\/{rel}","templated":true}]}}