{"id":162,"date":"2023-12-14T15:37:19","date_gmt":"2023-12-14T14:37:19","guid":{"rendered":"https:\/\/www.missionslocalesnormandie.fr\/mission-locale-pays-argentan-vimoutiers\/?page_id=162"},"modified":"2025-07-17T09:39:48","modified_gmt":"2025-07-17T07:39:48","slug":"me-former","status":"publish","type":"page","link":"https:\/\/www.missionslocalesnormandie.fr\/mission-locale-pays-argentan-vimoutiers\/me-former\/","title":{"rendered":"M&#8217;orienter &#8211; Me former"},"content":{"rendered":"\t\t<div data-elementor-type=\"wp-page\" data-elementor-id=\"162\" class=\"elementor elementor-162\">\n\t\t\t\t<div class=\"elementor-element elementor-element-d0b11cd e-flex e-con-boxed e-con e-parent\" data-id=\"d0b11cd\" data-element_type=\"container\">\n\t\t\t\t\t<div class=\"e-con-inner\">\n\t\t\t\t<div class=\"elementor-element elementor-element-b6aaf4c elementor-widget elementor-widget-block_titre\" data-id=\"b6aaf4c\" data-element_type=\"widget\" data-widget_type=\"block_titre.default\">\n\t\t\t\t<div class=\"elementor-widget-container\">\n\t\t\t    <div class=\"container\">\n        <h2>\n            \u00catre guid\u00e9 pour d\u00e9finir un projet professionnel\n        <\/h2>\n    <\/div>\n\t\t<\/div>\n\t\t\t\t<\/div>\n\t\t\t\t\t<\/div>\n\t\t\t\t<\/div>\n\t\t<div class=\"elementor-element elementor-element-05f6e61 e-flex e-con-boxed e-con e-parent\" data-id=\"05f6e61\" data-element_type=\"container\">\n\t\t\t\t\t<div class=\"e-con-inner\">\n\t\t<div class=\"elementor-element elementor-element-73febf2 e-con-full e-flex e-con e-child\" data-id=\"73febf2\" data-element_type=\"container\">\n\t\t\t\t<div class=\"elementor-element elementor-element-09eabaf elementor-widget elementor-widget-block_simple_texte\" data-id=\"09eabaf\" data-element_type=\"widget\" data-widget_type=\"block_simple_texte.default\">\n\t\t\t\t<div class=\"elementor-widget-container\">\n\t\t\t    <div class=\"container\">\n        <ul><li><span style=\"font-size: 14pt\">Quels crit\u00e8res prendre en compte pour choisir mon m\u00e9tier de demain ?<\/span><\/li><li><span style=\"font-size: 14pt\">Comment \u00eatre sur que je fais le bon choix ?<\/span><\/li><li><span style=\"font-size: 14pt\">J'ai une id\u00e9e de m\u00e9tier qui devrait me plaire mais je veux en savoir plus.<\/span><\/li><li><span style=\"font-size: 14pt\">Faire le point sur mes comp\u00e9tences, et les conditions de travail importantes pour moi<\/span><\/li><li><span style=\"font-size: 14pt\">Etre inform\u00e9 sur les m\u00e9tiers et secteurs qui recrutent sur mon territoire et ailleurs.<\/span><\/li><li><span style=\"font-size: 14pt\">Tester des m\u00e9tiers en situation r\u00e9elle et r\u00e9aliser des p\u00e9riodes d'immersion en entreprise.<\/span><\/li><\/ul><p><span style=\"font-size: 14pt\"><strong>Ensemble, nous \u00e9tudierons les solutions les plus adapt\u00e9es pour tes d\u00e9placements en lien avec les partenaires mobilit\u00e9 du territoire.<\/strong><\/span><\/p>\n    <\/div>\n\t\t<\/div>\n\t\t\t\t<\/div>\n\t\t\t\t<\/div>\n\t\t<div class=\"elementor-element elementor-element-f8a9b90 e-con-full e-flex e-con e-child\" data-id=\"f8a9b90\" data-element_type=\"container\">\n\t\t\t\t<div class=\"elementor-element elementor-element-f2accc0 elementor-widget elementor-widget-block_simple_visuel\" data-id=\"f2accc0\" data-element_type=\"widget\" data-widget_type=\"block_simple_visuel.default\">\n\t\t\t\t<div class=\"elementor-widget-container\">\n\t\t\t    <div class=\"container\">\n        <figure>\n                        \n                                                            <a href=\"https:\/\/www.missionslocalesnormandie.fr\/content\/uploads\/sites\/5\/2025\/07\/Projet-professionnel.png\">\n                    <img decoding=\"async\" src=\"https:\/\/www.missionslocalesnormandie.fr\/content\/uploads\/sites\/5\/2025\/07\/Projet-professionnel-950x595-c-default.png\"\n                         alt=\"Picto projet Professionnel\"\/>\n                <\/a>\n            \n                    <\/figure>\n    <\/div>\n\t\t<\/div>\n\t\t\t\t<\/div>\n\t\t\t\t<\/div>\n\t\t\t\t\t<\/div>\n\t\t\t\t<\/div>\n\t\t<div class=\"elementor-element elementor-element-e5b5142 e-flex e-con-boxed e-con e-parent\" data-id=\"e5b5142\" data-element_type=\"container\">\n\t\t\t\t\t<div class=\"e-con-inner\">\n\t\t\t\t<div class=\"elementor-element elementor-element-f6b2414 elementor-widget elementor-widget-block_titre\" data-id=\"f6b2414\" data-element_type=\"widget\" data-widget_type=\"block_titre.default\">\n\t\t\t\t<div class=\"elementor-widget-container\">\n\t\t\t    <div class=\"container\">\n        <h2>\n            Envie de te former ?\n        <\/h2>\n    <\/div>\n\t\t<\/div>\n\t\t\t\t<\/div>\n\t\t\t\t\t<\/div>\n\t\t\t\t<\/div>\n\t\t<div class=\"elementor-element elementor-element-c0763b5 e-flex e-con-boxed e-con e-parent\" data-id=\"c0763b5\" data-element_type=\"container\">\n\t\t\t\t\t<div class=\"e-con-inner\">\n\t\t<div class=\"elementor-element elementor-element-d09a85a e-con-full e-flex e-con e-child\" data-id=\"d09a85a\" data-element_type=\"container\">\n\t\t\t\t<div class=\"elementor-element elementor-element-813cf12 elementor-widget elementor-widget-block_simple_visuel\" data-id=\"813cf12\" data-element_type=\"widget\" data-widget_type=\"block_simple_visuel.default\">\n\t\t\t\t<div class=\"elementor-widget-container\">\n\t\t\t    <div class=\"container\">\n        <figure>\n                        \n                                                            <a href=\"https:\/\/www.missionslocalesnormandie.fr\/content\/uploads\/sites\/5\/2025\/07\/formation.png\">\n                    <img decoding=\"async\" src=\"https:\/\/www.missionslocalesnormandie.fr\/content\/uploads\/sites\/5\/2025\/07\/formation-950x595-c-default.png\"\n                         alt=\"Picto formation\"\/>\n                <\/a>\n            \n                    <\/figure>\n    <\/div>\n\t\t<\/div>\n\t\t\t\t<\/div>\n\t\t\t\t<\/div>\n\t\t<div class=\"elementor-element elementor-element-cd95753 e-con-full e-flex e-con e-child\" data-id=\"cd95753\" data-element_type=\"container\">\n\t\t\t\t<div class=\"elementor-element elementor-element-c2dbfd1 elementor-widget elementor-widget-block_simple_texte\" data-id=\"c2dbfd1\" data-element_type=\"widget\" data-widget_type=\"block_simple_texte.default\">\n\t\t\t\t<div class=\"elementor-widget-container\">\n\t\t\t    <div class=\"container\">\n        <p class=\"font_8 wixui-rich-text__text\"><span class=\"wixui-rich-text__text\" style=\"font-size: 14pt\">Des questions sur :<\/span><\/p><ul><li><span style=\"font-size: 14pt\">Les formations : contenu, crit\u00e8res de s\u00e9lection...<\/span><\/li><li><span style=\"font-size: 14pt\">Les conditions de Financement<\/span><\/li><li><span style=\"font-size: 14pt\">La\u00a0r\u00e9mun\u00e9ration<\/span><\/li><li><span style=\"font-size: 14pt\">Le compte CPF<\/span><\/li><li><span style=\"font-size: 14pt\">L'alternance<\/span><\/li><\/ul><p><span style=\"font-size: 14pt\"><strong>Ensemble, nous trouverons les solutions adapt\u00e9es \u00e0 tes besoins de formation.<\/strong><\/span><\/p>\n    <\/div>\n\t\t<\/div>\n\t\t\t\t<\/div>\n\t\t\t\t<\/div>\n\t\t\t\t\t<\/div>\n\t\t\t\t<\/div>\n\t\t\t\t<\/div>\n\t\t","protected":false},"excerpt":{"rendered":"<p>\u00catre guid\u00e9 pour d\u00e9finir un projet professionnel Quels crit\u00e8res prendre en compte pour choisir mon m\u00e9tier de demain ? Comment \u00eatre sur que je fais le bon choix ? J&#8217;ai une id\u00e9e de m\u00e9tier qui devrait me plaire mais je veux en savoir plus. Faire le point sur mes comp\u00e9tences, et les conditions de travail [&hellip;]<\/p>\n","protected":false},"author":1,"featured_media":0,"parent":0,"menu_order":0,"comment_status":"closed","ping_status":"closed","template":"","meta":{"_acf_changed":false,"_crosspost_to_1":false,"_crosspost_to_2":false,"_crosspost_to_3":false,"_crosspost_to_4":false,"_crosspost_to_6":false,"_crosspost_to_7":false,"_crosspost_to_8":false,"_crosspost_to_11":false,"_crosspost_to_12":false,"_crosspost_to_13":false,"_crosspost_to_14":false,"_crosspost_to_15":false,"_crosspost_to_16":false,"inline_featured_image":false,"footnotes":""},"acf":[],"yoast_head":"<!-- This site is optimized with the Yoast SEO plugin v21.9.1 - https:\/\/yoast.com\/wordpress\/plugins\/seo\/ -->\n<title>M&#039;orienter - Me former - MISSION LOCALE DES PAYS D&#039;ARGENTAN ET DE VIMOUTIERS<\/title>\n<meta name=\"robots\" content=\"index, follow, max-snippet:-1, max-image-preview:large, max-video-preview:-1\" \/>\n<link rel=\"canonical\" href=\"https:\/\/www.missionslocalesnormandie.fr\/mission-locale-pays-argentan-vimoutiers\/me-former\/\" \/>\n<meta property=\"og:locale\" content=\"fr_FR\" \/>\n<meta property=\"og:type\" content=\"article\" \/>\n<meta property=\"og:title\" content=\"M&#039;orienter - Me former - MISSION LOCALE DES PAYS D&#039;ARGENTAN ET DE VIMOUTIERS\" \/>\n<meta property=\"og:description\" content=\"\u00catre guid\u00e9 pour d\u00e9finir un projet professionnel Quels crit\u00e8res prendre en compte pour choisir mon m\u00e9tier de demain ? Comment \u00eatre sur que je fais le bon choix ? J&#8217;ai une id\u00e9e de m\u00e9tier qui devrait me plaire mais je veux en savoir plus. Faire le point sur mes comp\u00e9tences, et les conditions de travail [&hellip;]\" \/>\n<meta property=\"og:url\" content=\"https:\/\/www.missionslocalesnormandie.fr\/mission-locale-pays-argentan-vimoutiers\/me-former\/\" \/>\n<meta property=\"og:site_name\" content=\"MISSION LOCALE DES PAYS D&#039;ARGENTAN ET DE VIMOUTIERS\" \/>\n<meta property=\"article:modified_time\" content=\"2025-07-17T07:39:48+00:00\" \/>\n<meta property=\"og:image\" content=\"https:\/\/www.missionslocalesnormandie.fr\/content\/uploads\/sites\/5\/2025\/07\/Projet-professionnel-950x595-c-default.png\" \/>\n<meta name=\"twitter:card\" content=\"summary_large_image\" \/>\n<meta name=\"twitter:label1\" content=\"Dur\u00e9e de lecture estim\u00e9e\" \/>\n\t<meta name=\"twitter:data1\" content=\"2 minutes\" \/>\n<script type=\"application\/ld+json\" class=\"yoast-schema-graph\">{\"@context\":\"https:\/\/schema.org\",\"@graph\":[{\"@type\":\"WebPage\",\"@id\":\"https:\/\/www.missionslocalesnormandie.fr\/mission-locale-pays-argentan-vimoutiers\/me-former\/\",\"url\":\"https:\/\/www.missionslocalesnormandie.fr\/mission-locale-pays-argentan-vimoutiers\/me-former\/\",\"name\":\"M'orienter - Me former - MISSION LOCALE DES PAYS D'ARGENTAN ET DE VIMOUTIERS\",\"isPartOf\":{\"@id\":\"https:\/\/www.missionslocalesnormandie.fr\/mission-locale-pays-argentan-vimoutiers\/#website\"},\"datePublished\":\"2023-12-14T14:37:19+00:00\",\"dateModified\":\"2025-07-17T07:39:48+00:00\",\"breadcrumb\":{\"@id\":\"https:\/\/www.missionslocalesnormandie.fr\/mission-locale-pays-argentan-vimoutiers\/me-former\/#breadcrumb\"},\"inLanguage\":\"fr-FR\",\"potentialAction\":[{\"@type\":\"ReadAction\",\"target\":[\"https:\/\/www.missionslocalesnormandie.fr\/mission-locale-pays-argentan-vimoutiers\/me-former\/\"]}]},{\"@type\":\"BreadcrumbList\",\"@id\":\"https:\/\/www.missionslocalesnormandie.fr\/mission-locale-pays-argentan-vimoutiers\/me-former\/#breadcrumb\",\"itemListElement\":[{\"@type\":\"ListItem\",\"position\":1,\"name\":\"Home\",\"item\":\"https:\/\/www.missionslocalesnormandie.fr\/mission-locale-pays-argentan-vimoutiers\/\"},{\"@type\":\"ListItem\",\"position\":2,\"name\":\"M&rsquo;orienter &#8211; Me former\"}]},{\"@type\":\"WebSite\",\"@id\":\"https:\/\/www.missionslocalesnormandie.fr\/mission-locale-pays-argentan-vimoutiers\/#website\",\"url\":\"https:\/\/www.missionslocalesnormandie.fr\/mission-locale-pays-argentan-vimoutiers\/\",\"name\":\"MISSION LOCALE DES PAYS D'ARGENTAN ET DE VIMOUTIERS\",\"description\":\"\",\"potentialAction\":[{\"@type\":\"SearchAction\",\"target\":{\"@type\":\"EntryPoint\",\"urlTemplate\":\"https:\/\/www.missionslocalesnormandie.fr\/mission-locale-pays-argentan-vimoutiers\/?s={search_term_string}\"},\"query-input\":\"required name=search_term_string\"}],\"inLanguage\":\"fr-FR\"}]}<\/script>\n<!-- \/ Yoast SEO plugin. -->","yoast_head_json":{"title":"M'orienter - Me former - MISSION LOCALE DES PAYS D'ARGENTAN ET DE VIMOUTIERS","robots":{"index":"index","follow":"follow","max-snippet":"max-snippet:-1","max-image-preview":"max-image-preview:large","max-video-preview":"max-video-preview:-1"},"canonical":"https:\/\/www.missionslocalesnormandie.fr\/mission-locale-pays-argentan-vimoutiers\/me-former\/","og_locale":"fr_FR","og_type":"article","og_title":"M'orienter - Me former - MISSION LOCALE DES PAYS D'ARGENTAN ET DE VIMOUTIERS","og_description":"\u00catre guid\u00e9 pour d\u00e9finir un projet professionnel Quels crit\u00e8res prendre en compte pour choisir mon m\u00e9tier de demain ? Comment \u00eatre sur que je fais le bon choix ? J&#8217;ai une id\u00e9e de m\u00e9tier qui devrait me plaire mais je veux en savoir plus. Faire le point sur mes comp\u00e9tences, et les conditions de travail [&hellip;]","og_url":"https:\/\/www.missionslocalesnormandie.fr\/mission-locale-pays-argentan-vimoutiers\/me-former\/","og_site_name":"MISSION LOCALE DES PAYS D'ARGENTAN ET DE VIMOUTIERS","article_modified_time":"2025-07-17T07:39:48+00:00","og_image":[{"url":"https:\/\/www.missionslocalesnormandie.fr\/content\/uploads\/sites\/5\/2025\/07\/Projet-professionnel-950x595-c-default.png"}],"twitter_card":"summary_large_image","twitter_misc":{"Dur\u00e9e de lecture estim\u00e9e":"2 minutes"},"schema":{"@context":"https:\/\/schema.org","@graph":[{"@type":"WebPage","@id":"https:\/\/www.missionslocalesnormandie.fr\/mission-locale-pays-argentan-vimoutiers\/me-former\/","url":"https:\/\/www.missionslocalesnormandie.fr\/mission-locale-pays-argentan-vimoutiers\/me-former\/","name":"M'orienter - Me former - MISSION LOCALE DES PAYS D'ARGENTAN ET DE VIMOUTIERS","isPartOf":{"@id":"https:\/\/www.missionslocalesnormandie.fr\/mission-locale-pays-argentan-vimoutiers\/#website"},"datePublished":"2023-12-14T14:37:19+00:00","dateModified":"2025-07-17T07:39:48+00:00","breadcrumb":{"@id":"https:\/\/www.missionslocalesnormandie.fr\/mission-locale-pays-argentan-vimoutiers\/me-former\/#breadcrumb"},"inLanguage":"fr-FR","potentialAction":[{"@type":"ReadAction","target":["https:\/\/www.missionslocalesnormandie.fr\/mission-locale-pays-argentan-vimoutiers\/me-former\/"]}]},{"@type":"BreadcrumbList","@id":"https:\/\/www.missionslocalesnormandie.fr\/mission-locale-pays-argentan-vimoutiers\/me-former\/#breadcrumb","itemListElement":[{"@type":"ListItem","position":1,"name":"Home","item":"https:\/\/www.missionslocalesnormandie.fr\/mission-locale-pays-argentan-vimoutiers\/"},{"@type":"ListItem","position":2,"name":"M&rsquo;orienter &#8211; Me former"}]},{"@type":"WebSite","@id":"https:\/\/www.missionslocalesnormandie.fr\/mission-locale-pays-argentan-vimoutiers\/#website","url":"https:\/\/www.missionslocalesnormandie.fr\/mission-locale-pays-argentan-vimoutiers\/","name":"MISSION LOCALE DES PAYS D'ARGENTAN ET DE VIMOUTIERS","description":"","potentialAction":[{"@type":"SearchAction","target":{"@type":"EntryPoint","urlTemplate":"https:\/\/www.missionslocalesnormandie.fr\/mission-locale-pays-argentan-vimoutiers\/?s={search_term_string}"},"query-input":"required name=search_term_string"}],"inLanguage":"fr-FR"}]}},"_links":{"self":[{"href":"https:\/\/www.missionslocalesnormandie.fr\/mission-locale-pays-argentan-vimoutiers\/wp-json\/wp\/v2\/pages\/162"}],"collection":[{"href":"https:\/\/www.missionslocalesnormandie.fr\/mission-locale-pays-argentan-vimoutiers\/wp-json\/wp\/v2\/pages"}],"about":[{"href":"https:\/\/www.missionslocalesnormandie.fr\/mission-locale-pays-argentan-vimoutiers\/wp-json\/wp\/v2\/types\/page"}],"author":[{"embeddable":true,"href":"https:\/\/www.missionslocalesnormandie.fr\/mission-locale-pays-argentan-vimoutiers\/wp-json\/wp\/v2\/users\/1"}],"replies":[{"embeddable":true,"href":"https:\/\/www.missionslocalesnormandie.fr\/mission-locale-pays-argentan-vimoutiers\/wp-json\/wp\/v2\/comments?post=162"}],"version-history":[{"count":33,"href":"https:\/\/www.missionslocalesnormandie.fr\/mission-locale-pays-argentan-vimoutiers\/wp-json\/wp\/v2\/pages\/162\/revisions"}],"predecessor-version":[{"id":778,"href":"https:\/\/www.missionslocalesnormandie.fr\/mission-locale-pays-argentan-vimoutiers\/wp-json\/wp\/v2\/pages\/162\/revisions\/778"}],"wp:attachment":[{"href":"https:\/\/www.missionslocalesnormandie.fr\/mission-locale-pays-argentan-vimoutiers\/wp-json\/wp\/v2\/media?parent=162"}],"curies":[{"name":"wp","href":"https:\/\/api.w.org\/{rel}","templated":true}]}}