{"id":393,"date":"2025-07-04T11:41:09","date_gmt":"2025-07-04T09:41:09","guid":{"rendered":"https:\/\/www.missionslocalesnormandie.fr\/mission-locale-pays-argentan-vimoutiers\/?page_id=393"},"modified":"2025-07-15T16:21:19","modified_gmt":"2025-07-15T14:21:19","slug":"nos-soutiens","status":"publish","type":"page","link":"https:\/\/www.missionslocalesnormandie.fr\/mission-locale-pays-argentan-vimoutiers\/nos-soutiens\/","title":{"rendered":"Nos soutiens"},"content":{"rendered":"\t\t<div data-elementor-type=\"wp-page\" data-elementor-id=\"393\" class=\"elementor elementor-393\">\n\t\t\t\t<div class=\"elementor-element elementor-element-ca6a28b e-flex e-con-boxed e-con e-parent\" data-id=\"ca6a28b\" data-element_type=\"container\">\n\t\t\t\t\t<div class=\"e-con-inner\">\n\t\t\t\t<div class=\"elementor-element elementor-element-ce77fee elementor-widget elementor-widget-block_simple_texte\" data-id=\"ce77fee\" data-element_type=\"widget\" data-widget_type=\"block_simple_texte.default\">\n\t\t\t\t<div class=\"elementor-widget-container\">\n\t\t\t    <div class=\"container\">\n        <p style=\"text-align: justify\"><span style=\"font-size: 14pt\"><b>Si la Mission Locale peut vous proposer gratuitement ses services, c\u2019est gr\u00e2ce au soutien de ses principaux financeurs.<\/b><\/span><\/p><p style=\"text-align: justify\"><span style=\"font-size: 14pt\">La Mission Locale b\u00e9n\u00e9ficie de financements publics permettant de traiter la question de l\u2019inclusion socio-professionnelle des jeunes \u00e2g\u00e9s de 16 \u00e0 25 ans et jusqu'\u00e0 30 ans dans certaines situations. Cette question concerne toutes les strates de la soci\u00e9t\u00e9. Cela se traduit, pour la Mission Locale par l\u2019attribution d\u2019une mission de service public qui engage tous les niveaux institutionnels.<\/span><\/p><p style=\"text-align: justify\"><span style=\"font-size: 14pt\">La Mission Locale est donc financ\u00e9e par les collectivit\u00e9s locales, l\u2019Etat,\u00a0 l\u2019Europe, la R\u00e9gion Normandie, le D\u00e9partement de l'Orne.<\/span><\/p><p style=\"text-align: justify\"><span style=\"font-size: 14pt\">De plus, la Mission Locale b\u00e9n\u00e9ficie de nombreux financements sur des appels \u00e0 projets publics.<\/span><\/p>\n    <\/div>\n\t\t<\/div>\n\t\t\t\t<\/div>\n\t\t\t\t\t<\/div>\n\t\t\t\t<\/div>\n\t\t\t\t<\/div>\n\t\t","protected":false},"excerpt":{"rendered":"<p>Si la Mission Locale peut vous proposer gratuitement ses services, c\u2019est gr\u00e2ce au soutien de ses principaux financeurs. La Mission Locale b\u00e9n\u00e9ficie de financements publics permettant de traiter la question de l\u2019inclusion socio-professionnelle des jeunes \u00e2g\u00e9s de 16 \u00e0 25 ans et jusqu&#8217;\u00e0 30 ans dans certaines situations. Cette question concerne toutes les strates de [&hellip;]<\/p>\n","protected":false},"author":31,"featured_media":0,"parent":0,"menu_order":0,"comment_status":"closed","ping_status":"closed","template":"","meta":{"_acf_changed":false,"_crosspost_to_1":false,"_crosspost_to_2":false,"_crosspost_to_3":false,"_crosspost_to_4":false,"_crosspost_to_6":false,"_crosspost_to_7":false,"_crosspost_to_8":false,"_crosspost_to_11":false,"_crosspost_to_12":false,"_crosspost_to_13":false,"_crosspost_to_14":false,"_crosspost_to_15":false,"_crosspost_to_16":false,"inline_featured_image":false,"footnotes":""},"acf":[],"yoast_head":"<!-- This site is optimized with the Yoast SEO plugin v21.9.1 - https:\/\/yoast.com\/wordpress\/plugins\/seo\/ -->\n<title>Nos soutiens - MISSION LOCALE DES PAYS D&#039;ARGENTAN ET DE VIMOUTIERS<\/title>\n<meta name=\"robots\" content=\"index, follow, max-snippet:-1, max-image-preview:large, max-video-preview:-1\" \/>\n<link rel=\"canonical\" href=\"https:\/\/www.missionslocalesnormandie.fr\/mission-locale-pays-argentan-vimoutiers\/nos-soutiens\/\" \/>\n<meta property=\"og:locale\" content=\"fr_FR\" \/>\n<meta property=\"og:type\" content=\"article\" \/>\n<meta property=\"og:title\" content=\"Nos soutiens - MISSION LOCALE DES PAYS D&#039;ARGENTAN ET DE VIMOUTIERS\" \/>\n<meta property=\"og:description\" content=\"Si la Mission Locale peut vous proposer gratuitement ses services, c\u2019est gr\u00e2ce au soutien de ses principaux financeurs. La Mission Locale b\u00e9n\u00e9ficie de financements publics permettant de traiter la question de l\u2019inclusion socio-professionnelle des jeunes \u00e2g\u00e9s de 16 \u00e0 25 ans et jusqu&#8217;\u00e0 30 ans dans certaines situations. Cette question concerne toutes les strates de [&hellip;]\" \/>\n<meta property=\"og:url\" content=\"https:\/\/www.missionslocalesnormandie.fr\/mission-locale-pays-argentan-vimoutiers\/nos-soutiens\/\" \/>\n<meta property=\"og:site_name\" content=\"MISSION LOCALE DES PAYS D&#039;ARGENTAN ET DE VIMOUTIERS\" \/>\n<meta property=\"article:modified_time\" content=\"2025-07-15T14:21:19+00:00\" \/>\n<meta name=\"twitter:card\" content=\"summary_large_image\" \/>\n<meta name=\"twitter:label1\" content=\"Dur\u00e9e de lecture estim\u00e9e\" \/>\n\t<meta name=\"twitter:data1\" content=\"1 minute\" \/>\n<script type=\"application\/ld+json\" class=\"yoast-schema-graph\">{\"@context\":\"https:\/\/schema.org\",\"@graph\":[{\"@type\":\"WebPage\",\"@id\":\"https:\/\/www.missionslocalesnormandie.fr\/mission-locale-pays-argentan-vimoutiers\/nos-soutiens\/\",\"url\":\"https:\/\/www.missionslocalesnormandie.fr\/mission-locale-pays-argentan-vimoutiers\/nos-soutiens\/\",\"name\":\"Nos soutiens - MISSION LOCALE DES PAYS D'ARGENTAN ET DE VIMOUTIERS\",\"isPartOf\":{\"@id\":\"https:\/\/www.missionslocalesnormandie.fr\/mission-locale-pays-argentan-vimoutiers\/#website\"},\"datePublished\":\"2025-07-04T09:41:09+00:00\",\"dateModified\":\"2025-07-15T14:21:19+00:00\",\"breadcrumb\":{\"@id\":\"https:\/\/www.missionslocalesnormandie.fr\/mission-locale-pays-argentan-vimoutiers\/nos-soutiens\/#breadcrumb\"},\"inLanguage\":\"fr-FR\",\"potentialAction\":[{\"@type\":\"ReadAction\",\"target\":[\"https:\/\/www.missionslocalesnormandie.fr\/mission-locale-pays-argentan-vimoutiers\/nos-soutiens\/\"]}]},{\"@type\":\"BreadcrumbList\",\"@id\":\"https:\/\/www.missionslocalesnormandie.fr\/mission-locale-pays-argentan-vimoutiers\/nos-soutiens\/#breadcrumb\",\"itemListElement\":[{\"@type\":\"ListItem\",\"position\":1,\"name\":\"Home\",\"item\":\"https:\/\/www.missionslocalesnormandie.fr\/mission-locale-pays-argentan-vimoutiers\/\"},{\"@type\":\"ListItem\",\"position\":2,\"name\":\"Nos soutiens\"}]},{\"@type\":\"WebSite\",\"@id\":\"https:\/\/www.missionslocalesnormandie.fr\/mission-locale-pays-argentan-vimoutiers\/#website\",\"url\":\"https:\/\/www.missionslocalesnormandie.fr\/mission-locale-pays-argentan-vimoutiers\/\",\"name\":\"MISSION LOCALE DES PAYS D'ARGENTAN ET DE VIMOUTIERS\",\"description\":\"\",\"potentialAction\":[{\"@type\":\"SearchAction\",\"target\":{\"@type\":\"EntryPoint\",\"urlTemplate\":\"https:\/\/www.missionslocalesnormandie.fr\/mission-locale-pays-argentan-vimoutiers\/?s={search_term_string}\"},\"query-input\":\"required name=search_term_string\"}],\"inLanguage\":\"fr-FR\"}]}<\/script>\n<!-- \/ Yoast SEO plugin. -->","yoast_head_json":{"title":"Nos soutiens - MISSION LOCALE DES PAYS D'ARGENTAN ET DE VIMOUTIERS","robots":{"index":"index","follow":"follow","max-snippet":"max-snippet:-1","max-image-preview":"max-image-preview:large","max-video-preview":"max-video-preview:-1"},"canonical":"https:\/\/www.missionslocalesnormandie.fr\/mission-locale-pays-argentan-vimoutiers\/nos-soutiens\/","og_locale":"fr_FR","og_type":"article","og_title":"Nos soutiens - MISSION LOCALE DES PAYS D'ARGENTAN ET DE VIMOUTIERS","og_description":"Si la Mission Locale peut vous proposer gratuitement ses services, c\u2019est gr\u00e2ce au soutien de ses principaux financeurs. La Mission Locale b\u00e9n\u00e9ficie de financements publics permettant de traiter la question de l\u2019inclusion socio-professionnelle des jeunes \u00e2g\u00e9s de 16 \u00e0 25 ans et jusqu&#8217;\u00e0 30 ans dans certaines situations. Cette question concerne toutes les strates de [&hellip;]","og_url":"https:\/\/www.missionslocalesnormandie.fr\/mission-locale-pays-argentan-vimoutiers\/nos-soutiens\/","og_site_name":"MISSION LOCALE DES PAYS D'ARGENTAN ET DE VIMOUTIERS","article_modified_time":"2025-07-15T14:21:19+00:00","twitter_card":"summary_large_image","twitter_misc":{"Dur\u00e9e de lecture estim\u00e9e":"1 minute"},"schema":{"@context":"https:\/\/schema.org","@graph":[{"@type":"WebPage","@id":"https:\/\/www.missionslocalesnormandie.fr\/mission-locale-pays-argentan-vimoutiers\/nos-soutiens\/","url":"https:\/\/www.missionslocalesnormandie.fr\/mission-locale-pays-argentan-vimoutiers\/nos-soutiens\/","name":"Nos soutiens - MISSION LOCALE DES PAYS D'ARGENTAN ET DE VIMOUTIERS","isPartOf":{"@id":"https:\/\/www.missionslocalesnormandie.fr\/mission-locale-pays-argentan-vimoutiers\/#website"},"datePublished":"2025-07-04T09:41:09+00:00","dateModified":"2025-07-15T14:21:19+00:00","breadcrumb":{"@id":"https:\/\/www.missionslocalesnormandie.fr\/mission-locale-pays-argentan-vimoutiers\/nos-soutiens\/#breadcrumb"},"inLanguage":"fr-FR","potentialAction":[{"@type":"ReadAction","target":["https:\/\/www.missionslocalesnormandie.fr\/mission-locale-pays-argentan-vimoutiers\/nos-soutiens\/"]}]},{"@type":"BreadcrumbList","@id":"https:\/\/www.missionslocalesnormandie.fr\/mission-locale-pays-argentan-vimoutiers\/nos-soutiens\/#breadcrumb","itemListElement":[{"@type":"ListItem","position":1,"name":"Home","item":"https:\/\/www.missionslocalesnormandie.fr\/mission-locale-pays-argentan-vimoutiers\/"},{"@type":"ListItem","position":2,"name":"Nos soutiens"}]},{"@type":"WebSite","@id":"https:\/\/www.missionslocalesnormandie.fr\/mission-locale-pays-argentan-vimoutiers\/#website","url":"https:\/\/www.missionslocalesnormandie.fr\/mission-locale-pays-argentan-vimoutiers\/","name":"MISSION LOCALE DES PAYS D'ARGENTAN ET DE VIMOUTIERS","description":"","potentialAction":[{"@type":"SearchAction","target":{"@type":"EntryPoint","urlTemplate":"https:\/\/www.missionslocalesnormandie.fr\/mission-locale-pays-argentan-vimoutiers\/?s={search_term_string}"},"query-input":"required name=search_term_string"}],"inLanguage":"fr-FR"}]}},"_links":{"self":[{"href":"https:\/\/www.missionslocalesnormandie.fr\/mission-locale-pays-argentan-vimoutiers\/wp-json\/wp\/v2\/pages\/393"}],"collection":[{"href":"https:\/\/www.missionslocalesnormandie.fr\/mission-locale-pays-argentan-vimoutiers\/wp-json\/wp\/v2\/pages"}],"about":[{"href":"https:\/\/www.missionslocalesnormandie.fr\/mission-locale-pays-argentan-vimoutiers\/wp-json\/wp\/v2\/types\/page"}],"author":[{"embeddable":true,"href":"https:\/\/www.missionslocalesnormandie.fr\/mission-locale-pays-argentan-vimoutiers\/wp-json\/wp\/v2\/users\/31"}],"replies":[{"embeddable":true,"href":"https:\/\/www.missionslocalesnormandie.fr\/mission-locale-pays-argentan-vimoutiers\/wp-json\/wp\/v2\/comments?post=393"}],"version-history":[{"count":16,"href":"https:\/\/www.missionslocalesnormandie.fr\/mission-locale-pays-argentan-vimoutiers\/wp-json\/wp\/v2\/pages\/393\/revisions"}],"predecessor-version":[{"id":670,"href":"https:\/\/www.missionslocalesnormandie.fr\/mission-locale-pays-argentan-vimoutiers\/wp-json\/wp\/v2\/pages\/393\/revisions\/670"}],"wp:attachment":[{"href":"https:\/\/www.missionslocalesnormandie.fr\/mission-locale-pays-argentan-vimoutiers\/wp-json\/wp\/v2\/media?parent=393"}],"curies":[{"name":"wp","href":"https:\/\/api.w.org\/{rel}","templated":true}]}}