{"id":469,"date":"2025-07-04T15:52:52","date_gmt":"2025-07-04T13:52:52","guid":{"rendered":"https:\/\/www.missionslocalesnormandie.fr\/mission-locale-pays-argentan-vimoutiers\/?page_id=469"},"modified":"2025-07-04T18:37:45","modified_gmt":"2025-07-04T16:37:45","slug":"radio-motivjeunes","status":"publish","type":"page","link":"https:\/\/www.missionslocalesnormandie.fr\/mission-locale-pays-argentan-vimoutiers\/radio-motivjeunes\/","title":{"rendered":"Radio Motiv&#8217;Jeunes"},"content":{"rendered":"\t\t<div data-elementor-type=\"wp-page\" data-elementor-id=\"469\" class=\"elementor elementor-469\">\n\t\t\t\t<div class=\"elementor-element elementor-element-3cf730b e-flex e-con-boxed e-con e-parent\" data-id=\"3cf730b\" data-element_type=\"container\">\n\t\t\t\t\t<div class=\"e-con-inner\">\n\t\t\t\t<div class=\"elementor-element elementor-element-ede6f0a elementor-widget elementor-widget-block_titre\" data-id=\"ede6f0a\" data-element_type=\"widget\" data-widget_type=\"block_titre.default\">\n\t\t\t\t<div class=\"elementor-widget-container\">\n\t\t\t    <div class=\"container\">\n        <h2>\n            Radio Motiv'Jeunes : la webradio de la Mission Locale\n        <\/h2>\n    <\/div>\n\t\t<\/div>\n\t\t\t\t<\/div>\n\t\t\t\t<div class=\"elementor-element elementor-element-bec7ce4 elementor-widget elementor-widget-block_simple_texte\" data-id=\"bec7ce4\" data-element_type=\"widget\" data-widget_type=\"block_simple_texte.default\">\n\t\t\t\t<div class=\"elementor-widget-container\">\n\t\t\t    <div class=\"container\">\n        <p class=\"has-text-align-center\" style=\"text-align: justify;\"><span style=\"font-size: 18pt; color: #000000;\">Depuis 2023, la Mission Locale propose aux jeunes de s\u2019engager dans un projet webradio. Les jeunes ont la possibilit\u00e9 de s\u2019initier \u00e0 la pr\u00e9paration et \u00e0 l\u2019animation d\u2019\u00e9missions, de parler d\u2019eux-m\u00eames, de ce qu\u2019ils aiment, de ce qu\u2019ils font, de d\u00e9battre autour de th\u00e8mes qui les concernent\u2026<\/span><\/p><p style=\"text-align: justify;\"><span style=\"font-size: 18pt;\">Dans notre studio radio et tout au long de l'ann\u00e9e, les jeunes peuvent enregistrer des podcasts avec le soutien d'un animateur.<\/span><\/p><div class=\"wp-block-media-text alignwide is-stacked-on-mobile is-vertically-aligned-top\"><figure class=\"wp-block-media-text__media\"><\/figure><div class=\"wp-block-media-text__content\"><p class=\"has-text-align-center\">\u00a0<\/p><\/div><\/div>\n    <\/div>\n\t\t<\/div>\n\t\t\t\t<\/div>\n\t\t\t\t<div class=\"elementor-element elementor-element-553a998 elementor-widget elementor-widget-block_titre\" data-id=\"553a998\" data-element_type=\"widget\" data-widget_type=\"block_titre.default\">\n\t\t\t\t<div class=\"elementor-widget-container\">\n\t\t\t    <div class=\"container\">\n        <h2>\n            Pour \u00e9couter l'ensemble des podcasts \n        <\/h2>\n    <\/div>\n\t\t<\/div>\n\t\t\t\t<\/div>\n\t\t\t\t\t<\/div>\n\t\t\t\t<\/div>\n\t\t<div class=\"elementor-element elementor-element-35104ba e-flex e-con-boxed e-con e-parent\" data-id=\"35104ba\" data-element_type=\"container\">\n\t\t\t\t\t<div class=\"e-con-inner\">\n\t\t<div class=\"elementor-element elementor-element-3d54f97 e-con-full e-flex e-con e-child\" data-id=\"3d54f97\" data-element_type=\"container\">\n\t\t\t\t<div class=\"elementor-element elementor-element-b9bea3f elementor-widget elementor-widget-block_simple_visuel\" data-id=\"b9bea3f\" data-element_type=\"widget\" data-widget_type=\"block_simple_visuel.default\">\n\t\t\t\t<div class=\"elementor-widget-container\">\n\t\t\t    <div class=\"container\">\n        <figure>\n                        \n                                                            <a href=\"https:\/\/www.missionslocalesnormandie.fr\/content\/uploads\/sites\/5\/2025\/07\/logo-radio-motiv-jeunes.png\">\n                    <img decoding=\"async\" src=\"https:\/\/www.missionslocalesnormandie.fr\/content\/uploads\/sites\/5\/2025\/07\/logo-radio-motiv-jeunes-950x595-c-default.png\"\n                         alt=\"Logo radio Motiv'Jeunes\"\/>\n                <\/a>\n            \n                    <\/figure>\n    <\/div>\n\t\t<\/div>\n\t\t\t\t<\/div>\n\t\t\t\t<\/div>\n\t\t<div class=\"elementor-element elementor-element-c89e9d8 e-con-full e-flex e-con e-child\" data-id=\"c89e9d8\" data-element_type=\"container\">\n\t\t\t\t<div class=\"elementor-element elementor-element-3008472 elementor-widget elementor-widget-block_simple_visuel\" data-id=\"3008472\" data-element_type=\"widget\" data-widget_type=\"block_simple_visuel.default\">\n\t\t\t\t<div class=\"elementor-widget-container\">\n\t\t\t    <div class=\"container\">\n        <figure>\n                        \n                                                            <a href=\"https:\/\/www.missionslocalesnormandie.fr\/content\/uploads\/sites\/5\/2025\/07\/qrcode.png\">\n                    <img decoding=\"async\" src=\"https:\/\/www.missionslocalesnormandie.fr\/content\/uploads\/sites\/5\/2025\/07\/qrcode-950x595-c-default.png\"\n                         alt=\"MISSION LOCALE DES PAYS D'ARGENTAN ET DE VIMOUTIERS\"\/>\n                <\/a>\n            \n                    <\/figure>\n    <\/div>\n\t\t<\/div>\n\t\t\t\t<\/div>\n\t\t\t\t<\/div>\n\t\t\t\t\t<\/div>\n\t\t\t\t<\/div>\n\t\t<div class=\"elementor-element elementor-element-319c54c e-flex e-con-boxed e-con e-parent\" data-id=\"319c54c\" data-element_type=\"container\">\n\t\t\t\t\t<div class=\"e-con-inner\">\n\t\t\t\t\t<\/div>\n\t\t\t\t<\/div>\n\t\t<div class=\"elementor-element elementor-element-09a1b66 e-flex e-con-boxed e-con e-parent\" data-id=\"09a1b66\" data-element_type=\"container\">\n\t\t\t\t\t<div class=\"e-con-inner\">\n\t\t\t\t\t<\/div>\n\t\t\t\t<\/div>\n\t\t<div class=\"elementor-element elementor-element-5630ecd e-flex e-con-boxed e-con e-parent\" data-id=\"5630ecd\" data-element_type=\"container\">\n\t\t\t\t\t<div class=\"e-con-inner\">\n\t\t\t\t\t<\/div>\n\t\t\t\t<\/div>\n\t\t\t\t<\/div>\n\t\t","protected":false},"excerpt":{"rendered":"<p>Radio Motiv&#8217;Jeunes : la webradio de la Mission Locale Depuis 2023, la Mission Locale propose aux jeunes de s\u2019engager dans un projet webradio. Les jeunes ont la possibilit\u00e9 de s\u2019initier \u00e0 la pr\u00e9paration et \u00e0 l\u2019animation d\u2019\u00e9missions, de parler d\u2019eux-m\u00eames, de ce qu\u2019ils aiment, de ce qu\u2019ils font, de d\u00e9battre autour de th\u00e8mes qui les [&hellip;]<\/p>\n","protected":false},"author":31,"featured_media":0,"parent":0,"menu_order":0,"comment_status":"closed","ping_status":"closed","template":"","meta":{"_acf_changed":false,"_crosspost_to_1":false,"_crosspost_to_2":false,"_crosspost_to_3":false,"_crosspost_to_4":false,"_crosspost_to_6":false,"_crosspost_to_7":false,"_crosspost_to_8":false,"_crosspost_to_11":false,"_crosspost_to_12":false,"_crosspost_to_13":false,"_crosspost_to_14":false,"_crosspost_to_15":false,"_crosspost_to_16":false,"inline_featured_image":false,"footnotes":""},"acf":[],"yoast_head":"<!-- This site is optimized with the Yoast SEO plugin v21.9.1 - https:\/\/yoast.com\/wordpress\/plugins\/seo\/ -->\n<title>Radio Motiv&#039;Jeunes - MISSION LOCALE DES PAYS D&#039;ARGENTAN ET DE VIMOUTIERS<\/title>\n<meta name=\"robots\" content=\"index, follow, max-snippet:-1, max-image-preview:large, max-video-preview:-1\" \/>\n<link rel=\"canonical\" href=\"https:\/\/www.missionslocalesnormandie.fr\/mission-locale-pays-argentan-vimoutiers\/radio-motivjeunes\/\" \/>\n<meta property=\"og:locale\" content=\"fr_FR\" \/>\n<meta property=\"og:type\" content=\"article\" \/>\n<meta property=\"og:title\" content=\"Radio Motiv&#039;Jeunes - MISSION LOCALE DES PAYS D&#039;ARGENTAN ET DE VIMOUTIERS\" \/>\n<meta property=\"og:description\" content=\"Radio Motiv&#8217;Jeunes : la webradio de la Mission Locale Depuis 2023, la Mission Locale propose aux jeunes de s\u2019engager dans un projet webradio. Les jeunes ont la possibilit\u00e9 de s\u2019initier \u00e0 la pr\u00e9paration et \u00e0 l\u2019animation d\u2019\u00e9missions, de parler d\u2019eux-m\u00eames, de ce qu\u2019ils aiment, de ce qu\u2019ils font, de d\u00e9battre autour de th\u00e8mes qui les [&hellip;]\" \/>\n<meta property=\"og:url\" content=\"https:\/\/www.missionslocalesnormandie.fr\/mission-locale-pays-argentan-vimoutiers\/radio-motivjeunes\/\" \/>\n<meta property=\"og:site_name\" content=\"MISSION LOCALE DES PAYS D&#039;ARGENTAN ET DE VIMOUTIERS\" \/>\n<meta property=\"article:modified_time\" content=\"2025-07-04T16:37:45+00:00\" \/>\n<meta property=\"og:image\" content=\"https:\/\/www.missionslocalesnormandie.fr\/content\/uploads\/sites\/5\/2025\/07\/logo-radio-motiv-jeunes-950x595-c-default.png\" \/>\n<meta name=\"twitter:card\" content=\"summary_large_image\" \/>\n<meta name=\"twitter:label1\" content=\"Dur\u00e9e de lecture estim\u00e9e\" \/>\n\t<meta name=\"twitter:data1\" content=\"1 minute\" \/>\n<script type=\"application\/ld+json\" class=\"yoast-schema-graph\">{\"@context\":\"https:\/\/schema.org\",\"@graph\":[{\"@type\":\"WebPage\",\"@id\":\"https:\/\/www.missionslocalesnormandie.fr\/mission-locale-pays-argentan-vimoutiers\/radio-motivjeunes\/\",\"url\":\"https:\/\/www.missionslocalesnormandie.fr\/mission-locale-pays-argentan-vimoutiers\/radio-motivjeunes\/\",\"name\":\"Radio Motiv'Jeunes - MISSION LOCALE DES PAYS D'ARGENTAN ET DE VIMOUTIERS\",\"isPartOf\":{\"@id\":\"https:\/\/www.missionslocalesnormandie.fr\/mission-locale-pays-argentan-vimoutiers\/#website\"},\"datePublished\":\"2025-07-04T13:52:52+00:00\",\"dateModified\":\"2025-07-04T16:37:45+00:00\",\"breadcrumb\":{\"@id\":\"https:\/\/www.missionslocalesnormandie.fr\/mission-locale-pays-argentan-vimoutiers\/radio-motivjeunes\/#breadcrumb\"},\"inLanguage\":\"fr-FR\",\"potentialAction\":[{\"@type\":\"ReadAction\",\"target\":[\"https:\/\/www.missionslocalesnormandie.fr\/mission-locale-pays-argentan-vimoutiers\/radio-motivjeunes\/\"]}]},{\"@type\":\"BreadcrumbList\",\"@id\":\"https:\/\/www.missionslocalesnormandie.fr\/mission-locale-pays-argentan-vimoutiers\/radio-motivjeunes\/#breadcrumb\",\"itemListElement\":[{\"@type\":\"ListItem\",\"position\":1,\"name\":\"Home\",\"item\":\"https:\/\/www.missionslocalesnormandie.fr\/mission-locale-pays-argentan-vimoutiers\/\"},{\"@type\":\"ListItem\",\"position\":2,\"name\":\"Radio Motiv&rsquo;Jeunes\"}]},{\"@type\":\"WebSite\",\"@id\":\"https:\/\/www.missionslocalesnormandie.fr\/mission-locale-pays-argentan-vimoutiers\/#website\",\"url\":\"https:\/\/www.missionslocalesnormandie.fr\/mission-locale-pays-argentan-vimoutiers\/\",\"name\":\"MISSION LOCALE DES PAYS D'ARGENTAN ET DE VIMOUTIERS\",\"description\":\"\",\"potentialAction\":[{\"@type\":\"SearchAction\",\"target\":{\"@type\":\"EntryPoint\",\"urlTemplate\":\"https:\/\/www.missionslocalesnormandie.fr\/mission-locale-pays-argentan-vimoutiers\/?s={search_term_string}\"},\"query-input\":\"required name=search_term_string\"}],\"inLanguage\":\"fr-FR\"}]}<\/script>\n<!-- \/ Yoast SEO plugin. -->","yoast_head_json":{"title":"Radio Motiv'Jeunes - MISSION LOCALE DES PAYS D'ARGENTAN ET DE VIMOUTIERS","robots":{"index":"index","follow":"follow","max-snippet":"max-snippet:-1","max-image-preview":"max-image-preview:large","max-video-preview":"max-video-preview:-1"},"canonical":"https:\/\/www.missionslocalesnormandie.fr\/mission-locale-pays-argentan-vimoutiers\/radio-motivjeunes\/","og_locale":"fr_FR","og_type":"article","og_title":"Radio Motiv'Jeunes - MISSION LOCALE DES PAYS D'ARGENTAN ET DE VIMOUTIERS","og_description":"Radio Motiv&#8217;Jeunes : la webradio de la Mission Locale Depuis 2023, la Mission Locale propose aux jeunes de s\u2019engager dans un projet webradio. Les jeunes ont la possibilit\u00e9 de s\u2019initier \u00e0 la pr\u00e9paration et \u00e0 l\u2019animation d\u2019\u00e9missions, de parler d\u2019eux-m\u00eames, de ce qu\u2019ils aiment, de ce qu\u2019ils font, de d\u00e9battre autour de th\u00e8mes qui les [&hellip;]","og_url":"https:\/\/www.missionslocalesnormandie.fr\/mission-locale-pays-argentan-vimoutiers\/radio-motivjeunes\/","og_site_name":"MISSION LOCALE DES PAYS D'ARGENTAN ET DE VIMOUTIERS","article_modified_time":"2025-07-04T16:37:45+00:00","og_image":[{"url":"https:\/\/www.missionslocalesnormandie.fr\/content\/uploads\/sites\/5\/2025\/07\/logo-radio-motiv-jeunes-950x595-c-default.png"}],"twitter_card":"summary_large_image","twitter_misc":{"Dur\u00e9e de lecture estim\u00e9e":"1 minute"},"schema":{"@context":"https:\/\/schema.org","@graph":[{"@type":"WebPage","@id":"https:\/\/www.missionslocalesnormandie.fr\/mission-locale-pays-argentan-vimoutiers\/radio-motivjeunes\/","url":"https:\/\/www.missionslocalesnormandie.fr\/mission-locale-pays-argentan-vimoutiers\/radio-motivjeunes\/","name":"Radio Motiv'Jeunes - MISSION LOCALE DES PAYS D'ARGENTAN ET DE VIMOUTIERS","isPartOf":{"@id":"https:\/\/www.missionslocalesnormandie.fr\/mission-locale-pays-argentan-vimoutiers\/#website"},"datePublished":"2025-07-04T13:52:52+00:00","dateModified":"2025-07-04T16:37:45+00:00","breadcrumb":{"@id":"https:\/\/www.missionslocalesnormandie.fr\/mission-locale-pays-argentan-vimoutiers\/radio-motivjeunes\/#breadcrumb"},"inLanguage":"fr-FR","potentialAction":[{"@type":"ReadAction","target":["https:\/\/www.missionslocalesnormandie.fr\/mission-locale-pays-argentan-vimoutiers\/radio-motivjeunes\/"]}]},{"@type":"BreadcrumbList","@id":"https:\/\/www.missionslocalesnormandie.fr\/mission-locale-pays-argentan-vimoutiers\/radio-motivjeunes\/#breadcrumb","itemListElement":[{"@type":"ListItem","position":1,"name":"Home","item":"https:\/\/www.missionslocalesnormandie.fr\/mission-locale-pays-argentan-vimoutiers\/"},{"@type":"ListItem","position":2,"name":"Radio Motiv&rsquo;Jeunes"}]},{"@type":"WebSite","@id":"https:\/\/www.missionslocalesnormandie.fr\/mission-locale-pays-argentan-vimoutiers\/#website","url":"https:\/\/www.missionslocalesnormandie.fr\/mission-locale-pays-argentan-vimoutiers\/","name":"MISSION LOCALE DES PAYS D'ARGENTAN ET DE VIMOUTIERS","description":"","potentialAction":[{"@type":"SearchAction","target":{"@type":"EntryPoint","urlTemplate":"https:\/\/www.missionslocalesnormandie.fr\/mission-locale-pays-argentan-vimoutiers\/?s={search_term_string}"},"query-input":"required name=search_term_string"}],"inLanguage":"fr-FR"}]}},"_links":{"self":[{"href":"https:\/\/www.missionslocalesnormandie.fr\/mission-locale-pays-argentan-vimoutiers\/wp-json\/wp\/v2\/pages\/469"}],"collection":[{"href":"https:\/\/www.missionslocalesnormandie.fr\/mission-locale-pays-argentan-vimoutiers\/wp-json\/wp\/v2\/pages"}],"about":[{"href":"https:\/\/www.missionslocalesnormandie.fr\/mission-locale-pays-argentan-vimoutiers\/wp-json\/wp\/v2\/types\/page"}],"author":[{"embeddable":true,"href":"https:\/\/www.missionslocalesnormandie.fr\/mission-locale-pays-argentan-vimoutiers\/wp-json\/wp\/v2\/users\/31"}],"replies":[{"embeddable":true,"href":"https:\/\/www.missionslocalesnormandie.fr\/mission-locale-pays-argentan-vimoutiers\/wp-json\/wp\/v2\/comments?post=469"}],"version-history":[{"count":25,"href":"https:\/\/www.missionslocalesnormandie.fr\/mission-locale-pays-argentan-vimoutiers\/wp-json\/wp\/v2\/pages\/469\/revisions"}],"predecessor-version":[{"id":600,"href":"https:\/\/www.missionslocalesnormandie.fr\/mission-locale-pays-argentan-vimoutiers\/wp-json\/wp\/v2\/pages\/469\/revisions\/600"}],"wp:attachment":[{"href":"https:\/\/www.missionslocalesnormandie.fr\/mission-locale-pays-argentan-vimoutiers\/wp-json\/wp\/v2\/media?parent=469"}],"curies":[{"name":"wp","href":"https:\/\/api.w.org\/{rel}","templated":true}]}}