{"id":511,"date":"2025-07-04T16:41:33","date_gmt":"2025-07-04T14:41:33","guid":{"rendered":"https:\/\/www.missionslocalesnormandie.fr\/mission-locale-pays-argentan-vimoutiers\/?page_id=511"},"modified":"2025-07-17T09:26:34","modified_gmt":"2025-07-17T07:26:34","slug":"emploi","status":"publish","type":"page","link":"https:\/\/www.missionslocalesnormandie.fr\/mission-locale-pays-argentan-vimoutiers\/emploi\/","title":{"rendered":"Emploi"},"content":{"rendered":"\t\t<div data-elementor-type=\"wp-page\" data-elementor-id=\"511\" class=\"elementor elementor-511\">\n\t\t\t\t<div class=\"elementor-element elementor-element-ed6935c e-flex e-con-boxed e-con e-parent\" data-id=\"ed6935c\" data-element_type=\"container\">\n\t\t\t\t\t<div class=\"e-con-inner\">\n\t\t\t\t<div class=\"elementor-element elementor-element-3e7cd68 elementor-widget elementor-widget-block_titre\" data-id=\"3e7cd68\" data-element_type=\"widget\" data-widget_type=\"block_titre.default\">\n\t\t\t\t<div class=\"elementor-widget-container\">\n\t\t\t    <div class=\"container\">\n        <h2>\n            Envie de travailler ?\n        <\/h2>\n    <\/div>\n\t\t<\/div>\n\t\t\t\t<\/div>\n\t\t\t\t\t<\/div>\n\t\t\t\t<\/div>\n\t\t<div class=\"elementor-element elementor-element-4b07a10 e-flex e-con-boxed e-con e-parent\" data-id=\"4b07a10\" data-element_type=\"container\">\n\t\t\t\t\t<div class=\"e-con-inner\">\n\t\t<div class=\"elementor-element elementor-element-3958e5f e-con-full e-flex e-con e-child\" data-id=\"3958e5f\" data-element_type=\"container\">\n\t\t\t\t<div class=\"elementor-element elementor-element-dcc0ed5 elementor-widget elementor-widget-block_simple_visuel\" data-id=\"dcc0ed5\" data-element_type=\"widget\" data-widget_type=\"block_simple_visuel.default\">\n\t\t\t\t<div class=\"elementor-widget-container\">\n\t\t\t    <div class=\"container\">\n        <figure>\n                        \n                                                            <a href=\"https:\/\/www.missionslocalesnormandie.fr\/content\/uploads\/sites\/5\/2025\/07\/ML-Argentan-Vimoutiers-pictos-3.png\">\n                    <img decoding=\"async\" src=\"https:\/\/www.missionslocalesnormandie.fr\/content\/uploads\/sites\/5\/2025\/07\/ML-Argentan-Vimoutiers-pictos-3-950x595-c-default.png\"\n                         alt=\"MISSION LOCALE DES PAYS D'ARGENTAN ET DE VIMOUTIERS\"\/>\n                <\/a>\n            \n                    <\/figure>\n    <\/div>\n\t\t<\/div>\n\t\t\t\t<\/div>\n\t\t\t\t<\/div>\n\t\t<div class=\"elementor-element elementor-element-70d7bf2 e-con-full e-flex e-con e-child\" data-id=\"70d7bf2\" data-element_type=\"container\">\n\t\t\t\t<div class=\"elementor-element elementor-element-abf1299 elementor-widget elementor-widget-block_simple_texte\" data-id=\"abf1299\" data-element_type=\"widget\" data-widget_type=\"block_simple_texte.default\">\n\t\t\t\t<div class=\"elementor-widget-container\">\n\t\t\t    <div class=\"container\">\n        <ul><li class=\"wixui-rich-text__text\"><p class=\"font_8 wixui-rich-text__text\"><span class=\"wixui-rich-text__text\" style=\"font-size: 14pt\">R\u00e9aliser un CV, une lettre de candidature<\/span><\/p><\/li><li class=\"wixui-rich-text__text\"><p class=\"font_8 wixui-rich-text__text\"><span class=\"wixui-rich-text__text\" style=\"font-size: 14pt\">Conna\u00eetre les entreprises qui recrutent<\/span><\/p><\/li><li class=\"wixui-rich-text__text\"><p class=\"font_8 wixui-rich-text__text\"><span class=\"wixui-rich-text__text\" style=\"font-size: 14pt\">R\u00e9aliser un stage, une immersion en entreprise<\/span><\/p><\/li><li class=\"wixui-rich-text__text\"><p class=\"font_8 wixui-rich-text__text\"><span class=\"wixui-rich-text__text\" style=\"font-size: 14pt\">Etre capable de pr\u00e9senter mes comp\u00e9tences, mes atouts<\/span><\/p><\/li><li class=\"wixui-rich-text__text\"><p class=\"font_8 wixui-rich-text__text\"><span class=\"wixui-rich-text__text\" style=\"font-size: 14pt\">Pr\u00e9parer un entretien professionnel<\/span><\/p><\/li><li class=\"wixui-rich-text__text\"><p class=\"font_8 wixui-rich-text__text\"><span class=\"wixui-rich-text__text\" style=\"font-size: 14pt\">Travailler en int\u00e9rim, rechercher un contrat d'apprentissage<\/span><\/p><\/li><li class=\"wixui-rich-text__text\"><p class=\"font_8 wixui-rich-text__text\"><span class=\"wixui-rich-text__text\" style=\"font-size: 14pt\">Cr\u00e9er son activit\u00e9\u00a0<\/span><\/p><\/li><li class=\"wixui-rich-text__text\"><p class=\"font_8 wixui-rich-text__text\"><span class=\"wixui-rich-text__text\" style=\"font-size: 14pt\">Changer d'emploi<\/span><\/p><\/li><\/ul><p><span style=\"font-size: 14pt\"><strong>Ensemble, nous t'accompagnerons et t'apporterons les outils n\u00e9cessaires pour n\u00e9gocier un contrat de travail.<\/strong><\/span><\/p>\n    <\/div>\n\t\t<\/div>\n\t\t\t\t<\/div>\n\t\t\t\t<\/div>\n\t\t\t\t\t<\/div>\n\t\t\t\t<\/div>\n\t\t\t\t<\/div>\n\t\t","protected":false},"excerpt":{"rendered":"<p>Envie de travailler ? R\u00e9aliser un CV, une lettre de candidature Conna\u00eetre les entreprises qui recrutent R\u00e9aliser un stage, une immersion en entreprise Etre capable de pr\u00e9senter mes comp\u00e9tences, mes atouts Pr\u00e9parer un entretien professionnel Travailler en int\u00e9rim, rechercher un contrat d&#8217;apprentissage Cr\u00e9er son activit\u00e9\u00a0 Changer d&#8217;emploi Ensemble, nous t&#8217;accompagnerons et t&#8217;apporterons les outils n\u00e9cessaires [&hellip;]<\/p>\n","protected":false},"author":31,"featured_media":0,"parent":0,"menu_order":0,"comment_status":"closed","ping_status":"closed","template":"","meta":{"_acf_changed":false,"_crosspost_to_1":false,"_crosspost_to_2":false,"_crosspost_to_3":false,"_crosspost_to_4":false,"_crosspost_to_6":false,"_crosspost_to_7":false,"_crosspost_to_8":false,"_crosspost_to_11":false,"_crosspost_to_12":false,"_crosspost_to_13":false,"_crosspost_to_14":false,"_crosspost_to_15":false,"_crosspost_to_16":false,"inline_featured_image":false,"footnotes":""},"acf":[],"yoast_head":"<!-- This site is optimized with the Yoast SEO plugin v21.9.1 - https:\/\/yoast.com\/wordpress\/plugins\/seo\/ -->\n<title>Emploi - MISSION LOCALE DES PAYS D&#039;ARGENTAN ET DE VIMOUTIERS<\/title>\n<meta name=\"robots\" content=\"index, follow, max-snippet:-1, max-image-preview:large, max-video-preview:-1\" \/>\n<link rel=\"canonical\" href=\"https:\/\/www.missionslocalesnormandie.fr\/mission-locale-pays-argentan-vimoutiers\/emploi\/\" \/>\n<meta property=\"og:locale\" content=\"fr_FR\" \/>\n<meta property=\"og:type\" content=\"article\" \/>\n<meta property=\"og:title\" content=\"Emploi - MISSION LOCALE DES PAYS D&#039;ARGENTAN ET DE VIMOUTIERS\" \/>\n<meta property=\"og:description\" content=\"Envie de travailler ? R\u00e9aliser un CV, une lettre de candidature Conna\u00eetre les entreprises qui recrutent R\u00e9aliser un stage, une immersion en entreprise Etre capable de pr\u00e9senter mes comp\u00e9tences, mes atouts Pr\u00e9parer un entretien professionnel Travailler en int\u00e9rim, rechercher un contrat d&#8217;apprentissage Cr\u00e9er son activit\u00e9\u00a0 Changer d&#8217;emploi Ensemble, nous t&#8217;accompagnerons et t&#8217;apporterons les outils n\u00e9cessaires [&hellip;]\" \/>\n<meta property=\"og:url\" content=\"https:\/\/www.missionslocalesnormandie.fr\/mission-locale-pays-argentan-vimoutiers\/emploi\/\" \/>\n<meta property=\"og:site_name\" content=\"MISSION LOCALE DES PAYS D&#039;ARGENTAN ET DE VIMOUTIERS\" \/>\n<meta property=\"article:modified_time\" content=\"2025-07-17T07:26:34+00:00\" \/>\n<meta property=\"og:image\" content=\"https:\/\/www.missionslocalesnormandie.fr\/content\/uploads\/sites\/5\/2025\/07\/ML-Argentan-Vimoutiers-pictos-3-950x595-c-default.png\" \/>\n<meta name=\"twitter:card\" content=\"summary_large_image\" \/>\n<meta name=\"twitter:label1\" content=\"Dur\u00e9e de lecture estim\u00e9e\" \/>\n\t<meta name=\"twitter:data1\" content=\"1 minute\" \/>\n<script type=\"application\/ld+json\" class=\"yoast-schema-graph\">{\"@context\":\"https:\/\/schema.org\",\"@graph\":[{\"@type\":\"WebPage\",\"@id\":\"https:\/\/www.missionslocalesnormandie.fr\/mission-locale-pays-argentan-vimoutiers\/emploi\/\",\"url\":\"https:\/\/www.missionslocalesnormandie.fr\/mission-locale-pays-argentan-vimoutiers\/emploi\/\",\"name\":\"Emploi - MISSION LOCALE DES PAYS D'ARGENTAN ET DE VIMOUTIERS\",\"isPartOf\":{\"@id\":\"https:\/\/www.missionslocalesnormandie.fr\/mission-locale-pays-argentan-vimoutiers\/#website\"},\"datePublished\":\"2025-07-04T14:41:33+00:00\",\"dateModified\":\"2025-07-17T07:26:34+00:00\",\"breadcrumb\":{\"@id\":\"https:\/\/www.missionslocalesnormandie.fr\/mission-locale-pays-argentan-vimoutiers\/emploi\/#breadcrumb\"},\"inLanguage\":\"fr-FR\",\"potentialAction\":[{\"@type\":\"ReadAction\",\"target\":[\"https:\/\/www.missionslocalesnormandie.fr\/mission-locale-pays-argentan-vimoutiers\/emploi\/\"]}]},{\"@type\":\"BreadcrumbList\",\"@id\":\"https:\/\/www.missionslocalesnormandie.fr\/mission-locale-pays-argentan-vimoutiers\/emploi\/#breadcrumb\",\"itemListElement\":[{\"@type\":\"ListItem\",\"position\":1,\"name\":\"Home\",\"item\":\"https:\/\/www.missionslocalesnormandie.fr\/mission-locale-pays-argentan-vimoutiers\/\"},{\"@type\":\"ListItem\",\"position\":2,\"name\":\"Emploi\"}]},{\"@type\":\"WebSite\",\"@id\":\"https:\/\/www.missionslocalesnormandie.fr\/mission-locale-pays-argentan-vimoutiers\/#website\",\"url\":\"https:\/\/www.missionslocalesnormandie.fr\/mission-locale-pays-argentan-vimoutiers\/\",\"name\":\"MISSION LOCALE DES PAYS D'ARGENTAN ET DE VIMOUTIERS\",\"description\":\"\",\"potentialAction\":[{\"@type\":\"SearchAction\",\"target\":{\"@type\":\"EntryPoint\",\"urlTemplate\":\"https:\/\/www.missionslocalesnormandie.fr\/mission-locale-pays-argentan-vimoutiers\/?s={search_term_string}\"},\"query-input\":\"required name=search_term_string\"}],\"inLanguage\":\"fr-FR\"}]}<\/script>\n<!-- \/ Yoast SEO plugin. -->","yoast_head_json":{"title":"Emploi - MISSION LOCALE DES PAYS D'ARGENTAN ET DE VIMOUTIERS","robots":{"index":"index","follow":"follow","max-snippet":"max-snippet:-1","max-image-preview":"max-image-preview:large","max-video-preview":"max-video-preview:-1"},"canonical":"https:\/\/www.missionslocalesnormandie.fr\/mission-locale-pays-argentan-vimoutiers\/emploi\/","og_locale":"fr_FR","og_type":"article","og_title":"Emploi - MISSION LOCALE DES PAYS D'ARGENTAN ET DE VIMOUTIERS","og_description":"Envie de travailler ? R\u00e9aliser un CV, une lettre de candidature Conna\u00eetre les entreprises qui recrutent R\u00e9aliser un stage, une immersion en entreprise Etre capable de pr\u00e9senter mes comp\u00e9tences, mes atouts Pr\u00e9parer un entretien professionnel Travailler en int\u00e9rim, rechercher un contrat d&#8217;apprentissage Cr\u00e9er son activit\u00e9\u00a0 Changer d&#8217;emploi Ensemble, nous t&#8217;accompagnerons et t&#8217;apporterons les outils n\u00e9cessaires [&hellip;]","og_url":"https:\/\/www.missionslocalesnormandie.fr\/mission-locale-pays-argentan-vimoutiers\/emploi\/","og_site_name":"MISSION LOCALE DES PAYS D'ARGENTAN ET DE VIMOUTIERS","article_modified_time":"2025-07-17T07:26:34+00:00","og_image":[{"url":"https:\/\/www.missionslocalesnormandie.fr\/content\/uploads\/sites\/5\/2025\/07\/ML-Argentan-Vimoutiers-pictos-3-950x595-c-default.png"}],"twitter_card":"summary_large_image","twitter_misc":{"Dur\u00e9e de lecture estim\u00e9e":"1 minute"},"schema":{"@context":"https:\/\/schema.org","@graph":[{"@type":"WebPage","@id":"https:\/\/www.missionslocalesnormandie.fr\/mission-locale-pays-argentan-vimoutiers\/emploi\/","url":"https:\/\/www.missionslocalesnormandie.fr\/mission-locale-pays-argentan-vimoutiers\/emploi\/","name":"Emploi - MISSION LOCALE DES PAYS D'ARGENTAN ET DE VIMOUTIERS","isPartOf":{"@id":"https:\/\/www.missionslocalesnormandie.fr\/mission-locale-pays-argentan-vimoutiers\/#website"},"datePublished":"2025-07-04T14:41:33+00:00","dateModified":"2025-07-17T07:26:34+00:00","breadcrumb":{"@id":"https:\/\/www.missionslocalesnormandie.fr\/mission-locale-pays-argentan-vimoutiers\/emploi\/#breadcrumb"},"inLanguage":"fr-FR","potentialAction":[{"@type":"ReadAction","target":["https:\/\/www.missionslocalesnormandie.fr\/mission-locale-pays-argentan-vimoutiers\/emploi\/"]}]},{"@type":"BreadcrumbList","@id":"https:\/\/www.missionslocalesnormandie.fr\/mission-locale-pays-argentan-vimoutiers\/emploi\/#breadcrumb","itemListElement":[{"@type":"ListItem","position":1,"name":"Home","item":"https:\/\/www.missionslocalesnormandie.fr\/mission-locale-pays-argentan-vimoutiers\/"},{"@type":"ListItem","position":2,"name":"Emploi"}]},{"@type":"WebSite","@id":"https:\/\/www.missionslocalesnormandie.fr\/mission-locale-pays-argentan-vimoutiers\/#website","url":"https:\/\/www.missionslocalesnormandie.fr\/mission-locale-pays-argentan-vimoutiers\/","name":"MISSION LOCALE DES PAYS D'ARGENTAN ET DE VIMOUTIERS","description":"","potentialAction":[{"@type":"SearchAction","target":{"@type":"EntryPoint","urlTemplate":"https:\/\/www.missionslocalesnormandie.fr\/mission-locale-pays-argentan-vimoutiers\/?s={search_term_string}"},"query-input":"required name=search_term_string"}],"inLanguage":"fr-FR"}]}},"_links":{"self":[{"href":"https:\/\/www.missionslocalesnormandie.fr\/mission-locale-pays-argentan-vimoutiers\/wp-json\/wp\/v2\/pages\/511"}],"collection":[{"href":"https:\/\/www.missionslocalesnormandie.fr\/mission-locale-pays-argentan-vimoutiers\/wp-json\/wp\/v2\/pages"}],"about":[{"href":"https:\/\/www.missionslocalesnormandie.fr\/mission-locale-pays-argentan-vimoutiers\/wp-json\/wp\/v2\/types\/page"}],"author":[{"embeddable":true,"href":"https:\/\/www.missionslocalesnormandie.fr\/mission-locale-pays-argentan-vimoutiers\/wp-json\/wp\/v2\/users\/31"}],"replies":[{"embeddable":true,"href":"https:\/\/www.missionslocalesnormandie.fr\/mission-locale-pays-argentan-vimoutiers\/wp-json\/wp\/v2\/comments?post=511"}],"version-history":[{"count":7,"href":"https:\/\/www.missionslocalesnormandie.fr\/mission-locale-pays-argentan-vimoutiers\/wp-json\/wp\/v2\/pages\/511\/revisions"}],"predecessor-version":[{"id":769,"href":"https:\/\/www.missionslocalesnormandie.fr\/mission-locale-pays-argentan-vimoutiers\/wp-json\/wp\/v2\/pages\/511\/revisions\/769"}],"wp:attachment":[{"href":"https:\/\/www.missionslocalesnormandie.fr\/mission-locale-pays-argentan-vimoutiers\/wp-json\/wp\/v2\/media?parent=511"}],"curies":[{"name":"wp","href":"https:\/\/api.w.org\/{rel}","templated":true}]}}