{"id":55,"date":"2023-12-14T15:06:47","date_gmt":"2023-12-14T14:06:47","guid":{"rendered":"https:\/\/www.missionslocalesnormandie.fr\/mission-locale-pays-argentan-vimoutiers\/?page_id=55"},"modified":"2025-07-15T16:24:06","modified_gmt":"2025-07-15T14:24:06","slug":"nos-missions","status":"publish","type":"page","link":"https:\/\/www.missionslocalesnormandie.fr\/mission-locale-pays-argentan-vimoutiers\/nos-missions\/","title":{"rendered":"Nos missions"},"content":{"rendered":"\t\t<div data-elementor-type=\"wp-page\" data-elementor-id=\"55\" class=\"elementor elementor-55\">\n\t\t\t\t<div class=\"elementor-element elementor-element-bf7f6fb e-flex e-con-boxed e-con e-parent\" data-id=\"bf7f6fb\" data-element_type=\"container\">\n\t\t\t\t\t<div class=\"e-con-inner\">\n\t\t\t\t<div class=\"elementor-element elementor-element-4e2d1f4 elementor-widget elementor-widget-block_simple_texte\" data-id=\"4e2d1f4\" data-element_type=\"widget\" data-widget_type=\"block_simple_texte.default\">\n\t\t\t\t<div class=\"elementor-widget-container\">\n\t\t\t    <div class=\"container\">\n        <div class=\"elementor-element elementor-element-5a4f2cb elementor-widget elementor-widget-block_simple_texte\" data-id=\"5a4f2cb\" data-element_type=\"widget\" data-widget_type=\"block_simple_texte.default\"><div class=\"elementor-widget-container\"><div class=\"container\"><p style=\"text-align: justify\"><span style=\"font-size: 14pt\"><b>La Mission Locale exerce une mission de service public en proximit\u00e9 et gratuite. Elle\u00a0 permet \u00e0 tous les jeunes de 16 \u00e0 25 ans, sortis du syst\u00e8me scolaire ou demandeurs d\u2019emploi, d\u2019acc\u00e9der \u00e0 l\u2019emploi et \u00e0 l\u2019autonomie sociale en construisant avec eux leur parcours de vie.<\/b><\/span><\/p><\/div><\/div><\/div><div class=\"elementor-element elementor-element-8a74506 elementor-widget elementor-widget-block_titre\" style=\"text-align: justify\" data-id=\"8a74506\" data-element_type=\"widget\" data-widget_type=\"block_titre.default\"><div class=\"elementor-widget-container\"><div class=\"container\"><h2><span style=\"font-size: 24pt\">Nos missions en direction des jeunes<\/span><\/h2><\/div><\/div><\/div><div class=\"elementor-element elementor-element-a9f8303 elementor-widget elementor-widget-block_simple_texte\" style=\"text-align: justify\" data-id=\"a9f8303\" data-element_type=\"widget\" data-widget_type=\"block_simple_texte.default\"><div class=\"elementor-widget-container\"><div class=\"container\"><ul><li><span style=\"font-size: 14pt\">Rep\u00e9rer, accueillir, informer, orienter et accompagner les jeunes en \u00e9laborant avec chacun un parcours personnalis\u00e9 vers l\u2019emploi et l\u2019autonomie.<\/span><\/li><li><span style=\"font-size: 14pt\">Mobiliser l\u2019offre d\u2019insertion disponible sur le territoire avec les partenaires locaux agissant dans les domaines qui concerne la vie des jeunes.<\/span><\/li><li><span style=\"font-size: 14pt\">Soutenir les jeunes dans leur recherche d\u2019emploi ainsi que dans leurs d\u00e9marches d\u2019orientation professionnelle, d\u2019acc\u00e8s \u00e0 la formation, \u00e0 la sant\u00e9, au logement, aux droits, \u00e0 la citoyennet\u00e9, \u00e0 la mobilit\u00e9 et les soutenir financi\u00e8rement.<\/span><\/li><li><span style=\"font-size: 14pt\">Pr\u00e9parer les jeunes candidats \u00e0 une offre d\u2019emploi, aider au maintien dans l\u2019emploi (soutien mat\u00e9riel, m\u00e9diation jeune-employeur).<\/span><\/li><li><span style=\"font-size: 14pt\">Orienter le jeune et examiner avec lui les moyens pour mobiliser les ressources et lever les freins \u00e0 l'emploi aux travers d'entretiens men\u00e9s par un.e Conseiller\/\u00e8re.<\/span><\/li><\/ul><\/div><\/div><\/div><div class=\"elementor-element elementor-element-81b2a1a elementor-widget elementor-widget-block_titre\" style=\"text-align: justify\" data-id=\"81b2a1a\" data-element_type=\"widget\" data-widget_type=\"block_titre.default\"><div class=\"elementor-widget-container\"><div class=\"container\"><h2><span style=\"font-size: 24pt\">Nos missions en direction des entreprises<\/span><\/h2><\/div><\/div><\/div><div class=\"elementor-element elementor-element-5069472 elementor-widget elementor-widget-block_simple_texte\" data-id=\"5069472\" data-element_type=\"widget\" data-widget_type=\"block_simple_texte.default\"><div class=\"elementor-widget-container\"><div class=\"container\"><ul><li style=\"text-align: justify\"><span style=\"font-size: 14pt\">Aider au recrutement :\u00a0 analyse des besoins de l\u2019entreprise,\u00a0 proposition de candidats et construction d\u2019une r\u00e9ponse individualis\u00e9e (type de contrat, aides mobilisables, formation\u2026).<\/span><\/li><li style=\"text-align: justify\"><span style=\"font-size: 14pt\">Valoriser les entreprises locales gr\u00e2ce \u00e0 l\u2019information des jeunes et des professionnels sur le secteur et les m\u00e9tiers exerc\u00e9s (visites, stages d\u00e9couverte des m\u00e9tiers, etc.) et la communication des bonnes pratiques de recrutement sur le territoire.<\/span><\/li><\/ul><\/div><\/div><\/div>\n    <\/div>\n\t\t<\/div>\n\t\t\t\t<\/div>\n\t\t\t\t\t<\/div>\n\t\t\t\t<\/div>\n\t\t<div class=\"elementor-element elementor-element-24062a8 e-flex e-con-boxed e-con e-parent\" data-id=\"24062a8\" data-element_type=\"container\">\n\t\t\t\t\t<div class=\"e-con-inner\">\n\t\t\t\t<div class=\"elementor-element elementor-element-4c43b03 elementor-widget elementor-widget-block_liens_fichiers\" data-id=\"4c43b03\" data-element_type=\"widget\" data-widget_type=\"block_liens_fichiers.default\">\n\t\t\t\t<div class=\"elementor-widget-container\">\n\t\t\t    <div class=\"container\">\n        <div class=\"my-4\">\n                                                <\/div>\n    <\/div>\n\t\t<\/div>\n\t\t\t\t<\/div>\n\t\t\t\t\t<\/div>\n\t\t\t\t<\/div>\n\t\t\t\t<\/div>\n\t\t","protected":false},"excerpt":{"rendered":"<p>La Mission Locale exerce une mission de service public en proximit\u00e9 et gratuite. Elle\u00a0 permet \u00e0 tous les jeunes de 16 \u00e0 25 ans, sortis du syst\u00e8me scolaire ou demandeurs d\u2019emploi, d\u2019acc\u00e9der \u00e0 l\u2019emploi et \u00e0 l\u2019autonomie sociale en construisant avec eux leur parcours de vie. Nos missions en direction des jeunes Rep\u00e9rer, accueillir, informer, [&hellip;]<\/p>\n","protected":false},"author":1,"featured_media":0,"parent":0,"menu_order":0,"comment_status":"closed","ping_status":"closed","template":"","meta":{"_acf_changed":false,"_crosspost_to_1":false,"_crosspost_to_2":false,"_crosspost_to_3":false,"_crosspost_to_4":false,"_crosspost_to_6":false,"_crosspost_to_7":false,"_crosspost_to_8":false,"_crosspost_to_11":false,"_crosspost_to_12":false,"_crosspost_to_13":false,"_crosspost_to_14":false,"_crosspost_to_15":false,"_crosspost_to_16":false,"inline_featured_image":false,"footnotes":""},"acf":[],"yoast_head":"<!-- This site is optimized with the Yoast SEO plugin v21.9.1 - https:\/\/yoast.com\/wordpress\/plugins\/seo\/ -->\n<title>Nos missions - MISSION LOCALE DES PAYS D&#039;ARGENTAN ET DE VIMOUTIERS<\/title>\n<meta name=\"robots\" content=\"index, follow, max-snippet:-1, max-image-preview:large, max-video-preview:-1\" \/>\n<link rel=\"canonical\" href=\"https:\/\/www.missionslocalesnormandie.fr\/mission-locale-pays-argentan-vimoutiers\/nos-missions\/\" \/>\n<meta property=\"og:locale\" content=\"fr_FR\" \/>\n<meta property=\"og:type\" content=\"article\" \/>\n<meta property=\"og:title\" content=\"Nos missions - MISSION LOCALE DES PAYS D&#039;ARGENTAN ET DE VIMOUTIERS\" \/>\n<meta property=\"og:description\" content=\"La Mission Locale exerce une mission de service public en proximit\u00e9 et gratuite. Elle\u00a0 permet \u00e0 tous les jeunes de 16 \u00e0 25 ans, sortis du syst\u00e8me scolaire ou demandeurs d\u2019emploi, d\u2019acc\u00e9der \u00e0 l\u2019emploi et \u00e0 l\u2019autonomie sociale en construisant avec eux leur parcours de vie. Nos missions en direction des jeunes Rep\u00e9rer, accueillir, informer, [&hellip;]\" \/>\n<meta property=\"og:url\" content=\"https:\/\/www.missionslocalesnormandie.fr\/mission-locale-pays-argentan-vimoutiers\/nos-missions\/\" \/>\n<meta property=\"og:site_name\" content=\"MISSION LOCALE DES PAYS D&#039;ARGENTAN ET DE VIMOUTIERS\" \/>\n<meta property=\"article:modified_time\" content=\"2025-07-15T14:24:06+00:00\" \/>\n<meta name=\"twitter:card\" content=\"summary_large_image\" \/>\n<meta name=\"twitter:label1\" content=\"Dur\u00e9e de lecture estim\u00e9e\" \/>\n\t<meta name=\"twitter:data1\" content=\"3 minutes\" \/>\n<script type=\"application\/ld+json\" class=\"yoast-schema-graph\">{\"@context\":\"https:\/\/schema.org\",\"@graph\":[{\"@type\":\"WebPage\",\"@id\":\"https:\/\/www.missionslocalesnormandie.fr\/mission-locale-pays-argentan-vimoutiers\/nos-missions\/\",\"url\":\"https:\/\/www.missionslocalesnormandie.fr\/mission-locale-pays-argentan-vimoutiers\/nos-missions\/\",\"name\":\"Nos missions - MISSION LOCALE DES PAYS D'ARGENTAN ET DE VIMOUTIERS\",\"isPartOf\":{\"@id\":\"https:\/\/www.missionslocalesnormandie.fr\/mission-locale-pays-argentan-vimoutiers\/#website\"},\"datePublished\":\"2023-12-14T14:06:47+00:00\",\"dateModified\":\"2025-07-15T14:24:06+00:00\",\"breadcrumb\":{\"@id\":\"https:\/\/www.missionslocalesnormandie.fr\/mission-locale-pays-argentan-vimoutiers\/nos-missions\/#breadcrumb\"},\"inLanguage\":\"fr-FR\",\"potentialAction\":[{\"@type\":\"ReadAction\",\"target\":[\"https:\/\/www.missionslocalesnormandie.fr\/mission-locale-pays-argentan-vimoutiers\/nos-missions\/\"]}]},{\"@type\":\"BreadcrumbList\",\"@id\":\"https:\/\/www.missionslocalesnormandie.fr\/mission-locale-pays-argentan-vimoutiers\/nos-missions\/#breadcrumb\",\"itemListElement\":[{\"@type\":\"ListItem\",\"position\":1,\"name\":\"Home\",\"item\":\"https:\/\/www.missionslocalesnormandie.fr\/mission-locale-pays-argentan-vimoutiers\/\"},{\"@type\":\"ListItem\",\"position\":2,\"name\":\"Nos missions\"}]},{\"@type\":\"WebSite\",\"@id\":\"https:\/\/www.missionslocalesnormandie.fr\/mission-locale-pays-argentan-vimoutiers\/#website\",\"url\":\"https:\/\/www.missionslocalesnormandie.fr\/mission-locale-pays-argentan-vimoutiers\/\",\"name\":\"MISSION LOCALE DES PAYS D'ARGENTAN ET DE VIMOUTIERS\",\"description\":\"\",\"potentialAction\":[{\"@type\":\"SearchAction\",\"target\":{\"@type\":\"EntryPoint\",\"urlTemplate\":\"https:\/\/www.missionslocalesnormandie.fr\/mission-locale-pays-argentan-vimoutiers\/?s={search_term_string}\"},\"query-input\":\"required name=search_term_string\"}],\"inLanguage\":\"fr-FR\"}]}<\/script>\n<!-- \/ Yoast SEO plugin. -->","yoast_head_json":{"title":"Nos missions - MISSION LOCALE DES PAYS D'ARGENTAN ET DE VIMOUTIERS","robots":{"index":"index","follow":"follow","max-snippet":"max-snippet:-1","max-image-preview":"max-image-preview:large","max-video-preview":"max-video-preview:-1"},"canonical":"https:\/\/www.missionslocalesnormandie.fr\/mission-locale-pays-argentan-vimoutiers\/nos-missions\/","og_locale":"fr_FR","og_type":"article","og_title":"Nos missions - MISSION LOCALE DES PAYS D'ARGENTAN ET DE VIMOUTIERS","og_description":"La Mission Locale exerce une mission de service public en proximit\u00e9 et gratuite. Elle\u00a0 permet \u00e0 tous les jeunes de 16 \u00e0 25 ans, sortis du syst\u00e8me scolaire ou demandeurs d\u2019emploi, d\u2019acc\u00e9der \u00e0 l\u2019emploi et \u00e0 l\u2019autonomie sociale en construisant avec eux leur parcours de vie. Nos missions en direction des jeunes Rep\u00e9rer, accueillir, informer, [&hellip;]","og_url":"https:\/\/www.missionslocalesnormandie.fr\/mission-locale-pays-argentan-vimoutiers\/nos-missions\/","og_site_name":"MISSION LOCALE DES PAYS D'ARGENTAN ET DE VIMOUTIERS","article_modified_time":"2025-07-15T14:24:06+00:00","twitter_card":"summary_large_image","twitter_misc":{"Dur\u00e9e de lecture estim\u00e9e":"3 minutes"},"schema":{"@context":"https:\/\/schema.org","@graph":[{"@type":"WebPage","@id":"https:\/\/www.missionslocalesnormandie.fr\/mission-locale-pays-argentan-vimoutiers\/nos-missions\/","url":"https:\/\/www.missionslocalesnormandie.fr\/mission-locale-pays-argentan-vimoutiers\/nos-missions\/","name":"Nos missions - MISSION LOCALE DES PAYS D'ARGENTAN ET DE VIMOUTIERS","isPartOf":{"@id":"https:\/\/www.missionslocalesnormandie.fr\/mission-locale-pays-argentan-vimoutiers\/#website"},"datePublished":"2023-12-14T14:06:47+00:00","dateModified":"2025-07-15T14:24:06+00:00","breadcrumb":{"@id":"https:\/\/www.missionslocalesnormandie.fr\/mission-locale-pays-argentan-vimoutiers\/nos-missions\/#breadcrumb"},"inLanguage":"fr-FR","potentialAction":[{"@type":"ReadAction","target":["https:\/\/www.missionslocalesnormandie.fr\/mission-locale-pays-argentan-vimoutiers\/nos-missions\/"]}]},{"@type":"BreadcrumbList","@id":"https:\/\/www.missionslocalesnormandie.fr\/mission-locale-pays-argentan-vimoutiers\/nos-missions\/#breadcrumb","itemListElement":[{"@type":"ListItem","position":1,"name":"Home","item":"https:\/\/www.missionslocalesnormandie.fr\/mission-locale-pays-argentan-vimoutiers\/"},{"@type":"ListItem","position":2,"name":"Nos missions"}]},{"@type":"WebSite","@id":"https:\/\/www.missionslocalesnormandie.fr\/mission-locale-pays-argentan-vimoutiers\/#website","url":"https:\/\/www.missionslocalesnormandie.fr\/mission-locale-pays-argentan-vimoutiers\/","name":"MISSION LOCALE DES PAYS D'ARGENTAN ET DE VIMOUTIERS","description":"","potentialAction":[{"@type":"SearchAction","target":{"@type":"EntryPoint","urlTemplate":"https:\/\/www.missionslocalesnormandie.fr\/mission-locale-pays-argentan-vimoutiers\/?s={search_term_string}"},"query-input":"required name=search_term_string"}],"inLanguage":"fr-FR"}]}},"_links":{"self":[{"href":"https:\/\/www.missionslocalesnormandie.fr\/mission-locale-pays-argentan-vimoutiers\/wp-json\/wp\/v2\/pages\/55"}],"collection":[{"href":"https:\/\/www.missionslocalesnormandie.fr\/mission-locale-pays-argentan-vimoutiers\/wp-json\/wp\/v2\/pages"}],"about":[{"href":"https:\/\/www.missionslocalesnormandie.fr\/mission-locale-pays-argentan-vimoutiers\/wp-json\/wp\/v2\/types\/page"}],"author":[{"embeddable":true,"href":"https:\/\/www.missionslocalesnormandie.fr\/mission-locale-pays-argentan-vimoutiers\/wp-json\/wp\/v2\/users\/1"}],"replies":[{"embeddable":true,"href":"https:\/\/www.missionslocalesnormandie.fr\/mission-locale-pays-argentan-vimoutiers\/wp-json\/wp\/v2\/comments?post=55"}],"version-history":[{"count":18,"href":"https:\/\/www.missionslocalesnormandie.fr\/mission-locale-pays-argentan-vimoutiers\/wp-json\/wp\/v2\/pages\/55\/revisions"}],"predecessor-version":[{"id":673,"href":"https:\/\/www.missionslocalesnormandie.fr\/mission-locale-pays-argentan-vimoutiers\/wp-json\/wp\/v2\/pages\/55\/revisions\/673"}],"wp:attachment":[{"href":"https:\/\/www.missionslocalesnormandie.fr\/mission-locale-pays-argentan-vimoutiers\/wp-json\/wp\/v2\/media?parent=55"}],"curies":[{"name":"wp","href":"https:\/\/api.w.org\/{rel}","templated":true}]}}