{"id":65,"date":"2023-12-14T15:09:18","date_gmt":"2023-12-14T14:09:18","guid":{"rendered":"https:\/\/www.missionslocalesnormandie.fr\/mission-locale-pays-argentan-vimoutiers\/?page_id=65"},"modified":"2025-07-15T16:18:23","modified_gmt":"2025-07-15T14:18:23","slug":"notre-organisation-2","status":"publish","type":"page","link":"https:\/\/www.missionslocalesnormandie.fr\/mission-locale-pays-argentan-vimoutiers\/notre-organisation-2\/","title":{"rendered":"\u00c0 propos de nous"},"content":{"rendered":"\t\t<div data-elementor-type=\"wp-page\" data-elementor-id=\"65\" class=\"elementor elementor-65\">\n\t\t\t\t<div class=\"elementor-element elementor-element-169f705 e-flex e-con-boxed e-con e-parent\" data-id=\"169f705\" data-element_type=\"container\">\n\t\t\t\t\t<div class=\"e-con-inner\">\n\t\t\t\t<div class=\"elementor-element elementor-element-8d9b330 elementor-widget elementor-widget-block_simple_texte\" data-id=\"8d9b330\" data-element_type=\"widget\" data-widget_type=\"block_simple_texte.default\">\n\t\t\t\t<div class=\"elementor-widget-container\">\n\t\t\t    <div class=\"container\">\n        <h2 class=\"font_2 wixui-rich-text__text\"><span class=\"wixui-rich-text__text\">\"Construire ensemble, une place pour tous les jeunes\"<\/span><\/h2><p class=\"font_8 wixui-rich-text__text\" style=\"text-align: justify\"><span class=\"wixui-rich-text__text\" style=\"font-size: 14pt\">Bertrand SCHWARTZ<\/span><\/p><p class=\"font_8 wixui-rich-text__text\" style=\"text-align: justify\"><span class=\"wixui-rich-text__text\" style=\"font-size: 14pt\">Cr\u00e9\u00e9es en 1982 de l'initiative conjointe des collectivit\u00e9s territoriales et de l'Etat, les Mission Locales remplissent une mission de service public \u00e0 destination de tous les jeunes de 16 \u00e0 25 ans d\u00e9scolaris\u00e9s.<\/span><\/p><p class=\"font_8 wixui-rich-text__text\" style=\"text-align: justify\"><span class=\"wixui-rich-text__text\" style=\"font-size: 14pt\">La Mission Locale des Pays d'Argentan et de Vimoutiers propose un accompagnement personnalis\u00e9 et individualis\u00e9 sur les th\u00e9matiques de l'emploi, du projet professionnel et de la vie au quotidien.<\/span><\/p><p class=\"font_8 wixui-rich-text__text\" style=\"text-align: justify\"><span class=\"wixui-rich-text__text\" style=\"font-size: 14pt\">Lieu d'\u00e9coute des interrogations des jeunes, les professionnels de la Mission Locale mobiliseront les partenaires, qui favoriseront l'acc\u00e8s \u00e0 l'autonomie.<\/span><\/p>\n    <\/div>\n\t\t<\/div>\n\t\t\t\t<\/div>\n\t\t\t\t\t<\/div>\n\t\t\t\t<\/div>\n\t\t<div class=\"elementor-element elementor-element-d109c4c e-flex e-con-boxed e-con e-parent\" data-id=\"d109c4c\" data-element_type=\"container\">\n\t\t\t\t\t<div class=\"e-con-inner\">\n\t\t\t\t<div class=\"elementor-element elementor-element-0f7778e elementor-widget elementor-widget-block_titre\" data-id=\"0f7778e\" data-element_type=\"widget\" data-widget_type=\"block_titre.default\">\n\t\t\t\t<div class=\"elementor-widget-container\">\n\t\t\t    <div class=\"container\">\n        <h2>\n            Un territoire d'intervention\n        <\/h2>\n    <\/div>\n\t\t<\/div>\n\t\t\t\t<\/div>\n\t\t\t\t\t<\/div>\n\t\t\t\t<\/div>\n\t\t<div class=\"elementor-element elementor-element-a1d8f7b e-flex e-con-boxed e-con e-parent\" data-id=\"a1d8f7b\" data-element_type=\"container\">\n\t\t\t\t\t<div class=\"e-con-inner\">\n\t\t<div class=\"elementor-element elementor-element-07582d2 e-con-full e-flex e-con e-child\" data-id=\"07582d2\" data-element_type=\"container\">\n\t\t\t\t<div class=\"elementor-element elementor-element-8536cb9 elementor-widget elementor-widget-block_simple_visuel\" data-id=\"8536cb9\" data-element_type=\"widget\" data-widget_type=\"block_simple_visuel.default\">\n\t\t\t\t<div class=\"elementor-widget-container\">\n\t\t\t    <div class=\"container\">\n        <figure>\n                        \n                                                            <a href=\"https:\/\/www.missionslocalesnormandie.fr\/content\/uploads\/sites\/5\/2025\/07\/carte-interco-microsite-scaled.webp\">\n                    <img decoding=\"async\" src=\"https:\/\/www.missionslocalesnormandie.fr\/content\/uploads\/sites\/5\/2025\/07\/carte-interco-microsite-scaled-950x595-c-default.webp\"\n                         alt=\"MISSION LOCALE DES PAYS D'ARGENTAN ET DE VIMOUTIERS\"\/>\n                <\/a>\n            \n                    <\/figure>\n    <\/div>\n\t\t<\/div>\n\t\t\t\t<\/div>\n\t\t\t\t<\/div>\n\t\t<div class=\"elementor-element elementor-element-1b8ec57 e-con-full e-flex e-con e-child\" data-id=\"1b8ec57\" data-element_type=\"container\">\n\t\t\t\t<div class=\"elementor-element elementor-element-b044d1b elementor-widget elementor-widget-block_intro\" data-id=\"b044d1b\" data-element_type=\"widget\" data-widget_type=\"block_intro.default\">\n\t\t\t\t<div class=\"elementor-widget-container\">\n\t\t\t    <div class=\"container\">\n        <div class=\"edito-intro\">\n            <p><strong><span style=\"font-size: 14pt\">Des accueils de proximit\u00e9 :<\/span><\/strong><\/p><ul style=\"list-style-type: disc\"><li><span style=\"font-size: 14pt\">1 si\u00e8ge social \u00e0 Argentan<\/span><\/li><li><span style=\"font-size: 14pt\">1 antenne \u00e0 Vimoutiers<\/span><\/li><li><span style=\"font-size: 14pt\">4 points d'accueil en mairie<\/span><\/li><li><span style=\"font-size: 14pt\">1 point d'accueil au sein des r\u00e9sidences habitat jeunes d'Argentan<\/span><\/li><li><span style=\"font-size: 14pt\">1 permanence au centre de d\u00e9tention d'Argentan<\/span><\/li><\/ul>\n        <\/div>\n    <\/div>\n\t\t<\/div>\n\t\t\t\t<\/div>\n\t\t\t\t<div class=\"elementor-element elementor-element-41e3958 elementor-widget elementor-widget-block_simple_visuel\" data-id=\"41e3958\" data-element_type=\"widget\" data-widget_type=\"block_simple_visuel.default\">\n\t\t\t\t<div class=\"elementor-widget-container\">\n\t\t\t    <div class=\"container\">\n        <figure>\n                        \n                                                            <a href=\"https:\/\/www.missionslocalesnormandie.fr\/content\/uploads\/sites\/5\/2025\/07\/design-creation-image-microsite-1.png\">\n                    <img decoding=\"async\" src=\"https:\/\/www.missionslocalesnormandie.fr\/content\/uploads\/sites\/5\/2025\/07\/design-creation-image-microsite-1-950x595-c-default.png\"\n                         alt=\"logo ml Argentan vimoutiers 950x595\"\/>\n                <\/a>\n            \n                    <\/figure>\n    <\/div>\n\t\t<\/div>\n\t\t\t\t<\/div>\n\t\t\t\t<\/div>\n\t\t\t\t\t<\/div>\n\t\t\t\t<\/div>\n\t\t<div class=\"elementor-element elementor-element-81ed1ca e-flex e-con-boxed e-con e-parent\" data-id=\"81ed1ca\" data-element_type=\"container\">\n\t\t\t\t\t<div class=\"e-con-inner\">\n\t\t\t\t\t<\/div>\n\t\t\t\t<\/div>\n\t\t\t\t<\/div>\n\t\t","protected":false},"excerpt":{"rendered":"<p>&#8220;Construire ensemble, une place pour tous les jeunes&#8221; Bertrand SCHWARTZ Cr\u00e9\u00e9es en 1982 de l&#8217;initiative conjointe des collectivit\u00e9s territoriales et de l&#8217;Etat, les Mission Locales remplissent une mission de service public \u00e0 destination de tous les jeunes de 16 \u00e0 25 ans d\u00e9scolaris\u00e9s. La Mission Locale des Pays d&#8217;Argentan et de Vimoutiers propose un accompagnement [&hellip;]<\/p>\n","protected":false},"author":1,"featured_media":0,"parent":0,"menu_order":0,"comment_status":"closed","ping_status":"closed","template":"","meta":{"_acf_changed":false,"_crosspost_to_1":false,"_crosspost_to_2":false,"_crosspost_to_3":false,"_crosspost_to_4":false,"_crosspost_to_6":false,"_crosspost_to_7":false,"_crosspost_to_8":false,"_crosspost_to_11":false,"_crosspost_to_12":false,"_crosspost_to_13":false,"_crosspost_to_14":false,"_crosspost_to_15":false,"_crosspost_to_16":false,"inline_featured_image":false,"footnotes":""},"acf":[],"yoast_head":"<!-- This site is optimized with the Yoast SEO plugin v21.9.1 - https:\/\/yoast.com\/wordpress\/plugins\/seo\/ -->\n<title>\u00c0 propos de nous - MISSION LOCALE DES PAYS D&#039;ARGENTAN ET DE VIMOUTIERS<\/title>\n<meta name=\"robots\" content=\"index, follow, max-snippet:-1, max-image-preview:large, max-video-preview:-1\" \/>\n<link rel=\"canonical\" href=\"https:\/\/www.missionslocalesnormandie.fr\/mission-locale-pays-argentan-vimoutiers\/notre-organisation-2\/\" \/>\n<meta property=\"og:locale\" content=\"fr_FR\" \/>\n<meta property=\"og:type\" content=\"article\" \/>\n<meta property=\"og:title\" content=\"\u00c0 propos de nous - MISSION LOCALE DES PAYS D&#039;ARGENTAN ET DE VIMOUTIERS\" \/>\n<meta property=\"og:description\" content=\"&#8220;Construire ensemble, une place pour tous les jeunes&#8221; Bertrand SCHWARTZ Cr\u00e9\u00e9es en 1982 de l&#8217;initiative conjointe des collectivit\u00e9s territoriales et de l&#8217;Etat, les Mission Locales remplissent une mission de service public \u00e0 destination de tous les jeunes de 16 \u00e0 25 ans d\u00e9scolaris\u00e9s. La Mission Locale des Pays d&#8217;Argentan et de Vimoutiers propose un accompagnement [&hellip;]\" \/>\n<meta property=\"og:url\" content=\"https:\/\/www.missionslocalesnormandie.fr\/mission-locale-pays-argentan-vimoutiers\/notre-organisation-2\/\" \/>\n<meta property=\"og:site_name\" content=\"MISSION LOCALE DES PAYS D&#039;ARGENTAN ET DE VIMOUTIERS\" \/>\n<meta property=\"article:modified_time\" content=\"2025-07-15T14:18:23+00:00\" \/>\n<meta property=\"og:image\" content=\"https:\/\/www.missionslocalesnormandie.fr\/content\/uploads\/sites\/5\/2025\/07\/carte-interco-microsite-scaled-950x595-c-default.webp\" \/>\n<meta name=\"twitter:card\" content=\"summary_large_image\" \/>\n<meta name=\"twitter:label1\" content=\"Dur\u00e9e de lecture estim\u00e9e\" \/>\n\t<meta name=\"twitter:data1\" content=\"2 minutes\" \/>\n<script type=\"application\/ld+json\" class=\"yoast-schema-graph\">{\"@context\":\"https:\/\/schema.org\",\"@graph\":[{\"@type\":\"WebPage\",\"@id\":\"https:\/\/www.missionslocalesnormandie.fr\/mission-locale-pays-argentan-vimoutiers\/notre-organisation-2\/\",\"url\":\"https:\/\/www.missionslocalesnormandie.fr\/mission-locale-pays-argentan-vimoutiers\/notre-organisation-2\/\",\"name\":\"\u00c0 propos de nous - MISSION LOCALE DES PAYS D'ARGENTAN ET DE VIMOUTIERS\",\"isPartOf\":{\"@id\":\"https:\/\/www.missionslocalesnormandie.fr\/mission-locale-pays-argentan-vimoutiers\/#website\"},\"datePublished\":\"2023-12-14T14:09:18+00:00\",\"dateModified\":\"2025-07-15T14:18:23+00:00\",\"breadcrumb\":{\"@id\":\"https:\/\/www.missionslocalesnormandie.fr\/mission-locale-pays-argentan-vimoutiers\/notre-organisation-2\/#breadcrumb\"},\"inLanguage\":\"fr-FR\",\"potentialAction\":[{\"@type\":\"ReadAction\",\"target\":[\"https:\/\/www.missionslocalesnormandie.fr\/mission-locale-pays-argentan-vimoutiers\/notre-organisation-2\/\"]}]},{\"@type\":\"BreadcrumbList\",\"@id\":\"https:\/\/www.missionslocalesnormandie.fr\/mission-locale-pays-argentan-vimoutiers\/notre-organisation-2\/#breadcrumb\",\"itemListElement\":[{\"@type\":\"ListItem\",\"position\":1,\"name\":\"Home\",\"item\":\"https:\/\/www.missionslocalesnormandie.fr\/mission-locale-pays-argentan-vimoutiers\/\"},{\"@type\":\"ListItem\",\"position\":2,\"name\":\"\u00c0 propos de nous\"}]},{\"@type\":\"WebSite\",\"@id\":\"https:\/\/www.missionslocalesnormandie.fr\/mission-locale-pays-argentan-vimoutiers\/#website\",\"url\":\"https:\/\/www.missionslocalesnormandie.fr\/mission-locale-pays-argentan-vimoutiers\/\",\"name\":\"MISSION LOCALE DES PAYS D'ARGENTAN ET DE VIMOUTIERS\",\"description\":\"\",\"potentialAction\":[{\"@type\":\"SearchAction\",\"target\":{\"@type\":\"EntryPoint\",\"urlTemplate\":\"https:\/\/www.missionslocalesnormandie.fr\/mission-locale-pays-argentan-vimoutiers\/?s={search_term_string}\"},\"query-input\":\"required name=search_term_string\"}],\"inLanguage\":\"fr-FR\"}]}<\/script>\n<!-- \/ Yoast SEO plugin. -->","yoast_head_json":{"title":"\u00c0 propos de nous - MISSION LOCALE DES PAYS D'ARGENTAN ET DE VIMOUTIERS","robots":{"index":"index","follow":"follow","max-snippet":"max-snippet:-1","max-image-preview":"max-image-preview:large","max-video-preview":"max-video-preview:-1"},"canonical":"https:\/\/www.missionslocalesnormandie.fr\/mission-locale-pays-argentan-vimoutiers\/notre-organisation-2\/","og_locale":"fr_FR","og_type":"article","og_title":"\u00c0 propos de nous - MISSION LOCALE DES PAYS D'ARGENTAN ET DE VIMOUTIERS","og_description":"&#8220;Construire ensemble, une place pour tous les jeunes&#8221; Bertrand SCHWARTZ Cr\u00e9\u00e9es en 1982 de l&#8217;initiative conjointe des collectivit\u00e9s territoriales et de l&#8217;Etat, les Mission Locales remplissent une mission de service public \u00e0 destination de tous les jeunes de 16 \u00e0 25 ans d\u00e9scolaris\u00e9s. La Mission Locale des Pays d&#8217;Argentan et de Vimoutiers propose un accompagnement [&hellip;]","og_url":"https:\/\/www.missionslocalesnormandie.fr\/mission-locale-pays-argentan-vimoutiers\/notre-organisation-2\/","og_site_name":"MISSION LOCALE DES PAYS D'ARGENTAN ET DE VIMOUTIERS","article_modified_time":"2025-07-15T14:18:23+00:00","og_image":[{"url":"https:\/\/www.missionslocalesnormandie.fr\/content\/uploads\/sites\/5\/2025\/07\/carte-interco-microsite-scaled-950x595-c-default.webp"}],"twitter_card":"summary_large_image","twitter_misc":{"Dur\u00e9e de lecture estim\u00e9e":"2 minutes"},"schema":{"@context":"https:\/\/schema.org","@graph":[{"@type":"WebPage","@id":"https:\/\/www.missionslocalesnormandie.fr\/mission-locale-pays-argentan-vimoutiers\/notre-organisation-2\/","url":"https:\/\/www.missionslocalesnormandie.fr\/mission-locale-pays-argentan-vimoutiers\/notre-organisation-2\/","name":"\u00c0 propos de nous - MISSION LOCALE DES PAYS D'ARGENTAN ET DE VIMOUTIERS","isPartOf":{"@id":"https:\/\/www.missionslocalesnormandie.fr\/mission-locale-pays-argentan-vimoutiers\/#website"},"datePublished":"2023-12-14T14:09:18+00:00","dateModified":"2025-07-15T14:18:23+00:00","breadcrumb":{"@id":"https:\/\/www.missionslocalesnormandie.fr\/mission-locale-pays-argentan-vimoutiers\/notre-organisation-2\/#breadcrumb"},"inLanguage":"fr-FR","potentialAction":[{"@type":"ReadAction","target":["https:\/\/www.missionslocalesnormandie.fr\/mission-locale-pays-argentan-vimoutiers\/notre-organisation-2\/"]}]},{"@type":"BreadcrumbList","@id":"https:\/\/www.missionslocalesnormandie.fr\/mission-locale-pays-argentan-vimoutiers\/notre-organisation-2\/#breadcrumb","itemListElement":[{"@type":"ListItem","position":1,"name":"Home","item":"https:\/\/www.missionslocalesnormandie.fr\/mission-locale-pays-argentan-vimoutiers\/"},{"@type":"ListItem","position":2,"name":"\u00c0 propos de nous"}]},{"@type":"WebSite","@id":"https:\/\/www.missionslocalesnormandie.fr\/mission-locale-pays-argentan-vimoutiers\/#website","url":"https:\/\/www.missionslocalesnormandie.fr\/mission-locale-pays-argentan-vimoutiers\/","name":"MISSION LOCALE DES PAYS D'ARGENTAN ET DE VIMOUTIERS","description":"","potentialAction":[{"@type":"SearchAction","target":{"@type":"EntryPoint","urlTemplate":"https:\/\/www.missionslocalesnormandie.fr\/mission-locale-pays-argentan-vimoutiers\/?s={search_term_string}"},"query-input":"required name=search_term_string"}],"inLanguage":"fr-FR"}]}},"_links":{"self":[{"href":"https:\/\/www.missionslocalesnormandie.fr\/mission-locale-pays-argentan-vimoutiers\/wp-json\/wp\/v2\/pages\/65"}],"collection":[{"href":"https:\/\/www.missionslocalesnormandie.fr\/mission-locale-pays-argentan-vimoutiers\/wp-json\/wp\/v2\/pages"}],"about":[{"href":"https:\/\/www.missionslocalesnormandie.fr\/mission-locale-pays-argentan-vimoutiers\/wp-json\/wp\/v2\/types\/page"}],"author":[{"embeddable":true,"href":"https:\/\/www.missionslocalesnormandie.fr\/mission-locale-pays-argentan-vimoutiers\/wp-json\/wp\/v2\/users\/1"}],"replies":[{"embeddable":true,"href":"https:\/\/www.missionslocalesnormandie.fr\/mission-locale-pays-argentan-vimoutiers\/wp-json\/wp\/v2\/comments?post=65"}],"version-history":[{"count":50,"href":"https:\/\/www.missionslocalesnormandie.fr\/mission-locale-pays-argentan-vimoutiers\/wp-json\/wp\/v2\/pages\/65\/revisions"}],"predecessor-version":[{"id":667,"href":"https:\/\/www.missionslocalesnormandie.fr\/mission-locale-pays-argentan-vimoutiers\/wp-json\/wp\/v2\/pages\/65\/revisions\/667"}],"wp:attachment":[{"href":"https:\/\/www.missionslocalesnormandie.fr\/mission-locale-pays-argentan-vimoutiers\/wp-json\/wp\/v2\/media?parent=65"}],"curies":[{"name":"wp","href":"https:\/\/api.w.org\/{rel}","templated":true}]}}