{"id":92,"date":"2023-12-14T15:15:29","date_gmt":"2023-12-14T14:15:29","guid":{"rendered":"https:\/\/www.missionslocalesnormandie.fr\/mission-locale-pays-argentan-vimoutiers\/?page_id=92"},"modified":"2025-07-17T08:45:00","modified_gmt":"2025-07-17T06:45:00","slug":"le-service-civique","status":"publish","type":"page","link":"https:\/\/www.missionslocalesnormandie.fr\/mission-locale-pays-argentan-vimoutiers\/le-service-civique\/","title":{"rendered":"Le service civique"},"content":{"rendered":"\t\t<div data-elementor-type=\"wp-page\" data-elementor-id=\"92\" class=\"elementor elementor-92\">\n\t\t\t\t<div class=\"elementor-element elementor-element-5c17414 e-flex e-con-boxed e-con e-parent\" data-id=\"5c17414\" data-element_type=\"container\">\n\t\t\t\t\t<div class=\"e-con-inner\">\n\t\t\t\t<div class=\"elementor-element elementor-element-aaf0ac3 elementor-widget elementor-widget-block_titre\" data-id=\"aaf0ac3\" data-element_type=\"widget\" data-widget_type=\"block_titre.default\">\n\t\t\t\t<div class=\"elementor-widget-container\">\n\t\t\t    <div class=\"container\">\n        <h2>\n            Pourquoi choisir un service civique ?\n        <\/h2>\n    <\/div>\n\t\t<\/div>\n\t\t\t\t<\/div>\n\t\t<div class=\"elementor-element elementor-element-2f5e7eb e-con-full e-flex e-con e-child\" data-id=\"2f5e7eb\" data-element_type=\"container\">\n\t\t\t\t<div class=\"elementor-element elementor-element-42f3397 elementor-widget elementor-widget-block_simple_visuel\" data-id=\"42f3397\" data-element_type=\"widget\" data-widget_type=\"block_simple_visuel.default\">\n\t\t\t\t<div class=\"elementor-widget-container\">\n\t\t\t    <div class=\"container\">\n        <figure>\n                        \n                                                            <a href=\"https:\/\/www.missionslocalesnormandie.fr\/content\/uploads\/sites\/5\/2025\/07\/design-creation-image-microsite-1-1.png\">\n                    <img decoding=\"async\" src=\"https:\/\/www.missionslocalesnormandie.fr\/content\/uploads\/sites\/5\/2025\/07\/design-creation-image-microsite-1-1-950x595-c-default.png\"\n                         alt=\"service civique\"\/>\n                <\/a>\n            \n                    <\/figure>\n    <\/div>\n\t\t<\/div>\n\t\t\t\t<\/div>\n\t\t\t\t<div class=\"elementor-element elementor-element-ac82dd6 elementor-widget elementor-widget-block_simple_texte\" data-id=\"ac82dd6\" data-element_type=\"widget\" data-widget_type=\"block_simple_texte.default\">\n\t\t\t\t<div class=\"elementor-widget-container\">\n\t\t\t    <div class=\"container\">\n        <p><span style=\"font-size: 18pt\">Accueillir un\u00a0<strong>volontaire en service civique<\/strong>\u00a0c\u2019est b\u00e9n\u00e9ficier\u2026<\/span><\/p><ul><li><span style=\"font-size: 18pt\">Du temps,<\/span><\/li><li><span style=\"font-size: 18pt\">Des id\u00e9es,<\/span><\/li><li><span style=\"font-size: 18pt\">De l\u2019engagement<\/span><\/li><\/ul><p><span style=\"font-size: 18pt\">Et du dynamisme d\u2019<strong>un jeune de 16 \u00e0 25 an<\/strong>s !<\/span><\/p>\n    <\/div>\n\t\t<\/div>\n\t\t\t\t<\/div>\n\t\t\t\t<\/div>\n\t\t\t\t<div class=\"elementor-element elementor-element-d0a5b32 elementor-widget elementor-widget-block_titre\" data-id=\"d0a5b32\" data-element_type=\"widget\" data-widget_type=\"block_titre.default\">\n\t\t\t\t<div class=\"elementor-widget-container\">\n\t\t\t    <div class=\"container\">\n        <h2>\n            Pour quelles structures ?\n        <\/h2>\n    <\/div>\n\t\t<\/div>\n\t\t\t\t<\/div>\n\t\t\t\t\t<\/div>\n\t\t\t\t<\/div>\n\t\t<div class=\"elementor-element elementor-element-572ca13 e-flex e-con-boxed e-con e-parent\" data-id=\"572ca13\" data-element_type=\"container\">\n\t\t\t\t\t<div class=\"e-con-inner\">\n\t\t\t\t<div class=\"elementor-element elementor-element-0f77f97 elementor-widget elementor-widget-block_simple_texte\" data-id=\"0f77f97\" data-element_type=\"widget\" data-widget_type=\"block_simple_texte.default\">\n\t\t\t\t<div class=\"elementor-widget-container\">\n\t\t\t    <div class=\"container\">\n        <p><span style=\"font-size: 14pt\">L\u2019accueil d\u2019un jeune est r\u00e9serv\u00e9 aux structures qui \u0153uvrent \u00e0 l\u2019int\u00e9r\u00eat g\u00e9n\u00e9ral, parmi lesquelles :<\/span><\/p><p><span style=\"font-size: 14pt\">\u2022 Organismes \u00e0 but non lucratif<\/span><br \/><span style=\"font-size: 14pt\">\u2022 Associations<\/span><br \/><span style=\"font-size: 14pt\">\u2022 Fondations<\/span><br \/><span style=\"font-size: 14pt\">\u2022 Collectivit\u00e9s territoriales<\/span><br \/><span style=\"font-size: 14pt\">\u2022 \u00c9tablissements publics<\/span><br \/><span style=\"font-size: 14pt\">\u2022 Services de l\u2019Etat<\/span><\/p>\n    <\/div>\n\t\t<\/div>\n\t\t\t\t<\/div>\n\t\t\t\t<div class=\"elementor-element elementor-element-cfe2fe8 elementor-widget elementor-widget-block_titre\" data-id=\"cfe2fe8\" data-element_type=\"widget\" data-widget_type=\"block_titre.default\">\n\t\t\t\t<div class=\"elementor-widget-container\">\n\t\t\t    <div class=\"container\">\n        <h2>\n            Pourquoi passer par la Mission Locale ?\n        <\/h2>\n    <\/div>\n\t\t<\/div>\n\t\t\t\t<\/div>\n\t\t\t\t<div class=\"elementor-element elementor-element-18bbdce elementor-widget elementor-widget-block_simple_texte\" data-id=\"18bbdce\" data-element_type=\"widget\" data-widget_type=\"block_simple_texte.default\">\n\t\t\t\t<div class=\"elementor-widget-container\">\n\t\t\t    <div class=\"container\">\n        <p><span style=\"font-size: 18pt\">La Mission Locale est labellis\u00e9e <strong>\u00ab Plateforme de Service civique \u00bb<\/strong>.<strong><br \/><\/strong>Vos d\u00e9marches sont simplifi\u00e9s et vous b\u00e9n\u00e9ficiez ainsi de :<\/span><\/p>\n    <\/div>\n\t\t<\/div>\n\t\t\t\t<\/div>\n\t\t<div class=\"elementor-element elementor-element-c368b92 e-con-full e-flex e-con e-child\" data-id=\"c368b92\" data-element_type=\"container\">\n\t\t\t\t<div class=\"elementor-element elementor-element-d601bda elementor-widget elementor-widget-block_simple_texte\" data-id=\"d601bda\" data-element_type=\"widget\" data-widget_type=\"block_simple_texte.default\">\n\t\t\t\t<div class=\"elementor-widget-container\">\n\t\t\t    <div class=\"container\">\n        <ul><li><span style=\"font-size: 14pt\">L' aide \u00e0 la d\u00e9finition de la mission.<\/span><\/li><li><span style=\"font-size: 14pt\">La diffusion de la mission.<\/span><\/li><li><span style=\"font-size: 14pt\">La recherche de jeunes volontaires.<\/span><\/li><li><span style=\"font-size: 14pt\">L' enregistrement du contrat et de la convention de mise \u00e0 disposition.<\/span><\/li><li><span style=\"font-size: 14pt\">L' organisation des formations obligatoires pour le volontaire et le tuteur.<\/span><\/li><li><span style=\"font-size: 14pt\">L' accompagnement du volontaire sur son projet pendant et apr\u00e8s sa mission.<\/span><\/li><\/ul>\n    <\/div>\n\t\t<\/div>\n\t\t\t\t<\/div>\n\t\t\t\t<\/div>\n\t\t\t\t\t<\/div>\n\t\t\t\t<\/div>\n\t\t<div class=\"elementor-element elementor-element-d7b2110 e-flex e-con-boxed e-con e-parent\" data-id=\"d7b2110\" data-element_type=\"container\">\n\t\t\t\t\t<div class=\"e-con-inner\">\n\t\t\t\t<div class=\"elementor-element elementor-element-5463a18 elementor-widget elementor-widget-block_separateur\" data-id=\"5463a18\" data-element_type=\"widget\" data-widget_type=\"block_separateur.default\">\n\t\t\t\t<div class=\"elementor-widget-container\">\n\t\t\t<div class=\"container\">\n    <hr\/>\n<\/div>\t\t<\/div>\n\t\t\t\t<\/div>\n\t\t\t\t\t<\/div>\n\t\t\t\t<\/div>\n\t\t\t\t<\/div>\n\t\t","protected":false},"excerpt":{"rendered":"<p>Pourquoi choisir un service civique ? Accueillir un\u00a0volontaire en service civique\u00a0c\u2019est b\u00e9n\u00e9ficier\u2026 Du temps, Des id\u00e9es, De l\u2019engagement Et du dynamisme d\u2019un jeune de 16 \u00e0 25 ans ! Pour quelles structures ? L\u2019accueil d\u2019un jeune est r\u00e9serv\u00e9 aux structures qui \u0153uvrent \u00e0 l\u2019int\u00e9r\u00eat g\u00e9n\u00e9ral, parmi lesquelles : \u2022 Organismes \u00e0 but non lucratif\u2022 Associations\u2022 [&hellip;]<\/p>\n","protected":false},"author":1,"featured_media":0,"parent":0,"menu_order":0,"comment_status":"closed","ping_status":"closed","template":"","meta":{"_acf_changed":false,"_crosspost_to_1":false,"_crosspost_to_2":false,"_crosspost_to_3":false,"_crosspost_to_4":false,"_crosspost_to_6":false,"_crosspost_to_7":false,"_crosspost_to_8":false,"_crosspost_to_11":false,"_crosspost_to_12":false,"_crosspost_to_13":false,"_crosspost_to_14":false,"_crosspost_to_15":false,"_crosspost_to_16":false,"inline_featured_image":false,"footnotes":""},"acf":[],"yoast_head":"<!-- This site is optimized with the Yoast SEO plugin v21.9.1 - https:\/\/yoast.com\/wordpress\/plugins\/seo\/ -->\n<title>Le service civique - MISSION LOCALE DES PAYS D&#039;ARGENTAN ET DE VIMOUTIERS<\/title>\n<meta name=\"robots\" content=\"index, follow, max-snippet:-1, max-image-preview:large, max-video-preview:-1\" \/>\n<link rel=\"canonical\" href=\"https:\/\/www.missionslocalesnormandie.fr\/mission-locale-pays-argentan-vimoutiers\/le-service-civique\/\" \/>\n<meta property=\"og:locale\" content=\"fr_FR\" \/>\n<meta property=\"og:type\" content=\"article\" \/>\n<meta property=\"og:title\" content=\"Le service civique - MISSION LOCALE DES PAYS D&#039;ARGENTAN ET DE VIMOUTIERS\" \/>\n<meta property=\"og:description\" content=\"Pourquoi choisir un service civique ? Accueillir un\u00a0volontaire en service civique\u00a0c\u2019est b\u00e9n\u00e9ficier\u2026 Du temps, Des id\u00e9es, De l\u2019engagement Et du dynamisme d\u2019un jeune de 16 \u00e0 25 ans ! Pour quelles structures ? L\u2019accueil d\u2019un jeune est r\u00e9serv\u00e9 aux structures qui \u0153uvrent \u00e0 l\u2019int\u00e9r\u00eat g\u00e9n\u00e9ral, parmi lesquelles : \u2022 Organismes \u00e0 but non lucratif\u2022 Associations\u2022 [&hellip;]\" \/>\n<meta property=\"og:url\" content=\"https:\/\/www.missionslocalesnormandie.fr\/mission-locale-pays-argentan-vimoutiers\/le-service-civique\/\" \/>\n<meta property=\"og:site_name\" content=\"MISSION LOCALE DES PAYS D&#039;ARGENTAN ET DE VIMOUTIERS\" \/>\n<meta property=\"article:modified_time\" content=\"2025-07-17T06:45:00+00:00\" \/>\n<meta property=\"og:image\" content=\"https:\/\/www.missionslocalesnormandie.fr\/content\/uploads\/sites\/5\/2025\/07\/design-creation-image-microsite-1-1-950x595-c-default.png\" \/>\n<meta name=\"twitter:card\" content=\"summary_large_image\" \/>\n<meta name=\"twitter:label1\" content=\"Dur\u00e9e de lecture estim\u00e9e\" \/>\n\t<meta name=\"twitter:data1\" content=\"1 minute\" \/>\n<script type=\"application\/ld+json\" class=\"yoast-schema-graph\">{\"@context\":\"https:\/\/schema.org\",\"@graph\":[{\"@type\":\"WebPage\",\"@id\":\"https:\/\/www.missionslocalesnormandie.fr\/mission-locale-pays-argentan-vimoutiers\/le-service-civique\/\",\"url\":\"https:\/\/www.missionslocalesnormandie.fr\/mission-locale-pays-argentan-vimoutiers\/le-service-civique\/\",\"name\":\"Le service civique - MISSION LOCALE DES PAYS D'ARGENTAN ET DE VIMOUTIERS\",\"isPartOf\":{\"@id\":\"https:\/\/www.missionslocalesnormandie.fr\/mission-locale-pays-argentan-vimoutiers\/#website\"},\"datePublished\":\"2023-12-14T14:15:29+00:00\",\"dateModified\":\"2025-07-17T06:45:00+00:00\",\"breadcrumb\":{\"@id\":\"https:\/\/www.missionslocalesnormandie.fr\/mission-locale-pays-argentan-vimoutiers\/le-service-civique\/#breadcrumb\"},\"inLanguage\":\"fr-FR\",\"potentialAction\":[{\"@type\":\"ReadAction\",\"target\":[\"https:\/\/www.missionslocalesnormandie.fr\/mission-locale-pays-argentan-vimoutiers\/le-service-civique\/\"]}]},{\"@type\":\"BreadcrumbList\",\"@id\":\"https:\/\/www.missionslocalesnormandie.fr\/mission-locale-pays-argentan-vimoutiers\/le-service-civique\/#breadcrumb\",\"itemListElement\":[{\"@type\":\"ListItem\",\"position\":1,\"name\":\"Home\",\"item\":\"https:\/\/www.missionslocalesnormandie.fr\/mission-locale-pays-argentan-vimoutiers\/\"},{\"@type\":\"ListItem\",\"position\":2,\"name\":\"Le service civique\"}]},{\"@type\":\"WebSite\",\"@id\":\"https:\/\/www.missionslocalesnormandie.fr\/mission-locale-pays-argentan-vimoutiers\/#website\",\"url\":\"https:\/\/www.missionslocalesnormandie.fr\/mission-locale-pays-argentan-vimoutiers\/\",\"name\":\"MISSION LOCALE DES PAYS D'ARGENTAN ET DE VIMOUTIERS\",\"description\":\"\",\"potentialAction\":[{\"@type\":\"SearchAction\",\"target\":{\"@type\":\"EntryPoint\",\"urlTemplate\":\"https:\/\/www.missionslocalesnormandie.fr\/mission-locale-pays-argentan-vimoutiers\/?s={search_term_string}\"},\"query-input\":\"required name=search_term_string\"}],\"inLanguage\":\"fr-FR\"}]}<\/script>\n<!-- \/ Yoast SEO plugin. -->","yoast_head_json":{"title":"Le service civique - MISSION LOCALE DES PAYS D'ARGENTAN ET DE VIMOUTIERS","robots":{"index":"index","follow":"follow","max-snippet":"max-snippet:-1","max-image-preview":"max-image-preview:large","max-video-preview":"max-video-preview:-1"},"canonical":"https:\/\/www.missionslocalesnormandie.fr\/mission-locale-pays-argentan-vimoutiers\/le-service-civique\/","og_locale":"fr_FR","og_type":"article","og_title":"Le service civique - MISSION LOCALE DES PAYS D'ARGENTAN ET DE VIMOUTIERS","og_description":"Pourquoi choisir un service civique ? Accueillir un\u00a0volontaire en service civique\u00a0c\u2019est b\u00e9n\u00e9ficier\u2026 Du temps, Des id\u00e9es, De l\u2019engagement Et du dynamisme d\u2019un jeune de 16 \u00e0 25 ans ! Pour quelles structures ? L\u2019accueil d\u2019un jeune est r\u00e9serv\u00e9 aux structures qui \u0153uvrent \u00e0 l\u2019int\u00e9r\u00eat g\u00e9n\u00e9ral, parmi lesquelles : \u2022 Organismes \u00e0 but non lucratif\u2022 Associations\u2022 [&hellip;]","og_url":"https:\/\/www.missionslocalesnormandie.fr\/mission-locale-pays-argentan-vimoutiers\/le-service-civique\/","og_site_name":"MISSION LOCALE DES PAYS D'ARGENTAN ET DE VIMOUTIERS","article_modified_time":"2025-07-17T06:45:00+00:00","og_image":[{"url":"https:\/\/www.missionslocalesnormandie.fr\/content\/uploads\/sites\/5\/2025\/07\/design-creation-image-microsite-1-1-950x595-c-default.png"}],"twitter_card":"summary_large_image","twitter_misc":{"Dur\u00e9e de lecture estim\u00e9e":"1 minute"},"schema":{"@context":"https:\/\/schema.org","@graph":[{"@type":"WebPage","@id":"https:\/\/www.missionslocalesnormandie.fr\/mission-locale-pays-argentan-vimoutiers\/le-service-civique\/","url":"https:\/\/www.missionslocalesnormandie.fr\/mission-locale-pays-argentan-vimoutiers\/le-service-civique\/","name":"Le service civique - MISSION LOCALE DES PAYS D'ARGENTAN ET DE VIMOUTIERS","isPartOf":{"@id":"https:\/\/www.missionslocalesnormandie.fr\/mission-locale-pays-argentan-vimoutiers\/#website"},"datePublished":"2023-12-14T14:15:29+00:00","dateModified":"2025-07-17T06:45:00+00:00","breadcrumb":{"@id":"https:\/\/www.missionslocalesnormandie.fr\/mission-locale-pays-argentan-vimoutiers\/le-service-civique\/#breadcrumb"},"inLanguage":"fr-FR","potentialAction":[{"@type":"ReadAction","target":["https:\/\/www.missionslocalesnormandie.fr\/mission-locale-pays-argentan-vimoutiers\/le-service-civique\/"]}]},{"@type":"BreadcrumbList","@id":"https:\/\/www.missionslocalesnormandie.fr\/mission-locale-pays-argentan-vimoutiers\/le-service-civique\/#breadcrumb","itemListElement":[{"@type":"ListItem","position":1,"name":"Home","item":"https:\/\/www.missionslocalesnormandie.fr\/mission-locale-pays-argentan-vimoutiers\/"},{"@type":"ListItem","position":2,"name":"Le service civique"}]},{"@type":"WebSite","@id":"https:\/\/www.missionslocalesnormandie.fr\/mission-locale-pays-argentan-vimoutiers\/#website","url":"https:\/\/www.missionslocalesnormandie.fr\/mission-locale-pays-argentan-vimoutiers\/","name":"MISSION LOCALE DES PAYS D'ARGENTAN ET DE VIMOUTIERS","description":"","potentialAction":[{"@type":"SearchAction","target":{"@type":"EntryPoint","urlTemplate":"https:\/\/www.missionslocalesnormandie.fr\/mission-locale-pays-argentan-vimoutiers\/?s={search_term_string}"},"query-input":"required name=search_term_string"}],"inLanguage":"fr-FR"}]}},"_links":{"self":[{"href":"https:\/\/www.missionslocalesnormandie.fr\/mission-locale-pays-argentan-vimoutiers\/wp-json\/wp\/v2\/pages\/92"}],"collection":[{"href":"https:\/\/www.missionslocalesnormandie.fr\/mission-locale-pays-argentan-vimoutiers\/wp-json\/wp\/v2\/pages"}],"about":[{"href":"https:\/\/www.missionslocalesnormandie.fr\/mission-locale-pays-argentan-vimoutiers\/wp-json\/wp\/v2\/types\/page"}],"author":[{"embeddable":true,"href":"https:\/\/www.missionslocalesnormandie.fr\/mission-locale-pays-argentan-vimoutiers\/wp-json\/wp\/v2\/users\/1"}],"replies":[{"embeddable":true,"href":"https:\/\/www.missionslocalesnormandie.fr\/mission-locale-pays-argentan-vimoutiers\/wp-json\/wp\/v2\/comments?post=92"}],"version-history":[{"count":32,"href":"https:\/\/www.missionslocalesnormandie.fr\/mission-locale-pays-argentan-vimoutiers\/wp-json\/wp\/v2\/pages\/92\/revisions"}],"predecessor-version":[{"id":724,"href":"https:\/\/www.missionslocalesnormandie.fr\/mission-locale-pays-argentan-vimoutiers\/wp-json\/wp\/v2\/pages\/92\/revisions\/724"}],"wp:attachment":[{"href":"https:\/\/www.missionslocalesnormandie.fr\/mission-locale-pays-argentan-vimoutiers\/wp-json\/wp\/v2\/media?parent=92"}],"curies":[{"name":"wp","href":"https:\/\/api.w.org\/{rel}","templated":true}]}}