{"id":116,"date":"2023-12-14T15:20:36","date_gmt":"2023-12-14T14:20:36","guid":{"rendered":"https:\/\/www.missionslocalesnormandie.fr\/mission-locale-pays-caux-vallee-seine\/?page_id=116"},"modified":"2024-03-18T16:30:55","modified_gmt":"2024-03-18T15:30:55","slug":"nous-contacter-3","status":"publish","type":"page","link":"https:\/\/www.missionslocalesnormandie.fr\/mission-locale-pays-caux-vallee-seine\/nous-contacter-3\/","title":{"rendered":"D\u00e9poser une offre"},"content":{"rendered":"\t\t<div data-elementor-type=\"wp-page\" data-elementor-id=\"116\" class=\"elementor elementor-116\">\n\t\t\t\t<div class=\"elementor-element elementor-element-9cedf3b e-flex e-con-boxed e-con e-parent\" data-id=\"9cedf3b\" data-element_type=\"container\">\n\t\t\t\t\t<div class=\"e-con-inner\">\n\t\t\t\t<div class=\"elementor-element elementor-element-59eb2b8 elementor-widget elementor-widget-block_titre\" data-id=\"59eb2b8\" data-element_type=\"widget\" data-widget_type=\"block_titre.default\">\n\t\t\t\t<div class=\"elementor-widget-container\">\n\t\t\t    <div class=\"container\">\n        <h2>\n            Vous \u00eates \u00e0 la recherche de candidats ?\n        <\/h2>\n    <\/div>\n\t\t<\/div>\n\t\t\t\t<\/div>\n\t\t\t\t\t<\/div>\n\t\t\t\t<\/div>\n\t\t<div class=\"elementor-element elementor-element-51e65b2 e-flex e-con-boxed e-con e-parent\" data-id=\"51e65b2\" data-element_type=\"container\">\n\t\t\t\t\t<div class=\"e-con-inner\">\n\t\t\t\t<div class=\"elementor-element elementor-element-d565165 elementor-widget elementor-widget-block_simple_texte\" data-id=\"d565165\" data-element_type=\"widget\" data-widget_type=\"block_simple_texte.default\">\n\t\t\t\t<div class=\"elementor-widget-container\">\n\t\t\t    <div class=\"container\">\n        <p>\u00a0<\/p><p style=\"text-align: center\"><span style=\"color: #800080;font-size: 14pt\"><b>D\u00e9posez votre offre d\u2019emploi aupr\u00e8s de notre Service Emploi et Entreprises qui en assurera la gestion \u00e0 vos c\u00f4t\u00e9s.<\/b><\/span><\/p>\n    <\/div>\n\t\t<\/div>\n\t\t\t\t<\/div>\n\t\t\t\t<div class=\"elementor-element elementor-element-c286c08 elementor-widget elementor-widget-block_simple_texte\" data-id=\"c286c08\" data-element_type=\"widget\" data-widget_type=\"block_simple_texte.default\">\n\t\t\t\t<div class=\"elementor-widget-container\">\n\t\t\t    <div class=\"container\">\n        <p>Par t\u00e9l\u00e9phone :\u00a0<\/p><ul><li>02 35 38 19 89<\/li><\/ul><p>\u00a0<\/p><p>Par mail :\u00a0<\/p><ul><li><a href=\"serviceemploi@ml-lillebonnecauxseine.fr\">serviceemploi@ml-lillebonnecauxseine.fr<\/a><\/li><\/ul><p>\u00a0<\/p><p>En ligne :\u00a0<\/p><ul><li><a href=\"https:\/\/forms.gle\/wddi2mxTXTUTWNAU8\">https:\/\/forms.gle\/wddi2mxTXTUTWNAU8<\/a><\/li><\/ul>\n    <\/div>\n\t\t<\/div>\n\t\t\t\t<\/div>\n\t\t\t\t\t<\/div>\n\t\t\t\t<\/div>\n\t\t<div class=\"elementor-element elementor-element-9795ceb e-flex e-con-boxed e-con e-parent\" data-id=\"9795ceb\" data-element_type=\"container\">\n\t\t\t\t\t<div class=\"e-con-inner\">\n\t\t\t\t\t<\/div>\n\t\t\t\t<\/div>\n\t\t\t\t<\/div>\n\t\t","protected":false},"excerpt":{"rendered":"<p>Vous \u00eates \u00e0 la recherche de candidats ? \u00a0 D\u00e9posez votre offre d\u2019emploi aupr\u00e8s de notre Service Emploi et Entreprises qui en assurera la gestion \u00e0 vos c\u00f4t\u00e9s. Par t\u00e9l\u00e9phone :\u00a0 02 35 38 19 89 \u00a0 Par mail :\u00a0 serviceemploi@ml-lillebonnecauxseine.fr \u00a0 En ligne :\u00a0 https:\/\/forms.gle\/wddi2mxTXTUTWNAU8<\/p>\n","protected":false},"author":1,"featured_media":0,"parent":0,"menu_order":0,"comment_status":"closed","ping_status":"closed","template":"","meta":{"_acf_changed":false,"_crosspost_to_1":false,"_crosspost_to_2":false,"_crosspost_to_3":false,"_crosspost_to_4":false,"_crosspost_to_5":false,"_crosspost_to_6":false,"_crosspost_to_7":false,"_crosspost_to_8":false,"_crosspost_to_12":false,"_crosspost_to_13":false,"_crosspost_to_14":false,"_crosspost_to_15":false,"_crosspost_to_16":false,"inline_featured_image":false,"footnotes":""},"acf":[],"yoast_head":"<!-- This site is optimized with the Yoast SEO plugin v21.9.1 - https:\/\/yoast.com\/wordpress\/plugins\/seo\/ -->\n<title>D\u00e9poser une offre - MISSION LOCALE PAYS DE CAUX - VALLEE DE SEINE<\/title>\n<meta name=\"robots\" content=\"index, follow, max-snippet:-1, max-image-preview:large, max-video-preview:-1\" \/>\n<link rel=\"canonical\" href=\"https:\/\/www.missionslocalesnormandie.fr\/mission-locale-pays-caux-vallee-seine\/nous-contacter-3\/\" \/>\n<meta property=\"og:locale\" content=\"fr_FR\" \/>\n<meta property=\"og:type\" content=\"article\" \/>\n<meta property=\"og:title\" content=\"D\u00e9poser une offre - MISSION LOCALE PAYS DE CAUX - VALLEE DE SEINE\" \/>\n<meta property=\"og:description\" content=\"Vous \u00eates \u00e0 la recherche de candidats ? \u00a0 D\u00e9posez votre offre d\u2019emploi aupr\u00e8s de notre Service Emploi et Entreprises qui en assurera la gestion \u00e0 vos c\u00f4t\u00e9s. Par t\u00e9l\u00e9phone :\u00a0 02 35 38 19 89 \u00a0 Par mail :\u00a0 serviceemploi@ml-lillebonnecauxseine.fr \u00a0 En ligne :\u00a0 https:\/\/forms.gle\/wddi2mxTXTUTWNAU8\" \/>\n<meta property=\"og:url\" content=\"https:\/\/www.missionslocalesnormandie.fr\/mission-locale-pays-caux-vallee-seine\/nous-contacter-3\/\" \/>\n<meta property=\"og:site_name\" content=\"MISSION LOCALE PAYS DE CAUX - VALLEE DE SEINE\" \/>\n<meta property=\"article:modified_time\" content=\"2024-03-18T15:30:55+00:00\" \/>\n<meta name=\"twitter:card\" content=\"summary_large_image\" \/>\n<meta name=\"twitter:label1\" content=\"Dur\u00e9e de lecture estim\u00e9e\" \/>\n\t<meta name=\"twitter:data1\" content=\"1 minute\" \/>\n<script type=\"application\/ld+json\" class=\"yoast-schema-graph\">{\"@context\":\"https:\/\/schema.org\",\"@graph\":[{\"@type\":\"WebPage\",\"@id\":\"https:\/\/www.missionslocalesnormandie.fr\/mission-locale-pays-caux-vallee-seine\/nous-contacter-3\/\",\"url\":\"https:\/\/www.missionslocalesnormandie.fr\/mission-locale-pays-caux-vallee-seine\/nous-contacter-3\/\",\"name\":\"D\u00e9poser une offre - MISSION LOCALE PAYS DE CAUX - VALLEE DE SEINE\",\"isPartOf\":{\"@id\":\"https:\/\/www.missionslocalesnormandie.fr\/mission-locale-pays-caux-vallee-seine\/#website\"},\"datePublished\":\"2023-12-14T14:20:36+00:00\",\"dateModified\":\"2024-03-18T15:30:55+00:00\",\"breadcrumb\":{\"@id\":\"https:\/\/www.missionslocalesnormandie.fr\/mission-locale-pays-caux-vallee-seine\/nous-contacter-3\/#breadcrumb\"},\"inLanguage\":\"fr-FR\",\"potentialAction\":[{\"@type\":\"ReadAction\",\"target\":[\"https:\/\/www.missionslocalesnormandie.fr\/mission-locale-pays-caux-vallee-seine\/nous-contacter-3\/\"]}]},{\"@type\":\"BreadcrumbList\",\"@id\":\"https:\/\/www.missionslocalesnormandie.fr\/mission-locale-pays-caux-vallee-seine\/nous-contacter-3\/#breadcrumb\",\"itemListElement\":[{\"@type\":\"ListItem\",\"position\":1,\"name\":\"Home\",\"item\":\"https:\/\/www.missionslocalesnormandie.fr\/mission-locale-pays-caux-vallee-seine\/\"},{\"@type\":\"ListItem\",\"position\":2,\"name\":\"D\u00e9poser une offre\"}]},{\"@type\":\"WebSite\",\"@id\":\"https:\/\/www.missionslocalesnormandie.fr\/mission-locale-pays-caux-vallee-seine\/#website\",\"url\":\"https:\/\/www.missionslocalesnormandie.fr\/mission-locale-pays-caux-vallee-seine\/\",\"name\":\"MISSION LOCALE PAYS DE CAUX - VALLEE DE SEINE\",\"description\":\"\",\"potentialAction\":[{\"@type\":\"SearchAction\",\"target\":{\"@type\":\"EntryPoint\",\"urlTemplate\":\"https:\/\/www.missionslocalesnormandie.fr\/mission-locale-pays-caux-vallee-seine\/?s={search_term_string}\"},\"query-input\":\"required name=search_term_string\"}],\"inLanguage\":\"fr-FR\"}]}<\/script>\n<!-- \/ Yoast SEO plugin. -->","yoast_head_json":{"title":"D\u00e9poser une offre - MISSION LOCALE PAYS DE CAUX - VALLEE DE SEINE","robots":{"index":"index","follow":"follow","max-snippet":"max-snippet:-1","max-image-preview":"max-image-preview:large","max-video-preview":"max-video-preview:-1"},"canonical":"https:\/\/www.missionslocalesnormandie.fr\/mission-locale-pays-caux-vallee-seine\/nous-contacter-3\/","og_locale":"fr_FR","og_type":"article","og_title":"D\u00e9poser une offre - MISSION LOCALE PAYS DE CAUX - VALLEE DE SEINE","og_description":"Vous \u00eates \u00e0 la recherche de candidats ? \u00a0 D\u00e9posez votre offre d\u2019emploi aupr\u00e8s de notre Service Emploi et Entreprises qui en assurera la gestion \u00e0 vos c\u00f4t\u00e9s. Par t\u00e9l\u00e9phone :\u00a0 02 35 38 19 89 \u00a0 Par mail :\u00a0 serviceemploi@ml-lillebonnecauxseine.fr \u00a0 En ligne :\u00a0 https:\/\/forms.gle\/wddi2mxTXTUTWNAU8","og_url":"https:\/\/www.missionslocalesnormandie.fr\/mission-locale-pays-caux-vallee-seine\/nous-contacter-3\/","og_site_name":"MISSION LOCALE PAYS DE CAUX - VALLEE DE SEINE","article_modified_time":"2024-03-18T15:30:55+00:00","twitter_card":"summary_large_image","twitter_misc":{"Dur\u00e9e de lecture estim\u00e9e":"1 minute"},"schema":{"@context":"https:\/\/schema.org","@graph":[{"@type":"WebPage","@id":"https:\/\/www.missionslocalesnormandie.fr\/mission-locale-pays-caux-vallee-seine\/nous-contacter-3\/","url":"https:\/\/www.missionslocalesnormandie.fr\/mission-locale-pays-caux-vallee-seine\/nous-contacter-3\/","name":"D\u00e9poser une offre - MISSION LOCALE PAYS DE CAUX - VALLEE DE SEINE","isPartOf":{"@id":"https:\/\/www.missionslocalesnormandie.fr\/mission-locale-pays-caux-vallee-seine\/#website"},"datePublished":"2023-12-14T14:20:36+00:00","dateModified":"2024-03-18T15:30:55+00:00","breadcrumb":{"@id":"https:\/\/www.missionslocalesnormandie.fr\/mission-locale-pays-caux-vallee-seine\/nous-contacter-3\/#breadcrumb"},"inLanguage":"fr-FR","potentialAction":[{"@type":"ReadAction","target":["https:\/\/www.missionslocalesnormandie.fr\/mission-locale-pays-caux-vallee-seine\/nous-contacter-3\/"]}]},{"@type":"BreadcrumbList","@id":"https:\/\/www.missionslocalesnormandie.fr\/mission-locale-pays-caux-vallee-seine\/nous-contacter-3\/#breadcrumb","itemListElement":[{"@type":"ListItem","position":1,"name":"Home","item":"https:\/\/www.missionslocalesnormandie.fr\/mission-locale-pays-caux-vallee-seine\/"},{"@type":"ListItem","position":2,"name":"D\u00e9poser une offre"}]},{"@type":"WebSite","@id":"https:\/\/www.missionslocalesnormandie.fr\/mission-locale-pays-caux-vallee-seine\/#website","url":"https:\/\/www.missionslocalesnormandie.fr\/mission-locale-pays-caux-vallee-seine\/","name":"MISSION LOCALE PAYS DE CAUX - VALLEE DE SEINE","description":"","potentialAction":[{"@type":"SearchAction","target":{"@type":"EntryPoint","urlTemplate":"https:\/\/www.missionslocalesnormandie.fr\/mission-locale-pays-caux-vallee-seine\/?s={search_term_string}"},"query-input":"required name=search_term_string"}],"inLanguage":"fr-FR"}]}},"_links":{"self":[{"href":"https:\/\/www.missionslocalesnormandie.fr\/mission-locale-pays-caux-vallee-seine\/wp-json\/wp\/v2\/pages\/116"}],"collection":[{"href":"https:\/\/www.missionslocalesnormandie.fr\/mission-locale-pays-caux-vallee-seine\/wp-json\/wp\/v2\/pages"}],"about":[{"href":"https:\/\/www.missionslocalesnormandie.fr\/mission-locale-pays-caux-vallee-seine\/wp-json\/wp\/v2\/types\/page"}],"author":[{"embeddable":true,"href":"https:\/\/www.missionslocalesnormandie.fr\/mission-locale-pays-caux-vallee-seine\/wp-json\/wp\/v2\/users\/1"}],"replies":[{"embeddable":true,"href":"https:\/\/www.missionslocalesnormandie.fr\/mission-locale-pays-caux-vallee-seine\/wp-json\/wp\/v2\/comments?post=116"}],"version-history":[{"count":7,"href":"https:\/\/www.missionslocalesnormandie.fr\/mission-locale-pays-caux-vallee-seine\/wp-json\/wp\/v2\/pages\/116\/revisions"}],"predecessor-version":[{"id":624,"href":"https:\/\/www.missionslocalesnormandie.fr\/mission-locale-pays-caux-vallee-seine\/wp-json\/wp\/v2\/pages\/116\/revisions\/624"}],"wp:attachment":[{"href":"https:\/\/www.missionslocalesnormandie.fr\/mission-locale-pays-caux-vallee-seine\/wp-json\/wp\/v2\/media?parent=116"}],"curies":[{"name":"wp","href":"https:\/\/api.w.org\/{rel}","templated":true}]}}