{"id":151,"date":"2023-12-14T15:36:07","date_gmt":"2023-12-14T14:36:07","guid":{"rendered":"https:\/\/www.missionslocalesnormandie.fr\/mission-locale-pays-caux-vallee-seine\/?page_id=151"},"modified":"2024-05-28T15:22:27","modified_gmt":"2024-05-28T13:22:27","slug":"minformer","status":"publish","type":"page","link":"https:\/\/www.missionslocalesnormandie.fr\/mission-locale-pays-caux-vallee-seine\/minformer\/","title":{"rendered":"S&#8217;inscrire \u00e0 la Mission Locale"},"content":{"rendered":"\t\t<div data-elementor-type=\"wp-page\" data-elementor-id=\"151\" class=\"elementor elementor-151\">\n\t\t\t\t<div class=\"elementor-element elementor-element-31fb063 e-flex e-con-boxed e-con e-parent\" data-id=\"31fb063\" data-element_type=\"container\">\n\t\t\t\t\t<div class=\"e-con-inner\">\n\t\t\t\t<div class=\"elementor-element elementor-element-db7bbe1 elementor-widget elementor-widget-block_simple_texte\" data-id=\"db7bbe1\" data-element_type=\"widget\" data-widget_type=\"block_simple_texte.default\">\n\t\t\t\t<div class=\"elementor-widget-container\">\n\t\t\t    <div class=\"container\">\n        <p><span style=\"font-size: 14pt\">Tu habites sur le territoire Caux Vall\u00e9e de Seine ou Campagne de Caux ? Tu as plus de 16 ans et moins de 26 ans ?\u00a0 Tu souhaites \u00eatre accompagn\u00e9 dans tes d\u00e9marches et ton projet professionnel par la Mission Locale ? Pour t'inscrire rien de plus simple !\u00a0<\/span><\/p>\n    <\/div>\n\t\t<\/div>\n\t\t\t\t<\/div>\n\t\t\t\t\t<\/div>\n\t\t\t\t<\/div>\n\t\t<div class=\"elementor-element elementor-element-0daf0b5 e-flex e-con-boxed e-con e-parent\" data-id=\"0daf0b5\" data-element_type=\"container\">\n\t\t\t\t\t<div class=\"e-con-inner\">\n\t\t<div class=\"elementor-element elementor-element-8fc6848 e-con-full e-flex e-con e-child\" data-id=\"8fc6848\" data-element_type=\"container\">\n\t\t\t\t<div class=\"elementor-element elementor-element-b2e9b73 elementor-widget elementor-widget-block_titre\" data-id=\"b2e9b73\" data-element_type=\"widget\" data-widget_type=\"block_titre.default\">\n\t\t\t\t<div class=\"elementor-widget-container\">\n\t\t\t    <div class=\"container\">\n        <h2>\n            \u00c9tape 1\n        <\/h2>\n    <\/div>\n\t\t<\/div>\n\t\t\t\t<\/div>\n\t\t\t\t<div class=\"elementor-element elementor-element-0be3326 elementor-widget elementor-widget-block_simple_texte\" data-id=\"0be3326\" data-element_type=\"widget\" data-widget_type=\"block_simple_texte.default\">\n\t\t\t\t<div class=\"elementor-widget-container\">\n\t\t\t    <div class=\"container\">\n        <p><span style=\"font-size: 14pt\">Contacte la Mission Locale pour avoir un rendez vous !<\/span><\/p><ul><li><span style=\"font-size: 14pt\">Par t\u00e9l\u00e9phone : 02 35 38 19 89<\/span><\/li><li><span style=\"font-size: 14pt\">Par mail : <a href=\"mailto:mission.locale@ml-lillebonnecauxseine.fr\">mission.locale@ml-lillebonnecauxseine.fr<\/a><\/span><\/li><\/ul><p>\u00a0<\/p>\n    <\/div>\n\t\t<\/div>\n\t\t\t\t<\/div>\n\t\t\t\t<\/div>\n\t\t<div class=\"elementor-element elementor-element-4df0f70 e-con-full e-flex e-con e-child\" data-id=\"4df0f70\" data-element_type=\"container\">\n\t\t\t\t<div class=\"elementor-element elementor-element-c3e0be6 elementor-widget elementor-widget-block_titre\" data-id=\"c3e0be6\" data-element_type=\"widget\" data-widget_type=\"block_titre.default\">\n\t\t\t\t<div class=\"elementor-widget-container\">\n\t\t\t    <div class=\"container\">\n        <h2>\n            T\u00e9l\u00e9charge notre plaquette\n        <\/h2>\n    <\/div>\n\t\t<\/div>\n\t\t\t\t<\/div>\n\t\t\t\t<div class=\"elementor-element elementor-element-3f643d4 elementor-widget elementor-widget-block_liens_fichiers\" data-id=\"3f643d4\" data-element_type=\"widget\" data-widget_type=\"block_liens_fichiers.default\">\n\t\t\t\t<div class=\"elementor-widget-container\">\n\t\t\t    <div class=\"container\">\n        <div class=\"my-4\">\n                                                                        <a href=\"https:\/\/www.missionslocalesnormandie.fr\/content\/uploads\/sites\/11\/2024\/05\/PLAQUETTE-JEUNES-MLPCVS.pdf\" class=\"generic-link-file -pdf me-4 mb-3\"\n                           target=\"_blank\"\n                           rel=\"noopener noreferrer\">\n                            Plaquette Jeunes\n                        <\/a>\n                                                        <\/div>\n    <\/div>\n\t\t<\/div>\n\t\t\t\t<\/div>\n\t\t\t\t<\/div>\n\t\t\t\t\t<\/div>\n\t\t\t\t<\/div>\n\t\t<div class=\"elementor-element elementor-element-f94bd15 e-flex e-con-boxed e-con e-parent\" data-id=\"f94bd15\" data-element_type=\"container\">\n\t\t\t\t\t<div class=\"e-con-inner\">\n\t\t\t\t<div class=\"elementor-element elementor-element-2dbfc45 elementor-widget elementor-widget-block_titre\" data-id=\"2dbfc45\" data-element_type=\"widget\" data-widget_type=\"block_titre.default\">\n\t\t\t\t<div class=\"elementor-widget-container\">\n\t\t\t    <div class=\"container\">\n        <h2>\n            \u00c9tape 2\n        <\/h2>\n    <\/div>\n\t\t<\/div>\n\t\t\t\t<\/div>\n\t\t\t\t<div class=\"elementor-element elementor-element-ffb3a3c elementor-widget elementor-widget-block_simple_texte\" data-id=\"ffb3a3c\" data-element_type=\"widget\" data-widget_type=\"block_simple_texte.default\">\n\t\t\t\t<div class=\"elementor-widget-container\">\n\t\t\t    <div class=\"container\">\n        <p><span style=\"font-size: 14pt\">Viens au rendez vous d'inscription avec tes documents :<\/span><\/p><ul><li><span style=\"font-size: 14pt\">Ta pi\u00e8ce d\u2019identit\u00e9 (carte d\u2019identit\u00e9, passeport ou un titre de s\u00e9jour)<\/span><\/li><\/ul><ul><li><span style=\"font-size: 14pt\">Ta carte Vitale ou num\u00e9ro de S\u00e9curit\u00e9 sociale<\/span><\/li><li><span style=\"font-size: 14pt\">Un CV (si tu en as un)<\/span><\/li><li><span style=\"font-size: 14pt\">Un RIB (Relev\u00e9 d\u2019Identit\u00e9 Bancaire)<\/span><\/li><\/ul>\n    <\/div>\n\t\t<\/div>\n\t\t\t\t<\/div>\n\t\t\t\t\t<\/div>\n\t\t\t\t<\/div>\n\t\t<div class=\"elementor-element elementor-element-6826313 e-flex e-con-boxed e-con e-parent\" data-id=\"6826313\" data-element_type=\"container\">\n\t\t\t\t\t<div class=\"e-con-inner\">\n\t\t\t\t<div class=\"elementor-element elementor-element-34e1039 elementor-widget elementor-widget-block_titre\" data-id=\"34e1039\" data-element_type=\"widget\" data-widget_type=\"block_titre.default\">\n\t\t\t\t<div class=\"elementor-widget-container\">\n\t\t\t    <div class=\"container\">\n        <h2>\n            \u00c9tape 3\n        <\/h2>\n    <\/div>\n\t\t<\/div>\n\t\t\t\t<\/div>\n\t\t\t\t<div class=\"elementor-element elementor-element-ee44327 elementor-widget elementor-widget-block_simple_texte\" data-id=\"ee44327\" data-element_type=\"widget\" data-widget_type=\"block_simple_texte.default\">\n\t\t\t\t<div class=\"elementor-widget-container\">\n\t\t\t    <div class=\"container\">\n        <p><span style=\"font-size: 14pt\">Un.e conseiller(\u00e8re) te re\u00e7oit et d\u00e9finit avec toi tes priorit\u00e9s !<\/span><\/p><p><span style=\"font-size: 14pt\">Pendant le rendez vous il te pr\u00e9sente les services de la Mission Locale. A travers des discussions et des questions, vous \u00e9changez sur ta situation (emploi, formation\u2026) et d\u00e9finissez ensemble un plan d'action pour t'accompagner vers l'autonomie et l'emploi.<\/span><\/p><p><span style=\"font-size: 14pt\">Une fois inscrit.(e), tu peux revenir en entretien et participer \u00e0 tous les ateliers organis\u00e9s par la Mission Locale.<\/span><\/p>\n    <\/div>\n\t\t<\/div>\n\t\t\t\t<\/div>\n\t\t\t\t\t<\/div>\n\t\t\t\t<\/div>\n\t\t<div class=\"elementor-element elementor-element-a9c476c e-flex e-con-boxed e-con e-parent\" data-id=\"a9c476c\" data-element_type=\"container\">\n\t\t\t\t\t<div class=\"e-con-inner\">\n\t\t\t\t\t<\/div>\n\t\t\t\t<\/div>\n\t\t\t\t<\/div>\n\t\t","protected":false},"excerpt":{"rendered":"<p>Tu habites sur le territoire Caux Vall\u00e9e de Seine ou Campagne de Caux ? Tu as plus de 16 ans et moins de 26 ans ?\u00a0 Tu souhaites \u00eatre accompagn\u00e9 dans tes d\u00e9marches et ton projet professionnel par la Mission Locale ? Pour t&#8217;inscrire rien de plus simple !\u00a0 \u00c9tape 1 Contacte la Mission Locale [&hellip;]<\/p>\n","protected":false},"author":1,"featured_media":0,"parent":0,"menu_order":0,"comment_status":"closed","ping_status":"closed","template":"","meta":{"_acf_changed":false,"_crosspost_to_1":false,"_crosspost_to_2":false,"_crosspost_to_3":false,"_crosspost_to_4":false,"_crosspost_to_5":false,"_crosspost_to_6":false,"_crosspost_to_7":false,"_crosspost_to_8":false,"_crosspost_to_12":false,"_crosspost_to_13":false,"_crosspost_to_14":false,"_crosspost_to_15":false,"_crosspost_to_16":false,"inline_featured_image":false,"footnotes":""},"acf":[],"yoast_head":"<!-- This site is optimized with the Yoast SEO plugin v21.9.1 - https:\/\/yoast.com\/wordpress\/plugins\/seo\/ -->\n<title>S&#039;inscrire \u00e0 la Mission Locale - MISSION LOCALE PAYS DE CAUX - VALLEE DE SEINE<\/title>\n<meta name=\"robots\" content=\"index, follow, max-snippet:-1, max-image-preview:large, max-video-preview:-1\" \/>\n<link rel=\"canonical\" href=\"https:\/\/www.missionslocalesnormandie.fr\/mission-locale-pays-caux-vallee-seine\/minformer\/\" \/>\n<meta property=\"og:locale\" content=\"fr_FR\" \/>\n<meta property=\"og:type\" content=\"article\" \/>\n<meta property=\"og:title\" content=\"S&#039;inscrire \u00e0 la Mission Locale - MISSION LOCALE PAYS DE CAUX - VALLEE DE SEINE\" \/>\n<meta property=\"og:description\" content=\"Tu habites sur le territoire Caux Vall\u00e9e de Seine ou Campagne de Caux ? Tu as plus de 16 ans et moins de 26 ans ?\u00a0 Tu souhaites \u00eatre accompagn\u00e9 dans tes d\u00e9marches et ton projet professionnel par la Mission Locale ? Pour t&#8217;inscrire rien de plus simple !\u00a0 \u00c9tape 1 Contacte la Mission Locale [&hellip;]\" \/>\n<meta property=\"og:url\" content=\"https:\/\/www.missionslocalesnormandie.fr\/mission-locale-pays-caux-vallee-seine\/minformer\/\" \/>\n<meta property=\"og:site_name\" content=\"MISSION LOCALE PAYS DE CAUX - VALLEE DE SEINE\" \/>\n<meta property=\"article:modified_time\" content=\"2024-05-28T13:22:27+00:00\" \/>\n<meta name=\"twitter:card\" content=\"summary_large_image\" \/>\n<meta name=\"twitter:label1\" content=\"Dur\u00e9e de lecture estim\u00e9e\" \/>\n\t<meta name=\"twitter:data1\" content=\"1 minute\" \/>\n<script type=\"application\/ld+json\" class=\"yoast-schema-graph\">{\"@context\":\"https:\/\/schema.org\",\"@graph\":[{\"@type\":\"WebPage\",\"@id\":\"https:\/\/www.missionslocalesnormandie.fr\/mission-locale-pays-caux-vallee-seine\/minformer\/\",\"url\":\"https:\/\/www.missionslocalesnormandie.fr\/mission-locale-pays-caux-vallee-seine\/minformer\/\",\"name\":\"S'inscrire \u00e0 la Mission Locale - MISSION LOCALE PAYS DE CAUX - VALLEE DE SEINE\",\"isPartOf\":{\"@id\":\"https:\/\/www.missionslocalesnormandie.fr\/mission-locale-pays-caux-vallee-seine\/#website\"},\"datePublished\":\"2023-12-14T14:36:07+00:00\",\"dateModified\":\"2024-05-28T13:22:27+00:00\",\"breadcrumb\":{\"@id\":\"https:\/\/www.missionslocalesnormandie.fr\/mission-locale-pays-caux-vallee-seine\/minformer\/#breadcrumb\"},\"inLanguage\":\"fr-FR\",\"potentialAction\":[{\"@type\":\"ReadAction\",\"target\":[\"https:\/\/www.missionslocalesnormandie.fr\/mission-locale-pays-caux-vallee-seine\/minformer\/\"]}]},{\"@type\":\"BreadcrumbList\",\"@id\":\"https:\/\/www.missionslocalesnormandie.fr\/mission-locale-pays-caux-vallee-seine\/minformer\/#breadcrumb\",\"itemListElement\":[{\"@type\":\"ListItem\",\"position\":1,\"name\":\"Home\",\"item\":\"https:\/\/www.missionslocalesnormandie.fr\/mission-locale-pays-caux-vallee-seine\/\"},{\"@type\":\"ListItem\",\"position\":2,\"name\":\"S&rsquo;inscrire \u00e0 la Mission Locale\"}]},{\"@type\":\"WebSite\",\"@id\":\"https:\/\/www.missionslocalesnormandie.fr\/mission-locale-pays-caux-vallee-seine\/#website\",\"url\":\"https:\/\/www.missionslocalesnormandie.fr\/mission-locale-pays-caux-vallee-seine\/\",\"name\":\"MISSION LOCALE PAYS DE CAUX - VALLEE DE SEINE\",\"description\":\"\",\"potentialAction\":[{\"@type\":\"SearchAction\",\"target\":{\"@type\":\"EntryPoint\",\"urlTemplate\":\"https:\/\/www.missionslocalesnormandie.fr\/mission-locale-pays-caux-vallee-seine\/?s={search_term_string}\"},\"query-input\":\"required name=search_term_string\"}],\"inLanguage\":\"fr-FR\"}]}<\/script>\n<!-- \/ Yoast SEO plugin. -->","yoast_head_json":{"title":"S'inscrire \u00e0 la Mission Locale - MISSION LOCALE PAYS DE CAUX - VALLEE DE SEINE","robots":{"index":"index","follow":"follow","max-snippet":"max-snippet:-1","max-image-preview":"max-image-preview:large","max-video-preview":"max-video-preview:-1"},"canonical":"https:\/\/www.missionslocalesnormandie.fr\/mission-locale-pays-caux-vallee-seine\/minformer\/","og_locale":"fr_FR","og_type":"article","og_title":"S'inscrire \u00e0 la Mission Locale - MISSION LOCALE PAYS DE CAUX - VALLEE DE SEINE","og_description":"Tu habites sur le territoire Caux Vall\u00e9e de Seine ou Campagne de Caux ? Tu as plus de 16 ans et moins de 26 ans ?\u00a0 Tu souhaites \u00eatre accompagn\u00e9 dans tes d\u00e9marches et ton projet professionnel par la Mission Locale ? Pour t&#8217;inscrire rien de plus simple !\u00a0 \u00c9tape 1 Contacte la Mission Locale [&hellip;]","og_url":"https:\/\/www.missionslocalesnormandie.fr\/mission-locale-pays-caux-vallee-seine\/minformer\/","og_site_name":"MISSION LOCALE PAYS DE CAUX - VALLEE DE SEINE","article_modified_time":"2024-05-28T13:22:27+00:00","twitter_card":"summary_large_image","twitter_misc":{"Dur\u00e9e de lecture estim\u00e9e":"1 minute"},"schema":{"@context":"https:\/\/schema.org","@graph":[{"@type":"WebPage","@id":"https:\/\/www.missionslocalesnormandie.fr\/mission-locale-pays-caux-vallee-seine\/minformer\/","url":"https:\/\/www.missionslocalesnormandie.fr\/mission-locale-pays-caux-vallee-seine\/minformer\/","name":"S'inscrire \u00e0 la Mission Locale - MISSION LOCALE PAYS DE CAUX - VALLEE DE SEINE","isPartOf":{"@id":"https:\/\/www.missionslocalesnormandie.fr\/mission-locale-pays-caux-vallee-seine\/#website"},"datePublished":"2023-12-14T14:36:07+00:00","dateModified":"2024-05-28T13:22:27+00:00","breadcrumb":{"@id":"https:\/\/www.missionslocalesnormandie.fr\/mission-locale-pays-caux-vallee-seine\/minformer\/#breadcrumb"},"inLanguage":"fr-FR","potentialAction":[{"@type":"ReadAction","target":["https:\/\/www.missionslocalesnormandie.fr\/mission-locale-pays-caux-vallee-seine\/minformer\/"]}]},{"@type":"BreadcrumbList","@id":"https:\/\/www.missionslocalesnormandie.fr\/mission-locale-pays-caux-vallee-seine\/minformer\/#breadcrumb","itemListElement":[{"@type":"ListItem","position":1,"name":"Home","item":"https:\/\/www.missionslocalesnormandie.fr\/mission-locale-pays-caux-vallee-seine\/"},{"@type":"ListItem","position":2,"name":"S&rsquo;inscrire \u00e0 la Mission Locale"}]},{"@type":"WebSite","@id":"https:\/\/www.missionslocalesnormandie.fr\/mission-locale-pays-caux-vallee-seine\/#website","url":"https:\/\/www.missionslocalesnormandie.fr\/mission-locale-pays-caux-vallee-seine\/","name":"MISSION LOCALE PAYS DE CAUX - VALLEE DE SEINE","description":"","potentialAction":[{"@type":"SearchAction","target":{"@type":"EntryPoint","urlTemplate":"https:\/\/www.missionslocalesnormandie.fr\/mission-locale-pays-caux-vallee-seine\/?s={search_term_string}"},"query-input":"required name=search_term_string"}],"inLanguage":"fr-FR"}]}},"_links":{"self":[{"href":"https:\/\/www.missionslocalesnormandie.fr\/mission-locale-pays-caux-vallee-seine\/wp-json\/wp\/v2\/pages\/151"}],"collection":[{"href":"https:\/\/www.missionslocalesnormandie.fr\/mission-locale-pays-caux-vallee-seine\/wp-json\/wp\/v2\/pages"}],"about":[{"href":"https:\/\/www.missionslocalesnormandie.fr\/mission-locale-pays-caux-vallee-seine\/wp-json\/wp\/v2\/types\/page"}],"author":[{"embeddable":true,"href":"https:\/\/www.missionslocalesnormandie.fr\/mission-locale-pays-caux-vallee-seine\/wp-json\/wp\/v2\/users\/1"}],"replies":[{"embeddable":true,"href":"https:\/\/www.missionslocalesnormandie.fr\/mission-locale-pays-caux-vallee-seine\/wp-json\/wp\/v2\/comments?post=151"}],"version-history":[{"count":43,"href":"https:\/\/www.missionslocalesnormandie.fr\/mission-locale-pays-caux-vallee-seine\/wp-json\/wp\/v2\/pages\/151\/revisions"}],"predecessor-version":[{"id":1586,"href":"https:\/\/www.missionslocalesnormandie.fr\/mission-locale-pays-caux-vallee-seine\/wp-json\/wp\/v2\/pages\/151\/revisions\/1586"}],"wp:attachment":[{"href":"https:\/\/www.missionslocalesnormandie.fr\/mission-locale-pays-caux-vallee-seine\/wp-json\/wp\/v2\/media?parent=151"}],"curies":[{"name":"wp","href":"https:\/\/api.w.org\/{rel}","templated":true}]}}