{"id":1599,"date":"2024-05-29T11:26:02","date_gmt":"2024-05-29T09:26:02","guid":{"rendered":"https:\/\/www.missionslocalesnormandie.fr\/mission-locale-pays-caux-vallee-seine\/?page_id=1599"},"modified":"2024-06-03T16:45:30","modified_gmt":"2024-06-03T14:45:30","slug":"faq","status":"publish","type":"page","link":"https:\/\/www.missionslocalesnormandie.fr\/mission-locale-pays-caux-vallee-seine\/faq\/","title":{"rendered":"FAQ"},"content":{"rendered":"\t\t<div data-elementor-type=\"wp-page\" data-elementor-id=\"1599\" class=\"elementor elementor-1599\">\n\t\t\t\t<div class=\"elementor-element elementor-element-39411a7 e-flex e-con-boxed e-con e-parent\" data-id=\"39411a7\" data-element_type=\"container\">\n\t\t\t\t\t<div class=\"e-con-inner\">\n\t\t\t\t<div class=\"elementor-element elementor-element-0637c30 elementor-widget elementor-widget-block_titre\" data-id=\"0637c30\" data-element_type=\"widget\" data-widget_type=\"block_titre.default\">\n\t\t\t\t<div class=\"elementor-widget-container\">\n\t\t\t    <div class=\"container\">\n        <h2>\n            Jeunes\n        <\/h2>\n    <\/div>\n\t\t<\/div>\n\t\t\t\t<\/div>\n\t\t\t\t\t<\/div>\n\t\t\t\t<\/div>\n\t\t<div class=\"elementor-element elementor-element-e6cab65 e-flex e-con-boxed e-con e-parent\" data-id=\"e6cab65\" data-element_type=\"container\">\n\t\t\t\t\t<div class=\"e-con-inner\">\n\t\t\t\t<div class=\"elementor-element elementor-element-1f8cbcd elementor-widget elementor-widget-block_simple_texte\" data-id=\"1f8cbcd\" data-element_type=\"widget\" data-widget_type=\"block_simple_texte.default\">\n\t\t\t\t<div class=\"elementor-widget-container\">\n\t\t\t    <div class=\"container\">\n        <h4 class=\"et_pb_toggle_title\">Dois-je m\u2019inscrire \u00e0 France Travail avant de venir \u00e0 la Mission Locale ?<\/h4><p>Aucune inscription n\u2019est obligatoire avant de se pr\u00e9senter \u00e0 la Mission Locale. Malgr\u00e9 tout, cette inscription est importante car les missions et services propos\u00e9s par France Travail sont diff\u00e9rents et compl\u00e9mentaires des n\u00f4tres.<\/p>\n    <\/div>\n\t\t<\/div>\n\t\t\t\t<\/div>\n\t\t\t\t\t<\/div>\n\t\t\t\t<\/div>\n\t\t<div class=\"elementor-element elementor-element-55a1e80 e-flex e-con-boxed e-con e-parent\" data-id=\"55a1e80\" data-element_type=\"container\">\n\t\t\t\t\t<div class=\"e-con-inner\">\n\t\t\t\t<div class=\"elementor-element elementor-element-89578ca elementor-widget elementor-widget-block_simple_texte\" data-id=\"89578ca\" data-element_type=\"widget\" data-widget_type=\"block_simple_texte.default\">\n\t\t\t\t<div class=\"elementor-widget-container\">\n\t\t\t    <div class=\"container\">\n        <h4 class=\"et_pb_toggle_title\">Si je d\u00e9m\u00e9nage, suis-je oblig\u00e9(e) de changer de Mission Locale ?<\/h4><p>C\u2019est votre lieu d\u2019habitation qui d\u00e9termine votre Mission Locale. Si vous emm\u00e9nagez dans une des 72 communes du territoire de la Mission locale vous d\u00e9pendrez de l\u2019antenne \u00e0 laquelle la commune est rattach\u00e9e. Si vous d\u00e9m\u00e9nagez dans une commune autre que les 72 rattach\u00e9es \u00e0 la Mission Locale, vous d\u00e9pendrez alors d\u2019une autre Mission Locale.<\/p>\n    <\/div>\n\t\t<\/div>\n\t\t\t\t<\/div>\n\t\t\t\t\t<\/div>\n\t\t\t\t<\/div>\n\t\t<div class=\"elementor-element elementor-element-95461f0 e-flex e-con-boxed e-con e-parent\" data-id=\"95461f0\" data-element_type=\"container\">\n\t\t\t\t\t<div class=\"e-con-inner\">\n\t\t\t\t<div class=\"elementor-element elementor-element-f680522 elementor-widget elementor-widget-block_simple_texte\" data-id=\"f680522\" data-element_type=\"widget\" data-widget_type=\"block_simple_texte.default\">\n\t\t\t\t<div class=\"elementor-widget-container\">\n\t\t\t    <div class=\"container\">\n        <h4>Les Services de la Mission Locale sont-ils payants ?<\/h4><p><strong>Non<\/strong>, tous nos services sont enti\u00e8rement gratuits<\/p>\n    <\/div>\n\t\t<\/div>\n\t\t\t\t<\/div>\n\t\t\t\t\t<\/div>\n\t\t\t\t<\/div>\n\t\t<div class=\"elementor-element elementor-element-90981eb e-flex e-con-boxed e-con e-parent\" data-id=\"90981eb\" data-element_type=\"container\">\n\t\t\t\t\t<div class=\"e-con-inner\">\n\t\t\t\t<div class=\"elementor-element elementor-element-97c9289 elementor-widget elementor-widget-block_simple_texte\" data-id=\"97c9289\" data-element_type=\"widget\" data-widget_type=\"block_simple_texte.default\">\n\t\t\t\t<div class=\"elementor-widget-container\">\n\t\t\t    <div class=\"container\">\n        <h4>Je n'ai pas la nationalit\u00e9 fran\u00e7aise, puis-je m'inscrire \u00e0 la Mission Locale ?<\/h4><p>Oui, la Mission Locale s\u2019adresse aux jeunes de toutes nationalit\u00e9s (U.E et Hors U.E). Cependant l'inscription n\u00e9cessite une pi\u00e8ce d'identit\u00e9 en cours de validit\u00e9 ou un titre de s\u00e9jour en cours de validit\u00e9 pour les \u00e9trangers majeurs.<\/p>\n    <\/div>\n\t\t<\/div>\n\t\t\t\t<\/div>\n\t\t\t\t\t<\/div>\n\t\t\t\t<\/div>\n\t\t<div class=\"elementor-element elementor-element-795c368 e-flex e-con-boxed e-con e-parent\" data-id=\"795c368\" data-element_type=\"container\">\n\t\t\t\t\t<div class=\"e-con-inner\">\n\t\t\t\t<div class=\"elementor-element elementor-element-eb6d127 elementor-widget elementor-widget-block_simple_texte\" data-id=\"eb6d127\" data-element_type=\"widget\" data-widget_type=\"block_simple_texte.default\">\n\t\t\t\t<div class=\"elementor-widget-container\">\n\t\t\t    <div class=\"container\">\n        <h4>Je suis salari\u00e9.e, puis-je b\u00e9n\u00e9ficier des services de la Mission Locale ?\u00a0<\/h4><p>Oui , notamment pour \u00eatre accompagn\u00e9 dans votre recherche d'emploi pour compl\u00e9ter un emploi \u00e0 temps partiel, pour \u00eatre accompagn\u00e9 dans une reconversion professionnelle, ou pour des besoins li\u00e9s au logement, \u00e0 la sant\u00e9...<\/p>\n    <\/div>\n\t\t<\/div>\n\t\t\t\t<\/div>\n\t\t\t\t\t<\/div>\n\t\t\t\t<\/div>\n\t\t<div class=\"elementor-element elementor-element-0b65db1 e-flex e-con-boxed e-con e-parent\" data-id=\"0b65db1\" data-element_type=\"container\">\n\t\t\t\t\t<div class=\"e-con-inner\">\n\t\t\t\t<div class=\"elementor-element elementor-element-5f45989 elementor-widget elementor-widget-block_simple_texte\" data-id=\"5f45989\" data-element_type=\"widget\" data-widget_type=\"block_simple_texte.default\">\n\t\t\t\t<div class=\"elementor-widget-container\">\n\t\t\t    <div class=\"container\">\n        <h4>J'ai une RQTH* ou je souhaite faire une demande de RQTH*, la Mission Locale peut-elle m'accompagner ?\u00a0<\/h4><p>Oui, La Mission Locale accompagne les jeunes en situation de handicap. Il suffit de contacter notre r\u00e9f\u00e9rent Handicap : <strong>Samuel LEROUX<\/strong> au\u00a0 02 35 38 19 89<\/p><p>*RQTH = Reconnaissance de la Qualit\u00e9 de Travailleur Handicap\u00e9<\/p>\n    <\/div>\n\t\t<\/div>\n\t\t\t\t<\/div>\n\t\t\t\t\t<\/div>\n\t\t\t\t<\/div>\n\t\t<div class=\"elementor-element elementor-element-4cd62e6 e-flex e-con-boxed e-con e-parent\" data-id=\"4cd62e6\" data-element_type=\"container\">\n\t\t\t\t\t<div class=\"e-con-inner\">\n\t\t\t\t<div class=\"elementor-element elementor-element-5c028eb elementor-widget elementor-widget-block_simple_texte\" data-id=\"5c028eb\" data-element_type=\"widget\" data-widget_type=\"block_simple_texte.default\">\n\t\t\t\t<div class=\"elementor-widget-container\">\n\t\t\t    <div class=\"container\">\n        <h4>Je suis victime de discrimination, la Mission Locale peut-elle m'aider ?\u00a0<\/h4><p>Oui, si tu as \u00e9t\u00e9 victime \u00a0\u00e0 cause de ton origine, de ton sexe, de ton orientation sexuelle, de ton handicap ou d\u2019un <a href=\"https:\/\/www.defenseurdesdroits.fr\/fr\/institution\/competences\/lutte-contre-discriminations\" target=\"_blank\" rel=\"noopener noreferrer\">autre crit\u00e8re<\/a> dans le cadre de ton travail, pour trouver un logement, acc\u00e9der \u00e0 un loisir ou un commerce ? Notre r\u00e9f\u00e9rent discriminations\u00a0peut t'accompagner.\u00a0<\/p>\n    <\/div>\n\t\t<\/div>\n\t\t\t\t<\/div>\n\t\t\t\t\t<\/div>\n\t\t\t\t<\/div>\n\t\t<div class=\"elementor-element elementor-element-8c50f0f e-flex e-con-boxed e-con e-parent\" data-id=\"8c50f0f\" data-element_type=\"container\">\n\t\t\t\t\t<div class=\"e-con-inner\">\n\t\t<div class=\"elementor-element elementor-element-d4e4aa3 e-con-full e-flex e-con e-child\" data-id=\"d4e4aa3\" data-element_type=\"container\">\n\t\t\t\t<div class=\"elementor-element elementor-element-add5981 elementor-widget elementor-widget-block_simple_texte\" data-id=\"add5981\" data-element_type=\"widget\" data-widget_type=\"block_simple_texte.default\">\n\t\t\t\t<div class=\"elementor-widget-container\">\n\t\t\t    <div class=\"container\">\n        <p style=\"text-align: center\">Contact R\u00e9f\u00e9rent :<\/p><p>Olivier DURAND\u00a0<\/p><p><a href=\"mailto:o.durand@ml-lillebonnecauxseine.fr\">o.durand@ml-lillebonnecauxseine.fr<\/a><\/p><p>T\u00e9l : 02 35 38 19 89<\/p>\n    <\/div>\n\t\t<\/div>\n\t\t\t\t<\/div>\n\t\t\t\t<\/div>\n\t\t<div class=\"elementor-element elementor-element-3dab46c e-con-full e-flex e-con e-child\" data-id=\"3dab46c\" data-element_type=\"container\">\n\t\t\t\t<div class=\"elementor-element elementor-element-8f8cb5e elementor-widget elementor-widget-block_simple_texte\" data-id=\"8f8cb5e\" data-element_type=\"widget\" data-widget_type=\"block_simple_texte.default\">\n\t\t\t\t<div class=\"elementor-widget-container\">\n\t\t\t    <div class=\"container\">\n        <p style=\"text-align: center\">Plus d'information :\u00a0<\/p><p>D\u00e9fenseur des droits<\/p><p><a href=\"https:\/\/www.antidiscriminations.fr\/\">https:\/\/www.antidiscriminations.fr\/<\/a><\/p><p>T\u00e9l : 39 28<\/p>\n    <\/div>\n\t\t<\/div>\n\t\t\t\t<\/div>\n\t\t\t\t<\/div>\n\t\t\t\t\t<\/div>\n\t\t\t\t<\/div>\n\t\t<div class=\"elementor-element elementor-element-5a267b8 e-flex e-con-boxed e-con e-parent\" data-id=\"5a267b8\" data-element_type=\"container\">\n\t\t\t\t\t<div class=\"e-con-inner\">\n\t\t\t\t<div class=\"elementor-element elementor-element-dd2c2b6 elementor-widget elementor-widget-block_simple_texte\" data-id=\"dd2c2b6\" data-element_type=\"widget\" data-widget_type=\"block_simple_texte.default\">\n\t\t\t\t<div class=\"elementor-widget-container\">\n\t\t\t    <div class=\"container\">\n        <h4>Je rencontre un probl\u00e8me avec mon employeur, la Mission Locale peut-elle intervenir ?\u00a0<\/h4><p>Oui, le <strong>Service Emploi<\/strong> de la Mission Locale peut t'aider en cas de contrat de travail non conforme, d'absence de fiches de paye, de probl\u00e8mes de versement de salaires, de conflit au travail, d'harc\u00e8lement ...<\/p>\n    <\/div>\n\t\t<\/div>\n\t\t\t\t<\/div>\n\t\t\t\t\t<\/div>\n\t\t\t\t<\/div>\n\t\t<div class=\"elementor-element elementor-element-b25c1f9 e-flex e-con-boxed e-con e-parent\" data-id=\"b25c1f9\" data-element_type=\"container\">\n\t\t\t\t\t<div class=\"e-con-inner\">\n\t\t<div class=\"elementor-element elementor-element-69e3534 e-con-full e-flex e-con e-child\" data-id=\"69e3534\" data-element_type=\"container\">\n\t\t\t\t<div class=\"elementor-element elementor-element-99e546b elementor-widget elementor-widget-block_simple_texte\" data-id=\"99e546b\" data-element_type=\"widget\" data-widget_type=\"block_simple_texte.default\">\n\t\t\t\t<div class=\"elementor-widget-container\">\n\t\t\t    <div class=\"container\">\n        <p style=\"text-align: center\">Contact Service Emploi :<\/p><p><a href=\"mailto:serviceemploi@ml-lillebonnecauxseine.fr\">serviceemploi@ml-lillebonnecauxseine.fr<\/a><\/p><p>T\u00e9l : 02 35 38 19 89<\/p>\n    <\/div>\n\t\t<\/div>\n\t\t\t\t<\/div>\n\t\t\t\t<\/div>\n\t\t<div class=\"elementor-element elementor-element-37937bd e-con-full e-flex e-con e-child\" data-id=\"37937bd\" data-element_type=\"container\">\n\t\t\t\t<div class=\"elementor-element elementor-element-f7e6dbc elementor-widget elementor-widget-block_simple_texte\" data-id=\"f7e6dbc\" data-element_type=\"widget\" data-widget_type=\"block_simple_texte.default\">\n\t\t\t\t<div class=\"elementor-widget-container\">\n\t\t\t    <div class=\"container\">\n        <p style=\"text-align: center\">Point d'acc\u00e8s aux droits :\u00a0<\/p><p>5 rue Victor Deschamps - 76210\u00a0 Bolbec<\/p><p>T\u00e9l\u00a0 : 02 35 39 39 75<\/p><p>Il est imp\u00e9ratif de prendre rendez-vous pour rencontrer un partenaire du PAD.<\/p>\n    <\/div>\n\t\t<\/div>\n\t\t\t\t<\/div>\n\t\t\t\t<\/div>\n\t\t\t\t\t<\/div>\n\t\t\t\t<\/div>\n\t\t\t\t<\/div>\n\t\t","protected":false},"excerpt":{"rendered":"<p>Jeunes Dois-je m\u2019inscrire \u00e0 France Travail avant de venir \u00e0 la Mission Locale ? Aucune inscription n\u2019est obligatoire avant de se pr\u00e9senter \u00e0 la Mission Locale. Malgr\u00e9 tout, cette inscription est importante car les missions et services propos\u00e9s par France Travail sont diff\u00e9rents et compl\u00e9mentaires des n\u00f4tres. Si je d\u00e9m\u00e9nage, suis-je oblig\u00e9(e) de changer de [&hellip;]<\/p>\n","protected":false},"author":11,"featured_media":0,"parent":0,"menu_order":0,"comment_status":"closed","ping_status":"closed","template":"","meta":{"_acf_changed":false,"_crosspost_to_1":false,"_crosspost_to_2":false,"_crosspost_to_3":false,"_crosspost_to_4":false,"_crosspost_to_5":false,"_crosspost_to_6":false,"_crosspost_to_7":false,"_crosspost_to_8":false,"_crosspost_to_12":false,"_crosspost_to_13":false,"_crosspost_to_14":false,"_crosspost_to_15":false,"_crosspost_to_16":false,"inline_featured_image":false,"footnotes":""},"acf":[],"yoast_head":"<!-- This site is optimized with the Yoast SEO plugin v21.9.1 - https:\/\/yoast.com\/wordpress\/plugins\/seo\/ -->\n<title>FAQ - MISSION LOCALE PAYS DE CAUX - VALLEE DE SEINE<\/title>\n<meta name=\"robots\" content=\"index, follow, max-snippet:-1, max-image-preview:large, max-video-preview:-1\" \/>\n<link rel=\"canonical\" href=\"https:\/\/www.missionslocalesnormandie.fr\/mission-locale-pays-caux-vallee-seine\/faq\/\" \/>\n<meta property=\"og:locale\" content=\"fr_FR\" \/>\n<meta property=\"og:type\" content=\"article\" \/>\n<meta property=\"og:title\" content=\"FAQ - MISSION LOCALE PAYS DE CAUX - VALLEE DE SEINE\" \/>\n<meta property=\"og:description\" content=\"Jeunes Dois-je m\u2019inscrire \u00e0 France Travail avant de venir \u00e0 la Mission Locale ? Aucune inscription n\u2019est obligatoire avant de se pr\u00e9senter \u00e0 la Mission Locale. Malgr\u00e9 tout, cette inscription est importante car les missions et services propos\u00e9s par France Travail sont diff\u00e9rents et compl\u00e9mentaires des n\u00f4tres. Si je d\u00e9m\u00e9nage, suis-je oblig\u00e9(e) de changer de [&hellip;]\" \/>\n<meta property=\"og:url\" content=\"https:\/\/www.missionslocalesnormandie.fr\/mission-locale-pays-caux-vallee-seine\/faq\/\" \/>\n<meta property=\"og:site_name\" content=\"MISSION LOCALE PAYS DE CAUX - VALLEE DE SEINE\" \/>\n<meta property=\"article:modified_time\" content=\"2024-06-03T14:45:30+00:00\" \/>\n<meta name=\"twitter:card\" content=\"summary_large_image\" \/>\n<meta name=\"twitter:label1\" content=\"Dur\u00e9e de lecture estim\u00e9e\" \/>\n\t<meta name=\"twitter:data1\" content=\"3 minutes\" \/>\n<script type=\"application\/ld+json\" class=\"yoast-schema-graph\">{\"@context\":\"https:\/\/schema.org\",\"@graph\":[{\"@type\":\"WebPage\",\"@id\":\"https:\/\/www.missionslocalesnormandie.fr\/mission-locale-pays-caux-vallee-seine\/faq\/\",\"url\":\"https:\/\/www.missionslocalesnormandie.fr\/mission-locale-pays-caux-vallee-seine\/faq\/\",\"name\":\"FAQ - MISSION LOCALE PAYS DE CAUX - VALLEE DE SEINE\",\"isPartOf\":{\"@id\":\"https:\/\/www.missionslocalesnormandie.fr\/mission-locale-pays-caux-vallee-seine\/#website\"},\"datePublished\":\"2024-05-29T09:26:02+00:00\",\"dateModified\":\"2024-06-03T14:45:30+00:00\",\"breadcrumb\":{\"@id\":\"https:\/\/www.missionslocalesnormandie.fr\/mission-locale-pays-caux-vallee-seine\/faq\/#breadcrumb\"},\"inLanguage\":\"fr-FR\",\"potentialAction\":[{\"@type\":\"ReadAction\",\"target\":[\"https:\/\/www.missionslocalesnormandie.fr\/mission-locale-pays-caux-vallee-seine\/faq\/\"]}]},{\"@type\":\"BreadcrumbList\",\"@id\":\"https:\/\/www.missionslocalesnormandie.fr\/mission-locale-pays-caux-vallee-seine\/faq\/#breadcrumb\",\"itemListElement\":[{\"@type\":\"ListItem\",\"position\":1,\"name\":\"Home\",\"item\":\"https:\/\/www.missionslocalesnormandie.fr\/mission-locale-pays-caux-vallee-seine\/\"},{\"@type\":\"ListItem\",\"position\":2,\"name\":\"FAQ\"}]},{\"@type\":\"WebSite\",\"@id\":\"https:\/\/www.missionslocalesnormandie.fr\/mission-locale-pays-caux-vallee-seine\/#website\",\"url\":\"https:\/\/www.missionslocalesnormandie.fr\/mission-locale-pays-caux-vallee-seine\/\",\"name\":\"MISSION LOCALE PAYS DE CAUX - VALLEE DE SEINE\",\"description\":\"\",\"potentialAction\":[{\"@type\":\"SearchAction\",\"target\":{\"@type\":\"EntryPoint\",\"urlTemplate\":\"https:\/\/www.missionslocalesnormandie.fr\/mission-locale-pays-caux-vallee-seine\/?s={search_term_string}\"},\"query-input\":\"required name=search_term_string\"}],\"inLanguage\":\"fr-FR\"}]}<\/script>\n<!-- \/ Yoast SEO plugin. -->","yoast_head_json":{"title":"FAQ - MISSION LOCALE PAYS DE CAUX - VALLEE DE SEINE","robots":{"index":"index","follow":"follow","max-snippet":"max-snippet:-1","max-image-preview":"max-image-preview:large","max-video-preview":"max-video-preview:-1"},"canonical":"https:\/\/www.missionslocalesnormandie.fr\/mission-locale-pays-caux-vallee-seine\/faq\/","og_locale":"fr_FR","og_type":"article","og_title":"FAQ - MISSION LOCALE PAYS DE CAUX - VALLEE DE SEINE","og_description":"Jeunes Dois-je m\u2019inscrire \u00e0 France Travail avant de venir \u00e0 la Mission Locale ? Aucune inscription n\u2019est obligatoire avant de se pr\u00e9senter \u00e0 la Mission Locale. Malgr\u00e9 tout, cette inscription est importante car les missions et services propos\u00e9s par France Travail sont diff\u00e9rents et compl\u00e9mentaires des n\u00f4tres. Si je d\u00e9m\u00e9nage, suis-je oblig\u00e9(e) de changer de [&hellip;]","og_url":"https:\/\/www.missionslocalesnormandie.fr\/mission-locale-pays-caux-vallee-seine\/faq\/","og_site_name":"MISSION LOCALE PAYS DE CAUX - VALLEE DE SEINE","article_modified_time":"2024-06-03T14:45:30+00:00","twitter_card":"summary_large_image","twitter_misc":{"Dur\u00e9e de lecture estim\u00e9e":"3 minutes"},"schema":{"@context":"https:\/\/schema.org","@graph":[{"@type":"WebPage","@id":"https:\/\/www.missionslocalesnormandie.fr\/mission-locale-pays-caux-vallee-seine\/faq\/","url":"https:\/\/www.missionslocalesnormandie.fr\/mission-locale-pays-caux-vallee-seine\/faq\/","name":"FAQ - MISSION LOCALE PAYS DE CAUX - VALLEE DE SEINE","isPartOf":{"@id":"https:\/\/www.missionslocalesnormandie.fr\/mission-locale-pays-caux-vallee-seine\/#website"},"datePublished":"2024-05-29T09:26:02+00:00","dateModified":"2024-06-03T14:45:30+00:00","breadcrumb":{"@id":"https:\/\/www.missionslocalesnormandie.fr\/mission-locale-pays-caux-vallee-seine\/faq\/#breadcrumb"},"inLanguage":"fr-FR","potentialAction":[{"@type":"ReadAction","target":["https:\/\/www.missionslocalesnormandie.fr\/mission-locale-pays-caux-vallee-seine\/faq\/"]}]},{"@type":"BreadcrumbList","@id":"https:\/\/www.missionslocalesnormandie.fr\/mission-locale-pays-caux-vallee-seine\/faq\/#breadcrumb","itemListElement":[{"@type":"ListItem","position":1,"name":"Home","item":"https:\/\/www.missionslocalesnormandie.fr\/mission-locale-pays-caux-vallee-seine\/"},{"@type":"ListItem","position":2,"name":"FAQ"}]},{"@type":"WebSite","@id":"https:\/\/www.missionslocalesnormandie.fr\/mission-locale-pays-caux-vallee-seine\/#website","url":"https:\/\/www.missionslocalesnormandie.fr\/mission-locale-pays-caux-vallee-seine\/","name":"MISSION LOCALE PAYS DE CAUX - VALLEE DE SEINE","description":"","potentialAction":[{"@type":"SearchAction","target":{"@type":"EntryPoint","urlTemplate":"https:\/\/www.missionslocalesnormandie.fr\/mission-locale-pays-caux-vallee-seine\/?s={search_term_string}"},"query-input":"required name=search_term_string"}],"inLanguage":"fr-FR"}]}},"_links":{"self":[{"href":"https:\/\/www.missionslocalesnormandie.fr\/mission-locale-pays-caux-vallee-seine\/wp-json\/wp\/v2\/pages\/1599"}],"collection":[{"href":"https:\/\/www.missionslocalesnormandie.fr\/mission-locale-pays-caux-vallee-seine\/wp-json\/wp\/v2\/pages"}],"about":[{"href":"https:\/\/www.missionslocalesnormandie.fr\/mission-locale-pays-caux-vallee-seine\/wp-json\/wp\/v2\/types\/page"}],"author":[{"embeddable":true,"href":"https:\/\/www.missionslocalesnormandie.fr\/mission-locale-pays-caux-vallee-seine\/wp-json\/wp\/v2\/users\/11"}],"replies":[{"embeddable":true,"href":"https:\/\/www.missionslocalesnormandie.fr\/mission-locale-pays-caux-vallee-seine\/wp-json\/wp\/v2\/comments?post=1599"}],"version-history":[{"count":67,"href":"https:\/\/www.missionslocalesnormandie.fr\/mission-locale-pays-caux-vallee-seine\/wp-json\/wp\/v2\/pages\/1599\/revisions"}],"predecessor-version":[{"id":1686,"href":"https:\/\/www.missionslocalesnormandie.fr\/mission-locale-pays-caux-vallee-seine\/wp-json\/wp\/v2\/pages\/1599\/revisions\/1686"}],"wp:attachment":[{"href":"https:\/\/www.missionslocalesnormandie.fr\/mission-locale-pays-caux-vallee-seine\/wp-json\/wp\/v2\/media?parent=1599"}],"curies":[{"name":"wp","href":"https:\/\/api.w.org\/{rel}","templated":true}]}}