{"id":167,"date":"2023-12-14T15:37:45","date_gmt":"2023-12-14T14:37:45","guid":{"rendered":"https:\/\/www.missionslocalesnormandie.fr\/mission-locale-pays-caux-vallee-seine\/?page_id=167"},"modified":"2025-07-28T14:42:57","modified_gmt":"2025-07-28T12:42:57","slug":"travailler","status":"publish","type":"page","link":"https:\/\/www.missionslocalesnormandie.fr\/mission-locale-pays-caux-vallee-seine\/travailler\/","title":{"rendered":"Emploi"},"content":{"rendered":"\t\t<div data-elementor-type=\"wp-page\" data-elementor-id=\"167\" class=\"elementor elementor-167\">\n\t\t\t\t<div class=\"elementor-element elementor-element-ee66f67 e-flex e-con-boxed e-con e-parent\" data-id=\"ee66f67\" data-element_type=\"container\">\n\t\t\t\t\t<div class=\"e-con-inner\">\n\t\t\t\t<div class=\"elementor-element elementor-element-f78c44a elementor-widget elementor-widget-block_titre\" data-id=\"f78c44a\" data-element_type=\"widget\" data-widget_type=\"block_titre.default\">\n\t\t\t\t<div class=\"elementor-widget-container\">\n\t\t\t    <div class=\"container\">\n        <h2>\n            Le service emploi de la Mission Locale\n        <\/h2>\n    <\/div>\n\t\t<\/div>\n\t\t\t\t<\/div>\n\t\t\t\t\t<\/div>\n\t\t\t\t<\/div>\n\t\t<div class=\"elementor-element elementor-element-462f9ef e-flex e-con-boxed e-con e-parent\" data-id=\"462f9ef\" data-element_type=\"container\">\n\t\t\t\t\t<div class=\"e-con-inner\">\n\t\t<div class=\"elementor-element elementor-element-0e00200 e-con-full e-flex e-con e-child\" data-id=\"0e00200\" data-element_type=\"container\">\n\t\t\t\t<div class=\"elementor-element elementor-element-933a6cb elementor-widget elementor-widget-block_simple_texte\" data-id=\"933a6cb\" data-element_type=\"widget\" data-widget_type=\"block_simple_texte.default\">\n\t\t\t\t<div class=\"elementor-widget-container\">\n\t\t\t    <div class=\"container\">\n        <p style=\"text-align: center\"><span style=\"color: #33cccc;font-size: 14pt\"><b>Le Service Emploi de la Mission Locale<\/b><\/span><\/p><p><span style=\"font-size: 14pt\">Le Service Emploi accompagne le jeune lorsque son\u00a0<b>projet professionnel est valid\u00e9 afin de l\u2019aider \u00e0 trouver son futur emploi.<\/b><\/span><\/p><p><span style=\"font-size: 14pt\">Les offres que propose le Service Emploi sont vari\u00e9es :<\/span><\/p><ul><li><span style=\"font-size: 14pt\">Accueil et accompagnement dans un projet professionnel<\/span><\/li><li><span style=\"font-size: 14pt\">Accompagnement d\u2019un projet\u00a0<b>d\u2019alternance<\/b><\/span><\/li><li><span style=\"font-size: 14pt\">Aide \u00e0 la\u00a0<b>r\u00e9daction du CV<\/b>et de la\u00a0<b>lettre de motivation<\/b><\/span><\/li><li><span style=\"font-size: 14pt\">Pr\u00e9paration et\u00a0<b>simulation aux entretiens d\u2019embauche<\/b><\/span><\/li><li><span style=\"font-size: 14pt\">Information sur les\u00a0<b>entreprises du territoire<\/b><\/span><\/li><li><span style=\"font-size: 14pt\">Mise en relation avec les<strong>\u00a0recruteurs<\/strong>\u00a0et suivi dans l\u2019emploi : <strong>i<\/strong><b>nt\u00e9rim, CDD, CDI\u2026<\/b><\/span><\/li><li><span style=\"font-size: 14pt\">D\u00e9veloppement d\u2019un r\u00e9seau professionnel avec les dispositifs de\u00a0<b>parrainage<\/b><\/span><\/li><\/ul>\n    <\/div>\n\t\t<\/div>\n\t\t\t\t<\/div>\n\t\t\t\t<\/div>\n\t\t<div class=\"elementor-element elementor-element-6a63e24 e-con-full e-flex e-con e-child\" data-id=\"6a63e24\" data-element_type=\"container\">\n\t\t\t\t<\/div>\n\t\t\t\t\t<\/div>\n\t\t\t\t<\/div>\n\t\t<div class=\"elementor-element elementor-element-16e8055 e-flex e-con-boxed e-con e-parent\" data-id=\"16e8055\" data-element_type=\"container\">\n\t\t\t\t\t<div class=\"e-con-inner\">\n\t\t\t\t<div class=\"elementor-element elementor-element-08aacd5 elementor-widget elementor-widget-block_simple_texte\" data-id=\"08aacd5\" data-element_type=\"widget\" data-widget_type=\"block_simple_texte.default\">\n\t\t\t\t<div class=\"elementor-widget-container\">\n\t\t\t    <div class=\"container\">\n        <p><span style=\"font-size: 14pt\">Lorsque tu es accompagn\u00e9.e par un conseiller du Service Emploi, celui-ci te proposera des ateliers de rencontres avec des partenaires, des entretiens de pr\u00e9-recrutement et des sessions de recrutement.<\/span><\/p><p><span style=\"font-size: 14pt\">Il y a aussi plusieurs permanences par semaine o\u00f9 un conseiller t'accueille pour r\u00e9pondre \u00e0 toutes tes questions concernant l\u2019emploi.<\/span><\/p><p><span style=\"font-size: 14pt\">En \u00e9tant suivi par un conseiller du Service Emploi, tu as \u00e9galement la possibilit\u00e9 de participer aux dispositifs Parrainage.<\/span><\/p><p><span style=\"font-size: 14pt\">Ces dispositifs permettent d\u2019\u00eatre accompagn\u00e9 par un professionnel dot\u00e9 de plusieurs ann\u00e9es d\u2019exp\u00e9rience pour t'aider \u00e0 r\u00e9aliser ton projet professionnel.<\/span><\/p><p>\u00a0<\/p>\n    <\/div>\n\t\t<\/div>\n\t\t\t\t<\/div>\n\t\t\t\t\t<\/div>\n\t\t\t\t<\/div>\n\t\t<div class=\"elementor-element elementor-element-684c5e8 e-flex e-con-boxed e-con e-parent\" data-id=\"684c5e8\" data-element_type=\"container\">\n\t\t\t\t\t<div class=\"e-con-inner\">\n\t\t\t\t<div class=\"elementor-element elementor-element-f96c33b elementor-widget elementor-widget-block_separateur\" data-id=\"f96c33b\" data-element_type=\"widget\" data-widget_type=\"block_separateur.default\">\n\t\t\t\t<div class=\"elementor-widget-container\">\n\t\t\t<div class=\"container\">\n    <hr\/>\n<\/div>\t\t<\/div>\n\t\t\t\t<\/div>\n\t\t\t\t\t<\/div>\n\t\t\t\t<\/div>\n\t\t<div class=\"elementor-element elementor-element-788aa1c e-flex e-con-boxed e-con e-parent\" data-id=\"788aa1c\" data-element_type=\"container\">\n\t\t\t\t\t<div class=\"e-con-inner\">\n\t\t\t\t<div class=\"elementor-element elementor-element-0a996dc elementor-widget elementor-widget-block_titre\" data-id=\"0a996dc\" data-element_type=\"widget\" data-widget_type=\"block_titre.default\">\n\t\t\t\t<div class=\"elementor-widget-container\">\n\t\t\t    <div class=\"container\">\n        <h2>\n            1 jeune 1 solution \n        <\/h2>\n    <\/div>\n\t\t<\/div>\n\t\t\t\t<\/div>\n\t\t\t\t\t<\/div>\n\t\t\t\t<\/div>\n\t\t<div class=\"elementor-element elementor-element-e1206d2 e-flex e-con-boxed e-con e-parent\" data-id=\"e1206d2\" data-element_type=\"container\">\n\t\t\t\t\t<div class=\"e-con-inner\">\n\t\t<div class=\"elementor-element elementor-element-9c27d89 e-con-full e-flex e-con e-child\" data-id=\"9c27d89\" data-element_type=\"container\">\n\t\t\t\t<div class=\"elementor-element elementor-element-cc48105 elementor-widget elementor-widget-block_simple_texte\" data-id=\"cc48105\" data-element_type=\"widget\" data-widget_type=\"block_simple_texte.default\">\n\t\t\t\t<div class=\"elementor-widget-container\">\n\t\t\t    <div class=\"container\">\n        <p><span style=\"font-size: 14pt\">Le plan 1 jeune 1 solution vise \u00e0 offrir une solution \u00e0 chaque jeune.<\/span><\/p><p><span style=\"font-size: 14pt\">Il mobilise un ensemble de leviers\u00a0: aides \u00e0 l\u2019embauche, formations, accompagnements, aides financi\u00e8res aux jeunes en difficult\u00e9, etc. afin de r\u00e9pondre \u00e0 toutes les situations.<\/span><\/p><p><span style=\"font-size: 14pt\">L\u2019objectif est de ne laisser personne sur le bord de la route.<\/span><\/p><p><span style=\"font-size: 14pt\">Plus d'info :\u00a0<\/span><\/p><p><span style=\"font-size: 14pt\"><a href=\"https:\/\/www.1jeune1solution.gouv.fr\/\">https:\/\/www.1jeune1solution.gouv.fr\/<\/a><\/span><\/p>\n    <\/div>\n\t\t<\/div>\n\t\t\t\t<\/div>\n\t\t\t\t<\/div>\n\t\t<div class=\"elementor-element elementor-element-7f07420 e-con-full e-flex e-con e-child\" data-id=\"7f07420\" data-element_type=\"container\">\n\t\t\t\t<div class=\"elementor-element elementor-element-dd501af elementor-widget elementor-widget-block_simple_embed\" data-id=\"dd501af\" data-element_type=\"widget\" data-widget_type=\"block_simple_embed.default\">\n\t\t\t\t<div class=\"elementor-widget-container\">\n\t\t\t<div class=\"container\">\n    <div class=\"embed-wrapper ratio ratio-16x9 my-4\">\n                <iframe src=\"https:\/\/www.youtube.com\/embed\/6kPRr5DjtKc\"\n                allowfullscreen><\/iframe>\n            <\/div>\n<\/div>\t\t<\/div>\n\t\t\t\t<\/div>\n\t\t\t\t<\/div>\n\t\t\t\t\t<\/div>\n\t\t\t\t<\/div>\n\t\t<div class=\"elementor-element elementor-element-f437ce6 e-flex e-con-boxed e-con e-parent\" data-id=\"f437ce6\" data-element_type=\"container\">\n\t\t\t\t\t<div class=\"e-con-inner\">\n\t\t\t\t<div class=\"elementor-element elementor-element-3287073 elementor-widget elementor-widget-block_separateur\" data-id=\"3287073\" data-element_type=\"widget\" data-widget_type=\"block_separateur.default\">\n\t\t\t\t<div class=\"elementor-widget-container\">\n\t\t\t<div class=\"container\">\n    <hr\/>\n<\/div>\t\t<\/div>\n\t\t\t\t<\/div>\n\t\t\t\t\t<\/div>\n\t\t\t\t<\/div>\n\t\t<div class=\"elementor-element elementor-element-5a99952 e-flex e-con-boxed e-con e-parent\" data-id=\"5a99952\" data-element_type=\"container\">\n\t\t\t\t\t<div class=\"e-con-inner\">\n\t\t\t\t<div class=\"elementor-element elementor-element-b3274d4 elementor-widget elementor-widget-block_separateur\" data-id=\"b3274d4\" data-element_type=\"widget\" data-widget_type=\"block_separateur.default\">\n\t\t\t\t<div class=\"elementor-widget-container\">\n\t\t\t<div class=\"container\">\n    <hr\/>\n<\/div>\t\t<\/div>\n\t\t\t\t<\/div>\n\t\t\t\t\t<\/div>\n\t\t\t\t<\/div>\n\t\t<div class=\"elementor-element elementor-element-5cef0ff e-flex e-con-boxed e-con e-parent\" data-id=\"5cef0ff\" data-element_type=\"container\">\n\t\t\t\t\t<div class=\"e-con-inner\">\n\t\t\t\t<div class=\"elementor-element elementor-element-8a52b26 elementor-widget elementor-widget-block_separateur\" data-id=\"8a52b26\" data-element_type=\"widget\" data-widget_type=\"block_separateur.default\">\n\t\t\t\t<div class=\"elementor-widget-container\">\n\t\t\t<div class=\"container\">\n    <hr\/>\n<\/div>\t\t<\/div>\n\t\t\t\t<\/div>\n\t\t\t\t\t<\/div>\n\t\t\t\t<\/div>\n\t\t\t\t<\/div>\n\t\t","protected":false},"excerpt":{"rendered":"<p>Le service emploi de la Mission Locale Le Service Emploi de la Mission Locale Le Service Emploi accompagne le jeune lorsque son\u00a0projet professionnel est valid\u00e9 afin de l\u2019aider \u00e0 trouver son futur emploi. Les offres que propose le Service Emploi sont vari\u00e9es : Accueil et accompagnement dans un projet professionnel Accompagnement d\u2019un projet\u00a0d\u2019alternance Aide \u00e0 [&hellip;]<\/p>\n","protected":false},"author":1,"featured_media":0,"parent":0,"menu_order":0,"comment_status":"closed","ping_status":"closed","template":"","meta":{"_acf_changed":false,"_crosspost_to_1":false,"_crosspost_to_2":false,"_crosspost_to_3":false,"_crosspost_to_4":false,"_crosspost_to_5":false,"_crosspost_to_6":false,"_crosspost_to_7":false,"_crosspost_to_8":false,"_crosspost_to_12":false,"_crosspost_to_13":false,"_crosspost_to_14":false,"_crosspost_to_15":false,"_crosspost_to_16":false,"inline_featured_image":false,"footnotes":""},"acf":[],"yoast_head":"<!-- This site is optimized with the Yoast SEO plugin v21.9.1 - https:\/\/yoast.com\/wordpress\/plugins\/seo\/ -->\n<title>Emploi - MISSION LOCALE PAYS DE CAUX - VALLEE DE SEINE<\/title>\n<meta name=\"robots\" content=\"index, follow, max-snippet:-1, max-image-preview:large, max-video-preview:-1\" \/>\n<link rel=\"canonical\" href=\"https:\/\/www.missionslocalesnormandie.fr\/mission-locale-pays-caux-vallee-seine\/travailler\/\" \/>\n<meta property=\"og:locale\" content=\"fr_FR\" \/>\n<meta property=\"og:type\" content=\"article\" \/>\n<meta property=\"og:title\" content=\"Emploi - MISSION LOCALE PAYS DE CAUX - VALLEE DE SEINE\" \/>\n<meta property=\"og:description\" content=\"Le service emploi de la Mission Locale Le Service Emploi de la Mission Locale Le Service Emploi accompagne le jeune lorsque son\u00a0projet professionnel est valid\u00e9 afin de l\u2019aider \u00e0 trouver son futur emploi. Les offres que propose le Service Emploi sont vari\u00e9es : Accueil et accompagnement dans un projet professionnel Accompagnement d\u2019un projet\u00a0d\u2019alternance Aide \u00e0 [&hellip;]\" \/>\n<meta property=\"og:url\" content=\"https:\/\/www.missionslocalesnormandie.fr\/mission-locale-pays-caux-vallee-seine\/travailler\/\" \/>\n<meta property=\"og:site_name\" content=\"MISSION LOCALE PAYS DE CAUX - VALLEE DE SEINE\" \/>\n<meta property=\"article:modified_time\" content=\"2025-07-28T12:42:57+00:00\" \/>\n<meta name=\"twitter:card\" content=\"summary_large_image\" \/>\n<meta name=\"twitter:label1\" content=\"Dur\u00e9e de lecture estim\u00e9e\" \/>\n\t<meta name=\"twitter:data1\" content=\"2 minutes\" \/>\n<script type=\"application\/ld+json\" class=\"yoast-schema-graph\">{\"@context\":\"https:\/\/schema.org\",\"@graph\":[{\"@type\":\"WebPage\",\"@id\":\"https:\/\/www.missionslocalesnormandie.fr\/mission-locale-pays-caux-vallee-seine\/travailler\/\",\"url\":\"https:\/\/www.missionslocalesnormandie.fr\/mission-locale-pays-caux-vallee-seine\/travailler\/\",\"name\":\"Emploi - MISSION LOCALE PAYS DE CAUX - VALLEE DE SEINE\",\"isPartOf\":{\"@id\":\"https:\/\/www.missionslocalesnormandie.fr\/mission-locale-pays-caux-vallee-seine\/#website\"},\"datePublished\":\"2023-12-14T14:37:45+00:00\",\"dateModified\":\"2025-07-28T12:42:57+00:00\",\"breadcrumb\":{\"@id\":\"https:\/\/www.missionslocalesnormandie.fr\/mission-locale-pays-caux-vallee-seine\/travailler\/#breadcrumb\"},\"inLanguage\":\"fr-FR\",\"potentialAction\":[{\"@type\":\"ReadAction\",\"target\":[\"https:\/\/www.missionslocalesnormandie.fr\/mission-locale-pays-caux-vallee-seine\/travailler\/\"]}]},{\"@type\":\"BreadcrumbList\",\"@id\":\"https:\/\/www.missionslocalesnormandie.fr\/mission-locale-pays-caux-vallee-seine\/travailler\/#breadcrumb\",\"itemListElement\":[{\"@type\":\"ListItem\",\"position\":1,\"name\":\"Home\",\"item\":\"https:\/\/www.missionslocalesnormandie.fr\/mission-locale-pays-caux-vallee-seine\/\"},{\"@type\":\"ListItem\",\"position\":2,\"name\":\"Emploi\"}]},{\"@type\":\"WebSite\",\"@id\":\"https:\/\/www.missionslocalesnormandie.fr\/mission-locale-pays-caux-vallee-seine\/#website\",\"url\":\"https:\/\/www.missionslocalesnormandie.fr\/mission-locale-pays-caux-vallee-seine\/\",\"name\":\"MISSION LOCALE PAYS DE CAUX - VALLEE DE SEINE\",\"description\":\"\",\"potentialAction\":[{\"@type\":\"SearchAction\",\"target\":{\"@type\":\"EntryPoint\",\"urlTemplate\":\"https:\/\/www.missionslocalesnormandie.fr\/mission-locale-pays-caux-vallee-seine\/?s={search_term_string}\"},\"query-input\":\"required name=search_term_string\"}],\"inLanguage\":\"fr-FR\"}]}<\/script>\n<!-- \/ Yoast SEO plugin. -->","yoast_head_json":{"title":"Emploi - MISSION LOCALE PAYS DE CAUX - VALLEE DE SEINE","robots":{"index":"index","follow":"follow","max-snippet":"max-snippet:-1","max-image-preview":"max-image-preview:large","max-video-preview":"max-video-preview:-1"},"canonical":"https:\/\/www.missionslocalesnormandie.fr\/mission-locale-pays-caux-vallee-seine\/travailler\/","og_locale":"fr_FR","og_type":"article","og_title":"Emploi - MISSION LOCALE PAYS DE CAUX - VALLEE DE SEINE","og_description":"Le service emploi de la Mission Locale Le Service Emploi de la Mission Locale Le Service Emploi accompagne le jeune lorsque son\u00a0projet professionnel est valid\u00e9 afin de l\u2019aider \u00e0 trouver son futur emploi. Les offres que propose le Service Emploi sont vari\u00e9es : Accueil et accompagnement dans un projet professionnel Accompagnement d\u2019un projet\u00a0d\u2019alternance Aide \u00e0 [&hellip;]","og_url":"https:\/\/www.missionslocalesnormandie.fr\/mission-locale-pays-caux-vallee-seine\/travailler\/","og_site_name":"MISSION LOCALE PAYS DE CAUX - VALLEE DE SEINE","article_modified_time":"2025-07-28T12:42:57+00:00","twitter_card":"summary_large_image","twitter_misc":{"Dur\u00e9e de lecture estim\u00e9e":"2 minutes"},"schema":{"@context":"https:\/\/schema.org","@graph":[{"@type":"WebPage","@id":"https:\/\/www.missionslocalesnormandie.fr\/mission-locale-pays-caux-vallee-seine\/travailler\/","url":"https:\/\/www.missionslocalesnormandie.fr\/mission-locale-pays-caux-vallee-seine\/travailler\/","name":"Emploi - MISSION LOCALE PAYS DE CAUX - VALLEE DE SEINE","isPartOf":{"@id":"https:\/\/www.missionslocalesnormandie.fr\/mission-locale-pays-caux-vallee-seine\/#website"},"datePublished":"2023-12-14T14:37:45+00:00","dateModified":"2025-07-28T12:42:57+00:00","breadcrumb":{"@id":"https:\/\/www.missionslocalesnormandie.fr\/mission-locale-pays-caux-vallee-seine\/travailler\/#breadcrumb"},"inLanguage":"fr-FR","potentialAction":[{"@type":"ReadAction","target":["https:\/\/www.missionslocalesnormandie.fr\/mission-locale-pays-caux-vallee-seine\/travailler\/"]}]},{"@type":"BreadcrumbList","@id":"https:\/\/www.missionslocalesnormandie.fr\/mission-locale-pays-caux-vallee-seine\/travailler\/#breadcrumb","itemListElement":[{"@type":"ListItem","position":1,"name":"Home","item":"https:\/\/www.missionslocalesnormandie.fr\/mission-locale-pays-caux-vallee-seine\/"},{"@type":"ListItem","position":2,"name":"Emploi"}]},{"@type":"WebSite","@id":"https:\/\/www.missionslocalesnormandie.fr\/mission-locale-pays-caux-vallee-seine\/#website","url":"https:\/\/www.missionslocalesnormandie.fr\/mission-locale-pays-caux-vallee-seine\/","name":"MISSION LOCALE PAYS DE CAUX - VALLEE DE SEINE","description":"","potentialAction":[{"@type":"SearchAction","target":{"@type":"EntryPoint","urlTemplate":"https:\/\/www.missionslocalesnormandie.fr\/mission-locale-pays-caux-vallee-seine\/?s={search_term_string}"},"query-input":"required name=search_term_string"}],"inLanguage":"fr-FR"}]}},"_links":{"self":[{"href":"https:\/\/www.missionslocalesnormandie.fr\/mission-locale-pays-caux-vallee-seine\/wp-json\/wp\/v2\/pages\/167"}],"collection":[{"href":"https:\/\/www.missionslocalesnormandie.fr\/mission-locale-pays-caux-vallee-seine\/wp-json\/wp\/v2\/pages"}],"about":[{"href":"https:\/\/www.missionslocalesnormandie.fr\/mission-locale-pays-caux-vallee-seine\/wp-json\/wp\/v2\/types\/page"}],"author":[{"embeddable":true,"href":"https:\/\/www.missionslocalesnormandie.fr\/mission-locale-pays-caux-vallee-seine\/wp-json\/wp\/v2\/users\/1"}],"replies":[{"embeddable":true,"href":"https:\/\/www.missionslocalesnormandie.fr\/mission-locale-pays-caux-vallee-seine\/wp-json\/wp\/v2\/comments?post=167"}],"version-history":[{"count":64,"href":"https:\/\/www.missionslocalesnormandie.fr\/mission-locale-pays-caux-vallee-seine\/wp-json\/wp\/v2\/pages\/167\/revisions"}],"predecessor-version":[{"id":2038,"href":"https:\/\/www.missionslocalesnormandie.fr\/mission-locale-pays-caux-vallee-seine\/wp-json\/wp\/v2\/pages\/167\/revisions\/2038"}],"wp:attachment":[{"href":"https:\/\/www.missionslocalesnormandie.fr\/mission-locale-pays-caux-vallee-seine\/wp-json\/wp\/v2\/media?parent=167"}],"curies":[{"name":"wp","href":"https:\/\/api.w.org\/{rel}","templated":true}]}}