{"id":2031,"date":"2025-07-28T14:34:40","date_gmt":"2025-07-28T12:34:40","guid":{"rendered":"https:\/\/www.missionslocalesnormandie.fr\/mission-locale-pays-caux-vallee-seine\/?page_id=2031"},"modified":"2025-07-28T14:50:27","modified_gmt":"2025-07-28T12:50:27","slug":"les-projets-fse","status":"publish","type":"page","link":"https:\/\/www.missionslocalesnormandie.fr\/mission-locale-pays-caux-vallee-seine\/les-projets-fse\/","title":{"rendered":"Les projets FSE"},"content":{"rendered":"\t\t<div data-elementor-type=\"wp-page\" data-elementor-id=\"2031\" class=\"elementor elementor-2031\">\n\t\t\t\t<div class=\"elementor-element elementor-element-635086f e-flex e-con-boxed e-con e-parent\" data-id=\"635086f\" data-element_type=\"container\">\n\t\t\t\t\t<div class=\"e-con-inner\">\n\t\t\t\t<div class=\"elementor-element elementor-element-7bea063 elementor-widget elementor-widget-block_titre\" data-id=\"7bea063\" data-element_type=\"widget\" data-widget_type=\"block_titre.default\">\n\t\t\t\t<div class=\"elementor-widget-container\">\n\t\t\t    <div class=\"container\">\n        <h2>\n            \"VERT EMPLOI\" : La Mission Locale s'engage pour la transition \u00e9nerg\u00e9tique et \u00e9cologique\n        <\/h2>\n    <\/div>\n\t\t<\/div>\n\t\t\t\t<\/div>\n\t\t\t\t\t<\/div>\n\t\t\t\t<\/div>\n\t\t<div class=\"elementor-element elementor-element-aa0235a e-flex e-con-boxed e-con e-parent\" data-id=\"aa0235a\" data-element_type=\"container\">\n\t\t\t\t\t<div class=\"e-con-inner\">\n\t\t<div class=\"elementor-element elementor-element-edb06b6 e-con-full e-flex e-con e-child\" data-id=\"edb06b6\" data-element_type=\"container\">\n\t\t\t\t<div class=\"elementor-element elementor-element-f872356 elementor-widget elementor-widget-block_simple_texte\" data-id=\"f872356\" data-element_type=\"widget\" data-widget_type=\"block_simple_texte.default\">\n\t\t\t\t<div class=\"elementor-widget-container\">\n\t\t\t    <div class=\"container\">\n        <p class=\"v1MsoNormal\" style=\"text-align: justify\"><span style=\"font-size: 14pt\">Tu souhaites d\u00e9couvrir ou te diriger vers des m\u00e9tiers des secteurs de la diversification. Nous te proposons un accompagnement en individuel et en collectif qui te permettra :<b> <\/b><\/span><\/p><ul><li style=\"text-align: justify\"><span style=\"font-size: 14pt\"><b>D'affiner tes choix de m\u00e9tiers<\/b> <b>dans le domaine des m\u00e9tiers verts<\/b> via des visites d'entreprises, d'organismes de formation, de rencontre de professionnels<\/span><\/li><li style=\"text-align: justify\"><span style=\"font-size: 14pt\"><b>D'acqu\u00e9rir de nouvelles comp\u00e9tences sur les m\u00e9tiers de la d\u00e9carbonation<\/b> en te permettant de travailler sur les techniques de recherche d'emploi (CV, Lettre de motivation, pr\u00e9paration \u00e0 l'entretien d'embauche, ciblage des entreprises...), et d'utiliser d'autres outils tels que des p\u00e9riodes de stages, le parrainage, et des visites d'organismes de formations.<b> <\/b><\/span><\/li><li style=\"text-align: justify\"><span style=\"font-size: 14pt\"><b>De te positionner sur les grands recrutements pr\u00e9vus sur le territoire<\/b><\/span><\/li><\/ul>\n    <\/div>\n\t\t<\/div>\n\t\t\t\t<\/div>\n\t\t\t\t<\/div>\n\t\t<div class=\"elementor-element elementor-element-0d76609 e-con-full e-flex e-con e-child\" data-id=\"0d76609\" data-element_type=\"container\">\n\t\t\t\t<div class=\"elementor-element elementor-element-f718d20 elementor-widget elementor-widget-block_simple_visuel\" data-id=\"f718d20\" data-element_type=\"widget\" data-widget_type=\"block_simple_visuel.default\">\n\t\t\t\t<div class=\"elementor-widget-container\">\n\t\t\t    <div class=\"container\">\n        <figure>\n                        \n                                                            <a href=\"https:\/\/www.missionslocalesnormandie.fr\/content\/uploads\/sites\/11\/2025\/05\/VERT-EMPLOI-IMAGE-SITE-INTERNET.png\">\n                    <img decoding=\"async\" src=\"https:\/\/www.missionslocalesnormandie.fr\/content\/uploads\/sites\/11\/2025\/05\/VERT-EMPLOI-IMAGE-SITE-INTERNET-950x595-c-default.png\"\n                         alt=\"MISSION LOCALE PAYS DE CAUX - VALLEE DE SEINE\"\/>\n                <\/a>\n            \n                    <\/figure>\n    <\/div>\n\t\t<\/div>\n\t\t\t\t<\/div>\n\t\t\t\t<\/div>\n\t\t\t\t\t<\/div>\n\t\t\t\t<\/div>\n\t\t<div class=\"elementor-element elementor-element-2a7dee0 e-flex e-con-boxed e-con e-parent\" data-id=\"2a7dee0\" data-element_type=\"container\">\n\t\t\t\t\t<div class=\"e-con-inner\">\n\t\t\t\t\t<\/div>\n\t\t\t\t<\/div>\n\t\t<div class=\"elementor-element elementor-element-cb62d65 e-flex e-con-boxed e-con e-parent\" data-id=\"cb62d65\" data-element_type=\"container\">\n\t\t\t\t\t<div class=\"e-con-inner\">\n\t\t\t\t<div class=\"elementor-element elementor-element-4a00219 elementor-widget elementor-widget-block_titre\" data-id=\"4a00219\" data-element_type=\"widget\" data-widget_type=\"block_titre.default\">\n\t\t\t\t<div class=\"elementor-widget-container\">\n\t\t\t    <div class=\"container\">\n        <h2>\n            \u00ab 1 jeune,  1 m\u00e9tier \u00bb\n        <\/h2>\n    <\/div>\n\t\t<\/div>\n\t\t\t\t<\/div>\n\t\t\t\t\t<\/div>\n\t\t\t\t<\/div>\n\t\t<div class=\"elementor-element elementor-element-b5c87d6 e-flex e-con-boxed e-con e-parent\" data-id=\"b5c87d6\" data-element_type=\"container\">\n\t\t\t\t\t<div class=\"e-con-inner\">\n\t\t<div class=\"elementor-element elementor-element-f0308a1 e-con-full e-flex e-con e-child\" data-id=\"f0308a1\" data-element_type=\"container\">\n\t\t\t\t<div class=\"elementor-element elementor-element-b3abec0 elementor-widget elementor-widget-block_simple_visuel\" data-id=\"b3abec0\" data-element_type=\"widget\" data-widget_type=\"block_simple_visuel.default\">\n\t\t\t\t<div class=\"elementor-widget-container\">\n\t\t\t    <div class=\"container\">\n        <figure>\n                        \n                                                            <a href=\"https:\/\/www.missionslocalesnormandie.fr\/content\/uploads\/sites\/11\/2024\/09\/1-jeune-1metier.png\">\n                    <img decoding=\"async\" src=\"https:\/\/www.missionslocalesnormandie.fr\/content\/uploads\/sites\/11\/2024\/09\/1-jeune-1metier-950x595-c-default.png\"\n                         alt=\"MISSION LOCALE PAYS DE CAUX - VALLEE DE SEINE\"\/>\n                <\/a>\n            \n                    <\/figure>\n    <\/div>\n\t\t<\/div>\n\t\t\t\t<\/div>\n\t\t\t\t<\/div>\n\t\t<div class=\"elementor-element elementor-element-6ae3ce5 e-con-full e-flex e-con e-child\" data-id=\"6ae3ce5\" data-element_type=\"container\">\n\t\t\t\t<div class=\"elementor-element elementor-element-b36d3f5 elementor-widget elementor-widget-block_simple_texte\" data-id=\"b36d3f5\" data-element_type=\"widget\" data-widget_type=\"block_simple_texte.default\">\n\t\t\t\t<div class=\"elementor-widget-container\">\n\t\t\t    <div class=\"container\">\n        <div><p class=\"v1MsoNormal\" style=\"text-align: justify\"><span style=\"font-size: 14pt\">Tu souhaites d\u00e9couvrir de nouveaux m\u00e9tiers, viens d\u00e9couvrir les m\u00e9tiers qui recrutent sur le territoire. Nous te proposons un accompagnement en individuel et en collectif qui te permettra :<\/span><\/p><ul><li style=\"text-align: justify\"><span style=\"font-size: 14pt\">De participer \u00e0 des ateliers collectifs pour travailler tes techniques de recherche d'emploi<\/span><\/li><li style=\"text-align: justify\"><span style=\"font-size: 14pt\">De rencontrer des professionnels, de participer \u00e0 des visites d'entreprises, d'organismes de formation, de CFA...<\/span><\/li><li style=\"text-align: justify\"><span style=\"font-size: 14pt\">De participer \u00e0 des ateliers coanim\u00e9s avec une Agence d'emploi pour d\u00e9couvrir le r\u00f4le d'une agence d'int\u00e9rim et d'\u00e9changer sur la s\u00e9curit\u00e9 au travail<\/span><\/li><\/ul><\/div>\n    <\/div>\n\t\t<\/div>\n\t\t\t\t<\/div>\n\t\t\t\t<\/div>\n\t\t\t\t\t<\/div>\n\t\t\t\t<\/div>\n\t\t<div class=\"elementor-element elementor-element-03b858d e-flex e-con-boxed e-con e-parent\" data-id=\"03b858d\" data-element_type=\"container\">\n\t\t\t\t\t<div class=\"e-con-inner\">\n\t\t\t\t\t<\/div>\n\t\t\t\t<\/div>\n\t\t<div class=\"elementor-element elementor-element-87e0320 e-flex e-con-boxed e-con e-parent\" data-id=\"87e0320\" data-element_type=\"container\">\n\t\t\t\t\t<div class=\"e-con-inner\">\n\t\t\t\t<div class=\"elementor-element elementor-element-d48f177 elementor-widget elementor-widget-block_titre\" data-id=\"d48f177\" data-element_type=\"widget\" data-widget_type=\"block_titre.default\">\n\t\t\t\t<div class=\"elementor-widget-container\">\n\t\t\t    <div class=\"container\">\n        <h2>\n            Projette-toi et Rallye ta formation\n        <\/h2>\n    <\/div>\n\t\t<\/div>\n\t\t\t\t<\/div>\n\t\t\t\t\t<\/div>\n\t\t\t\t<\/div>\n\t\t<div class=\"elementor-element elementor-element-426b53b e-flex e-con-boxed e-con e-parent\" data-id=\"426b53b\" data-element_type=\"container\">\n\t\t\t\t\t<div class=\"e-con-inner\">\n\t\t<div class=\"elementor-element elementor-element-7c2eaac e-con-full e-flex e-con e-child\" data-id=\"7c2eaac\" data-element_type=\"container\">\n\t\t\t\t<div class=\"elementor-element elementor-element-05c8de3 elementor-widget elementor-widget-block_simple_texte\" data-id=\"05c8de3\" data-element_type=\"widget\" data-widget_type=\"block_simple_texte.default\">\n\t\t\t\t<div class=\"elementor-widget-container\">\n\t\t\t    <div class=\"container\">\n        <p style=\"text-align: center\" data-start=\"202\" data-end=\"245\"><span style=\"font-size: 14pt\"><strong data-start=\"202\" data-end=\"245\">Un coup de pouce pour trouver ta voie !<\/strong><\/span><\/p><p data-start=\"247\" data-end=\"374\"><span style=\"font-size: 14pt\">Tu te poses des questions sur ton avenir, les formations, ou les m\u00e9tiers qui te plairaient ?<\/span><\/p><p data-start=\"247\" data-end=\"374\"><span style=\"font-size: 14pt\">\ud83d\udc49 Ce projet est fait pour toi !<\/span><\/p><p style=\"text-align: center\" data-start=\"376\" data-end=\"461\"><span style=\"font-size: 14pt\"><strong data-start=\"376\" data-end=\"461\">La Mission Locale <span data-olk-copy-source=\"MessageBody\">te propose une action innovante et motivante :<\/span><\/strong><\/span><\/p><p data-start=\"463\" data-end=\"546\"><span style=\"font-size: 14pt\">\ud83c\udfaf <strong data-start=\"466\" data-end=\"493\">Des ateliers \u00e0 la carte<\/strong>, pour mieux te conna\u00eetre et avancer \u00e0 ton rythme :<\/span><\/p><ul data-start=\"547\" data-end=\"724\"><li data-start=\"547\" data-end=\"575\"><p data-start=\"549\" data-end=\"575\"><span style=\"font-size: 14pt\">Apprendre \u00e0 se conna\u00eetre<\/span><\/p><\/li><li data-start=\"576\" data-end=\"616\"><p data-start=\"578\" data-end=\"616\"><span style=\"font-size: 14pt\">D\u00e9couvrir l\u2019environnement de travail<\/span><\/p><\/li><li data-start=\"617\" data-end=\"639\"><p data-start=\"619\" data-end=\"639\"><span style=\"font-size: 14pt\">Se rendre proactif<\/span><\/p><\/li><li data-start=\"640\" data-end=\"671\"><p data-start=\"642\" data-end=\"671\"><span style=\"font-size: 14pt\">Pr\u00e9parer une enqu\u00eate m\u00e9tier<\/span><\/p><\/li><li data-start=\"672\" data-end=\"696\"><p data-start=\"674\" data-end=\"696\"><span style=\"font-size: 14pt\">Trouver sa formation<\/span><\/p><\/li><li data-start=\"697\" data-end=\"724\"><p data-start=\"699\" data-end=\"724\"><span style=\"font-size: 14pt\">Bouger avec la mobilit\u00e9<\/span><\/p><\/li><\/ul><p><span style=\"font-size: 14pt\">\ud83d\udccd Ces actions ont lieu \u00e0 Lillebonne, Bolbec, Rives-en-Seine et Br\u00e9aut\u00e9\/Fauville-en-Caux.<\/span><\/p>\n    <\/div>\n\t\t<\/div>\n\t\t\t\t<\/div>\n\t\t\t\t<\/div>\n\t\t<div class=\"elementor-element elementor-element-568ed8d e-con-full e-flex e-con e-child\" data-id=\"568ed8d\" data-element_type=\"container\">\n\t\t\t\t<div class=\"elementor-element elementor-element-fc689a3 elementor-widget elementor-widget-block_simple_visuel\" data-id=\"fc689a3\" data-element_type=\"widget\" data-widget_type=\"block_simple_visuel.default\">\n\t\t\t\t<div class=\"elementor-widget-container\">\n\t\t\t    <div class=\"container\">\n        <figure>\n                        \n                                                            <a href=\"https:\/\/www.missionslocalesnormandie.fr\/content\/uploads\/sites\/11\/2025\/06\/PROJETTE-TOI-ET-RALLYE-TA-FORMATION.png\">\n                    <img decoding=\"async\" src=\"https:\/\/www.missionslocalesnormandie.fr\/content\/uploads\/sites\/11\/2025\/06\/PROJETTE-TOI-ET-RALLYE-TA-FORMATION-950x595-c-default.png\"\n                         alt=\"MISSION LOCALE PAYS DE CAUX - VALLEE DE SEINE\"\/>\n                <\/a>\n            \n                    <\/figure>\n    <\/div>\n\t\t<\/div>\n\t\t\t\t<\/div>\n\t\t<div class=\"elementor-element elementor-element-b10a4b3 e-con-full e-flex e-con e-child\" data-id=\"b10a4b3\" data-element_type=\"container\">\n\t\t\t\t<div class=\"elementor-element elementor-element-529c5e8 elementor-widget elementor-widget-block_simple_texte\" data-id=\"529c5e8\" data-element_type=\"widget\" data-widget_type=\"block_simple_texte.default\">\n\t\t\t\t<div class=\"elementor-widget-container\">\n\t\t\t    <div class=\"container\">\n        <p data-start=\"726\" data-end=\"773\"><span style=\"font-size: 14pt\">\ud83e\udde9 <strong data-start=\"729\" data-end=\"769\">Et des \u201cRallyes Formation\u201d originaux<\/strong> :<\/span><\/p>\n\n<ul data-start=\"774\" data-end=\"974\">\n \t<li data-start=\"774\" data-end=\"890\">\n<p data-start=\"776\" data-end=\"890\"><span style=\"font-size: 14pt\">Le matin, tu pars en \u00e9quipe r\u00e9soudre des \u00e9nigmes en ville pour d\u00e9couvrir des m\u00e9tiers et des centres de formation<\/span><\/p>\n<\/li>\n \t<li data-start=\"891\" data-end=\"974\">\n<p data-start=\"893\" data-end=\"974\"><span style=\"font-size: 14pt\">L\u2019apr\u00e8s-midi, tu visites un centre de formation de mani\u00e8re ludique et interactive<\/span><\/p>\n<\/li>\n<\/ul>\n<span style=\"font-size: 14pt\">\ud83e\udded<strong> L\u2019objectif ?<\/strong> Te donner toutes les cl\u00e9s pour te projeter dans l\u2019avenir\u2026 et te former avec confiance !<\/span>\n    <\/div>\n\t\t<\/div>\n\t\t\t\t<\/div>\n\t\t\t\t<\/div>\n\t\t\t\t<\/div>\n\t\t\t\t\t<\/div>\n\t\t\t\t<\/div>\n\t\t\t\t<\/div>\n\t\t","protected":false},"excerpt":{"rendered":"<p>&#8220;VERT EMPLOI&#8221; : La Mission Locale s&#8217;engage pour la transition \u00e9nerg\u00e9tique et \u00e9cologique Tu souhaites d\u00e9couvrir ou te diriger vers des m\u00e9tiers des secteurs de la diversification. Nous te proposons un accompagnement en individuel et en collectif qui te permettra : D&#8217;affiner tes choix de m\u00e9tiers dans le domaine des m\u00e9tiers verts via des visites [&hellip;]<\/p>\n","protected":false},"author":11,"featured_media":0,"parent":0,"menu_order":0,"comment_status":"closed","ping_status":"closed","template":"","meta":{"_acf_changed":false,"_crosspost_to_1":false,"_crosspost_to_2":false,"_crosspost_to_3":false,"_crosspost_to_4":false,"_crosspost_to_5":false,"_crosspost_to_6":false,"_crosspost_to_7":false,"_crosspost_to_8":false,"_crosspost_to_12":false,"_crosspost_to_13":false,"_crosspost_to_14":false,"_crosspost_to_15":false,"_crosspost_to_16":false,"inline_featured_image":false,"footnotes":""},"acf":[],"yoast_head":"<!-- This site is optimized with the Yoast SEO plugin v21.9.1 - https:\/\/yoast.com\/wordpress\/plugins\/seo\/ -->\n<title>Les projets FSE - MISSION LOCALE PAYS DE CAUX - VALLEE DE SEINE<\/title>\n<meta name=\"robots\" content=\"index, follow, max-snippet:-1, max-image-preview:large, max-video-preview:-1\" \/>\n<link rel=\"canonical\" href=\"https:\/\/www.missionslocalesnormandie.fr\/mission-locale-pays-caux-vallee-seine\/les-projets-fse\/\" \/>\n<meta property=\"og:locale\" content=\"fr_FR\" \/>\n<meta property=\"og:type\" content=\"article\" \/>\n<meta property=\"og:title\" content=\"Les projets FSE - MISSION LOCALE PAYS DE CAUX - VALLEE DE SEINE\" \/>\n<meta property=\"og:description\" content=\"&#8220;VERT EMPLOI&#8221; : La Mission Locale s&#8217;engage pour la transition \u00e9nerg\u00e9tique et \u00e9cologique Tu souhaites d\u00e9couvrir ou te diriger vers des m\u00e9tiers des secteurs de la diversification. Nous te proposons un accompagnement en individuel et en collectif qui te permettra : D&#8217;affiner tes choix de m\u00e9tiers dans le domaine des m\u00e9tiers verts via des visites [&hellip;]\" \/>\n<meta property=\"og:url\" content=\"https:\/\/www.missionslocalesnormandie.fr\/mission-locale-pays-caux-vallee-seine\/les-projets-fse\/\" \/>\n<meta property=\"og:site_name\" content=\"MISSION LOCALE PAYS DE CAUX - VALLEE DE SEINE\" \/>\n<meta property=\"article:modified_time\" content=\"2025-07-28T12:50:27+00:00\" \/>\n<meta property=\"og:image\" content=\"https:\/\/www.missionslocalesnormandie.fr\/content\/uploads\/sites\/11\/2025\/05\/VERT-EMPLOI-IMAGE-SITE-INTERNET-950x595-c-default.png\" \/>\n<meta name=\"twitter:card\" content=\"summary_large_image\" \/>\n<meta name=\"twitter:label1\" content=\"Dur\u00e9e de lecture estim\u00e9e\" \/>\n\t<meta name=\"twitter:data1\" content=\"4 minutes\" \/>\n<script type=\"application\/ld+json\" class=\"yoast-schema-graph\">{\"@context\":\"https:\/\/schema.org\",\"@graph\":[{\"@type\":\"WebPage\",\"@id\":\"https:\/\/www.missionslocalesnormandie.fr\/mission-locale-pays-caux-vallee-seine\/les-projets-fse\/\",\"url\":\"https:\/\/www.missionslocalesnormandie.fr\/mission-locale-pays-caux-vallee-seine\/les-projets-fse\/\",\"name\":\"Les projets FSE - MISSION LOCALE PAYS DE CAUX - VALLEE DE SEINE\",\"isPartOf\":{\"@id\":\"https:\/\/www.missionslocalesnormandie.fr\/mission-locale-pays-caux-vallee-seine\/#website\"},\"datePublished\":\"2025-07-28T12:34:40+00:00\",\"dateModified\":\"2025-07-28T12:50:27+00:00\",\"breadcrumb\":{\"@id\":\"https:\/\/www.missionslocalesnormandie.fr\/mission-locale-pays-caux-vallee-seine\/les-projets-fse\/#breadcrumb\"},\"inLanguage\":\"fr-FR\",\"potentialAction\":[{\"@type\":\"ReadAction\",\"target\":[\"https:\/\/www.missionslocalesnormandie.fr\/mission-locale-pays-caux-vallee-seine\/les-projets-fse\/\"]}]},{\"@type\":\"BreadcrumbList\",\"@id\":\"https:\/\/www.missionslocalesnormandie.fr\/mission-locale-pays-caux-vallee-seine\/les-projets-fse\/#breadcrumb\",\"itemListElement\":[{\"@type\":\"ListItem\",\"position\":1,\"name\":\"Home\",\"item\":\"https:\/\/www.missionslocalesnormandie.fr\/mission-locale-pays-caux-vallee-seine\/\"},{\"@type\":\"ListItem\",\"position\":2,\"name\":\"Les projets FSE\"}]},{\"@type\":\"WebSite\",\"@id\":\"https:\/\/www.missionslocalesnormandie.fr\/mission-locale-pays-caux-vallee-seine\/#website\",\"url\":\"https:\/\/www.missionslocalesnormandie.fr\/mission-locale-pays-caux-vallee-seine\/\",\"name\":\"MISSION LOCALE PAYS DE CAUX - VALLEE DE SEINE\",\"description\":\"\",\"potentialAction\":[{\"@type\":\"SearchAction\",\"target\":{\"@type\":\"EntryPoint\",\"urlTemplate\":\"https:\/\/www.missionslocalesnormandie.fr\/mission-locale-pays-caux-vallee-seine\/?s={search_term_string}\"},\"query-input\":\"required name=search_term_string\"}],\"inLanguage\":\"fr-FR\"}]}<\/script>\n<!-- \/ Yoast SEO plugin. -->","yoast_head_json":{"title":"Les projets FSE - MISSION LOCALE PAYS DE CAUX - VALLEE DE SEINE","robots":{"index":"index","follow":"follow","max-snippet":"max-snippet:-1","max-image-preview":"max-image-preview:large","max-video-preview":"max-video-preview:-1"},"canonical":"https:\/\/www.missionslocalesnormandie.fr\/mission-locale-pays-caux-vallee-seine\/les-projets-fse\/","og_locale":"fr_FR","og_type":"article","og_title":"Les projets FSE - MISSION LOCALE PAYS DE CAUX - VALLEE DE SEINE","og_description":"&#8220;VERT EMPLOI&#8221; : La Mission Locale s&#8217;engage pour la transition \u00e9nerg\u00e9tique et \u00e9cologique Tu souhaites d\u00e9couvrir ou te diriger vers des m\u00e9tiers des secteurs de la diversification. Nous te proposons un accompagnement en individuel et en collectif qui te permettra : D&#8217;affiner tes choix de m\u00e9tiers dans le domaine des m\u00e9tiers verts via des visites [&hellip;]","og_url":"https:\/\/www.missionslocalesnormandie.fr\/mission-locale-pays-caux-vallee-seine\/les-projets-fse\/","og_site_name":"MISSION LOCALE PAYS DE CAUX - VALLEE DE SEINE","article_modified_time":"2025-07-28T12:50:27+00:00","og_image":[{"url":"https:\/\/www.missionslocalesnormandie.fr\/content\/uploads\/sites\/11\/2025\/05\/VERT-EMPLOI-IMAGE-SITE-INTERNET-950x595-c-default.png"}],"twitter_card":"summary_large_image","twitter_misc":{"Dur\u00e9e de lecture estim\u00e9e":"4 minutes"},"schema":{"@context":"https:\/\/schema.org","@graph":[{"@type":"WebPage","@id":"https:\/\/www.missionslocalesnormandie.fr\/mission-locale-pays-caux-vallee-seine\/les-projets-fse\/","url":"https:\/\/www.missionslocalesnormandie.fr\/mission-locale-pays-caux-vallee-seine\/les-projets-fse\/","name":"Les projets FSE - MISSION LOCALE PAYS DE CAUX - VALLEE DE SEINE","isPartOf":{"@id":"https:\/\/www.missionslocalesnormandie.fr\/mission-locale-pays-caux-vallee-seine\/#website"},"datePublished":"2025-07-28T12:34:40+00:00","dateModified":"2025-07-28T12:50:27+00:00","breadcrumb":{"@id":"https:\/\/www.missionslocalesnormandie.fr\/mission-locale-pays-caux-vallee-seine\/les-projets-fse\/#breadcrumb"},"inLanguage":"fr-FR","potentialAction":[{"@type":"ReadAction","target":["https:\/\/www.missionslocalesnormandie.fr\/mission-locale-pays-caux-vallee-seine\/les-projets-fse\/"]}]},{"@type":"BreadcrumbList","@id":"https:\/\/www.missionslocalesnormandie.fr\/mission-locale-pays-caux-vallee-seine\/les-projets-fse\/#breadcrumb","itemListElement":[{"@type":"ListItem","position":1,"name":"Home","item":"https:\/\/www.missionslocalesnormandie.fr\/mission-locale-pays-caux-vallee-seine\/"},{"@type":"ListItem","position":2,"name":"Les projets FSE"}]},{"@type":"WebSite","@id":"https:\/\/www.missionslocalesnormandie.fr\/mission-locale-pays-caux-vallee-seine\/#website","url":"https:\/\/www.missionslocalesnormandie.fr\/mission-locale-pays-caux-vallee-seine\/","name":"MISSION LOCALE PAYS DE CAUX - VALLEE DE SEINE","description":"","potentialAction":[{"@type":"SearchAction","target":{"@type":"EntryPoint","urlTemplate":"https:\/\/www.missionslocalesnormandie.fr\/mission-locale-pays-caux-vallee-seine\/?s={search_term_string}"},"query-input":"required name=search_term_string"}],"inLanguage":"fr-FR"}]}},"_links":{"self":[{"href":"https:\/\/www.missionslocalesnormandie.fr\/mission-locale-pays-caux-vallee-seine\/wp-json\/wp\/v2\/pages\/2031"}],"collection":[{"href":"https:\/\/www.missionslocalesnormandie.fr\/mission-locale-pays-caux-vallee-seine\/wp-json\/wp\/v2\/pages"}],"about":[{"href":"https:\/\/www.missionslocalesnormandie.fr\/mission-locale-pays-caux-vallee-seine\/wp-json\/wp\/v2\/types\/page"}],"author":[{"embeddable":true,"href":"https:\/\/www.missionslocalesnormandie.fr\/mission-locale-pays-caux-vallee-seine\/wp-json\/wp\/v2\/users\/11"}],"replies":[{"embeddable":true,"href":"https:\/\/www.missionslocalesnormandie.fr\/mission-locale-pays-caux-vallee-seine\/wp-json\/wp\/v2\/comments?post=2031"}],"version-history":[{"count":4,"href":"https:\/\/www.missionslocalesnormandie.fr\/mission-locale-pays-caux-vallee-seine\/wp-json\/wp\/v2\/pages\/2031\/revisions"}],"predecessor-version":[{"id":2041,"href":"https:\/\/www.missionslocalesnormandie.fr\/mission-locale-pays-caux-vallee-seine\/wp-json\/wp\/v2\/pages\/2031\/revisions\/2041"}],"wp:attachment":[{"href":"https:\/\/www.missionslocalesnormandie.fr\/mission-locale-pays-caux-vallee-seine\/wp-json\/wp\/v2\/media?parent=2031"}],"curies":[{"name":"wp","href":"https:\/\/api.w.org\/{rel}","templated":true}]}}