{"id":2105,"date":"2026-02-10T14:40:14","date_gmt":"2026-02-10T13:40:14","guid":{"rendered":"https:\/\/www.missionslocalesnormandie.fr\/mission-locale-pays-caux-vallee-seine\/?page_id=2105"},"modified":"2026-02-25T12:55:39","modified_gmt":"2026-02-25T11:55:39","slug":"videotheque","status":"publish","type":"page","link":"https:\/\/www.missionslocalesnormandie.fr\/mission-locale-pays-caux-vallee-seine\/videotheque\/","title":{"rendered":"Vid\u00e9oth\u00e8que"},"content":{"rendered":"\t\t<div data-elementor-type=\"wp-page\" data-elementor-id=\"2105\" class=\"elementor elementor-2105\">\n\t\t\t\t<div class=\"elementor-element elementor-element-2d848f5 e-flex e-con-boxed e-con e-parent\" data-id=\"2d848f5\" data-element_type=\"container\">\n\t\t\t\t\t<div class=\"e-con-inner\">\n\t\t\t\t<div class=\"elementor-element elementor-element-c00e34a elementor-widget elementor-widget-block_simple_texte\" data-id=\"c00e34a\" data-element_type=\"widget\" data-widget_type=\"block_simple_texte.default\">\n\t\t\t\t<div class=\"elementor-widget-container\">\n\t\t\t    <div class=\"container\">\n        <p style=\"text-align: left\" data-start=\"172\" data-end=\"378\"><span style=\"font-size: 14pt\">Dans le cadre de notre d\u00e9marche de labellisation et d\u2019am\u00e9lioration continue, nous avons le plaisir de vous pr\u00e9senter une s\u00e9rie de <strong data-start=\"302\" data-end=\"326\">6 vid\u00e9os \"capsules\" par th\u00e9matiques<\/strong> qui mettent en lumi\u00e8re nos actions et nos services.<\/span><\/p><p style=\"text-align: left\" data-start=\"380\" data-end=\"508\"><span style=\"font-size: 14pt\"><strong>L\u2019objectif ?<\/strong> Mieux vous informer, vous accompagner et vous faire d\u00e9couvrir concr\u00e8tement tout ce que nous proposons au quotidien.<\/span><\/p><p style=\"text-align: left\" data-start=\"510\" data-end=\"527\"><span style=\"font-size: 14pt\">\ud83d\udccc Cliquez sur le rond de votre choix pour regarder la vid\u00e9o.<\/span><\/p><p style=\"text-align: left\" data-start=\"510\" data-end=\"527\"><span style=\"font-size: 14pt\">Bon visionnage ^^\u00a0<\/span><\/p>\n    <\/div>\n\t\t<\/div>\n\t\t\t\t<\/div>\n\t\t\t\t\t<\/div>\n\t\t\t\t<\/div>\n\t\t<div class=\"elementor-element elementor-element-8c2bc93 e-flex e-con-boxed e-con e-parent\" data-id=\"8c2bc93\" data-element_type=\"container\">\n\t\t\t\t\t<div class=\"e-con-inner\">\n\t\t<div class=\"elementor-element elementor-element-51b5a5f e-con-full e-flex e-con e-child\" data-id=\"51b5a5f\" data-element_type=\"container\">\n\t\t\t\t<div class=\"elementor-element elementor-element-151ddcb elementor-widget elementor-widget-block_simple_texte\" data-id=\"151ddcb\" data-element_type=\"widget\" data-widget_type=\"block_simple_texte.default\">\n\t\t\t\t<div class=\"elementor-widget-container\">\n\t\t\t    <div class=\"container\">\n        <p><span style=\"color: #ffffff\">\u00a0 \u00a0 \u00a0 \u00a0<\/span><a href=\"https:\/\/www.facebook.com\/reel\/1453406369736647\" target=\"_blank\" rel=\"noopener\"><img fetchpriority=\"high\" decoding=\"async\" class=\"wp-image-2126 size-medium\" src=\"https:\/\/www.missionslocalesnormandie.fr\/content\/uploads\/sites\/11\/2026\/02\/SERVICE-EMPLOI-2-300x212.png\" alt=\"\" width=\"300\" height=\"212\" srcset=\"https:\/\/www.missionslocalesnormandie.fr\/content\/uploads\/sites\/11\/2026\/02\/SERVICE-EMPLOI-2-300x212.png 300w, https:\/\/www.missionslocalesnormandie.fr\/content\/uploads\/sites\/11\/2026\/02\/SERVICE-EMPLOI-2-1024x724.png 1024w, https:\/\/www.missionslocalesnormandie.fr\/content\/uploads\/sites\/11\/2026\/02\/SERVICE-EMPLOI-2-768x543.png 768w, https:\/\/www.missionslocalesnormandie.fr\/content\/uploads\/sites\/11\/2026\/02\/SERVICE-EMPLOI-2-1536x1086.png 1536w, https:\/\/www.missionslocalesnormandie.fr\/content\/uploads\/sites\/11\/2026\/02\/SERVICE-EMPLOI-2.png 1980w\" sizes=\"(max-width: 300px) 100vw, 300px\" \/><\/a><\/p>\n    <\/div>\n\t\t<\/div>\n\t\t\t\t<\/div>\n\t\t\t\t<\/div>\n\t\t<div class=\"elementor-element elementor-element-73824f5 e-con-full e-flex e-con e-child\" data-id=\"73824f5\" data-element_type=\"container\">\n\t\t\t\t<div class=\"elementor-element elementor-element-153f989 elementor-widget elementor-widget-block_simple_texte\" data-id=\"153f989\" data-element_type=\"widget\" data-widget_type=\"block_simple_texte.default\">\n\t\t\t\t<div class=\"elementor-widget-container\">\n\t\t\t    <div class=\"container\">\n        <p>\u00a0 \u00a0 \u00a0<a href=\"https:\/\/www.facebook.com\/reel\/1630718518084368\"><img decoding=\"async\" class=\"alignnone size-medium wp-image-2136\" src=\"https:\/\/www.missionslocalesnormandie.fr\/content\/uploads\/sites\/11\/2026\/02\/PARRAINAGE-300x212.png\" alt=\"\" width=\"300\" height=\"212\" srcset=\"https:\/\/www.missionslocalesnormandie.fr\/content\/uploads\/sites\/11\/2026\/02\/PARRAINAGE-300x212.png 300w, https:\/\/www.missionslocalesnormandie.fr\/content\/uploads\/sites\/11\/2026\/02\/PARRAINAGE-1024x724.png 1024w, https:\/\/www.missionslocalesnormandie.fr\/content\/uploads\/sites\/11\/2026\/02\/PARRAINAGE-768x543.png 768w, https:\/\/www.missionslocalesnormandie.fr\/content\/uploads\/sites\/11\/2026\/02\/PARRAINAGE-1536x1086.png 1536w, https:\/\/www.missionslocalesnormandie.fr\/content\/uploads\/sites\/11\/2026\/02\/PARRAINAGE.png 1980w\" sizes=\"(max-width: 300px) 100vw, 300px\" \/><\/a><\/p>\n    <\/div>\n\t\t<\/div>\n\t\t\t\t<\/div>\n\t\t\t\t<\/div>\n\t\t<div class=\"elementor-element elementor-element-53511d5 e-con-full e-flex e-con e-child\" data-id=\"53511d5\" data-element_type=\"container\">\n\t\t\t\t<div class=\"elementor-element elementor-element-9299f65 elementor-widget elementor-widget-block_simple_texte\" data-id=\"9299f65\" data-element_type=\"widget\" data-widget_type=\"block_simple_texte.default\">\n\t\t\t\t<div class=\"elementor-widget-container\">\n\t\t\t    <div class=\"container\">\n        <p>\u00a0 \u00a0 \u00a0 \u00a0 \u00a0 <a href=\"https:\/\/www.facebook.com\/reel\/1438622437987238\"><img decoding=\"async\" class=\"alignnone wp-image-2137 size-medium\" src=\"https:\/\/www.missionslocalesnormandie.fr\/content\/uploads\/sites\/11\/2026\/02\/LOGEMENT-300x212.png\" alt=\"\" width=\"300\" height=\"212\" srcset=\"https:\/\/www.missionslocalesnormandie.fr\/content\/uploads\/sites\/11\/2026\/02\/LOGEMENT-300x212.png 300w, https:\/\/www.missionslocalesnormandie.fr\/content\/uploads\/sites\/11\/2026\/02\/LOGEMENT-1024x724.png 1024w, https:\/\/www.missionslocalesnormandie.fr\/content\/uploads\/sites\/11\/2026\/02\/LOGEMENT-768x543.png 768w, https:\/\/www.missionslocalesnormandie.fr\/content\/uploads\/sites\/11\/2026\/02\/LOGEMENT-1536x1086.png 1536w, https:\/\/www.missionslocalesnormandie.fr\/content\/uploads\/sites\/11\/2026\/02\/LOGEMENT.png 1980w\" sizes=\"(max-width: 300px) 100vw, 300px\" \/><\/a><\/p>\n    <\/div>\n\t\t<\/div>\n\t\t\t\t<\/div>\n\t\t\t\t<\/div>\n\t\t<div class=\"elementor-element elementor-element-e14c49f e-con-full e-flex e-con e-child\" data-id=\"e14c49f\" data-element_type=\"container\">\n\t\t\t\t<div class=\"elementor-element elementor-element-d1de7c7 elementor-widget elementor-widget-block_simple_texte\" data-id=\"d1de7c7\" data-element_type=\"widget\" data-widget_type=\"block_simple_texte.default\">\n\t\t\t\t<div class=\"elementor-widget-container\">\n\t\t\t    <div class=\"container\">\n        <p>\u00a0 \u00a0 \u00a0 <img loading=\"lazy\" decoding=\"async\" class=\"alignnone size-medium wp-image-2138\" src=\"https:\/\/www.missionslocalesnormandie.fr\/content\/uploads\/sites\/11\/2026\/02\/SERVICE-CIVIQUE-300x212.png\" alt=\"\" width=\"300\" height=\"212\" srcset=\"https:\/\/www.missionslocalesnormandie.fr\/content\/uploads\/sites\/11\/2026\/02\/SERVICE-CIVIQUE-300x212.png 300w, https:\/\/www.missionslocalesnormandie.fr\/content\/uploads\/sites\/11\/2026\/02\/SERVICE-CIVIQUE-1024x724.png 1024w, https:\/\/www.missionslocalesnormandie.fr\/content\/uploads\/sites\/11\/2026\/02\/SERVICE-CIVIQUE-768x543.png 768w, https:\/\/www.missionslocalesnormandie.fr\/content\/uploads\/sites\/11\/2026\/02\/SERVICE-CIVIQUE-1536x1086.png 1536w, https:\/\/www.missionslocalesnormandie.fr\/content\/uploads\/sites\/11\/2026\/02\/SERVICE-CIVIQUE.png 1980w\" sizes=\"(max-width: 300px) 100vw, 300px\" \/><\/p>\n    <\/div>\n\t\t<\/div>\n\t\t\t\t<\/div>\n\t\t\t\t<\/div>\n\t\t<div class=\"elementor-element elementor-element-b214e73 e-con-full e-flex e-con e-child\" data-id=\"b214e73\" data-element_type=\"container\">\n\t\t\t\t<div class=\"elementor-element elementor-element-36132d9 elementor-widget elementor-widget-block_simple_texte\" data-id=\"36132d9\" data-element_type=\"widget\" data-widget_type=\"block_simple_texte.default\">\n\t\t\t\t<div class=\"elementor-widget-container\">\n\t\t\t    <div class=\"container\">\n        <p>\u00a0 \u00a0 \u00a0 \u00a0 <a href=\"https:\/\/www.facebook.com\/reel\/1681074096635113\"><img loading=\"lazy\" decoding=\"async\" class=\"alignnone size-medium wp-image-2139\" src=\"https:\/\/www.missionslocalesnormandie.fr\/content\/uploads\/sites\/11\/2026\/02\/MOBILITE-300x212.png\" alt=\"\" width=\"300\" height=\"212\" srcset=\"https:\/\/www.missionslocalesnormandie.fr\/content\/uploads\/sites\/11\/2026\/02\/MOBILITE-300x212.png 300w, https:\/\/www.missionslocalesnormandie.fr\/content\/uploads\/sites\/11\/2026\/02\/MOBILITE-1024x724.png 1024w, https:\/\/www.missionslocalesnormandie.fr\/content\/uploads\/sites\/11\/2026\/02\/MOBILITE-768x543.png 768w, https:\/\/www.missionslocalesnormandie.fr\/content\/uploads\/sites\/11\/2026\/02\/MOBILITE-1536x1086.png 1536w, https:\/\/www.missionslocalesnormandie.fr\/content\/uploads\/sites\/11\/2026\/02\/MOBILITE.png 1980w\" sizes=\"(max-width: 300px) 100vw, 300px\" \/><\/a><\/p>\n    <\/div>\n\t\t<\/div>\n\t\t\t\t<\/div>\n\t\t\t\t<\/div>\n\t\t<div class=\"elementor-element elementor-element-f844687 e-con-full e-flex e-con e-child\" data-id=\"f844687\" data-element_type=\"container\">\n\t\t\t\t<div class=\"elementor-element elementor-element-b531c0b elementor-widget elementor-widget-block_simple_texte\" data-id=\"b531c0b\" data-element_type=\"widget\" data-widget_type=\"block_simple_texte.default\">\n\t\t\t\t<div class=\"elementor-widget-container\">\n\t\t\t    <div class=\"container\">\n        <p>\u00a0 \u00a0 \u00a0 \u00a0 \u00a0 \u00a0<a href=\"https:\/\/www.facebook.com\/reel\/760848123394890\"><img loading=\"lazy\" decoding=\"async\" class=\"alignnone wp-image-2140 size-medium\" src=\"https:\/\/www.missionslocalesnormandie.fr\/content\/uploads\/sites\/11\/2026\/02\/GPT-DE-CREATEURS-300x212.png\" alt=\"\" width=\"300\" height=\"212\" srcset=\"https:\/\/www.missionslocalesnormandie.fr\/content\/uploads\/sites\/11\/2026\/02\/GPT-DE-CREATEURS-300x212.png 300w, https:\/\/www.missionslocalesnormandie.fr\/content\/uploads\/sites\/11\/2026\/02\/GPT-DE-CREATEURS-1024x724.png 1024w, https:\/\/www.missionslocalesnormandie.fr\/content\/uploads\/sites\/11\/2026\/02\/GPT-DE-CREATEURS-768x543.png 768w, https:\/\/www.missionslocalesnormandie.fr\/content\/uploads\/sites\/11\/2026\/02\/GPT-DE-CREATEURS-1536x1086.png 1536w, https:\/\/www.missionslocalesnormandie.fr\/content\/uploads\/sites\/11\/2026\/02\/GPT-DE-CREATEURS.png 1980w\" sizes=\"(max-width: 300px) 100vw, 300px\" \/><\/a><\/p>\n    <\/div>\n\t\t<\/div>\n\t\t\t\t<\/div>\n\t\t\t\t<\/div>\n\t\t\t\t\t<\/div>\n\t\t\t\t<\/div>\n\t\t\t\t<\/div>\n\t\t","protected":false},"excerpt":{"rendered":"<p>Dans le cadre de notre d\u00e9marche de labellisation et d\u2019am\u00e9lioration continue, nous avons le plaisir de vous pr\u00e9senter une s\u00e9rie de 6 vid\u00e9os &#8220;capsules&#8221; par th\u00e9matiques qui mettent en lumi\u00e8re nos actions et nos services. L\u2019objectif ? Mieux vous informer, vous accompagner et vous faire d\u00e9couvrir concr\u00e8tement tout ce que nous proposons au quotidien. \ud83d\udccc [&hellip;]<\/p>\n","protected":false},"author":11,"featured_media":0,"parent":0,"menu_order":0,"comment_status":"closed","ping_status":"closed","template":"","meta":{"_acf_changed":false,"_crosspost_to_1":false,"_crosspost_to_2":false,"_crosspost_to_3":false,"_crosspost_to_4":false,"_crosspost_to_5":false,"_crosspost_to_6":false,"_crosspost_to_7":false,"_crosspost_to_8":false,"_crosspost_to_12":false,"_crosspost_to_13":false,"_crosspost_to_14":false,"_crosspost_to_15":false,"_crosspost_to_16":false,"inline_featured_image":false,"footnotes":""},"acf":[],"yoast_head":"<!-- This site is optimized with the Yoast SEO plugin v21.9.1 - https:\/\/yoast.com\/wordpress\/plugins\/seo\/ -->\n<title>Vid\u00e9oth\u00e8que - MISSION LOCALE PAYS DE CAUX - VALLEE DE SEINE<\/title>\n<meta name=\"robots\" content=\"index, follow, max-snippet:-1, max-image-preview:large, max-video-preview:-1\" \/>\n<link rel=\"canonical\" href=\"https:\/\/www.missionslocalesnormandie.fr\/mission-locale-pays-caux-vallee-seine\/videotheque\/\" \/>\n<meta property=\"og:locale\" content=\"fr_FR\" \/>\n<meta property=\"og:type\" content=\"article\" \/>\n<meta property=\"og:title\" content=\"Vid\u00e9oth\u00e8que - MISSION LOCALE PAYS DE CAUX - VALLEE DE SEINE\" \/>\n<meta property=\"og:description\" content=\"Dans le cadre de notre d\u00e9marche de labellisation et d\u2019am\u00e9lioration continue, nous avons le plaisir de vous pr\u00e9senter une s\u00e9rie de 6 vid\u00e9os &#8220;capsules&#8221; par th\u00e9matiques qui mettent en lumi\u00e8re nos actions et nos services. L\u2019objectif ? Mieux vous informer, vous accompagner et vous faire d\u00e9couvrir concr\u00e8tement tout ce que nous proposons au quotidien. \ud83d\udccc [&hellip;]\" \/>\n<meta property=\"og:url\" content=\"https:\/\/www.missionslocalesnormandie.fr\/mission-locale-pays-caux-vallee-seine\/videotheque\/\" \/>\n<meta property=\"og:site_name\" content=\"MISSION LOCALE PAYS DE CAUX - VALLEE DE SEINE\" \/>\n<meta property=\"article:modified_time\" content=\"2026-02-25T11:55:39+00:00\" \/>\n<meta property=\"og:image\" content=\"https:\/\/www.missionslocalesnormandie.fr\/content\/uploads\/sites\/11\/2026\/02\/SERVICE-EMPLOI-2-300x212.png\" \/>\n<meta name=\"twitter:card\" content=\"summary_large_image\" \/>\n<meta name=\"twitter:label1\" content=\"Dur\u00e9e de lecture estim\u00e9e\" \/>\n\t<meta name=\"twitter:data1\" content=\"2 minutes\" \/>\n<script type=\"application\/ld+json\" class=\"yoast-schema-graph\">{\"@context\":\"https:\/\/schema.org\",\"@graph\":[{\"@type\":\"WebPage\",\"@id\":\"https:\/\/www.missionslocalesnormandie.fr\/mission-locale-pays-caux-vallee-seine\/videotheque\/\",\"url\":\"https:\/\/www.missionslocalesnormandie.fr\/mission-locale-pays-caux-vallee-seine\/videotheque\/\",\"name\":\"Vid\u00e9oth\u00e8que - MISSION LOCALE PAYS DE CAUX - VALLEE DE SEINE\",\"isPartOf\":{\"@id\":\"https:\/\/www.missionslocalesnormandie.fr\/mission-locale-pays-caux-vallee-seine\/#website\"},\"datePublished\":\"2026-02-10T13:40:14+00:00\",\"dateModified\":\"2026-02-25T11:55:39+00:00\",\"breadcrumb\":{\"@id\":\"https:\/\/www.missionslocalesnormandie.fr\/mission-locale-pays-caux-vallee-seine\/videotheque\/#breadcrumb\"},\"inLanguage\":\"fr-FR\",\"potentialAction\":[{\"@type\":\"ReadAction\",\"target\":[\"https:\/\/www.missionslocalesnormandie.fr\/mission-locale-pays-caux-vallee-seine\/videotheque\/\"]}]},{\"@type\":\"BreadcrumbList\",\"@id\":\"https:\/\/www.missionslocalesnormandie.fr\/mission-locale-pays-caux-vallee-seine\/videotheque\/#breadcrumb\",\"itemListElement\":[{\"@type\":\"ListItem\",\"position\":1,\"name\":\"Home\",\"item\":\"https:\/\/www.missionslocalesnormandie.fr\/mission-locale-pays-caux-vallee-seine\/\"},{\"@type\":\"ListItem\",\"position\":2,\"name\":\"Vid\u00e9oth\u00e8que\"}]},{\"@type\":\"WebSite\",\"@id\":\"https:\/\/www.missionslocalesnormandie.fr\/mission-locale-pays-caux-vallee-seine\/#website\",\"url\":\"https:\/\/www.missionslocalesnormandie.fr\/mission-locale-pays-caux-vallee-seine\/\",\"name\":\"MISSION LOCALE PAYS DE CAUX - VALLEE DE SEINE\",\"description\":\"\",\"potentialAction\":[{\"@type\":\"SearchAction\",\"target\":{\"@type\":\"EntryPoint\",\"urlTemplate\":\"https:\/\/www.missionslocalesnormandie.fr\/mission-locale-pays-caux-vallee-seine\/?s={search_term_string}\"},\"query-input\":\"required name=search_term_string\"}],\"inLanguage\":\"fr-FR\"}]}<\/script>\n<!-- \/ Yoast SEO plugin. -->","yoast_head_json":{"title":"Vid\u00e9oth\u00e8que - MISSION LOCALE PAYS DE CAUX - VALLEE DE SEINE","robots":{"index":"index","follow":"follow","max-snippet":"max-snippet:-1","max-image-preview":"max-image-preview:large","max-video-preview":"max-video-preview:-1"},"canonical":"https:\/\/www.missionslocalesnormandie.fr\/mission-locale-pays-caux-vallee-seine\/videotheque\/","og_locale":"fr_FR","og_type":"article","og_title":"Vid\u00e9oth\u00e8que - MISSION LOCALE PAYS DE CAUX - VALLEE DE SEINE","og_description":"Dans le cadre de notre d\u00e9marche de labellisation et d\u2019am\u00e9lioration continue, nous avons le plaisir de vous pr\u00e9senter une s\u00e9rie de 6 vid\u00e9os &#8220;capsules&#8221; par th\u00e9matiques qui mettent en lumi\u00e8re nos actions et nos services. L\u2019objectif ? Mieux vous informer, vous accompagner et vous faire d\u00e9couvrir concr\u00e8tement tout ce que nous proposons au quotidien. \ud83d\udccc [&hellip;]","og_url":"https:\/\/www.missionslocalesnormandie.fr\/mission-locale-pays-caux-vallee-seine\/videotheque\/","og_site_name":"MISSION LOCALE PAYS DE CAUX - VALLEE DE SEINE","article_modified_time":"2026-02-25T11:55:39+00:00","og_image":[{"url":"https:\/\/www.missionslocalesnormandie.fr\/content\/uploads\/sites\/11\/2026\/02\/SERVICE-EMPLOI-2-300x212.png"}],"twitter_card":"summary_large_image","twitter_misc":{"Dur\u00e9e de lecture estim\u00e9e":"2 minutes"},"schema":{"@context":"https:\/\/schema.org","@graph":[{"@type":"WebPage","@id":"https:\/\/www.missionslocalesnormandie.fr\/mission-locale-pays-caux-vallee-seine\/videotheque\/","url":"https:\/\/www.missionslocalesnormandie.fr\/mission-locale-pays-caux-vallee-seine\/videotheque\/","name":"Vid\u00e9oth\u00e8que - MISSION LOCALE PAYS DE CAUX - VALLEE DE SEINE","isPartOf":{"@id":"https:\/\/www.missionslocalesnormandie.fr\/mission-locale-pays-caux-vallee-seine\/#website"},"datePublished":"2026-02-10T13:40:14+00:00","dateModified":"2026-02-25T11:55:39+00:00","breadcrumb":{"@id":"https:\/\/www.missionslocalesnormandie.fr\/mission-locale-pays-caux-vallee-seine\/videotheque\/#breadcrumb"},"inLanguage":"fr-FR","potentialAction":[{"@type":"ReadAction","target":["https:\/\/www.missionslocalesnormandie.fr\/mission-locale-pays-caux-vallee-seine\/videotheque\/"]}]},{"@type":"BreadcrumbList","@id":"https:\/\/www.missionslocalesnormandie.fr\/mission-locale-pays-caux-vallee-seine\/videotheque\/#breadcrumb","itemListElement":[{"@type":"ListItem","position":1,"name":"Home","item":"https:\/\/www.missionslocalesnormandie.fr\/mission-locale-pays-caux-vallee-seine\/"},{"@type":"ListItem","position":2,"name":"Vid\u00e9oth\u00e8que"}]},{"@type":"WebSite","@id":"https:\/\/www.missionslocalesnormandie.fr\/mission-locale-pays-caux-vallee-seine\/#website","url":"https:\/\/www.missionslocalesnormandie.fr\/mission-locale-pays-caux-vallee-seine\/","name":"MISSION LOCALE PAYS DE CAUX - VALLEE DE SEINE","description":"","potentialAction":[{"@type":"SearchAction","target":{"@type":"EntryPoint","urlTemplate":"https:\/\/www.missionslocalesnormandie.fr\/mission-locale-pays-caux-vallee-seine\/?s={search_term_string}"},"query-input":"required name=search_term_string"}],"inLanguage":"fr-FR"}]}},"_links":{"self":[{"href":"https:\/\/www.missionslocalesnormandie.fr\/mission-locale-pays-caux-vallee-seine\/wp-json\/wp\/v2\/pages\/2105"}],"collection":[{"href":"https:\/\/www.missionslocalesnormandie.fr\/mission-locale-pays-caux-vallee-seine\/wp-json\/wp\/v2\/pages"}],"about":[{"href":"https:\/\/www.missionslocalesnormandie.fr\/mission-locale-pays-caux-vallee-seine\/wp-json\/wp\/v2\/types\/page"}],"author":[{"embeddable":true,"href":"https:\/\/www.missionslocalesnormandie.fr\/mission-locale-pays-caux-vallee-seine\/wp-json\/wp\/v2\/users\/11"}],"replies":[{"embeddable":true,"href":"https:\/\/www.missionslocalesnormandie.fr\/mission-locale-pays-caux-vallee-seine\/wp-json\/wp\/v2\/comments?post=2105"}],"version-history":[{"count":40,"href":"https:\/\/www.missionslocalesnormandie.fr\/mission-locale-pays-caux-vallee-seine\/wp-json\/wp\/v2\/pages\/2105\/revisions"}],"predecessor-version":[{"id":2174,"href":"https:\/\/www.missionslocalesnormandie.fr\/mission-locale-pays-caux-vallee-seine\/wp-json\/wp\/v2\/pages\/2105\/revisions\/2174"}],"wp:attachment":[{"href":"https:\/\/www.missionslocalesnormandie.fr\/mission-locale-pays-caux-vallee-seine\/wp-json\/wp\/v2\/media?parent=2105"}],"curies":[{"name":"wp","href":"https:\/\/api.w.org\/{rel}","templated":true}]}}