{"id":349,"date":"2024-03-12T10:08:04","date_gmt":"2024-03-12T09:08:04","guid":{"rendered":"https:\/\/www.missionslocalesnormandie.fr\/mission-locale-pays-caux-vallee-seine\/?page_id=349"},"modified":"2025-06-27T15:49:29","modified_gmt":"2025-06-27T13:49:29","slug":"rapports-dactivite","status":"publish","type":"page","link":"https:\/\/www.missionslocalesnormandie.fr\/mission-locale-pays-caux-vallee-seine\/rapports-dactivite\/","title":{"rendered":"Docs \u00e0 t\u00e9l\u00e9charger"},"content":{"rendered":"\t\t<div data-elementor-type=\"wp-page\" data-elementor-id=\"349\" class=\"elementor elementor-349\">\n\t\t\t\t<div class=\"elementor-element elementor-element-de9951e e-flex e-con-boxed e-con e-parent\" data-id=\"de9951e\" data-element_type=\"container\">\n\t\t\t\t\t<div class=\"e-con-inner\">\n\t\t\t\t<div class=\"elementor-element elementor-element-915e85b elementor-widget elementor-widget-block_titre\" data-id=\"915e85b\" data-element_type=\"widget\" data-widget_type=\"block_titre.default\">\n\t\t\t\t<div class=\"elementor-widget-container\">\n\t\t\t    <div class=\"container\">\n        <h2>\n            Mission Locale du Pays de Caux Vall\u00e9e de Seine\n        <\/h2>\n    <\/div>\n\t\t<\/div>\n\t\t\t\t<\/div>\n\t\t\t\t\t<\/div>\n\t\t\t\t<\/div>\n\t\t<div class=\"elementor-element elementor-element-b0f98d1 e-flex e-con-boxed e-con e-parent\" data-id=\"b0f98d1\" data-element_type=\"container\">\n\t\t\t\t\t<div class=\"e-con-inner\">\n\t\t\t\t<div class=\"elementor-element elementor-element-3461bad elementor-widget elementor-widget-block_liens_fichiers\" data-id=\"3461bad\" data-element_type=\"widget\" data-widget_type=\"block_liens_fichiers.default\">\n\t\t\t\t<div class=\"elementor-widget-container\">\n\t\t\t    <div class=\"container\">\n        <div class=\"my-4\">\n                                                                        <a href=\"https:\/\/www.missionslocalesnormandie.fr\/content\/uploads\/sites\/11\/2024\/04\/RAPPORT-ACTIVITE-ML-ANNEE-2020.pdf\" class=\"generic-link-file -pdf me-4 mb-3\"\n                           target=\"_blank\"\n                           rel=\"noopener noreferrer\">\n                            Rapport d'activit\u00e9 2020\n                        <\/a>\n                                                                                                            <a href=\"https:\/\/www.missionslocalesnormandie.fr\/content\/uploads\/sites\/11\/2024\/04\/RA-2021-MLPCVS.pdf\" class=\"generic-link-file -pdf me-4 mb-3\"\n                           target=\"_blank\"\n                           rel=\"noopener noreferrer\">\n                            Rapport d'activit\u00e9 2021\n                        <\/a>\n                                                                                                            <a href=\"https:\/\/www.missionslocalesnormandie.fr\/content\/uploads\/sites\/11\/2024\/04\/RA-2023-MLPCVS.pdf\" class=\"generic-link-file -pdf me-4 mb-3\"\n                           target=\"_blank\"\n                           rel=\"noopener noreferrer\">\n                            Rapport d'activit\u00e9 2022\n                        <\/a>\n                                                                                                            <a href=\"https:\/\/www.missionslocalesnormandie.fr\/content\/uploads\/sites\/11\/2024\/06\/RA-2023-1-avec-compression_1.pdf\" class=\"generic-link-file -pdf me-4 mb-3\"\n                           target=\"_blank\"\n                           rel=\"noopener noreferrer\">\n                            Rapport d'activit\u00e9 2023\n                        <\/a>\n                                                                                                            <a href=\"https:\/\/www.missionslocalesnormandie.fr\/content\/uploads\/sites\/11\/2025\/06\/Rapport-dactivite-2024-avec-compression.pdf\" class=\"generic-link-file -pdf me-4 mb-3\"\n                           target=\"_blank\"\n                           rel=\"noopener noreferrer\">\n                            Rapport d'activit\u00e9 2024\n                        <\/a>\n                                                        <\/div>\n    <\/div>\n\t\t<\/div>\n\t\t\t\t<\/div>\n\t\t\t\t\t<\/div>\n\t\t\t\t<\/div>\n\t\t<div class=\"elementor-element elementor-element-8a92a0b e-flex e-con-boxed e-con e-parent\" data-id=\"8a92a0b\" data-element_type=\"container\">\n\t\t\t\t\t<div class=\"e-con-inner\">\n\t\t\t\t<div class=\"elementor-element elementor-element-a23d0fa elementor-widget elementor-widget-block_liens_fichiers\" data-id=\"a23d0fa\" data-element_type=\"widget\" data-widget_type=\"block_liens_fichiers.default\">\n\t\t\t\t<div class=\"elementor-widget-container\">\n\t\t\t    <div class=\"container\">\n        <div class=\"my-4\">\n                                                                        <a href=\"https:\/\/www.missionslocalesnormandie.fr\/content\/uploads\/sites\/11\/2024\/06\/Diagnostic-territorial-ML-PCVS-juin-2024-avec-compression.pdf\" class=\"generic-link-file -pdf me-4 mb-3\"\n                           target=\"_blank\"\n                           rel=\"noopener noreferrer\">\n                            Diagnostic Territorial 2024\n                        <\/a>\n                                                                                                            <a href=\"https:\/\/www.missionslocalesnormandie.fr\/content\/uploads\/sites\/11\/2024\/05\/RETOUR-ENQUETE.pdf\" class=\"generic-link-file -pdf me-4 mb-3\"\n                           target=\"_blank\"\n                           rel=\"noopener noreferrer\">\n                            Enqu\u00eate Jeunes\n                        <\/a>\n                                                                                                            <a href=\"https:\/\/www.missionslocalesnormandie.fr\/content\/uploads\/sites\/11\/2024\/06\/PROJET-ASSOCIATIF-MLPCVS-2024-2029-2.pdf\" class=\"generic-link-file -pdf me-4 mb-3\"\n                           target=\"_blank\"\n                           rel=\"noopener noreferrer\">\n                            Projet Associatif &amp; Strat\u00e9gique\n                        <\/a>\n                                                        <\/div>\n    <\/div>\n\t\t<\/div>\n\t\t\t\t<\/div>\n\t\t\t\t\t<\/div>\n\t\t\t\t<\/div>\n\t\t<div class=\"elementor-element elementor-element-987fdff e-flex e-con-boxed e-con e-parent\" data-id=\"987fdff\" data-element_type=\"container\">\n\t\t\t\t\t<div class=\"e-con-inner\">\n\t\t\t\t<div class=\"elementor-element elementor-element-5c5e74b elementor-widget elementor-widget-block_titre\" data-id=\"5c5e74b\" data-element_type=\"widget\" data-widget_type=\"block_titre.default\">\n\t\t\t\t<div class=\"elementor-widget-container\">\n\t\t\t    <div class=\"container\">\n        <h2>\n            Association R\u00e9gionale des Missions Locales\n        <\/h2>\n    <\/div>\n\t\t<\/div>\n\t\t\t\t<\/div>\n\t\t\t\t\t<\/div>\n\t\t\t\t<\/div>\n\t\t<div class=\"elementor-element elementor-element-9e1b59c e-flex e-con-boxed e-con e-parent\" data-id=\"9e1b59c\" data-element_type=\"container\">\n\t\t\t\t\t<div class=\"e-con-inner\">\n\t\t\t\t<div class=\"elementor-element elementor-element-b0a413c elementor-widget elementor-widget-block_liens_fichiers\" data-id=\"b0a413c\" data-element_type=\"widget\" data-widget_type=\"block_liens_fichiers.default\">\n\t\t\t\t<div class=\"elementor-widget-container\">\n\t\t\t    <div class=\"container\">\n        <div class=\"my-4\">\n                                                                        <a href=\"https:\/\/www.missionslocalesnormandie.fr\/content\/uploads\/sites\/11\/2024\/06\/2.Enquete-Emploi-Numerique-REGARDS-CROISES-Jeunes-Entreprises-2023.pdf\" class=\"generic-link-file -pdf me-4 mb-3\"\n                           target=\"_blank\"\n                           rel=\"noopener noreferrer\">\n                            Missions Locales, Jeunes &amp; Entreprises\n                        <\/a>\n                                                        <\/div>\n    <\/div>\n\t\t<\/div>\n\t\t\t\t<\/div>\n\t\t\t\t\t<\/div>\n\t\t\t\t<\/div>\n\t\t\t\t<\/div>\n\t\t","protected":false},"excerpt":{"rendered":"<p>Mission Locale du Pays de Caux Vall\u00e9e de Seine Rapport d&#8217;activit\u00e9 2020 Rapport d&#8217;activit\u00e9 2021 Rapport d&#8217;activit\u00e9 2022 Rapport d&#8217;activit\u00e9 2023 Rapport d&#8217;activit\u00e9 2024 Diagnostic Territorial 2024 Enqu\u00eate Jeunes Projet Associatif &amp; Strat\u00e9gique Association R\u00e9gionale des Missions Locales Missions Locales, Jeunes &amp; Entreprises<\/p>\n","protected":false},"author":11,"featured_media":0,"parent":0,"menu_order":0,"comment_status":"closed","ping_status":"closed","template":"","meta":{"_acf_changed":false,"_crosspost_to_1":false,"_crosspost_to_2":false,"_crosspost_to_3":false,"_crosspost_to_4":false,"_crosspost_to_5":false,"_crosspost_to_6":false,"_crosspost_to_7":false,"_crosspost_to_8":false,"_crosspost_to_12":false,"_crosspost_to_13":false,"_crosspost_to_14":false,"_crosspost_to_15":false,"_crosspost_to_16":false,"inline_featured_image":false,"footnotes":""},"acf":[],"yoast_head":"<!-- This site is optimized with the Yoast SEO plugin v21.9.1 - https:\/\/yoast.com\/wordpress\/plugins\/seo\/ -->\n<title>Docs \u00e0 t\u00e9l\u00e9charger - MISSION LOCALE PAYS DE CAUX - VALLEE DE SEINE<\/title>\n<meta name=\"robots\" content=\"index, follow, max-snippet:-1, max-image-preview:large, max-video-preview:-1\" \/>\n<link rel=\"canonical\" href=\"https:\/\/www.missionslocalesnormandie.fr\/mission-locale-pays-caux-vallee-seine\/rapports-dactivite\/\" \/>\n<meta property=\"og:locale\" content=\"fr_FR\" \/>\n<meta property=\"og:type\" content=\"article\" \/>\n<meta property=\"og:title\" content=\"Docs \u00e0 t\u00e9l\u00e9charger - MISSION LOCALE PAYS DE CAUX - VALLEE DE SEINE\" \/>\n<meta property=\"og:description\" content=\"Mission Locale du Pays de Caux Vall\u00e9e de Seine Rapport d&#8217;activit\u00e9 2020 Rapport d&#8217;activit\u00e9 2021 Rapport d&#8217;activit\u00e9 2022 Rapport d&#8217;activit\u00e9 2023 Rapport d&#8217;activit\u00e9 2024 Diagnostic Territorial 2024 Enqu\u00eate Jeunes Projet Associatif &amp; Strat\u00e9gique Association R\u00e9gionale des Missions Locales Missions Locales, Jeunes &amp; Entreprises\" \/>\n<meta property=\"og:url\" content=\"https:\/\/www.missionslocalesnormandie.fr\/mission-locale-pays-caux-vallee-seine\/rapports-dactivite\/\" \/>\n<meta property=\"og:site_name\" content=\"MISSION LOCALE PAYS DE CAUX - VALLEE DE SEINE\" \/>\n<meta property=\"article:modified_time\" content=\"2025-06-27T13:49:29+00:00\" \/>\n<meta name=\"twitter:card\" content=\"summary_large_image\" \/>\n<meta name=\"twitter:label1\" content=\"Dur\u00e9e de lecture estim\u00e9e\" \/>\n\t<meta name=\"twitter:data1\" content=\"1 minute\" \/>\n<script type=\"application\/ld+json\" class=\"yoast-schema-graph\">{\"@context\":\"https:\/\/schema.org\",\"@graph\":[{\"@type\":\"WebPage\",\"@id\":\"https:\/\/www.missionslocalesnormandie.fr\/mission-locale-pays-caux-vallee-seine\/rapports-dactivite\/\",\"url\":\"https:\/\/www.missionslocalesnormandie.fr\/mission-locale-pays-caux-vallee-seine\/rapports-dactivite\/\",\"name\":\"Docs \u00e0 t\u00e9l\u00e9charger - MISSION LOCALE PAYS DE CAUX - VALLEE DE SEINE\",\"isPartOf\":{\"@id\":\"https:\/\/www.missionslocalesnormandie.fr\/mission-locale-pays-caux-vallee-seine\/#website\"},\"datePublished\":\"2024-03-12T09:08:04+00:00\",\"dateModified\":\"2025-06-27T13:49:29+00:00\",\"breadcrumb\":{\"@id\":\"https:\/\/www.missionslocalesnormandie.fr\/mission-locale-pays-caux-vallee-seine\/rapports-dactivite\/#breadcrumb\"},\"inLanguage\":\"fr-FR\",\"potentialAction\":[{\"@type\":\"ReadAction\",\"target\":[\"https:\/\/www.missionslocalesnormandie.fr\/mission-locale-pays-caux-vallee-seine\/rapports-dactivite\/\"]}]},{\"@type\":\"BreadcrumbList\",\"@id\":\"https:\/\/www.missionslocalesnormandie.fr\/mission-locale-pays-caux-vallee-seine\/rapports-dactivite\/#breadcrumb\",\"itemListElement\":[{\"@type\":\"ListItem\",\"position\":1,\"name\":\"Home\",\"item\":\"https:\/\/www.missionslocalesnormandie.fr\/mission-locale-pays-caux-vallee-seine\/\"},{\"@type\":\"ListItem\",\"position\":2,\"name\":\"Docs \u00e0 t\u00e9l\u00e9charger\"}]},{\"@type\":\"WebSite\",\"@id\":\"https:\/\/www.missionslocalesnormandie.fr\/mission-locale-pays-caux-vallee-seine\/#website\",\"url\":\"https:\/\/www.missionslocalesnormandie.fr\/mission-locale-pays-caux-vallee-seine\/\",\"name\":\"MISSION LOCALE PAYS DE CAUX - VALLEE DE SEINE\",\"description\":\"\",\"potentialAction\":[{\"@type\":\"SearchAction\",\"target\":{\"@type\":\"EntryPoint\",\"urlTemplate\":\"https:\/\/www.missionslocalesnormandie.fr\/mission-locale-pays-caux-vallee-seine\/?s={search_term_string}\"},\"query-input\":\"required name=search_term_string\"}],\"inLanguage\":\"fr-FR\"}]}<\/script>\n<!-- \/ Yoast SEO plugin. -->","yoast_head_json":{"title":"Docs \u00e0 t\u00e9l\u00e9charger - MISSION LOCALE PAYS DE CAUX - VALLEE DE SEINE","robots":{"index":"index","follow":"follow","max-snippet":"max-snippet:-1","max-image-preview":"max-image-preview:large","max-video-preview":"max-video-preview:-1"},"canonical":"https:\/\/www.missionslocalesnormandie.fr\/mission-locale-pays-caux-vallee-seine\/rapports-dactivite\/","og_locale":"fr_FR","og_type":"article","og_title":"Docs \u00e0 t\u00e9l\u00e9charger - MISSION LOCALE PAYS DE CAUX - VALLEE DE SEINE","og_description":"Mission Locale du Pays de Caux Vall\u00e9e de Seine Rapport d&#8217;activit\u00e9 2020 Rapport d&#8217;activit\u00e9 2021 Rapport d&#8217;activit\u00e9 2022 Rapport d&#8217;activit\u00e9 2023 Rapport d&#8217;activit\u00e9 2024 Diagnostic Territorial 2024 Enqu\u00eate Jeunes Projet Associatif &amp; Strat\u00e9gique Association R\u00e9gionale des Missions Locales Missions Locales, Jeunes &amp; Entreprises","og_url":"https:\/\/www.missionslocalesnormandie.fr\/mission-locale-pays-caux-vallee-seine\/rapports-dactivite\/","og_site_name":"MISSION LOCALE PAYS DE CAUX - VALLEE DE SEINE","article_modified_time":"2025-06-27T13:49:29+00:00","twitter_card":"summary_large_image","twitter_misc":{"Dur\u00e9e de lecture estim\u00e9e":"1 minute"},"schema":{"@context":"https:\/\/schema.org","@graph":[{"@type":"WebPage","@id":"https:\/\/www.missionslocalesnormandie.fr\/mission-locale-pays-caux-vallee-seine\/rapports-dactivite\/","url":"https:\/\/www.missionslocalesnormandie.fr\/mission-locale-pays-caux-vallee-seine\/rapports-dactivite\/","name":"Docs \u00e0 t\u00e9l\u00e9charger - MISSION LOCALE PAYS DE CAUX - VALLEE DE SEINE","isPartOf":{"@id":"https:\/\/www.missionslocalesnormandie.fr\/mission-locale-pays-caux-vallee-seine\/#website"},"datePublished":"2024-03-12T09:08:04+00:00","dateModified":"2025-06-27T13:49:29+00:00","breadcrumb":{"@id":"https:\/\/www.missionslocalesnormandie.fr\/mission-locale-pays-caux-vallee-seine\/rapports-dactivite\/#breadcrumb"},"inLanguage":"fr-FR","potentialAction":[{"@type":"ReadAction","target":["https:\/\/www.missionslocalesnormandie.fr\/mission-locale-pays-caux-vallee-seine\/rapports-dactivite\/"]}]},{"@type":"BreadcrumbList","@id":"https:\/\/www.missionslocalesnormandie.fr\/mission-locale-pays-caux-vallee-seine\/rapports-dactivite\/#breadcrumb","itemListElement":[{"@type":"ListItem","position":1,"name":"Home","item":"https:\/\/www.missionslocalesnormandie.fr\/mission-locale-pays-caux-vallee-seine\/"},{"@type":"ListItem","position":2,"name":"Docs \u00e0 t\u00e9l\u00e9charger"}]},{"@type":"WebSite","@id":"https:\/\/www.missionslocalesnormandie.fr\/mission-locale-pays-caux-vallee-seine\/#website","url":"https:\/\/www.missionslocalesnormandie.fr\/mission-locale-pays-caux-vallee-seine\/","name":"MISSION LOCALE PAYS DE CAUX - VALLEE DE SEINE","description":"","potentialAction":[{"@type":"SearchAction","target":{"@type":"EntryPoint","urlTemplate":"https:\/\/www.missionslocalesnormandie.fr\/mission-locale-pays-caux-vallee-seine\/?s={search_term_string}"},"query-input":"required name=search_term_string"}],"inLanguage":"fr-FR"}]}},"_links":{"self":[{"href":"https:\/\/www.missionslocalesnormandie.fr\/mission-locale-pays-caux-vallee-seine\/wp-json\/wp\/v2\/pages\/349"}],"collection":[{"href":"https:\/\/www.missionslocalesnormandie.fr\/mission-locale-pays-caux-vallee-seine\/wp-json\/wp\/v2\/pages"}],"about":[{"href":"https:\/\/www.missionslocalesnormandie.fr\/mission-locale-pays-caux-vallee-seine\/wp-json\/wp\/v2\/types\/page"}],"author":[{"embeddable":true,"href":"https:\/\/www.missionslocalesnormandie.fr\/mission-locale-pays-caux-vallee-seine\/wp-json\/wp\/v2\/users\/11"}],"replies":[{"embeddable":true,"href":"https:\/\/www.missionslocalesnormandie.fr\/mission-locale-pays-caux-vallee-seine\/wp-json\/wp\/v2\/comments?post=349"}],"version-history":[{"count":38,"href":"https:\/\/www.missionslocalesnormandie.fr\/mission-locale-pays-caux-vallee-seine\/wp-json\/wp\/v2\/pages\/349\/revisions"}],"predecessor-version":[{"id":1967,"href":"https:\/\/www.missionslocalesnormandie.fr\/mission-locale-pays-caux-vallee-seine\/wp-json\/wp\/v2\/pages\/349\/revisions\/1967"}],"wp:attachment":[{"href":"https:\/\/www.missionslocalesnormandie.fr\/mission-locale-pays-caux-vallee-seine\/wp-json\/wp\/v2\/media?parent=349"}],"curies":[{"name":"wp","href":"https:\/\/api.w.org\/{rel}","templated":true}]}}