{"id":394,"date":"2024-03-12T12:40:52","date_gmt":"2024-03-12T11:40:52","guid":{"rendered":"https:\/\/www.missionslocalesnormandie.fr\/mission-locale-pays-caux-vallee-seine\/?page_id=394"},"modified":"2024-03-28T11:58:13","modified_gmt":"2024-03-28T10:58:13","slug":"promouvoir-votre-secteur","status":"publish","type":"page","link":"https:\/\/www.missionslocalesnormandie.fr\/mission-locale-pays-caux-vallee-seine\/promouvoir-votre-secteur\/","title":{"rendered":"Promouvoir votre secteur"},"content":{"rendered":"\t\t<div data-elementor-type=\"wp-page\" data-elementor-id=\"394\" class=\"elementor elementor-394\">\n\t\t\t\t<div class=\"elementor-element elementor-element-42c0e9c e-flex e-con-boxed e-con e-parent\" data-id=\"42c0e9c\" data-element_type=\"container\">\n\t\t\t\t\t<div class=\"e-con-inner\">\n\t\t\t\t<div class=\"elementor-element elementor-element-458431a elementor-widget elementor-widget-block_intro\" data-id=\"458431a\" data-element_type=\"widget\" data-widget_type=\"block_intro.default\">\n\t\t\t\t<div class=\"elementor-widget-container\">\n\t\t\t    <div class=\"container\">\n        <div class=\"edito-intro\">\n            <p style=\"text-align: justify\"><span style=\"font-size: 18pt\"><em><span style=\"color: #2897d5\"><span style=\"color: #000000\">Une partie des jeunes que nous accompagnons a besoin d\u2019acqu\u00e9rir des connaissances et des comp\u00e9tences pour optimiser son insertion professionnelle.<\/span><\/span><\/em><\/span><\/p>\n        <\/div>\n    <\/div>\n\t\t<\/div>\n\t\t\t\t<\/div>\n\t\t\t\t\t<\/div>\n\t\t\t\t<\/div>\n\t\t<div class=\"elementor-element elementor-element-de5cd34 e-flex e-con-boxed e-con e-parent\" data-id=\"de5cd34\" data-element_type=\"container\">\n\t\t\t\t\t<div class=\"e-con-inner\">\n\t\t<div class=\"elementor-element elementor-element-57ee71b e-con-full e-flex e-con e-child\" data-id=\"57ee71b\" data-element_type=\"container\">\n\t\t\t\t<div class=\"elementor-element elementor-element-b83fb54 elementor-widget elementor-widget-block_titre\" data-id=\"b83fb54\" data-element_type=\"widget\" data-widget_type=\"block_titre.default\">\n\t\t\t\t<div class=\"elementor-widget-container\">\n\t\t\t    <div class=\"container\">\n        <h2>\n            Donner envie \u00e0 un jeune de choisir votre m\u00e9tier, votre secteur !\n        <\/h2>\n    <\/div>\n\t\t<\/div>\n\t\t\t\t<\/div>\n\t\t\t\t<div class=\"elementor-element elementor-element-f108ce2 elementor-widget elementor-widget-block_simple_texte\" data-id=\"f108ce2\" data-element_type=\"widget\" data-widget_type=\"block_simple_texte.default\">\n\t\t\t\t<div class=\"elementor-widget-container\">\n\t\t\t    <div class=\"container\">\n        <p><span style=\"font-size: 14pt\">Venez les rencontrer pour leur transmettre la connaissance de votre m\u00e9tier, votre passion et votre r\u00e9alit\u00e9.<\/span><\/p><p>\u00a0<\/p><p><span style=\"font-size: 14pt\">Partagez votre parcours, votre exp\u00e9rience autour d\u2019un temps d\u2019\u00e9changes sur les \u00e9volutions du secteur et les opportunit\u00e9s possibles.<\/span><\/p>\n    <\/div>\n\t\t<\/div>\n\t\t\t\t<\/div>\n\t\t\t\t<\/div>\n\t\t<div class=\"elementor-element elementor-element-eb35bec e-con-full e-flex e-con e-child\" data-id=\"eb35bec\" data-element_type=\"container\">\n\t\t\t\t<div class=\"elementor-element elementor-element-3175efc elementor-widget elementor-widget-block_simple_visuel\" data-id=\"3175efc\" data-element_type=\"widget\" data-widget_type=\"block_simple_visuel.default\">\n\t\t\t\t<div class=\"elementor-widget-container\">\n\t\t\t    <div class=\"container\">\n        <figure>\n                        \n                                                            <a href=\"https:\/\/www.missionslocalesnormandie.fr\/content\/uploads\/sites\/11\/2024\/03\/AdobeStock_484065564.png\">\n                    <img decoding=\"async\" src=\"https:\/\/www.missionslocalesnormandie.fr\/content\/uploads\/sites\/11\/2024\/03\/AdobeStock_484065564-950x595-c-default.png\"\n                         alt=\"MISSION LOCALE PAYS DE CAUX - VALLEE DE SEINE\"\/>\n                <\/a>\n            \n                    <\/figure>\n    <\/div>\n\t\t<\/div>\n\t\t\t\t<\/div>\n\t\t\t\t<\/div>\n\t\t\t\t\t<\/div>\n\t\t\t\t<\/div>\n\t\t<div class=\"elementor-element elementor-element-1a7155d e-flex e-con-boxed e-con e-parent\" data-id=\"1a7155d\" data-element_type=\"container\">\n\t\t\t\t\t<div class=\"e-con-inner\">\n\t\t<div class=\"elementor-element elementor-element-85d359b e-con-full e-flex e-con e-child\" data-id=\"85d359b\" data-element_type=\"container\">\n\t\t\t\t<div class=\"elementor-element elementor-element-a801e78 elementor-widget elementor-widget-block_titre\" data-id=\"a801e78\" data-element_type=\"widget\" data-widget_type=\"block_titre.default\">\n\t\t\t\t<div class=\"elementor-widget-container\">\n\t\t\t    <div class=\"container\">\n        <h3>\n            Diff\u00e9rentes possibilit\u00e9s peuvent vous \u00eatre propos\u00e9es :\n        <\/h3>\n    <\/div>\n\t\t<\/div>\n\t\t\t\t<\/div>\n\t\t\t\t<div class=\"elementor-element elementor-element-37ad6f3 elementor-widget elementor-widget-block_simple_texte\" data-id=\"37ad6f3\" data-element_type=\"widget\" data-widget_type=\"block_simple_texte.default\">\n\t\t\t\t<div class=\"elementor-widget-container\">\n\t\t\t    <div class=\"container\">\n        <ul><li><span style=\"font-size: 14pt\">participation \u00e0 des s\u00e9ances de d\u00e9couvertes\u00a0m\u00e9tiers<\/span><\/li><li><span style=\"font-size: 14pt\">visite\u00a0de votre entreprise<\/span><\/li><li><span style=\"font-size: 14pt\">parrainage\u00a0de promotion de jeunes en \u00e9laboration de leur projet professionnel<\/span><\/li><li><span style=\"font-size: 14pt\">participation \u00e0 des \u00e9v\u00e9nements\u00a0emploi<\/span><\/li><li><span style=\"font-size: 14pt\">coaching individuel,\u00a0mentorat<\/span><\/li><\/ul>\n    <\/div>\n\t\t<\/div>\n\t\t\t\t<\/div>\n\t\t\t\t<\/div>\n\t\t<div class=\"elementor-element elementor-element-b5b9e09 e-con-full e-flex e-con e-child\" data-id=\"b5b9e09\" data-element_type=\"container\">\n\t\t\t\t<div class=\"elementor-element elementor-element-46e8ec3 elementor-widget elementor-widget-block_simple_visuel\" data-id=\"46e8ec3\" data-element_type=\"widget\" data-widget_type=\"block_simple_visuel.default\">\n\t\t\t\t<div class=\"elementor-widget-container\">\n\t\t\t    <div class=\"container\">\n        <figure>\n                        \n                                                            <a href=\"https:\/\/www.missionslocalesnormandie.fr\/content\/uploads\/sites\/11\/2024\/03\/PONTICELLI.png\">\n                    <img decoding=\"async\" src=\"https:\/\/www.missionslocalesnormandie.fr\/content\/uploads\/sites\/11\/2024\/03\/PONTICELLI-950x595-c-default.png\"\n                         alt=\"MISSION LOCALE PAYS DE CAUX - VALLEE DE SEINE\"\/>\n                <\/a>\n            \n                    <\/figure>\n    <\/div>\n\t\t<\/div>\n\t\t\t\t<\/div>\n\t\t\t\t<\/div>\n\t\t\t\t\t<\/div>\n\t\t\t\t<\/div>\n\t\t<div class=\"elementor-element elementor-element-dd3afaf e-flex e-con-boxed e-con e-parent\" data-id=\"dd3afaf\" data-element_type=\"container\">\n\t\t\t\t\t<div class=\"e-con-inner\">\n\t\t\t\t<div class=\"elementor-element elementor-element-25b41af elementor-widget elementor-widget-block_titre\" data-id=\"25b41af\" data-element_type=\"widget\" data-widget_type=\"block_titre.default\">\n\t\t\t\t<div class=\"elementor-widget-container\">\n\t\t\t    <div class=\"container\">\n        <h2>\n            Ils nous font confiance\n        <\/h2>\n    <\/div>\n\t\t<\/div>\n\t\t\t\t<\/div>\n\t\t\t\t\t<\/div>\n\t\t\t\t<\/div>\n\t\t\t\t<\/div>\n\t\t","protected":false},"excerpt":{"rendered":"<p>Une partie des jeunes que nous accompagnons a besoin d\u2019acqu\u00e9rir des connaissances et des comp\u00e9tences pour optimiser son insertion professionnelle. Donner envie \u00e0 un jeune de choisir votre m\u00e9tier, votre secteur ! Venez les rencontrer pour leur transmettre la connaissance de votre m\u00e9tier, votre passion et votre r\u00e9alit\u00e9. \u00a0 Partagez votre parcours, votre exp\u00e9rience autour [&hellip;]<\/p>\n","protected":false},"author":11,"featured_media":0,"parent":0,"menu_order":0,"comment_status":"closed","ping_status":"closed","template":"","meta":{"_acf_changed":false,"_crosspost_to_1":false,"_crosspost_to_2":false,"_crosspost_to_3":false,"_crosspost_to_4":false,"_crosspost_to_5":false,"_crosspost_to_6":false,"_crosspost_to_7":false,"_crosspost_to_8":false,"_crosspost_to_12":false,"_crosspost_to_13":false,"_crosspost_to_14":false,"_crosspost_to_15":false,"_crosspost_to_16":false,"inline_featured_image":false,"footnotes":""},"acf":[],"yoast_head":"<!-- This site is optimized with the Yoast SEO plugin v21.9.1 - https:\/\/yoast.com\/wordpress\/plugins\/seo\/ -->\n<title>Promouvoir votre secteur - MISSION LOCALE PAYS DE CAUX - VALLEE DE SEINE<\/title>\n<meta name=\"robots\" content=\"index, follow, max-snippet:-1, max-image-preview:large, max-video-preview:-1\" \/>\n<link rel=\"canonical\" href=\"https:\/\/www.missionslocalesnormandie.fr\/mission-locale-pays-caux-vallee-seine\/promouvoir-votre-secteur\/\" \/>\n<meta property=\"og:locale\" content=\"fr_FR\" \/>\n<meta property=\"og:type\" content=\"article\" \/>\n<meta property=\"og:title\" content=\"Promouvoir votre secteur - MISSION LOCALE PAYS DE CAUX - VALLEE DE SEINE\" \/>\n<meta property=\"og:description\" content=\"Une partie des jeunes que nous accompagnons a besoin d\u2019acqu\u00e9rir des connaissances et des comp\u00e9tences pour optimiser son insertion professionnelle. Donner envie \u00e0 un jeune de choisir votre m\u00e9tier, votre secteur ! Venez les rencontrer pour leur transmettre la connaissance de votre m\u00e9tier, votre passion et votre r\u00e9alit\u00e9. \u00a0 Partagez votre parcours, votre exp\u00e9rience autour [&hellip;]\" \/>\n<meta property=\"og:url\" content=\"https:\/\/www.missionslocalesnormandie.fr\/mission-locale-pays-caux-vallee-seine\/promouvoir-votre-secteur\/\" \/>\n<meta property=\"og:site_name\" content=\"MISSION LOCALE PAYS DE CAUX - VALLEE DE SEINE\" \/>\n<meta property=\"article:modified_time\" content=\"2024-03-28T10:58:13+00:00\" \/>\n<meta property=\"og:image\" content=\"https:\/\/www.missionslocalesnormandie.fr\/content\/uploads\/sites\/11\/2024\/03\/AdobeStock_484065564-950x595-c-default.png\" \/>\n<meta name=\"twitter:card\" content=\"summary_large_image\" \/>\n<meta name=\"twitter:label1\" content=\"Dur\u00e9e de lecture estim\u00e9e\" \/>\n\t<meta name=\"twitter:data1\" content=\"1 minute\" \/>\n<script type=\"application\/ld+json\" class=\"yoast-schema-graph\">{\"@context\":\"https:\/\/schema.org\",\"@graph\":[{\"@type\":\"WebPage\",\"@id\":\"https:\/\/www.missionslocalesnormandie.fr\/mission-locale-pays-caux-vallee-seine\/promouvoir-votre-secteur\/\",\"url\":\"https:\/\/www.missionslocalesnormandie.fr\/mission-locale-pays-caux-vallee-seine\/promouvoir-votre-secteur\/\",\"name\":\"Promouvoir votre secteur - MISSION LOCALE PAYS DE CAUX - VALLEE DE SEINE\",\"isPartOf\":{\"@id\":\"https:\/\/www.missionslocalesnormandie.fr\/mission-locale-pays-caux-vallee-seine\/#website\"},\"datePublished\":\"2024-03-12T11:40:52+00:00\",\"dateModified\":\"2024-03-28T10:58:13+00:00\",\"breadcrumb\":{\"@id\":\"https:\/\/www.missionslocalesnormandie.fr\/mission-locale-pays-caux-vallee-seine\/promouvoir-votre-secteur\/#breadcrumb\"},\"inLanguage\":\"fr-FR\",\"potentialAction\":[{\"@type\":\"ReadAction\",\"target\":[\"https:\/\/www.missionslocalesnormandie.fr\/mission-locale-pays-caux-vallee-seine\/promouvoir-votre-secteur\/\"]}]},{\"@type\":\"BreadcrumbList\",\"@id\":\"https:\/\/www.missionslocalesnormandie.fr\/mission-locale-pays-caux-vallee-seine\/promouvoir-votre-secteur\/#breadcrumb\",\"itemListElement\":[{\"@type\":\"ListItem\",\"position\":1,\"name\":\"Home\",\"item\":\"https:\/\/www.missionslocalesnormandie.fr\/mission-locale-pays-caux-vallee-seine\/\"},{\"@type\":\"ListItem\",\"position\":2,\"name\":\"Promouvoir votre secteur\"}]},{\"@type\":\"WebSite\",\"@id\":\"https:\/\/www.missionslocalesnormandie.fr\/mission-locale-pays-caux-vallee-seine\/#website\",\"url\":\"https:\/\/www.missionslocalesnormandie.fr\/mission-locale-pays-caux-vallee-seine\/\",\"name\":\"MISSION LOCALE PAYS DE CAUX - VALLEE DE SEINE\",\"description\":\"\",\"potentialAction\":[{\"@type\":\"SearchAction\",\"target\":{\"@type\":\"EntryPoint\",\"urlTemplate\":\"https:\/\/www.missionslocalesnormandie.fr\/mission-locale-pays-caux-vallee-seine\/?s={search_term_string}\"},\"query-input\":\"required name=search_term_string\"}],\"inLanguage\":\"fr-FR\"}]}<\/script>\n<!-- \/ Yoast SEO plugin. -->","yoast_head_json":{"title":"Promouvoir votre secteur - MISSION LOCALE PAYS DE CAUX - VALLEE DE SEINE","robots":{"index":"index","follow":"follow","max-snippet":"max-snippet:-1","max-image-preview":"max-image-preview:large","max-video-preview":"max-video-preview:-1"},"canonical":"https:\/\/www.missionslocalesnormandie.fr\/mission-locale-pays-caux-vallee-seine\/promouvoir-votre-secteur\/","og_locale":"fr_FR","og_type":"article","og_title":"Promouvoir votre secteur - MISSION LOCALE PAYS DE CAUX - VALLEE DE SEINE","og_description":"Une partie des jeunes que nous accompagnons a besoin d\u2019acqu\u00e9rir des connaissances et des comp\u00e9tences pour optimiser son insertion professionnelle. Donner envie \u00e0 un jeune de choisir votre m\u00e9tier, votre secteur ! Venez les rencontrer pour leur transmettre la connaissance de votre m\u00e9tier, votre passion et votre r\u00e9alit\u00e9. \u00a0 Partagez votre parcours, votre exp\u00e9rience autour [&hellip;]","og_url":"https:\/\/www.missionslocalesnormandie.fr\/mission-locale-pays-caux-vallee-seine\/promouvoir-votre-secteur\/","og_site_name":"MISSION LOCALE PAYS DE CAUX - VALLEE DE SEINE","article_modified_time":"2024-03-28T10:58:13+00:00","og_image":[{"url":"https:\/\/www.missionslocalesnormandie.fr\/content\/uploads\/sites\/11\/2024\/03\/AdobeStock_484065564-950x595-c-default.png"}],"twitter_card":"summary_large_image","twitter_misc":{"Dur\u00e9e de lecture estim\u00e9e":"1 minute"},"schema":{"@context":"https:\/\/schema.org","@graph":[{"@type":"WebPage","@id":"https:\/\/www.missionslocalesnormandie.fr\/mission-locale-pays-caux-vallee-seine\/promouvoir-votre-secteur\/","url":"https:\/\/www.missionslocalesnormandie.fr\/mission-locale-pays-caux-vallee-seine\/promouvoir-votre-secteur\/","name":"Promouvoir votre secteur - MISSION LOCALE PAYS DE CAUX - VALLEE DE SEINE","isPartOf":{"@id":"https:\/\/www.missionslocalesnormandie.fr\/mission-locale-pays-caux-vallee-seine\/#website"},"datePublished":"2024-03-12T11:40:52+00:00","dateModified":"2024-03-28T10:58:13+00:00","breadcrumb":{"@id":"https:\/\/www.missionslocalesnormandie.fr\/mission-locale-pays-caux-vallee-seine\/promouvoir-votre-secteur\/#breadcrumb"},"inLanguage":"fr-FR","potentialAction":[{"@type":"ReadAction","target":["https:\/\/www.missionslocalesnormandie.fr\/mission-locale-pays-caux-vallee-seine\/promouvoir-votre-secteur\/"]}]},{"@type":"BreadcrumbList","@id":"https:\/\/www.missionslocalesnormandie.fr\/mission-locale-pays-caux-vallee-seine\/promouvoir-votre-secteur\/#breadcrumb","itemListElement":[{"@type":"ListItem","position":1,"name":"Home","item":"https:\/\/www.missionslocalesnormandie.fr\/mission-locale-pays-caux-vallee-seine\/"},{"@type":"ListItem","position":2,"name":"Promouvoir votre secteur"}]},{"@type":"WebSite","@id":"https:\/\/www.missionslocalesnormandie.fr\/mission-locale-pays-caux-vallee-seine\/#website","url":"https:\/\/www.missionslocalesnormandie.fr\/mission-locale-pays-caux-vallee-seine\/","name":"MISSION LOCALE PAYS DE CAUX - VALLEE DE SEINE","description":"","potentialAction":[{"@type":"SearchAction","target":{"@type":"EntryPoint","urlTemplate":"https:\/\/www.missionslocalesnormandie.fr\/mission-locale-pays-caux-vallee-seine\/?s={search_term_string}"},"query-input":"required name=search_term_string"}],"inLanguage":"fr-FR"}]}},"_links":{"self":[{"href":"https:\/\/www.missionslocalesnormandie.fr\/mission-locale-pays-caux-vallee-seine\/wp-json\/wp\/v2\/pages\/394"}],"collection":[{"href":"https:\/\/www.missionslocalesnormandie.fr\/mission-locale-pays-caux-vallee-seine\/wp-json\/wp\/v2\/pages"}],"about":[{"href":"https:\/\/www.missionslocalesnormandie.fr\/mission-locale-pays-caux-vallee-seine\/wp-json\/wp\/v2\/types\/page"}],"author":[{"embeddable":true,"href":"https:\/\/www.missionslocalesnormandie.fr\/mission-locale-pays-caux-vallee-seine\/wp-json\/wp\/v2\/users\/11"}],"replies":[{"embeddable":true,"href":"https:\/\/www.missionslocalesnormandie.fr\/mission-locale-pays-caux-vallee-seine\/wp-json\/wp\/v2\/comments?post=394"}],"version-history":[{"count":37,"href":"https:\/\/www.missionslocalesnormandie.fr\/mission-locale-pays-caux-vallee-seine\/wp-json\/wp\/v2\/pages\/394\/revisions"}],"predecessor-version":[{"id":1334,"href":"https:\/\/www.missionslocalesnormandie.fr\/mission-locale-pays-caux-vallee-seine\/wp-json\/wp\/v2\/pages\/394\/revisions\/1334"}],"wp:attachment":[{"href":"https:\/\/www.missionslocalesnormandie.fr\/mission-locale-pays-caux-vallee-seine\/wp-json\/wp\/v2\/media?parent=394"}],"curies":[{"name":"wp","href":"https:\/\/api.w.org\/{rel}","templated":true}]}}