{"id":396,"date":"2024-03-12T12:41:05","date_gmt":"2024-03-12T11:41:05","guid":{"rendered":"https:\/\/www.missionslocalesnormandie.fr\/mission-locale-pays-caux-vallee-seine\/?page_id=396"},"modified":"2024-04-16T17:12:39","modified_gmt":"2024-04-16T15:12:39","slug":"taxe-dapprentissage","status":"publish","type":"page","link":"https:\/\/www.missionslocalesnormandie.fr\/mission-locale-pays-caux-vallee-seine\/taxe-dapprentissage\/","title":{"rendered":"Taxe d&#8217;apprentissage"},"content":{"rendered":"\t\t<div data-elementor-type=\"wp-page\" data-elementor-id=\"396\" class=\"elementor elementor-396\">\n\t\t\t\t<div class=\"elementor-element elementor-element-692a016 e-flex e-con-boxed e-con e-parent\" data-id=\"692a016\" data-element_type=\"container\">\n\t\t\t\t\t<div class=\"e-con-inner\">\n\t\t\t\t<div class=\"elementor-element elementor-element-fe8ba08 elementor-widget elementor-widget-block_titre\" data-id=\"fe8ba08\" data-element_type=\"widget\" data-widget_type=\"block_titre.default\">\n\t\t\t\t<div class=\"elementor-widget-container\">\n\t\t\t    <div class=\"container\">\n        <h2>\n            Soutenez l'insertion des jeunes en versant le solde de votre taxe d'apprentissage \u00e0 la Mission Locale !\n        <\/h2>\n    <\/div>\n\t\t<\/div>\n\t\t\t\t<\/div>\n\t\t\t\t\t<\/div>\n\t\t\t\t<\/div>\n\t\t<div class=\"elementor-element elementor-element-aead20b e-flex e-con-boxed e-con e-parent\" data-id=\"aead20b\" data-element_type=\"container\">\n\t\t\t\t\t<div class=\"e-con-inner\">\n\t\t<div class=\"elementor-element elementor-element-c86891e e-con-full e-flex e-con e-child\" data-id=\"c86891e\" data-element_type=\"container\">\n\t\t\t\t<div class=\"elementor-element elementor-element-9b4724b elementor-widget elementor-widget-block_simple_texte\" data-id=\"9b4724b\" data-element_type=\"widget\" data-widget_type=\"block_simple_texte.default\">\n\t\t\t\t<div class=\"elementor-widget-container\">\n\t\t\t    <div class=\"container\">\n        <p><span style=\"font-size: 14pt\">La Mission Locale est habilit\u00e9e \u00e0 percevoir le solde de la Taxe d\u2019Apprentissage au titre de : \u00ab Organisme participant au Service Public de l\u2019Orientation tout au long de sa vie \u00bb C\u2019est le seul imp\u00f4t pour lequel le l\u00e9gislateur laisse une libert\u00e9 d\u2019attribution aux entreprises.<\/span><\/p><p><span style=\"color: #800080;font-size: 14pt\"><b>La taxe d\u2019apprentissage r\u00e9colt\u00e9e est destin\u00e9e \u00e0 renforcer nos actions en faveur de la formation et l\u2019employabilit\u00e9 des jeunes de 16 \u00e0 25 ans <\/b><\/span><\/p><p><span style=\"font-size: 14pt\">Les Missions Locales sont des organismes charg\u00e9s d\u2019aider les jeunes de 16 \u00e0 25 ans \u00e0 r\u00e9soudre l\u2019ensemble des difficult\u00e9s li\u00e9es \u00e0 leur insertion professionnelle et sociale. La Mission Locale accompagne tous les jeunes vers l\u2019acc\u00e8s \u00e0 l\u2019autonomie et \u00e0 l\u2019emploi.<\/span><\/p>\n    <\/div>\n\t\t<\/div>\n\t\t\t\t<\/div>\n\t\t\t\t<\/div>\n\t\t<div class=\"elementor-element elementor-element-3afb44b e-con-full e-flex e-con e-child\" data-id=\"3afb44b\" data-element_type=\"container\">\n\t\t\t\t<div class=\"elementor-element elementor-element-41fc27c elementor-widget elementor-widget-block_simple_embed\" data-id=\"41fc27c\" data-element_type=\"widget\" data-widget_type=\"block_simple_embed.default\">\n\t\t\t\t<div class=\"elementor-widget-container\">\n\t\t\t<div class=\"container\">\n    <div class=\"embed-wrapper ratio ratio-16x9 my-4\">\n                <iframe src=\"https:\/\/www.youtube.com\/embed\/7vb9tAc4WZE\"\n                allowfullscreen><\/iframe>\n            <\/div>\n<\/div>\t\t<\/div>\n\t\t\t\t<\/div>\n\t\t\t\t<\/div>\n\t\t\t\t\t<\/div>\n\t\t\t\t<\/div>\n\t\t<div class=\"elementor-element elementor-element-32346cc e-flex e-con-boxed e-con e-parent\" data-id=\"32346cc\" data-element_type=\"container\">\n\t\t\t\t\t<div class=\"e-con-inner\">\n\t\t\t\t<div class=\"elementor-element elementor-element-c7521e4 elementor-widget elementor-widget-block_simple_texte\" data-id=\"c7521e4\" data-element_type=\"widget\" data-widget_type=\"block_simple_texte.default\">\n\t\t\t\t<div class=\"elementor-widget-container\">\n\t\t\t    <div class=\"container\">\n        <p><span style=\"color: #800080;font-size: 14pt\"><b>Permettez aux jeunes de vivre des exp\u00e9riences de d\u00e9couverte du monde professionnel <\/b><\/span><\/p><p><span style=\"font-size: 14pt\">Les Missions Locales d\u00e9veloppent de nombreuses actions pour la d\u00e9couverte de vos m\u00e9tiers, notamment dans les secteurs qui recrutent : visites d\u2019entreprises, rencontres de professionnels, mise en place de stages conventionn\u00e9s...<\/span><\/p><p><span style=\"font-size: 14pt\">Les jeunes sont accompagn\u00e9s vers l\u2019emploi (travail sur le projet professionnel, r\u00e9daction de CV et lettre de motivation, pr\u00e9paration aux entretiens d\u2019embauche, r\u00e9seau de parrainage\u2026) et pendant la p\u00e9riode d\u2019int\u00e9gration dans l\u2019entreprise.<\/span><\/p><p><span style=\"color: #800080;font-size: 14pt\"><b>R\u00e9pondre aux besoins en comp\u00e9tences des entreprises <\/b><\/span><\/p><p><span style=\"font-size: 14pt\">Les Missions Locales travaillent \u00e0 vos c\u00f4t\u00e9s pour comprendre vos besoins en comp\u00e9tences et trouver les jeunes ayant le profil ad\u00e9quat. Nous jouons aussi notre r\u00f4le d\u2019observatoire du territoire en faisant remonter aux instances comp\u00e9tentes (Etat, R\u00e9gion, Collectivit\u00e9s Territoriales\u2026) vos besoins en mati\u00e8re de formation ou dispositifs facilitant l\u2019emploi des jeunes.<\/span><\/p>\n    <\/div>\n\t\t<\/div>\n\t\t\t\t<\/div>\n\t\t\t\t\t<\/div>\n\t\t\t\t<\/div>\n\t\t\t\t<\/div>\n\t\t","protected":false},"excerpt":{"rendered":"<p>Soutenez l&#8217;insertion des jeunes en versant le solde de votre taxe d&#8217;apprentissage \u00e0 la Mission Locale ! La Mission Locale est habilit\u00e9e \u00e0 percevoir le solde de la Taxe d\u2019Apprentissage au titre de : \u00ab Organisme participant au Service Public de l\u2019Orientation tout au long de sa vie \u00bb C\u2019est le seul imp\u00f4t pour lequel [&hellip;]<\/p>\n","protected":false},"author":11,"featured_media":0,"parent":0,"menu_order":0,"comment_status":"closed","ping_status":"closed","template":"","meta":{"_acf_changed":false,"_crosspost_to_1":false,"_crosspost_to_2":false,"_crosspost_to_3":false,"_crosspost_to_4":false,"_crosspost_to_5":false,"_crosspost_to_6":false,"_crosspost_to_7":false,"_crosspost_to_8":false,"_crosspost_to_12":false,"_crosspost_to_13":false,"_crosspost_to_14":false,"_crosspost_to_15":false,"_crosspost_to_16":false,"inline_featured_image":false,"footnotes":""},"acf":[],"yoast_head":"<!-- This site is optimized with the Yoast SEO plugin v21.9.1 - https:\/\/yoast.com\/wordpress\/plugins\/seo\/ -->\n<title>Taxe d&#039;apprentissage - MISSION LOCALE PAYS DE CAUX - VALLEE DE SEINE<\/title>\n<meta name=\"robots\" content=\"index, follow, max-snippet:-1, max-image-preview:large, max-video-preview:-1\" \/>\n<link rel=\"canonical\" href=\"https:\/\/www.missionslocalesnormandie.fr\/mission-locale-pays-caux-vallee-seine\/taxe-dapprentissage\/\" \/>\n<meta property=\"og:locale\" content=\"fr_FR\" \/>\n<meta property=\"og:type\" content=\"article\" \/>\n<meta property=\"og:title\" content=\"Taxe d&#039;apprentissage - MISSION LOCALE PAYS DE CAUX - VALLEE DE SEINE\" \/>\n<meta property=\"og:description\" content=\"Soutenez l&#8217;insertion des jeunes en versant le solde de votre taxe d&#8217;apprentissage \u00e0 la Mission Locale ! La Mission Locale est habilit\u00e9e \u00e0 percevoir le solde de la Taxe d\u2019Apprentissage au titre de : \u00ab Organisme participant au Service Public de l\u2019Orientation tout au long de sa vie \u00bb C\u2019est le seul imp\u00f4t pour lequel [&hellip;]\" \/>\n<meta property=\"og:url\" content=\"https:\/\/www.missionslocalesnormandie.fr\/mission-locale-pays-caux-vallee-seine\/taxe-dapprentissage\/\" \/>\n<meta property=\"og:site_name\" content=\"MISSION LOCALE PAYS DE CAUX - VALLEE DE SEINE\" \/>\n<meta property=\"article:modified_time\" content=\"2024-04-16T15:12:39+00:00\" \/>\n<meta name=\"twitter:card\" content=\"summary_large_image\" \/>\n<meta name=\"twitter:label1\" content=\"Dur\u00e9e de lecture estim\u00e9e\" \/>\n\t<meta name=\"twitter:data1\" content=\"2 minutes\" \/>\n<script type=\"application\/ld+json\" class=\"yoast-schema-graph\">{\"@context\":\"https:\/\/schema.org\",\"@graph\":[{\"@type\":\"WebPage\",\"@id\":\"https:\/\/www.missionslocalesnormandie.fr\/mission-locale-pays-caux-vallee-seine\/taxe-dapprentissage\/\",\"url\":\"https:\/\/www.missionslocalesnormandie.fr\/mission-locale-pays-caux-vallee-seine\/taxe-dapprentissage\/\",\"name\":\"Taxe d'apprentissage - MISSION LOCALE PAYS DE CAUX - VALLEE DE SEINE\",\"isPartOf\":{\"@id\":\"https:\/\/www.missionslocalesnormandie.fr\/mission-locale-pays-caux-vallee-seine\/#website\"},\"datePublished\":\"2024-03-12T11:41:05+00:00\",\"dateModified\":\"2024-04-16T15:12:39+00:00\",\"breadcrumb\":{\"@id\":\"https:\/\/www.missionslocalesnormandie.fr\/mission-locale-pays-caux-vallee-seine\/taxe-dapprentissage\/#breadcrumb\"},\"inLanguage\":\"fr-FR\",\"potentialAction\":[{\"@type\":\"ReadAction\",\"target\":[\"https:\/\/www.missionslocalesnormandie.fr\/mission-locale-pays-caux-vallee-seine\/taxe-dapprentissage\/\"]}]},{\"@type\":\"BreadcrumbList\",\"@id\":\"https:\/\/www.missionslocalesnormandie.fr\/mission-locale-pays-caux-vallee-seine\/taxe-dapprentissage\/#breadcrumb\",\"itemListElement\":[{\"@type\":\"ListItem\",\"position\":1,\"name\":\"Home\",\"item\":\"https:\/\/www.missionslocalesnormandie.fr\/mission-locale-pays-caux-vallee-seine\/\"},{\"@type\":\"ListItem\",\"position\":2,\"name\":\"Taxe d&rsquo;apprentissage\"}]},{\"@type\":\"WebSite\",\"@id\":\"https:\/\/www.missionslocalesnormandie.fr\/mission-locale-pays-caux-vallee-seine\/#website\",\"url\":\"https:\/\/www.missionslocalesnormandie.fr\/mission-locale-pays-caux-vallee-seine\/\",\"name\":\"MISSION LOCALE PAYS DE CAUX - VALLEE DE SEINE\",\"description\":\"\",\"potentialAction\":[{\"@type\":\"SearchAction\",\"target\":{\"@type\":\"EntryPoint\",\"urlTemplate\":\"https:\/\/www.missionslocalesnormandie.fr\/mission-locale-pays-caux-vallee-seine\/?s={search_term_string}\"},\"query-input\":\"required name=search_term_string\"}],\"inLanguage\":\"fr-FR\"}]}<\/script>\n<!-- \/ Yoast SEO plugin. -->","yoast_head_json":{"title":"Taxe d'apprentissage - MISSION LOCALE PAYS DE CAUX - VALLEE DE SEINE","robots":{"index":"index","follow":"follow","max-snippet":"max-snippet:-1","max-image-preview":"max-image-preview:large","max-video-preview":"max-video-preview:-1"},"canonical":"https:\/\/www.missionslocalesnormandie.fr\/mission-locale-pays-caux-vallee-seine\/taxe-dapprentissage\/","og_locale":"fr_FR","og_type":"article","og_title":"Taxe d'apprentissage - MISSION LOCALE PAYS DE CAUX - VALLEE DE SEINE","og_description":"Soutenez l&#8217;insertion des jeunes en versant le solde de votre taxe d&#8217;apprentissage \u00e0 la Mission Locale ! La Mission Locale est habilit\u00e9e \u00e0 percevoir le solde de la Taxe d\u2019Apprentissage au titre de : \u00ab Organisme participant au Service Public de l\u2019Orientation tout au long de sa vie \u00bb C\u2019est le seul imp\u00f4t pour lequel [&hellip;]","og_url":"https:\/\/www.missionslocalesnormandie.fr\/mission-locale-pays-caux-vallee-seine\/taxe-dapprentissage\/","og_site_name":"MISSION LOCALE PAYS DE CAUX - VALLEE DE SEINE","article_modified_time":"2024-04-16T15:12:39+00:00","twitter_card":"summary_large_image","twitter_misc":{"Dur\u00e9e de lecture estim\u00e9e":"2 minutes"},"schema":{"@context":"https:\/\/schema.org","@graph":[{"@type":"WebPage","@id":"https:\/\/www.missionslocalesnormandie.fr\/mission-locale-pays-caux-vallee-seine\/taxe-dapprentissage\/","url":"https:\/\/www.missionslocalesnormandie.fr\/mission-locale-pays-caux-vallee-seine\/taxe-dapprentissage\/","name":"Taxe d'apprentissage - MISSION LOCALE PAYS DE CAUX - VALLEE DE SEINE","isPartOf":{"@id":"https:\/\/www.missionslocalesnormandie.fr\/mission-locale-pays-caux-vallee-seine\/#website"},"datePublished":"2024-03-12T11:41:05+00:00","dateModified":"2024-04-16T15:12:39+00:00","breadcrumb":{"@id":"https:\/\/www.missionslocalesnormandie.fr\/mission-locale-pays-caux-vallee-seine\/taxe-dapprentissage\/#breadcrumb"},"inLanguage":"fr-FR","potentialAction":[{"@type":"ReadAction","target":["https:\/\/www.missionslocalesnormandie.fr\/mission-locale-pays-caux-vallee-seine\/taxe-dapprentissage\/"]}]},{"@type":"BreadcrumbList","@id":"https:\/\/www.missionslocalesnormandie.fr\/mission-locale-pays-caux-vallee-seine\/taxe-dapprentissage\/#breadcrumb","itemListElement":[{"@type":"ListItem","position":1,"name":"Home","item":"https:\/\/www.missionslocalesnormandie.fr\/mission-locale-pays-caux-vallee-seine\/"},{"@type":"ListItem","position":2,"name":"Taxe d&rsquo;apprentissage"}]},{"@type":"WebSite","@id":"https:\/\/www.missionslocalesnormandie.fr\/mission-locale-pays-caux-vallee-seine\/#website","url":"https:\/\/www.missionslocalesnormandie.fr\/mission-locale-pays-caux-vallee-seine\/","name":"MISSION LOCALE PAYS DE CAUX - VALLEE DE SEINE","description":"","potentialAction":[{"@type":"SearchAction","target":{"@type":"EntryPoint","urlTemplate":"https:\/\/www.missionslocalesnormandie.fr\/mission-locale-pays-caux-vallee-seine\/?s={search_term_string}"},"query-input":"required name=search_term_string"}],"inLanguage":"fr-FR"}]}},"_links":{"self":[{"href":"https:\/\/www.missionslocalesnormandie.fr\/mission-locale-pays-caux-vallee-seine\/wp-json\/wp\/v2\/pages\/396"}],"collection":[{"href":"https:\/\/www.missionslocalesnormandie.fr\/mission-locale-pays-caux-vallee-seine\/wp-json\/wp\/v2\/pages"}],"about":[{"href":"https:\/\/www.missionslocalesnormandie.fr\/mission-locale-pays-caux-vallee-seine\/wp-json\/wp\/v2\/types\/page"}],"author":[{"embeddable":true,"href":"https:\/\/www.missionslocalesnormandie.fr\/mission-locale-pays-caux-vallee-seine\/wp-json\/wp\/v2\/users\/11"}],"replies":[{"embeddable":true,"href":"https:\/\/www.missionslocalesnormandie.fr\/mission-locale-pays-caux-vallee-seine\/wp-json\/wp\/v2\/comments?post=396"}],"version-history":[{"count":19,"href":"https:\/\/www.missionslocalesnormandie.fr\/mission-locale-pays-caux-vallee-seine\/wp-json\/wp\/v2\/pages\/396\/revisions"}],"predecessor-version":[{"id":1469,"href":"https:\/\/www.missionslocalesnormandie.fr\/mission-locale-pays-caux-vallee-seine\/wp-json\/wp\/v2\/pages\/396\/revisions\/1469"}],"wp:attachment":[{"href":"https:\/\/www.missionslocalesnormandie.fr\/mission-locale-pays-caux-vallee-seine\/wp-json\/wp\/v2\/media?parent=396"}],"curies":[{"name":"wp","href":"https:\/\/api.w.org\/{rel}","templated":true}]}}