{"id":405,"date":"2024-03-12T12:44:28","date_gmt":"2024-03-12T11:44:28","guid":{"rendered":"https:\/\/www.missionslocalesnormandie.fr\/mission-locale-pays-caux-vallee-seine\/?page_id=405"},"modified":"2024-05-31T12:56:33","modified_gmt":"2024-05-31T10:56:33","slug":"le-logement-pour-les-jeunes","status":"publish","type":"page","link":"https:\/\/www.missionslocalesnormandie.fr\/mission-locale-pays-caux-vallee-seine\/le-logement-pour-les-jeunes\/","title":{"rendered":"Le logement pour les jeunes"},"content":{"rendered":"\t\t<div data-elementor-type=\"wp-page\" data-elementor-id=\"405\" class=\"elementor elementor-405\">\n\t\t\t\t<div class=\"elementor-element elementor-element-990cccb e-flex e-con-boxed e-con e-parent\" data-id=\"990cccb\" data-element_type=\"container\">\n\t\t\t\t\t<div class=\"e-con-inner\">\n\t\t\t\t<div class=\"elementor-element elementor-element-88e2dbb elementor-widget elementor-widget-block_simple_texte\" data-id=\"88e2dbb\" data-element_type=\"widget\" data-widget_type=\"block_simple_texte.default\">\n\t\t\t\t<div class=\"elementor-widget-container\">\n\t\t\t    <div class=\"container\">\n        <p style=\"text-align: center\"><span style=\"color: #ff6600;font-size: 18pt\"><strong><em>Vous \u00eates sur Caux vall\u00e9e de Seine o\u00f9 Campagne de Caux ou sans domicile,\u00a0 <\/em><\/strong><\/span><\/p><p style=\"text-align: center\"><span style=\"color: #ff6600;font-size: 18pt\"><strong><em>vous avez entre 18 et 29 ans r\u00e9volus et \u00eates \u00e0 la recherche d'un logement,<\/em><\/strong><\/span><\/p><p style=\"text-align: center\"><span style=\"color: #ff6600;font-size: 18pt\"><strong><em>le CLLAJ peut vous accompagner dans vos d\u00e9marches d'acc\u00e8s au logement !<\/em><\/strong><\/span><\/p>\n    <\/div>\n\t\t<\/div>\n\t\t\t\t<\/div>\n\t\t\t\t\t<\/div>\n\t\t\t\t<\/div>\n\t\t<div class=\"elementor-element elementor-element-e3a651f e-flex e-con-boxed e-con e-parent\" data-id=\"e3a651f\" data-element_type=\"container\">\n\t\t\t\t\t<div class=\"e-con-inner\">\n\t\t<div class=\"elementor-element elementor-element-0ff44da e-con-full e-flex e-con e-child\" data-id=\"0ff44da\" data-element_type=\"container\">\n\t\t\t\t<div class=\"elementor-element elementor-element-ee9304e elementor-widget elementor-widget-block_titre\" data-id=\"ee9304e\" data-element_type=\"widget\" data-widget_type=\"block_titre.default\">\n\t\t\t\t<div class=\"elementor-widget-container\">\n\t\t\t    <div class=\"container\">\n        <h2>\n            Pourquoi faire appel \u00e0 nous ? \n        <\/h2>\n    <\/div>\n\t\t<\/div>\n\t\t\t\t<\/div>\n\t\t\t\t<div class=\"elementor-element elementor-element-9f5842d elementor-widget elementor-widget-block_simple_texte\" data-id=\"9f5842d\" data-element_type=\"widget\" data-widget_type=\"block_simple_texte.default\">\n\t\t\t\t<div class=\"elementor-widget-container\">\n\t\t\t    <div class=\"container\">\n        <ul><li style=\"text-align: justify\"><span style=\"font-size: 14pt\">Pour demander une information, un conseil, un accompagnement dans les d\u00e9marches, une orientation vers les interlocuteurs appropri\u00e9s ;<\/span><\/li><li><span style=\"font-size: 14pt\">Pour b\u00e9n\u00e9ficier d\u2019une aide \u00e0 la recherche de solution de logement adapt\u00e9e \u00e0 chaque situation : sous-location, logement temporaire, colocation, bailleurs sociaux, bailleurs priv\u00e9s, agences de location et r\u00e9sidences \u00e9tudiantes ;<\/span><\/li><li><span style=\"font-size: 14pt\">Pour obtenir une aide administrative pour la constitution de certains dossiers (DALO)<\/span><\/li><li><span style=\"font-size: 14pt\">Pour en savoir plus sur les aides financi\u00e8res et dispositifs de garantie, les demandes de logement, les rapports locataire\/ propri\u00e9taire et la gestion d'un budget logement.<\/span><\/li><\/ul>\n    <\/div>\n\t\t<\/div>\n\t\t\t\t<\/div>\n\t\t\t\t<\/div>\n\t\t<div class=\"elementor-element elementor-element-67b7191 e-con-full e-flex e-con e-child\" data-id=\"67b7191\" data-element_type=\"container\">\n\t\t\t\t<div class=\"elementor-element elementor-element-d8add5f elementor-widget elementor-widget-block_simple_embed\" data-id=\"d8add5f\" data-element_type=\"widget\" data-widget_type=\"block_simple_embed.default\">\n\t\t\t\t<div class=\"elementor-widget-container\">\n\t\t\t<div class=\"container\">\n    <div class=\"embed-wrapper ratio ratio-16x9 my-4\">\n                <iframe src=\"https:\/\/www.youtube.com\/embed\/dGM5SCaGH_4\"\n                allowfullscreen><\/iframe>\n            <\/div>\n<\/div>\t\t<\/div>\n\t\t\t\t<\/div>\n\t\t\t\t<div class=\"elementor-element elementor-element-db25c7b elementor-widget elementor-widget-block_liens_fichiers\" data-id=\"db25c7b\" data-element_type=\"widget\" data-widget_type=\"block_liens_fichiers.default\">\n\t\t\t\t<div class=\"elementor-widget-container\">\n\t\t\t    <div class=\"container\">\n        <div class=\"my-4\">\n                                                                        <a href=\"https:\/\/www.missionslocalesnormandie.fr\/content\/uploads\/sites\/11\/2024\/05\/FLYER-CLLAJ.pdf\" class=\"generic-link-file -pdf me-4 mb-3\"\n                           target=\"_blank\"\n                           rel=\"noopener noreferrer\">\n                            Flyer CLLAJ\n                        <\/a>\n                                                        <\/div>\n    <\/div>\n\t\t<\/div>\n\t\t\t\t<\/div>\n\t\t\t\t<\/div>\n\t\t\t\t\t<\/div>\n\t\t\t\t<\/div>\n\t\t<div class=\"elementor-element elementor-element-36349bd e-flex e-con-boxed e-con e-parent\" data-id=\"36349bd\" data-element_type=\"container\">\n\t\t\t\t\t<div class=\"e-con-inner\">\n\t\t\t\t<div class=\"elementor-element elementor-element-61c6961 elementor-widget elementor-widget-block_titre\" data-id=\"61c6961\" data-element_type=\"widget\" data-widget_type=\"block_titre.default\">\n\t\t\t\t<div class=\"elementor-widget-container\">\n\t\t\t    <div class=\"container\">\n        <h2>\n            ASTUCE \n        <\/h2>\n    <\/div>\n\t\t<\/div>\n\t\t\t\t<\/div>\n\t\t\t\t\t<\/div>\n\t\t\t\t<\/div>\n\t\t<div class=\"elementor-element elementor-element-3a4eedb e-flex e-con-boxed e-con e-parent\" data-id=\"3a4eedb\" data-element_type=\"container\">\n\t\t\t\t\t<div class=\"e-con-inner\">\n\t\t<div class=\"elementor-element elementor-element-92b6515 e-con-full e-flex e-con e-child\" data-id=\"92b6515\" data-element_type=\"container\">\n\t\t\t\t<div class=\"elementor-element elementor-element-7a35c04 elementor-widget elementor-widget-block_simple_texte\" data-id=\"7a35c04\" data-element_type=\"widget\" data-widget_type=\"block_simple_texte.default\">\n\t\t\t\t<div class=\"elementor-widget-container\">\n\t\t\t    <div class=\"container\">\n        <p style=\"text-align: center\"><span style=\"color: #ff6600\"><span style=\"font-size: 14pt\"><b>Pr\u00e9parer votre dossier logement et gagner du temps lors du\u00a0<\/b><\/span><span style=\"font-size: 14pt\"><b>premier rendez vous !<\/b><\/span><\/span><\/p><p><b>\u00a0<\/b><\/p><p><span style=\"font-size: 14pt\">Afin de mieux pr\u00e9parer votre acc\u00e8s au logement, il est n\u00e9cessaire de r\u00e9aliser certaines d\u00e9marches administratives en amont de la constitution du dossier de la recherche de logement.<\/span><\/p>\n    <\/div>\n\t\t<\/div>\n\t\t\t\t<\/div>\n\t\t\t\t<\/div>\n\t\t<div class=\"elementor-element elementor-element-c6a08cd e-con-full e-flex e-con e-child\" data-id=\"c6a08cd\" data-element_type=\"container\">\n\t\t\t\t<div class=\"elementor-element elementor-element-9715640 elementor-widget elementor-widget-block_simple_texte\" data-id=\"9715640\" data-element_type=\"widget\" data-widget_type=\"block_simple_texte.default\">\n\t\t\t\t<div class=\"elementor-widget-container\">\n\t\t\t    <div class=\"container\">\n        <p style=\"text-align: justify\"><span style=\"font-size: 14pt\">Liste non exhaustive des documents \u00e0 fournir :<\/span><\/p><ul><li><span style=\"font-size: 14pt\">Pi\u00e8ce d'identit\u00e9 ou titre de s\u00e9jour<\/span><\/li><li><span style=\"font-size: 14pt\">Contrat de travail et fiches de paie (3 derni\u00e8res)<\/span><\/li><li><span style=\"font-size: 14pt\">Si vous \u00eates \u00e9tudiant, l'attestation de scolarit\u00e9<\/span><\/li><li><span style=\"font-size: 14pt\">Avis d'imposition ou de non-imposition 2020 et 2019<\/span><\/li><li><span style=\"font-size: 14pt\">Attestation de demande de logement social<\/span><\/li><li><span style=\"font-size: 14pt\">Attestation d'h\u00e9bergement ou de domiciliation<\/span><\/li><li><span style=\"font-size: 14pt\">Si vous \u00eates locataire, le bail et 3 derni\u00e8res quittances de loyer<\/span><\/li><li><span style=\"font-size: 14pt\">Justificatifs d\u2019autres revenus (bourse, allocations CAF, subventions, etc\u2026).<\/span><\/li><\/ul>\n    <\/div>\n\t\t<\/div>\n\t\t\t\t<\/div>\n\t\t\t\t<\/div>\n\t\t\t\t\t<\/div>\n\t\t\t\t<\/div>\n\t\t\t\t<\/div>\n\t\t","protected":false},"excerpt":{"rendered":"<p>Vous \u00eates sur Caux vall\u00e9e de Seine o\u00f9 Campagne de Caux ou sans domicile,\u00a0 vous avez entre 18 et 29 ans r\u00e9volus et \u00eates \u00e0 la recherche d&#8217;un logement, le CLLAJ peut vous accompagner dans vos d\u00e9marches d&#8217;acc\u00e8s au logement ! Pourquoi faire appel \u00e0 nous ? Pour demander une information, un conseil, un accompagnement [&hellip;]<\/p>\n","protected":false},"author":11,"featured_media":0,"parent":0,"menu_order":0,"comment_status":"closed","ping_status":"closed","template":"","meta":{"_acf_changed":false,"_crosspost_to_1":false,"_crosspost_to_2":false,"_crosspost_to_3":false,"_crosspost_to_4":false,"_crosspost_to_5":false,"_crosspost_to_6":false,"_crosspost_to_7":false,"_crosspost_to_8":false,"_crosspost_to_12":false,"_crosspost_to_13":false,"_crosspost_to_14":false,"_crosspost_to_15":false,"_crosspost_to_16":false,"inline_featured_image":false,"footnotes":""},"acf":[],"yoast_head":"<!-- This site is optimized with the Yoast SEO plugin v21.9.1 - https:\/\/yoast.com\/wordpress\/plugins\/seo\/ -->\n<title>Le logement pour les jeunes - MISSION LOCALE PAYS DE CAUX - VALLEE DE SEINE<\/title>\n<meta name=\"robots\" content=\"index, follow, max-snippet:-1, max-image-preview:large, max-video-preview:-1\" \/>\n<link rel=\"canonical\" href=\"https:\/\/www.missionslocalesnormandie.fr\/mission-locale-pays-caux-vallee-seine\/le-logement-pour-les-jeunes\/\" \/>\n<meta property=\"og:locale\" content=\"fr_FR\" \/>\n<meta property=\"og:type\" content=\"article\" \/>\n<meta property=\"og:title\" content=\"Le logement pour les jeunes - MISSION LOCALE PAYS DE CAUX - VALLEE DE SEINE\" \/>\n<meta property=\"og:description\" content=\"Vous \u00eates sur Caux vall\u00e9e de Seine o\u00f9 Campagne de Caux ou sans domicile,\u00a0 vous avez entre 18 et 29 ans r\u00e9volus et \u00eates \u00e0 la recherche d&#8217;un logement, le CLLAJ peut vous accompagner dans vos d\u00e9marches d&#8217;acc\u00e8s au logement ! Pourquoi faire appel \u00e0 nous ? Pour demander une information, un conseil, un accompagnement [&hellip;]\" \/>\n<meta property=\"og:url\" content=\"https:\/\/www.missionslocalesnormandie.fr\/mission-locale-pays-caux-vallee-seine\/le-logement-pour-les-jeunes\/\" \/>\n<meta property=\"og:site_name\" content=\"MISSION LOCALE PAYS DE CAUX - VALLEE DE SEINE\" \/>\n<meta property=\"article:modified_time\" content=\"2024-05-31T10:56:33+00:00\" \/>\n<meta name=\"twitter:card\" content=\"summary_large_image\" \/>\n<meta name=\"twitter:label1\" content=\"Dur\u00e9e de lecture estim\u00e9e\" \/>\n\t<meta name=\"twitter:data1\" content=\"2 minutes\" \/>\n<script type=\"application\/ld+json\" class=\"yoast-schema-graph\">{\"@context\":\"https:\/\/schema.org\",\"@graph\":[{\"@type\":\"WebPage\",\"@id\":\"https:\/\/www.missionslocalesnormandie.fr\/mission-locale-pays-caux-vallee-seine\/le-logement-pour-les-jeunes\/\",\"url\":\"https:\/\/www.missionslocalesnormandie.fr\/mission-locale-pays-caux-vallee-seine\/le-logement-pour-les-jeunes\/\",\"name\":\"Le logement pour les jeunes - MISSION LOCALE PAYS DE CAUX - VALLEE DE SEINE\",\"isPartOf\":{\"@id\":\"https:\/\/www.missionslocalesnormandie.fr\/mission-locale-pays-caux-vallee-seine\/#website\"},\"datePublished\":\"2024-03-12T11:44:28+00:00\",\"dateModified\":\"2024-05-31T10:56:33+00:00\",\"breadcrumb\":{\"@id\":\"https:\/\/www.missionslocalesnormandie.fr\/mission-locale-pays-caux-vallee-seine\/le-logement-pour-les-jeunes\/#breadcrumb\"},\"inLanguage\":\"fr-FR\",\"potentialAction\":[{\"@type\":\"ReadAction\",\"target\":[\"https:\/\/www.missionslocalesnormandie.fr\/mission-locale-pays-caux-vallee-seine\/le-logement-pour-les-jeunes\/\"]}]},{\"@type\":\"BreadcrumbList\",\"@id\":\"https:\/\/www.missionslocalesnormandie.fr\/mission-locale-pays-caux-vallee-seine\/le-logement-pour-les-jeunes\/#breadcrumb\",\"itemListElement\":[{\"@type\":\"ListItem\",\"position\":1,\"name\":\"Home\",\"item\":\"https:\/\/www.missionslocalesnormandie.fr\/mission-locale-pays-caux-vallee-seine\/\"},{\"@type\":\"ListItem\",\"position\":2,\"name\":\"Le logement pour les jeunes\"}]},{\"@type\":\"WebSite\",\"@id\":\"https:\/\/www.missionslocalesnormandie.fr\/mission-locale-pays-caux-vallee-seine\/#website\",\"url\":\"https:\/\/www.missionslocalesnormandie.fr\/mission-locale-pays-caux-vallee-seine\/\",\"name\":\"MISSION LOCALE PAYS DE CAUX - VALLEE DE SEINE\",\"description\":\"\",\"potentialAction\":[{\"@type\":\"SearchAction\",\"target\":{\"@type\":\"EntryPoint\",\"urlTemplate\":\"https:\/\/www.missionslocalesnormandie.fr\/mission-locale-pays-caux-vallee-seine\/?s={search_term_string}\"},\"query-input\":\"required name=search_term_string\"}],\"inLanguage\":\"fr-FR\"}]}<\/script>\n<!-- \/ Yoast SEO plugin. -->","yoast_head_json":{"title":"Le logement pour les jeunes - MISSION LOCALE PAYS DE CAUX - VALLEE DE SEINE","robots":{"index":"index","follow":"follow","max-snippet":"max-snippet:-1","max-image-preview":"max-image-preview:large","max-video-preview":"max-video-preview:-1"},"canonical":"https:\/\/www.missionslocalesnormandie.fr\/mission-locale-pays-caux-vallee-seine\/le-logement-pour-les-jeunes\/","og_locale":"fr_FR","og_type":"article","og_title":"Le logement pour les jeunes - MISSION LOCALE PAYS DE CAUX - VALLEE DE SEINE","og_description":"Vous \u00eates sur Caux vall\u00e9e de Seine o\u00f9 Campagne de Caux ou sans domicile,\u00a0 vous avez entre 18 et 29 ans r\u00e9volus et \u00eates \u00e0 la recherche d&#8217;un logement, le CLLAJ peut vous accompagner dans vos d\u00e9marches d&#8217;acc\u00e8s au logement ! Pourquoi faire appel \u00e0 nous ? Pour demander une information, un conseil, un accompagnement [&hellip;]","og_url":"https:\/\/www.missionslocalesnormandie.fr\/mission-locale-pays-caux-vallee-seine\/le-logement-pour-les-jeunes\/","og_site_name":"MISSION LOCALE PAYS DE CAUX - VALLEE DE SEINE","article_modified_time":"2024-05-31T10:56:33+00:00","twitter_card":"summary_large_image","twitter_misc":{"Dur\u00e9e de lecture estim\u00e9e":"2 minutes"},"schema":{"@context":"https:\/\/schema.org","@graph":[{"@type":"WebPage","@id":"https:\/\/www.missionslocalesnormandie.fr\/mission-locale-pays-caux-vallee-seine\/le-logement-pour-les-jeunes\/","url":"https:\/\/www.missionslocalesnormandie.fr\/mission-locale-pays-caux-vallee-seine\/le-logement-pour-les-jeunes\/","name":"Le logement pour les jeunes - MISSION LOCALE PAYS DE CAUX - VALLEE DE SEINE","isPartOf":{"@id":"https:\/\/www.missionslocalesnormandie.fr\/mission-locale-pays-caux-vallee-seine\/#website"},"datePublished":"2024-03-12T11:44:28+00:00","dateModified":"2024-05-31T10:56:33+00:00","breadcrumb":{"@id":"https:\/\/www.missionslocalesnormandie.fr\/mission-locale-pays-caux-vallee-seine\/le-logement-pour-les-jeunes\/#breadcrumb"},"inLanguage":"fr-FR","potentialAction":[{"@type":"ReadAction","target":["https:\/\/www.missionslocalesnormandie.fr\/mission-locale-pays-caux-vallee-seine\/le-logement-pour-les-jeunes\/"]}]},{"@type":"BreadcrumbList","@id":"https:\/\/www.missionslocalesnormandie.fr\/mission-locale-pays-caux-vallee-seine\/le-logement-pour-les-jeunes\/#breadcrumb","itemListElement":[{"@type":"ListItem","position":1,"name":"Home","item":"https:\/\/www.missionslocalesnormandie.fr\/mission-locale-pays-caux-vallee-seine\/"},{"@type":"ListItem","position":2,"name":"Le logement pour les jeunes"}]},{"@type":"WebSite","@id":"https:\/\/www.missionslocalesnormandie.fr\/mission-locale-pays-caux-vallee-seine\/#website","url":"https:\/\/www.missionslocalesnormandie.fr\/mission-locale-pays-caux-vallee-seine\/","name":"MISSION LOCALE PAYS DE CAUX - VALLEE DE SEINE","description":"","potentialAction":[{"@type":"SearchAction","target":{"@type":"EntryPoint","urlTemplate":"https:\/\/www.missionslocalesnormandie.fr\/mission-locale-pays-caux-vallee-seine\/?s={search_term_string}"},"query-input":"required name=search_term_string"}],"inLanguage":"fr-FR"}]}},"_links":{"self":[{"href":"https:\/\/www.missionslocalesnormandie.fr\/mission-locale-pays-caux-vallee-seine\/wp-json\/wp\/v2\/pages\/405"}],"collection":[{"href":"https:\/\/www.missionslocalesnormandie.fr\/mission-locale-pays-caux-vallee-seine\/wp-json\/wp\/v2\/pages"}],"about":[{"href":"https:\/\/www.missionslocalesnormandie.fr\/mission-locale-pays-caux-vallee-seine\/wp-json\/wp\/v2\/types\/page"}],"author":[{"embeddable":true,"href":"https:\/\/www.missionslocalesnormandie.fr\/mission-locale-pays-caux-vallee-seine\/wp-json\/wp\/v2\/users\/11"}],"replies":[{"embeddable":true,"href":"https:\/\/www.missionslocalesnormandie.fr\/mission-locale-pays-caux-vallee-seine\/wp-json\/wp\/v2\/comments?post=405"}],"version-history":[{"count":37,"href":"https:\/\/www.missionslocalesnormandie.fr\/mission-locale-pays-caux-vallee-seine\/wp-json\/wp\/v2\/pages\/405\/revisions"}],"predecessor-version":[{"id":1683,"href":"https:\/\/www.missionslocalesnormandie.fr\/mission-locale-pays-caux-vallee-seine\/wp-json\/wp\/v2\/pages\/405\/revisions\/1683"}],"wp:attachment":[{"href":"https:\/\/www.missionslocalesnormandie.fr\/mission-locale-pays-caux-vallee-seine\/wp-json\/wp\/v2\/media?parent=405"}],"curies":[{"name":"wp","href":"https:\/\/api.w.org\/{rel}","templated":true}]}}