{"id":407,"date":"2024-03-12T12:44:43","date_gmt":"2024-03-12T11:44:43","guid":{"rendered":"https:\/\/www.missionslocalesnormandie.fr\/mission-locale-pays-caux-vallee-seine\/?page_id=407"},"modified":"2024-03-28T12:24:34","modified_gmt":"2024-03-28T11:24:34","slug":"le-logements-pour-les-professionnels","status":"publish","type":"page","link":"https:\/\/www.missionslocalesnormandie.fr\/mission-locale-pays-caux-vallee-seine\/le-logements-pour-les-professionnels\/","title":{"rendered":"Le logement pour les professionnels de l&#8217;habitat"},"content":{"rendered":"\t\t<div data-elementor-type=\"wp-page\" data-elementor-id=\"407\" class=\"elementor elementor-407\">\n\t\t\t\t<div class=\"elementor-element elementor-element-52dd5eb e-flex e-con-boxed e-con e-parent\" data-id=\"52dd5eb\" data-element_type=\"container\">\n\t\t\t\t\t<div class=\"e-con-inner\">\n\t\t\t\t<div class=\"elementor-element elementor-element-5efe094 elementor-widget elementor-widget-block_simple_texte\" data-id=\"5efe094\" data-element_type=\"widget\" data-widget_type=\"block_simple_texte.default\">\n\t\t\t\t<div class=\"elementor-widget-container\">\n\t\t\t    <div class=\"container\">\n        <p style=\"text-align: center\"><span style=\"color: #ff6600;font-size: 18pt\"><strong>Prenez Contact avec le CLLAJ pour mutualiser nos comp\u00e9tences et contribuer \u00e0<\/strong><\/span><\/p><p style=\"text-align: center\"><span style=\"color: #ff6600;font-size: 18pt\"><strong> favoriser l\u2019acc\u00e8s au logement des jeunes.<\/strong><\/span><\/p>\n    <\/div>\n\t\t<\/div>\n\t\t\t\t<\/div>\n\t\t\t\t\t<\/div>\n\t\t\t\t<\/div>\n\t\t<div class=\"elementor-element elementor-element-098c17c e-flex e-con-boxed e-con e-parent\" data-id=\"098c17c\" data-element_type=\"container\">\n\t\t\t\t\t<div class=\"e-con-inner\">\n\t\t<div class=\"elementor-element elementor-element-fe2b0a6 e-con-full e-flex e-con e-child\" data-id=\"fe2b0a6\" data-element_type=\"container\">\n\t\t\t\t<div class=\"elementor-element elementor-element-a23a5d0 elementor-widget elementor-widget-block_titre\" data-id=\"a23a5d0\" data-element_type=\"widget\" data-widget_type=\"block_titre.default\">\n\t\t\t\t<div class=\"elementor-widget-container\">\n\t\t\t    <div class=\"container\">\n        <h2>\n            Vous \u00eates un bailleur priv\u00e9\n        <\/h2>\n    <\/div>\n\t\t<\/div>\n\t\t\t\t<\/div>\n\t\t\t\t<div class=\"elementor-element elementor-element-f8a8976 elementor-widget elementor-widget-block_simple_texte\" data-id=\"f8a8976\" data-element_type=\"widget\" data-widget_type=\"block_simple_texte.default\">\n\t\t\t\t<div class=\"elementor-widget-container\">\n\t\t\t    <div class=\"container\">\n        <p style=\"text-align: justify\"><span style=\"font-size: 14pt\"><b>Votre futur locataire ne dispose pas de garant ?<\/b><\/span><\/p><ul><li><span style=\"font-size: 14pt\">Vous pouvez souscrire \u00e0 une assurance, la garantie <strong>VISALE<\/strong>, qui assure les impay\u00e9s de loyers.<\/span><\/li><li><span style=\"font-size: 14pt\">Le CLLAJ vous renseigne \u00e9galement sur vos droits, vos devoirs, et vous met en lien avec un r\u00e9seau de partenaires si besoin : Action Logement, CAF, UNCLLAJ , ADIL ...<\/span><\/li><\/ul><p><span style=\"font-size: 14pt\">Rappel\u00a0: la classe \u00e9nerg\u00e9tique du Diagnostic de Performance Energ\u00e9tique (D.P.E) est obligatoire depuis 2007\u00a0<\/span><\/p>\n    <\/div>\n\t\t<\/div>\n\t\t\t\t<\/div>\n\t\t\t\t<\/div>\n\t\t<div class=\"elementor-element elementor-element-7486ce8 e-con-full e-flex e-con e-child\" data-id=\"7486ce8\" data-element_type=\"container\">\n\t\t\t\t<div class=\"elementor-element elementor-element-ddc297a elementor-widget elementor-widget-block_titre\" data-id=\"ddc297a\" data-element_type=\"widget\" data-widget_type=\"block_titre.default\">\n\t\t\t\t<div class=\"elementor-widget-container\">\n\t\t\t    <div class=\"container\">\n        <h2>\n            Vous \u00eates un bailleur public\n        <\/h2>\n    <\/div>\n\t\t<\/div>\n\t\t\t\t<\/div>\n\t\t\t\t<div class=\"elementor-element elementor-element-00ada46 elementor-widget elementor-widget-block_simple_texte\" data-id=\"00ada46\" data-element_type=\"widget\" data-widget_type=\"block_simple_texte.default\">\n\t\t\t\t<div class=\"elementor-widget-container\">\n\t\t\t    <div class=\"container\">\n        <p style=\"text-align: justify\"><span style=\"font-size: 14pt\"><b>Le Cllaj peut : <\/b><\/span><\/p><ul><li><span style=\"font-size: 14pt\">Instruire les demandes uniques : Monte les demandes de logement en ligne avec les jeunes, se met en relation avec les bailleurs et services logement des communes ayant la comp\u00e9tences logement, pr\u00e9pare et oriente les jeunes vers ces agences, services et structures d\u2019h\u00e9bergement.<\/span><\/li><li><span style=\"font-size: 14pt\">Accompagner les publics les plus en difficult\u00e9s, relevant du PDALHPD, dans le cadre d\u2019un accompagnement social li\u00e9 au logement des jeunes avec un conventionnement du Conseil D\u00e9partemental de Seine Maritime<\/span><\/li><li><span style=\"font-size: 14pt\">R\u00e9aliser un observatoire de la demande des jeunes sur son territoire via un logiciel LDCLLAJ.<\/span><\/li><\/ul>\n    <\/div>\n\t\t<\/div>\n\t\t\t\t<\/div>\n\t\t\t\t<\/div>\n\t\t\t\t\t<\/div>\n\t\t\t\t<\/div>\n\t\t\t\t<\/div>\n\t\t","protected":false},"excerpt":{"rendered":"<p>Prenez Contact avec le CLLAJ pour mutualiser nos comp\u00e9tences et contribuer \u00e0 favoriser l\u2019acc\u00e8s au logement des jeunes. Vous \u00eates un bailleur priv\u00e9 Votre futur locataire ne dispose pas de garant ? Vous pouvez souscrire \u00e0 une assurance, la garantie VISALE, qui assure les impay\u00e9s de loyers. Le CLLAJ vous renseigne \u00e9galement sur vos droits, [&hellip;]<\/p>\n","protected":false},"author":11,"featured_media":0,"parent":0,"menu_order":0,"comment_status":"closed","ping_status":"closed","template":"","meta":{"_acf_changed":false,"_crosspost_to_1":false,"_crosspost_to_2":false,"_crosspost_to_3":false,"_crosspost_to_4":false,"_crosspost_to_5":false,"_crosspost_to_6":false,"_crosspost_to_7":false,"_crosspost_to_8":false,"_crosspost_to_12":false,"_crosspost_to_13":false,"_crosspost_to_14":false,"_crosspost_to_15":false,"_crosspost_to_16":false,"inline_featured_image":false,"footnotes":""},"acf":[],"yoast_head":"<!-- This site is optimized with the Yoast SEO plugin v21.9.1 - https:\/\/yoast.com\/wordpress\/plugins\/seo\/ -->\n<title>Le logement pour les professionnels de l&#039;habitat - MISSION LOCALE PAYS DE CAUX - VALLEE DE SEINE<\/title>\n<meta name=\"robots\" content=\"index, follow, max-snippet:-1, max-image-preview:large, max-video-preview:-1\" \/>\n<link rel=\"canonical\" href=\"https:\/\/www.missionslocalesnormandie.fr\/mission-locale-pays-caux-vallee-seine\/le-logements-pour-les-professionnels\/\" \/>\n<meta property=\"og:locale\" content=\"fr_FR\" \/>\n<meta property=\"og:type\" content=\"article\" \/>\n<meta property=\"og:title\" content=\"Le logement pour les professionnels de l&#039;habitat - MISSION LOCALE PAYS DE CAUX - VALLEE DE SEINE\" \/>\n<meta property=\"og:description\" content=\"Prenez Contact avec le CLLAJ pour mutualiser nos comp\u00e9tences et contribuer \u00e0 favoriser l\u2019acc\u00e8s au logement des jeunes. Vous \u00eates un bailleur priv\u00e9 Votre futur locataire ne dispose pas de garant ? Vous pouvez souscrire \u00e0 une assurance, la garantie VISALE, qui assure les impay\u00e9s de loyers. Le CLLAJ vous renseigne \u00e9galement sur vos droits, [&hellip;]\" \/>\n<meta property=\"og:url\" content=\"https:\/\/www.missionslocalesnormandie.fr\/mission-locale-pays-caux-vallee-seine\/le-logements-pour-les-professionnels\/\" \/>\n<meta property=\"og:site_name\" content=\"MISSION LOCALE PAYS DE CAUX - VALLEE DE SEINE\" \/>\n<meta property=\"article:modified_time\" content=\"2024-03-28T11:24:34+00:00\" \/>\n<meta name=\"twitter:card\" content=\"summary_large_image\" \/>\n<meta name=\"twitter:label1\" content=\"Dur\u00e9e de lecture estim\u00e9e\" \/>\n\t<meta name=\"twitter:data1\" content=\"1 minute\" \/>\n<script type=\"application\/ld+json\" class=\"yoast-schema-graph\">{\"@context\":\"https:\/\/schema.org\",\"@graph\":[{\"@type\":\"WebPage\",\"@id\":\"https:\/\/www.missionslocalesnormandie.fr\/mission-locale-pays-caux-vallee-seine\/le-logements-pour-les-professionnels\/\",\"url\":\"https:\/\/www.missionslocalesnormandie.fr\/mission-locale-pays-caux-vallee-seine\/le-logements-pour-les-professionnels\/\",\"name\":\"Le logement pour les professionnels de l'habitat - MISSION LOCALE PAYS DE CAUX - VALLEE DE SEINE\",\"isPartOf\":{\"@id\":\"https:\/\/www.missionslocalesnormandie.fr\/mission-locale-pays-caux-vallee-seine\/#website\"},\"datePublished\":\"2024-03-12T11:44:43+00:00\",\"dateModified\":\"2024-03-28T11:24:34+00:00\",\"breadcrumb\":{\"@id\":\"https:\/\/www.missionslocalesnormandie.fr\/mission-locale-pays-caux-vallee-seine\/le-logements-pour-les-professionnels\/#breadcrumb\"},\"inLanguage\":\"fr-FR\",\"potentialAction\":[{\"@type\":\"ReadAction\",\"target\":[\"https:\/\/www.missionslocalesnormandie.fr\/mission-locale-pays-caux-vallee-seine\/le-logements-pour-les-professionnels\/\"]}]},{\"@type\":\"BreadcrumbList\",\"@id\":\"https:\/\/www.missionslocalesnormandie.fr\/mission-locale-pays-caux-vallee-seine\/le-logements-pour-les-professionnels\/#breadcrumb\",\"itemListElement\":[{\"@type\":\"ListItem\",\"position\":1,\"name\":\"Home\",\"item\":\"https:\/\/www.missionslocalesnormandie.fr\/mission-locale-pays-caux-vallee-seine\/\"},{\"@type\":\"ListItem\",\"position\":2,\"name\":\"Le logement pour les professionnels de l&rsquo;habitat\"}]},{\"@type\":\"WebSite\",\"@id\":\"https:\/\/www.missionslocalesnormandie.fr\/mission-locale-pays-caux-vallee-seine\/#website\",\"url\":\"https:\/\/www.missionslocalesnormandie.fr\/mission-locale-pays-caux-vallee-seine\/\",\"name\":\"MISSION LOCALE PAYS DE CAUX - VALLEE DE SEINE\",\"description\":\"\",\"potentialAction\":[{\"@type\":\"SearchAction\",\"target\":{\"@type\":\"EntryPoint\",\"urlTemplate\":\"https:\/\/www.missionslocalesnormandie.fr\/mission-locale-pays-caux-vallee-seine\/?s={search_term_string}\"},\"query-input\":\"required name=search_term_string\"}],\"inLanguage\":\"fr-FR\"}]}<\/script>\n<!-- \/ Yoast SEO plugin. -->","yoast_head_json":{"title":"Le logement pour les professionnels de l'habitat - MISSION LOCALE PAYS DE CAUX - VALLEE DE SEINE","robots":{"index":"index","follow":"follow","max-snippet":"max-snippet:-1","max-image-preview":"max-image-preview:large","max-video-preview":"max-video-preview:-1"},"canonical":"https:\/\/www.missionslocalesnormandie.fr\/mission-locale-pays-caux-vallee-seine\/le-logements-pour-les-professionnels\/","og_locale":"fr_FR","og_type":"article","og_title":"Le logement pour les professionnels de l'habitat - MISSION LOCALE PAYS DE CAUX - VALLEE DE SEINE","og_description":"Prenez Contact avec le CLLAJ pour mutualiser nos comp\u00e9tences et contribuer \u00e0 favoriser l\u2019acc\u00e8s au logement des jeunes. Vous \u00eates un bailleur priv\u00e9 Votre futur locataire ne dispose pas de garant ? Vous pouvez souscrire \u00e0 une assurance, la garantie VISALE, qui assure les impay\u00e9s de loyers. Le CLLAJ vous renseigne \u00e9galement sur vos droits, [&hellip;]","og_url":"https:\/\/www.missionslocalesnormandie.fr\/mission-locale-pays-caux-vallee-seine\/le-logements-pour-les-professionnels\/","og_site_name":"MISSION LOCALE PAYS DE CAUX - VALLEE DE SEINE","article_modified_time":"2024-03-28T11:24:34+00:00","twitter_card":"summary_large_image","twitter_misc":{"Dur\u00e9e de lecture estim\u00e9e":"1 minute"},"schema":{"@context":"https:\/\/schema.org","@graph":[{"@type":"WebPage","@id":"https:\/\/www.missionslocalesnormandie.fr\/mission-locale-pays-caux-vallee-seine\/le-logements-pour-les-professionnels\/","url":"https:\/\/www.missionslocalesnormandie.fr\/mission-locale-pays-caux-vallee-seine\/le-logements-pour-les-professionnels\/","name":"Le logement pour les professionnels de l'habitat - MISSION LOCALE PAYS DE CAUX - VALLEE DE SEINE","isPartOf":{"@id":"https:\/\/www.missionslocalesnormandie.fr\/mission-locale-pays-caux-vallee-seine\/#website"},"datePublished":"2024-03-12T11:44:43+00:00","dateModified":"2024-03-28T11:24:34+00:00","breadcrumb":{"@id":"https:\/\/www.missionslocalesnormandie.fr\/mission-locale-pays-caux-vallee-seine\/le-logements-pour-les-professionnels\/#breadcrumb"},"inLanguage":"fr-FR","potentialAction":[{"@type":"ReadAction","target":["https:\/\/www.missionslocalesnormandie.fr\/mission-locale-pays-caux-vallee-seine\/le-logements-pour-les-professionnels\/"]}]},{"@type":"BreadcrumbList","@id":"https:\/\/www.missionslocalesnormandie.fr\/mission-locale-pays-caux-vallee-seine\/le-logements-pour-les-professionnels\/#breadcrumb","itemListElement":[{"@type":"ListItem","position":1,"name":"Home","item":"https:\/\/www.missionslocalesnormandie.fr\/mission-locale-pays-caux-vallee-seine\/"},{"@type":"ListItem","position":2,"name":"Le logement pour les professionnels de l&rsquo;habitat"}]},{"@type":"WebSite","@id":"https:\/\/www.missionslocalesnormandie.fr\/mission-locale-pays-caux-vallee-seine\/#website","url":"https:\/\/www.missionslocalesnormandie.fr\/mission-locale-pays-caux-vallee-seine\/","name":"MISSION LOCALE PAYS DE CAUX - VALLEE DE SEINE","description":"","potentialAction":[{"@type":"SearchAction","target":{"@type":"EntryPoint","urlTemplate":"https:\/\/www.missionslocalesnormandie.fr\/mission-locale-pays-caux-vallee-seine\/?s={search_term_string}"},"query-input":"required name=search_term_string"}],"inLanguage":"fr-FR"}]}},"_links":{"self":[{"href":"https:\/\/www.missionslocalesnormandie.fr\/mission-locale-pays-caux-vallee-seine\/wp-json\/wp\/v2\/pages\/407"}],"collection":[{"href":"https:\/\/www.missionslocalesnormandie.fr\/mission-locale-pays-caux-vallee-seine\/wp-json\/wp\/v2\/pages"}],"about":[{"href":"https:\/\/www.missionslocalesnormandie.fr\/mission-locale-pays-caux-vallee-seine\/wp-json\/wp\/v2\/types\/page"}],"author":[{"embeddable":true,"href":"https:\/\/www.missionslocalesnormandie.fr\/mission-locale-pays-caux-vallee-seine\/wp-json\/wp\/v2\/users\/11"}],"replies":[{"embeddable":true,"href":"https:\/\/www.missionslocalesnormandie.fr\/mission-locale-pays-caux-vallee-seine\/wp-json\/wp\/v2\/comments?post=407"}],"version-history":[{"count":33,"href":"https:\/\/www.missionslocalesnormandie.fr\/mission-locale-pays-caux-vallee-seine\/wp-json\/wp\/v2\/pages\/407\/revisions"}],"predecessor-version":[{"id":1379,"href":"https:\/\/www.missionslocalesnormandie.fr\/mission-locale-pays-caux-vallee-seine\/wp-json\/wp\/v2\/pages\/407\/revisions\/1379"}],"wp:attachment":[{"href":"https:\/\/www.missionslocalesnormandie.fr\/mission-locale-pays-caux-vallee-seine\/wp-json\/wp\/v2\/media?parent=407"}],"curies":[{"name":"wp","href":"https:\/\/api.w.org\/{rel}","templated":true}]}}