{"id":409,"date":"2024-03-12T12:44:55","date_gmt":"2024-03-12T11:44:55","guid":{"rendered":"https:\/\/www.missionslocalesnormandie.fr\/mission-locale-pays-caux-vallee-seine\/?page_id=409"},"modified":"2024-03-28T12:26:11","modified_gmt":"2024-03-28T11:26:11","slug":"le-logement-pour-les-entreprises","status":"publish","type":"page","link":"https:\/\/www.missionslocalesnormandie.fr\/mission-locale-pays-caux-vallee-seine\/le-logement-pour-les-entreprises\/","title":{"rendered":"Le logement pour les entreprises \/ OF"},"content":{"rendered":"\t\t<div data-elementor-type=\"wp-page\" data-elementor-id=\"409\" class=\"elementor elementor-409\">\n\t\t\t\t<div class=\"elementor-element elementor-element-e801906 e-flex e-con-boxed e-con e-parent\" data-id=\"e801906\" data-element_type=\"container\">\n\t\t\t\t\t<div class=\"e-con-inner\">\n\t\t\t\t<div class=\"elementor-element elementor-element-e37350e elementor-widget elementor-widget-block_simple_texte\" data-id=\"e37350e\" data-element_type=\"widget\" data-widget_type=\"block_simple_texte.default\">\n\t\t\t\t<div class=\"elementor-widget-container\">\n\t\t\t    <div class=\"container\">\n        <p style=\"text-align: center\"><span style=\"color: #ff6600;font-size: 18pt\"><strong>Vous \u00eates un professionnel du secteur \u00e9conomique (entreprise, artisan, commer\u00e7ant, collectivit\u00e9\u2026.), <\/strong><\/span><\/p><p style=\"text-align: center\"><span style=\"color: #ff6600;font-size: 18pt\"><strong>et vous accueillez ou embauchez un jeune ? <\/strong><\/span><\/p><p style=\"text-align: center\"><span style=\"font-size: 14pt\"><span style=\"color: #ff6600;font-size: 18pt\"><strong>Vous \u00eates un professionnel du secteur de la formation, de l\u2019enseignement, de l\u2019orientation, de l\u2019insertion\u2026. <\/strong><\/span><\/span><\/p><p style=\"text-align: center\"><span style=\"font-size: 14pt\"><span style=\"color: #ff6600;font-size: 18pt\"><strong>et vous accueillez des jeunes ?<\/strong><\/span><\/span><\/p>\n    <\/div>\n\t\t<\/div>\n\t\t\t\t<\/div>\n\t\t\t\t\t<\/div>\n\t\t\t\t<\/div>\n\t\t<div class=\"elementor-element elementor-element-12bca5c e-flex e-con-boxed e-con e-parent\" data-id=\"12bca5c\" data-element_type=\"container\">\n\t\t\t\t\t<div class=\"e-con-inner\">\n\t\t<div class=\"elementor-element elementor-element-1abbca6 e-con-full e-flex e-con e-child\" data-id=\"1abbca6\" data-element_type=\"container\">\n\t\t\t\t<div class=\"elementor-element elementor-element-d5ffc5c elementor-widget elementor-widget-block_titre\" data-id=\"d5ffc5c\" data-element_type=\"widget\" data-widget_type=\"block_titre.default\">\n\t\t\t\t<div class=\"elementor-widget-container\">\n\t\t\t    <div class=\"container\">\n        <h2>\n            Des r\u00e9ponses logement adapt\u00e9es\n        <\/h2>\n    <\/div>\n\t\t<\/div>\n\t\t\t\t<\/div>\n\t\t\t\t<div class=\"elementor-element elementor-element-28c6c30 elementor-widget elementor-widget-block_simple_texte\" data-id=\"28c6c30\" data-element_type=\"widget\" data-widget_type=\"block_simple_texte.default\">\n\t\t\t\t<div class=\"elementor-widget-container\">\n\t\t\t    <div class=\"container\">\n        <p style=\"text-align: justify\"><span style=\"font-size: 14pt\">Le CLLAJ apporte des r\u00e9ponses sur le logement et les aides pour s\u00e9curiser le parcours professionnel des jeunes :<\/span><\/p><ul><li><span style=\"font-size: 14pt\">Logements adapt\u00e9s \u00e0 leur situation : h\u00e9bergement temporaire, logement autonome, colocation\u2026.<\/span><\/li><li><span style=\"font-size: 14pt\">Mobilit\u00e9 : covoiturage, location, permis\u2026.<\/span><\/li><li><span style=\"font-size: 14pt\">Aides \u00e0 l\u2019installation<\/span><\/li><li><span style=\"font-size: 14pt\">Compl\u00e9ments de ressources<\/span><\/li><li><span style=\"font-size: 14pt\">Subvention du d\u00e9p\u00f4t de garantie<\/span><\/li><li><span style=\"font-size: 14pt\">Maintien de la situation<\/span><\/li><li><span style=\"font-size: 14pt\">Aide au budget, m\u00e9diation...<\/span><\/li><\/ul>\n    <\/div>\n\t\t<\/div>\n\t\t\t\t<\/div>\n\t\t\t\t<div class=\"elementor-element elementor-element-180c811 elementor-widget elementor-widget-block_titre\" data-id=\"180c811\" data-element_type=\"widget\" data-widget_type=\"block_titre.default\">\n\t\t\t\t<div class=\"elementor-widget-container\">\n\t\t\t    <div class=\"container\">\n        <h2>\n            Un r\u00e9seau de partenaires\n        <\/h2>\n    <\/div>\n\t\t<\/div>\n\t\t\t\t<\/div>\n\t\t\t\t<div class=\"elementor-element elementor-element-a0e3c3d elementor-widget elementor-widget-block_simple_texte\" data-id=\"a0e3c3d\" data-element_type=\"widget\" data-widget_type=\"block_simple_texte.default\">\n\t\t\t\t<div class=\"elementor-widget-container\">\n\t\t\t    <div class=\"container\">\n        <p><span style=\"font-size: 14pt\">Le CLLAJ collabore avec ses r\u00e9seaux pour trouver des r\u00e9ponses rapides : ACTION LOGEMENT, Mutualit\u00e9 Sociale Agricole (MSA), \u00a0Fonds d'Action Sociale du Travail Temporaire (FASTT), Caisse d'Allocation Familiale, Conseil D\u00e9partemental de Seine Maritime, Agence D\u00e9partementale d'Information sur le Logement (ADIL)\u00a0<\/span><\/p>\n    <\/div>\n\t\t<\/div>\n\t\t\t\t<\/div>\n\t\t\t\t<\/div>\n\t\t<div class=\"elementor-element elementor-element-d3ad91b e-con-full e-flex e-con e-child\" data-id=\"d3ad91b\" data-element_type=\"container\">\n\t\t\t\t<div class=\"elementor-element elementor-element-5337a53 elementor-widget elementor-widget-block_simple_visuel\" data-id=\"5337a53\" data-element_type=\"widget\" data-widget_type=\"block_simple_visuel.default\">\n\t\t\t\t<div class=\"elementor-widget-container\">\n\t\t\t    <div class=\"container\">\n        <figure>\n                        \n                                                            <a href=\"https:\/\/www.missionslocalesnormandie.fr\/content\/uploads\/sites\/11\/2024\/03\/logement-entreprise.png\">\n                    <img decoding=\"async\" src=\"https:\/\/www.missionslocalesnormandie.fr\/content\/uploads\/sites\/11\/2024\/03\/logement-entreprise-950x595-c-default.png\"\n                         alt=\"MISSION LOCALE PAYS DE CAUX - VALLEE DE SEINE\"\/>\n                <\/a>\n            \n                    <\/figure>\n    <\/div>\n\t\t<\/div>\n\t\t\t\t<\/div>\n\t\t\t\t<\/div>\n\t\t\t\t\t<\/div>\n\t\t\t\t<\/div>\n\t\t\t\t<\/div>\n\t\t","protected":false},"excerpt":{"rendered":"<p>Vous \u00eates un professionnel du secteur \u00e9conomique (entreprise, artisan, commer\u00e7ant, collectivit\u00e9\u2026.), et vous accueillez ou embauchez un jeune ? Vous \u00eates un professionnel du secteur de la formation, de l\u2019enseignement, de l\u2019orientation, de l\u2019insertion\u2026. et vous accueillez des jeunes ? Des r\u00e9ponses logement adapt\u00e9es Le CLLAJ apporte des r\u00e9ponses sur le logement et les aides [&hellip;]<\/p>\n","protected":false},"author":11,"featured_media":0,"parent":0,"menu_order":0,"comment_status":"closed","ping_status":"closed","template":"","meta":{"_acf_changed":false,"_crosspost_to_1":false,"_crosspost_to_2":false,"_crosspost_to_3":false,"_crosspost_to_4":false,"_crosspost_to_5":false,"_crosspost_to_6":false,"_crosspost_to_7":false,"_crosspost_to_8":false,"_crosspost_to_12":false,"_crosspost_to_13":false,"_crosspost_to_14":false,"_crosspost_to_15":false,"_crosspost_to_16":false,"inline_featured_image":false,"footnotes":""},"acf":[],"yoast_head":"<!-- This site is optimized with the Yoast SEO plugin v21.9.1 - https:\/\/yoast.com\/wordpress\/plugins\/seo\/ -->\n<title>Le logement pour les entreprises \/ OF - MISSION LOCALE PAYS DE CAUX - VALLEE DE SEINE<\/title>\n<meta name=\"robots\" content=\"index, follow, max-snippet:-1, max-image-preview:large, max-video-preview:-1\" \/>\n<link rel=\"canonical\" href=\"https:\/\/www.missionslocalesnormandie.fr\/mission-locale-pays-caux-vallee-seine\/le-logement-pour-les-entreprises\/\" \/>\n<meta property=\"og:locale\" content=\"fr_FR\" \/>\n<meta property=\"og:type\" content=\"article\" \/>\n<meta property=\"og:title\" content=\"Le logement pour les entreprises \/ OF - MISSION LOCALE PAYS DE CAUX - VALLEE DE SEINE\" \/>\n<meta property=\"og:description\" content=\"Vous \u00eates un professionnel du secteur \u00e9conomique (entreprise, artisan, commer\u00e7ant, collectivit\u00e9\u2026.), et vous accueillez ou embauchez un jeune ? Vous \u00eates un professionnel du secteur de la formation, de l\u2019enseignement, de l\u2019orientation, de l\u2019insertion\u2026. et vous accueillez des jeunes ? Des r\u00e9ponses logement adapt\u00e9es Le CLLAJ apporte des r\u00e9ponses sur le logement et les aides [&hellip;]\" \/>\n<meta property=\"og:url\" content=\"https:\/\/www.missionslocalesnormandie.fr\/mission-locale-pays-caux-vallee-seine\/le-logement-pour-les-entreprises\/\" \/>\n<meta property=\"og:site_name\" content=\"MISSION LOCALE PAYS DE CAUX - VALLEE DE SEINE\" \/>\n<meta property=\"article:modified_time\" content=\"2024-03-28T11:26:11+00:00\" \/>\n<meta property=\"og:image\" content=\"https:\/\/www.missionslocalesnormandie.fr\/content\/uploads\/sites\/11\/2024\/03\/logement-entreprise-950x595-c-default.png\" \/>\n<meta name=\"twitter:card\" content=\"summary_large_image\" \/>\n<meta name=\"twitter:label1\" content=\"Dur\u00e9e de lecture estim\u00e9e\" \/>\n\t<meta name=\"twitter:data1\" content=\"1 minute\" \/>\n<script type=\"application\/ld+json\" class=\"yoast-schema-graph\">{\"@context\":\"https:\/\/schema.org\",\"@graph\":[{\"@type\":\"WebPage\",\"@id\":\"https:\/\/www.missionslocalesnormandie.fr\/mission-locale-pays-caux-vallee-seine\/le-logement-pour-les-entreprises\/\",\"url\":\"https:\/\/www.missionslocalesnormandie.fr\/mission-locale-pays-caux-vallee-seine\/le-logement-pour-les-entreprises\/\",\"name\":\"Le logement pour les entreprises \/ OF - MISSION LOCALE PAYS DE CAUX - VALLEE DE SEINE\",\"isPartOf\":{\"@id\":\"https:\/\/www.missionslocalesnormandie.fr\/mission-locale-pays-caux-vallee-seine\/#website\"},\"datePublished\":\"2024-03-12T11:44:55+00:00\",\"dateModified\":\"2024-03-28T11:26:11+00:00\",\"breadcrumb\":{\"@id\":\"https:\/\/www.missionslocalesnormandie.fr\/mission-locale-pays-caux-vallee-seine\/le-logement-pour-les-entreprises\/#breadcrumb\"},\"inLanguage\":\"fr-FR\",\"potentialAction\":[{\"@type\":\"ReadAction\",\"target\":[\"https:\/\/www.missionslocalesnormandie.fr\/mission-locale-pays-caux-vallee-seine\/le-logement-pour-les-entreprises\/\"]}]},{\"@type\":\"BreadcrumbList\",\"@id\":\"https:\/\/www.missionslocalesnormandie.fr\/mission-locale-pays-caux-vallee-seine\/le-logement-pour-les-entreprises\/#breadcrumb\",\"itemListElement\":[{\"@type\":\"ListItem\",\"position\":1,\"name\":\"Home\",\"item\":\"https:\/\/www.missionslocalesnormandie.fr\/mission-locale-pays-caux-vallee-seine\/\"},{\"@type\":\"ListItem\",\"position\":2,\"name\":\"Le logement pour les entreprises \/ OF\"}]},{\"@type\":\"WebSite\",\"@id\":\"https:\/\/www.missionslocalesnormandie.fr\/mission-locale-pays-caux-vallee-seine\/#website\",\"url\":\"https:\/\/www.missionslocalesnormandie.fr\/mission-locale-pays-caux-vallee-seine\/\",\"name\":\"MISSION LOCALE PAYS DE CAUX - VALLEE DE SEINE\",\"description\":\"\",\"potentialAction\":[{\"@type\":\"SearchAction\",\"target\":{\"@type\":\"EntryPoint\",\"urlTemplate\":\"https:\/\/www.missionslocalesnormandie.fr\/mission-locale-pays-caux-vallee-seine\/?s={search_term_string}\"},\"query-input\":\"required name=search_term_string\"}],\"inLanguage\":\"fr-FR\"}]}<\/script>\n<!-- \/ Yoast SEO plugin. -->","yoast_head_json":{"title":"Le logement pour les entreprises \/ OF - MISSION LOCALE PAYS DE CAUX - VALLEE DE SEINE","robots":{"index":"index","follow":"follow","max-snippet":"max-snippet:-1","max-image-preview":"max-image-preview:large","max-video-preview":"max-video-preview:-1"},"canonical":"https:\/\/www.missionslocalesnormandie.fr\/mission-locale-pays-caux-vallee-seine\/le-logement-pour-les-entreprises\/","og_locale":"fr_FR","og_type":"article","og_title":"Le logement pour les entreprises \/ OF - MISSION LOCALE PAYS DE CAUX - VALLEE DE SEINE","og_description":"Vous \u00eates un professionnel du secteur \u00e9conomique (entreprise, artisan, commer\u00e7ant, collectivit\u00e9\u2026.), et vous accueillez ou embauchez un jeune ? Vous \u00eates un professionnel du secteur de la formation, de l\u2019enseignement, de l\u2019orientation, de l\u2019insertion\u2026. et vous accueillez des jeunes ? Des r\u00e9ponses logement adapt\u00e9es Le CLLAJ apporte des r\u00e9ponses sur le logement et les aides [&hellip;]","og_url":"https:\/\/www.missionslocalesnormandie.fr\/mission-locale-pays-caux-vallee-seine\/le-logement-pour-les-entreprises\/","og_site_name":"MISSION LOCALE PAYS DE CAUX - VALLEE DE SEINE","article_modified_time":"2024-03-28T11:26:11+00:00","og_image":[{"url":"https:\/\/www.missionslocalesnormandie.fr\/content\/uploads\/sites\/11\/2024\/03\/logement-entreprise-950x595-c-default.png"}],"twitter_card":"summary_large_image","twitter_misc":{"Dur\u00e9e de lecture estim\u00e9e":"1 minute"},"schema":{"@context":"https:\/\/schema.org","@graph":[{"@type":"WebPage","@id":"https:\/\/www.missionslocalesnormandie.fr\/mission-locale-pays-caux-vallee-seine\/le-logement-pour-les-entreprises\/","url":"https:\/\/www.missionslocalesnormandie.fr\/mission-locale-pays-caux-vallee-seine\/le-logement-pour-les-entreprises\/","name":"Le logement pour les entreprises \/ OF - MISSION LOCALE PAYS DE CAUX - VALLEE DE SEINE","isPartOf":{"@id":"https:\/\/www.missionslocalesnormandie.fr\/mission-locale-pays-caux-vallee-seine\/#website"},"datePublished":"2024-03-12T11:44:55+00:00","dateModified":"2024-03-28T11:26:11+00:00","breadcrumb":{"@id":"https:\/\/www.missionslocalesnormandie.fr\/mission-locale-pays-caux-vallee-seine\/le-logement-pour-les-entreprises\/#breadcrumb"},"inLanguage":"fr-FR","potentialAction":[{"@type":"ReadAction","target":["https:\/\/www.missionslocalesnormandie.fr\/mission-locale-pays-caux-vallee-seine\/le-logement-pour-les-entreprises\/"]}]},{"@type":"BreadcrumbList","@id":"https:\/\/www.missionslocalesnormandie.fr\/mission-locale-pays-caux-vallee-seine\/le-logement-pour-les-entreprises\/#breadcrumb","itemListElement":[{"@type":"ListItem","position":1,"name":"Home","item":"https:\/\/www.missionslocalesnormandie.fr\/mission-locale-pays-caux-vallee-seine\/"},{"@type":"ListItem","position":2,"name":"Le logement pour les entreprises \/ OF"}]},{"@type":"WebSite","@id":"https:\/\/www.missionslocalesnormandie.fr\/mission-locale-pays-caux-vallee-seine\/#website","url":"https:\/\/www.missionslocalesnormandie.fr\/mission-locale-pays-caux-vallee-seine\/","name":"MISSION LOCALE PAYS DE CAUX - VALLEE DE SEINE","description":"","potentialAction":[{"@type":"SearchAction","target":{"@type":"EntryPoint","urlTemplate":"https:\/\/www.missionslocalesnormandie.fr\/mission-locale-pays-caux-vallee-seine\/?s={search_term_string}"},"query-input":"required name=search_term_string"}],"inLanguage":"fr-FR"}]}},"_links":{"self":[{"href":"https:\/\/www.missionslocalesnormandie.fr\/mission-locale-pays-caux-vallee-seine\/wp-json\/wp\/v2\/pages\/409"}],"collection":[{"href":"https:\/\/www.missionslocalesnormandie.fr\/mission-locale-pays-caux-vallee-seine\/wp-json\/wp\/v2\/pages"}],"about":[{"href":"https:\/\/www.missionslocalesnormandie.fr\/mission-locale-pays-caux-vallee-seine\/wp-json\/wp\/v2\/types\/page"}],"author":[{"embeddable":true,"href":"https:\/\/www.missionslocalesnormandie.fr\/mission-locale-pays-caux-vallee-seine\/wp-json\/wp\/v2\/users\/11"}],"replies":[{"embeddable":true,"href":"https:\/\/www.missionslocalesnormandie.fr\/mission-locale-pays-caux-vallee-seine\/wp-json\/wp\/v2\/comments?post=409"}],"version-history":[{"count":23,"href":"https:\/\/www.missionslocalesnormandie.fr\/mission-locale-pays-caux-vallee-seine\/wp-json\/wp\/v2\/pages\/409\/revisions"}],"predecessor-version":[{"id":1385,"href":"https:\/\/www.missionslocalesnormandie.fr\/mission-locale-pays-caux-vallee-seine\/wp-json\/wp\/v2\/pages\/409\/revisions\/1385"}],"wp:attachment":[{"href":"https:\/\/www.missionslocalesnormandie.fr\/mission-locale-pays-caux-vallee-seine\/wp-json\/wp\/v2\/media?parent=409"}],"curies":[{"name":"wp","href":"https:\/\/api.w.org\/{rel}","templated":true}]}}