{"id":411,"date":"2024-03-12T12:45:03","date_gmt":"2024-03-12T11:45:03","guid":{"rendered":"https:\/\/www.missionslocalesnormandie.fr\/mission-locale-pays-caux-vallee-seine\/?page_id=411"},"modified":"2025-02-06T17:23:24","modified_gmt":"2025-02-06T16:23:24","slug":"nous-contacter-vae","status":"publish","type":"page","link":"https:\/\/www.missionslocalesnormandie.fr\/mission-locale-pays-caux-vallee-seine\/vae\/nous-contacter-vae\/","title":{"rendered":"Nous contacter"},"content":{"rendered":"\t\t<div data-elementor-type=\"wp-page\" data-elementor-id=\"411\" class=\"elementor elementor-411\">\n\t\t\t\t<div class=\"elementor-element elementor-element-36eb0c3 e-flex e-con-boxed e-con e-parent\" data-id=\"36eb0c3\" data-element_type=\"container\">\n\t\t\t\t\t<div class=\"e-con-inner\">\n\t\t<div class=\"elementor-element elementor-element-945d95e e-con-full e-flex e-con e-child\" data-id=\"945d95e\" data-element_type=\"container\">\n\t\t\t\t<div class=\"elementor-element elementor-element-f1dc915 elementor-widget elementor-widget-block_titre\" data-id=\"f1dc915\" data-element_type=\"widget\" data-widget_type=\"block_titre.default\">\n\t\t\t\t<div class=\"elementor-widget-container\">\n\t\t\t    <div class=\"container\">\n        <h2>\n            Contact\n        <\/h2>\n    <\/div>\n\t\t<\/div>\n\t\t\t\t<\/div>\n\t\t\t\t<div class=\"elementor-element elementor-element-540dd2c elementor-widget elementor-widget-block_simple_texte\" data-id=\"540dd2c\" data-element_type=\"widget\" data-widget_type=\"block_simple_texte.default\">\n\t\t\t\t<div class=\"elementor-widget-container\">\n\t\t\t    <div class=\"container\">\n        <p><span style=\"font-size: 14pt\">LEROUX Samuel<\/span><\/p><p>\u00a0<\/p>\n    <\/div>\n\t\t<\/div>\n\t\t\t\t<\/div>\n\t\t\t\t<div class=\"elementor-element elementor-element-5df66cb elementor-widget elementor-widget-block_titre\" data-id=\"5df66cb\" data-element_type=\"widget\" data-widget_type=\"block_titre.default\">\n\t\t\t\t<div class=\"elementor-widget-container\">\n\t\t\t    <div class=\"container\">\n        <h2>\n            Par t\u00e9l\u00e9phone\n        <\/h2>\n    <\/div>\n\t\t<\/div>\n\t\t\t\t<\/div>\n\t\t\t\t<div class=\"elementor-element elementor-element-a26055e elementor-widget elementor-widget-block_simple_texte\" data-id=\"a26055e\" data-element_type=\"widget\" data-widget_type=\"block_simple_texte.default\">\n\t\t\t\t<div class=\"elementor-widget-container\">\n\t\t\t    <div class=\"container\">\n        <p><strong><span style=\"font-size: 14pt\">02 35 38 19 89<\/span><\/strong><\/p>\n    <\/div>\n\t\t<\/div>\n\t\t\t\t<\/div>\n\t\t\t\t<\/div>\n\t\t<div class=\"elementor-element elementor-element-ae879c1 e-con-full e-flex e-con e-child\" data-id=\"ae879c1\" data-element_type=\"container\">\n\t\t\t\t<div class=\"elementor-element elementor-element-8994f2b elementor-widget elementor-widget-block_titre\" data-id=\"8994f2b\" data-element_type=\"widget\" data-widget_type=\"block_titre.default\">\n\t\t\t\t<div class=\"elementor-widget-container\">\n\t\t\t    <div class=\"container\">\n        <h2>\n            Par mail \n        <\/h2>\n    <\/div>\n\t\t<\/div>\n\t\t\t\t<\/div>\n\t\t\t\t<div class=\"elementor-element elementor-element-e45c36f elementor-widget elementor-widget-block_simple_texte\" data-id=\"e45c36f\" data-element_type=\"widget\" data-widget_type=\"block_simple_texte.default\">\n\t\t\t\t<div class=\"elementor-widget-container\">\n\t\t\t    <div class=\"container\">\n        <p><a href=\"pointvae@ml-lillebonnecauxseine.fr\">pointvae@ml-lillebonnecauxseine.fr<\/a><\/p>\n    <\/div>\n\t\t<\/div>\n\t\t\t\t<\/div>\n\t\t\t\t<div class=\"elementor-element elementor-element-a884474 elementor-widget elementor-widget-block_titre\" data-id=\"a884474\" data-element_type=\"widget\" data-widget_type=\"block_titre.default\">\n\t\t\t\t<div class=\"elementor-widget-container\">\n\t\t\t    <div class=\"container\">\n        <h2>\n            Par courrier \n        <\/h2>\n    <\/div>\n\t\t<\/div>\n\t\t\t\t<\/div>\n\t\t\t\t<div class=\"elementor-element elementor-element-6af0ea6 elementor-widget elementor-widget-block_simple_texte\" data-id=\"6af0ea6\" data-element_type=\"widget\" data-widget_type=\"block_simple_texte.default\">\n\t\t\t\t<div class=\"elementor-widget-container\">\n\t\t\t    <div class=\"container\">\n        <p>Mission Locale Pays de Caux Vall\u00e9e de Seine<\/p><p>2 rue du Manoir<\/p><p>Maison des Comp\u00e9tences<\/p><p>76170 Lillebonne<\/p>\n    <\/div>\n\t\t<\/div>\n\t\t\t\t<\/div>\n\t\t\t\t<\/div>\n\t\t\t\t\t<\/div>\n\t\t\t\t<\/div>\n\t\t\t\t<\/div>\n\t\t","protected":false},"excerpt":{"rendered":"<p>Contact LEROUX Samuel \u00a0 Par t\u00e9l\u00e9phone 02 35 38 19 89 Par mail pointvae@ml-lillebonnecauxseine.fr Par courrier Mission Locale Pays de Caux Vall\u00e9e de Seine 2 rue du Manoir Maison des Comp\u00e9tences 76170 Lillebonne<\/p>\n","protected":false},"author":11,"featured_media":0,"parent":346,"menu_order":0,"comment_status":"closed","ping_status":"closed","template":"","meta":{"_acf_changed":false,"_crosspost_to_1":false,"_crosspost_to_2":false,"_crosspost_to_3":false,"_crosspost_to_4":false,"_crosspost_to_5":false,"_crosspost_to_6":false,"_crosspost_to_7":false,"_crosspost_to_8":false,"_crosspost_to_12":false,"_crosspost_to_13":false,"_crosspost_to_14":false,"_crosspost_to_15":false,"_crosspost_to_16":false,"inline_featured_image":false,"footnotes":""},"acf":[],"yoast_head":"<!-- This site is optimized with the Yoast SEO plugin v21.9.1 - https:\/\/yoast.com\/wordpress\/plugins\/seo\/ -->\n<title>Nous contacter - MISSION LOCALE PAYS DE CAUX - VALLEE DE SEINE<\/title>\n<meta name=\"robots\" content=\"index, follow, max-snippet:-1, max-image-preview:large, max-video-preview:-1\" \/>\n<link rel=\"canonical\" href=\"https:\/\/www.missionslocalesnormandie.fr\/mission-locale-pays-caux-vallee-seine\/vae\/nous-contacter-vae\/\" \/>\n<meta property=\"og:locale\" content=\"fr_FR\" \/>\n<meta property=\"og:type\" content=\"article\" \/>\n<meta property=\"og:title\" content=\"Nous contacter - MISSION LOCALE PAYS DE CAUX - VALLEE DE SEINE\" \/>\n<meta property=\"og:description\" content=\"Contact LEROUX Samuel \u00a0 Par t\u00e9l\u00e9phone 02 35 38 19 89 Par mail pointvae@ml-lillebonnecauxseine.fr Par courrier Mission Locale Pays de Caux Vall\u00e9e de Seine 2 rue du Manoir Maison des Comp\u00e9tences 76170 Lillebonne\" \/>\n<meta property=\"og:url\" content=\"https:\/\/www.missionslocalesnormandie.fr\/mission-locale-pays-caux-vallee-seine\/vae\/nous-contacter-vae\/\" \/>\n<meta property=\"og:site_name\" content=\"MISSION LOCALE PAYS DE CAUX - VALLEE DE SEINE\" \/>\n<meta property=\"article:modified_time\" content=\"2025-02-06T16:23:24+00:00\" \/>\n<meta name=\"twitter:card\" content=\"summary_large_image\" \/>\n<meta name=\"twitter:label1\" content=\"Dur\u00e9e de lecture estim\u00e9e\" \/>\n\t<meta name=\"twitter:data1\" content=\"1 minute\" \/>\n<script type=\"application\/ld+json\" class=\"yoast-schema-graph\">{\"@context\":\"https:\/\/schema.org\",\"@graph\":[{\"@type\":\"WebPage\",\"@id\":\"https:\/\/www.missionslocalesnormandie.fr\/mission-locale-pays-caux-vallee-seine\/vae\/nous-contacter-vae\/\",\"url\":\"https:\/\/www.missionslocalesnormandie.fr\/mission-locale-pays-caux-vallee-seine\/vae\/nous-contacter-vae\/\",\"name\":\"Nous contacter - MISSION LOCALE PAYS DE CAUX - VALLEE DE SEINE\",\"isPartOf\":{\"@id\":\"https:\/\/www.missionslocalesnormandie.fr\/mission-locale-pays-caux-vallee-seine\/#website\"},\"datePublished\":\"2024-03-12T11:45:03+00:00\",\"dateModified\":\"2025-02-06T16:23:24+00:00\",\"breadcrumb\":{\"@id\":\"https:\/\/www.missionslocalesnormandie.fr\/mission-locale-pays-caux-vallee-seine\/vae\/nous-contacter-vae\/#breadcrumb\"},\"inLanguage\":\"fr-FR\",\"potentialAction\":[{\"@type\":\"ReadAction\",\"target\":[\"https:\/\/www.missionslocalesnormandie.fr\/mission-locale-pays-caux-vallee-seine\/vae\/nous-contacter-vae\/\"]}]},{\"@type\":\"BreadcrumbList\",\"@id\":\"https:\/\/www.missionslocalesnormandie.fr\/mission-locale-pays-caux-vallee-seine\/vae\/nous-contacter-vae\/#breadcrumb\",\"itemListElement\":[{\"@type\":\"ListItem\",\"position\":1,\"name\":\"Home\",\"item\":\"https:\/\/www.missionslocalesnormandie.fr\/mission-locale-pays-caux-vallee-seine\/\"},{\"@type\":\"ListItem\",\"position\":2,\"name\":\"VAE\",\"item\":\"https:\/\/www.missionslocalesnormandie.fr\/mission-locale-pays-caux-vallee-seine\/vae\/\"},{\"@type\":\"ListItem\",\"position\":3,\"name\":\"Nous contacter\"}]},{\"@type\":\"WebSite\",\"@id\":\"https:\/\/www.missionslocalesnormandie.fr\/mission-locale-pays-caux-vallee-seine\/#website\",\"url\":\"https:\/\/www.missionslocalesnormandie.fr\/mission-locale-pays-caux-vallee-seine\/\",\"name\":\"MISSION LOCALE PAYS DE CAUX - VALLEE DE SEINE\",\"description\":\"\",\"potentialAction\":[{\"@type\":\"SearchAction\",\"target\":{\"@type\":\"EntryPoint\",\"urlTemplate\":\"https:\/\/www.missionslocalesnormandie.fr\/mission-locale-pays-caux-vallee-seine\/?s={search_term_string}\"},\"query-input\":\"required name=search_term_string\"}],\"inLanguage\":\"fr-FR\"}]}<\/script>\n<!-- \/ Yoast SEO plugin. -->","yoast_head_json":{"title":"Nous contacter - MISSION LOCALE PAYS DE CAUX - VALLEE DE SEINE","robots":{"index":"index","follow":"follow","max-snippet":"max-snippet:-1","max-image-preview":"max-image-preview:large","max-video-preview":"max-video-preview:-1"},"canonical":"https:\/\/www.missionslocalesnormandie.fr\/mission-locale-pays-caux-vallee-seine\/vae\/nous-contacter-vae\/","og_locale":"fr_FR","og_type":"article","og_title":"Nous contacter - MISSION LOCALE PAYS DE CAUX - VALLEE DE SEINE","og_description":"Contact LEROUX Samuel \u00a0 Par t\u00e9l\u00e9phone 02 35 38 19 89 Par mail pointvae@ml-lillebonnecauxseine.fr Par courrier Mission Locale Pays de Caux Vall\u00e9e de Seine 2 rue du Manoir Maison des Comp\u00e9tences 76170 Lillebonne","og_url":"https:\/\/www.missionslocalesnormandie.fr\/mission-locale-pays-caux-vallee-seine\/vae\/nous-contacter-vae\/","og_site_name":"MISSION LOCALE PAYS DE CAUX - VALLEE DE SEINE","article_modified_time":"2025-02-06T16:23:24+00:00","twitter_card":"summary_large_image","twitter_misc":{"Dur\u00e9e de lecture estim\u00e9e":"1 minute"},"schema":{"@context":"https:\/\/schema.org","@graph":[{"@type":"WebPage","@id":"https:\/\/www.missionslocalesnormandie.fr\/mission-locale-pays-caux-vallee-seine\/vae\/nous-contacter-vae\/","url":"https:\/\/www.missionslocalesnormandie.fr\/mission-locale-pays-caux-vallee-seine\/vae\/nous-contacter-vae\/","name":"Nous contacter - MISSION LOCALE PAYS DE CAUX - VALLEE DE SEINE","isPartOf":{"@id":"https:\/\/www.missionslocalesnormandie.fr\/mission-locale-pays-caux-vallee-seine\/#website"},"datePublished":"2024-03-12T11:45:03+00:00","dateModified":"2025-02-06T16:23:24+00:00","breadcrumb":{"@id":"https:\/\/www.missionslocalesnormandie.fr\/mission-locale-pays-caux-vallee-seine\/vae\/nous-contacter-vae\/#breadcrumb"},"inLanguage":"fr-FR","potentialAction":[{"@type":"ReadAction","target":["https:\/\/www.missionslocalesnormandie.fr\/mission-locale-pays-caux-vallee-seine\/vae\/nous-contacter-vae\/"]}]},{"@type":"BreadcrumbList","@id":"https:\/\/www.missionslocalesnormandie.fr\/mission-locale-pays-caux-vallee-seine\/vae\/nous-contacter-vae\/#breadcrumb","itemListElement":[{"@type":"ListItem","position":1,"name":"Home","item":"https:\/\/www.missionslocalesnormandie.fr\/mission-locale-pays-caux-vallee-seine\/"},{"@type":"ListItem","position":2,"name":"VAE","item":"https:\/\/www.missionslocalesnormandie.fr\/mission-locale-pays-caux-vallee-seine\/vae\/"},{"@type":"ListItem","position":3,"name":"Nous contacter"}]},{"@type":"WebSite","@id":"https:\/\/www.missionslocalesnormandie.fr\/mission-locale-pays-caux-vallee-seine\/#website","url":"https:\/\/www.missionslocalesnormandie.fr\/mission-locale-pays-caux-vallee-seine\/","name":"MISSION LOCALE PAYS DE CAUX - VALLEE DE SEINE","description":"","potentialAction":[{"@type":"SearchAction","target":{"@type":"EntryPoint","urlTemplate":"https:\/\/www.missionslocalesnormandie.fr\/mission-locale-pays-caux-vallee-seine\/?s={search_term_string}"},"query-input":"required name=search_term_string"}],"inLanguage":"fr-FR"}]}},"_links":{"self":[{"href":"https:\/\/www.missionslocalesnormandie.fr\/mission-locale-pays-caux-vallee-seine\/wp-json\/wp\/v2\/pages\/411"}],"collection":[{"href":"https:\/\/www.missionslocalesnormandie.fr\/mission-locale-pays-caux-vallee-seine\/wp-json\/wp\/v2\/pages"}],"about":[{"href":"https:\/\/www.missionslocalesnormandie.fr\/mission-locale-pays-caux-vallee-seine\/wp-json\/wp\/v2\/types\/page"}],"author":[{"embeddable":true,"href":"https:\/\/www.missionslocalesnormandie.fr\/mission-locale-pays-caux-vallee-seine\/wp-json\/wp\/v2\/users\/11"}],"replies":[{"embeddable":true,"href":"https:\/\/www.missionslocalesnormandie.fr\/mission-locale-pays-caux-vallee-seine\/wp-json\/wp\/v2\/comments?post=411"}],"version-history":[{"count":11,"href":"https:\/\/www.missionslocalesnormandie.fr\/mission-locale-pays-caux-vallee-seine\/wp-json\/wp\/v2\/pages\/411\/revisions"}],"predecessor-version":[{"id":1943,"href":"https:\/\/www.missionslocalesnormandie.fr\/mission-locale-pays-caux-vallee-seine\/wp-json\/wp\/v2\/pages\/411\/revisions\/1943"}],"up":[{"embeddable":true,"href":"https:\/\/www.missionslocalesnormandie.fr\/mission-locale-pays-caux-vallee-seine\/wp-json\/wp\/v2\/pages\/346"}],"wp:attachment":[{"href":"https:\/\/www.missionslocalesnormandie.fr\/mission-locale-pays-caux-vallee-seine\/wp-json\/wp\/v2\/media?parent=411"}],"curies":[{"name":"wp","href":"https:\/\/api.w.org\/{rel}","templated":true}]}}