{"id":418,"date":"2024-03-12T12:46:42","date_gmt":"2024-03-12T11:46:42","guid":{"rendered":"https:\/\/www.missionslocalesnormandie.fr\/mission-locale-pays-caux-vallee-seine\/?page_id=418"},"modified":"2025-02-06T17:16:07","modified_gmt":"2025-02-06T16:16:07","slug":"quest-ce-que-la-vae","status":"publish","type":"page","link":"https:\/\/www.missionslocalesnormandie.fr\/mission-locale-pays-caux-vallee-seine\/quest-ce-que-la-vae\/","title":{"rendered":"Qu&#8217;est ce que la VAE ?"},"content":{"rendered":"\t\t<div data-elementor-type=\"wp-page\" data-elementor-id=\"418\" class=\"elementor elementor-418\">\n\t\t\t\t<div class=\"elementor-element elementor-element-ed121a9 e-flex e-con-boxed e-con e-parent\" data-id=\"ed121a9\" data-element_type=\"container\">\n\t\t\t\t\t<div class=\"e-con-inner\">\n\t\t<div class=\"elementor-element elementor-element-b6187cd e-con-full e-flex e-con e-child\" data-id=\"b6187cd\" data-element_type=\"container\">\n\t\t\t\t<div class=\"elementor-element elementor-element-af1ec5a elementor-widget elementor-widget-block_titre\" data-id=\"af1ec5a\" data-element_type=\"widget\" data-widget_type=\"block_titre.default\">\n\t\t\t\t<div class=\"elementor-widget-container\">\n\t\t\t    <div class=\"container\">\n        <h2>\n            D\u00e9finition\n        <\/h2>\n    <\/div>\n\t\t<\/div>\n\t\t\t\t<\/div>\n\t\t\t\t<div class=\"elementor-element elementor-element-e548a81 elementor-widget elementor-widget-block_simple_texte\" data-id=\"e548a81\" data-element_type=\"widget\" data-widget_type=\"block_simple_texte.default\">\n\t\t\t\t<div class=\"elementor-widget-container\">\n\t\t\t    <div class=\"container\">\n        <ul><li><span style=\"font-size: 14pt\">La VAE est un dispositif qui permet de faire reconna\u00eetre son exp\u00e9rience professionnelle ou b\u00e9n\u00e9vole afin d'obtenir un dipl\u00f4me, un titre professionnel ou une certification sans avoir \u00e0 suivre de formation. <b>La loi du 21 d\u00e9cembre 2022 <\/b>pr\u00e9cise bien que toutes les exp\u00e9riences sont d\u00e9sormais prises en compte pour effectuer une VAE, notamment les p\u00e9riodes de mise en situation professionnelle (PMSMP), exclues jusqu'ici.<\/span><\/li><li><span style=\"font-size: 14pt\">De m\u00eame, alors qu'il fallait un an d'exp\u00e9rience minimum pour pr\u00e9tendre au dispositif, la r\u00e9forme de la VAE supprime cette contrainte temporelle. Autre nouveaut\u00e9 : la possibilit\u00e9 de valider un ou plusieurs blocs de comp\u00e9tences au lieu de viser essentiellement la validation totale d'un dipl\u00f4me.<\/span><\/li><li><span style=\"font-size: 14pt\">Ces changements vont donc pouvoir contribuer \u00e0 rendre la Validation des Acquis de l'Exp\u00e9rience \u00e9ligible \u00e0 un public beaucoup plus large qu'auparavant. On parle d'ailleurs d'acc\u00e8s universel \u00e0 la VAE.<\/span><\/li><\/ul>\n    <\/div>\n\t\t<\/div>\n\t\t\t\t<\/div>\n\t\t\t\t<div class=\"elementor-element elementor-element-e0271b9 elementor-widget elementor-widget-block_titre\" data-id=\"e0271b9\" data-element_type=\"widget\" data-widget_type=\"block_titre.default\">\n\t\t\t\t<div class=\"elementor-widget-container\">\n\t\t\t    <div class=\"container\">\n        <h2>\n            A qui s'adresse la VAE ?\n        <\/h2>\n    <\/div>\n\t\t<\/div>\n\t\t\t\t<\/div>\n\t\t\t\t<div class=\"elementor-element elementor-element-a7172fc elementor-widget elementor-widget-block_simple_texte\" data-id=\"a7172fc\" data-element_type=\"widget\" data-widget_type=\"block_simple_texte.default\">\n\t\t\t\t<div class=\"elementor-widget-container\">\n\t\t\t    <div class=\"container\">\n        <p><span style=\"font-size: 14pt\">La VAE est accessible \u00e0 tous, il n'existe pas de crit\u00e8re d'\u00e2ge, de statut (salari\u00e9, demandeur d'emploi, int\u00e9rimaire, fonctionnaire, autoentrepreneur, etc.) ou de niveau de formation. Toute personne peut ainsi effectuer une VAE dans le but de transformer son exp\u00e9rience en dipl\u00f4me, en titre professionnel ou en certificat de qualification professionnelle.<\/span><\/p>\n    <\/div>\n\t\t<\/div>\n\t\t\t\t<\/div>\n\t\t\t\t<\/div>\n\t\t<div class=\"elementor-element elementor-element-33986a3 e-con-full e-flex e-con e-child\" data-id=\"33986a3\" data-element_type=\"container\">\n\t\t\t\t<div class=\"elementor-element elementor-element-2252060 elementor-widget elementor-widget-block_simple_embed\" data-id=\"2252060\" data-element_type=\"widget\" data-widget_type=\"block_simple_embed.default\">\n\t\t\t\t<div class=\"elementor-widget-container\">\n\t\t\t<div class=\"container\">\n    <div class=\"embed-wrapper ratio ratio-16x9 my-4\">\n                <iframe src=\"https:\/\/www.youtube.com\/embed\/wo1Ky96uPQM\"\n                allowfullscreen><\/iframe>\n            <\/div>\n<\/div>\t\t<\/div>\n\t\t\t\t<\/div>\n\t\t\t\t<div class=\"elementor-element elementor-element-dcfd98e elementor-widget elementor-widget-block_simple_embed\" data-id=\"dcfd98e\" data-element_type=\"widget\" data-widget_type=\"block_simple_embed.default\">\n\t\t\t\t<div class=\"elementor-widget-container\">\n\t\t\t<div class=\"container\">\n    <div class=\"embed-wrapper ratio ratio-16x9 my-4\">\n                <iframe src=\"https:\/\/www.youtube.com\/embed\/r-9ITvBc2bQ\"\n                allowfullscreen><\/iframe>\n            <\/div>\n<\/div>\t\t<\/div>\n\t\t\t\t<\/div>\n\t\t\t\t<\/div>\n\t\t\t\t\t<\/div>\n\t\t\t\t<\/div>\n\t\t<div class=\"elementor-element elementor-element-4162edb e-flex e-con-boxed e-con e-parent\" data-id=\"4162edb\" data-element_type=\"container\">\n\t\t\t\t\t<div class=\"e-con-inner\">\n\t\t\t\t\t<\/div>\n\t\t\t\t<\/div>\n\t\t\t\t<\/div>\n\t\t","protected":false},"excerpt":{"rendered":"<p>D\u00e9finition La VAE est un dispositif qui permet de faire reconna\u00eetre son exp\u00e9rience professionnelle ou b\u00e9n\u00e9vole afin d&#8217;obtenir un dipl\u00f4me, un titre professionnel ou une certification sans avoir \u00e0 suivre de formation. La loi du 21 d\u00e9cembre 2022 pr\u00e9cise bien que toutes les exp\u00e9riences sont d\u00e9sormais prises en compte pour effectuer une VAE, notamment les [&hellip;]<\/p>\n","protected":false},"author":11,"featured_media":0,"parent":0,"menu_order":0,"comment_status":"closed","ping_status":"closed","template":"","meta":{"_acf_changed":false,"_crosspost_to_1":false,"_crosspost_to_2":false,"_crosspost_to_3":false,"_crosspost_to_4":false,"_crosspost_to_5":false,"_crosspost_to_6":false,"_crosspost_to_7":false,"_crosspost_to_8":false,"_crosspost_to_12":false,"_crosspost_to_13":false,"_crosspost_to_14":false,"_crosspost_to_15":false,"_crosspost_to_16":false,"inline_featured_image":false,"footnotes":""},"acf":[],"yoast_head":"<!-- This site is optimized with the Yoast SEO plugin v21.9.1 - https:\/\/yoast.com\/wordpress\/plugins\/seo\/ -->\n<title>Qu&#039;est ce que la VAE ? - MISSION LOCALE PAYS DE CAUX - VALLEE DE SEINE<\/title>\n<meta name=\"robots\" content=\"index, follow, max-snippet:-1, max-image-preview:large, max-video-preview:-1\" \/>\n<link rel=\"canonical\" href=\"https:\/\/www.missionslocalesnormandie.fr\/mission-locale-pays-caux-vallee-seine\/quest-ce-que-la-vae\/\" \/>\n<meta property=\"og:locale\" content=\"fr_FR\" \/>\n<meta property=\"og:type\" content=\"article\" \/>\n<meta property=\"og:title\" content=\"Qu&#039;est ce que la VAE ? - MISSION LOCALE PAYS DE CAUX - VALLEE DE SEINE\" \/>\n<meta property=\"og:description\" content=\"D\u00e9finition La VAE est un dispositif qui permet de faire reconna\u00eetre son exp\u00e9rience professionnelle ou b\u00e9n\u00e9vole afin d&#8217;obtenir un dipl\u00f4me, un titre professionnel ou une certification sans avoir \u00e0 suivre de formation. La loi du 21 d\u00e9cembre 2022 pr\u00e9cise bien que toutes les exp\u00e9riences sont d\u00e9sormais prises en compte pour effectuer une VAE, notamment les [&hellip;]\" \/>\n<meta property=\"og:url\" content=\"https:\/\/www.missionslocalesnormandie.fr\/mission-locale-pays-caux-vallee-seine\/quest-ce-que-la-vae\/\" \/>\n<meta property=\"og:site_name\" content=\"MISSION LOCALE PAYS DE CAUX - VALLEE DE SEINE\" \/>\n<meta property=\"article:modified_time\" content=\"2025-02-06T16:16:07+00:00\" \/>\n<meta name=\"twitter:card\" content=\"summary_large_image\" \/>\n<meta name=\"twitter:label1\" content=\"Dur\u00e9e de lecture estim\u00e9e\" \/>\n\t<meta name=\"twitter:data1\" content=\"1 minute\" \/>\n<script type=\"application\/ld+json\" class=\"yoast-schema-graph\">{\"@context\":\"https:\/\/schema.org\",\"@graph\":[{\"@type\":\"WebPage\",\"@id\":\"https:\/\/www.missionslocalesnormandie.fr\/mission-locale-pays-caux-vallee-seine\/quest-ce-que-la-vae\/\",\"url\":\"https:\/\/www.missionslocalesnormandie.fr\/mission-locale-pays-caux-vallee-seine\/quest-ce-que-la-vae\/\",\"name\":\"Qu'est ce que la VAE ? - MISSION LOCALE PAYS DE CAUX - VALLEE DE SEINE\",\"isPartOf\":{\"@id\":\"https:\/\/www.missionslocalesnormandie.fr\/mission-locale-pays-caux-vallee-seine\/#website\"},\"datePublished\":\"2024-03-12T11:46:42+00:00\",\"dateModified\":\"2025-02-06T16:16:07+00:00\",\"breadcrumb\":{\"@id\":\"https:\/\/www.missionslocalesnormandie.fr\/mission-locale-pays-caux-vallee-seine\/quest-ce-que-la-vae\/#breadcrumb\"},\"inLanguage\":\"fr-FR\",\"potentialAction\":[{\"@type\":\"ReadAction\",\"target\":[\"https:\/\/www.missionslocalesnormandie.fr\/mission-locale-pays-caux-vallee-seine\/quest-ce-que-la-vae\/\"]}]},{\"@type\":\"BreadcrumbList\",\"@id\":\"https:\/\/www.missionslocalesnormandie.fr\/mission-locale-pays-caux-vallee-seine\/quest-ce-que-la-vae\/#breadcrumb\",\"itemListElement\":[{\"@type\":\"ListItem\",\"position\":1,\"name\":\"Home\",\"item\":\"https:\/\/www.missionslocalesnormandie.fr\/mission-locale-pays-caux-vallee-seine\/\"},{\"@type\":\"ListItem\",\"position\":2,\"name\":\"Qu&rsquo;est ce que la VAE ?\"}]},{\"@type\":\"WebSite\",\"@id\":\"https:\/\/www.missionslocalesnormandie.fr\/mission-locale-pays-caux-vallee-seine\/#website\",\"url\":\"https:\/\/www.missionslocalesnormandie.fr\/mission-locale-pays-caux-vallee-seine\/\",\"name\":\"MISSION LOCALE PAYS DE CAUX - VALLEE DE SEINE\",\"description\":\"\",\"potentialAction\":[{\"@type\":\"SearchAction\",\"target\":{\"@type\":\"EntryPoint\",\"urlTemplate\":\"https:\/\/www.missionslocalesnormandie.fr\/mission-locale-pays-caux-vallee-seine\/?s={search_term_string}\"},\"query-input\":\"required name=search_term_string\"}],\"inLanguage\":\"fr-FR\"}]}<\/script>\n<!-- \/ Yoast SEO plugin. -->","yoast_head_json":{"title":"Qu'est ce que la VAE ? - MISSION LOCALE PAYS DE CAUX - VALLEE DE SEINE","robots":{"index":"index","follow":"follow","max-snippet":"max-snippet:-1","max-image-preview":"max-image-preview:large","max-video-preview":"max-video-preview:-1"},"canonical":"https:\/\/www.missionslocalesnormandie.fr\/mission-locale-pays-caux-vallee-seine\/quest-ce-que-la-vae\/","og_locale":"fr_FR","og_type":"article","og_title":"Qu'est ce que la VAE ? - MISSION LOCALE PAYS DE CAUX - VALLEE DE SEINE","og_description":"D\u00e9finition La VAE est un dispositif qui permet de faire reconna\u00eetre son exp\u00e9rience professionnelle ou b\u00e9n\u00e9vole afin d&#8217;obtenir un dipl\u00f4me, un titre professionnel ou une certification sans avoir \u00e0 suivre de formation. La loi du 21 d\u00e9cembre 2022 pr\u00e9cise bien que toutes les exp\u00e9riences sont d\u00e9sormais prises en compte pour effectuer une VAE, notamment les [&hellip;]","og_url":"https:\/\/www.missionslocalesnormandie.fr\/mission-locale-pays-caux-vallee-seine\/quest-ce-que-la-vae\/","og_site_name":"MISSION LOCALE PAYS DE CAUX - VALLEE DE SEINE","article_modified_time":"2025-02-06T16:16:07+00:00","twitter_card":"summary_large_image","twitter_misc":{"Dur\u00e9e de lecture estim\u00e9e":"1 minute"},"schema":{"@context":"https:\/\/schema.org","@graph":[{"@type":"WebPage","@id":"https:\/\/www.missionslocalesnormandie.fr\/mission-locale-pays-caux-vallee-seine\/quest-ce-que-la-vae\/","url":"https:\/\/www.missionslocalesnormandie.fr\/mission-locale-pays-caux-vallee-seine\/quest-ce-que-la-vae\/","name":"Qu'est ce que la VAE ? - MISSION LOCALE PAYS DE CAUX - VALLEE DE SEINE","isPartOf":{"@id":"https:\/\/www.missionslocalesnormandie.fr\/mission-locale-pays-caux-vallee-seine\/#website"},"datePublished":"2024-03-12T11:46:42+00:00","dateModified":"2025-02-06T16:16:07+00:00","breadcrumb":{"@id":"https:\/\/www.missionslocalesnormandie.fr\/mission-locale-pays-caux-vallee-seine\/quest-ce-que-la-vae\/#breadcrumb"},"inLanguage":"fr-FR","potentialAction":[{"@type":"ReadAction","target":["https:\/\/www.missionslocalesnormandie.fr\/mission-locale-pays-caux-vallee-seine\/quest-ce-que-la-vae\/"]}]},{"@type":"BreadcrumbList","@id":"https:\/\/www.missionslocalesnormandie.fr\/mission-locale-pays-caux-vallee-seine\/quest-ce-que-la-vae\/#breadcrumb","itemListElement":[{"@type":"ListItem","position":1,"name":"Home","item":"https:\/\/www.missionslocalesnormandie.fr\/mission-locale-pays-caux-vallee-seine\/"},{"@type":"ListItem","position":2,"name":"Qu&rsquo;est ce que la VAE ?"}]},{"@type":"WebSite","@id":"https:\/\/www.missionslocalesnormandie.fr\/mission-locale-pays-caux-vallee-seine\/#website","url":"https:\/\/www.missionslocalesnormandie.fr\/mission-locale-pays-caux-vallee-seine\/","name":"MISSION LOCALE PAYS DE CAUX - VALLEE DE SEINE","description":"","potentialAction":[{"@type":"SearchAction","target":{"@type":"EntryPoint","urlTemplate":"https:\/\/www.missionslocalesnormandie.fr\/mission-locale-pays-caux-vallee-seine\/?s={search_term_string}"},"query-input":"required name=search_term_string"}],"inLanguage":"fr-FR"}]}},"_links":{"self":[{"href":"https:\/\/www.missionslocalesnormandie.fr\/mission-locale-pays-caux-vallee-seine\/wp-json\/wp\/v2\/pages\/418"}],"collection":[{"href":"https:\/\/www.missionslocalesnormandie.fr\/mission-locale-pays-caux-vallee-seine\/wp-json\/wp\/v2\/pages"}],"about":[{"href":"https:\/\/www.missionslocalesnormandie.fr\/mission-locale-pays-caux-vallee-seine\/wp-json\/wp\/v2\/types\/page"}],"author":[{"embeddable":true,"href":"https:\/\/www.missionslocalesnormandie.fr\/mission-locale-pays-caux-vallee-seine\/wp-json\/wp\/v2\/users\/11"}],"replies":[{"embeddable":true,"href":"https:\/\/www.missionslocalesnormandie.fr\/mission-locale-pays-caux-vallee-seine\/wp-json\/wp\/v2\/comments?post=418"}],"version-history":[{"count":10,"href":"https:\/\/www.missionslocalesnormandie.fr\/mission-locale-pays-caux-vallee-seine\/wp-json\/wp\/v2\/pages\/418\/revisions"}],"predecessor-version":[{"id":1936,"href":"https:\/\/www.missionslocalesnormandie.fr\/mission-locale-pays-caux-vallee-seine\/wp-json\/wp\/v2\/pages\/418\/revisions\/1936"}],"wp:attachment":[{"href":"https:\/\/www.missionslocalesnormandie.fr\/mission-locale-pays-caux-vallee-seine\/wp-json\/wp\/v2\/media?parent=418"}],"curies":[{"name":"wp","href":"https:\/\/api.w.org\/{rel}","templated":true}]}}